{"id":8992,"date":"2020-02-27T17:57:51","date_gmt":"2020-02-27T16:57:51","guid":{"rendered":"https:\/\/nature-et-developpement.com\/logibio\/produit\/cartouches-de-rechange-pour-filtres-douche-hydropure-cidt\/"},"modified":"2026-04-13T19:50:58","modified_gmt":"2026-04-13T17:50:58","slug":"cartouches-de-rechange-pour-filtres-douche-hydropure-cidt","status":"publish","type":"product","link":"https:\/\/nature-et-developpement.com\/logibio\/produit\/cartouches-de-rechange-pour-filtres-douche-hydropure-cidt\/","title":{"rendered":"Cartouches de rechange pour filtres douche HYDROPURE"},"content":{"rendered":"<div style=\"text-align: justify\">\n<p>Cr\u00e9\u00e9e il y a plus de 20 ans et dirig\u00e9e depuis par un ing\u00e9nieur en G\u00e9nie Chimique, la soci\u00e9t\u00e9 CIDT est impliqu\u00e9e dans la recherche et le d\u00e9veloppement de solutions efficaces et \u00e9conomiques pour la filtration de l\u2019eau.<br \/>\nSes premi\u00e8res activit\u00e9s se sont concentr\u00e9es sur la conception et la r\u00e9alisation de syst\u00e8mes de traitement de l\u2019eau par osmose inverse destin\u00e9s aux particuliers et \u00e0 diff\u00e9rentes industries.<\/p>\n<p>En 1994, pour r\u00e9pondre \u00e0 une demande croissante de filtration plus \u00e9conomique, sont lanc\u00e9es la Cartouche Universelle rechargeable, adaptable \u00e0 tous les types de filtre-pichets, et les Recharges Universelles.<\/p>\n<p>Depuis, les recherches ont port\u00e9 sur les techniques les plus efficaces pour r\u00e9pondre aux probl\u00e9matiques graves du plomb, des r\u00e9sidus de m\u00e9dicaments, des organo-chlor\u00e9s, des pesticides, et des bact\u00e9ries dans l\u2019eau de consommation. La gamme des filtres \u00e0 eau HYDROPURE\u00ae Microfiltration en est l\u2019aboutissement.<\/p>\n<\/div>\n","protected":false},"excerpt":{"rendered":"<p>Des solutions efficaces et \u00e9conomiques pour la filtration de l\u2019eau. Cartouche \u00e0 base de charbon actif de coco et option c\u00e9ramique active 5%.<\/p>\n<p>Sans relarguage dans le temps des polluants filtr\u00e9s.<\/p>\n","protected":false},"featured_media":1000000156085,"template":"","meta":[],"product_brand":[2722],"product_cat":[2098],"product_tag":[4353],"class_list":{"0":"post-8992","1":"product","2":"type-product","3":"status-publish","4":"has-post-thumbnail","6":"product_brand-cidt","7":"product_cat-eau","8":"product_tag-cidt","9":"product_shipping_class-petit-equipement-outil-eclairage","11":"first","12":"instock","13":"taxable","14":"shipping-taxable","15":"purchasable","16":"product-type-variable"},"yoast_head":"<!-- This site is optimized with the Yoast SEO plugin v27.5 - https:\/\/yoast.com\/product\/yoast-seo-wordpress\/ -->\n<title>Cartouches de rechange pour filtres douche HYDROPURE<\/title>\n<meta name=\"description\" content=\"Des solutions efficaces et \u00e9conomiques pour la filtration de l\u2019eau. Cartouche \u00e0 base de charbon actif de coco et option c\u00e9ramique active 5%.  Sans relarguage dans le temps des polluants filtr\u00e9s.\" \/>\n<meta name=\"robots\" content=\"noindex, nofollow\" \/>\n<meta property=\"og:locale\" content=\"fr_FR\" \/>\n<meta property=\"og:type\" content=\"article\" \/>\n<meta property=\"og:title\" content=\"Cartouches de rechange pour filtres douche HYDROPURE\" \/>\n<meta property=\"og:description\" content=\"Des solutions efficaces et \u00e9conomiques pour la filtration de l\u2019eau. Cartouche \u00e0 base de charbon actif de coco et option c\u00e9ramique active 5%.  Sans relarguage dans le temps des polluants filtr\u00e9s.\" \/>\n<meta property=\"og:url\" content=\"https:\/\/nature-et-developpement.com\/logibio\/produit\/cartouches-de-rechange-pour-filtres-douche-hydropure-cidt\/\" \/>\n<meta property=\"og:site_name\" content=\"LogiBio\" \/>\n<meta property=\"article:publisher\" content=\"https:\/\/www.facebook.com\/LogiBio-104633131528471\" \/>\n<meta property=\"article:modified_time\" content=\"2026-04-13T17:50:58+00:00\" \/>\n<meta name=\"twitter:card\" content=\"summary_large_image\" \/>\n<meta name=\"twitter:label1\" content=\"Dur\u00e9e de lecture estim\u00e9e\" \/>\n\t<meta name=\"twitter:data1\" content=\"1 minute\" \/>\n<script type=\"application\/ld+json\" class=\"yoast-schema-graph\">{\"@context\":\"https:\\\/\\\/schema.org\",\"@graph\":[{\"@type\":\"WebPage\",\"@id\":\"https:\\\/\\\/nature-et-developpement.com\\\/logibio\\\/produit\\\/cartouches-de-rechange-pour-filtres-douche-hydropure-cidt\\\/\",\"url\":\"https:\\\/\\\/nature-et-developpement.com\\\/logibio\\\/produit\\\/cartouches-de-rechange-pour-filtres-douche-hydropure-cidt\\\/\",\"name\":\"Cartouches de rechange pour filtres douche HYDROPURE\",\"isPartOf\":{\"@id\":\"https:\\\/\\\/nature-et-developpement.com\\\/logibio\\\/#website\"},\"primaryImageOfPage\":{\"@id\":\"https:\\\/\\\/nature-et-developpement.com\\\/logibio\\\/produit\\\/cartouches-de-rechange-pour-filtres-douche-hydropure-cidt\\\/#primaryimage\"},\"image\":{\"@id\":\"https:\\\/\\\/nature-et-developpement.com\\\/logibio\\\/produit\\\/cartouches-de-rechange-pour-filtres-douche-hydropure-cidt\\\/#primaryimage\"},\"thumbnailUrl\":\"https:\\\/\\\/nature-et-developpement.com\\\/logibio\\\/wp-content\\\/uploads\\\/Cartouche-Filtre-Douche-CLASSIC-HYDROPUR.jpg\",\"datePublished\":\"2020-02-27T16:57:51+00:00\",\"dateModified\":\"2026-04-13T17:50:58+00:00\",\"description\":\"Des solutions efficaces et \u00e9conomiques pour la filtration de l\u2019eau. Cartouche \u00e0 base de charbon actif de coco et option c\u00e9ramique active 5%. Sans relarguage dans le temps des polluants filtr\u00e9s.\",\"breadcrumb\":{\"@id\":\"https:\\\/\\\/nature-et-developpement.com\\\/logibio\\\/produit\\\/cartouches-de-rechange-pour-filtres-douche-hydropure-cidt\\\/#breadcrumb\"},\"inLanguage\":\"fr-FR\",\"potentialAction\":[{\"@type\":\"ReadAction\",\"target\":[\"https:\\\/\\\/nature-et-developpement.com\\\/logibio\\\/produit\\\/cartouches-de-rechange-pour-filtres-douche-hydropure-cidt\\\/\"]}]},{\"@type\":\"ImageObject\",\"inLanguage\":\"fr-FR\",\"@id\":\"https:\\\/\\\/nature-et-developpement.com\\\/logibio\\\/produit\\\/cartouches-de-rechange-pour-filtres-douche-hydropure-cidt\\\/#primaryimage\",\"url\":\"https:\\\/\\\/nature-et-developpement.com\\\/logibio\\\/wp-content\\\/uploads\\\/Cartouche-Filtre-Douche-CLASSIC-HYDROPUR.jpg\",\"contentUrl\":\"https:\\\/\\\/nature-et-developpement.com\\\/logibio\\\/wp-content\\\/uploads\\\/Cartouche-Filtre-Douche-CLASSIC-HYDROPUR.jpg\"},{\"@type\":\"BreadcrumbList\",\"@id\":\"https:\\\/\\\/nature-et-developpement.com\\\/logibio\\\/produit\\\/cartouches-de-rechange-pour-filtres-douche-hydropure-cidt\\\/#breadcrumb\",\"itemListElement\":[{\"@type\":\"ListItem\",\"position\":1,\"name\":\"Accueil\",\"item\":\"https:\\\/\\\/nature-et-developpement.com\\\/logibio\\\/\"},{\"@type\":\"ListItem\",\"position\":2,\"name\":\"Contacter LogiBio\",\"item\":\"https:\\\/\\\/nature-et-developpement.com\\\/logibio\\\/contact\\\/\"},{\"@type\":\"ListItem\",\"position\":3,\"name\":\"Chauffage, eau et \u00e9nergie\",\"item\":\"https:\\\/\\\/nature-et-developpement.com\\\/logibio\\\/produits\\\/energie-et-ventilation\\\/\"},{\"@type\":\"ListItem\",\"position\":4,\"name\":\"Eau, filtre \u00e0 eau, r\u00e9cup\u00e9rateur d'eau de pluie\",\"item\":\"https:\\\/\\\/nature-et-developpement.com\\\/logibio\\\/produits\\\/energie-et-ventilation\\\/eau\\\/\"},{\"@type\":\"ListItem\",\"position\":5,\"name\":\"Cartouches de rechange pour filtres douche HYDROPURE\"}]},{\"@type\":\"WebSite\",\"@id\":\"https:\\\/\\\/nature-et-developpement.com\\\/logibio\\\/#website\",\"url\":\"https:\\\/\\\/nature-et-developpement.com\\\/logibio\\\/\",\"name\":\"LogiBio\",\"description\":\"LogiBio fait partie du groupement Nature &amp; D\u00e9veloppement.\",\"publisher\":{\"@id\":\"https:\\\/\\\/nature-et-developpement.com\\\/logibio\\\/#organization\"},\"potentialAction\":[{\"@type\":\"SearchAction\",\"target\":{\"@type\":\"EntryPoint\",\"urlTemplate\":\"https:\\\/\\\/nature-et-developpement.com\\\/logibio\\\/?s={search_term_string}\"},\"query-input\":{\"@type\":\"PropertyValueSpecification\",\"valueRequired\":true,\"valueName\":\"search_term_string\"}}],\"inLanguage\":\"fr-FR\"},{\"@type\":\"Organization\",\"@id\":\"https:\\\/\\\/nature-et-developpement.com\\\/logibio\\\/#organization\",\"name\":\"LogiBio\",\"url\":\"https:\\\/\\\/nature-et-developpement.com\\\/logibio\\\/\",\"logo\":{\"@type\":\"ImageObject\",\"inLanguage\":\"fr-FR\",\"@id\":\"https:\\\/\\\/nature-et-developpement.com\\\/logibio\\\/#\\\/schema\\\/logo\\\/image\\\/\",\"url\":\"https:\\\/\\\/nature-et-developpement.com\\\/logibio\\\/wp-content\\\/uploads\\\/sites\\\/20\\\/2021\\\/09\\\/cropped-Logo_LogiBio_150-150-1.jpg\",\"contentUrl\":\"https:\\\/\\\/nature-et-developpement.com\\\/logibio\\\/wp-content\\\/uploads\\\/sites\\\/20\\\/2021\\\/09\\\/cropped-Logo_LogiBio_150-150-1.jpg\",\"width\":150,\"height\":112,\"caption\":\"LogiBio\"},\"image\":{\"@id\":\"https:\\\/\\\/nature-et-developpement.com\\\/logibio\\\/#\\\/schema\\\/logo\\\/image\\\/\"},\"sameAs\":[\"https:\\\/\\\/www.facebook.com\\\/LogiBio-104633131528471\",\"https:\\\/\\\/www.instagram.com\\\/logibio\\\/\"]}]}<\/script>\n<!-- \/ Yoast SEO plugin. -->","yoast_head_json":{"title":"Cartouches de rechange pour filtres douche HYDROPURE","description":"Des solutions efficaces et \u00e9conomiques pour la filtration de l\u2019eau. Cartouche \u00e0 base de charbon actif de coco et option c\u00e9ramique active 5%.  Sans relarguage dans le temps des polluants filtr\u00e9s.","robots":{"index":"noindex","follow":"nofollow"},"og_locale":"fr_FR","og_type":"article","og_title":"Cartouches de rechange pour filtres douche HYDROPURE","og_description":"Des solutions efficaces et \u00e9conomiques pour la filtration de l\u2019eau. Cartouche \u00e0 base de charbon actif de coco et option c\u00e9ramique active 5%.  Sans relarguage dans le temps des polluants filtr\u00e9s.","og_url":"https:\/\/nature-et-developpement.com\/logibio\/produit\/cartouches-de-rechange-pour-filtres-douche-hydropure-cidt\/","og_site_name":"LogiBio","article_publisher":"https:\/\/www.facebook.com\/LogiBio-104633131528471","article_modified_time":"2026-04-13T17:50:58+00:00","twitter_card":"summary_large_image","twitter_misc":{"Dur\u00e9e de lecture estim\u00e9e":"1 minute"},"schema":{"@context":"https:\/\/schema.org","@graph":[{"@type":"WebPage","@id":"https:\/\/nature-et-developpement.com\/logibio\/produit\/cartouches-de-rechange-pour-filtres-douche-hydropure-cidt\/","url":"https:\/\/nature-et-developpement.com\/logibio\/produit\/cartouches-de-rechange-pour-filtres-douche-hydropure-cidt\/","name":"Cartouches de rechange pour filtres douche HYDROPURE","isPartOf":{"@id":"https:\/\/nature-et-developpement.com\/logibio\/#website"},"primaryImageOfPage":{"@id":"https:\/\/nature-et-developpement.com\/logibio\/produit\/cartouches-de-rechange-pour-filtres-douche-hydropure-cidt\/#primaryimage"},"image":{"@id":"https:\/\/nature-et-developpement.com\/logibio\/produit\/cartouches-de-rechange-pour-filtres-douche-hydropure-cidt\/#primaryimage"},"thumbnailUrl":"https:\/\/nature-et-developpement.com\/logibio\/wp-content\/uploads\/Cartouche-Filtre-Douche-CLASSIC-HYDROPUR.jpg","datePublished":"2020-02-27T16:57:51+00:00","dateModified":"2026-04-13T17:50:58+00:00","description":"Des solutions efficaces et \u00e9conomiques pour la filtration de l\u2019eau. Cartouche \u00e0 base de charbon actif de coco et option c\u00e9ramique active 5%. Sans relarguage dans le temps des polluants filtr\u00e9s.","breadcrumb":{"@id":"https:\/\/nature-et-developpement.com\/logibio\/produit\/cartouches-de-rechange-pour-filtres-douche-hydropure-cidt\/#breadcrumb"},"inLanguage":"fr-FR","potentialAction":[{"@type":"ReadAction","target":["https:\/\/nature-et-developpement.com\/logibio\/produit\/cartouches-de-rechange-pour-filtres-douche-hydropure-cidt\/"]}]},{"@type":"ImageObject","inLanguage":"fr-FR","@id":"https:\/\/nature-et-developpement.com\/logibio\/produit\/cartouches-de-rechange-pour-filtres-douche-hydropure-cidt\/#primaryimage","url":"https:\/\/nature-et-developpement.com\/logibio\/wp-content\/uploads\/Cartouche-Filtre-Douche-CLASSIC-HYDROPUR.jpg","contentUrl":"https:\/\/nature-et-developpement.com\/logibio\/wp-content\/uploads\/Cartouche-Filtre-Douche-CLASSIC-HYDROPUR.jpg"},{"@type":"BreadcrumbList","@id":"https:\/\/nature-et-developpement.com\/logibio\/produit\/cartouches-de-rechange-pour-filtres-douche-hydropure-cidt\/#breadcrumb","itemListElement":[{"@type":"ListItem","position":1,"name":"Accueil","item":"https:\/\/nature-et-developpement.com\/logibio\/"},{"@type":"ListItem","position":2,"name":"Contacter LogiBio","item":"https:\/\/nature-et-developpement.com\/logibio\/contact\/"},{"@type":"ListItem","position":3,"name":"Chauffage, eau et \u00e9nergie","item":"https:\/\/nature-et-developpement.com\/logibio\/produits\/energie-et-ventilation\/"},{"@type":"ListItem","position":4,"name":"Eau, filtre \u00e0 eau, r\u00e9cup\u00e9rateur d'eau de pluie","item":"https:\/\/nature-et-developpement.com\/logibio\/produits\/energie-et-ventilation\/eau\/"},{"@type":"ListItem","position":5,"name":"Cartouches de rechange pour filtres douche HYDROPURE"}]},{"@type":"WebSite","@id":"https:\/\/nature-et-developpement.com\/logibio\/#website","url":"https:\/\/nature-et-developpement.com\/logibio\/","name":"LogiBio","description":"LogiBio fait partie du groupement Nature &amp; D\u00e9veloppement.","publisher":{"@id":"https:\/\/nature-et-developpement.com\/logibio\/#organization"},"potentialAction":[{"@type":"SearchAction","target":{"@type":"EntryPoint","urlTemplate":"https:\/\/nature-et-developpement.com\/logibio\/?s={search_term_string}"},"query-input":{"@type":"PropertyValueSpecification","valueRequired":true,"valueName":"search_term_string"}}],"inLanguage":"fr-FR"},{"@type":"Organization","@id":"https:\/\/nature-et-developpement.com\/logibio\/#organization","name":"LogiBio","url":"https:\/\/nature-et-developpement.com\/logibio\/","logo":{"@type":"ImageObject","inLanguage":"fr-FR","@id":"https:\/\/nature-et-developpement.com\/logibio\/#\/schema\/logo\/image\/","url":"https:\/\/nature-et-developpement.com\/logibio\/wp-content\/uploads\/sites\/20\/2021\/09\/cropped-Logo_LogiBio_150-150-1.jpg","contentUrl":"https:\/\/nature-et-developpement.com\/logibio\/wp-content\/uploads\/sites\/20\/2021\/09\/cropped-Logo_LogiBio_150-150-1.jpg","width":150,"height":112,"caption":"LogiBio"},"image":{"@id":"https:\/\/nature-et-developpement.com\/logibio\/#\/schema\/logo\/image\/"},"sameAs":["https:\/\/www.facebook.com\/LogiBio-104633131528471","https:\/\/www.instagram.com\/logibio\/"]}]}},"distributor_meta":false,"distributor_terms":false,"distributor_media":false,"distributor_original_site_name":"LogiBio","distributor_original_site_url":"https:\/\/nature-et-developpement.com\/logibio","push-errors":false,"_links":{"self":[{"href":"https:\/\/nature-et-developpement.com\/logibio\/wp-json\/wp\/v2\/product\/8992","targetHints":{"allow":["GET"]}}],"collection":[{"href":"https:\/\/nature-et-developpement.com\/logibio\/wp-json\/wp\/v2\/product"}],"about":[{"href":"https:\/\/nature-et-developpement.com\/logibio\/wp-json\/wp\/v2\/types\/product"}],"wp:featuredmedia":[{"embeddable":true,"href":"https:\/\/nature-et-developpement.com\/logibio\/wp-json\/"}],"wp:attachment":[{"href":"https:\/\/nature-et-developpement.com\/logibio\/wp-json\/wp\/v2\/media?parent=8992"}],"wp:term":[{"taxonomy":"product_brand","embeddable":true,"href":"https:\/\/nature-et-developpement.com\/logibio\/wp-json\/wp\/v2\/product_brand?post=8992"},{"taxonomy":"product_cat","embeddable":true,"href":"https:\/\/nature-et-developpement.com\/logibio\/wp-json\/wp\/v2\/product_cat?post=8992"},{"taxonomy":"product_tag","embeddable":true,"href":"https:\/\/nature-et-developpement.com\/logibio\/wp-json\/wp\/v2\/product_tag?post=8992"}],"curies":[{"name":"wp","href":"https:\/\/api.w.org\/{rel}","templated":true}]}}