{"id":9112,"date":"2017-01-01T00:00:00","date_gmt":"2016-12-31T23:00:00","guid":{"rendered":"https:\/\/nature-et-developpement.com\/logibio\/produit\/raccord-a-plaque-40mm-pour-spot-apparent-acajou\/"},"modified":"2026-03-06T11:16:24","modified_gmt":"2026-03-06T10:16:24","slug":"raccord-a-plaque-40mm-pour-spot-apparent-acajou","status":"publish","type":"product","link":"https:\/\/nature-et-developpement.com\/logibio\/produit\/raccord-a-plaque-40mm-pour-spot-apparent-acajou\/","title":{"rendered":"Raccord \u00e0 plaque 40mm pour spot apparent ACAJOU"},"content":{"rendered":"","protected":false},"excerpt":{"rendered":"<p>Raccord \u00e0 plaque, se monte sur les spots apparents de la gamme Acajou (6W).<br \/>\nC&rsquo;est une fixation tr\u00e8s petite et discr\u00e8te qui n\u00e9cessite n\u00e9anmoins de cacher sa connexion dans un trou tr\u00e8s petit derri\u00e8re le raccord \u00e0 plaque.<br \/>\nIl est utilis\u00e9 r\u00e9guli\u00e8rement pour fixer des spots Acajou sur des montants de v\u00e9randa.<\/p>\n","protected":false},"featured_media":1000000158849,"template":"","meta":[],"product_brand":[2706],"product_cat":[2429],"product_tag":[],"class_list":{"0":"post-9112","1":"product","2":"type-product","3":"status-publish","4":"has-post-thumbnail","6":"product_brand-fd-eclairage","7":"product_cat-accessoires","8":"product_shipping_class-petit-equipement-outil-eclairage","10":"first","11":"instock","12":"taxable","13":"shipping-taxable","14":"purchasable","15":"product-type-variable"},"yoast_head":"<!-- This site is optimized with the Yoast SEO plugin v27.5 - https:\/\/yoast.com\/product\/yoast-seo-wordpress\/ -->\n<title>Raccord \u00e0 plaque 40mm pour spot apparent ACAJOU<\/title>\n<meta name=\"description\" content=\"Raccord \u00e0 plaque, se monte sur les spots apparents de la gamme Acajou (6W). C&#039;est une fixation tr\u00e8s petite et discr\u00e8te qui n\u00e9cessite n\u00e9anmoins de cacher sa connexion dans un trou tr\u00e8s petit derri\u00e8re le raccord \u00e0 plaque. Il est utilis\u00e9 r\u00e9guli\u00e8rement pour fixer des spots Acajou sur des montants de v\u00e9randa.\" \/>\n<meta name=\"robots\" content=\"noindex, nofollow\" \/>\n<meta property=\"og:locale\" content=\"fr_FR\" \/>\n<meta property=\"og:type\" content=\"article\" \/>\n<meta property=\"og:title\" content=\"Raccord \u00e0 plaque 40mm pour spot apparent ACAJOU\" \/>\n<meta property=\"og:description\" content=\"Raccord \u00e0 plaque, se monte sur les spots apparents de la gamme Acajou (6W). C&#039;est une fixation tr\u00e8s petite et discr\u00e8te qui n\u00e9cessite n\u00e9anmoins de cacher sa connexion dans un trou tr\u00e8s petit derri\u00e8re le raccord \u00e0 plaque. Il est utilis\u00e9 r\u00e9guli\u00e8rement pour fixer des spots Acajou sur des montants de v\u00e9randa.\" \/>\n<meta property=\"og:url\" content=\"https:\/\/nature-et-developpement.com\/logibio\/produit\/raccord-a-plaque-40mm-pour-spot-apparent-acajou\/\" \/>\n<meta property=\"og:site_name\" content=\"LogiBio\" \/>\n<meta property=\"article:publisher\" content=\"https:\/\/www.facebook.com\/LogiBio-104633131528471\" \/>\n<meta property=\"article:modified_time\" content=\"2026-03-06T10:16:24+00:00\" \/>\n<meta name=\"twitter:card\" content=\"summary_large_image\" \/>\n<script type=\"application\/ld+json\" class=\"yoast-schema-graph\">{\"@context\":\"https:\\\/\\\/schema.org\",\"@graph\":[{\"@type\":\"WebPage\",\"@id\":\"https:\\\/\\\/nature-et-developpement.com\\\/logibio\\\/produit\\\/raccord-a-plaque-40mm-pour-spot-apparent-acajou\\\/\",\"url\":\"https:\\\/\\\/nature-et-developpement.com\\\/logibio\\\/produit\\\/raccord-a-plaque-40mm-pour-spot-apparent-acajou\\\/\",\"name\":\"Raccord \u00e0 plaque 40mm pour spot apparent ACAJOU\",\"isPartOf\":{\"@id\":\"https:\\\/\\\/nature-et-developpement.com\\\/logibio\\\/#website\"},\"primaryImageOfPage\":{\"@id\":\"https:\\\/\\\/nature-et-developpement.com\\\/logibio\\\/produit\\\/raccord-a-plaque-40mm-pour-spot-apparent-acajou\\\/#primaryimage\"},\"image\":{\"@id\":\"https:\\\/\\\/nature-et-developpement.com\\\/logibio\\\/produit\\\/raccord-a-plaque-40mm-pour-spot-apparent-acajou\\\/#primaryimage\"},\"thumbnailUrl\":\"https:\\\/\\\/nature-et-developpement.com\\\/logibio\\\/wp-content\\\/uploads\\\/6W-SPOT-APPARENT-ACAJOU-RACCORD-PLAQUE.jpg\",\"datePublished\":\"2016-12-31T23:00:00+00:00\",\"dateModified\":\"2026-03-06T10:16:24+00:00\",\"description\":\"Raccord \u00e0 plaque, se monte sur les spots apparents de la gamme Acajou (6W). C'est une fixation tr\u00e8s petite et discr\u00e8te qui n\u00e9cessite n\u00e9anmoins de cacher sa connexion dans un trou tr\u00e8s petit derri\u00e8re le raccord \u00e0 plaque. Il est utilis\u00e9 r\u00e9guli\u00e8rement pour fixer des spots Acajou sur des montants de v\u00e9randa.\",\"breadcrumb\":{\"@id\":\"https:\\\/\\\/nature-et-developpement.com\\\/logibio\\\/produit\\\/raccord-a-plaque-40mm-pour-spot-apparent-acajou\\\/#breadcrumb\"},\"inLanguage\":\"fr-FR\",\"potentialAction\":[{\"@type\":\"ReadAction\",\"target\":[\"https:\\\/\\\/nature-et-developpement.com\\\/logibio\\\/produit\\\/raccord-a-plaque-40mm-pour-spot-apparent-acajou\\\/\"]}]},{\"@type\":\"ImageObject\",\"inLanguage\":\"fr-FR\",\"@id\":\"https:\\\/\\\/nature-et-developpement.com\\\/logibio\\\/produit\\\/raccord-a-plaque-40mm-pour-spot-apparent-acajou\\\/#primaryimage\",\"url\":\"https:\\\/\\\/nature-et-developpement.com\\\/logibio\\\/wp-content\\\/uploads\\\/6W-SPOT-APPARENT-ACAJOU-RACCORD-PLAQUE.jpg\",\"contentUrl\":\"https:\\\/\\\/nature-et-developpement.com\\\/logibio\\\/wp-content\\\/uploads\\\/6W-SPOT-APPARENT-ACAJOU-RACCORD-PLAQUE.jpg\"},{\"@type\":\"BreadcrumbList\",\"@id\":\"https:\\\/\\\/nature-et-developpement.com\\\/logibio\\\/produit\\\/raccord-a-plaque-40mm-pour-spot-apparent-acajou\\\/#breadcrumb\",\"itemListElement\":[{\"@type\":\"ListItem\",\"position\":1,\"name\":\"Accueil\",\"item\":\"https:\\\/\\\/nature-et-developpement.com\\\/logibio\\\/\"},{\"@type\":\"ListItem\",\"position\":2,\"name\":\"Contacter LogiBio\",\"item\":\"https:\\\/\\\/nature-et-developpement.com\\\/logibio\\\/contact\\\/\"},{\"@type\":\"ListItem\",\"position\":3,\"name\":\"Chauffage, eau et \u00e9nergie\",\"item\":\"https:\\\/\\\/nature-et-developpement.com\\\/logibio\\\/produits\\\/energie-et-ventilation\\\/\"},{\"@type\":\"ListItem\",\"position\":4,\"name\":\"Accessoires\",\"item\":\"https:\\\/\\\/nature-et-developpement.com\\\/logibio\\\/produits\\\/energie-et-ventilation\\\/accessoires\\\/\"},{\"@type\":\"ListItem\",\"position\":5,\"name\":\"Raccord \u00e0 plaque 40mm pour spot apparent ACAJOU\"}]},{\"@type\":\"WebSite\",\"@id\":\"https:\\\/\\\/nature-et-developpement.com\\\/logibio\\\/#website\",\"url\":\"https:\\\/\\\/nature-et-developpement.com\\\/logibio\\\/\",\"name\":\"LogiBio\",\"description\":\"LogiBio fait partie du groupement Nature &amp; D\u00e9veloppement.\",\"publisher\":{\"@id\":\"https:\\\/\\\/nature-et-developpement.com\\\/logibio\\\/#organization\"},\"potentialAction\":[{\"@type\":\"SearchAction\",\"target\":{\"@type\":\"EntryPoint\",\"urlTemplate\":\"https:\\\/\\\/nature-et-developpement.com\\\/logibio\\\/?s={search_term_string}\"},\"query-input\":{\"@type\":\"PropertyValueSpecification\",\"valueRequired\":true,\"valueName\":\"search_term_string\"}}],\"inLanguage\":\"fr-FR\"},{\"@type\":\"Organization\",\"@id\":\"https:\\\/\\\/nature-et-developpement.com\\\/logibio\\\/#organization\",\"name\":\"LogiBio\",\"url\":\"https:\\\/\\\/nature-et-developpement.com\\\/logibio\\\/\",\"logo\":{\"@type\":\"ImageObject\",\"inLanguage\":\"fr-FR\",\"@id\":\"https:\\\/\\\/nature-et-developpement.com\\\/logibio\\\/#\\\/schema\\\/logo\\\/image\\\/\",\"url\":\"https:\\\/\\\/nature-et-developpement.com\\\/logibio\\\/wp-content\\\/uploads\\\/sites\\\/20\\\/2021\\\/09\\\/cropped-Logo_LogiBio_150-150-1.jpg\",\"contentUrl\":\"https:\\\/\\\/nature-et-developpement.com\\\/logibio\\\/wp-content\\\/uploads\\\/sites\\\/20\\\/2021\\\/09\\\/cropped-Logo_LogiBio_150-150-1.jpg\",\"width\":150,\"height\":112,\"caption\":\"LogiBio\"},\"image\":{\"@id\":\"https:\\\/\\\/nature-et-developpement.com\\\/logibio\\\/#\\\/schema\\\/logo\\\/image\\\/\"},\"sameAs\":[\"https:\\\/\\\/www.facebook.com\\\/LogiBio-104633131528471\",\"https:\\\/\\\/www.instagram.com\\\/logibio\\\/\"]}]}<\/script>\n<!-- \/ Yoast SEO plugin. -->","yoast_head_json":{"title":"Raccord \u00e0 plaque 40mm pour spot apparent ACAJOU","description":"Raccord \u00e0 plaque, se monte sur les spots apparents de la gamme Acajou (6W). C'est une fixation tr\u00e8s petite et discr\u00e8te qui n\u00e9cessite n\u00e9anmoins de cacher sa connexion dans un trou tr\u00e8s petit derri\u00e8re le raccord \u00e0 plaque. Il est utilis\u00e9 r\u00e9guli\u00e8rement pour fixer des spots Acajou sur des montants de v\u00e9randa.","robots":{"index":"noindex","follow":"nofollow"},"og_locale":"fr_FR","og_type":"article","og_title":"Raccord \u00e0 plaque 40mm pour spot apparent ACAJOU","og_description":"Raccord \u00e0 plaque, se monte sur les spots apparents de la gamme Acajou (6W). C'est une fixation tr\u00e8s petite et discr\u00e8te qui n\u00e9cessite n\u00e9anmoins de cacher sa connexion dans un trou tr\u00e8s petit derri\u00e8re le raccord \u00e0 plaque. Il est utilis\u00e9 r\u00e9guli\u00e8rement pour fixer des spots Acajou sur des montants de v\u00e9randa.","og_url":"https:\/\/nature-et-developpement.com\/logibio\/produit\/raccord-a-plaque-40mm-pour-spot-apparent-acajou\/","og_site_name":"LogiBio","article_publisher":"https:\/\/www.facebook.com\/LogiBio-104633131528471","article_modified_time":"2026-03-06T10:16:24+00:00","twitter_card":"summary_large_image","schema":{"@context":"https:\/\/schema.org","@graph":[{"@type":"WebPage","@id":"https:\/\/nature-et-developpement.com\/logibio\/produit\/raccord-a-plaque-40mm-pour-spot-apparent-acajou\/","url":"https:\/\/nature-et-developpement.com\/logibio\/produit\/raccord-a-plaque-40mm-pour-spot-apparent-acajou\/","name":"Raccord \u00e0 plaque 40mm pour spot apparent ACAJOU","isPartOf":{"@id":"https:\/\/nature-et-developpement.com\/logibio\/#website"},"primaryImageOfPage":{"@id":"https:\/\/nature-et-developpement.com\/logibio\/produit\/raccord-a-plaque-40mm-pour-spot-apparent-acajou\/#primaryimage"},"image":{"@id":"https:\/\/nature-et-developpement.com\/logibio\/produit\/raccord-a-plaque-40mm-pour-spot-apparent-acajou\/#primaryimage"},"thumbnailUrl":"https:\/\/nature-et-developpement.com\/logibio\/wp-content\/uploads\/6W-SPOT-APPARENT-ACAJOU-RACCORD-PLAQUE.jpg","datePublished":"2016-12-31T23:00:00+00:00","dateModified":"2026-03-06T10:16:24+00:00","description":"Raccord \u00e0 plaque, se monte sur les spots apparents de la gamme Acajou (6W). C'est une fixation tr\u00e8s petite et discr\u00e8te qui n\u00e9cessite n\u00e9anmoins de cacher sa connexion dans un trou tr\u00e8s petit derri\u00e8re le raccord \u00e0 plaque. Il est utilis\u00e9 r\u00e9guli\u00e8rement pour fixer des spots Acajou sur des montants de v\u00e9randa.","breadcrumb":{"@id":"https:\/\/nature-et-developpement.com\/logibio\/produit\/raccord-a-plaque-40mm-pour-spot-apparent-acajou\/#breadcrumb"},"inLanguage":"fr-FR","potentialAction":[{"@type":"ReadAction","target":["https:\/\/nature-et-developpement.com\/logibio\/produit\/raccord-a-plaque-40mm-pour-spot-apparent-acajou\/"]}]},{"@type":"ImageObject","inLanguage":"fr-FR","@id":"https:\/\/nature-et-developpement.com\/logibio\/produit\/raccord-a-plaque-40mm-pour-spot-apparent-acajou\/#primaryimage","url":"https:\/\/nature-et-developpement.com\/logibio\/wp-content\/uploads\/6W-SPOT-APPARENT-ACAJOU-RACCORD-PLAQUE.jpg","contentUrl":"https:\/\/nature-et-developpement.com\/logibio\/wp-content\/uploads\/6W-SPOT-APPARENT-ACAJOU-RACCORD-PLAQUE.jpg"},{"@type":"BreadcrumbList","@id":"https:\/\/nature-et-developpement.com\/logibio\/produit\/raccord-a-plaque-40mm-pour-spot-apparent-acajou\/#breadcrumb","itemListElement":[{"@type":"ListItem","position":1,"name":"Accueil","item":"https:\/\/nature-et-developpement.com\/logibio\/"},{"@type":"ListItem","position":2,"name":"Contacter LogiBio","item":"https:\/\/nature-et-developpement.com\/logibio\/contact\/"},{"@type":"ListItem","position":3,"name":"Chauffage, eau et \u00e9nergie","item":"https:\/\/nature-et-developpement.com\/logibio\/produits\/energie-et-ventilation\/"},{"@type":"ListItem","position":4,"name":"Accessoires","item":"https:\/\/nature-et-developpement.com\/logibio\/produits\/energie-et-ventilation\/accessoires\/"},{"@type":"ListItem","position":5,"name":"Raccord \u00e0 plaque 40mm pour spot apparent ACAJOU"}]},{"@type":"WebSite","@id":"https:\/\/nature-et-developpement.com\/logibio\/#website","url":"https:\/\/nature-et-developpement.com\/logibio\/","name":"LogiBio","description":"LogiBio fait partie du groupement Nature &amp; D\u00e9veloppement.","publisher":{"@id":"https:\/\/nature-et-developpement.com\/logibio\/#organization"},"potentialAction":[{"@type":"SearchAction","target":{"@type":"EntryPoint","urlTemplate":"https:\/\/nature-et-developpement.com\/logibio\/?s={search_term_string}"},"query-input":{"@type":"PropertyValueSpecification","valueRequired":true,"valueName":"search_term_string"}}],"inLanguage":"fr-FR"},{"@type":"Organization","@id":"https:\/\/nature-et-developpement.com\/logibio\/#organization","name":"LogiBio","url":"https:\/\/nature-et-developpement.com\/logibio\/","logo":{"@type":"ImageObject","inLanguage":"fr-FR","@id":"https:\/\/nature-et-developpement.com\/logibio\/#\/schema\/logo\/image\/","url":"https:\/\/nature-et-developpement.com\/logibio\/wp-content\/uploads\/sites\/20\/2021\/09\/cropped-Logo_LogiBio_150-150-1.jpg","contentUrl":"https:\/\/nature-et-developpement.com\/logibio\/wp-content\/uploads\/sites\/20\/2021\/09\/cropped-Logo_LogiBio_150-150-1.jpg","width":150,"height":112,"caption":"LogiBio"},"image":{"@id":"https:\/\/nature-et-developpement.com\/logibio\/#\/schema\/logo\/image\/"},"sameAs":["https:\/\/www.facebook.com\/LogiBio-104633131528471","https:\/\/www.instagram.com\/logibio\/"]}]}},"distributor_meta":false,"distributor_terms":false,"distributor_media":false,"distributor_original_site_name":"LogiBio","distributor_original_site_url":"https:\/\/nature-et-developpement.com\/logibio","push-errors":false,"_links":{"self":[{"href":"https:\/\/nature-et-developpement.com\/logibio\/wp-json\/wp\/v2\/product\/9112","targetHints":{"allow":["GET"]}}],"collection":[{"href":"https:\/\/nature-et-developpement.com\/logibio\/wp-json\/wp\/v2\/product"}],"about":[{"href":"https:\/\/nature-et-developpement.com\/logibio\/wp-json\/wp\/v2\/types\/product"}],"wp:featuredmedia":[{"embeddable":true,"href":"https:\/\/nature-et-developpement.com\/logibio\/wp-json\/"}],"wp:attachment":[{"href":"https:\/\/nature-et-developpement.com\/logibio\/wp-json\/wp\/v2\/media?parent=9112"}],"wp:term":[{"taxonomy":"product_brand","embeddable":true,"href":"https:\/\/nature-et-developpement.com\/logibio\/wp-json\/wp\/v2\/product_brand?post=9112"},{"taxonomy":"product_cat","embeddable":true,"href":"https:\/\/nature-et-developpement.com\/logibio\/wp-json\/wp\/v2\/product_cat?post=9112"},{"taxonomy":"product_tag","embeddable":true,"href":"https:\/\/nature-et-developpement.com\/logibio\/wp-json\/wp\/v2\/product_tag?post=9112"}],"curies":[{"name":"wp","href":"https:\/\/api.w.org\/{rel}","templated":true}]}}