{"id":13048,"date":"2018-10-01T00:00:00","date_gmt":"2018-09-30T22:00:00","guid":{"rendered":"https:\/\/nature-et-developpement.com\/logisain\/produit\/peinture-double-action-contre-les-moisissures-keim-mycal-top\/"},"modified":"2026-04-30T22:10:06","modified_gmt":"2026-04-30T20:10:06","slug":"keim-mycal-top","status":"publish","type":"product","link":"https:\/\/nature-et-developpement.com\/logisain-44\/produit\/keim-mycal-top\/","title":{"rendered":"Peinture double action contre les moisissures KEIM Mycal-Top"},"content":{"rendered":"<h2 class=\"product-title inverse\">KEIM Mycal\u00ae-Top<\/h2>\n<p>Peinture min\u00e9rale d\u2019int\u00e9rieur au silicate de potassium \u00e0 destination des locaux contamin\u00e9s ou expos\u00e9s aux moisissures.<\/p>\n<p>Fort pouvoir de r\u00e9gulation et d\u2019\u00e9vacuation de l\u2019humidit\u00e9 permettant de garder les murs secs et limitant fortement la formation de moisissures.<\/p>\n<p>La haute alcalinit\u00e9 du KEIM Mycal-Top pr\u00e9vient l\u2019apparition de nouvelles moisissures.<\/p>\n<p>Sa composition min\u00e9rale ne constitue pas un milieu de culture favorable aux moisissures (PV d\u2019essai disponible).<\/p>\n<p>L\u2019ajout d&rsquo;un composant min\u00e9ral aux propri\u00e9t\u00e9s naturelles anti-microbiennes apporte une protection suppl\u00e9mentaire contre les moisissures.<\/p>\n<p>Les pigments photocatalytiques actifs d\u00e9truisent les polluants de l\u2019air.<\/p>\n<p>Rel\u00e8ve de la norme NF EN 1300.<\/p>\n<p><strong>Teinte<\/strong><br \/>\nDisponible en blanc et dans les teintes du nuancier KEIM Exclusiv.<\/p>\n<p>Les r\u00e9f\u00e9rences de teintes Mycal-Top ne sont pas disponibles dans les r\u00e9f\u00e9rences des concentr\u00e9s de teintes 9001 \u00e0 9010.<\/p>\n<p><img loading=\"lazy\" decoding=\"async\" class=\" size-full wp-image-108272\" src=\"https:\/\/nature-et-developpement.com\/wp-content\/uploads\/cms\/KEIM\/KEIM-NUANCIER-OPTIL-ECOSIL-ME-MYCAL-TOP-KEIM-NUANCIER-OPTIL-ECOSIL-ME-MYCAL.jpg\" alt=\"KEIM-NUANCIER OPTIL - ECOSIL-ME - MYCAL-\" width=\"558\" height=\"716\" \/><\/p>\n<p><strong>Application<\/strong><br \/>\nBrosse, rouleau, projection Airless<\/p>\n<p><strong>Consommation<\/strong><br \/>\nEnv. 0,25 L\/m2 pour 2 couches<\/p>\n<p><strong>Conditionnement<\/strong><br \/>\nSeau plastique de 5 L et 12,5 L<\/p>\n<p><strong>Commande<\/strong><\/p>\n<p>Ajoutez le chiffre de la couleur choisie dans la case \u00ab\u00a0Compl\u00e9ments\u00a0\u00bb.<\/p>\n","protected":false},"excerpt":{"rendered":"<p><strong><a class=\"btn btn-default\" href=\"https:\/\/nature-et-developpement.com\/wp-content\/uploads\/cms\/KEIM\/Spektrum_KEIM.pdf\" target=\"_blank\" rel=\"noopener\"><img loading=\"lazy\" decoding=\"async\" class=\"alignleft wp-image-108482\" src=\"https:\/\/nature-et-developpement.com\/wp-content\/uploads\/cms\/NATURA\/COULEURS_2020-450x450.jpg\" alt=\"\" width=\"30\" height=\"30\" \/><\/a><a href=\"https:\/\/nature-et-developpement.com\/wp-content\/uploads\/Spektrum_KEIM-ND.pdf\" target=\"_blank\" rel=\"noopener\">Choisissez votre couleur<\/a><\/strong><br \/>\n<a href=\"https:\/\/nature-et-developpement.com\/wp-content\/uploads\/Tableau-reference-des-teintes-et-classes-de-prix-Mical-Top.pdf\" target=\"_blank\" rel=\"noopener\"><strong>Retrouvez votre classe de prix<\/strong><\/a><\/p>\n<p>*Teintes non disponibles : 9001 \u00e0 9010<\/p>\n<p>Peinture d\u2019int\u00e9rieur de haute qualit\u00e9, adapt\u00e9e aux locaux pr\u00e9sentant un risque \u00e9lev\u00e9 de moisissures.<br \/>\nSon fort pouvoir de r\u00e9gulation et d\u2019\u00e9vacuation de l\u2019humidit\u00e9 permet le maintien de murs secs et limite fortement la formation de moisissures.<br \/>\nElle poss\u00e8de une double action curative et pr\u00e9ventive.<\/p>\n","protected":false},"featured_media":1000000156226,"template":"","meta":[],"product_brand":[10217],"product_cat":[7629],"product_tag":[11493],"class_list":{"0":"post-13048","1":"product","2":"type-product","3":"status-publish","4":"has-post-thumbnail","6":"product_brand-keim","7":"product_cat-peinture-ecologique","8":"product_tag-peinture","9":"product_shipping_class-peintures-accessoires-peintures","11":"first","12":"instock","13":"taxable","14":"shipping-taxable","15":"purchasable","16":"product-type-variable"},"yoast_head":"<!-- This site is optimized with the Yoast SEO plugin v27.5 - https:\/\/yoast.com\/product\/yoast-seo-wordpress\/ -->\n<title>Peinture double action contre les moisissures KEIM Mycal-Top - Logisain 44<\/title>\n<meta name=\"description\" content=\"Choisissez votre couleur Retrouvez votre classe de prix  *Teintes non disponibles : 9001 \u00e0 9010  Peinture d\u2019int\u00e9rieur de haute qualit\u00e9, adapt\u00e9e aux locaux pr\u00e9sentant un risque \u00e9lev\u00e9 de moisissures. Son fort pouvoir de r\u00e9gulation et d\u2019\u00e9vacuation de l\u2019humidit\u00e9 permet le maintien de murs secs et limite fortement la formation de moisissures. Elle poss\u00e8de une double action curative et pr\u00e9ventive. Loire-Atlantique\" \/>\n<meta name=\"robots\" content=\"noindex, nofollow\" \/>\n<meta property=\"og:locale\" content=\"fr_FR\" \/>\n<meta property=\"og:type\" content=\"article\" \/>\n<meta property=\"og:title\" content=\"Peinture double action contre les moisissures KEIM Mycal-Top - Logisain 44\" \/>\n<meta property=\"og:description\" content=\"Choisissez votre couleur Retrouvez votre classe de prix  *Teintes non disponibles : 9001 \u00e0 9010  Peinture d\u2019int\u00e9rieur de haute qualit\u00e9, adapt\u00e9e aux locaux pr\u00e9sentant un risque \u00e9lev\u00e9 de moisissures. Son fort pouvoir de r\u00e9gulation et d\u2019\u00e9vacuation de l\u2019humidit\u00e9 permet le maintien de murs secs et limite fortement la formation de moisissures. Elle poss\u00e8de une double action curative et pr\u00e9ventive. Loire-Atlantique\" \/>\n<meta property=\"og:url\" content=\"https:\/\/nature-et-developpement.com\/logisain-44\/produit\/keim-mycal-top\/\" \/>\n<meta property=\"og:site_name\" content=\"Logisain 44\" \/>\n<meta property=\"article:modified_time\" content=\"2026-04-30T20:10:06+00:00\" \/>\n<meta name=\"twitter:card\" content=\"summary_large_image\" \/>\n<meta name=\"twitter:label1\" content=\"Dur\u00e9e de lecture estim\u00e9e\" \/>\n\t<meta name=\"twitter:data1\" content=\"1 minute\" \/>\n<script type=\"application\/ld+json\" class=\"yoast-schema-graph\">{\"@context\":\"https:\\\/\\\/schema.org\",\"@graph\":[{\"@type\":\"WebPage\",\"@id\":\"https:\\\/\\\/nature-et-developpement.com\\\/logisain-44\\\/produit\\\/keim-mycal-top\\\/\",\"url\":\"https:\\\/\\\/nature-et-developpement.com\\\/logisain-44\\\/produit\\\/keim-mycal-top\\\/\",\"name\":\"Peinture double action contre les moisissures KEIM Mycal-Top - Logisain 44\",\"isPartOf\":{\"@id\":\"https:\\\/\\\/nature-et-developpement.com\\\/logisain-44\\\/#website\"},\"primaryImageOfPage\":{\"@id\":\"https:\\\/\\\/nature-et-developpement.com\\\/logisain-44\\\/produit\\\/keim-mycal-top\\\/#primaryimage\"},\"image\":{\"@id\":\"https:\\\/\\\/nature-et-developpement.com\\\/logisain-44\\\/produit\\\/keim-mycal-top\\\/#primaryimage\"},\"thumbnailUrl\":\"https:\\\/\\\/nature-et-developpement.com\\\/logisain-44\\\/wp-content\\\/uploads\\\/Peinture-double-action-contre-les-moisissures-KEIM-Mycal-Top-5L-ou-15L.jpg\",\"datePublished\":\"2018-09-30T22:00:00+00:00\",\"dateModified\":\"2026-04-30T20:10:06+00:00\",\"description\":\"Choisissez votre couleur Retrouvez votre classe de prix *Teintes non disponibles : 9001 \u00e0 9010 Peinture d\u2019int\u00e9rieur de haute qualit\u00e9, adapt\u00e9e aux locaux pr\u00e9sentant un risque \u00e9lev\u00e9 de moisissures. Son fort pouvoir de r\u00e9gulation et d\u2019\u00e9vacuation de l\u2019humidit\u00e9 permet le maintien de murs secs et limite fortement la formation de moisissures. Elle poss\u00e8de une double action curative et pr\u00e9ventive. Loire-Atlantique\",\"breadcrumb\":{\"@id\":\"https:\\\/\\\/nature-et-developpement.com\\\/logisain-44\\\/produit\\\/keim-mycal-top\\\/#breadcrumb\"},\"inLanguage\":\"fr-FR\",\"potentialAction\":[{\"@type\":\"ReadAction\",\"target\":[\"https:\\\/\\\/nature-et-developpement.com\\\/logisain-44\\\/produit\\\/keim-mycal-top\\\/\"]}]},{\"@type\":\"ImageObject\",\"inLanguage\":\"fr-FR\",\"@id\":\"https:\\\/\\\/nature-et-developpement.com\\\/logisain-44\\\/produit\\\/keim-mycal-top\\\/#primaryimage\",\"url\":\"https:\\\/\\\/nature-et-developpement.com\\\/logisain-44\\\/wp-content\\\/uploads\\\/Peinture-double-action-contre-les-moisissures-KEIM-Mycal-Top-5L-ou-15L.jpg\",\"contentUrl\":\"https:\\\/\\\/nature-et-developpement.com\\\/logisain-44\\\/wp-content\\\/uploads\\\/Peinture-double-action-contre-les-moisissures-KEIM-Mycal-Top-5L-ou-15L.jpg\"},{\"@type\":\"BreadcrumbList\",\"@id\":\"https:\\\/\\\/nature-et-developpement.com\\\/logisain-44\\\/produit\\\/keim-mycal-top\\\/#breadcrumb\",\"itemListElement\":[{\"@type\":\"ListItem\",\"position\":1,\"name\":\"Accueil\",\"item\":\"https:\\\/\\\/nature-et-developpement.com\\\/logisain-44\\\/\"},{\"@type\":\"ListItem\",\"position\":2,\"name\":\"Produits\",\"item\":\"https:\\\/\\\/nature-et-developpement.com\\\/logisain-44\\\/shop\\\/\"},{\"@type\":\"ListItem\",\"position\":3,\"name\":\"Peinture, pigment et enduit\",\"item\":\"https:\\\/\\\/nature-et-developpement.com\\\/logisain-44\\\/produits\\\/peinture-et-enduit\\\/\"},{\"@type\":\"ListItem\",\"position\":4,\"name\":\"Peintures\",\"item\":\"https:\\\/\\\/nature-et-developpement.com\\\/logisain-44\\\/produits\\\/peinture-et-enduit\\\/peinture-ecologique\\\/\"},{\"@type\":\"ListItem\",\"position\":5,\"name\":\"Peinture double action contre les moisissures KEIM Mycal-Top\"}]},{\"@type\":\"WebSite\",\"@id\":\"https:\\\/\\\/nature-et-developpement.com\\\/logisain-44\\\/#website\",\"url\":\"https:\\\/\\\/nature-et-developpement.com\\\/logisain-44\\\/\",\"name\":\"Logisain 44\",\"description\":\"Logisain 44 est membre du groupement Nature &amp; D\u00e9veloppement\",\"publisher\":{\"@id\":\"https:\\\/\\\/nature-et-developpement.com\\\/logisain-44\\\/#organization\"},\"potentialAction\":[{\"@type\":\"SearchAction\",\"target\":{\"@type\":\"EntryPoint\",\"urlTemplate\":\"https:\\\/\\\/nature-et-developpement.com\\\/logisain-44\\\/?s={search_term_string}\"},\"query-input\":{\"@type\":\"PropertyValueSpecification\",\"valueRequired\":true,\"valueName\":\"search_term_string\"}}],\"inLanguage\":\"fr-FR\"},{\"@type\":\"Organization\",\"@id\":\"https:\\\/\\\/nature-et-developpement.com\\\/logisain-44\\\/#organization\",\"name\":\"Logisain 44\",\"url\":\"https:\\\/\\\/nature-et-developpement.com\\\/logisain-44\\\/\",\"logo\":{\"@type\":\"ImageObject\",\"inLanguage\":\"fr-FR\",\"@id\":\"https:\\\/\\\/nature-et-developpement.com\\\/logisain-44\\\/#\\\/schema\\\/logo\\\/image\\\/\",\"url\":\"https:\\\/\\\/nature-et-developpement.com\\\/logisain-44\\\/wp-content\\\/uploads\\\/sites\\\/4\\\/2021\\\/08\\\/logo-logisain.jpg\",\"contentUrl\":\"https:\\\/\\\/nature-et-developpement.com\\\/logisain-44\\\/wp-content\\\/uploads\\\/sites\\\/4\\\/2021\\\/08\\\/logo-logisain.jpg\",\"width\":672,\"height\":455,\"caption\":\"Logisain 44\"},\"image\":{\"@id\":\"https:\\\/\\\/nature-et-developpement.com\\\/logisain-44\\\/#\\\/schema\\\/logo\\\/image\\\/\"}}]}<\/script>\n<!-- \/ Yoast SEO plugin. -->","yoast_head_json":{"title":"Peinture double action contre les moisissures KEIM Mycal-Top - Logisain 44","description":"Choisissez votre couleur Retrouvez votre classe de prix  *Teintes non disponibles : 9001 \u00e0 9010  Peinture d\u2019int\u00e9rieur de haute qualit\u00e9, adapt\u00e9e aux locaux pr\u00e9sentant un risque \u00e9lev\u00e9 de moisissures. Son fort pouvoir de r\u00e9gulation et d\u2019\u00e9vacuation de l\u2019humidit\u00e9 permet le maintien de murs secs et limite fortement la formation de moisissures. Elle poss\u00e8de une double action curative et pr\u00e9ventive. Loire-Atlantique","robots":{"index":"noindex","follow":"nofollow"},"og_locale":"fr_FR","og_type":"article","og_title":"Peinture double action contre les moisissures KEIM Mycal-Top - Logisain 44","og_description":"Choisissez votre couleur Retrouvez votre classe de prix  *Teintes non disponibles : 9001 \u00e0 9010  Peinture d\u2019int\u00e9rieur de haute qualit\u00e9, adapt\u00e9e aux locaux pr\u00e9sentant un risque \u00e9lev\u00e9 de moisissures. Son fort pouvoir de r\u00e9gulation et d\u2019\u00e9vacuation de l\u2019humidit\u00e9 permet le maintien de murs secs et limite fortement la formation de moisissures. Elle poss\u00e8de une double action curative et pr\u00e9ventive. Loire-Atlantique","og_url":"https:\/\/nature-et-developpement.com\/logisain-44\/produit\/keim-mycal-top\/","og_site_name":"Logisain 44","article_modified_time":"2026-04-30T20:10:06+00:00","twitter_card":"summary_large_image","twitter_misc":{"Dur\u00e9e de lecture estim\u00e9e":"1 minute"},"schema":{"@context":"https:\/\/schema.org","@graph":[{"@type":"WebPage","@id":"https:\/\/nature-et-developpement.com\/logisain-44\/produit\/keim-mycal-top\/","url":"https:\/\/nature-et-developpement.com\/logisain-44\/produit\/keim-mycal-top\/","name":"Peinture double action contre les moisissures KEIM Mycal-Top - Logisain 44","isPartOf":{"@id":"https:\/\/nature-et-developpement.com\/logisain-44\/#website"},"primaryImageOfPage":{"@id":"https:\/\/nature-et-developpement.com\/logisain-44\/produit\/keim-mycal-top\/#primaryimage"},"image":{"@id":"https:\/\/nature-et-developpement.com\/logisain-44\/produit\/keim-mycal-top\/#primaryimage"},"thumbnailUrl":"https:\/\/nature-et-developpement.com\/logisain-44\/wp-content\/uploads\/Peinture-double-action-contre-les-moisissures-KEIM-Mycal-Top-5L-ou-15L.jpg","datePublished":"2018-09-30T22:00:00+00:00","dateModified":"2026-04-30T20:10:06+00:00","description":"Choisissez votre couleur Retrouvez votre classe de prix *Teintes non disponibles : 9001 \u00e0 9010 Peinture d\u2019int\u00e9rieur de haute qualit\u00e9, adapt\u00e9e aux locaux pr\u00e9sentant un risque \u00e9lev\u00e9 de moisissures. Son fort pouvoir de r\u00e9gulation et d\u2019\u00e9vacuation de l\u2019humidit\u00e9 permet le maintien de murs secs et limite fortement la formation de moisissures. Elle poss\u00e8de une double action curative et pr\u00e9ventive. Loire-Atlantique","breadcrumb":{"@id":"https:\/\/nature-et-developpement.com\/logisain-44\/produit\/keim-mycal-top\/#breadcrumb"},"inLanguage":"fr-FR","potentialAction":[{"@type":"ReadAction","target":["https:\/\/nature-et-developpement.com\/logisain-44\/produit\/keim-mycal-top\/"]}]},{"@type":"ImageObject","inLanguage":"fr-FR","@id":"https:\/\/nature-et-developpement.com\/logisain-44\/produit\/keim-mycal-top\/#primaryimage","url":"https:\/\/nature-et-developpement.com\/logisain-44\/wp-content\/uploads\/Peinture-double-action-contre-les-moisissures-KEIM-Mycal-Top-5L-ou-15L.jpg","contentUrl":"https:\/\/nature-et-developpement.com\/logisain-44\/wp-content\/uploads\/Peinture-double-action-contre-les-moisissures-KEIM-Mycal-Top-5L-ou-15L.jpg"},{"@type":"BreadcrumbList","@id":"https:\/\/nature-et-developpement.com\/logisain-44\/produit\/keim-mycal-top\/#breadcrumb","itemListElement":[{"@type":"ListItem","position":1,"name":"Accueil","item":"https:\/\/nature-et-developpement.com\/logisain-44\/"},{"@type":"ListItem","position":2,"name":"Produits","item":"https:\/\/nature-et-developpement.com\/logisain-44\/shop\/"},{"@type":"ListItem","position":3,"name":"Peinture, pigment et enduit","item":"https:\/\/nature-et-developpement.com\/logisain-44\/produits\/peinture-et-enduit\/"},{"@type":"ListItem","position":4,"name":"Peintures","item":"https:\/\/nature-et-developpement.com\/logisain-44\/produits\/peinture-et-enduit\/peinture-ecologique\/"},{"@type":"ListItem","position":5,"name":"Peinture double action contre les moisissures KEIM Mycal-Top"}]},{"@type":"WebSite","@id":"https:\/\/nature-et-developpement.com\/logisain-44\/#website","url":"https:\/\/nature-et-developpement.com\/logisain-44\/","name":"Logisain 44","description":"Logisain 44 est membre du groupement Nature &amp; D\u00e9veloppement","publisher":{"@id":"https:\/\/nature-et-developpement.com\/logisain-44\/#organization"},"potentialAction":[{"@type":"SearchAction","target":{"@type":"EntryPoint","urlTemplate":"https:\/\/nature-et-developpement.com\/logisain-44\/?s={search_term_string}"},"query-input":{"@type":"PropertyValueSpecification","valueRequired":true,"valueName":"search_term_string"}}],"inLanguage":"fr-FR"},{"@type":"Organization","@id":"https:\/\/nature-et-developpement.com\/logisain-44\/#organization","name":"Logisain 44","url":"https:\/\/nature-et-developpement.com\/logisain-44\/","logo":{"@type":"ImageObject","inLanguage":"fr-FR","@id":"https:\/\/nature-et-developpement.com\/logisain-44\/#\/schema\/logo\/image\/","url":"https:\/\/nature-et-developpement.com\/logisain-44\/wp-content\/uploads\/sites\/4\/2021\/08\/logo-logisain.jpg","contentUrl":"https:\/\/nature-et-developpement.com\/logisain-44\/wp-content\/uploads\/sites\/4\/2021\/08\/logo-logisain.jpg","width":672,"height":455,"caption":"Logisain 44"},"image":{"@id":"https:\/\/nature-et-developpement.com\/logisain-44\/#\/schema\/logo\/image\/"}}]}},"distributor_meta":false,"distributor_terms":false,"distributor_media":false,"distributor_original_site_name":"Logisain 44","distributor_original_site_url":"https:\/\/nature-et-developpement.com\/logisain-44","push-errors":false,"_links":{"self":[{"href":"https:\/\/nature-et-developpement.com\/logisain-44\/wp-json\/wp\/v2\/product\/13048","targetHints":{"allow":["GET"]}}],"collection":[{"href":"https:\/\/nature-et-developpement.com\/logisain-44\/wp-json\/wp\/v2\/product"}],"about":[{"href":"https:\/\/nature-et-developpement.com\/logisain-44\/wp-json\/wp\/v2\/types\/product"}],"wp:featuredmedia":[{"embeddable":true,"href":"https:\/\/nature-et-developpement.com\/logisain-44\/wp-json\/"}],"wp:attachment":[{"href":"https:\/\/nature-et-developpement.com\/logisain-44\/wp-json\/wp\/v2\/media?parent=13048"}],"wp:term":[{"taxonomy":"product_brand","embeddable":true,"href":"https:\/\/nature-et-developpement.com\/logisain-44\/wp-json\/wp\/v2\/product_brand?post=13048"},{"taxonomy":"product_cat","embeddable":true,"href":"https:\/\/nature-et-developpement.com\/logisain-44\/wp-json\/wp\/v2\/product_cat?post=13048"},{"taxonomy":"product_tag","embeddable":true,"href":"https:\/\/nature-et-developpement.com\/logisain-44\/wp-json\/wp\/v2\/product_tag?post=13048"}],"curies":[{"name":"wp","href":"https:\/\/api.w.org\/{rel}","templated":true}]}}