{"id":13398,"date":"2018-02-28T18:15:17","date_gmt":"2018-02-28T17:15:17","guid":{"rendered":"https:\/\/nature-et-developpement.com\/logisain\/produit\/sous-couche-daccroche-baticlay-et-sol-de-finition-argilus\/"},"modified":"2026-01-06T20:15:06","modified_gmt":"2026-01-06T19:15:06","slug":"sous-couche-daccroche-baticlay-argilus","status":"publish","type":"product","link":"https:\/\/nature-et-developpement.com\/logisain-44\/produit\/sous-couche-daccroche-baticlay-argilus\/","title":{"rendered":"Sous couche d&rsquo;accroche BATICLAY Argilus"},"content":{"rendered":"<h2>Sous couche d&rsquo;accroche pour faciliter l\u2019adh\u00e9rence des enduits ext\u00e9rieur<\/h2>\n<p>Sous-couche d\u2019impression structur\u00e9e destin\u00e9e \u00e0 recevoir l\u2019application de l\u2019enduit ARGILUS et d\u2019en<\/p>\n<p>faciliter l\u2019adh\u00e9rence notamment sur les supports lisses.<\/p>\n<p>S\u2019applique directement sur tous mat\u00e9riaux sains et propres, m\u00eame vieux fonds, \u00e0 l\u2019aide d\u2019un rouleau \u00e0 poils semi-longs :<\/p>\n<p>&#8211; Plaques de pl\u00e2tre<\/p>\n<p>&#8211; Fermacell<\/p>\n<p>&#8211; Pl\u00e2tre<\/p>\n<p>&#8211; Panneaux de li\u00e8ge<\/p>\n<p>&#8211; Panneaux de fibres de bois<\/p>\n<p>&#8211; B\u00e9ton cellulaire, Siporex<\/p>\n<p>&#8211; Supports d\u00e9j\u00e0 peints<\/p>\n<p>&#8211; Possibilit\u00e9 de dilution l\u00e9g\u00e8re \u00e0 l\u2019eau de 3 \u00e0 5%, par temps tr\u00e8s chaud, pour faciliter la mise en \u0153uvre.<\/p>\n<p>&#8211; Bien m\u00e9langer la sous-couche avant l\u2019application<\/p>\n<p>&#8211; D\u00e9poussi\u00e9rer le support<\/p>\n<p>&#8211; Appliquer la sous-couche d\u2019accroche Argilus \u00e0 l\u2019aide d\u2019un rouleau ou d\u2019une brosse large. Le rouleau devra \u00eatre \u00e0 poils semi-longs.<\/p>\n<p>&#8211; Proc\u00e9der \u00e0 la mise en \u0153uvre par des temp\u00e9ratures comprises entre + 5\u00b0 C et +30\u00b0C.<\/p>\n<p>&#8211; Nettoyage des outils \u00e0 l\u2019eau d\u00e8s l\u2019application termin\u00e9e<\/p>\n<p>&#8211; Laisser s\u00e9cher minimum 8 h avant d\u2019appliquer l\u2019enduit de finition d\u2019argile.<\/p>\n","protected":false},"excerpt":{"rendered":"<p>Sous-couche d\u2019accroche microporeuse structur\u00e9e destin\u00e9e \u00e0 l\u2019application des\u00a0BATICLAY et des sols de finition Argilus.<br \/>\nS\u2019applique directement sur tous mat\u00e9riaux sains et propres, m\u00eame vieux fonds.<\/p>\n<p>Bac de 20Kg en polypropyl\u00e8ne enti\u00e8rement recyclables.<br \/>\nPour environ 50m\u00b2.<\/p>\n<p><strong><span style=\"color: #008000\">TARIF VALABLE EN VENTE EN LIGNE UNIQUEMENT<br \/>\nFRAIS DE TRANSPORT \u00c0 PR\u00c9VOIR.<\/span><\/strong><br \/>\n<strong><span style=\"color: #008000\"><em>Le tarif pratiqu\u00e9 en magasin sur stock marchandise est diff\u00e9rent<br \/>\ncar il tient compte des co\u00fbts logistiques en vigueur.<\/em><\/span><\/strong><\/p>\n","protected":false},"featured_media":1000000169383,"template":"","meta":[],"product_brand":[10199],"product_cat":[7388,7453,10287,7430,7889],"product_tag":[11728],"class_list":{"0":"post-13398","1":"product","2":"type-product","3":"status-publish","4":"has-post-thumbnail","6":"product_brand-argilus","7":"product_cat-accessoires-construction","8":"product_cat-accessoires-peinture-et-enduit","9":"product_cat-demande-de-devis-uniquement-avec-prix","10":"product_cat-maconnerie","11":"product_cat-preparation-du-support","12":"product_tag-argilus","13":"product_shipping_class-peintures-accessoires-peintures","15":"first","16":"instock","17":"taxable","18":"shipping-taxable","19":"purchasable","20":"product-type-simple"},"yoast_head":"<!-- This site is optimized with the Yoast SEO plugin v27.5 - https:\/\/yoast.com\/product\/yoast-seo-wordpress\/ -->\n<title>Sous couche d&#039;accroche BATICLAY Argilus - Logisain 44<\/title>\n<meta name=\"description\" content=\"Sous-couche d\u2019accroche microporeuse structur\u00e9e destin\u00e9e \u00e0 l\u2019application des\u00a0BATICLAY et des sols de finition Argilus. S\u2019applique directement sur tous mat\u00e9riaux sains et propres, m\u00eame vieux fonds.  Bac de 20Kg en polypropyl\u00e8ne enti\u00e8rement recyclables. Pour environ 50m\u00b2.  TARIF VALABLE EN VENTE EN LIGNE UNIQUEMENT FRAIS DE TRANSPORT \u00c0 PR\u00c9VOIR. Le tarif pratiqu\u00e9 en magasin sur stock marchandise est diff\u00e9rent car il tient compte des co\u00fbts logistiques en vigueur. Loire-Atlantique\" \/>\n<meta name=\"robots\" content=\"noindex, nofollow\" \/>\n<meta property=\"og:locale\" content=\"fr_FR\" \/>\n<meta property=\"og:type\" content=\"article\" \/>\n<meta property=\"og:title\" content=\"Sous couche d&#039;accroche BATICLAY Argilus - Logisain 44\" \/>\n<meta property=\"og:description\" content=\"Sous-couche d\u2019accroche microporeuse structur\u00e9e destin\u00e9e \u00e0 l\u2019application des\u00a0BATICLAY et des sols de finition Argilus. S\u2019applique directement sur tous mat\u00e9riaux sains et propres, m\u00eame vieux fonds.  Bac de 20Kg en polypropyl\u00e8ne enti\u00e8rement recyclables. Pour environ 50m\u00b2.  TARIF VALABLE EN VENTE EN LIGNE UNIQUEMENT FRAIS DE TRANSPORT \u00c0 PR\u00c9VOIR. Le tarif pratiqu\u00e9 en magasin sur stock marchandise est diff\u00e9rent car il tient compte des co\u00fbts logistiques en vigueur. Loire-Atlantique\" \/>\n<meta property=\"og:url\" content=\"https:\/\/nature-et-developpement.com\/logisain-44\/produit\/sous-couche-daccroche-baticlay-argilus\/\" \/>\n<meta property=\"og:site_name\" content=\"Logisain 44\" \/>\n<meta property=\"article:modified_time\" content=\"2026-01-06T19:15:06+00:00\" \/>\n<meta name=\"twitter:card\" content=\"summary_large_image\" \/>\n<meta name=\"twitter:label1\" content=\"Dur\u00e9e de lecture estim\u00e9e\" \/>\n\t<meta name=\"twitter:data1\" content=\"1 minute\" \/>\n<script type=\"application\/ld+json\" class=\"yoast-schema-graph\">{\"@context\":\"https:\\\/\\\/schema.org\",\"@graph\":[{\"@type\":\"WebPage\",\"@id\":\"https:\\\/\\\/nature-et-developpement.com\\\/logisain-44\\\/produit\\\/sous-couche-daccroche-baticlay-argilus\\\/\",\"url\":\"https:\\\/\\\/nature-et-developpement.com\\\/logisain-44\\\/produit\\\/sous-couche-daccroche-baticlay-argilus\\\/\",\"name\":\"Sous couche d'accroche BATICLAY Argilus - Logisain 44\",\"isPartOf\":{\"@id\":\"https:\\\/\\\/nature-et-developpement.com\\\/logisain-44\\\/#website\"},\"primaryImageOfPage\":{\"@id\":\"https:\\\/\\\/nature-et-developpement.com\\\/logisain-44\\\/produit\\\/sous-couche-daccroche-baticlay-argilus\\\/#primaryimage\"},\"image\":{\"@id\":\"https:\\\/\\\/nature-et-developpement.com\\\/logisain-44\\\/produit\\\/sous-couche-daccroche-baticlay-argilus\\\/#primaryimage\"},\"thumbnailUrl\":\"https:\\\/\\\/nature-et-developpement.com\\\/logisain-44\\\/wp-content\\\/uploads\\\/Sous-couche-daccroche-BATICLAY-Argilus-20Kg.jpg\",\"datePublished\":\"2018-02-28T17:15:17+00:00\",\"dateModified\":\"2026-01-06T19:15:06+00:00\",\"description\":\"Sous-couche d\u2019accroche microporeuse structur\u00e9e destin\u00e9e \u00e0 l\u2019application des\u00a0BATICLAY et des sols de finition Argilus. S\u2019applique directement sur tous mat\u00e9riaux sains et propres, m\u00eame vieux fonds. Bac de 20Kg en polypropyl\u00e8ne enti\u00e8rement recyclables. Pour environ 50m\u00b2. TARIF VALABLE EN VENTE EN LIGNE UNIQUEMENT FRAIS DE TRANSPORT \u00c0 PR\u00c9VOIR. Le tarif pratiqu\u00e9 en magasin sur stock marchandise est diff\u00e9rent car il tient compte des co\u00fbts logistiques en vigueur. Loire-Atlantique\",\"breadcrumb\":{\"@id\":\"https:\\\/\\\/nature-et-developpement.com\\\/logisain-44\\\/produit\\\/sous-couche-daccroche-baticlay-argilus\\\/#breadcrumb\"},\"inLanguage\":\"fr-FR\",\"potentialAction\":[{\"@type\":\"ReadAction\",\"target\":[\"https:\\\/\\\/nature-et-developpement.com\\\/logisain-44\\\/produit\\\/sous-couche-daccroche-baticlay-argilus\\\/\"]}]},{\"@type\":\"ImageObject\",\"inLanguage\":\"fr-FR\",\"@id\":\"https:\\\/\\\/nature-et-developpement.com\\\/logisain-44\\\/produit\\\/sous-couche-daccroche-baticlay-argilus\\\/#primaryimage\",\"url\":\"https:\\\/\\\/nature-et-developpement.com\\\/logisain-44\\\/wp-content\\\/uploads\\\/Sous-couche-daccroche-BATICLAY-Argilus-20Kg.jpg\",\"contentUrl\":\"https:\\\/\\\/nature-et-developpement.com\\\/logisain-44\\\/wp-content\\\/uploads\\\/Sous-couche-daccroche-BATICLAY-Argilus-20Kg.jpg\"},{\"@type\":\"BreadcrumbList\",\"@id\":\"https:\\\/\\\/nature-et-developpement.com\\\/logisain-44\\\/produit\\\/sous-couche-daccroche-baticlay-argilus\\\/#breadcrumb\",\"itemListElement\":[{\"@type\":\"ListItem\",\"position\":1,\"name\":\"Accueil\",\"item\":\"https:\\\/\\\/nature-et-developpement.com\\\/logisain-44\\\/\"},{\"@type\":\"ListItem\",\"position\":2,\"name\":\"Produits\",\"item\":\"https:\\\/\\\/nature-et-developpement.com\\\/logisain-44\\\/shop\\\/\"},{\"@type\":\"ListItem\",\"position\":3,\"name\":\"Construction, cloison et fen\u00eatres\",\"item\":\"https:\\\/\\\/nature-et-developpement.com\\\/logisain-44\\\/produits\\\/construction\\\/\"},{\"@type\":\"ListItem\",\"position\":4,\"name\":\"Ma\u00e7onnerie\",\"item\":\"https:\\\/\\\/nature-et-developpement.com\\\/logisain-44\\\/produits\\\/construction\\\/maconnerie\\\/\"},{\"@type\":\"ListItem\",\"position\":5,\"name\":\"Sous couche d&rsquo;accroche BATICLAY Argilus\"}]},{\"@type\":\"WebSite\",\"@id\":\"https:\\\/\\\/nature-et-developpement.com\\\/logisain-44\\\/#website\",\"url\":\"https:\\\/\\\/nature-et-developpement.com\\\/logisain-44\\\/\",\"name\":\"Logisain 44\",\"description\":\"Logisain 44 est membre du groupement Nature &amp; D\u00e9veloppement\",\"publisher\":{\"@id\":\"https:\\\/\\\/nature-et-developpement.com\\\/logisain-44\\\/#organization\"},\"potentialAction\":[{\"@type\":\"SearchAction\",\"target\":{\"@type\":\"EntryPoint\",\"urlTemplate\":\"https:\\\/\\\/nature-et-developpement.com\\\/logisain-44\\\/?s={search_term_string}\"},\"query-input\":{\"@type\":\"PropertyValueSpecification\",\"valueRequired\":true,\"valueName\":\"search_term_string\"}}],\"inLanguage\":\"fr-FR\"},{\"@type\":\"Organization\",\"@id\":\"https:\\\/\\\/nature-et-developpement.com\\\/logisain-44\\\/#organization\",\"name\":\"Logisain 44\",\"url\":\"https:\\\/\\\/nature-et-developpement.com\\\/logisain-44\\\/\",\"logo\":{\"@type\":\"ImageObject\",\"inLanguage\":\"fr-FR\",\"@id\":\"https:\\\/\\\/nature-et-developpement.com\\\/logisain-44\\\/#\\\/schema\\\/logo\\\/image\\\/\",\"url\":\"https:\\\/\\\/nature-et-developpement.com\\\/logisain-44\\\/wp-content\\\/uploads\\\/sites\\\/4\\\/2021\\\/08\\\/logo-logisain.jpg\",\"contentUrl\":\"https:\\\/\\\/nature-et-developpement.com\\\/logisain-44\\\/wp-content\\\/uploads\\\/sites\\\/4\\\/2021\\\/08\\\/logo-logisain.jpg\",\"width\":672,\"height\":455,\"caption\":\"Logisain 44\"},\"image\":{\"@id\":\"https:\\\/\\\/nature-et-developpement.com\\\/logisain-44\\\/#\\\/schema\\\/logo\\\/image\\\/\"}}]}<\/script>\n<!-- \/ Yoast SEO plugin. -->","yoast_head_json":{"title":"Sous couche d'accroche BATICLAY Argilus - Logisain 44","description":"Sous-couche d\u2019accroche microporeuse structur\u00e9e destin\u00e9e \u00e0 l\u2019application des\u00a0BATICLAY et des sols de finition Argilus. S\u2019applique directement sur tous mat\u00e9riaux sains et propres, m\u00eame vieux fonds.  Bac de 20Kg en polypropyl\u00e8ne enti\u00e8rement recyclables. Pour environ 50m\u00b2.  TARIF VALABLE EN VENTE EN LIGNE UNIQUEMENT FRAIS DE TRANSPORT \u00c0 PR\u00c9VOIR. Le tarif pratiqu\u00e9 en magasin sur stock marchandise est diff\u00e9rent car il tient compte des co\u00fbts logistiques en vigueur. Loire-Atlantique","robots":{"index":"noindex","follow":"nofollow"},"og_locale":"fr_FR","og_type":"article","og_title":"Sous couche d'accroche BATICLAY Argilus - Logisain 44","og_description":"Sous-couche d\u2019accroche microporeuse structur\u00e9e destin\u00e9e \u00e0 l\u2019application des\u00a0BATICLAY et des sols de finition Argilus. S\u2019applique directement sur tous mat\u00e9riaux sains et propres, m\u00eame vieux fonds.  Bac de 20Kg en polypropyl\u00e8ne enti\u00e8rement recyclables. Pour environ 50m\u00b2.  TARIF VALABLE EN VENTE EN LIGNE UNIQUEMENT FRAIS DE TRANSPORT \u00c0 PR\u00c9VOIR. Le tarif pratiqu\u00e9 en magasin sur stock marchandise est diff\u00e9rent car il tient compte des co\u00fbts logistiques en vigueur. Loire-Atlantique","og_url":"https:\/\/nature-et-developpement.com\/logisain-44\/produit\/sous-couche-daccroche-baticlay-argilus\/","og_site_name":"Logisain 44","article_modified_time":"2026-01-06T19:15:06+00:00","twitter_card":"summary_large_image","twitter_misc":{"Dur\u00e9e de lecture estim\u00e9e":"1 minute"},"schema":{"@context":"https:\/\/schema.org","@graph":[{"@type":"WebPage","@id":"https:\/\/nature-et-developpement.com\/logisain-44\/produit\/sous-couche-daccroche-baticlay-argilus\/","url":"https:\/\/nature-et-developpement.com\/logisain-44\/produit\/sous-couche-daccroche-baticlay-argilus\/","name":"Sous couche d'accroche BATICLAY Argilus - Logisain 44","isPartOf":{"@id":"https:\/\/nature-et-developpement.com\/logisain-44\/#website"},"primaryImageOfPage":{"@id":"https:\/\/nature-et-developpement.com\/logisain-44\/produit\/sous-couche-daccroche-baticlay-argilus\/#primaryimage"},"image":{"@id":"https:\/\/nature-et-developpement.com\/logisain-44\/produit\/sous-couche-daccroche-baticlay-argilus\/#primaryimage"},"thumbnailUrl":"https:\/\/nature-et-developpement.com\/logisain-44\/wp-content\/uploads\/Sous-couche-daccroche-BATICLAY-Argilus-20Kg.jpg","datePublished":"2018-02-28T17:15:17+00:00","dateModified":"2026-01-06T19:15:06+00:00","description":"Sous-couche d\u2019accroche microporeuse structur\u00e9e destin\u00e9e \u00e0 l\u2019application des\u00a0BATICLAY et des sols de finition Argilus. S\u2019applique directement sur tous mat\u00e9riaux sains et propres, m\u00eame vieux fonds. Bac de 20Kg en polypropyl\u00e8ne enti\u00e8rement recyclables. Pour environ 50m\u00b2. TARIF VALABLE EN VENTE EN LIGNE UNIQUEMENT FRAIS DE TRANSPORT \u00c0 PR\u00c9VOIR. Le tarif pratiqu\u00e9 en magasin sur stock marchandise est diff\u00e9rent car il tient compte des co\u00fbts logistiques en vigueur. Loire-Atlantique","breadcrumb":{"@id":"https:\/\/nature-et-developpement.com\/logisain-44\/produit\/sous-couche-daccroche-baticlay-argilus\/#breadcrumb"},"inLanguage":"fr-FR","potentialAction":[{"@type":"ReadAction","target":["https:\/\/nature-et-developpement.com\/logisain-44\/produit\/sous-couche-daccroche-baticlay-argilus\/"]}]},{"@type":"ImageObject","inLanguage":"fr-FR","@id":"https:\/\/nature-et-developpement.com\/logisain-44\/produit\/sous-couche-daccroche-baticlay-argilus\/#primaryimage","url":"https:\/\/nature-et-developpement.com\/logisain-44\/wp-content\/uploads\/Sous-couche-daccroche-BATICLAY-Argilus-20Kg.jpg","contentUrl":"https:\/\/nature-et-developpement.com\/logisain-44\/wp-content\/uploads\/Sous-couche-daccroche-BATICLAY-Argilus-20Kg.jpg"},{"@type":"BreadcrumbList","@id":"https:\/\/nature-et-developpement.com\/logisain-44\/produit\/sous-couche-daccroche-baticlay-argilus\/#breadcrumb","itemListElement":[{"@type":"ListItem","position":1,"name":"Accueil","item":"https:\/\/nature-et-developpement.com\/logisain-44\/"},{"@type":"ListItem","position":2,"name":"Produits","item":"https:\/\/nature-et-developpement.com\/logisain-44\/shop\/"},{"@type":"ListItem","position":3,"name":"Construction, cloison et fen\u00eatres","item":"https:\/\/nature-et-developpement.com\/logisain-44\/produits\/construction\/"},{"@type":"ListItem","position":4,"name":"Ma\u00e7onnerie","item":"https:\/\/nature-et-developpement.com\/logisain-44\/produits\/construction\/maconnerie\/"},{"@type":"ListItem","position":5,"name":"Sous couche d&rsquo;accroche BATICLAY Argilus"}]},{"@type":"WebSite","@id":"https:\/\/nature-et-developpement.com\/logisain-44\/#website","url":"https:\/\/nature-et-developpement.com\/logisain-44\/","name":"Logisain 44","description":"Logisain 44 est membre du groupement Nature &amp; D\u00e9veloppement","publisher":{"@id":"https:\/\/nature-et-developpement.com\/logisain-44\/#organization"},"potentialAction":[{"@type":"SearchAction","target":{"@type":"EntryPoint","urlTemplate":"https:\/\/nature-et-developpement.com\/logisain-44\/?s={search_term_string}"},"query-input":{"@type":"PropertyValueSpecification","valueRequired":true,"valueName":"search_term_string"}}],"inLanguage":"fr-FR"},{"@type":"Organization","@id":"https:\/\/nature-et-developpement.com\/logisain-44\/#organization","name":"Logisain 44","url":"https:\/\/nature-et-developpement.com\/logisain-44\/","logo":{"@type":"ImageObject","inLanguage":"fr-FR","@id":"https:\/\/nature-et-developpement.com\/logisain-44\/#\/schema\/logo\/image\/","url":"https:\/\/nature-et-developpement.com\/logisain-44\/wp-content\/uploads\/sites\/4\/2021\/08\/logo-logisain.jpg","contentUrl":"https:\/\/nature-et-developpement.com\/logisain-44\/wp-content\/uploads\/sites\/4\/2021\/08\/logo-logisain.jpg","width":672,"height":455,"caption":"Logisain 44"},"image":{"@id":"https:\/\/nature-et-developpement.com\/logisain-44\/#\/schema\/logo\/image\/"}}]}},"distributor_meta":false,"distributor_terms":false,"distributor_media":false,"distributor_original_site_name":"Logisain 44","distributor_original_site_url":"https:\/\/nature-et-developpement.com\/logisain-44","push-errors":false,"_links":{"self":[{"href":"https:\/\/nature-et-developpement.com\/logisain-44\/wp-json\/wp\/v2\/product\/13398","targetHints":{"allow":["GET"]}}],"collection":[{"href":"https:\/\/nature-et-developpement.com\/logisain-44\/wp-json\/wp\/v2\/product"}],"about":[{"href":"https:\/\/nature-et-developpement.com\/logisain-44\/wp-json\/wp\/v2\/types\/product"}],"wp:featuredmedia":[{"embeddable":true,"href":"https:\/\/nature-et-developpement.com\/logisain-44\/wp-json\/"}],"wp:attachment":[{"href":"https:\/\/nature-et-developpement.com\/logisain-44\/wp-json\/wp\/v2\/media?parent=13398"}],"wp:term":[{"taxonomy":"product_brand","embeddable":true,"href":"https:\/\/nature-et-developpement.com\/logisain-44\/wp-json\/wp\/v2\/product_brand?post=13398"},{"taxonomy":"product_cat","embeddable":true,"href":"https:\/\/nature-et-developpement.com\/logisain-44\/wp-json\/wp\/v2\/product_cat?post=13398"},{"taxonomy":"product_tag","embeddable":true,"href":"https:\/\/nature-et-developpement.com\/logisain-44\/wp-json\/wp\/v2\/product_tag?post=13398"}],"curies":[{"name":"wp","href":"https:\/\/api.w.org\/{rel}","templated":true}]}}