{"id":13496,"date":"2023-06-23T12:16:28","date_gmt":"2023-06-23T10:16:28","guid":{"rendered":"https:\/\/nature-et-developpement.com\/logisain\/produit\/fenetre-mixte-bois-et-aluminium-sur-mesure-duoba-bieber\/"},"modified":"2025-10-22T10:50:06","modified_gmt":"2025-10-22T08:50:06","slug":"fenetre-mixte-bois-alu-sur-mesure-duoba-bieber","status":"publish","type":"product","link":"https:\/\/nature-et-developpement.com\/logisain-44\/produit\/fenetre-mixte-bois-alu-sur-mesure-duoba-bieber\/","title":{"rendered":"Fen\u00eatre mixte Bois et Aluminium sur mesure DUOBA BIEBER"},"content":{"rendered":"<h2>90 ans DE SAVOIR-FAIRE et D\u2019INNOVATIONS<\/h2>\n<h3>Une fabrication 100% fran\u00e7aise<\/h3>\n<p>La ligne mixte Duoba\u00ae allie le confort du bois \u00e0 l\u2019int\u00e9rieur et l\u2019\u00e9l\u00e9gance architecturale du capotage aluminium \u00e0 l\u2019ext\u00e9rieur.<\/p>\n<p>Ses performances &#8211; la meilleure du march\u00e9 dans sa cat\u00e9gorie au plan thermique et ses variations de couleurs en font une r\u00e9f\u00e9rence pour les ma\u00eetres d\u2019ouvrages et les architectes.<\/p>\n<p>Fabricant expert de menuiseries ext\u00e9rieures sur mesure depuis 1928, acteur parmi les plus novateurs du march\u00e9<\/p>\n<p>Bieber d\u00e9ploie des solutions bois, mixtes et aluminium pour le r\u00e9sidentiel et le tertiaire.<\/p>\n<p>L\u2019entreprise propose un \u00e9ventail complet de fen\u00eatres, portes-fen\u00eatres, coulissants, ch\u00e2ssis et portes garantis par le savoir-faire de ses ma\u00eetres-artisans.<\/p>\n<p>La rigueur de son bureau d\u2019\u00e9tudes et la puissance de son outil industriel, en Alsace et en Aquitaine.<\/p>\n<p>&nbsp;<\/p>\n","protected":false},"excerpt":{"rendered":"<p>La ligne mixte Duoba\u00ae allie le confort du bois \u00e0 l\u2019int\u00e9rieur et l\u2019\u00e9l\u00e9gance architecturale du capotage aluminium \u00e0 l\u2019ext\u00e9rieur.<\/p>\n","protected":false},"featured_media":1000000165824,"template":"","meta":[],"product_brand":[10224],"product_cat":[10292,7532],"product_tag":[11742],"class_list":{"0":"post-13496","1":"product","2":"type-product","3":"status-publish","4":"has-post-thumbnail","6":"product_brand-bieber","7":"product_cat-demande-de-devis-uniquement-sans-prix","8":"product_cat-menuiseries-exterieures","9":"product_tag-bieber","10":"product_shipping_class-impact-transport-important","12":"first","13":"instock","14":"taxable","15":"shipping-taxable","16":"purchasable","17":"product-type-variable"},"yoast_head":"<!-- This site is optimized with the Yoast SEO plugin v27.5 - https:\/\/yoast.com\/product\/yoast-seo-wordpress\/ -->\n<title>Fen\u00eatre mixte Bois et Aluminium sur mesure DUOBA BIEBER - Logisain 44<\/title>\n<meta name=\"description\" content=\"La ligne mixte Duoba\u00ae allie le confort du bois \u00e0 l\u2019int\u00e9rieur et l\u2019\u00e9l\u00e9gance architecturale du capotage aluminium \u00e0 l\u2019ext\u00e9rieur. Loire-Atlantique\" \/>\n<meta name=\"robots\" content=\"noindex, nofollow\" \/>\n<meta property=\"og:locale\" content=\"fr_FR\" \/>\n<meta property=\"og:type\" content=\"article\" \/>\n<meta property=\"og:title\" content=\"Fen\u00eatre mixte Bois et Aluminium sur mesure DUOBA BIEBER - Logisain 44\" \/>\n<meta property=\"og:description\" content=\"La ligne mixte Duoba\u00ae allie le confort du bois \u00e0 l\u2019int\u00e9rieur et l\u2019\u00e9l\u00e9gance architecturale du capotage aluminium \u00e0 l\u2019ext\u00e9rieur. Loire-Atlantique\" \/>\n<meta property=\"og:url\" content=\"https:\/\/nature-et-developpement.com\/logisain-44\/produit\/fenetre-mixte-bois-alu-sur-mesure-duoba-bieber\/\" \/>\n<meta property=\"og:site_name\" content=\"Logisain 44\" \/>\n<meta property=\"article:modified_time\" content=\"2025-10-22T08:50:06+00:00\" \/>\n<meta name=\"twitter:card\" content=\"summary_large_image\" \/>\n<meta name=\"twitter:label1\" content=\"Dur\u00e9e de lecture estim\u00e9e\" \/>\n\t<meta name=\"twitter:data1\" content=\"1 minute\" \/>\n<script type=\"application\/ld+json\" class=\"yoast-schema-graph\">{\"@context\":\"https:\\\/\\\/schema.org\",\"@graph\":[{\"@type\":\"WebPage\",\"@id\":\"https:\\\/\\\/nature-et-developpement.com\\\/logisain-44\\\/produit\\\/fenetre-mixte-bois-alu-sur-mesure-duoba-bieber\\\/\",\"url\":\"https:\\\/\\\/nature-et-developpement.com\\\/logisain-44\\\/produit\\\/fenetre-mixte-bois-alu-sur-mesure-duoba-bieber\\\/\",\"name\":\"Fen\u00eatre mixte Bois et Aluminium sur mesure DUOBA BIEBER - Logisain 44\",\"isPartOf\":{\"@id\":\"https:\\\/\\\/nature-et-developpement.com\\\/logisain-44\\\/#website\"},\"primaryImageOfPage\":{\"@id\":\"https:\\\/\\\/nature-et-developpement.com\\\/logisain-44\\\/produit\\\/fenetre-mixte-bois-alu-sur-mesure-duoba-bieber\\\/#primaryimage\"},\"image\":{\"@id\":\"https:\\\/\\\/nature-et-developpement.com\\\/logisain-44\\\/produit\\\/fenetre-mixte-bois-alu-sur-mesure-duoba-bieber\\\/#primaryimage\"},\"thumbnailUrl\":\"https:\\\/\\\/nature-et-developpement.com\\\/logisain-44\\\/wp-content\\\/uploads\\\/Fenetre-mixte-Bois-et-Aluminium-sur-mesure-DUOBA-de-BIEBER.jpg\",\"datePublished\":\"2023-06-23T10:16:28+00:00\",\"dateModified\":\"2025-10-22T08:50:06+00:00\",\"description\":\"La ligne mixte Duoba\u00ae allie le confort du bois \u00e0 l\u2019int\u00e9rieur et l\u2019\u00e9l\u00e9gance architecturale du capotage aluminium \u00e0 l\u2019ext\u00e9rieur. Loire-Atlantique\",\"breadcrumb\":{\"@id\":\"https:\\\/\\\/nature-et-developpement.com\\\/logisain-44\\\/produit\\\/fenetre-mixte-bois-alu-sur-mesure-duoba-bieber\\\/#breadcrumb\"},\"inLanguage\":\"fr-FR\",\"potentialAction\":[{\"@type\":\"ReadAction\",\"target\":[\"https:\\\/\\\/nature-et-developpement.com\\\/logisain-44\\\/produit\\\/fenetre-mixte-bois-alu-sur-mesure-duoba-bieber\\\/\"]}]},{\"@type\":\"ImageObject\",\"inLanguage\":\"fr-FR\",\"@id\":\"https:\\\/\\\/nature-et-developpement.com\\\/logisain-44\\\/produit\\\/fenetre-mixte-bois-alu-sur-mesure-duoba-bieber\\\/#primaryimage\",\"url\":\"https:\\\/\\\/nature-et-developpement.com\\\/logisain-44\\\/wp-content\\\/uploads\\\/Fenetre-mixte-Bois-et-Aluminium-sur-mesure-DUOBA-de-BIEBER.jpg\",\"contentUrl\":\"https:\\\/\\\/nature-et-developpement.com\\\/logisain-44\\\/wp-content\\\/uploads\\\/Fenetre-mixte-Bois-et-Aluminium-sur-mesure-DUOBA-de-BIEBER.jpg\"},{\"@type\":\"BreadcrumbList\",\"@id\":\"https:\\\/\\\/nature-et-developpement.com\\\/logisain-44\\\/produit\\\/fenetre-mixte-bois-alu-sur-mesure-duoba-bieber\\\/#breadcrumb\",\"itemListElement\":[{\"@type\":\"ListItem\",\"position\":1,\"name\":\"Accueil\",\"item\":\"https:\\\/\\\/nature-et-developpement.com\\\/logisain-44\\\/\"},{\"@type\":\"ListItem\",\"position\":2,\"name\":\"Produits\",\"item\":\"https:\\\/\\\/nature-et-developpement.com\\\/logisain-44\\\/shop\\\/\"},{\"@type\":\"ListItem\",\"position\":3,\"name\":\"Construction, cloison et fen\u00eatres\",\"item\":\"https:\\\/\\\/nature-et-developpement.com\\\/logisain-44\\\/produits\\\/construction\\\/\"},{\"@type\":\"ListItem\",\"position\":4,\"name\":\"Menuiserie ext\u00e9rieure\",\"item\":\"https:\\\/\\\/nature-et-developpement.com\\\/logisain-44\\\/produits\\\/construction\\\/menuiseries-exterieures\\\/\"},{\"@type\":\"ListItem\",\"position\":5,\"name\":\"Fen\u00eatre mixte Bois et Aluminium sur mesure DUOBA BIEBER\"}]},{\"@type\":\"WebSite\",\"@id\":\"https:\\\/\\\/nature-et-developpement.com\\\/logisain-44\\\/#website\",\"url\":\"https:\\\/\\\/nature-et-developpement.com\\\/logisain-44\\\/\",\"name\":\"Logisain 44\",\"description\":\"Logisain 44 est membre du groupement Nature &amp; D\u00e9veloppement\",\"publisher\":{\"@id\":\"https:\\\/\\\/nature-et-developpement.com\\\/logisain-44\\\/#organization\"},\"potentialAction\":[{\"@type\":\"SearchAction\",\"target\":{\"@type\":\"EntryPoint\",\"urlTemplate\":\"https:\\\/\\\/nature-et-developpement.com\\\/logisain-44\\\/?s={search_term_string}\"},\"query-input\":{\"@type\":\"PropertyValueSpecification\",\"valueRequired\":true,\"valueName\":\"search_term_string\"}}],\"inLanguage\":\"fr-FR\"},{\"@type\":\"Organization\",\"@id\":\"https:\\\/\\\/nature-et-developpement.com\\\/logisain-44\\\/#organization\",\"name\":\"Logisain 44\",\"url\":\"https:\\\/\\\/nature-et-developpement.com\\\/logisain-44\\\/\",\"logo\":{\"@type\":\"ImageObject\",\"inLanguage\":\"fr-FR\",\"@id\":\"https:\\\/\\\/nature-et-developpement.com\\\/logisain-44\\\/#\\\/schema\\\/logo\\\/image\\\/\",\"url\":\"https:\\\/\\\/nature-et-developpement.com\\\/logisain-44\\\/wp-content\\\/uploads\\\/sites\\\/4\\\/2021\\\/08\\\/logo-logisain.jpg\",\"contentUrl\":\"https:\\\/\\\/nature-et-developpement.com\\\/logisain-44\\\/wp-content\\\/uploads\\\/sites\\\/4\\\/2021\\\/08\\\/logo-logisain.jpg\",\"width\":672,\"height\":455,\"caption\":\"Logisain 44\"},\"image\":{\"@id\":\"https:\\\/\\\/nature-et-developpement.com\\\/logisain-44\\\/#\\\/schema\\\/logo\\\/image\\\/\"}}]}<\/script>\n<!-- \/ Yoast SEO plugin. -->","yoast_head_json":{"title":"Fen\u00eatre mixte Bois et Aluminium sur mesure DUOBA BIEBER - Logisain 44","description":"La ligne mixte Duoba\u00ae allie le confort du bois \u00e0 l\u2019int\u00e9rieur et l\u2019\u00e9l\u00e9gance architecturale du capotage aluminium \u00e0 l\u2019ext\u00e9rieur. Loire-Atlantique","robots":{"index":"noindex","follow":"nofollow"},"og_locale":"fr_FR","og_type":"article","og_title":"Fen\u00eatre mixte Bois et Aluminium sur mesure DUOBA BIEBER - Logisain 44","og_description":"La ligne mixte Duoba\u00ae allie le confort du bois \u00e0 l\u2019int\u00e9rieur et l\u2019\u00e9l\u00e9gance architecturale du capotage aluminium \u00e0 l\u2019ext\u00e9rieur. Loire-Atlantique","og_url":"https:\/\/nature-et-developpement.com\/logisain-44\/produit\/fenetre-mixte-bois-alu-sur-mesure-duoba-bieber\/","og_site_name":"Logisain 44","article_modified_time":"2025-10-22T08:50:06+00:00","twitter_card":"summary_large_image","twitter_misc":{"Dur\u00e9e de lecture estim\u00e9e":"1 minute"},"schema":{"@context":"https:\/\/schema.org","@graph":[{"@type":"WebPage","@id":"https:\/\/nature-et-developpement.com\/logisain-44\/produit\/fenetre-mixte-bois-alu-sur-mesure-duoba-bieber\/","url":"https:\/\/nature-et-developpement.com\/logisain-44\/produit\/fenetre-mixte-bois-alu-sur-mesure-duoba-bieber\/","name":"Fen\u00eatre mixte Bois et Aluminium sur mesure DUOBA BIEBER - Logisain 44","isPartOf":{"@id":"https:\/\/nature-et-developpement.com\/logisain-44\/#website"},"primaryImageOfPage":{"@id":"https:\/\/nature-et-developpement.com\/logisain-44\/produit\/fenetre-mixte-bois-alu-sur-mesure-duoba-bieber\/#primaryimage"},"image":{"@id":"https:\/\/nature-et-developpement.com\/logisain-44\/produit\/fenetre-mixte-bois-alu-sur-mesure-duoba-bieber\/#primaryimage"},"thumbnailUrl":"https:\/\/nature-et-developpement.com\/logisain-44\/wp-content\/uploads\/Fenetre-mixte-Bois-et-Aluminium-sur-mesure-DUOBA-de-BIEBER.jpg","datePublished":"2023-06-23T10:16:28+00:00","dateModified":"2025-10-22T08:50:06+00:00","description":"La ligne mixte Duoba\u00ae allie le confort du bois \u00e0 l\u2019int\u00e9rieur et l\u2019\u00e9l\u00e9gance architecturale du capotage aluminium \u00e0 l\u2019ext\u00e9rieur. Loire-Atlantique","breadcrumb":{"@id":"https:\/\/nature-et-developpement.com\/logisain-44\/produit\/fenetre-mixte-bois-alu-sur-mesure-duoba-bieber\/#breadcrumb"},"inLanguage":"fr-FR","potentialAction":[{"@type":"ReadAction","target":["https:\/\/nature-et-developpement.com\/logisain-44\/produit\/fenetre-mixte-bois-alu-sur-mesure-duoba-bieber\/"]}]},{"@type":"ImageObject","inLanguage":"fr-FR","@id":"https:\/\/nature-et-developpement.com\/logisain-44\/produit\/fenetre-mixte-bois-alu-sur-mesure-duoba-bieber\/#primaryimage","url":"https:\/\/nature-et-developpement.com\/logisain-44\/wp-content\/uploads\/Fenetre-mixte-Bois-et-Aluminium-sur-mesure-DUOBA-de-BIEBER.jpg","contentUrl":"https:\/\/nature-et-developpement.com\/logisain-44\/wp-content\/uploads\/Fenetre-mixte-Bois-et-Aluminium-sur-mesure-DUOBA-de-BIEBER.jpg"},{"@type":"BreadcrumbList","@id":"https:\/\/nature-et-developpement.com\/logisain-44\/produit\/fenetre-mixte-bois-alu-sur-mesure-duoba-bieber\/#breadcrumb","itemListElement":[{"@type":"ListItem","position":1,"name":"Accueil","item":"https:\/\/nature-et-developpement.com\/logisain-44\/"},{"@type":"ListItem","position":2,"name":"Produits","item":"https:\/\/nature-et-developpement.com\/logisain-44\/shop\/"},{"@type":"ListItem","position":3,"name":"Construction, cloison et fen\u00eatres","item":"https:\/\/nature-et-developpement.com\/logisain-44\/produits\/construction\/"},{"@type":"ListItem","position":4,"name":"Menuiserie ext\u00e9rieure","item":"https:\/\/nature-et-developpement.com\/logisain-44\/produits\/construction\/menuiseries-exterieures\/"},{"@type":"ListItem","position":5,"name":"Fen\u00eatre mixte Bois et Aluminium sur mesure DUOBA BIEBER"}]},{"@type":"WebSite","@id":"https:\/\/nature-et-developpement.com\/logisain-44\/#website","url":"https:\/\/nature-et-developpement.com\/logisain-44\/","name":"Logisain 44","description":"Logisain 44 est membre du groupement Nature &amp; D\u00e9veloppement","publisher":{"@id":"https:\/\/nature-et-developpement.com\/logisain-44\/#organization"},"potentialAction":[{"@type":"SearchAction","target":{"@type":"EntryPoint","urlTemplate":"https:\/\/nature-et-developpement.com\/logisain-44\/?s={search_term_string}"},"query-input":{"@type":"PropertyValueSpecification","valueRequired":true,"valueName":"search_term_string"}}],"inLanguage":"fr-FR"},{"@type":"Organization","@id":"https:\/\/nature-et-developpement.com\/logisain-44\/#organization","name":"Logisain 44","url":"https:\/\/nature-et-developpement.com\/logisain-44\/","logo":{"@type":"ImageObject","inLanguage":"fr-FR","@id":"https:\/\/nature-et-developpement.com\/logisain-44\/#\/schema\/logo\/image\/","url":"https:\/\/nature-et-developpement.com\/logisain-44\/wp-content\/uploads\/sites\/4\/2021\/08\/logo-logisain.jpg","contentUrl":"https:\/\/nature-et-developpement.com\/logisain-44\/wp-content\/uploads\/sites\/4\/2021\/08\/logo-logisain.jpg","width":672,"height":455,"caption":"Logisain 44"},"image":{"@id":"https:\/\/nature-et-developpement.com\/logisain-44\/#\/schema\/logo\/image\/"}}]}},"distributor_meta":false,"distributor_terms":false,"distributor_media":false,"distributor_original_site_name":"Logisain 44","distributor_original_site_url":"https:\/\/nature-et-developpement.com\/logisain-44","push-errors":false,"_links":{"self":[{"href":"https:\/\/nature-et-developpement.com\/logisain-44\/wp-json\/wp\/v2\/product\/13496","targetHints":{"allow":["GET"]}}],"collection":[{"href":"https:\/\/nature-et-developpement.com\/logisain-44\/wp-json\/wp\/v2\/product"}],"about":[{"href":"https:\/\/nature-et-developpement.com\/logisain-44\/wp-json\/wp\/v2\/types\/product"}],"wp:featuredmedia":[{"embeddable":true,"href":"https:\/\/nature-et-developpement.com\/logisain-44\/wp-json\/"}],"wp:attachment":[{"href":"https:\/\/nature-et-developpement.com\/logisain-44\/wp-json\/wp\/v2\/media?parent=13496"}],"wp:term":[{"taxonomy":"product_brand","embeddable":true,"href":"https:\/\/nature-et-developpement.com\/logisain-44\/wp-json\/wp\/v2\/product_brand?post=13496"},{"taxonomy":"product_cat","embeddable":true,"href":"https:\/\/nature-et-developpement.com\/logisain-44\/wp-json\/wp\/v2\/product_cat?post=13496"},{"taxonomy":"product_tag","embeddable":true,"href":"https:\/\/nature-et-developpement.com\/logisain-44\/wp-json\/wp\/v2\/product_tag?post=13496"}],"curies":[{"name":"wp","href":"https:\/\/api.w.org\/{rel}","templated":true}]}}