{"id":13507,"date":"2023-11-23T12:16:26","date_gmt":"2023-11-23T11:16:26","guid":{"rendered":"https:\/\/nature-et-developpement.com\/logisain\/produit\/fenetre-bois-sur-mesure-inova-bieber\/"},"modified":"2025-10-22T10:00:06","modified_gmt":"2025-10-22T08:00:06","slug":"fenetre-bois-sur-mesure-inova-bieber","status":"publish","type":"product","link":"https:\/\/nature-et-developpement.com\/logisain-44\/produit\/fenetre-bois-sur-mesure-inova-bieber\/","title":{"rendered":"Fen\u00eatre Bois sur mesure INOVA BIEBER"},"content":{"rendered":"<h2><strong>Fen\u00eatres bois sur mesure INOVA BIEBER : la chaleur du bois et les performances d&rsquo;aujourd&rsquo;hui<\/strong><\/h2>\n<p>Faites entrer la chaleur du bois dans votre maison avec les fen\u00eatres <strong>sur mesure<\/strong> INOVA BIEBER. Ces fen\u00eatres, fabriqu\u00e9es en France, sont con\u00e7ues pour r\u00e9pondre \u00e0 tous vos besoins, qu&rsquo;ils soient esth\u00e9tiques ou techniques. L&rsquo;huisserie en bois d&rsquo;INOVA BIEBER offre un mariage parfait entre esth\u00e9tique et performance.<\/p>\n<p>Le bois, un mat\u00e9riau noble et <strong>performant<\/strong>, conf\u00e8re \u00e0 votre int\u00e9rieur une touche chaleureuse et cocoon. Il repr\u00e9sente \u00e9galement un mat\u00e9riau performant, garantissant une isolation thermique et acoustique de qualit\u00e9. Les fen\u00eatres <strong>INOVA BIEBER<\/strong> sont \u00e9labor\u00e9es \u00e0 partir de <strong>bois massif<\/strong> tris plis, assurant solidit\u00e9 et durabilit\u00e9. Dot\u00e9es de <strong>double vitrage<\/strong> ou <strong>triple vitrages<\/strong>, elles offrent un confort et une <strong>performance thermique<\/strong> optimal, cr\u00e9ant ainsi une atmosph\u00e8re et une luminosit\u00e9 agr\u00e9able dans votre maison.<\/p>\n<p>INOVA BIEBER propose un \u00e9ventail \u00e9tendu de styles et de finitions pour ses <strong>fen\u00eatres en bois<\/strong>. Vous avez la possibilit\u00e9 de personnaliser la forme de vos fen\u00eatres, la couleur du bois, dans des teintes propos\u00e9es ou avec une r\u00e9f\u00e9rence RAL, ainsi que le type de vitrage.<\/p>\n<p>Le type d&rsquo;ouverture est infini avec des ch\u00e2ssis fixes, des ouvertures \u00e0 la fran\u00e7aise, un vantail ou deux vantaux, oscillo-battant, pivotant ou encore \u00e0 d\u00e9boitement ou translation.<\/p>\n<p>Ajoutez une touche distinctive avec des \u00e9l\u00e9ments d\u00e9coratifs tels que des croisillons ou des anses de panier, adaptant ainsi vos fen\u00eatres \u00e0 l&rsquo;esth\u00e9tique de votre maison, qu&rsquo;elle soit <strong>traditionnelle<\/strong> ou <strong>moderne<\/strong>.<\/p>\n<h4>Fabriqu\u00e9 en France<\/h4>\n<p>En mettant l&rsquo;accent sur la <strong>fabrication 100% fran\u00e7aise<\/strong>, les fen\u00eatres INOVA BIEBER sont produites dans des ateliers certifi\u00e9s <strong>ISO 9001<\/strong>, garantissant la qualit\u00e9 de fabrication et le respect des normes environnementales. Un choix responsable pour allier \u00e9l\u00e9gance et \u00e9co-responsabilit\u00e9.<\/p>\n<p>Pour r\u00e9pondre \u00e0 vos besoins sp\u00e9cifiques, les <strong>fen\u00eatres<\/strong> en bois double vitrage <strong>INOVA BIEBER<\/strong> offrent diff\u00e9rentes techniques de pose. Optez pour la pose en <strong>r\u00e9novation<\/strong>, une solution \u00e9conomique qui remplace les anciennes fen\u00eatres sans alt\u00e9rer la structure existante. La <strong>pose en neuf<\/strong>, plus esth\u00e9tique, permet la cr\u00e9ation d&rsquo;<strong>ouvertures<\/strong> sur mesure, tandis que la pose en r\u00e9novation avec d\u00e9pose totale offre une solution compl\u00e8te en rempla\u00e7ant int\u00e9gralement les <strong>anciennes fen\u00eatres<\/strong>.<\/p>\n<p>En conclusion, les <strong>fen\u00eatres INOVA BIEBER<\/strong> incarnent la solution id\u00e9ale pour apporter <strong>chaleur<\/strong> et <strong>performances<\/strong> \u00e0 votre maison. Personnalisez-les selon vos pr\u00e9f\u00e9rences et votre style pour cr\u00e9er une ambiance unique, et ce, tout en b\u00e9n\u00e9ficiant de la qualit\u00e9 et du <strong>savoir-faire fran\u00e7ais<\/strong>.<\/p>\n","protected":false},"excerpt":{"rendered":"<p>Fen\u00eatres bois sur mesure INOVA BIEBER : choisissez la chaleur du bois et les performances d&rsquo;aujourd&rsquo;hui.<br \/>\nPersonnalisez vos fen\u00eatres en fonction de vos envies et de votre style.<\/p>\n","protected":false},"featured_media":1000000165812,"template":"","meta":[],"product_brand":[10224],"product_cat":[10292,7532],"product_tag":[11742],"class_list":{"0":"post-13507","1":"product","2":"type-product","3":"status-publish","4":"has-post-thumbnail","6":"product_brand-bieber","7":"product_cat-demande-de-devis-uniquement-sans-prix","8":"product_cat-menuiseries-exterieures","9":"product_tag-bieber","10":"product_shipping_class-impact-transport-important","12":"first","13":"instock","14":"taxable","15":"shipping-taxable","16":"purchasable","17":"product-type-variable"},"yoast_head":"<!-- This site is optimized with the Yoast SEO plugin v27.5 - https:\/\/yoast.com\/product\/yoast-seo-wordpress\/ -->\n<title>Fen\u00eatre Bois sur mesure INOVA BIEBER - Logisain 44<\/title>\n<meta name=\"description\" content=\"Fen\u00eatres bois sur mesure INOVA BIEBER, choisissez la chaleur du bois et les performances d&#039;aujourd&#039;hui. Personnalisez vos fen\u00eatres. Fabriqu\u00e9 100% en France\" \/>\n<meta name=\"robots\" content=\"noindex, nofollow\" \/>\n<meta property=\"og:locale\" content=\"fr_FR\" \/>\n<meta property=\"og:type\" content=\"article\" \/>\n<meta property=\"og:title\" content=\"Fen\u00eatre Bois sur mesure INOVA BIEBER - Logisain 44\" \/>\n<meta property=\"og:description\" content=\"Fen\u00eatres bois sur mesure INOVA BIEBER, choisissez la chaleur du bois et les performances d&#039;aujourd&#039;hui. Personnalisez vos fen\u00eatres. Fabriqu\u00e9 100% en France\" \/>\n<meta property=\"og:url\" content=\"https:\/\/nature-et-developpement.com\/logisain-44\/produit\/fenetre-bois-sur-mesure-inova-bieber\/\" \/>\n<meta property=\"og:site_name\" content=\"Logisain 44\" \/>\n<meta property=\"article:modified_time\" content=\"2025-10-22T08:00:06+00:00\" \/>\n<meta name=\"twitter:card\" content=\"summary_large_image\" \/>\n<meta name=\"twitter:label1\" content=\"Dur\u00e9e de lecture estim\u00e9e\" \/>\n\t<meta name=\"twitter:data1\" content=\"1 minute\" \/>\n<script type=\"application\/ld+json\" class=\"yoast-schema-graph\">{\"@context\":\"https:\\\/\\\/schema.org\",\"@graph\":[{\"@type\":\"WebPage\",\"@id\":\"https:\\\/\\\/nature-et-developpement.com\\\/logisain-44\\\/produit\\\/fenetre-bois-sur-mesure-inova-bieber\\\/\",\"url\":\"https:\\\/\\\/nature-et-developpement.com\\\/logisain-44\\\/produit\\\/fenetre-bois-sur-mesure-inova-bieber\\\/\",\"name\":\"Fen\u00eatre Bois sur mesure INOVA BIEBER - Logisain 44\",\"isPartOf\":{\"@id\":\"https:\\\/\\\/nature-et-developpement.com\\\/logisain-44\\\/#website\"},\"primaryImageOfPage\":{\"@id\":\"https:\\\/\\\/nature-et-developpement.com\\\/logisain-44\\\/produit\\\/fenetre-bois-sur-mesure-inova-bieber\\\/#primaryimage\"},\"image\":{\"@id\":\"https:\\\/\\\/nature-et-developpement.com\\\/logisain-44\\\/produit\\\/fenetre-bois-sur-mesure-inova-bieber\\\/#primaryimage\"},\"thumbnailUrl\":\"https:\\\/\\\/nature-et-developpement.com\\\/logisain-44\\\/wp-content\\\/uploads\\\/Fenetre-bois-sur-mesure-INOVA-de-BIEBER.jpg\",\"datePublished\":\"2023-11-23T11:16:26+00:00\",\"dateModified\":\"2025-10-22T08:00:06+00:00\",\"description\":\"Fen\u00eatres bois sur mesure INOVA BIEBER, choisissez la chaleur du bois et les performances d'aujourd'hui. Personnalisez vos fen\u00eatres. Fabriqu\u00e9 100% en France\",\"breadcrumb\":{\"@id\":\"https:\\\/\\\/nature-et-developpement.com\\\/logisain-44\\\/produit\\\/fenetre-bois-sur-mesure-inova-bieber\\\/#breadcrumb\"},\"inLanguage\":\"fr-FR\",\"potentialAction\":[{\"@type\":\"ReadAction\",\"target\":[\"https:\\\/\\\/nature-et-developpement.com\\\/logisain-44\\\/produit\\\/fenetre-bois-sur-mesure-inova-bieber\\\/\"]}]},{\"@type\":\"ImageObject\",\"inLanguage\":\"fr-FR\",\"@id\":\"https:\\\/\\\/nature-et-developpement.com\\\/logisain-44\\\/produit\\\/fenetre-bois-sur-mesure-inova-bieber\\\/#primaryimage\",\"url\":\"https:\\\/\\\/nature-et-developpement.com\\\/logisain-44\\\/wp-content\\\/uploads\\\/Fenetre-bois-sur-mesure-INOVA-de-BIEBER.jpg\",\"contentUrl\":\"https:\\\/\\\/nature-et-developpement.com\\\/logisain-44\\\/wp-content\\\/uploads\\\/Fenetre-bois-sur-mesure-INOVA-de-BIEBER.jpg\"},{\"@type\":\"BreadcrumbList\",\"@id\":\"https:\\\/\\\/nature-et-developpement.com\\\/logisain-44\\\/produit\\\/fenetre-bois-sur-mesure-inova-bieber\\\/#breadcrumb\",\"itemListElement\":[{\"@type\":\"ListItem\",\"position\":1,\"name\":\"Accueil\",\"item\":\"https:\\\/\\\/nature-et-developpement.com\\\/logisain-44\\\/\"},{\"@type\":\"ListItem\",\"position\":2,\"name\":\"Produits\",\"item\":\"https:\\\/\\\/nature-et-developpement.com\\\/logisain-44\\\/shop\\\/\"},{\"@type\":\"ListItem\",\"position\":3,\"name\":\"Construction, cloison et fen\u00eatres\",\"item\":\"https:\\\/\\\/nature-et-developpement.com\\\/logisain-44\\\/produits\\\/construction\\\/\"},{\"@type\":\"ListItem\",\"position\":4,\"name\":\"Menuiserie ext\u00e9rieure\",\"item\":\"https:\\\/\\\/nature-et-developpement.com\\\/logisain-44\\\/produits\\\/construction\\\/menuiseries-exterieures\\\/\"},{\"@type\":\"ListItem\",\"position\":5,\"name\":\"Fen\u00eatre Bois sur mesure INOVA BIEBER\"}]},{\"@type\":\"WebSite\",\"@id\":\"https:\\\/\\\/nature-et-developpement.com\\\/logisain-44\\\/#website\",\"url\":\"https:\\\/\\\/nature-et-developpement.com\\\/logisain-44\\\/\",\"name\":\"Logisain 44\",\"description\":\"Logisain 44 est membre du groupement Nature &amp; D\u00e9veloppement\",\"publisher\":{\"@id\":\"https:\\\/\\\/nature-et-developpement.com\\\/logisain-44\\\/#organization\"},\"potentialAction\":[{\"@type\":\"SearchAction\",\"target\":{\"@type\":\"EntryPoint\",\"urlTemplate\":\"https:\\\/\\\/nature-et-developpement.com\\\/logisain-44\\\/?s={search_term_string}\"},\"query-input\":{\"@type\":\"PropertyValueSpecification\",\"valueRequired\":true,\"valueName\":\"search_term_string\"}}],\"inLanguage\":\"fr-FR\"},{\"@type\":\"Organization\",\"@id\":\"https:\\\/\\\/nature-et-developpement.com\\\/logisain-44\\\/#organization\",\"name\":\"Logisain 44\",\"url\":\"https:\\\/\\\/nature-et-developpement.com\\\/logisain-44\\\/\",\"logo\":{\"@type\":\"ImageObject\",\"inLanguage\":\"fr-FR\",\"@id\":\"https:\\\/\\\/nature-et-developpement.com\\\/logisain-44\\\/#\\\/schema\\\/logo\\\/image\\\/\",\"url\":\"https:\\\/\\\/nature-et-developpement.com\\\/logisain-44\\\/wp-content\\\/uploads\\\/sites\\\/4\\\/2021\\\/08\\\/logo-logisain.jpg\",\"contentUrl\":\"https:\\\/\\\/nature-et-developpement.com\\\/logisain-44\\\/wp-content\\\/uploads\\\/sites\\\/4\\\/2021\\\/08\\\/logo-logisain.jpg\",\"width\":672,\"height\":455,\"caption\":\"Logisain 44\"},\"image\":{\"@id\":\"https:\\\/\\\/nature-et-developpement.com\\\/logisain-44\\\/#\\\/schema\\\/logo\\\/image\\\/\"}}]}<\/script>\n<!-- \/ Yoast SEO plugin. -->","yoast_head_json":{"title":"Fen\u00eatre Bois sur mesure INOVA BIEBER - Logisain 44","description":"Fen\u00eatres bois sur mesure INOVA BIEBER, choisissez la chaleur du bois et les performances d'aujourd'hui. Personnalisez vos fen\u00eatres. Fabriqu\u00e9 100% en France","robots":{"index":"noindex","follow":"nofollow"},"og_locale":"fr_FR","og_type":"article","og_title":"Fen\u00eatre Bois sur mesure INOVA BIEBER - Logisain 44","og_description":"Fen\u00eatres bois sur mesure INOVA BIEBER, choisissez la chaleur du bois et les performances d'aujourd'hui. Personnalisez vos fen\u00eatres. Fabriqu\u00e9 100% en France","og_url":"https:\/\/nature-et-developpement.com\/logisain-44\/produit\/fenetre-bois-sur-mesure-inova-bieber\/","og_site_name":"Logisain 44","article_modified_time":"2025-10-22T08:00:06+00:00","twitter_card":"summary_large_image","twitter_misc":{"Dur\u00e9e de lecture estim\u00e9e":"1 minute"},"schema":{"@context":"https:\/\/schema.org","@graph":[{"@type":"WebPage","@id":"https:\/\/nature-et-developpement.com\/logisain-44\/produit\/fenetre-bois-sur-mesure-inova-bieber\/","url":"https:\/\/nature-et-developpement.com\/logisain-44\/produit\/fenetre-bois-sur-mesure-inova-bieber\/","name":"Fen\u00eatre Bois sur mesure INOVA BIEBER - Logisain 44","isPartOf":{"@id":"https:\/\/nature-et-developpement.com\/logisain-44\/#website"},"primaryImageOfPage":{"@id":"https:\/\/nature-et-developpement.com\/logisain-44\/produit\/fenetre-bois-sur-mesure-inova-bieber\/#primaryimage"},"image":{"@id":"https:\/\/nature-et-developpement.com\/logisain-44\/produit\/fenetre-bois-sur-mesure-inova-bieber\/#primaryimage"},"thumbnailUrl":"https:\/\/nature-et-developpement.com\/logisain-44\/wp-content\/uploads\/Fenetre-bois-sur-mesure-INOVA-de-BIEBER.jpg","datePublished":"2023-11-23T11:16:26+00:00","dateModified":"2025-10-22T08:00:06+00:00","description":"Fen\u00eatres bois sur mesure INOVA BIEBER, choisissez la chaleur du bois et les performances d'aujourd'hui. Personnalisez vos fen\u00eatres. Fabriqu\u00e9 100% en France","breadcrumb":{"@id":"https:\/\/nature-et-developpement.com\/logisain-44\/produit\/fenetre-bois-sur-mesure-inova-bieber\/#breadcrumb"},"inLanguage":"fr-FR","potentialAction":[{"@type":"ReadAction","target":["https:\/\/nature-et-developpement.com\/logisain-44\/produit\/fenetre-bois-sur-mesure-inova-bieber\/"]}]},{"@type":"ImageObject","inLanguage":"fr-FR","@id":"https:\/\/nature-et-developpement.com\/logisain-44\/produit\/fenetre-bois-sur-mesure-inova-bieber\/#primaryimage","url":"https:\/\/nature-et-developpement.com\/logisain-44\/wp-content\/uploads\/Fenetre-bois-sur-mesure-INOVA-de-BIEBER.jpg","contentUrl":"https:\/\/nature-et-developpement.com\/logisain-44\/wp-content\/uploads\/Fenetre-bois-sur-mesure-INOVA-de-BIEBER.jpg"},{"@type":"BreadcrumbList","@id":"https:\/\/nature-et-developpement.com\/logisain-44\/produit\/fenetre-bois-sur-mesure-inova-bieber\/#breadcrumb","itemListElement":[{"@type":"ListItem","position":1,"name":"Accueil","item":"https:\/\/nature-et-developpement.com\/logisain-44\/"},{"@type":"ListItem","position":2,"name":"Produits","item":"https:\/\/nature-et-developpement.com\/logisain-44\/shop\/"},{"@type":"ListItem","position":3,"name":"Construction, cloison et fen\u00eatres","item":"https:\/\/nature-et-developpement.com\/logisain-44\/produits\/construction\/"},{"@type":"ListItem","position":4,"name":"Menuiserie ext\u00e9rieure","item":"https:\/\/nature-et-developpement.com\/logisain-44\/produits\/construction\/menuiseries-exterieures\/"},{"@type":"ListItem","position":5,"name":"Fen\u00eatre Bois sur mesure INOVA BIEBER"}]},{"@type":"WebSite","@id":"https:\/\/nature-et-developpement.com\/logisain-44\/#website","url":"https:\/\/nature-et-developpement.com\/logisain-44\/","name":"Logisain 44","description":"Logisain 44 est membre du groupement Nature &amp; D\u00e9veloppement","publisher":{"@id":"https:\/\/nature-et-developpement.com\/logisain-44\/#organization"},"potentialAction":[{"@type":"SearchAction","target":{"@type":"EntryPoint","urlTemplate":"https:\/\/nature-et-developpement.com\/logisain-44\/?s={search_term_string}"},"query-input":{"@type":"PropertyValueSpecification","valueRequired":true,"valueName":"search_term_string"}}],"inLanguage":"fr-FR"},{"@type":"Organization","@id":"https:\/\/nature-et-developpement.com\/logisain-44\/#organization","name":"Logisain 44","url":"https:\/\/nature-et-developpement.com\/logisain-44\/","logo":{"@type":"ImageObject","inLanguage":"fr-FR","@id":"https:\/\/nature-et-developpement.com\/logisain-44\/#\/schema\/logo\/image\/","url":"https:\/\/nature-et-developpement.com\/logisain-44\/wp-content\/uploads\/sites\/4\/2021\/08\/logo-logisain.jpg","contentUrl":"https:\/\/nature-et-developpement.com\/logisain-44\/wp-content\/uploads\/sites\/4\/2021\/08\/logo-logisain.jpg","width":672,"height":455,"caption":"Logisain 44"},"image":{"@id":"https:\/\/nature-et-developpement.com\/logisain-44\/#\/schema\/logo\/image\/"}}]}},"distributor_meta":false,"distributor_terms":false,"distributor_media":false,"distributor_original_site_name":"Logisain 44","distributor_original_site_url":"https:\/\/nature-et-developpement.com\/logisain-44","push-errors":false,"_links":{"self":[{"href":"https:\/\/nature-et-developpement.com\/logisain-44\/wp-json\/wp\/v2\/product\/13507","targetHints":{"allow":["GET"]}}],"collection":[{"href":"https:\/\/nature-et-developpement.com\/logisain-44\/wp-json\/wp\/v2\/product"}],"about":[{"href":"https:\/\/nature-et-developpement.com\/logisain-44\/wp-json\/wp\/v2\/types\/product"}],"wp:featuredmedia":[{"embeddable":true,"href":"https:\/\/nature-et-developpement.com\/logisain-44\/wp-json\/"}],"wp:attachment":[{"href":"https:\/\/nature-et-developpement.com\/logisain-44\/wp-json\/wp\/v2\/media?parent=13507"}],"wp:term":[{"taxonomy":"product_brand","embeddable":true,"href":"https:\/\/nature-et-developpement.com\/logisain-44\/wp-json\/wp\/v2\/product_brand?post=13507"},{"taxonomy":"product_cat","embeddable":true,"href":"https:\/\/nature-et-developpement.com\/logisain-44\/wp-json\/wp\/v2\/product_cat?post=13507"},{"taxonomy":"product_tag","embeddable":true,"href":"https:\/\/nature-et-developpement.com\/logisain-44\/wp-json\/wp\/v2\/product_tag?post=13507"}],"curies":[{"name":"wp","href":"https:\/\/api.w.org\/{rel}","templated":true}]}}