{"id":13536,"date":"2023-06-23T12:16:23","date_gmt":"2023-06-23T10:16:23","guid":{"rendered":"https:\/\/nature-et-developpement.com\/logisain\/produit\/porte-dentree-bois-et-aluminium-sur-mesure-bieber-duoba\/"},"modified":"2025-06-12T14:56:58","modified_gmt":"2025-06-12T12:56:58","slug":"porte-d-entree-bois-alu-sur-mesure-duoba-bieber","status":"publish","type":"product","link":"https:\/\/nature-et-developpement.com\/logisain-44\/produit\/porte-d-entree-bois-alu-sur-mesure-duoba-bieber\/","title":{"rendered":"Porte d&rsquo;entr\u00e9e Bois et Aluminium sur mesure BIEBER DUOBA"},"content":{"rendered":"<h2><b>Gamme Duoba: Tradition ou modernit\u00e9<\/b><\/h2>\n<h3>Pour donner un cachet unique \u00e0 votre maison, soyez cr\u00e9atif&#8230;<\/h3>\n<p>Une touche de couleur, un design contemporain, des finitions exclusives, faire le choix d&rsquo;une porte DUOBA mariant<b> <\/b>le bois et l&rsquo;aluminium, c&rsquo;est donner une signature toute personnelle \u00e0 votre demeure.<\/p>\n<p>A l&rsquo;ext\u00e9rieur, la tr\u00e8s haute r\u00e9sistance de l&rsquo;aluminium garantit la durabilit\u00e9 de votre porte.<\/p>\n<p>la vous offre \u00e9galement une large palette de finitions et de couleurs qui se pr\u00eatent \u00e0 toutes exigences d\u00e9coratives.<\/p>\n<p>Consulter les gammes Classique et Contemporaine ou inventez votre propre mod\u00e8le puis d\u00e9clinez-le dans l&rsquo;un des nombreux coloris de finition disponibles.<\/p>\n<p>A l&rsquo;int\u00e9rieur, le bois vient apporter sa chaleur \u00e0 votre cadre de vie.<\/p>\n<p>Disponible en de nombreuses essences et finitions.<\/p>\n<p>Votre porte trouve ainsi toute sa place dans votre univers et votre d\u00e9coration, tout en vous faisant profiter de son excellent pouvoir d&rsquo;isolation thermique et acoustique.<\/p>\n<p>Fabriqu\u00e9e sur mesure, la gamme de portes DUOBA r\u00e9pond \u00e0 toutes les constructions neuves comme aux r\u00e9novations, s&rsquo;adaptera \u00e0 tous\u00a0 vos projets, envies et coups de c\u0153ur.<\/p>\n<p>La Gamme Duoba se s\u00e9pare en 4 cat\u00e9gories:<\/p>\n<ul>\n<li>Classiques<\/li>\n<li>Contemporaines<\/li>\n<li>R\u00e9pliques<\/li>\n<li>Panneaux BBC<\/li>\n<\/ul>\n<p>4 essences peuvent \u00eatre utilis\u00e9es \u00e0 l&rsquo;int\u00e9rieur: Ch\u00eane, M\u00e9l\u00e8ze, Eucalyptus, Pin.<br \/>\nNuanciers de 12 teintes standards et 2 teintes huil\u00e9es.<\/p>\n<p>Pour l&rsquo;ext\u00e9rieur, grand choix de teintes standard et RAL disponibles (traitement par anodisation ou thermo-laquage selon nuancier)<\/p>\n","protected":false},"excerpt":{"rendered":"<p>Fabriqu\u00e9e sur mesure, la gamme de portes DUOBA\u00ae r\u00e9pond \u00e0 toutes les contraintes architecturales en construction comme en r\u00e9novation, pour s\u2019adapter \u00e0 tous vos projets, envies ou coups de c\u0153ur.<br \/>\n<span style=\"color: #008000\"><strong>Produit sur-mesure, demandez votre devis en pr\u00e9cisant vos c\u00f4tes dans les commentaires de votre demande.<\/strong><\/span><\/p>\n","protected":false},"featured_media":1000000165835,"template":"","meta":[],"product_brand":[10224],"product_cat":[10292,7532],"product_tag":[11742],"class_list":{"0":"post-13536","1":"product","2":"type-product","3":"status-publish","4":"has-post-thumbnail","6":"product_brand-bieber","7":"product_cat-demande-de-devis-uniquement-sans-prix","8":"product_cat-menuiseries-exterieures","9":"product_tag-bieber","10":"product_shipping_class-impact-transport-important","12":"first","13":"instock","14":"taxable","15":"shipping-taxable","16":"purchasable","17":"product-type-simple"},"yoast_head":"<!-- This site is optimized with the Yoast SEO plugin v27.5 - https:\/\/yoast.com\/product\/yoast-seo-wordpress\/ -->\n<title>Porte d&#039;entr\u00e9e Bois et Aluminium sur mesure BIEBER DUOBA - Logisain 44<\/title>\n<meta name=\"description\" content=\"Fabriqu\u00e9e sur mesure, la gamme de portes DUOBA\u00ae r\u00e9pond \u00e0 toutes les contraintes architecturales en construction comme en r\u00e9novation, pour s\u2019adapter \u00e0 tous vos projets, envies ou coups de c\u0153ur. Produit sur-mesure, demandez votre devis en pr\u00e9cisant vos c\u00f4tes dans les commentaires de votre demande. Loire-Atlantique\" \/>\n<meta name=\"robots\" content=\"noindex, follow\" \/>\n<meta property=\"og:locale\" content=\"fr_FR\" \/>\n<meta property=\"og:type\" content=\"article\" \/>\n<meta property=\"og:title\" content=\"Porte d&#039;entr\u00e9e Bois et Aluminium sur mesure BIEBER DUOBA - Logisain 44\" \/>\n<meta property=\"og:description\" content=\"Fabriqu\u00e9e sur mesure, la gamme de portes DUOBA\u00ae r\u00e9pond \u00e0 toutes les contraintes architecturales en construction comme en r\u00e9novation, pour s\u2019adapter \u00e0 tous vos projets, envies ou coups de c\u0153ur. Produit sur-mesure, demandez votre devis en pr\u00e9cisant vos c\u00f4tes dans les commentaires de votre demande. Loire-Atlantique\" \/>\n<meta property=\"og:url\" content=\"https:\/\/nature-et-developpement.com\/logisain-44\/produit\/porte-d-entree-bois-alu-sur-mesure-duoba-bieber\/\" \/>\n<meta property=\"og:site_name\" content=\"Logisain 44\" \/>\n<meta property=\"article:modified_time\" content=\"2025-06-12T12:56:58+00:00\" \/>\n<meta name=\"twitter:card\" content=\"summary_large_image\" \/>\n<meta name=\"twitter:label1\" content=\"Dur\u00e9e de lecture estim\u00e9e\" \/>\n\t<meta name=\"twitter:data1\" content=\"2 minutes\" \/>\n<script type=\"application\/ld+json\" class=\"yoast-schema-graph\">{\"@context\":\"https:\\\/\\\/schema.org\",\"@graph\":[{\"@type\":\"WebPage\",\"@id\":\"https:\\\/\\\/nature-et-developpement.com\\\/logisain-44\\\/produit\\\/porte-d-entree-bois-alu-sur-mesure-duoba-bieber\\\/\",\"url\":\"https:\\\/\\\/nature-et-developpement.com\\\/logisain-44\\\/produit\\\/porte-d-entree-bois-alu-sur-mesure-duoba-bieber\\\/\",\"name\":\"Porte d'entr\u00e9e Bois et Aluminium sur mesure BIEBER DUOBA - Logisain 44\",\"isPartOf\":{\"@id\":\"https:\\\/\\\/nature-et-developpement.com\\\/logisain-44\\\/#website\"},\"primaryImageOfPage\":{\"@id\":\"https:\\\/\\\/nature-et-developpement.com\\\/logisain-44\\\/produit\\\/porte-d-entree-bois-alu-sur-mesure-duoba-bieber\\\/#primaryimage\"},\"image\":{\"@id\":\"https:\\\/\\\/nature-et-developpement.com\\\/logisain-44\\\/produit\\\/porte-d-entree-bois-alu-sur-mesure-duoba-bieber\\\/#primaryimage\"},\"thumbnailUrl\":\"https:\\\/\\\/nature-et-developpement.com\\\/logisain-44\\\/wp-content\\\/uploads\\\/Porte-dentree-DUOBA-de-BIEBER.jpg\",\"datePublished\":\"2023-06-23T10:16:23+00:00\",\"dateModified\":\"2025-06-12T12:56:58+00:00\",\"description\":\"Fabriqu\u00e9e sur mesure, la gamme de portes DUOBA\u00ae r\u00e9pond \u00e0 toutes les contraintes architecturales en construction comme en r\u00e9novation, pour s\u2019adapter \u00e0 tous vos projets, envies ou coups de c\u0153ur. Produit sur-mesure, demandez votre devis en pr\u00e9cisant vos c\u00f4tes dans les commentaires de votre demande. Loire-Atlantique\",\"breadcrumb\":{\"@id\":\"https:\\\/\\\/nature-et-developpement.com\\\/logisain-44\\\/produit\\\/porte-d-entree-bois-alu-sur-mesure-duoba-bieber\\\/#breadcrumb\"},\"inLanguage\":\"fr-FR\",\"potentialAction\":[{\"@type\":\"ReadAction\",\"target\":[\"https:\\\/\\\/nature-et-developpement.com\\\/logisain-44\\\/produit\\\/porte-d-entree-bois-alu-sur-mesure-duoba-bieber\\\/\"]}]},{\"@type\":\"ImageObject\",\"inLanguage\":\"fr-FR\",\"@id\":\"https:\\\/\\\/nature-et-developpement.com\\\/logisain-44\\\/produit\\\/porte-d-entree-bois-alu-sur-mesure-duoba-bieber\\\/#primaryimage\",\"url\":\"https:\\\/\\\/nature-et-developpement.com\\\/logisain-44\\\/wp-content\\\/uploads\\\/Porte-dentree-DUOBA-de-BIEBER.jpg\",\"contentUrl\":\"https:\\\/\\\/nature-et-developpement.com\\\/logisain-44\\\/wp-content\\\/uploads\\\/Porte-dentree-DUOBA-de-BIEBER.jpg\"},{\"@type\":\"BreadcrumbList\",\"@id\":\"https:\\\/\\\/nature-et-developpement.com\\\/logisain-44\\\/produit\\\/porte-d-entree-bois-alu-sur-mesure-duoba-bieber\\\/#breadcrumb\",\"itemListElement\":[{\"@type\":\"ListItem\",\"position\":1,\"name\":\"Accueil\",\"item\":\"https:\\\/\\\/nature-et-developpement.com\\\/logisain-44\\\/\"},{\"@type\":\"ListItem\",\"position\":2,\"name\":\"Produits\",\"item\":\"https:\\\/\\\/nature-et-developpement.com\\\/logisain-44\\\/shop\\\/\"},{\"@type\":\"ListItem\",\"position\":3,\"name\":\"Construction, cloison et fen\u00eatres\",\"item\":\"https:\\\/\\\/nature-et-developpement.com\\\/logisain-44\\\/produits\\\/construction\\\/\"},{\"@type\":\"ListItem\",\"position\":4,\"name\":\"Menuiserie ext\u00e9rieure\",\"item\":\"https:\\\/\\\/nature-et-developpement.com\\\/logisain-44\\\/produits\\\/construction\\\/menuiseries-exterieures\\\/\"},{\"@type\":\"ListItem\",\"position\":5,\"name\":\"Porte d&rsquo;entr\u00e9e Bois et Aluminium sur mesure BIEBER DUOBA\"}]},{\"@type\":\"WebSite\",\"@id\":\"https:\\\/\\\/nature-et-developpement.com\\\/logisain-44\\\/#website\",\"url\":\"https:\\\/\\\/nature-et-developpement.com\\\/logisain-44\\\/\",\"name\":\"Logisain 44\",\"description\":\"Logisain 44 est membre du groupement Nature &amp; D\u00e9veloppement\",\"publisher\":{\"@id\":\"https:\\\/\\\/nature-et-developpement.com\\\/logisain-44\\\/#organization\"},\"potentialAction\":[{\"@type\":\"SearchAction\",\"target\":{\"@type\":\"EntryPoint\",\"urlTemplate\":\"https:\\\/\\\/nature-et-developpement.com\\\/logisain-44\\\/?s={search_term_string}\"},\"query-input\":{\"@type\":\"PropertyValueSpecification\",\"valueRequired\":true,\"valueName\":\"search_term_string\"}}],\"inLanguage\":\"fr-FR\"},{\"@type\":\"Organization\",\"@id\":\"https:\\\/\\\/nature-et-developpement.com\\\/logisain-44\\\/#organization\",\"name\":\"Logisain 44\",\"url\":\"https:\\\/\\\/nature-et-developpement.com\\\/logisain-44\\\/\",\"logo\":{\"@type\":\"ImageObject\",\"inLanguage\":\"fr-FR\",\"@id\":\"https:\\\/\\\/nature-et-developpement.com\\\/logisain-44\\\/#\\\/schema\\\/logo\\\/image\\\/\",\"url\":\"https:\\\/\\\/nature-et-developpement.com\\\/logisain-44\\\/wp-content\\\/uploads\\\/sites\\\/4\\\/2021\\\/08\\\/logo-logisain.jpg\",\"contentUrl\":\"https:\\\/\\\/nature-et-developpement.com\\\/logisain-44\\\/wp-content\\\/uploads\\\/sites\\\/4\\\/2021\\\/08\\\/logo-logisain.jpg\",\"width\":672,\"height\":455,\"caption\":\"Logisain 44\"},\"image\":{\"@id\":\"https:\\\/\\\/nature-et-developpement.com\\\/logisain-44\\\/#\\\/schema\\\/logo\\\/image\\\/\"}}]}<\/script>\n<!-- \/ Yoast SEO plugin. -->","yoast_head_json":{"title":"Porte d'entr\u00e9e Bois et Aluminium sur mesure BIEBER DUOBA - Logisain 44","description":"Fabriqu\u00e9e sur mesure, la gamme de portes DUOBA\u00ae r\u00e9pond \u00e0 toutes les contraintes architecturales en construction comme en r\u00e9novation, pour s\u2019adapter \u00e0 tous vos projets, envies ou coups de c\u0153ur. Produit sur-mesure, demandez votre devis en pr\u00e9cisant vos c\u00f4tes dans les commentaires de votre demande. Loire-Atlantique","robots":{"index":"noindex","follow":"follow"},"og_locale":"fr_FR","og_type":"article","og_title":"Porte d'entr\u00e9e Bois et Aluminium sur mesure BIEBER DUOBA - Logisain 44","og_description":"Fabriqu\u00e9e sur mesure, la gamme de portes DUOBA\u00ae r\u00e9pond \u00e0 toutes les contraintes architecturales en construction comme en r\u00e9novation, pour s\u2019adapter \u00e0 tous vos projets, envies ou coups de c\u0153ur. Produit sur-mesure, demandez votre devis en pr\u00e9cisant vos c\u00f4tes dans les commentaires de votre demande. Loire-Atlantique","og_url":"https:\/\/nature-et-developpement.com\/logisain-44\/produit\/porte-d-entree-bois-alu-sur-mesure-duoba-bieber\/","og_site_name":"Logisain 44","article_modified_time":"2025-06-12T12:56:58+00:00","twitter_card":"summary_large_image","twitter_misc":{"Dur\u00e9e de lecture estim\u00e9e":"2 minutes"},"schema":{"@context":"https:\/\/schema.org","@graph":[{"@type":"WebPage","@id":"https:\/\/nature-et-developpement.com\/logisain-44\/produit\/porte-d-entree-bois-alu-sur-mesure-duoba-bieber\/","url":"https:\/\/nature-et-developpement.com\/logisain-44\/produit\/porte-d-entree-bois-alu-sur-mesure-duoba-bieber\/","name":"Porte d'entr\u00e9e Bois et Aluminium sur mesure BIEBER DUOBA - Logisain 44","isPartOf":{"@id":"https:\/\/nature-et-developpement.com\/logisain-44\/#website"},"primaryImageOfPage":{"@id":"https:\/\/nature-et-developpement.com\/logisain-44\/produit\/porte-d-entree-bois-alu-sur-mesure-duoba-bieber\/#primaryimage"},"image":{"@id":"https:\/\/nature-et-developpement.com\/logisain-44\/produit\/porte-d-entree-bois-alu-sur-mesure-duoba-bieber\/#primaryimage"},"thumbnailUrl":"https:\/\/nature-et-developpement.com\/logisain-44\/wp-content\/uploads\/Porte-dentree-DUOBA-de-BIEBER.jpg","datePublished":"2023-06-23T10:16:23+00:00","dateModified":"2025-06-12T12:56:58+00:00","description":"Fabriqu\u00e9e sur mesure, la gamme de portes DUOBA\u00ae r\u00e9pond \u00e0 toutes les contraintes architecturales en construction comme en r\u00e9novation, pour s\u2019adapter \u00e0 tous vos projets, envies ou coups de c\u0153ur. Produit sur-mesure, demandez votre devis en pr\u00e9cisant vos c\u00f4tes dans les commentaires de votre demande. Loire-Atlantique","breadcrumb":{"@id":"https:\/\/nature-et-developpement.com\/logisain-44\/produit\/porte-d-entree-bois-alu-sur-mesure-duoba-bieber\/#breadcrumb"},"inLanguage":"fr-FR","potentialAction":[{"@type":"ReadAction","target":["https:\/\/nature-et-developpement.com\/logisain-44\/produit\/porte-d-entree-bois-alu-sur-mesure-duoba-bieber\/"]}]},{"@type":"ImageObject","inLanguage":"fr-FR","@id":"https:\/\/nature-et-developpement.com\/logisain-44\/produit\/porte-d-entree-bois-alu-sur-mesure-duoba-bieber\/#primaryimage","url":"https:\/\/nature-et-developpement.com\/logisain-44\/wp-content\/uploads\/Porte-dentree-DUOBA-de-BIEBER.jpg","contentUrl":"https:\/\/nature-et-developpement.com\/logisain-44\/wp-content\/uploads\/Porte-dentree-DUOBA-de-BIEBER.jpg"},{"@type":"BreadcrumbList","@id":"https:\/\/nature-et-developpement.com\/logisain-44\/produit\/porte-d-entree-bois-alu-sur-mesure-duoba-bieber\/#breadcrumb","itemListElement":[{"@type":"ListItem","position":1,"name":"Accueil","item":"https:\/\/nature-et-developpement.com\/logisain-44\/"},{"@type":"ListItem","position":2,"name":"Produits","item":"https:\/\/nature-et-developpement.com\/logisain-44\/shop\/"},{"@type":"ListItem","position":3,"name":"Construction, cloison et fen\u00eatres","item":"https:\/\/nature-et-developpement.com\/logisain-44\/produits\/construction\/"},{"@type":"ListItem","position":4,"name":"Menuiserie ext\u00e9rieure","item":"https:\/\/nature-et-developpement.com\/logisain-44\/produits\/construction\/menuiseries-exterieures\/"},{"@type":"ListItem","position":5,"name":"Porte d&rsquo;entr\u00e9e Bois et Aluminium sur mesure BIEBER DUOBA"}]},{"@type":"WebSite","@id":"https:\/\/nature-et-developpement.com\/logisain-44\/#website","url":"https:\/\/nature-et-developpement.com\/logisain-44\/","name":"Logisain 44","description":"Logisain 44 est membre du groupement Nature &amp; D\u00e9veloppement","publisher":{"@id":"https:\/\/nature-et-developpement.com\/logisain-44\/#organization"},"potentialAction":[{"@type":"SearchAction","target":{"@type":"EntryPoint","urlTemplate":"https:\/\/nature-et-developpement.com\/logisain-44\/?s={search_term_string}"},"query-input":{"@type":"PropertyValueSpecification","valueRequired":true,"valueName":"search_term_string"}}],"inLanguage":"fr-FR"},{"@type":"Organization","@id":"https:\/\/nature-et-developpement.com\/logisain-44\/#organization","name":"Logisain 44","url":"https:\/\/nature-et-developpement.com\/logisain-44\/","logo":{"@type":"ImageObject","inLanguage":"fr-FR","@id":"https:\/\/nature-et-developpement.com\/logisain-44\/#\/schema\/logo\/image\/","url":"https:\/\/nature-et-developpement.com\/logisain-44\/wp-content\/uploads\/sites\/4\/2021\/08\/logo-logisain.jpg","contentUrl":"https:\/\/nature-et-developpement.com\/logisain-44\/wp-content\/uploads\/sites\/4\/2021\/08\/logo-logisain.jpg","width":672,"height":455,"caption":"Logisain 44"},"image":{"@id":"https:\/\/nature-et-developpement.com\/logisain-44\/#\/schema\/logo\/image\/"}}]}},"distributor_meta":false,"distributor_terms":false,"distributor_media":false,"distributor_original_site_name":"Logisain 44","distributor_original_site_url":"https:\/\/nature-et-developpement.com\/logisain-44","push-errors":false,"_links":{"self":[{"href":"https:\/\/nature-et-developpement.com\/logisain-44\/wp-json\/wp\/v2\/product\/13536","targetHints":{"allow":["GET"]}}],"collection":[{"href":"https:\/\/nature-et-developpement.com\/logisain-44\/wp-json\/wp\/v2\/product"}],"about":[{"href":"https:\/\/nature-et-developpement.com\/logisain-44\/wp-json\/wp\/v2\/types\/product"}],"wp:featuredmedia":[{"embeddable":true,"href":"https:\/\/nature-et-developpement.com\/logisain-44\/wp-json\/"}],"wp:attachment":[{"href":"https:\/\/nature-et-developpement.com\/logisain-44\/wp-json\/wp\/v2\/media?parent=13536"}],"wp:term":[{"taxonomy":"product_brand","embeddable":true,"href":"https:\/\/nature-et-developpement.com\/logisain-44\/wp-json\/wp\/v2\/product_brand?post=13536"},{"taxonomy":"product_cat","embeddable":true,"href":"https:\/\/nature-et-developpement.com\/logisain-44\/wp-json\/wp\/v2\/product_cat?post=13536"},{"taxonomy":"product_tag","embeddable":true,"href":"https:\/\/nature-et-developpement.com\/logisain-44\/wp-json\/wp\/v2\/product_tag?post=13536"}],"curies":[{"name":"wp","href":"https:\/\/api.w.org\/{rel}","templated":true}]}}