{"id":13542,"date":"2017-06-23T12:16:05","date_gmt":"2017-06-23T10:16:05","guid":{"rendered":"https:\/\/nature-et-developpement.com\/logisain\/produit\/indicateur-de-niveau-de-granules\/"},"modified":"2025-03-29T15:20:06","modified_gmt":"2025-03-29T14:20:06","slug":"indicateur-de-niveau-de-granules","status":"publish","type":"product","link":"https:\/\/nature-et-developpement.com\/logisain-44\/produit\/indicateur-de-niveau-de-granules\/","title":{"rendered":"indicateur de niveau de granul\u00e9s"},"content":{"rendered":"<p style=\"margin-bottom: 0px;padding: 0px;line-height: 17px\"><span style=\"margin: 0px;padding: 0px\"><span style=\"margin: 0px;padding: 0px\">indicateur de niveau elniko premium<br style=\"margin: 0px;padding: 0px\" \/><br style=\"margin: 0px;padding: 0px\" \/><span style=\"margin: 0px;padding: 0px\"><span style=\"margin: 0px;padding: 0px\"><span style=\"margin: 0px;padding: 0px\">Vous poss\u00e9dez d\u00e9j\u00e0 ou souhaitez mettre en fonction un chauffage \u00e0 pellets?<br style=\"margin: 0px;padding: 0px\" \/><\/span><span style=\"margin: 0px;padding: 0px\">Pour cela, vos pellets doivent \u00eatre stock\u00e9s. Avec tous les syst\u00e8mes de stockage \u00e0 pellets, vous devez contr\u00f4ler personnellement que vous ayez suffisamment de pellets en stock. L\u2019\u00e9valuation de la quantit\u00e9 encore disponible dans la r\u00e9serve de pellets est selon le syst\u00e8me assez compliqu\u00e9e, tr\u00e8s impr\u00e9cise ou simplement impossible.<br style=\"margin: 0px;padding: 0px\" \/><br style=\"margin: 0px;padding: 0px\" \/>Le temps investi pour le contr\u00f4le du stock, la comparaison des prix, la commande et la livraison est important. Le syst\u00e8me elniko vous aide \u00e0 contr\u00f4ler de mani\u00e8re exacte le niveau de remplissage de votre silo de stockage et vous permet de pouvoir commander le combustible au bon moment. Ceci est pr\u00e9cis\u00e9ment appr\u00e9ciable en p\u00e9riode de chauffe o\u00f9, pour des raisons de capacit\u00e9s, le silo doit \u00eatre rempli plusieurs fois. L\u2019indicateur\u00a0<span style=\"margin: 0px;padding: 0px\">elniko\u00a0<\/span>a \u00e9t\u00e9 d\u00e9velopp\u00e9 sp\u00e9cialement pour les syst\u00e8mes de stockage \u00e0 pellets. C\u2019est l\u2019appareil de mesure le plus efficace pour les pellets et il a d\u00e9j\u00e0 \u00e9t\u00e9 install\u00e9 dans de nombreux silos de stockage en Allemagne, en Autriche et en Suisse. Le syst\u00e8me convient non seulement pour de nouvelles constructions, mais \u00e9galement pour \u00e9quiper les locaux de stockage existants, les silos textiles ou les silos enterr\u00e9s.<\/span><\/span><\/span><\/span><\/span><\/p>\n<p style=\"margin-bottom: 0px;padding: 0px;line-height: 17px\">\n","protected":false},"excerpt":{"rendered":"<p>indicateur de niveau de granul\u00e9s elniko premium pour \u00e9valuer la quantit\u00e9 encore disponible dans la r\u00e9serve de pellets.<\/p>\n","protected":false},"featured_media":18453,"template":"","meta":[],"product_brand":[10296],"product_cat":[10038,8020],"product_tag":[],"class_list":{"0":"post-13542","1":"product","2":"type-product","3":"status-publish","4":"has-post-thumbnail","6":"product_brand-produit-logisain","7":"product_cat-accessoires","8":"product_cat-chauffage","10":"first","11":"instock","12":"sale","13":"taxable","14":"shipping-taxable","15":"purchasable","16":"product-type-simple"},"yoast_head":"<!-- This site is optimized with the Yoast SEO plugin v27.5 - https:\/\/yoast.com\/product\/yoast-seo-wordpress\/ -->\n<title>indicateur de niveau de granul\u00e9s - Logisain 44<\/title>\n<meta name=\"description\" content=\"indicateur de niveau de granul\u00e9s elniko premium pour \u00e9valuer la quantit\u00e9 encore disponible dans la r\u00e9serve de pellets. Loire-Atlantique\" \/>\n<meta name=\"robots\" content=\"noindex, follow\" \/>\n<meta property=\"og:locale\" content=\"fr_FR\" \/>\n<meta property=\"og:type\" content=\"article\" \/>\n<meta property=\"og:title\" content=\"indicateur de niveau de granul\u00e9s - Logisain 44\" \/>\n<meta property=\"og:description\" content=\"indicateur de niveau de granul\u00e9s elniko premium pour \u00e9valuer la quantit\u00e9 encore disponible dans la r\u00e9serve de pellets. Loire-Atlantique\" \/>\n<meta property=\"og:url\" content=\"https:\/\/nature-et-developpement.com\/logisain-44\/produit\/indicateur-de-niveau-de-granules\/\" \/>\n<meta property=\"og:site_name\" content=\"Logisain 44\" \/>\n<meta property=\"article:modified_time\" content=\"2025-03-29T14:20:06+00:00\" \/>\n<meta property=\"og:image\" content=\"https:\/\/nature-et-developpement.com\/logisain-44\/wp-content\/uploads\/sites\/4\/2021\/06\/15424-indicateur-de-niveau-de-granules-1.jpg\" \/>\n\t<meta property=\"og:image:width\" content=\"800\" \/>\n\t<meta property=\"og:image:height\" content=\"800\" \/>\n\t<meta property=\"og:image:type\" content=\"image\/jpeg\" \/>\n<meta name=\"twitter:card\" content=\"summary_large_image\" \/>\n<meta name=\"twitter:label1\" content=\"Dur\u00e9e de lecture estim\u00e9e\" \/>\n\t<meta name=\"twitter:data1\" content=\"1 minute\" \/>\n<script type=\"application\/ld+json\" class=\"yoast-schema-graph\">{\"@context\":\"https:\\\/\\\/schema.org\",\"@graph\":[{\"@type\":\"WebPage\",\"@id\":\"https:\\\/\\\/nature-et-developpement.com\\\/logisain-44\\\/produit\\\/indicateur-de-niveau-de-granules\\\/\",\"url\":\"https:\\\/\\\/nature-et-developpement.com\\\/logisain-44\\\/produit\\\/indicateur-de-niveau-de-granules\\\/\",\"name\":\"indicateur de niveau de granul\u00e9s - Logisain 44\",\"isPartOf\":{\"@id\":\"https:\\\/\\\/nature-et-developpement.com\\\/logisain-44\\\/#website\"},\"primaryImageOfPage\":{\"@id\":\"https:\\\/\\\/nature-et-developpement.com\\\/logisain-44\\\/produit\\\/indicateur-de-niveau-de-granules\\\/#primaryimage\"},\"image\":{\"@id\":\"https:\\\/\\\/nature-et-developpement.com\\\/logisain-44\\\/produit\\\/indicateur-de-niveau-de-granules\\\/#primaryimage\"},\"thumbnailUrl\":\"https:\\\/\\\/nature-et-developpement.com\\\/logisain-44\\\/wp-content\\\/uploads\\\/sites\\\/4\\\/2021\\\/06\\\/15424-indicateur-de-niveau-de-granules-1.jpg\",\"datePublished\":\"2017-06-23T10:16:05+00:00\",\"dateModified\":\"2025-03-29T14:20:06+00:00\",\"description\":\"indicateur de niveau de granul\u00e9s elniko premium pour \u00e9valuer la quantit\u00e9 encore disponible dans la r\u00e9serve de pellets. Loire-Atlantique\",\"breadcrumb\":{\"@id\":\"https:\\\/\\\/nature-et-developpement.com\\\/logisain-44\\\/produit\\\/indicateur-de-niveau-de-granules\\\/#breadcrumb\"},\"inLanguage\":\"fr-FR\",\"potentialAction\":[{\"@type\":\"ReadAction\",\"target\":[\"https:\\\/\\\/nature-et-developpement.com\\\/logisain-44\\\/produit\\\/indicateur-de-niveau-de-granules\\\/\"]}]},{\"@type\":\"ImageObject\",\"inLanguage\":\"fr-FR\",\"@id\":\"https:\\\/\\\/nature-et-developpement.com\\\/logisain-44\\\/produit\\\/indicateur-de-niveau-de-granules\\\/#primaryimage\",\"url\":\"https:\\\/\\\/nature-et-developpement.com\\\/logisain-44\\\/wp-content\\\/uploads\\\/sites\\\/4\\\/2021\\\/06\\\/15424-indicateur-de-niveau-de-granules-1.jpg\",\"contentUrl\":\"https:\\\/\\\/nature-et-developpement.com\\\/logisain-44\\\/wp-content\\\/uploads\\\/sites\\\/4\\\/2021\\\/06\\\/15424-indicateur-de-niveau-de-granules-1.jpg\",\"width\":800,\"height\":800,\"caption\":\"indicateur de niveau de granul\u00e9s\"},{\"@type\":\"BreadcrumbList\",\"@id\":\"https:\\\/\\\/nature-et-developpement.com\\\/logisain-44\\\/produit\\\/indicateur-de-niveau-de-granules\\\/#breadcrumb\",\"itemListElement\":[{\"@type\":\"ListItem\",\"position\":1,\"name\":\"Accueil\",\"item\":\"https:\\\/\\\/nature-et-developpement.com\\\/logisain-44\\\/\"},{\"@type\":\"ListItem\",\"position\":2,\"name\":\"Produits\",\"item\":\"https:\\\/\\\/nature-et-developpement.com\\\/logisain-44\\\/shop\\\/\"},{\"@type\":\"ListItem\",\"position\":3,\"name\":\"Chauffage, eau et \u00e9nergie\",\"item\":\"https:\\\/\\\/nature-et-developpement.com\\\/logisain-44\\\/produits\\\/energie-et-ventilation\\\/\"},{\"@type\":\"ListItem\",\"position\":4,\"name\":\"Chauffage bois et pellet, chaudi\u00e8re, po\u00eale, insert\",\"item\":\"https:\\\/\\\/nature-et-developpement.com\\\/logisain-44\\\/produits\\\/energie-et-ventilation\\\/chauffage\\\/\"},{\"@type\":\"ListItem\",\"position\":5,\"name\":\"indicateur de niveau de granul\u00e9s\"}]},{\"@type\":\"WebSite\",\"@id\":\"https:\\\/\\\/nature-et-developpement.com\\\/logisain-44\\\/#website\",\"url\":\"https:\\\/\\\/nature-et-developpement.com\\\/logisain-44\\\/\",\"name\":\"Logisain 44\",\"description\":\"Logisain 44 est membre du groupement Nature &amp; D\u00e9veloppement\",\"publisher\":{\"@id\":\"https:\\\/\\\/nature-et-developpement.com\\\/logisain-44\\\/#organization\"},\"potentialAction\":[{\"@type\":\"SearchAction\",\"target\":{\"@type\":\"EntryPoint\",\"urlTemplate\":\"https:\\\/\\\/nature-et-developpement.com\\\/logisain-44\\\/?s={search_term_string}\"},\"query-input\":{\"@type\":\"PropertyValueSpecification\",\"valueRequired\":true,\"valueName\":\"search_term_string\"}}],\"inLanguage\":\"fr-FR\"},{\"@type\":\"Organization\",\"@id\":\"https:\\\/\\\/nature-et-developpement.com\\\/logisain-44\\\/#organization\",\"name\":\"Logisain 44\",\"url\":\"https:\\\/\\\/nature-et-developpement.com\\\/logisain-44\\\/\",\"logo\":{\"@type\":\"ImageObject\",\"inLanguage\":\"fr-FR\",\"@id\":\"https:\\\/\\\/nature-et-developpement.com\\\/logisain-44\\\/#\\\/schema\\\/logo\\\/image\\\/\",\"url\":\"https:\\\/\\\/nature-et-developpement.com\\\/logisain-44\\\/wp-content\\\/uploads\\\/sites\\\/4\\\/2021\\\/08\\\/logo-logisain.jpg\",\"contentUrl\":\"https:\\\/\\\/nature-et-developpement.com\\\/logisain-44\\\/wp-content\\\/uploads\\\/sites\\\/4\\\/2021\\\/08\\\/logo-logisain.jpg\",\"width\":672,\"height\":455,\"caption\":\"Logisain 44\"},\"image\":{\"@id\":\"https:\\\/\\\/nature-et-developpement.com\\\/logisain-44\\\/#\\\/schema\\\/logo\\\/image\\\/\"}}]}<\/script>\n<!-- \/ Yoast SEO plugin. -->","yoast_head_json":{"title":"indicateur de niveau de granul\u00e9s - Logisain 44","description":"indicateur de niveau de granul\u00e9s elniko premium pour \u00e9valuer la quantit\u00e9 encore disponible dans la r\u00e9serve de pellets. Loire-Atlantique","robots":{"index":"noindex","follow":"follow"},"og_locale":"fr_FR","og_type":"article","og_title":"indicateur de niveau de granul\u00e9s - Logisain 44","og_description":"indicateur de niveau de granul\u00e9s elniko premium pour \u00e9valuer la quantit\u00e9 encore disponible dans la r\u00e9serve de pellets. Loire-Atlantique","og_url":"https:\/\/nature-et-developpement.com\/logisain-44\/produit\/indicateur-de-niveau-de-granules\/","og_site_name":"Logisain 44","article_modified_time":"2025-03-29T14:20:06+00:00","og_image":[{"width":800,"height":800,"url":"https:\/\/nature-et-developpement.com\/logisain-44\/wp-content\/uploads\/sites\/4\/2021\/06\/15424-indicateur-de-niveau-de-granules-1.jpg","type":"image\/jpeg"}],"twitter_card":"summary_large_image","twitter_misc":{"Dur\u00e9e de lecture estim\u00e9e":"1 minute"},"schema":{"@context":"https:\/\/schema.org","@graph":[{"@type":"WebPage","@id":"https:\/\/nature-et-developpement.com\/logisain-44\/produit\/indicateur-de-niveau-de-granules\/","url":"https:\/\/nature-et-developpement.com\/logisain-44\/produit\/indicateur-de-niveau-de-granules\/","name":"indicateur de niveau de granul\u00e9s - Logisain 44","isPartOf":{"@id":"https:\/\/nature-et-developpement.com\/logisain-44\/#website"},"primaryImageOfPage":{"@id":"https:\/\/nature-et-developpement.com\/logisain-44\/produit\/indicateur-de-niveau-de-granules\/#primaryimage"},"image":{"@id":"https:\/\/nature-et-developpement.com\/logisain-44\/produit\/indicateur-de-niveau-de-granules\/#primaryimage"},"thumbnailUrl":"https:\/\/nature-et-developpement.com\/logisain-44\/wp-content\/uploads\/sites\/4\/2021\/06\/15424-indicateur-de-niveau-de-granules-1.jpg","datePublished":"2017-06-23T10:16:05+00:00","dateModified":"2025-03-29T14:20:06+00:00","description":"indicateur de niveau de granul\u00e9s elniko premium pour \u00e9valuer la quantit\u00e9 encore disponible dans la r\u00e9serve de pellets. Loire-Atlantique","breadcrumb":{"@id":"https:\/\/nature-et-developpement.com\/logisain-44\/produit\/indicateur-de-niveau-de-granules\/#breadcrumb"},"inLanguage":"fr-FR","potentialAction":[{"@type":"ReadAction","target":["https:\/\/nature-et-developpement.com\/logisain-44\/produit\/indicateur-de-niveau-de-granules\/"]}]},{"@type":"ImageObject","inLanguage":"fr-FR","@id":"https:\/\/nature-et-developpement.com\/logisain-44\/produit\/indicateur-de-niveau-de-granules\/#primaryimage","url":"https:\/\/nature-et-developpement.com\/logisain-44\/wp-content\/uploads\/sites\/4\/2021\/06\/15424-indicateur-de-niveau-de-granules-1.jpg","contentUrl":"https:\/\/nature-et-developpement.com\/logisain-44\/wp-content\/uploads\/sites\/4\/2021\/06\/15424-indicateur-de-niveau-de-granules-1.jpg","width":800,"height":800,"caption":"indicateur de niveau de granul\u00e9s"},{"@type":"BreadcrumbList","@id":"https:\/\/nature-et-developpement.com\/logisain-44\/produit\/indicateur-de-niveau-de-granules\/#breadcrumb","itemListElement":[{"@type":"ListItem","position":1,"name":"Accueil","item":"https:\/\/nature-et-developpement.com\/logisain-44\/"},{"@type":"ListItem","position":2,"name":"Produits","item":"https:\/\/nature-et-developpement.com\/logisain-44\/shop\/"},{"@type":"ListItem","position":3,"name":"Chauffage, eau et \u00e9nergie","item":"https:\/\/nature-et-developpement.com\/logisain-44\/produits\/energie-et-ventilation\/"},{"@type":"ListItem","position":4,"name":"Chauffage bois et pellet, chaudi\u00e8re, po\u00eale, insert","item":"https:\/\/nature-et-developpement.com\/logisain-44\/produits\/energie-et-ventilation\/chauffage\/"},{"@type":"ListItem","position":5,"name":"indicateur de niveau de granul\u00e9s"}]},{"@type":"WebSite","@id":"https:\/\/nature-et-developpement.com\/logisain-44\/#website","url":"https:\/\/nature-et-developpement.com\/logisain-44\/","name":"Logisain 44","description":"Logisain 44 est membre du groupement Nature &amp; D\u00e9veloppement","publisher":{"@id":"https:\/\/nature-et-developpement.com\/logisain-44\/#organization"},"potentialAction":[{"@type":"SearchAction","target":{"@type":"EntryPoint","urlTemplate":"https:\/\/nature-et-developpement.com\/logisain-44\/?s={search_term_string}"},"query-input":{"@type":"PropertyValueSpecification","valueRequired":true,"valueName":"search_term_string"}}],"inLanguage":"fr-FR"},{"@type":"Organization","@id":"https:\/\/nature-et-developpement.com\/logisain-44\/#organization","name":"Logisain 44","url":"https:\/\/nature-et-developpement.com\/logisain-44\/","logo":{"@type":"ImageObject","inLanguage":"fr-FR","@id":"https:\/\/nature-et-developpement.com\/logisain-44\/#\/schema\/logo\/image\/","url":"https:\/\/nature-et-developpement.com\/logisain-44\/wp-content\/uploads\/sites\/4\/2021\/08\/logo-logisain.jpg","contentUrl":"https:\/\/nature-et-developpement.com\/logisain-44\/wp-content\/uploads\/sites\/4\/2021\/08\/logo-logisain.jpg","width":672,"height":455,"caption":"Logisain 44"},"image":{"@id":"https:\/\/nature-et-developpement.com\/logisain-44\/#\/schema\/logo\/image\/"}}]}},"distributor_meta":false,"distributor_terms":false,"distributor_media":false,"distributor_original_site_name":"Logisain 44","distributor_original_site_url":"https:\/\/nature-et-developpement.com\/logisain-44","push-errors":false,"_links":{"self":[{"href":"https:\/\/nature-et-developpement.com\/logisain-44\/wp-json\/wp\/v2\/product\/13542","targetHints":{"allow":["GET"]}}],"collection":[{"href":"https:\/\/nature-et-developpement.com\/logisain-44\/wp-json\/wp\/v2\/product"}],"about":[{"href":"https:\/\/nature-et-developpement.com\/logisain-44\/wp-json\/wp\/v2\/types\/product"}],"wp:featuredmedia":[{"embeddable":true,"href":"https:\/\/nature-et-developpement.com\/logisain-44\/wp-json\/wp\/v2\/media\/18453"}],"wp:attachment":[{"href":"https:\/\/nature-et-developpement.com\/logisain-44\/wp-json\/wp\/v2\/media?parent=13542"}],"wp:term":[{"taxonomy":"product_brand","embeddable":true,"href":"https:\/\/nature-et-developpement.com\/logisain-44\/wp-json\/wp\/v2\/product_brand?post=13542"},{"taxonomy":"product_cat","embeddable":true,"href":"https:\/\/nature-et-developpement.com\/logisain-44\/wp-json\/wp\/v2\/product_cat?post=13542"},{"taxonomy":"product_tag","embeddable":true,"href":"https:\/\/nature-et-developpement.com\/logisain-44\/wp-json\/wp\/v2\/product_tag?post=13542"}],"curies":[{"name":"wp","href":"https:\/\/api.w.org\/{rel}","templated":true}]}}