{"id":13674,"date":"2017-06-23T12:08:48","date_gmt":"2017-06-23T10:08:48","guid":{"rendered":"https:\/\/nature-et-developpement.com\/logisain\/produit\/chaudiere-sp-dual\/"},"modified":"2025-06-12T14:57:53","modified_gmt":"2025-06-12T12:57:53","slug":"chaudiere-sp-dual","status":"publish","type":"product","link":"https:\/\/nature-et-developpement.com\/logisain-44\/produit\/chaudiere-sp-dual\/","title":{"rendered":"Chaudi\u00e8re SP Dual Fr\u00f6ling"},"content":{"rendered":"<p><span>Chauffez mieux et \u00e0 moindre co\u00fbt avec l\u2019\u00e9nergie bois<br \/><img decoding=\"async\" alt=\"\" src=\"http:\/\/www.actu-environnement.com\/in\/froling\/line.jpg\" style=\"margin-top:5px\" \/><\/span>           \t\t<img decoding=\"async\" alt=\"\" src=\"http:\/\/www.actu-environnement.com\/in\/froling\/energie-bois.jpg\" style=\"float:left;margin:0px 20px 10px 0px\" \/><\/p>\n<p>Promue au m\u00eame titre que les autres \u00e9nergies  renouvelables et soutenue par des politiques fiscales attractives  (cr\u00e9dits d&rsquo;imp\u00f4t, TVA \u00e0 5,5 %&#8230;), l\u2019\u00e9nergie bois appara\u00eet aujourd&rsquo;hui  comme un produit incontournable dans                  les ann\u00e9es \u00e0 venir.<\/p>\n<p>Le contexte de hausse durable du prix du p\u00e9trole et des \u00e9nergies  associ\u00e9es (fuel, gaz) favorise l\u2019expansion du chauffage au bois qui se  pr\u00e9sente comme une alternative moins co\u00fbteuse et moins nocive pour  l\u2019environnement.<\/p>\n<p>Que vous pr\u00e9f\u00e9riez un chauffage traditionnel avec des b\u00fbches ou  l\u2019emploi de granul\u00e9s de bois, la gamme de chaudi\u00e8res SP Dual de Fr\u00f6ling  r\u00e9pond \u00e0 toutes vos attentes et vos contraintes de stockage.<\/p>\n<p><span>L\u2019association parfaite entre les b\u00fbches et les granul\u00e9s bois !<br \/><img decoding=\"async\" alt=\"\" src=\"http:\/\/www.actu-environnement.com\/in\/froling\/line.jpg\" style=\"margin-top:5px\" \/><\/span>                          \t<img decoding=\"async\" alt=\"\" src=\"http:\/\/www.actu-environnement.com\/in\/froling\/sp-dual-gd.jpg\" style=\"float:right;margin:0px 0px 10px 20px\" \/><\/p>\n<p>La chaudi\u00e8re \u00e0 b\u00fbches et \u00e0 granul\u00e9s SP Dual associe deux  syst\u00e8mes parfaits : avec deux chambres de combustion s\u00e9par\u00e9es, elle  r\u00e9pond \u00e0 toutes les exigences pos\u00e9es par les combustibles b\u00fbches et  granul\u00e9s.<\/p>\n<p>La SP Dual se caract\u00e9rise par de hauts rendements (&gt; 91 %) et  un confort \u00e9lev\u00e9, et par de faibles \u00e9missions et d\u00e9penses \u00e9nerg\u00e9tiques.<\/p>\n<p>L&rsquo;allumage des b\u00fbches peut \u00eatre effectu\u00e9 automatiquement et \u00e0  n&rsquo;importe quel moment au moyen du br\u00fbleur \u00e0 granul\u00e9s. Lorsque les b\u00fbches  se sont consum\u00e9es, le chauffage continue automatiquement avec les  granul\u00e9s.                  Le remplissage du silo \u00e0 granul\u00e9s g\u00e9n\u00e9reux peut se faire  manuellement ou automatiquement gr\u00e2ce au syst\u00e8me d&rsquo;alimentation Froling  qui ont fait leurs preuves.<\/p>\n<p>Et pour ceux qui pr\u00e9f\u00e8rent utiliser uniquement des b\u00fbches dans un  premier temps, Froling propose la solution de flexibilit\u00e9 pour une  d\u00e9cision future : la S4 Turbo avec bride \u00e0 granul\u00e9s permet de faire  \u00e9voluer                  l\u2019unit\u00e9 \u00e0 granul\u00e9s \u00e0 tout moment, m\u00eame ult\u00e9rieurement.<\/p>\n<p><\/p>\n<p>\u00a0<\/p>\n","protected":false},"excerpt":{"rendered":"<p>le mix parfait entre les b\u00fbches et les granul\u00e9s bois !Plage de puissance de 15 \u00e0 40 kW<\/p>\n","protected":false},"featured_media":1000000104694,"template":"","meta":[],"product_brand":[11771],"product_cat":[8020,7673,10292],"product_tag":[],"class_list":{"0":"post-13674","1":"product","2":"type-product","3":"status-publish","4":"has-post-thumbnail","6":"product_brand-froling","7":"product_cat-chauffage","8":"product_cat-energie-et-ventilation","9":"product_cat-demande-de-devis-uniquement-sans-prix","10":"product_shipping_class-impact-transport-important","12":"first","13":"instock","14":"taxable","15":"shipping-taxable","16":"purchasable","17":"product-type-simple"},"yoast_head":"<!-- This site is optimized with the Yoast SEO plugin v27.5 - https:\/\/yoast.com\/product\/yoast-seo-wordpress\/ -->\n<title>Chaudi\u00e8re SP Dual Fr\u00f6ling - Logisain 44<\/title>\n<meta name=\"description\" content=\"le mix parfait entre les b\u00fbches et les granul\u00e9s bois !Plage de puissance de 15 \u00e0 40 kW Loire-Atlantique\" \/>\n<meta name=\"robots\" content=\"noindex, follow\" \/>\n<meta property=\"og:locale\" content=\"fr_FR\" \/>\n<meta property=\"og:type\" content=\"article\" \/>\n<meta property=\"og:title\" content=\"Chaudi\u00e8re SP Dual Fr\u00f6ling - Logisain 44\" \/>\n<meta property=\"og:description\" content=\"le mix parfait entre les b\u00fbches et les granul\u00e9s bois !Plage de puissance de 15 \u00e0 40 kW Loire-Atlantique\" \/>\n<meta property=\"og:url\" content=\"https:\/\/nature-et-developpement.com\/logisain-44\/produit\/chaudiere-sp-dual\/\" \/>\n<meta property=\"og:site_name\" content=\"Logisain 44\" \/>\n<meta property=\"article:modified_time\" content=\"2025-06-12T12:57:53+00:00\" \/>\n<meta name=\"twitter:card\" content=\"summary_large_image\" \/>\n<meta name=\"twitter:label1\" content=\"Dur\u00e9e de lecture estim\u00e9e\" \/>\n\t<meta name=\"twitter:data1\" content=\"2 minutes\" \/>\n<script type=\"application\/ld+json\" class=\"yoast-schema-graph\">{\"@context\":\"https:\\\/\\\/schema.org\",\"@graph\":[{\"@type\":\"WebPage\",\"@id\":\"https:\\\/\\\/nature-et-developpement.com\\\/logisain-44\\\/produit\\\/chaudiere-sp-dual\\\/\",\"url\":\"https:\\\/\\\/nature-et-developpement.com\\\/logisain-44\\\/produit\\\/chaudiere-sp-dual\\\/\",\"name\":\"Chaudi\u00e8re SP Dual Fr\u00f6ling - Logisain 44\",\"isPartOf\":{\"@id\":\"https:\\\/\\\/nature-et-developpement.com\\\/logisain-44\\\/#website\"},\"primaryImageOfPage\":{\"@id\":\"https:\\\/\\\/nature-et-developpement.com\\\/logisain-44\\\/produit\\\/chaudiere-sp-dual\\\/#primaryimage\"},\"image\":{\"@id\":\"https:\\\/\\\/nature-et-developpement.com\\\/logisain-44\\\/produit\\\/chaudiere-sp-dual\\\/#primaryimage\"},\"thumbnailUrl\":\"https:\\\/\\\/nature-et-developpement.com\\\/logisain-44\\\/wp-content\\\/uploads\\\/14938-Chaudiere-SP-Dual.jpg\",\"datePublished\":\"2017-06-23T10:08:48+00:00\",\"dateModified\":\"2025-06-12T12:57:53+00:00\",\"description\":\"le mix parfait entre les b\u00fbches et les granul\u00e9s bois !Plage de puissance de 15 \u00e0 40 kW Loire-Atlantique\",\"breadcrumb\":{\"@id\":\"https:\\\/\\\/nature-et-developpement.com\\\/logisain-44\\\/produit\\\/chaudiere-sp-dual\\\/#breadcrumb\"},\"inLanguage\":\"fr-FR\",\"potentialAction\":[{\"@type\":\"ReadAction\",\"target\":[\"https:\\\/\\\/nature-et-developpement.com\\\/logisain-44\\\/produit\\\/chaudiere-sp-dual\\\/\"]}]},{\"@type\":\"ImageObject\",\"inLanguage\":\"fr-FR\",\"@id\":\"https:\\\/\\\/nature-et-developpement.com\\\/logisain-44\\\/produit\\\/chaudiere-sp-dual\\\/#primaryimage\",\"url\":\"https:\\\/\\\/nature-et-developpement.com\\\/logisain-44\\\/wp-content\\\/uploads\\\/14938-Chaudiere-SP-Dual.jpg\",\"contentUrl\":\"https:\\\/\\\/nature-et-developpement.com\\\/logisain-44\\\/wp-content\\\/uploads\\\/14938-Chaudiere-SP-Dual.jpg\"},{\"@type\":\"BreadcrumbList\",\"@id\":\"https:\\\/\\\/nature-et-developpement.com\\\/logisain-44\\\/produit\\\/chaudiere-sp-dual\\\/#breadcrumb\",\"itemListElement\":[{\"@type\":\"ListItem\",\"position\":1,\"name\":\"Accueil\",\"item\":\"https:\\\/\\\/nature-et-developpement.com\\\/logisain-44\\\/\"},{\"@type\":\"ListItem\",\"position\":2,\"name\":\"Produits\",\"item\":\"https:\\\/\\\/nature-et-developpement.com\\\/logisain-44\\\/shop\\\/\"},{\"@type\":\"ListItem\",\"position\":3,\"name\":\"Chauffage, eau et \u00e9nergie\",\"item\":\"https:\\\/\\\/nature-et-developpement.com\\\/logisain-44\\\/produits\\\/energie-et-ventilation\\\/\"},{\"@type\":\"ListItem\",\"position\":4,\"name\":\"Chauffage bois et pellet, chaudi\u00e8re, po\u00eale, insert\",\"item\":\"https:\\\/\\\/nature-et-developpement.com\\\/logisain-44\\\/produits\\\/energie-et-ventilation\\\/chauffage\\\/\"},{\"@type\":\"ListItem\",\"position\":5,\"name\":\"Chaudi\u00e8re SP Dual Fr\u00f6ling\"}]},{\"@type\":\"WebSite\",\"@id\":\"https:\\\/\\\/nature-et-developpement.com\\\/logisain-44\\\/#website\",\"url\":\"https:\\\/\\\/nature-et-developpement.com\\\/logisain-44\\\/\",\"name\":\"Logisain 44\",\"description\":\"Logisain 44 est membre du groupement Nature &amp; D\u00e9veloppement\",\"publisher\":{\"@id\":\"https:\\\/\\\/nature-et-developpement.com\\\/logisain-44\\\/#organization\"},\"potentialAction\":[{\"@type\":\"SearchAction\",\"target\":{\"@type\":\"EntryPoint\",\"urlTemplate\":\"https:\\\/\\\/nature-et-developpement.com\\\/logisain-44\\\/?s={search_term_string}\"},\"query-input\":{\"@type\":\"PropertyValueSpecification\",\"valueRequired\":true,\"valueName\":\"search_term_string\"}}],\"inLanguage\":\"fr-FR\"},{\"@type\":\"Organization\",\"@id\":\"https:\\\/\\\/nature-et-developpement.com\\\/logisain-44\\\/#organization\",\"name\":\"Logisain 44\",\"url\":\"https:\\\/\\\/nature-et-developpement.com\\\/logisain-44\\\/\",\"logo\":{\"@type\":\"ImageObject\",\"inLanguage\":\"fr-FR\",\"@id\":\"https:\\\/\\\/nature-et-developpement.com\\\/logisain-44\\\/#\\\/schema\\\/logo\\\/image\\\/\",\"url\":\"https:\\\/\\\/nature-et-developpement.com\\\/logisain-44\\\/wp-content\\\/uploads\\\/sites\\\/4\\\/2021\\\/08\\\/logo-logisain.jpg\",\"contentUrl\":\"https:\\\/\\\/nature-et-developpement.com\\\/logisain-44\\\/wp-content\\\/uploads\\\/sites\\\/4\\\/2021\\\/08\\\/logo-logisain.jpg\",\"width\":672,\"height\":455,\"caption\":\"Logisain 44\"},\"image\":{\"@id\":\"https:\\\/\\\/nature-et-developpement.com\\\/logisain-44\\\/#\\\/schema\\\/logo\\\/image\\\/\"}}]}<\/script>\n<!-- \/ Yoast SEO plugin. -->","yoast_head_json":{"title":"Chaudi\u00e8re SP Dual Fr\u00f6ling - Logisain 44","description":"le mix parfait entre les b\u00fbches et les granul\u00e9s bois !Plage de puissance de 15 \u00e0 40 kW Loire-Atlantique","robots":{"index":"noindex","follow":"follow"},"og_locale":"fr_FR","og_type":"article","og_title":"Chaudi\u00e8re SP Dual Fr\u00f6ling - Logisain 44","og_description":"le mix parfait entre les b\u00fbches et les granul\u00e9s bois !Plage de puissance de 15 \u00e0 40 kW Loire-Atlantique","og_url":"https:\/\/nature-et-developpement.com\/logisain-44\/produit\/chaudiere-sp-dual\/","og_site_name":"Logisain 44","article_modified_time":"2025-06-12T12:57:53+00:00","twitter_card":"summary_large_image","twitter_misc":{"Dur\u00e9e de lecture estim\u00e9e":"2 minutes"},"schema":{"@context":"https:\/\/schema.org","@graph":[{"@type":"WebPage","@id":"https:\/\/nature-et-developpement.com\/logisain-44\/produit\/chaudiere-sp-dual\/","url":"https:\/\/nature-et-developpement.com\/logisain-44\/produit\/chaudiere-sp-dual\/","name":"Chaudi\u00e8re SP Dual Fr\u00f6ling - Logisain 44","isPartOf":{"@id":"https:\/\/nature-et-developpement.com\/logisain-44\/#website"},"primaryImageOfPage":{"@id":"https:\/\/nature-et-developpement.com\/logisain-44\/produit\/chaudiere-sp-dual\/#primaryimage"},"image":{"@id":"https:\/\/nature-et-developpement.com\/logisain-44\/produit\/chaudiere-sp-dual\/#primaryimage"},"thumbnailUrl":"https:\/\/nature-et-developpement.com\/logisain-44\/wp-content\/uploads\/14938-Chaudiere-SP-Dual.jpg","datePublished":"2017-06-23T10:08:48+00:00","dateModified":"2025-06-12T12:57:53+00:00","description":"le mix parfait entre les b\u00fbches et les granul\u00e9s bois !Plage de puissance de 15 \u00e0 40 kW Loire-Atlantique","breadcrumb":{"@id":"https:\/\/nature-et-developpement.com\/logisain-44\/produit\/chaudiere-sp-dual\/#breadcrumb"},"inLanguage":"fr-FR","potentialAction":[{"@type":"ReadAction","target":["https:\/\/nature-et-developpement.com\/logisain-44\/produit\/chaudiere-sp-dual\/"]}]},{"@type":"ImageObject","inLanguage":"fr-FR","@id":"https:\/\/nature-et-developpement.com\/logisain-44\/produit\/chaudiere-sp-dual\/#primaryimage","url":"https:\/\/nature-et-developpement.com\/logisain-44\/wp-content\/uploads\/14938-Chaudiere-SP-Dual.jpg","contentUrl":"https:\/\/nature-et-developpement.com\/logisain-44\/wp-content\/uploads\/14938-Chaudiere-SP-Dual.jpg"},{"@type":"BreadcrumbList","@id":"https:\/\/nature-et-developpement.com\/logisain-44\/produit\/chaudiere-sp-dual\/#breadcrumb","itemListElement":[{"@type":"ListItem","position":1,"name":"Accueil","item":"https:\/\/nature-et-developpement.com\/logisain-44\/"},{"@type":"ListItem","position":2,"name":"Produits","item":"https:\/\/nature-et-developpement.com\/logisain-44\/shop\/"},{"@type":"ListItem","position":3,"name":"Chauffage, eau et \u00e9nergie","item":"https:\/\/nature-et-developpement.com\/logisain-44\/produits\/energie-et-ventilation\/"},{"@type":"ListItem","position":4,"name":"Chauffage bois et pellet, chaudi\u00e8re, po\u00eale, insert","item":"https:\/\/nature-et-developpement.com\/logisain-44\/produits\/energie-et-ventilation\/chauffage\/"},{"@type":"ListItem","position":5,"name":"Chaudi\u00e8re SP Dual Fr\u00f6ling"}]},{"@type":"WebSite","@id":"https:\/\/nature-et-developpement.com\/logisain-44\/#website","url":"https:\/\/nature-et-developpement.com\/logisain-44\/","name":"Logisain 44","description":"Logisain 44 est membre du groupement Nature &amp; D\u00e9veloppement","publisher":{"@id":"https:\/\/nature-et-developpement.com\/logisain-44\/#organization"},"potentialAction":[{"@type":"SearchAction","target":{"@type":"EntryPoint","urlTemplate":"https:\/\/nature-et-developpement.com\/logisain-44\/?s={search_term_string}"},"query-input":{"@type":"PropertyValueSpecification","valueRequired":true,"valueName":"search_term_string"}}],"inLanguage":"fr-FR"},{"@type":"Organization","@id":"https:\/\/nature-et-developpement.com\/logisain-44\/#organization","name":"Logisain 44","url":"https:\/\/nature-et-developpement.com\/logisain-44\/","logo":{"@type":"ImageObject","inLanguage":"fr-FR","@id":"https:\/\/nature-et-developpement.com\/logisain-44\/#\/schema\/logo\/image\/","url":"https:\/\/nature-et-developpement.com\/logisain-44\/wp-content\/uploads\/sites\/4\/2021\/08\/logo-logisain.jpg","contentUrl":"https:\/\/nature-et-developpement.com\/logisain-44\/wp-content\/uploads\/sites\/4\/2021\/08\/logo-logisain.jpg","width":672,"height":455,"caption":"Logisain 44"},"image":{"@id":"https:\/\/nature-et-developpement.com\/logisain-44\/#\/schema\/logo\/image\/"}}]}},"distributor_meta":false,"distributor_terms":false,"distributor_media":false,"distributor_original_site_name":"Logisain 44","distributor_original_site_url":"https:\/\/nature-et-developpement.com\/logisain-44","push-errors":false,"_links":{"self":[{"href":"https:\/\/nature-et-developpement.com\/logisain-44\/wp-json\/wp\/v2\/product\/13674","targetHints":{"allow":["GET"]}}],"collection":[{"href":"https:\/\/nature-et-developpement.com\/logisain-44\/wp-json\/wp\/v2\/product"}],"about":[{"href":"https:\/\/nature-et-developpement.com\/logisain-44\/wp-json\/wp\/v2\/types\/product"}],"wp:featuredmedia":[{"embeddable":true,"href":"https:\/\/nature-et-developpement.com\/logisain-44\/wp-json\/"}],"wp:attachment":[{"href":"https:\/\/nature-et-developpement.com\/logisain-44\/wp-json\/wp\/v2\/media?parent=13674"}],"wp:term":[{"taxonomy":"product_brand","embeddable":true,"href":"https:\/\/nature-et-developpement.com\/logisain-44\/wp-json\/wp\/v2\/product_brand?post=13674"},{"taxonomy":"product_cat","embeddable":true,"href":"https:\/\/nature-et-developpement.com\/logisain-44\/wp-json\/wp\/v2\/product_cat?post=13674"},{"taxonomy":"product_tag","embeddable":true,"href":"https:\/\/nature-et-developpement.com\/logisain-44\/wp-json\/wp\/v2\/product_tag?post=13674"}],"curies":[{"name":"wp","href":"https:\/\/api.w.org\/{rel}","templated":true}]}}