{"id":13696,"date":"2017-06-23T12:08:25","date_gmt":"2017-06-23T10:08:25","guid":{"rendered":"https:\/\/nature-et-developpement.com\/logisain\/produit\/chauffage-a-granules-et-bois-dechiquetes-t4\/"},"modified":"2025-06-12T14:57:53","modified_gmt":"2025-06-12T12:57:53","slug":"chauffage-a-granules-et-bois-dechiquetes-t4","status":"publish","type":"product","link":"https:\/\/nature-et-developpement.com\/logisain-44\/produit\/chauffage-a-granules-et-bois-dechiquetes-t4\/","title":{"rendered":"Chauffage \u00e0 granul\u00e9s et Bois D\u00e9chiquet\u00e9s T4 Fr\u00f6ling"},"content":{"rendered":"<table border=\"0\" cellspacing=\"0\" cellpadding=\"0\" style=\"font-family:Arial, Helvetica, sans-serif;font-size:12px;text-align:justify;width:980px\">\n<tbody style=\"text-align:left\">\n<tr>\n<td valign=\"top\">\n<h2 class=\"contentheading\" style=\"margin:0px;padding:0px 0px 5px;font-size:20px;text-transform:uppercase;font-family:Arial, Helvetica, sans-serif;text-align:justify\">CHAUFFAGE \u00c0 GRANUL\u00c9S ET \u00c0 BOIS D\u00c9CHIQUET\u00c9 T4<\/h2>\n<p>Confortable, compacte, \u00e9conomique et s\u00fbre : la nouvelle T4 de Froling a r\u00e9ponse \u00e0 tous les souhaits.<br \/>            Gr\u00e2ce \u00e0 son syst\u00e8me intelligent enti\u00e8rement automatique, cette chaudi\u00e8re br\u00fble efficacement le bois d\u00e9chiquet\u00e9 comme les granul\u00e9s. En outre, Froling propose une gamme de syst\u00e8mes d\u2019alimentation de combustibles qui permet de r\u00e9pondre aux exigences les plus vari\u00e9es. Une technique de syst\u00e8mes \u00e9tudi\u00e9e dans les moindres d\u00e9tails garantit une exploitation optimale de l\u2019\u00e9nergie. La Froling T4 vous offre ainsi un chauffage confortable et parfaitement s\u00fbr.<\/p>\n<\/td>\n<\/tr>\n<\/tbody>\n<\/table>\n<p>\u00a0<\/p>\n<p>\u00a0<\/p>\n","protected":false},"excerpt":{"rendered":"<p>Pour la combustion enti\u00e8rement automatique et ais\u00e9e de bois d\u00e9chiquet\u00e9, copeaux et granul\u00e9s , sur une plage de puissance comprise entre 28 kW et 100 kW<\/p>\n","protected":false},"featured_media":1000000104662,"template":"","meta":[],"product_brand":[11771],"product_cat":[8020,7673,10292],"product_tag":[],"class_list":{"0":"post-13696","1":"product","2":"type-product","3":"status-publish","4":"has-post-thumbnail","6":"product_brand-froling","7":"product_cat-chauffage","8":"product_cat-energie-et-ventilation","9":"product_cat-demande-de-devis-uniquement-sans-prix","10":"product_shipping_class-impact-transport-important","12":"first","13":"instock","14":"taxable","15":"shipping-taxable","16":"purchasable","17":"product-type-simple"},"yoast_head":"<!-- This site is optimized with the Yoast SEO plugin v27.5 - https:\/\/yoast.com\/product\/yoast-seo-wordpress\/ -->\n<title>Chauffage \u00e0 granul\u00e9s et Bois D\u00e9chiquet\u00e9s T4 Fr\u00f6ling - Logisain 44<\/title>\n<meta name=\"description\" content=\"Pour la combustion enti\u00e8rement automatique et ais\u00e9e de bois d\u00e9chiquet\u00e9, copeaux et granul\u00e9s , sur une plage de puissance comprise entre 28 kW et 100 kW Loire-Atlantique\" \/>\n<meta name=\"robots\" content=\"noindex, follow\" \/>\n<meta property=\"og:locale\" content=\"fr_FR\" \/>\n<meta property=\"og:type\" content=\"article\" \/>\n<meta property=\"og:title\" content=\"Chauffage \u00e0 granul\u00e9s et Bois D\u00e9chiquet\u00e9s T4 Fr\u00f6ling - Logisain 44\" \/>\n<meta property=\"og:description\" content=\"Pour la combustion enti\u00e8rement automatique et ais\u00e9e de bois d\u00e9chiquet\u00e9, copeaux et granul\u00e9s , sur une plage de puissance comprise entre 28 kW et 100 kW Loire-Atlantique\" \/>\n<meta property=\"og:url\" content=\"https:\/\/nature-et-developpement.com\/logisain-44\/produit\/chauffage-a-granules-et-bois-dechiquetes-t4\/\" \/>\n<meta property=\"og:site_name\" content=\"Logisain 44\" \/>\n<meta property=\"article:modified_time\" content=\"2025-06-12T12:57:53+00:00\" \/>\n<meta name=\"twitter:card\" content=\"summary_large_image\" \/>\n<meta name=\"twitter:label1\" content=\"Dur\u00e9e de lecture estim\u00e9e\" \/>\n\t<meta name=\"twitter:data1\" content=\"1 minute\" \/>\n<script type=\"application\/ld+json\" class=\"yoast-schema-graph\">{\"@context\":\"https:\\\/\\\/schema.org\",\"@graph\":[{\"@type\":\"WebPage\",\"@id\":\"https:\\\/\\\/nature-et-developpement.com\\\/logisain-44\\\/produit\\\/chauffage-a-granules-et-bois-dechiquetes-t4\\\/\",\"url\":\"https:\\\/\\\/nature-et-developpement.com\\\/logisain-44\\\/produit\\\/chauffage-a-granules-et-bois-dechiquetes-t4\\\/\",\"name\":\"Chauffage \u00e0 granul\u00e9s et Bois D\u00e9chiquet\u00e9s T4 Fr\u00f6ling - Logisain 44\",\"isPartOf\":{\"@id\":\"https:\\\/\\\/nature-et-developpement.com\\\/logisain-44\\\/#website\"},\"primaryImageOfPage\":{\"@id\":\"https:\\\/\\\/nature-et-developpement.com\\\/logisain-44\\\/produit\\\/chauffage-a-granules-et-bois-dechiquetes-t4\\\/#primaryimage\"},\"image\":{\"@id\":\"https:\\\/\\\/nature-et-developpement.com\\\/logisain-44\\\/produit\\\/chauffage-a-granules-et-bois-dechiquetes-t4\\\/#primaryimage\"},\"thumbnailUrl\":\"https:\\\/\\\/nature-et-developpement.com\\\/logisain-44\\\/wp-content\\\/uploads\\\/14915-Chauffage-a-granules-et-Bois-Dechiquetes-T4.jpg\",\"datePublished\":\"2017-06-23T10:08:25+00:00\",\"dateModified\":\"2025-06-12T12:57:53+00:00\",\"description\":\"Pour la combustion enti\u00e8rement automatique et ais\u00e9e de bois d\u00e9chiquet\u00e9, copeaux et granul\u00e9s , sur une plage de puissance comprise entre 28 kW et 100 kW Loire-Atlantique\",\"breadcrumb\":{\"@id\":\"https:\\\/\\\/nature-et-developpement.com\\\/logisain-44\\\/produit\\\/chauffage-a-granules-et-bois-dechiquetes-t4\\\/#breadcrumb\"},\"inLanguage\":\"fr-FR\",\"potentialAction\":[{\"@type\":\"ReadAction\",\"target\":[\"https:\\\/\\\/nature-et-developpement.com\\\/logisain-44\\\/produit\\\/chauffage-a-granules-et-bois-dechiquetes-t4\\\/\"]}]},{\"@type\":\"ImageObject\",\"inLanguage\":\"fr-FR\",\"@id\":\"https:\\\/\\\/nature-et-developpement.com\\\/logisain-44\\\/produit\\\/chauffage-a-granules-et-bois-dechiquetes-t4\\\/#primaryimage\",\"url\":\"https:\\\/\\\/nature-et-developpement.com\\\/logisain-44\\\/wp-content\\\/uploads\\\/14915-Chauffage-a-granules-et-Bois-Dechiquetes-T4.jpg\",\"contentUrl\":\"https:\\\/\\\/nature-et-developpement.com\\\/logisain-44\\\/wp-content\\\/uploads\\\/14915-Chauffage-a-granules-et-Bois-Dechiquetes-T4.jpg\"},{\"@type\":\"BreadcrumbList\",\"@id\":\"https:\\\/\\\/nature-et-developpement.com\\\/logisain-44\\\/produit\\\/chauffage-a-granules-et-bois-dechiquetes-t4\\\/#breadcrumb\",\"itemListElement\":[{\"@type\":\"ListItem\",\"position\":1,\"name\":\"Accueil\",\"item\":\"https:\\\/\\\/nature-et-developpement.com\\\/logisain-44\\\/\"},{\"@type\":\"ListItem\",\"position\":2,\"name\":\"Produits\",\"item\":\"https:\\\/\\\/nature-et-developpement.com\\\/logisain-44\\\/shop\\\/\"},{\"@type\":\"ListItem\",\"position\":3,\"name\":\"Chauffage, eau et \u00e9nergie\",\"item\":\"https:\\\/\\\/nature-et-developpement.com\\\/logisain-44\\\/produits\\\/energie-et-ventilation\\\/\"},{\"@type\":\"ListItem\",\"position\":4,\"name\":\"Chauffage bois et pellet, chaudi\u00e8re, po\u00eale, insert\",\"item\":\"https:\\\/\\\/nature-et-developpement.com\\\/logisain-44\\\/produits\\\/energie-et-ventilation\\\/chauffage\\\/\"},{\"@type\":\"ListItem\",\"position\":5,\"name\":\"Chauffage \u00e0 granul\u00e9s et Bois D\u00e9chiquet\u00e9s T4 Fr\u00f6ling\"}]},{\"@type\":\"WebSite\",\"@id\":\"https:\\\/\\\/nature-et-developpement.com\\\/logisain-44\\\/#website\",\"url\":\"https:\\\/\\\/nature-et-developpement.com\\\/logisain-44\\\/\",\"name\":\"Logisain 44\",\"description\":\"Logisain 44 est membre du groupement Nature &amp; D\u00e9veloppement\",\"publisher\":{\"@id\":\"https:\\\/\\\/nature-et-developpement.com\\\/logisain-44\\\/#organization\"},\"potentialAction\":[{\"@type\":\"SearchAction\",\"target\":{\"@type\":\"EntryPoint\",\"urlTemplate\":\"https:\\\/\\\/nature-et-developpement.com\\\/logisain-44\\\/?s={search_term_string}\"},\"query-input\":{\"@type\":\"PropertyValueSpecification\",\"valueRequired\":true,\"valueName\":\"search_term_string\"}}],\"inLanguage\":\"fr-FR\"},{\"@type\":\"Organization\",\"@id\":\"https:\\\/\\\/nature-et-developpement.com\\\/logisain-44\\\/#organization\",\"name\":\"Logisain 44\",\"url\":\"https:\\\/\\\/nature-et-developpement.com\\\/logisain-44\\\/\",\"logo\":{\"@type\":\"ImageObject\",\"inLanguage\":\"fr-FR\",\"@id\":\"https:\\\/\\\/nature-et-developpement.com\\\/logisain-44\\\/#\\\/schema\\\/logo\\\/image\\\/\",\"url\":\"https:\\\/\\\/nature-et-developpement.com\\\/logisain-44\\\/wp-content\\\/uploads\\\/sites\\\/4\\\/2021\\\/08\\\/logo-logisain.jpg\",\"contentUrl\":\"https:\\\/\\\/nature-et-developpement.com\\\/logisain-44\\\/wp-content\\\/uploads\\\/sites\\\/4\\\/2021\\\/08\\\/logo-logisain.jpg\",\"width\":672,\"height\":455,\"caption\":\"Logisain 44\"},\"image\":{\"@id\":\"https:\\\/\\\/nature-et-developpement.com\\\/logisain-44\\\/#\\\/schema\\\/logo\\\/image\\\/\"}}]}<\/script>\n<!-- \/ Yoast SEO plugin. -->","yoast_head_json":{"title":"Chauffage \u00e0 granul\u00e9s et Bois D\u00e9chiquet\u00e9s T4 Fr\u00f6ling - Logisain 44","description":"Pour la combustion enti\u00e8rement automatique et ais\u00e9e de bois d\u00e9chiquet\u00e9, copeaux et granul\u00e9s , sur une plage de puissance comprise entre 28 kW et 100 kW Loire-Atlantique","robots":{"index":"noindex","follow":"follow"},"og_locale":"fr_FR","og_type":"article","og_title":"Chauffage \u00e0 granul\u00e9s et Bois D\u00e9chiquet\u00e9s T4 Fr\u00f6ling - Logisain 44","og_description":"Pour la combustion enti\u00e8rement automatique et ais\u00e9e de bois d\u00e9chiquet\u00e9, copeaux et granul\u00e9s , sur une plage de puissance comprise entre 28 kW et 100 kW Loire-Atlantique","og_url":"https:\/\/nature-et-developpement.com\/logisain-44\/produit\/chauffage-a-granules-et-bois-dechiquetes-t4\/","og_site_name":"Logisain 44","article_modified_time":"2025-06-12T12:57:53+00:00","twitter_card":"summary_large_image","twitter_misc":{"Dur\u00e9e de lecture estim\u00e9e":"1 minute"},"schema":{"@context":"https:\/\/schema.org","@graph":[{"@type":"WebPage","@id":"https:\/\/nature-et-developpement.com\/logisain-44\/produit\/chauffage-a-granules-et-bois-dechiquetes-t4\/","url":"https:\/\/nature-et-developpement.com\/logisain-44\/produit\/chauffage-a-granules-et-bois-dechiquetes-t4\/","name":"Chauffage \u00e0 granul\u00e9s et Bois D\u00e9chiquet\u00e9s T4 Fr\u00f6ling - Logisain 44","isPartOf":{"@id":"https:\/\/nature-et-developpement.com\/logisain-44\/#website"},"primaryImageOfPage":{"@id":"https:\/\/nature-et-developpement.com\/logisain-44\/produit\/chauffage-a-granules-et-bois-dechiquetes-t4\/#primaryimage"},"image":{"@id":"https:\/\/nature-et-developpement.com\/logisain-44\/produit\/chauffage-a-granules-et-bois-dechiquetes-t4\/#primaryimage"},"thumbnailUrl":"https:\/\/nature-et-developpement.com\/logisain-44\/wp-content\/uploads\/14915-Chauffage-a-granules-et-Bois-Dechiquetes-T4.jpg","datePublished":"2017-06-23T10:08:25+00:00","dateModified":"2025-06-12T12:57:53+00:00","description":"Pour la combustion enti\u00e8rement automatique et ais\u00e9e de bois d\u00e9chiquet\u00e9, copeaux et granul\u00e9s , sur une plage de puissance comprise entre 28 kW et 100 kW Loire-Atlantique","breadcrumb":{"@id":"https:\/\/nature-et-developpement.com\/logisain-44\/produit\/chauffage-a-granules-et-bois-dechiquetes-t4\/#breadcrumb"},"inLanguage":"fr-FR","potentialAction":[{"@type":"ReadAction","target":["https:\/\/nature-et-developpement.com\/logisain-44\/produit\/chauffage-a-granules-et-bois-dechiquetes-t4\/"]}]},{"@type":"ImageObject","inLanguage":"fr-FR","@id":"https:\/\/nature-et-developpement.com\/logisain-44\/produit\/chauffage-a-granules-et-bois-dechiquetes-t4\/#primaryimage","url":"https:\/\/nature-et-developpement.com\/logisain-44\/wp-content\/uploads\/14915-Chauffage-a-granules-et-Bois-Dechiquetes-T4.jpg","contentUrl":"https:\/\/nature-et-developpement.com\/logisain-44\/wp-content\/uploads\/14915-Chauffage-a-granules-et-Bois-Dechiquetes-T4.jpg"},{"@type":"BreadcrumbList","@id":"https:\/\/nature-et-developpement.com\/logisain-44\/produit\/chauffage-a-granules-et-bois-dechiquetes-t4\/#breadcrumb","itemListElement":[{"@type":"ListItem","position":1,"name":"Accueil","item":"https:\/\/nature-et-developpement.com\/logisain-44\/"},{"@type":"ListItem","position":2,"name":"Produits","item":"https:\/\/nature-et-developpement.com\/logisain-44\/shop\/"},{"@type":"ListItem","position":3,"name":"Chauffage, eau et \u00e9nergie","item":"https:\/\/nature-et-developpement.com\/logisain-44\/produits\/energie-et-ventilation\/"},{"@type":"ListItem","position":4,"name":"Chauffage bois et pellet, chaudi\u00e8re, po\u00eale, insert","item":"https:\/\/nature-et-developpement.com\/logisain-44\/produits\/energie-et-ventilation\/chauffage\/"},{"@type":"ListItem","position":5,"name":"Chauffage \u00e0 granul\u00e9s et Bois D\u00e9chiquet\u00e9s T4 Fr\u00f6ling"}]},{"@type":"WebSite","@id":"https:\/\/nature-et-developpement.com\/logisain-44\/#website","url":"https:\/\/nature-et-developpement.com\/logisain-44\/","name":"Logisain 44","description":"Logisain 44 est membre du groupement Nature &amp; D\u00e9veloppement","publisher":{"@id":"https:\/\/nature-et-developpement.com\/logisain-44\/#organization"},"potentialAction":[{"@type":"SearchAction","target":{"@type":"EntryPoint","urlTemplate":"https:\/\/nature-et-developpement.com\/logisain-44\/?s={search_term_string}"},"query-input":{"@type":"PropertyValueSpecification","valueRequired":true,"valueName":"search_term_string"}}],"inLanguage":"fr-FR"},{"@type":"Organization","@id":"https:\/\/nature-et-developpement.com\/logisain-44\/#organization","name":"Logisain 44","url":"https:\/\/nature-et-developpement.com\/logisain-44\/","logo":{"@type":"ImageObject","inLanguage":"fr-FR","@id":"https:\/\/nature-et-developpement.com\/logisain-44\/#\/schema\/logo\/image\/","url":"https:\/\/nature-et-developpement.com\/logisain-44\/wp-content\/uploads\/sites\/4\/2021\/08\/logo-logisain.jpg","contentUrl":"https:\/\/nature-et-developpement.com\/logisain-44\/wp-content\/uploads\/sites\/4\/2021\/08\/logo-logisain.jpg","width":672,"height":455,"caption":"Logisain 44"},"image":{"@id":"https:\/\/nature-et-developpement.com\/logisain-44\/#\/schema\/logo\/image\/"}}]}},"distributor_meta":false,"distributor_terms":false,"distributor_media":false,"distributor_original_site_name":"Logisain 44","distributor_original_site_url":"https:\/\/nature-et-developpement.com\/logisain-44","push-errors":false,"_links":{"self":[{"href":"https:\/\/nature-et-developpement.com\/logisain-44\/wp-json\/wp\/v2\/product\/13696","targetHints":{"allow":["GET"]}}],"collection":[{"href":"https:\/\/nature-et-developpement.com\/logisain-44\/wp-json\/wp\/v2\/product"}],"about":[{"href":"https:\/\/nature-et-developpement.com\/logisain-44\/wp-json\/wp\/v2\/types\/product"}],"wp:featuredmedia":[{"embeddable":true,"href":"https:\/\/nature-et-developpement.com\/logisain-44\/wp-json\/"}],"wp:attachment":[{"href":"https:\/\/nature-et-developpement.com\/logisain-44\/wp-json\/wp\/v2\/media?parent=13696"}],"wp:term":[{"taxonomy":"product_brand","embeddable":true,"href":"https:\/\/nature-et-developpement.com\/logisain-44\/wp-json\/wp\/v2\/product_brand?post=13696"},{"taxonomy":"product_cat","embeddable":true,"href":"https:\/\/nature-et-developpement.com\/logisain-44\/wp-json\/wp\/v2\/product_cat?post=13696"},{"taxonomy":"product_tag","embeddable":true,"href":"https:\/\/nature-et-developpement.com\/logisain-44\/wp-json\/wp\/v2\/product_tag?post=13696"}],"curies":[{"name":"wp","href":"https:\/\/api.w.org\/{rel}","templated":true}]}}