{"id":13747,"date":"2017-06-23T12:07:36","date_gmt":"2017-06-23T10:07:36","guid":{"rendered":"https:\/\/nature-et-developpement.com\/logisain\/produit\/chaudieres-a-granules-froling-p4\/"},"modified":"2025-06-12T14:57:54","modified_gmt":"2025-06-12T12:57:54","slug":"chaudieres-a-granules-froling-p4","status":"publish","type":"product","link":"https:\/\/nature-et-developpement.com\/logisain-44\/produit\/chaudieres-a-granules-froling-p4\/","title":{"rendered":"Chaudi\u00e8res \u00e0 granul\u00e9s P4 Fr\u00f6ling"},"content":{"rendered":"<p>CHAUDI\u00c8RE \u00c0 GRANUL\u00c9S FR\u00d6LING P4 PELLET<\/p>\n<p>D\u00e9baller, brancher, chauffer. La chaudi\u00e8re P4 Pellet enthousiasme d\u00e8s sa mise en place dans la chaufferie. Comme le principe \u00ab\u00a0Plug and Play\u00a0\u00bb, tous les composants sont d\u00e9j\u00e0 c\u00e2bl\u00e9s. Une pose en plusieurs fois est possible, et l&rsquo;encombrement reste faible. \u00a0<\/p>\n<p>Le chauffage peut commencer juste apr\u00e8s la pose de la chaudi\u00e8re. Une vanne de s\u00e9curit\u00e9 et le ventilateur de tirage \u00e0 vitesse de rotation command\u00e9e veillent \u00e0 un maximum de confort et d&rsquo;efficacit\u00e9. L&rsquo;\u00e9changeur de chaleur brevet\u00e9 \u00e0 plusieurs circuits permet un fonctionnement parfaitement adapt\u00e9 de la P4 Pellet sous tous les points de vue. Une \u00e9l\u00e9vation du retour n&rsquo;est pas n\u00e9cessaire, ce qui permet des \u00e9conomies d&rsquo;installation et d&rsquo;exploitation.<\/p>\n<p>La construction brevet\u00e9e \u00e0 trois canaux et la consommation lente qui y est associ\u00e9e garantissent des \u00e9missions aussi faibles que possible. Sur une P4 Pellet, le confort n&rsquo;a aucune limite. Le transport du combustible, l&rsquo;allumage, la commande de la combustion et le nettoyage sont effectu\u00e9s de mani\u00e8re enti\u00e8rement automatique. Son silence pendant le fonctionnement est \u00e9galement impressionnant.<\/p>\n<p>Avec son concept de commande P 3200 nouvellement d\u00e9velopp\u00e9, Fr\u00f6ling se dirige vers le futur. L&rsquo;unit\u00e9 de commande adapt\u00e9e aux besoins et l&rsquo;angle de visualisation r\u00e9glable garantissent une repr\u00e9sentation claire de tous les \u00e9tats de fonctionnement. La structure de menus garantit la simplicit\u00e9 de commande. Les fonctions de chauffage et d&rsquo;eau chaude les plus importantes sont facilement s\u00e9lectionnables au moyen de touches de fonction. Le syst\u00e8me de bus Fr\u00f6ling permet un montage localement ind\u00e9pendant des modules d&rsquo;extension avec un c\u00e2ble \u00e9lectrique r\u00e9duit au minimum.<\/p>\n<p>Le nouveau tableau de commande RBG 3200 offre un aper\u00e7u total des locaux d&rsquo;habitation. Toutes les valeurs et tous les messages d&rsquo;\u00e9tat importants peuvent \u00eatre facilement consult\u00e9s et les r\u00e9glages effectu\u00e9s par simple pression sur les boutons.<\/p>\n","protected":false},"excerpt":{"rendered":"<p>Chaudi\u00e8re \u00e0 granul\u00e9s enti\u00e8rement automatique pour une plage de puissance de 8 \u00e0 100 kW. Distingu\u00e9 par l&rsquo;\u00e9colabel autrichien (Umweltzeichen).<\/p>\n","protected":false},"featured_media":1000000104596,"template":"","meta":[],"product_brand":[11771],"product_cat":[8020,7673,10292],"product_tag":[],"class_list":{"0":"post-13747","1":"product","2":"type-product","3":"status-publish","4":"has-post-thumbnail","6":"product_brand-froling","7":"product_cat-chauffage","8":"product_cat-energie-et-ventilation","9":"product_cat-demande-de-devis-uniquement-sans-prix","10":"product_shipping_class-impact-transport-important","12":"first","13":"instock","14":"taxable","15":"shipping-taxable","16":"purchasable","17":"product-type-simple"},"yoast_head":"<!-- This site is optimized with the Yoast SEO plugin v27.5 - https:\/\/yoast.com\/product\/yoast-seo-wordpress\/ -->\n<title>Chaudi\u00e8res \u00e0 granul\u00e9s P4 Fr\u00f6ling - Logisain 44<\/title>\n<meta name=\"description\" content=\"Chaudi\u00e8re \u00e0 granul\u00e9s enti\u00e8rement automatique pour une plage de puissance de 8 \u00e0 100 kW. Distingu\u00e9 par l&#039;\u00e9colabel autrichien (Umweltzeichen). Loire-Atlantique\" \/>\n<meta name=\"robots\" content=\"noindex, follow\" \/>\n<meta property=\"og:locale\" content=\"fr_FR\" \/>\n<meta property=\"og:type\" content=\"article\" \/>\n<meta property=\"og:title\" content=\"Chaudi\u00e8res \u00e0 granul\u00e9s P4 Fr\u00f6ling - Logisain 44\" \/>\n<meta property=\"og:description\" content=\"Chaudi\u00e8re \u00e0 granul\u00e9s enti\u00e8rement automatique pour une plage de puissance de 8 \u00e0 100 kW. Distingu\u00e9 par l&#039;\u00e9colabel autrichien (Umweltzeichen). Loire-Atlantique\" \/>\n<meta property=\"og:url\" content=\"https:\/\/nature-et-developpement.com\/logisain-44\/produit\/chaudieres-a-granules-froling-p4\/\" \/>\n<meta property=\"og:site_name\" content=\"Logisain 44\" \/>\n<meta property=\"article:modified_time\" content=\"2025-06-12T12:57:54+00:00\" \/>\n<meta name=\"twitter:card\" content=\"summary_large_image\" \/>\n<meta name=\"twitter:label1\" content=\"Dur\u00e9e de lecture estim\u00e9e\" \/>\n\t<meta name=\"twitter:data1\" content=\"2 minutes\" \/>\n<script type=\"application\/ld+json\" class=\"yoast-schema-graph\">{\"@context\":\"https:\\\/\\\/schema.org\",\"@graph\":[{\"@type\":\"WebPage\",\"@id\":\"https:\\\/\\\/nature-et-developpement.com\\\/logisain-44\\\/produit\\\/chaudieres-a-granules-froling-p4\\\/\",\"url\":\"https:\\\/\\\/nature-et-developpement.com\\\/logisain-44\\\/produit\\\/chaudieres-a-granules-froling-p4\\\/\",\"name\":\"Chaudi\u00e8res \u00e0 granul\u00e9s P4 Fr\u00f6ling - Logisain 44\",\"isPartOf\":{\"@id\":\"https:\\\/\\\/nature-et-developpement.com\\\/logisain-44\\\/#website\"},\"primaryImageOfPage\":{\"@id\":\"https:\\\/\\\/nature-et-developpement.com\\\/logisain-44\\\/produit\\\/chaudieres-a-granules-froling-p4\\\/#primaryimage\"},\"image\":{\"@id\":\"https:\\\/\\\/nature-et-developpement.com\\\/logisain-44\\\/produit\\\/chaudieres-a-granules-froling-p4\\\/#primaryimage\"},\"thumbnailUrl\":\"https:\\\/\\\/nature-et-developpement.com\\\/logisain-44\\\/wp-content\\\/uploads\\\/14859-Chaudieres-a-granules-froling-P4.jpg\",\"datePublished\":\"2017-06-23T10:07:36+00:00\",\"dateModified\":\"2025-06-12T12:57:54+00:00\",\"description\":\"Chaudi\u00e8re \u00e0 granul\u00e9s enti\u00e8rement automatique pour une plage de puissance de 8 \u00e0 100 kW. Distingu\u00e9 par l'\u00e9colabel autrichien (Umweltzeichen). Loire-Atlantique\",\"breadcrumb\":{\"@id\":\"https:\\\/\\\/nature-et-developpement.com\\\/logisain-44\\\/produit\\\/chaudieres-a-granules-froling-p4\\\/#breadcrumb\"},\"inLanguage\":\"fr-FR\",\"potentialAction\":[{\"@type\":\"ReadAction\",\"target\":[\"https:\\\/\\\/nature-et-developpement.com\\\/logisain-44\\\/produit\\\/chaudieres-a-granules-froling-p4\\\/\"]}]},{\"@type\":\"ImageObject\",\"inLanguage\":\"fr-FR\",\"@id\":\"https:\\\/\\\/nature-et-developpement.com\\\/logisain-44\\\/produit\\\/chaudieres-a-granules-froling-p4\\\/#primaryimage\",\"url\":\"https:\\\/\\\/nature-et-developpement.com\\\/logisain-44\\\/wp-content\\\/uploads\\\/14859-Chaudieres-a-granules-froling-P4.jpg\",\"contentUrl\":\"https:\\\/\\\/nature-et-developpement.com\\\/logisain-44\\\/wp-content\\\/uploads\\\/14859-Chaudieres-a-granules-froling-P4.jpg\"},{\"@type\":\"BreadcrumbList\",\"@id\":\"https:\\\/\\\/nature-et-developpement.com\\\/logisain-44\\\/produit\\\/chaudieres-a-granules-froling-p4\\\/#breadcrumb\",\"itemListElement\":[{\"@type\":\"ListItem\",\"position\":1,\"name\":\"Accueil\",\"item\":\"https:\\\/\\\/nature-et-developpement.com\\\/logisain-44\\\/\"},{\"@type\":\"ListItem\",\"position\":2,\"name\":\"Produits\",\"item\":\"https:\\\/\\\/nature-et-developpement.com\\\/logisain-44\\\/shop\\\/\"},{\"@type\":\"ListItem\",\"position\":3,\"name\":\"Chauffage, eau et \u00e9nergie\",\"item\":\"https:\\\/\\\/nature-et-developpement.com\\\/logisain-44\\\/produits\\\/energie-et-ventilation\\\/\"},{\"@type\":\"ListItem\",\"position\":4,\"name\":\"Chauffage bois et pellet, chaudi\u00e8re, po\u00eale, insert\",\"item\":\"https:\\\/\\\/nature-et-developpement.com\\\/logisain-44\\\/produits\\\/energie-et-ventilation\\\/chauffage\\\/\"},{\"@type\":\"ListItem\",\"position\":5,\"name\":\"Chaudi\u00e8res \u00e0 granul\u00e9s P4 Fr\u00f6ling\"}]},{\"@type\":\"WebSite\",\"@id\":\"https:\\\/\\\/nature-et-developpement.com\\\/logisain-44\\\/#website\",\"url\":\"https:\\\/\\\/nature-et-developpement.com\\\/logisain-44\\\/\",\"name\":\"Logisain 44\",\"description\":\"Logisain 44 est membre du groupement Nature &amp; D\u00e9veloppement\",\"publisher\":{\"@id\":\"https:\\\/\\\/nature-et-developpement.com\\\/logisain-44\\\/#organization\"},\"potentialAction\":[{\"@type\":\"SearchAction\",\"target\":{\"@type\":\"EntryPoint\",\"urlTemplate\":\"https:\\\/\\\/nature-et-developpement.com\\\/logisain-44\\\/?s={search_term_string}\"},\"query-input\":{\"@type\":\"PropertyValueSpecification\",\"valueRequired\":true,\"valueName\":\"search_term_string\"}}],\"inLanguage\":\"fr-FR\"},{\"@type\":\"Organization\",\"@id\":\"https:\\\/\\\/nature-et-developpement.com\\\/logisain-44\\\/#organization\",\"name\":\"Logisain 44\",\"url\":\"https:\\\/\\\/nature-et-developpement.com\\\/logisain-44\\\/\",\"logo\":{\"@type\":\"ImageObject\",\"inLanguage\":\"fr-FR\",\"@id\":\"https:\\\/\\\/nature-et-developpement.com\\\/logisain-44\\\/#\\\/schema\\\/logo\\\/image\\\/\",\"url\":\"https:\\\/\\\/nature-et-developpement.com\\\/logisain-44\\\/wp-content\\\/uploads\\\/sites\\\/4\\\/2021\\\/08\\\/logo-logisain.jpg\",\"contentUrl\":\"https:\\\/\\\/nature-et-developpement.com\\\/logisain-44\\\/wp-content\\\/uploads\\\/sites\\\/4\\\/2021\\\/08\\\/logo-logisain.jpg\",\"width\":672,\"height\":455,\"caption\":\"Logisain 44\"},\"image\":{\"@id\":\"https:\\\/\\\/nature-et-developpement.com\\\/logisain-44\\\/#\\\/schema\\\/logo\\\/image\\\/\"}}]}<\/script>\n<!-- \/ Yoast SEO plugin. -->","yoast_head_json":{"title":"Chaudi\u00e8res \u00e0 granul\u00e9s P4 Fr\u00f6ling - Logisain 44","description":"Chaudi\u00e8re \u00e0 granul\u00e9s enti\u00e8rement automatique pour une plage de puissance de 8 \u00e0 100 kW. Distingu\u00e9 par l'\u00e9colabel autrichien (Umweltzeichen). Loire-Atlantique","robots":{"index":"noindex","follow":"follow"},"og_locale":"fr_FR","og_type":"article","og_title":"Chaudi\u00e8res \u00e0 granul\u00e9s P4 Fr\u00f6ling - Logisain 44","og_description":"Chaudi\u00e8re \u00e0 granul\u00e9s enti\u00e8rement automatique pour une plage de puissance de 8 \u00e0 100 kW. Distingu\u00e9 par l'\u00e9colabel autrichien (Umweltzeichen). Loire-Atlantique","og_url":"https:\/\/nature-et-developpement.com\/logisain-44\/produit\/chaudieres-a-granules-froling-p4\/","og_site_name":"Logisain 44","article_modified_time":"2025-06-12T12:57:54+00:00","twitter_card":"summary_large_image","twitter_misc":{"Dur\u00e9e de lecture estim\u00e9e":"2 minutes"},"schema":{"@context":"https:\/\/schema.org","@graph":[{"@type":"WebPage","@id":"https:\/\/nature-et-developpement.com\/logisain-44\/produit\/chaudieres-a-granules-froling-p4\/","url":"https:\/\/nature-et-developpement.com\/logisain-44\/produit\/chaudieres-a-granules-froling-p4\/","name":"Chaudi\u00e8res \u00e0 granul\u00e9s P4 Fr\u00f6ling - Logisain 44","isPartOf":{"@id":"https:\/\/nature-et-developpement.com\/logisain-44\/#website"},"primaryImageOfPage":{"@id":"https:\/\/nature-et-developpement.com\/logisain-44\/produit\/chaudieres-a-granules-froling-p4\/#primaryimage"},"image":{"@id":"https:\/\/nature-et-developpement.com\/logisain-44\/produit\/chaudieres-a-granules-froling-p4\/#primaryimage"},"thumbnailUrl":"https:\/\/nature-et-developpement.com\/logisain-44\/wp-content\/uploads\/14859-Chaudieres-a-granules-froling-P4.jpg","datePublished":"2017-06-23T10:07:36+00:00","dateModified":"2025-06-12T12:57:54+00:00","description":"Chaudi\u00e8re \u00e0 granul\u00e9s enti\u00e8rement automatique pour une plage de puissance de 8 \u00e0 100 kW. Distingu\u00e9 par l'\u00e9colabel autrichien (Umweltzeichen). Loire-Atlantique","breadcrumb":{"@id":"https:\/\/nature-et-developpement.com\/logisain-44\/produit\/chaudieres-a-granules-froling-p4\/#breadcrumb"},"inLanguage":"fr-FR","potentialAction":[{"@type":"ReadAction","target":["https:\/\/nature-et-developpement.com\/logisain-44\/produit\/chaudieres-a-granules-froling-p4\/"]}]},{"@type":"ImageObject","inLanguage":"fr-FR","@id":"https:\/\/nature-et-developpement.com\/logisain-44\/produit\/chaudieres-a-granules-froling-p4\/#primaryimage","url":"https:\/\/nature-et-developpement.com\/logisain-44\/wp-content\/uploads\/14859-Chaudieres-a-granules-froling-P4.jpg","contentUrl":"https:\/\/nature-et-developpement.com\/logisain-44\/wp-content\/uploads\/14859-Chaudieres-a-granules-froling-P4.jpg"},{"@type":"BreadcrumbList","@id":"https:\/\/nature-et-developpement.com\/logisain-44\/produit\/chaudieres-a-granules-froling-p4\/#breadcrumb","itemListElement":[{"@type":"ListItem","position":1,"name":"Accueil","item":"https:\/\/nature-et-developpement.com\/logisain-44\/"},{"@type":"ListItem","position":2,"name":"Produits","item":"https:\/\/nature-et-developpement.com\/logisain-44\/shop\/"},{"@type":"ListItem","position":3,"name":"Chauffage, eau et \u00e9nergie","item":"https:\/\/nature-et-developpement.com\/logisain-44\/produits\/energie-et-ventilation\/"},{"@type":"ListItem","position":4,"name":"Chauffage bois et pellet, chaudi\u00e8re, po\u00eale, insert","item":"https:\/\/nature-et-developpement.com\/logisain-44\/produits\/energie-et-ventilation\/chauffage\/"},{"@type":"ListItem","position":5,"name":"Chaudi\u00e8res \u00e0 granul\u00e9s P4 Fr\u00f6ling"}]},{"@type":"WebSite","@id":"https:\/\/nature-et-developpement.com\/logisain-44\/#website","url":"https:\/\/nature-et-developpement.com\/logisain-44\/","name":"Logisain 44","description":"Logisain 44 est membre du groupement Nature &amp; D\u00e9veloppement","publisher":{"@id":"https:\/\/nature-et-developpement.com\/logisain-44\/#organization"},"potentialAction":[{"@type":"SearchAction","target":{"@type":"EntryPoint","urlTemplate":"https:\/\/nature-et-developpement.com\/logisain-44\/?s={search_term_string}"},"query-input":{"@type":"PropertyValueSpecification","valueRequired":true,"valueName":"search_term_string"}}],"inLanguage":"fr-FR"},{"@type":"Organization","@id":"https:\/\/nature-et-developpement.com\/logisain-44\/#organization","name":"Logisain 44","url":"https:\/\/nature-et-developpement.com\/logisain-44\/","logo":{"@type":"ImageObject","inLanguage":"fr-FR","@id":"https:\/\/nature-et-developpement.com\/logisain-44\/#\/schema\/logo\/image\/","url":"https:\/\/nature-et-developpement.com\/logisain-44\/wp-content\/uploads\/sites\/4\/2021\/08\/logo-logisain.jpg","contentUrl":"https:\/\/nature-et-developpement.com\/logisain-44\/wp-content\/uploads\/sites\/4\/2021\/08\/logo-logisain.jpg","width":672,"height":455,"caption":"Logisain 44"},"image":{"@id":"https:\/\/nature-et-developpement.com\/logisain-44\/#\/schema\/logo\/image\/"}}]}},"distributor_meta":false,"distributor_terms":false,"distributor_media":false,"distributor_original_site_name":"Logisain 44","distributor_original_site_url":"https:\/\/nature-et-developpement.com\/logisain-44","push-errors":false,"_links":{"self":[{"href":"https:\/\/nature-et-developpement.com\/logisain-44\/wp-json\/wp\/v2\/product\/13747","targetHints":{"allow":["GET"]}}],"collection":[{"href":"https:\/\/nature-et-developpement.com\/logisain-44\/wp-json\/wp\/v2\/product"}],"about":[{"href":"https:\/\/nature-et-developpement.com\/logisain-44\/wp-json\/wp\/v2\/types\/product"}],"wp:featuredmedia":[{"embeddable":true,"href":"https:\/\/nature-et-developpement.com\/logisain-44\/wp-json\/"}],"wp:attachment":[{"href":"https:\/\/nature-et-developpement.com\/logisain-44\/wp-json\/wp\/v2\/media?parent=13747"}],"wp:term":[{"taxonomy":"product_brand","embeddable":true,"href":"https:\/\/nature-et-developpement.com\/logisain-44\/wp-json\/wp\/v2\/product_brand?post=13747"},{"taxonomy":"product_cat","embeddable":true,"href":"https:\/\/nature-et-developpement.com\/logisain-44\/wp-json\/wp\/v2\/product_cat?post=13747"},{"taxonomy":"product_tag","embeddable":true,"href":"https:\/\/nature-et-developpement.com\/logisain-44\/wp-json\/wp\/v2\/product_tag?post=13747"}],"curies":[{"name":"wp","href":"https:\/\/api.w.org\/{rel}","templated":true}]}}