{"id":13941,"date":"2024-01-01T00:00:00","date_gmt":"2023-12-31T23:00:00","guid":{"rendered":"https:\/\/nature-et-developpement.com\/logisain\/produit\/chaulage-au-quartz-et-a-lhuile-de-lin-pret-a-lenploi-pozzo-nuovo\/"},"modified":"2026-04-30T18:15:05","modified_gmt":"2026-04-30T16:15:05","slug":"chaulage-au-quartz-et-a-lhuile-de-lin-pret-a-lemploi-pozzo-nuovo","status":"publish","type":"product","link":"https:\/\/nature-et-developpement.com\/logisain-44\/produit\/chaulage-au-quartz-et-a-lhuile-de-lin-pret-a-lemploi-pozzo-nuovo\/","title":{"rendered":"Chaulage au quartz et \u00e0 l\u2019huile de lin pr\u00eat \u00e0 l&#8217;emploi Pozzo Nuovo"},"content":{"rendered":"<h2>Badigeon \u00e0 la chaux, au quartz et \u00e0 l\u2019huile de lin<\/h2>\n<p>La qualit\u00e9 de ce badigeon est\u00a0renforc\u00e9e\u00a0par l&rsquo;utilisation d&rsquo;eau de chaux\u00a0et d&rsquo;huile de lin\u00a0pendant son \u00e9laboration.<\/p>\n<p>Ces badigeons sont sp\u00e9cialement adapt\u00e9s pour une application, en int\u00e9rieur ou ext\u00e9rieur, sur tous types de supports pr\u00e9alablement pr\u00e9par\u00e9s.<\/p>\n<p>Des charges min\u00e9rales, du\u00a0carbonate de calcium\u00a0et du\u00a0sable de quartz, ont \u00e9t\u00e9 ajout\u00e9es afin d&rsquo;en faire un\u00a0v\u00e9ritable micro-enduit\u00a0applicable \u00e0 la brosse.<\/p>\n<p>Composition \u00ab\u00a0Chaulage quartz\u00a0\u00bb :\u00a0Chaux naturelle en p\u00e2te,\u00a0sables de quartz,\u00a0carbonate de calcium,\u00a0eau de chaux,\u00a0huile de lin,\u00a0cellulose,\u00a0savon noir.<\/p>\n<p>Application : Mise en \u0153uvre en deux couches minimum \u00e0 l\u2019aide d\u2019une brosse \u00e0 badigeon ou d\u2019un spalter.<br \/>\nIl est conseill\u00e9 d&rsquo;utiliser un malaxeur \u00e9lectrique pour le rendre homog\u00e8ne dans le seau avant emploi.<\/p>\n<p>Consommation approximative \u00ab\u00a0Badigeon\u00a0\u00bb et \u00ab\u00a0Badigeon cord\u00e9\u00a0\u00bb:<br \/>\n&#8211; 6m2 par litre et par couche sur support absorbant.<br \/>\n&#8211; 8m2 par litre et par couche sur support non absorbant.<\/p>\n<p>Consommation moyenne (tr\u00e8s variable en fonction des supports) \u00ab\u00a0Chaulage quartz\u00a0\u00bb : 1 litre pour 1 \u00e0 3 m2 par couche.<\/p>\n<p>Protection : Apr\u00e8s s\u00e9chage (24 \u00e0 48h), il est possible d\u2019apporter, avec le Gel fixateur Pozzo Nuovo, une protection compl\u00e9mentaire \u00e0 votre badigeon afin de le rendre plus r\u00e9sistant au frottement, au lavage et, en ext\u00e9rieur, aux eaux de ruiss\u00e8lement.<\/p>\n<p>Ces produits, livr\u00e9s non teint\u00e9, sont compatibles avec le syst\u00e8me de mise \u00e0 la teinte \u00ab\u00a0<a href=\"https:\/\/nature-et-developpement.com\/produit\/dose-couleur\/\">Dose Couleur<\/a>\u00a0\u00bb Pozzo Nuovo pour les produits pr\u00eats \u00e0 l&#8217;emploi de la gamme : Enduits de finition, stuc naturel et peintures min\u00e9rales (badigeons).<\/p>\n<p>Un nuancier pr\u00e9sente les 36 teintes actuellement disponibles.<\/p>\n<p>Proportions \u00e0 incorporer pour les badigeons :<\/p>\n<p>5l = 1 dose couleur<\/p>\n<p>10l = 2 doses couleur<\/p>\n<p>20l = 4 doses couleur<\/p>\n","protected":false},"excerpt":{"rendered":"<p>Ce produit est un v\u00e9ritable badigeon \u00e0 la chaux, <b>pr\u00eat \u00e0 l&#8217;emploi<\/b>, <b>100% naturel<\/b> \u00e9labor\u00e9 \u00e0 base de chaux naturelle en p\u00e2te.<\/p>\n<p>Ce produit, de couleur blanc cass\u00e9, est compatible avec notre syst\u00e8me de mise \u00e0 la teinte \u00ab\u00a0Dose Couleur\u00a0\u00bb.<\/p>\n","protected":false},"featured_media":1000000104303,"template":"","meta":[],"product_brand":[10198],"product_cat":[7383,7629],"product_tag":[11745],"class_list":{"0":"post-13941","1":"product","2":"type-product","3":"status-publish","4":"has-post-thumbnail","6":"product_brand-pozzo-nuovo","7":"product_cat-peinture-et-enduit","8":"product_cat-peinture-ecologique","9":"product_tag-chaux","10":"product_shipping_class-sac-de-25kg","12":"first","13":"instock","14":"taxable","15":"shipping-taxable","16":"purchasable","17":"product-type-variable"},"yoast_head":"<!-- This site is optimized with the Yoast SEO plugin v27.5 - https:\/\/yoast.com\/product\/yoast-seo-wordpress\/ -->\n<title>Chaulage au quartz et \u00e0 l\u2019huile de lin pr\u00eat \u00e0 l&#039;emploi Pozzo Nuovo - Logisain 44<\/title>\n<meta name=\"description\" content=\"Ce produit est un v\u00e9ritable badigeon \u00e0 la chaux, pr\u00eat \u00e0 l&#039;emploi, 100% naturel \u00e9labor\u00e9 \u00e0 base de chaux naturelle en p\u00e2te.  Ce produit, de couleur blanc cass\u00e9, est compatible avec notre syst\u00e8me de mise \u00e0 la teinte &quot;Dose Couleur&quot;. Loire-Atlantique\" \/>\n<meta name=\"robots\" content=\"noindex, nofollow\" \/>\n<meta property=\"og:locale\" content=\"fr_FR\" \/>\n<meta property=\"og:type\" content=\"article\" \/>\n<meta property=\"og:title\" content=\"Chaulage au quartz et \u00e0 l\u2019huile de lin pr\u00eat \u00e0 l&#039;emploi Pozzo Nuovo - Logisain 44\" \/>\n<meta property=\"og:description\" content=\"Ce produit est un v\u00e9ritable badigeon \u00e0 la chaux, pr\u00eat \u00e0 l&#039;emploi, 100% naturel \u00e9labor\u00e9 \u00e0 base de chaux naturelle en p\u00e2te.  Ce produit, de couleur blanc cass\u00e9, est compatible avec notre syst\u00e8me de mise \u00e0 la teinte &quot;Dose Couleur&quot;. Loire-Atlantique\" \/>\n<meta property=\"og:url\" content=\"https:\/\/nature-et-developpement.com\/logisain-44\/produit\/chaulage-au-quartz-et-a-lhuile-de-lin-pret-a-lemploi-pozzo-nuovo\/\" \/>\n<meta property=\"og:site_name\" content=\"Logisain 44\" \/>\n<meta property=\"article:modified_time\" content=\"2026-04-30T16:15:05+00:00\" \/>\n<meta name=\"twitter:card\" content=\"summary_large_image\" \/>\n<meta name=\"twitter:label1\" content=\"Dur\u00e9e de lecture estim\u00e9e\" \/>\n\t<meta name=\"twitter:data1\" content=\"2 minutes\" \/>\n<script type=\"application\/ld+json\" class=\"yoast-schema-graph\">{\"@context\":\"https:\\\/\\\/schema.org\",\"@graph\":[{\"@type\":\"WebPage\",\"@id\":\"https:\\\/\\\/nature-et-developpement.com\\\/logisain-44\\\/produit\\\/chaulage-au-quartz-et-a-lhuile-de-lin-pret-a-lemploi-pozzo-nuovo\\\/\",\"url\":\"https:\\\/\\\/nature-et-developpement.com\\\/logisain-44\\\/produit\\\/chaulage-au-quartz-et-a-lhuile-de-lin-pret-a-lemploi-pozzo-nuovo\\\/\",\"name\":\"Chaulage au quartz et \u00e0 l\u2019huile de lin pr\u00eat \u00e0 l'emploi Pozzo Nuovo - Logisain 44\",\"isPartOf\":{\"@id\":\"https:\\\/\\\/nature-et-developpement.com\\\/logisain-44\\\/#website\"},\"primaryImageOfPage\":{\"@id\":\"https:\\\/\\\/nature-et-developpement.com\\\/logisain-44\\\/produit\\\/chaulage-au-quartz-et-a-lhuile-de-lin-pret-a-lemploi-pozzo-nuovo\\\/#primaryimage\"},\"image\":{\"@id\":\"https:\\\/\\\/nature-et-developpement.com\\\/logisain-44\\\/produit\\\/chaulage-au-quartz-et-a-lhuile-de-lin-pret-a-lemploi-pozzo-nuovo\\\/#primaryimage\"},\"thumbnailUrl\":\"https:\\\/\\\/nature-et-developpement.com\\\/logisain-44\\\/wp-content\\\/uploads\\\/29909-Chaulage-au-quartz-et-a-lhuile-de-lin-pret-a-lenploi-Pozzo-Nuovo.jpg\",\"datePublished\":\"2023-12-31T23:00:00+00:00\",\"dateModified\":\"2026-04-30T16:15:05+00:00\",\"description\":\"Ce produit est un v\u00e9ritable badigeon \u00e0 la chaux, pr\u00eat \u00e0 l'emploi, 100% naturel \u00e9labor\u00e9 \u00e0 base de chaux naturelle en p\u00e2te. Ce produit, de couleur blanc cass\u00e9, est compatible avec notre syst\u00e8me de mise \u00e0 la teinte \\\"Dose Couleur\\\". Loire-Atlantique\",\"breadcrumb\":{\"@id\":\"https:\\\/\\\/nature-et-developpement.com\\\/logisain-44\\\/produit\\\/chaulage-au-quartz-et-a-lhuile-de-lin-pret-a-lemploi-pozzo-nuovo\\\/#breadcrumb\"},\"inLanguage\":\"fr-FR\",\"potentialAction\":[{\"@type\":\"ReadAction\",\"target\":[\"https:\\\/\\\/nature-et-developpement.com\\\/logisain-44\\\/produit\\\/chaulage-au-quartz-et-a-lhuile-de-lin-pret-a-lemploi-pozzo-nuovo\\\/\"]}]},{\"@type\":\"ImageObject\",\"inLanguage\":\"fr-FR\",\"@id\":\"https:\\\/\\\/nature-et-developpement.com\\\/logisain-44\\\/produit\\\/chaulage-au-quartz-et-a-lhuile-de-lin-pret-a-lemploi-pozzo-nuovo\\\/#primaryimage\",\"url\":\"https:\\\/\\\/nature-et-developpement.com\\\/logisain-44\\\/wp-content\\\/uploads\\\/29909-Chaulage-au-quartz-et-a-lhuile-de-lin-pret-a-lenploi-Pozzo-Nuovo.jpg\",\"contentUrl\":\"https:\\\/\\\/nature-et-developpement.com\\\/logisain-44\\\/wp-content\\\/uploads\\\/29909-Chaulage-au-quartz-et-a-lhuile-de-lin-pret-a-lenploi-Pozzo-Nuovo.jpg\"},{\"@type\":\"BreadcrumbList\",\"@id\":\"https:\\\/\\\/nature-et-developpement.com\\\/logisain-44\\\/produit\\\/chaulage-au-quartz-et-a-lhuile-de-lin-pret-a-lemploi-pozzo-nuovo\\\/#breadcrumb\",\"itemListElement\":[{\"@type\":\"ListItem\",\"position\":1,\"name\":\"Accueil\",\"item\":\"https:\\\/\\\/nature-et-developpement.com\\\/logisain-44\\\/\"},{\"@type\":\"ListItem\",\"position\":2,\"name\":\"Produits\",\"item\":\"https:\\\/\\\/nature-et-developpement.com\\\/logisain-44\\\/shop\\\/\"},{\"@type\":\"ListItem\",\"position\":3,\"name\":\"Peinture, pigment et enduit\",\"item\":\"https:\\\/\\\/nature-et-developpement.com\\\/logisain-44\\\/produits\\\/peinture-et-enduit\\\/\"},{\"@type\":\"ListItem\",\"position\":4,\"name\":\"Peintures\",\"item\":\"https:\\\/\\\/nature-et-developpement.com\\\/logisain-44\\\/produits\\\/peinture-et-enduit\\\/peinture-ecologique\\\/\"},{\"@type\":\"ListItem\",\"position\":5,\"name\":\"Chaulage au quartz et \u00e0 l\u2019huile de lin pr\u00eat \u00e0 l&#8217;emploi Pozzo Nuovo\"}]},{\"@type\":\"WebSite\",\"@id\":\"https:\\\/\\\/nature-et-developpement.com\\\/logisain-44\\\/#website\",\"url\":\"https:\\\/\\\/nature-et-developpement.com\\\/logisain-44\\\/\",\"name\":\"Logisain 44\",\"description\":\"Logisain 44 est membre du groupement Nature &amp; D\u00e9veloppement\",\"publisher\":{\"@id\":\"https:\\\/\\\/nature-et-developpement.com\\\/logisain-44\\\/#organization\"},\"potentialAction\":[{\"@type\":\"SearchAction\",\"target\":{\"@type\":\"EntryPoint\",\"urlTemplate\":\"https:\\\/\\\/nature-et-developpement.com\\\/logisain-44\\\/?s={search_term_string}\"},\"query-input\":{\"@type\":\"PropertyValueSpecification\",\"valueRequired\":true,\"valueName\":\"search_term_string\"}}],\"inLanguage\":\"fr-FR\"},{\"@type\":\"Organization\",\"@id\":\"https:\\\/\\\/nature-et-developpement.com\\\/logisain-44\\\/#organization\",\"name\":\"Logisain 44\",\"url\":\"https:\\\/\\\/nature-et-developpement.com\\\/logisain-44\\\/\",\"logo\":{\"@type\":\"ImageObject\",\"inLanguage\":\"fr-FR\",\"@id\":\"https:\\\/\\\/nature-et-developpement.com\\\/logisain-44\\\/#\\\/schema\\\/logo\\\/image\\\/\",\"url\":\"https:\\\/\\\/nature-et-developpement.com\\\/logisain-44\\\/wp-content\\\/uploads\\\/sites\\\/4\\\/2021\\\/08\\\/logo-logisain.jpg\",\"contentUrl\":\"https:\\\/\\\/nature-et-developpement.com\\\/logisain-44\\\/wp-content\\\/uploads\\\/sites\\\/4\\\/2021\\\/08\\\/logo-logisain.jpg\",\"width\":672,\"height\":455,\"caption\":\"Logisain 44\"},\"image\":{\"@id\":\"https:\\\/\\\/nature-et-developpement.com\\\/logisain-44\\\/#\\\/schema\\\/logo\\\/image\\\/\"}}]}<\/script>\n<!-- \/ Yoast SEO plugin. -->","yoast_head_json":{"title":"Chaulage au quartz et \u00e0 l\u2019huile de lin pr\u00eat \u00e0 l'emploi Pozzo Nuovo - Logisain 44","description":"Ce produit est un v\u00e9ritable badigeon \u00e0 la chaux, pr\u00eat \u00e0 l'emploi, 100% naturel \u00e9labor\u00e9 \u00e0 base de chaux naturelle en p\u00e2te.  Ce produit, de couleur blanc cass\u00e9, est compatible avec notre syst\u00e8me de mise \u00e0 la teinte \"Dose Couleur\". Loire-Atlantique","robots":{"index":"noindex","follow":"nofollow"},"og_locale":"fr_FR","og_type":"article","og_title":"Chaulage au quartz et \u00e0 l\u2019huile de lin pr\u00eat \u00e0 l'emploi Pozzo Nuovo - Logisain 44","og_description":"Ce produit est un v\u00e9ritable badigeon \u00e0 la chaux, pr\u00eat \u00e0 l'emploi, 100% naturel \u00e9labor\u00e9 \u00e0 base de chaux naturelle en p\u00e2te.  Ce produit, de couleur blanc cass\u00e9, est compatible avec notre syst\u00e8me de mise \u00e0 la teinte \"Dose Couleur\". Loire-Atlantique","og_url":"https:\/\/nature-et-developpement.com\/logisain-44\/produit\/chaulage-au-quartz-et-a-lhuile-de-lin-pret-a-lemploi-pozzo-nuovo\/","og_site_name":"Logisain 44","article_modified_time":"2026-04-30T16:15:05+00:00","twitter_card":"summary_large_image","twitter_misc":{"Dur\u00e9e de lecture estim\u00e9e":"2 minutes"},"schema":{"@context":"https:\/\/schema.org","@graph":[{"@type":"WebPage","@id":"https:\/\/nature-et-developpement.com\/logisain-44\/produit\/chaulage-au-quartz-et-a-lhuile-de-lin-pret-a-lemploi-pozzo-nuovo\/","url":"https:\/\/nature-et-developpement.com\/logisain-44\/produit\/chaulage-au-quartz-et-a-lhuile-de-lin-pret-a-lemploi-pozzo-nuovo\/","name":"Chaulage au quartz et \u00e0 l\u2019huile de lin pr\u00eat \u00e0 l'emploi Pozzo Nuovo - Logisain 44","isPartOf":{"@id":"https:\/\/nature-et-developpement.com\/logisain-44\/#website"},"primaryImageOfPage":{"@id":"https:\/\/nature-et-developpement.com\/logisain-44\/produit\/chaulage-au-quartz-et-a-lhuile-de-lin-pret-a-lemploi-pozzo-nuovo\/#primaryimage"},"image":{"@id":"https:\/\/nature-et-developpement.com\/logisain-44\/produit\/chaulage-au-quartz-et-a-lhuile-de-lin-pret-a-lemploi-pozzo-nuovo\/#primaryimage"},"thumbnailUrl":"https:\/\/nature-et-developpement.com\/logisain-44\/wp-content\/uploads\/29909-Chaulage-au-quartz-et-a-lhuile-de-lin-pret-a-lenploi-Pozzo-Nuovo.jpg","datePublished":"2023-12-31T23:00:00+00:00","dateModified":"2026-04-30T16:15:05+00:00","description":"Ce produit est un v\u00e9ritable badigeon \u00e0 la chaux, pr\u00eat \u00e0 l'emploi, 100% naturel \u00e9labor\u00e9 \u00e0 base de chaux naturelle en p\u00e2te. Ce produit, de couleur blanc cass\u00e9, est compatible avec notre syst\u00e8me de mise \u00e0 la teinte \"Dose Couleur\". Loire-Atlantique","breadcrumb":{"@id":"https:\/\/nature-et-developpement.com\/logisain-44\/produit\/chaulage-au-quartz-et-a-lhuile-de-lin-pret-a-lemploi-pozzo-nuovo\/#breadcrumb"},"inLanguage":"fr-FR","potentialAction":[{"@type":"ReadAction","target":["https:\/\/nature-et-developpement.com\/logisain-44\/produit\/chaulage-au-quartz-et-a-lhuile-de-lin-pret-a-lemploi-pozzo-nuovo\/"]}]},{"@type":"ImageObject","inLanguage":"fr-FR","@id":"https:\/\/nature-et-developpement.com\/logisain-44\/produit\/chaulage-au-quartz-et-a-lhuile-de-lin-pret-a-lemploi-pozzo-nuovo\/#primaryimage","url":"https:\/\/nature-et-developpement.com\/logisain-44\/wp-content\/uploads\/29909-Chaulage-au-quartz-et-a-lhuile-de-lin-pret-a-lenploi-Pozzo-Nuovo.jpg","contentUrl":"https:\/\/nature-et-developpement.com\/logisain-44\/wp-content\/uploads\/29909-Chaulage-au-quartz-et-a-lhuile-de-lin-pret-a-lenploi-Pozzo-Nuovo.jpg"},{"@type":"BreadcrumbList","@id":"https:\/\/nature-et-developpement.com\/logisain-44\/produit\/chaulage-au-quartz-et-a-lhuile-de-lin-pret-a-lemploi-pozzo-nuovo\/#breadcrumb","itemListElement":[{"@type":"ListItem","position":1,"name":"Accueil","item":"https:\/\/nature-et-developpement.com\/logisain-44\/"},{"@type":"ListItem","position":2,"name":"Produits","item":"https:\/\/nature-et-developpement.com\/logisain-44\/shop\/"},{"@type":"ListItem","position":3,"name":"Peinture, pigment et enduit","item":"https:\/\/nature-et-developpement.com\/logisain-44\/produits\/peinture-et-enduit\/"},{"@type":"ListItem","position":4,"name":"Peintures","item":"https:\/\/nature-et-developpement.com\/logisain-44\/produits\/peinture-et-enduit\/peinture-ecologique\/"},{"@type":"ListItem","position":5,"name":"Chaulage au quartz et \u00e0 l\u2019huile de lin pr\u00eat \u00e0 l&#8217;emploi Pozzo Nuovo"}]},{"@type":"WebSite","@id":"https:\/\/nature-et-developpement.com\/logisain-44\/#website","url":"https:\/\/nature-et-developpement.com\/logisain-44\/","name":"Logisain 44","description":"Logisain 44 est membre du groupement Nature &amp; D\u00e9veloppement","publisher":{"@id":"https:\/\/nature-et-developpement.com\/logisain-44\/#organization"},"potentialAction":[{"@type":"SearchAction","target":{"@type":"EntryPoint","urlTemplate":"https:\/\/nature-et-developpement.com\/logisain-44\/?s={search_term_string}"},"query-input":{"@type":"PropertyValueSpecification","valueRequired":true,"valueName":"search_term_string"}}],"inLanguage":"fr-FR"},{"@type":"Organization","@id":"https:\/\/nature-et-developpement.com\/logisain-44\/#organization","name":"Logisain 44","url":"https:\/\/nature-et-developpement.com\/logisain-44\/","logo":{"@type":"ImageObject","inLanguage":"fr-FR","@id":"https:\/\/nature-et-developpement.com\/logisain-44\/#\/schema\/logo\/image\/","url":"https:\/\/nature-et-developpement.com\/logisain-44\/wp-content\/uploads\/sites\/4\/2021\/08\/logo-logisain.jpg","contentUrl":"https:\/\/nature-et-developpement.com\/logisain-44\/wp-content\/uploads\/sites\/4\/2021\/08\/logo-logisain.jpg","width":672,"height":455,"caption":"Logisain 44"},"image":{"@id":"https:\/\/nature-et-developpement.com\/logisain-44\/#\/schema\/logo\/image\/"}}]}},"distributor_meta":false,"distributor_terms":false,"distributor_media":false,"distributor_original_site_name":"Logisain 44","distributor_original_site_url":"https:\/\/nature-et-developpement.com\/logisain-44","push-errors":false,"_links":{"self":[{"href":"https:\/\/nature-et-developpement.com\/logisain-44\/wp-json\/wp\/v2\/product\/13941","targetHints":{"allow":["GET"]}}],"collection":[{"href":"https:\/\/nature-et-developpement.com\/logisain-44\/wp-json\/wp\/v2\/product"}],"about":[{"href":"https:\/\/nature-et-developpement.com\/logisain-44\/wp-json\/wp\/v2\/types\/product"}],"wp:featuredmedia":[{"embeddable":true,"href":"https:\/\/nature-et-developpement.com\/logisain-44\/wp-json\/"}],"wp:attachment":[{"href":"https:\/\/nature-et-developpement.com\/logisain-44\/wp-json\/wp\/v2\/media?parent=13941"}],"wp:term":[{"taxonomy":"product_brand","embeddable":true,"href":"https:\/\/nature-et-developpement.com\/logisain-44\/wp-json\/wp\/v2\/product_brand?post=13941"},{"taxonomy":"product_cat","embeddable":true,"href":"https:\/\/nature-et-developpement.com\/logisain-44\/wp-json\/wp\/v2\/product_cat?post=13941"},{"taxonomy":"product_tag","embeddable":true,"href":"https:\/\/nature-et-developpement.com\/logisain-44\/wp-json\/wp\/v2\/product_tag?post=13941"}],"curies":[{"name":"wp","href":"https:\/\/api.w.org\/{rel}","templated":true}]}}