{"id":14835,"date":"2017-01-01T00:00:00","date_gmt":"2016-12-31T23:00:00","guid":{"rendered":"https:\/\/nature-et-developpement.com\/logisain\/produit\/bande-mousse-comprimee-contega-fiden-exo-pro-clima\/"},"modified":"2026-03-24T21:35:09","modified_gmt":"2026-03-24T20:35:09","slug":"bande-mousse-comprimee-contega-fiden-exo-pro-clima","status":"publish","type":"product","link":"https:\/\/nature-et-developpement.com\/logisain-44\/produit\/bande-mousse-comprimee-contega-fiden-exo-pro-clima\/","title":{"rendered":"Bande Mousse comprim\u00e9e CONTEGA FIDEN EXO Pro clima"},"content":{"rendered":"<p>La bande mousse pr\u00e9\u00adcomprim\u00e9e CON\u00adTEGA FID\u00adEN EXO as\u00adsure un rac\u00adcord ex\u00adt\u00e9rieur ouvert \u00e0 la dif\u00adfu\u00adsion et l\u2019\u00e9tanch\u00e9it\u00e9 \u00e0 la plu\u00adie bat\u00adtante des joints de menuis\u00ader\u00adies des b\u00e2\u00adti\u00adments. La bande, par\u00adticuli\u00e8re\u00adment r\u00e9sist\u00adante aux in\u00adtem\u00adp\u00e9ries, pos\u00ads\u00e8de une face auto\u00adcol\u00adlante pour une mise en oeuvre fa\u00adcile.<\/p>\n<table class=\"table table-striped\">\n<thead>\n<tr>\n<td><strong>Propri\u00e9t\u00e9<\/strong><\/td>\n<td class=\"hidden-xs\"><strong>R\u00e9glementation<\/strong><\/td>\n<td><strong>Valeur<\/strong><\/td>\n<\/tr>\n<\/thead>\n<tbody>\n<tr>\n<td>Couleur<\/td>\n<td class=\"hidden-xs\"><\/td>\n<td>anthracite<\/td>\n<\/tr>\n<tr>\n<td>Valeur sd<\/td>\n<td class=\"hidden-xs\"><\/td>\n<td>&lt; 0,5 m<\/td>\n<\/tr>\n<tr>\n<td>R\u00e9action au feu<\/td>\n<td class=\"hidden-xs\">DIN 4102<\/td>\n<td>B1, P-NDS04-1001<\/td>\n<\/tr>\n<tr>\n<td>Perm\u00e9abilit\u00e9 \u00e0 l&rsquo;air<\/td>\n<td class=\"hidden-xs\">EN 1026<\/td>\n<td>a &lt; 0,1 m\u00b3\/[(h\u22c5m\u22c5(daPa)n]<\/td>\n<\/tr>\n<tr>\n<td>Groupe de r\u00e9sistance<\/td>\n<td class=\"hidden-xs\">DIN 18542<\/td>\n<td>BG1<\/td>\n<\/tr>\n<tr>\n<td>Etanch\u00e9it\u00e9 \u00e0 la pluie battante<\/td>\n<td class=\"hidden-xs\">EN 1027<\/td>\n<td>Exigences satisfaites jusqu\u2019\u00e0 600 Pa<\/td>\n<\/tr>\n<tr>\n<td>R\u00e9sistance aux intemp\u00e9ries<\/td>\n<td class=\"hidden-xs\">DIN 18542<\/td>\n<td>r\u00e9ussi<\/td>\n<\/tr>\n<tr>\n<td>Enduisable \/ recouvrable de peinture<\/td>\n<td class=\"hidden-xs\"><\/td>\n<td>oui<\/td>\n<\/tr>\n<tr>\n<td>Compatibilit\u00e9 avec les mat\u00e9riaux traditionnels<\/td>\n<td class=\"hidden-xs\">DIN 18542<\/td>\n<td>rempli<\/td>\n<\/tr>\n<tr>\n<td>Temp\u00e9rature de mise en \u0153uvre<\/td>\n<td class=\"hidden-xs\"><\/td>\n<td>\u00e0 partir de  1 \u00b0C<\/td>\n<\/tr>\n<tr>\n<td>R\u00e9sistance \u00e0 la temp\u00e9rature<\/td>\n<td class=\"hidden-xs\"><\/td>\n<td>stable entre -30 \u00b0C et  90 \u00b0C<\/td>\n<\/tr>\n<tr>\n<td>Stockage<\/td>\n<td class=\"hidden-xs\"><\/td>\n<td>1 \u00b0C &#8211; 20 \u00b0C, 12 mois, dans un endroit frais et sec<\/td>\n<\/tr>\n<\/tbody>\n<\/table>\n","protected":false},"excerpt":{"rendered":"<p>Bande mousse pr\u00e9\u00adcomprim\u00e9e pour l\u2019ex\u00adt\u00e9rieur, ouverte \u00e0 la dif\u00adfu\u00adsion, \u00e9tanche \u00e0 la plu\u00adie bat\u00adtante<\/p>\n","protected":false},"featured_media":1000000166670,"template":"","meta":[],"product_brand":[10191],"product_cat":[7388,7386,11723,7532],"product_tag":[11731],"class_list":{"0":"post-14835","1":"product","2":"type-product","3":"status-publish","4":"has-post-thumbnail","6":"product_brand-proclima","7":"product_cat-accessoires-construction","8":"product_cat-accessoires-isolation-et-etancheite","9":"product_cat-etancheite-a-lair","10":"product_cat-menuiseries-exterieures","11":"product_tag-pro-clima","12":"product_shipping_class-petit-equipement-outil-eclairage","14":"first","15":"instock","16":"taxable","17":"shipping-taxable","18":"purchasable","19":"product-type-variable"},"yoast_head":"<!-- This site is optimized with the Yoast SEO plugin v27.5 - https:\/\/yoast.com\/product\/yoast-seo-wordpress\/ -->\n<title>Bande Mousse comprim\u00e9e CONTEGA FIDEN EXO Pro clima - Logisain 44<\/title>\n<meta name=\"description\" content=\"Bande mousse pr\u00e9\u00adcomprim\u00e9e pour l\u2019ex\u00adt\u00e9rieur, ouverte \u00e0 la dif\u00adfu\u00adsion, \u00e9tanche \u00e0 la plu\u00adie bat\u00adtante Loire-Atlantique\" \/>\n<meta name=\"robots\" content=\"noindex, nofollow\" \/>\n<meta property=\"og:locale\" content=\"fr_FR\" \/>\n<meta property=\"og:type\" content=\"article\" \/>\n<meta property=\"og:title\" content=\"Bande Mousse comprim\u00e9e CONTEGA FIDEN EXO Pro clima - Logisain 44\" \/>\n<meta property=\"og:description\" content=\"Bande mousse pr\u00e9\u00adcomprim\u00e9e pour l\u2019ex\u00adt\u00e9rieur, ouverte \u00e0 la dif\u00adfu\u00adsion, \u00e9tanche \u00e0 la plu\u00adie bat\u00adtante Loire-Atlantique\" \/>\n<meta property=\"og:url\" content=\"https:\/\/nature-et-developpement.com\/logisain-44\/produit\/bande-mousse-comprimee-contega-fiden-exo-pro-clima\/\" \/>\n<meta property=\"og:site_name\" content=\"Logisain 44\" \/>\n<meta property=\"article:modified_time\" content=\"2026-03-24T20:35:09+00:00\" \/>\n<meta name=\"twitter:card\" content=\"summary_large_image\" \/>\n<meta name=\"twitter:label1\" content=\"Dur\u00e9e de lecture estim\u00e9e\" \/>\n\t<meta name=\"twitter:data1\" content=\"1 minute\" \/>\n<script type=\"application\/ld+json\" class=\"yoast-schema-graph\">{\"@context\":\"https:\\\/\\\/schema.org\",\"@graph\":[{\"@type\":\"WebPage\",\"@id\":\"https:\\\/\\\/nature-et-developpement.com\\\/logisain-44\\\/produit\\\/bande-mousse-comprimee-contega-fiden-exo-pro-clima\\\/\",\"url\":\"https:\\\/\\\/nature-et-developpement.com\\\/logisain-44\\\/produit\\\/bande-mousse-comprimee-contega-fiden-exo-pro-clima\\\/\",\"name\":\"Bande Mousse comprim\u00e9e CONTEGA FIDEN EXO Pro clima - Logisain 44\",\"isPartOf\":{\"@id\":\"https:\\\/\\\/nature-et-developpement.com\\\/logisain-44\\\/#website\"},\"primaryImageOfPage\":{\"@id\":\"https:\\\/\\\/nature-et-developpement.com\\\/logisain-44\\\/produit\\\/bande-mousse-comprimee-contega-fiden-exo-pro-clima\\\/#primaryimage\"},\"image\":{\"@id\":\"https:\\\/\\\/nature-et-developpement.com\\\/logisain-44\\\/produit\\\/bande-mousse-comprimee-contega-fiden-exo-pro-clima\\\/#primaryimage\"},\"thumbnailUrl\":\"https:\\\/\\\/nature-et-developpement.com\\\/logisain-44\\\/wp-content\\\/uploads\\\/Bande-Mousse-comprimee-CONTEGA-FIDEN-EXO-Pro-clima.jpg\",\"datePublished\":\"2016-12-31T23:00:00+00:00\",\"dateModified\":\"2026-03-24T20:35:09+00:00\",\"description\":\"Bande mousse pr\u00e9\u00adcomprim\u00e9e pour l\u2019ex\u00adt\u00e9rieur, ouverte \u00e0 la dif\u00adfu\u00adsion, \u00e9tanche \u00e0 la plu\u00adie bat\u00adtante Loire-Atlantique\",\"breadcrumb\":{\"@id\":\"https:\\\/\\\/nature-et-developpement.com\\\/logisain-44\\\/produit\\\/bande-mousse-comprimee-contega-fiden-exo-pro-clima\\\/#breadcrumb\"},\"inLanguage\":\"fr-FR\",\"potentialAction\":[{\"@type\":\"ReadAction\",\"target\":[\"https:\\\/\\\/nature-et-developpement.com\\\/logisain-44\\\/produit\\\/bande-mousse-comprimee-contega-fiden-exo-pro-clima\\\/\"]}]},{\"@type\":\"ImageObject\",\"inLanguage\":\"fr-FR\",\"@id\":\"https:\\\/\\\/nature-et-developpement.com\\\/logisain-44\\\/produit\\\/bande-mousse-comprimee-contega-fiden-exo-pro-clima\\\/#primaryimage\",\"url\":\"https:\\\/\\\/nature-et-developpement.com\\\/logisain-44\\\/wp-content\\\/uploads\\\/Bande-Mousse-comprimee-CONTEGA-FIDEN-EXO-Pro-clima.jpg\",\"contentUrl\":\"https:\\\/\\\/nature-et-developpement.com\\\/logisain-44\\\/wp-content\\\/uploads\\\/Bande-Mousse-comprimee-CONTEGA-FIDEN-EXO-Pro-clima.jpg\"},{\"@type\":\"BreadcrumbList\",\"@id\":\"https:\\\/\\\/nature-et-developpement.com\\\/logisain-44\\\/produit\\\/bande-mousse-comprimee-contega-fiden-exo-pro-clima\\\/#breadcrumb\",\"itemListElement\":[{\"@type\":\"ListItem\",\"position\":1,\"name\":\"Accueil\",\"item\":\"https:\\\/\\\/nature-et-developpement.com\\\/logisain-44\\\/\"},{\"@type\":\"ListItem\",\"position\":2,\"name\":\"Produits\",\"item\":\"https:\\\/\\\/nature-et-developpement.com\\\/logisain-44\\\/shop\\\/\"},{\"@type\":\"ListItem\",\"position\":3,\"name\":\"Construction, cloison et fen\u00eatres\",\"item\":\"https:\\\/\\\/nature-et-developpement.com\\\/logisain-44\\\/produits\\\/construction\\\/\"},{\"@type\":\"ListItem\",\"position\":4,\"name\":\"Menuiserie ext\u00e9rieure\",\"item\":\"https:\\\/\\\/nature-et-developpement.com\\\/logisain-44\\\/produits\\\/construction\\\/menuiseries-exterieures\\\/\"},{\"@type\":\"ListItem\",\"position\":5,\"name\":\"Bande Mousse comprim\u00e9e CONTEGA FIDEN EXO Pro clima\"}]},{\"@type\":\"WebSite\",\"@id\":\"https:\\\/\\\/nature-et-developpement.com\\\/logisain-44\\\/#website\",\"url\":\"https:\\\/\\\/nature-et-developpement.com\\\/logisain-44\\\/\",\"name\":\"Logisain 44\",\"description\":\"Logisain 44 est membre du groupement Nature &amp; D\u00e9veloppement\",\"publisher\":{\"@id\":\"https:\\\/\\\/nature-et-developpement.com\\\/logisain-44\\\/#organization\"},\"potentialAction\":[{\"@type\":\"SearchAction\",\"target\":{\"@type\":\"EntryPoint\",\"urlTemplate\":\"https:\\\/\\\/nature-et-developpement.com\\\/logisain-44\\\/?s={search_term_string}\"},\"query-input\":{\"@type\":\"PropertyValueSpecification\",\"valueRequired\":true,\"valueName\":\"search_term_string\"}}],\"inLanguage\":\"fr-FR\"},{\"@type\":\"Organization\",\"@id\":\"https:\\\/\\\/nature-et-developpement.com\\\/logisain-44\\\/#organization\",\"name\":\"Logisain 44\",\"url\":\"https:\\\/\\\/nature-et-developpement.com\\\/logisain-44\\\/\",\"logo\":{\"@type\":\"ImageObject\",\"inLanguage\":\"fr-FR\",\"@id\":\"https:\\\/\\\/nature-et-developpement.com\\\/logisain-44\\\/#\\\/schema\\\/logo\\\/image\\\/\",\"url\":\"https:\\\/\\\/nature-et-developpement.com\\\/logisain-44\\\/wp-content\\\/uploads\\\/sites\\\/4\\\/2021\\\/08\\\/logo-logisain.jpg\",\"contentUrl\":\"https:\\\/\\\/nature-et-developpement.com\\\/logisain-44\\\/wp-content\\\/uploads\\\/sites\\\/4\\\/2021\\\/08\\\/logo-logisain.jpg\",\"width\":672,\"height\":455,\"caption\":\"Logisain 44\"},\"image\":{\"@id\":\"https:\\\/\\\/nature-et-developpement.com\\\/logisain-44\\\/#\\\/schema\\\/logo\\\/image\\\/\"}}]}<\/script>\n<!-- \/ Yoast SEO plugin. -->","yoast_head_json":{"title":"Bande Mousse comprim\u00e9e CONTEGA FIDEN EXO Pro clima - Logisain 44","description":"Bande mousse pr\u00e9\u00adcomprim\u00e9e pour l\u2019ex\u00adt\u00e9rieur, ouverte \u00e0 la dif\u00adfu\u00adsion, \u00e9tanche \u00e0 la plu\u00adie bat\u00adtante Loire-Atlantique","robots":{"index":"noindex","follow":"nofollow"},"og_locale":"fr_FR","og_type":"article","og_title":"Bande Mousse comprim\u00e9e CONTEGA FIDEN EXO Pro clima - Logisain 44","og_description":"Bande mousse pr\u00e9\u00adcomprim\u00e9e pour l\u2019ex\u00adt\u00e9rieur, ouverte \u00e0 la dif\u00adfu\u00adsion, \u00e9tanche \u00e0 la plu\u00adie bat\u00adtante Loire-Atlantique","og_url":"https:\/\/nature-et-developpement.com\/logisain-44\/produit\/bande-mousse-comprimee-contega-fiden-exo-pro-clima\/","og_site_name":"Logisain 44","article_modified_time":"2026-03-24T20:35:09+00:00","twitter_card":"summary_large_image","twitter_misc":{"Dur\u00e9e de lecture estim\u00e9e":"1 minute"},"schema":{"@context":"https:\/\/schema.org","@graph":[{"@type":"WebPage","@id":"https:\/\/nature-et-developpement.com\/logisain-44\/produit\/bande-mousse-comprimee-contega-fiden-exo-pro-clima\/","url":"https:\/\/nature-et-developpement.com\/logisain-44\/produit\/bande-mousse-comprimee-contega-fiden-exo-pro-clima\/","name":"Bande Mousse comprim\u00e9e CONTEGA FIDEN EXO Pro clima - Logisain 44","isPartOf":{"@id":"https:\/\/nature-et-developpement.com\/logisain-44\/#website"},"primaryImageOfPage":{"@id":"https:\/\/nature-et-developpement.com\/logisain-44\/produit\/bande-mousse-comprimee-contega-fiden-exo-pro-clima\/#primaryimage"},"image":{"@id":"https:\/\/nature-et-developpement.com\/logisain-44\/produit\/bande-mousse-comprimee-contega-fiden-exo-pro-clima\/#primaryimage"},"thumbnailUrl":"https:\/\/nature-et-developpement.com\/logisain-44\/wp-content\/uploads\/Bande-Mousse-comprimee-CONTEGA-FIDEN-EXO-Pro-clima.jpg","datePublished":"2016-12-31T23:00:00+00:00","dateModified":"2026-03-24T20:35:09+00:00","description":"Bande mousse pr\u00e9\u00adcomprim\u00e9e pour l\u2019ex\u00adt\u00e9rieur, ouverte \u00e0 la dif\u00adfu\u00adsion, \u00e9tanche \u00e0 la plu\u00adie bat\u00adtante Loire-Atlantique","breadcrumb":{"@id":"https:\/\/nature-et-developpement.com\/logisain-44\/produit\/bande-mousse-comprimee-contega-fiden-exo-pro-clima\/#breadcrumb"},"inLanguage":"fr-FR","potentialAction":[{"@type":"ReadAction","target":["https:\/\/nature-et-developpement.com\/logisain-44\/produit\/bande-mousse-comprimee-contega-fiden-exo-pro-clima\/"]}]},{"@type":"ImageObject","inLanguage":"fr-FR","@id":"https:\/\/nature-et-developpement.com\/logisain-44\/produit\/bande-mousse-comprimee-contega-fiden-exo-pro-clima\/#primaryimage","url":"https:\/\/nature-et-developpement.com\/logisain-44\/wp-content\/uploads\/Bande-Mousse-comprimee-CONTEGA-FIDEN-EXO-Pro-clima.jpg","contentUrl":"https:\/\/nature-et-developpement.com\/logisain-44\/wp-content\/uploads\/Bande-Mousse-comprimee-CONTEGA-FIDEN-EXO-Pro-clima.jpg"},{"@type":"BreadcrumbList","@id":"https:\/\/nature-et-developpement.com\/logisain-44\/produit\/bande-mousse-comprimee-contega-fiden-exo-pro-clima\/#breadcrumb","itemListElement":[{"@type":"ListItem","position":1,"name":"Accueil","item":"https:\/\/nature-et-developpement.com\/logisain-44\/"},{"@type":"ListItem","position":2,"name":"Produits","item":"https:\/\/nature-et-developpement.com\/logisain-44\/shop\/"},{"@type":"ListItem","position":3,"name":"Construction, cloison et fen\u00eatres","item":"https:\/\/nature-et-developpement.com\/logisain-44\/produits\/construction\/"},{"@type":"ListItem","position":4,"name":"Menuiserie ext\u00e9rieure","item":"https:\/\/nature-et-developpement.com\/logisain-44\/produits\/construction\/menuiseries-exterieures\/"},{"@type":"ListItem","position":5,"name":"Bande Mousse comprim\u00e9e CONTEGA FIDEN EXO Pro clima"}]},{"@type":"WebSite","@id":"https:\/\/nature-et-developpement.com\/logisain-44\/#website","url":"https:\/\/nature-et-developpement.com\/logisain-44\/","name":"Logisain 44","description":"Logisain 44 est membre du groupement Nature &amp; D\u00e9veloppement","publisher":{"@id":"https:\/\/nature-et-developpement.com\/logisain-44\/#organization"},"potentialAction":[{"@type":"SearchAction","target":{"@type":"EntryPoint","urlTemplate":"https:\/\/nature-et-developpement.com\/logisain-44\/?s={search_term_string}"},"query-input":{"@type":"PropertyValueSpecification","valueRequired":true,"valueName":"search_term_string"}}],"inLanguage":"fr-FR"},{"@type":"Organization","@id":"https:\/\/nature-et-developpement.com\/logisain-44\/#organization","name":"Logisain 44","url":"https:\/\/nature-et-developpement.com\/logisain-44\/","logo":{"@type":"ImageObject","inLanguage":"fr-FR","@id":"https:\/\/nature-et-developpement.com\/logisain-44\/#\/schema\/logo\/image\/","url":"https:\/\/nature-et-developpement.com\/logisain-44\/wp-content\/uploads\/sites\/4\/2021\/08\/logo-logisain.jpg","contentUrl":"https:\/\/nature-et-developpement.com\/logisain-44\/wp-content\/uploads\/sites\/4\/2021\/08\/logo-logisain.jpg","width":672,"height":455,"caption":"Logisain 44"},"image":{"@id":"https:\/\/nature-et-developpement.com\/logisain-44\/#\/schema\/logo\/image\/"}}]}},"distributor_meta":false,"distributor_terms":false,"distributor_media":false,"distributor_original_site_name":"Logisain 44","distributor_original_site_url":"https:\/\/nature-et-developpement.com\/logisain-44","push-errors":false,"_links":{"self":[{"href":"https:\/\/nature-et-developpement.com\/logisain-44\/wp-json\/wp\/v2\/product\/14835","targetHints":{"allow":["GET"]}}],"collection":[{"href":"https:\/\/nature-et-developpement.com\/logisain-44\/wp-json\/wp\/v2\/product"}],"about":[{"href":"https:\/\/nature-et-developpement.com\/logisain-44\/wp-json\/wp\/v2\/types\/product"}],"wp:featuredmedia":[{"embeddable":true,"href":"https:\/\/nature-et-developpement.com\/logisain-44\/wp-json\/"}],"wp:attachment":[{"href":"https:\/\/nature-et-developpement.com\/logisain-44\/wp-json\/wp\/v2\/media?parent=14835"}],"wp:term":[{"taxonomy":"product_brand","embeddable":true,"href":"https:\/\/nature-et-developpement.com\/logisain-44\/wp-json\/wp\/v2\/product_brand?post=14835"},{"taxonomy":"product_cat","embeddable":true,"href":"https:\/\/nature-et-developpement.com\/logisain-44\/wp-json\/wp\/v2\/product_cat?post=14835"},{"taxonomy":"product_tag","embeddable":true,"href":"https:\/\/nature-et-developpement.com\/logisain-44\/wp-json\/wp\/v2\/product_tag?post=14835"}],"curies":[{"name":"wp","href":"https:\/\/api.w.org\/{rel}","templated":true}]}}