{"id":14846,"date":"2017-01-01T00:00:00","date_gmt":"2016-12-31T23:00:00","guid":{"rendered":"https:\/\/nature-et-developpement.com\/logisain\/produit\/ruban-detancheite-maconnerie-et-huisserie-contega-solido-exo-pro-clima\/"},"modified":"2026-03-24T21:45:07","modified_gmt":"2026-03-24T20:45:07","slug":"ruban-d-etancheite-maconnerie-et-huisserie-contega-solido-exo-pro-clima","status":"publish","type":"product","link":"https:\/\/nature-et-developpement.com\/logisain-44\/produit\/ruban-d-etancheite-maconnerie-et-huisserie-contega-solido-exo-pro-clima\/","title":{"rendered":"Ruban d&rsquo;\u00e9tanch\u00e9it\u00e9 ma\u00e7onnerie et huisserie CONTEGA SOLIDO EXO Pro clima"},"content":{"rendered":"<p>Le CON\u00adTEGA SOLIDO EXO garantit un rac\u00adcord ex\u00adt\u00e9rieur coupe-vent, r\u00e9sist\u00adant \u00e0 la plu\u00adie bat\u00adtante et ouvert \u00e0 la dif\u00adfu\u00adsion des menuis\u00ader\u00adies aux \u00e9brase\u00adments en bois ou min\u00e9raux (tels le b\u00e9ton, les blocs en terre cuite ou le gr\u00e8s).<\/p>\n<p>La colle modi\u00adfi\u00e9e SOL\u00adID r\u00e9sist\u00adante \u00e0 l\u2019eau as\u00adsure une li\u00adais\u00adon rap\u00adide et dur\u00adable avec le sup\u00adport.<br \/>\nL\u2019as\u00adsemblage coll\u00e9 est im\u00adm\u00e9\u00addi\u00adate\u00adment \u00e9tanche au vent et la li\u00adais\u00adon est r\u00e9sist\u00adante. Le non-tis\u00ads\u00e9 peut \u00eatre fa\u00adcile\u00adment re\u00adcouvert d\u2019en\u00adduit, en re\u00adspect\u00adant nos con\u00adsignes de poses.<\/p>\n<h4>Conditions g\u00e9n\u00e9rales<\/h4>\n<p>Les collages ne doivent pas \u00eatre soumis \u00e0 une contrainte de traction.<br \/>\nBien maroufler les rubans adh\u00e9sifs pour qu\u2019ils adh\u00e8rent bien. Veiller \u00e0 une contre-pression suffisante.<br \/>\nLes collages r\u00e9sistant \u00e0 la pluie battante et \u00e9tanches au vent sont seulement possibles moyennant une pose sans plis et ininterrompue du ruban de raccord.<br \/>\nPour l\u2019enduit, merci de respecter les recommandations du fabricant d\u2019enduit pour les supports non-absorbant. Un pont d\u2019adh\u00e9rence est \u00e9ventuellement n\u00e9cessaire.<\/p>\n<p>Avant le collage, nettoyez les supports. Les supports min\u00e9raux irr\u00e9guliers doivent \u00eatre \u00e9galis\u00e9s au ciment.<br \/>\nLe collage n\u2019est pas possible sur les supports recouverts d\u2019une fine couche de glace. Les mat\u00e9riaux \u00e0 enduire ne doivent pas \u00eatre recouverts de substances antiadh\u00e9sives (p. ex. graisse ou silicone).<br \/>\nLa largeur \u00e0 enduire du ruban ne devrait pas, de fa\u00e7on g\u00e9n\u00e9rale, d\u00e9passer 60 mm et 50 % de la surface de l\u2019embrasure. Des recommandations d\u00e9taill\u00e9es doivent \u00eatre disponibles aupr\u00e8s du fabricant de l\u2019enduit.<br \/>\nLes supports doivent \u00eatre suffisamment secs et solides.<\/p>\n<p>Une adh\u00e9rence durable s\u2019obtient sur toutes les membranes ext\u00e9rieures pro clima et sur d\u2019autres \u00e9crans de sous-toiture et pare-pluie (comme en PP et PET).<br \/>\nLes collages peuvent se faire sur le bois rabot\u00e9 et verni, les mati\u00e8res plastiques rigides, les panneaux rigides d\u00e9riv\u00e9s du bois (agglom\u00e9r\u00e9s, OSB et panneaux contreplaqu\u00e9s) ainsi que les supports min\u00e9raux, comme p. ex. le b\u00e9ton et la ma\u00e7onnerie.<\/p>\n<p>Les meilleurs r\u00e9sultats en termes de protection de la paroi s\u2019obtiennent sur des supports d\u2019excellente qualit\u00e9.<br \/>\nA l\u2019utilisateur de v\u00e9rifier l\u2019ad\u00e9quation du support ; au besoin, nous recommandons de proc\u00e9der \u00e0 des essais de collage.<br \/>\nSi les supports ne sont pas assez solides, il est recommand\u00e9 de traiter la zone de collage avec du primaire d\u2019accroche TESCON PRIMER.<\/p>\n<table class=\"table table-striped\">\n<thead>\n<tr>\n<td><strong>Propri\u00e9t\u00e9<\/strong><\/td>\n<td class=\"hidden-xs\"><strong>R\u00e9glementation<\/strong><\/td>\n<td><strong>Valeur<\/strong><\/td>\n<\/tr>\n<\/thead>\n<tbody>\n<tr>\n<td>Couleur<\/td>\n<td class=\"hidden-xs\"><\/td>\n<td>noir<\/td>\n<\/tr>\n<tr>\n<td>Valeur sd<\/td>\n<td class=\"hidden-xs\">NF EN 1931<\/td>\n<td>0,7 m<\/td>\n<\/tr>\n<tr>\n<td>Exposition aux intemp\u00e9ries<\/td>\n<td class=\"hidden-xs\"><\/td>\n<td>3 mois<\/td>\n<\/tr>\n<tr>\n<td>Colonne d\u2019eau<\/td>\n<td class=\"hidden-xs\">NF EN 20811<\/td>\n<td>&gt; 2 500 mm<\/td>\n<\/tr>\n<tr>\n<td>Enduisible<\/td>\n<td class=\"hidden-xs\"><\/td>\n<td>oui<\/td>\n<\/tr>\n<tr>\n<td>Test\u00e9 par l&rsquo;ift Rosenheim (DE)<\/td>\n<td class=\"hidden-xs\">MO-01\/1:2007-01, Abs. 5<\/td>\n<td>existe, sur tout le pourtour<\/td>\n<\/tr>\n<tr>\n<td>Temp\u00e9rature de mise en \u0153uvre<\/td>\n<td class=\"hidden-xs\"><\/td>\n<td>\u00e0 partir de -10 \u00b0C<\/td>\n<\/tr>\n<tr>\n<td>R\u00e9sistance \u00e0 la temp\u00e9rature<\/td>\n<td class=\"hidden-xs\"><\/td>\n<td>stable entre -40 \u00b0C et  90 \u00b0C<\/td>\n<\/tr>\n<tr>\n<td>Stockage<\/td>\n<td class=\"hidden-xs\"><\/td>\n<td>dans un endroit frais et sec<\/td>\n<\/tr>\n<\/tbody>\n<\/table>\n","protected":false},"excerpt":{"rendered":"<p>Le ruban adh\u00e9sif de raccord pr\u00e9sente une surface collante et l\u2019autre peut \u00eatre enduite, ce qui garantit du c\u00f4t\u00e9 ext\u00e9rieur un raccord \u00e9tanche au vent et r\u00e9sistant \u00e0 la pluie des menuiseries aux \u00e9l\u00e9ments de construction adjacents en bois et aux supports min\u00e9raux, comme par exemple le b\u00e9ton et la ma\u00e7onnerie.<\/p>\n","protected":false},"featured_media":1000000166752,"template":"","meta":[],"product_brand":[10191],"product_cat":[7388,7532,11721],"product_tag":[11731],"class_list":{"0":"post-14846","1":"product","2":"type-product","3":"status-publish","4":"has-post-thumbnail","6":"product_brand-proclima","7":"product_cat-accessoires-construction","8":"product_cat-menuiseries-exterieures","9":"product_cat-pare-pluie","10":"product_tag-pro-clima","11":"product_shipping_class-petit-equipement-outil-eclairage","13":"first","14":"instock","15":"taxable","16":"shipping-taxable","17":"purchasable","18":"product-type-variable"},"yoast_head":"<!-- This site is optimized with the Yoast SEO plugin v27.5 - https:\/\/yoast.com\/product\/yoast-seo-wordpress\/ -->\n<title>Ruban d&#039;\u00e9tanch\u00e9it\u00e9 CONTEGA SOLIDO EXO Pro clima<\/title>\n<meta name=\"description\" content=\"Le ruban adh\u00e9sif de raccord pr\u00e9sente une surface collante et l\u2019autre peut \u00eatre enduite, ce qui garantit du c\u00f4t\u00e9 ext\u00e9rieur un raccord \u00e9tanche au vent et r\u00e9sistant \u00e0 la pluie des menuiseries aux \u00e9l\u00e9ments de construction adjacents en bois et aux supports min\u00e9raux, comme par exemple le b\u00e9ton et la ma\u00e7onnerie. Loire-Atlantique\" \/>\n<meta name=\"robots\" content=\"noindex, nofollow\" \/>\n<meta property=\"og:locale\" content=\"fr_FR\" \/>\n<meta property=\"og:type\" content=\"article\" \/>\n<meta property=\"og:title\" content=\"Ruban d&#039;\u00e9tanch\u00e9it\u00e9 CONTEGA SOLIDO EXO Pro clima\" \/>\n<meta property=\"og:description\" content=\"Le ruban adh\u00e9sif de raccord pr\u00e9sente une surface collante et l\u2019autre peut \u00eatre enduite, ce qui garantit du c\u00f4t\u00e9 ext\u00e9rieur un raccord \u00e9tanche au vent et r\u00e9sistant \u00e0 la pluie des menuiseries aux \u00e9l\u00e9ments de construction adjacents en bois et aux supports min\u00e9raux, comme par exemple le b\u00e9ton et la ma\u00e7onnerie. Loire-Atlantique\" \/>\n<meta property=\"og:url\" content=\"https:\/\/nature-et-developpement.com\/logisain-44\/produit\/ruban-d-etancheite-maconnerie-et-huisserie-contega-solido-exo-pro-clima\/\" \/>\n<meta property=\"og:site_name\" content=\"Logisain 44\" \/>\n<meta property=\"article:modified_time\" content=\"2026-03-24T20:45:07+00:00\" \/>\n<meta name=\"twitter:card\" content=\"summary_large_image\" \/>\n<meta name=\"twitter:label1\" content=\"Dur\u00e9e de lecture estim\u00e9e\" \/>\n\t<meta name=\"twitter:data1\" content=\"3 minutes\" \/>\n<script type=\"application\/ld+json\" class=\"yoast-schema-graph\">{\"@context\":\"https:\\\/\\\/schema.org\",\"@graph\":[{\"@type\":\"WebPage\",\"@id\":\"https:\\\/\\\/nature-et-developpement.com\\\/logisain-44\\\/produit\\\/ruban-d-etancheite-maconnerie-et-huisserie-contega-solido-exo-pro-clima\\\/\",\"url\":\"https:\\\/\\\/nature-et-developpement.com\\\/logisain-44\\\/produit\\\/ruban-d-etancheite-maconnerie-et-huisserie-contega-solido-exo-pro-clima\\\/\",\"name\":\"Ruban d'\u00e9tanch\u00e9it\u00e9 CONTEGA SOLIDO EXO Pro clima\",\"isPartOf\":{\"@id\":\"https:\\\/\\\/nature-et-developpement.com\\\/logisain-44\\\/#website\"},\"primaryImageOfPage\":{\"@id\":\"https:\\\/\\\/nature-et-developpement.com\\\/logisain-44\\\/produit\\\/ruban-d-etancheite-maconnerie-et-huisserie-contega-solido-exo-pro-clima\\\/#primaryimage\"},\"image\":{\"@id\":\"https:\\\/\\\/nature-et-developpement.com\\\/logisain-44\\\/produit\\\/ruban-d-etancheite-maconnerie-et-huisserie-contega-solido-exo-pro-clima\\\/#primaryimage\"},\"thumbnailUrl\":\"https:\\\/\\\/nature-et-developpement.com\\\/logisain-44\\\/wp-content\\\/uploads\\\/Ruban-detancheite-maconnerie-et-huisserie-CONTEGA-SOLIDO-EXO-Pro-clima-1.jpg\",\"datePublished\":\"2016-12-31T23:00:00+00:00\",\"dateModified\":\"2026-03-24T20:45:07+00:00\",\"description\":\"Le ruban adh\u00e9sif de raccord pr\u00e9sente une surface collante et l\u2019autre peut \u00eatre enduite, ce qui garantit du c\u00f4t\u00e9 ext\u00e9rieur un raccord \u00e9tanche au vent et r\u00e9sistant \u00e0 la pluie des menuiseries aux \u00e9l\u00e9ments de construction adjacents en bois et aux supports min\u00e9raux, comme par exemple le b\u00e9ton et la ma\u00e7onnerie. Loire-Atlantique\",\"breadcrumb\":{\"@id\":\"https:\\\/\\\/nature-et-developpement.com\\\/logisain-44\\\/produit\\\/ruban-d-etancheite-maconnerie-et-huisserie-contega-solido-exo-pro-clima\\\/#breadcrumb\"},\"inLanguage\":\"fr-FR\",\"potentialAction\":[{\"@type\":\"ReadAction\",\"target\":[\"https:\\\/\\\/nature-et-developpement.com\\\/logisain-44\\\/produit\\\/ruban-d-etancheite-maconnerie-et-huisserie-contega-solido-exo-pro-clima\\\/\"]}]},{\"@type\":\"ImageObject\",\"inLanguage\":\"fr-FR\",\"@id\":\"https:\\\/\\\/nature-et-developpement.com\\\/logisain-44\\\/produit\\\/ruban-d-etancheite-maconnerie-et-huisserie-contega-solido-exo-pro-clima\\\/#primaryimage\",\"url\":\"https:\\\/\\\/nature-et-developpement.com\\\/logisain-44\\\/wp-content\\\/uploads\\\/Ruban-detancheite-maconnerie-et-huisserie-CONTEGA-SOLIDO-EXO-Pro-clima-1.jpg\",\"contentUrl\":\"https:\\\/\\\/nature-et-developpement.com\\\/logisain-44\\\/wp-content\\\/uploads\\\/Ruban-detancheite-maconnerie-et-huisserie-CONTEGA-SOLIDO-EXO-Pro-clima-1.jpg\"},{\"@type\":\"BreadcrumbList\",\"@id\":\"https:\\\/\\\/nature-et-developpement.com\\\/logisain-44\\\/produit\\\/ruban-d-etancheite-maconnerie-et-huisserie-contega-solido-exo-pro-clima\\\/#breadcrumb\",\"itemListElement\":[{\"@type\":\"ListItem\",\"position\":1,\"name\":\"Accueil\",\"item\":\"https:\\\/\\\/nature-et-developpement.com\\\/logisain-44\\\/\"},{\"@type\":\"ListItem\",\"position\":2,\"name\":\"Produits\",\"item\":\"https:\\\/\\\/nature-et-developpement.com\\\/logisain-44\\\/shop\\\/\"},{\"@type\":\"ListItem\",\"position\":3,\"name\":\"Construction, cloison et fen\u00eatres\",\"item\":\"https:\\\/\\\/nature-et-developpement.com\\\/logisain-44\\\/produits\\\/construction\\\/\"},{\"@type\":\"ListItem\",\"position\":4,\"name\":\"Menuiserie ext\u00e9rieure\",\"item\":\"https:\\\/\\\/nature-et-developpement.com\\\/logisain-44\\\/produits\\\/construction\\\/menuiseries-exterieures\\\/\"},{\"@type\":\"ListItem\",\"position\":5,\"name\":\"Ruban d&rsquo;\u00e9tanch\u00e9it\u00e9 ma\u00e7onnerie et huisserie CONTEGA SOLIDO EXO Pro clima\"}]},{\"@type\":\"WebSite\",\"@id\":\"https:\\\/\\\/nature-et-developpement.com\\\/logisain-44\\\/#website\",\"url\":\"https:\\\/\\\/nature-et-developpement.com\\\/logisain-44\\\/\",\"name\":\"Logisain 44\",\"description\":\"Logisain 44 est membre du groupement Nature &amp; D\u00e9veloppement\",\"publisher\":{\"@id\":\"https:\\\/\\\/nature-et-developpement.com\\\/logisain-44\\\/#organization\"},\"potentialAction\":[{\"@type\":\"SearchAction\",\"target\":{\"@type\":\"EntryPoint\",\"urlTemplate\":\"https:\\\/\\\/nature-et-developpement.com\\\/logisain-44\\\/?s={search_term_string}\"},\"query-input\":{\"@type\":\"PropertyValueSpecification\",\"valueRequired\":true,\"valueName\":\"search_term_string\"}}],\"inLanguage\":\"fr-FR\"},{\"@type\":\"Organization\",\"@id\":\"https:\\\/\\\/nature-et-developpement.com\\\/logisain-44\\\/#organization\",\"name\":\"Logisain 44\",\"url\":\"https:\\\/\\\/nature-et-developpement.com\\\/logisain-44\\\/\",\"logo\":{\"@type\":\"ImageObject\",\"inLanguage\":\"fr-FR\",\"@id\":\"https:\\\/\\\/nature-et-developpement.com\\\/logisain-44\\\/#\\\/schema\\\/logo\\\/image\\\/\",\"url\":\"https:\\\/\\\/nature-et-developpement.com\\\/logisain-44\\\/wp-content\\\/uploads\\\/sites\\\/4\\\/2021\\\/08\\\/logo-logisain.jpg\",\"contentUrl\":\"https:\\\/\\\/nature-et-developpement.com\\\/logisain-44\\\/wp-content\\\/uploads\\\/sites\\\/4\\\/2021\\\/08\\\/logo-logisain.jpg\",\"width\":672,\"height\":455,\"caption\":\"Logisain 44\"},\"image\":{\"@id\":\"https:\\\/\\\/nature-et-developpement.com\\\/logisain-44\\\/#\\\/schema\\\/logo\\\/image\\\/\"}}]}<\/script>\n<!-- \/ Yoast SEO plugin. -->","yoast_head_json":{"title":"Ruban d'\u00e9tanch\u00e9it\u00e9 CONTEGA SOLIDO EXO Pro clima","description":"Le ruban adh\u00e9sif de raccord pr\u00e9sente une surface collante et l\u2019autre peut \u00eatre enduite, ce qui garantit du c\u00f4t\u00e9 ext\u00e9rieur un raccord \u00e9tanche au vent et r\u00e9sistant \u00e0 la pluie des menuiseries aux \u00e9l\u00e9ments de construction adjacents en bois et aux supports min\u00e9raux, comme par exemple le b\u00e9ton et la ma\u00e7onnerie. Loire-Atlantique","robots":{"index":"noindex","follow":"nofollow"},"og_locale":"fr_FR","og_type":"article","og_title":"Ruban d'\u00e9tanch\u00e9it\u00e9 CONTEGA SOLIDO EXO Pro clima","og_description":"Le ruban adh\u00e9sif de raccord pr\u00e9sente une surface collante et l\u2019autre peut \u00eatre enduite, ce qui garantit du c\u00f4t\u00e9 ext\u00e9rieur un raccord \u00e9tanche au vent et r\u00e9sistant \u00e0 la pluie des menuiseries aux \u00e9l\u00e9ments de construction adjacents en bois et aux supports min\u00e9raux, comme par exemple le b\u00e9ton et la ma\u00e7onnerie. Loire-Atlantique","og_url":"https:\/\/nature-et-developpement.com\/logisain-44\/produit\/ruban-d-etancheite-maconnerie-et-huisserie-contega-solido-exo-pro-clima\/","og_site_name":"Logisain 44","article_modified_time":"2026-03-24T20:45:07+00:00","twitter_card":"summary_large_image","twitter_misc":{"Dur\u00e9e de lecture estim\u00e9e":"3 minutes"},"schema":{"@context":"https:\/\/schema.org","@graph":[{"@type":"WebPage","@id":"https:\/\/nature-et-developpement.com\/logisain-44\/produit\/ruban-d-etancheite-maconnerie-et-huisserie-contega-solido-exo-pro-clima\/","url":"https:\/\/nature-et-developpement.com\/logisain-44\/produit\/ruban-d-etancheite-maconnerie-et-huisserie-contega-solido-exo-pro-clima\/","name":"Ruban d'\u00e9tanch\u00e9it\u00e9 CONTEGA SOLIDO EXO Pro clima","isPartOf":{"@id":"https:\/\/nature-et-developpement.com\/logisain-44\/#website"},"primaryImageOfPage":{"@id":"https:\/\/nature-et-developpement.com\/logisain-44\/produit\/ruban-d-etancheite-maconnerie-et-huisserie-contega-solido-exo-pro-clima\/#primaryimage"},"image":{"@id":"https:\/\/nature-et-developpement.com\/logisain-44\/produit\/ruban-d-etancheite-maconnerie-et-huisserie-contega-solido-exo-pro-clima\/#primaryimage"},"thumbnailUrl":"https:\/\/nature-et-developpement.com\/logisain-44\/wp-content\/uploads\/Ruban-detancheite-maconnerie-et-huisserie-CONTEGA-SOLIDO-EXO-Pro-clima-1.jpg","datePublished":"2016-12-31T23:00:00+00:00","dateModified":"2026-03-24T20:45:07+00:00","description":"Le ruban adh\u00e9sif de raccord pr\u00e9sente une surface collante et l\u2019autre peut \u00eatre enduite, ce qui garantit du c\u00f4t\u00e9 ext\u00e9rieur un raccord \u00e9tanche au vent et r\u00e9sistant \u00e0 la pluie des menuiseries aux \u00e9l\u00e9ments de construction adjacents en bois et aux supports min\u00e9raux, comme par exemple le b\u00e9ton et la ma\u00e7onnerie. Loire-Atlantique","breadcrumb":{"@id":"https:\/\/nature-et-developpement.com\/logisain-44\/produit\/ruban-d-etancheite-maconnerie-et-huisserie-contega-solido-exo-pro-clima\/#breadcrumb"},"inLanguage":"fr-FR","potentialAction":[{"@type":"ReadAction","target":["https:\/\/nature-et-developpement.com\/logisain-44\/produit\/ruban-d-etancheite-maconnerie-et-huisserie-contega-solido-exo-pro-clima\/"]}]},{"@type":"ImageObject","inLanguage":"fr-FR","@id":"https:\/\/nature-et-developpement.com\/logisain-44\/produit\/ruban-d-etancheite-maconnerie-et-huisserie-contega-solido-exo-pro-clima\/#primaryimage","url":"https:\/\/nature-et-developpement.com\/logisain-44\/wp-content\/uploads\/Ruban-detancheite-maconnerie-et-huisserie-CONTEGA-SOLIDO-EXO-Pro-clima-1.jpg","contentUrl":"https:\/\/nature-et-developpement.com\/logisain-44\/wp-content\/uploads\/Ruban-detancheite-maconnerie-et-huisserie-CONTEGA-SOLIDO-EXO-Pro-clima-1.jpg"},{"@type":"BreadcrumbList","@id":"https:\/\/nature-et-developpement.com\/logisain-44\/produit\/ruban-d-etancheite-maconnerie-et-huisserie-contega-solido-exo-pro-clima\/#breadcrumb","itemListElement":[{"@type":"ListItem","position":1,"name":"Accueil","item":"https:\/\/nature-et-developpement.com\/logisain-44\/"},{"@type":"ListItem","position":2,"name":"Produits","item":"https:\/\/nature-et-developpement.com\/logisain-44\/shop\/"},{"@type":"ListItem","position":3,"name":"Construction, cloison et fen\u00eatres","item":"https:\/\/nature-et-developpement.com\/logisain-44\/produits\/construction\/"},{"@type":"ListItem","position":4,"name":"Menuiserie ext\u00e9rieure","item":"https:\/\/nature-et-developpement.com\/logisain-44\/produits\/construction\/menuiseries-exterieures\/"},{"@type":"ListItem","position":5,"name":"Ruban d&rsquo;\u00e9tanch\u00e9it\u00e9 ma\u00e7onnerie et huisserie CONTEGA SOLIDO EXO Pro clima"}]},{"@type":"WebSite","@id":"https:\/\/nature-et-developpement.com\/logisain-44\/#website","url":"https:\/\/nature-et-developpement.com\/logisain-44\/","name":"Logisain 44","description":"Logisain 44 est membre du groupement Nature &amp; D\u00e9veloppement","publisher":{"@id":"https:\/\/nature-et-developpement.com\/logisain-44\/#organization"},"potentialAction":[{"@type":"SearchAction","target":{"@type":"EntryPoint","urlTemplate":"https:\/\/nature-et-developpement.com\/logisain-44\/?s={search_term_string}"},"query-input":{"@type":"PropertyValueSpecification","valueRequired":true,"valueName":"search_term_string"}}],"inLanguage":"fr-FR"},{"@type":"Organization","@id":"https:\/\/nature-et-developpement.com\/logisain-44\/#organization","name":"Logisain 44","url":"https:\/\/nature-et-developpement.com\/logisain-44\/","logo":{"@type":"ImageObject","inLanguage":"fr-FR","@id":"https:\/\/nature-et-developpement.com\/logisain-44\/#\/schema\/logo\/image\/","url":"https:\/\/nature-et-developpement.com\/logisain-44\/wp-content\/uploads\/sites\/4\/2021\/08\/logo-logisain.jpg","contentUrl":"https:\/\/nature-et-developpement.com\/logisain-44\/wp-content\/uploads\/sites\/4\/2021\/08\/logo-logisain.jpg","width":672,"height":455,"caption":"Logisain 44"},"image":{"@id":"https:\/\/nature-et-developpement.com\/logisain-44\/#\/schema\/logo\/image\/"}}]}},"distributor_meta":false,"distributor_terms":false,"distributor_media":false,"distributor_original_site_name":"Logisain 44","distributor_original_site_url":"https:\/\/nature-et-developpement.com\/logisain-44","push-errors":false,"_links":{"self":[{"href":"https:\/\/nature-et-developpement.com\/logisain-44\/wp-json\/wp\/v2\/product\/14846","targetHints":{"allow":["GET"]}}],"collection":[{"href":"https:\/\/nature-et-developpement.com\/logisain-44\/wp-json\/wp\/v2\/product"}],"about":[{"href":"https:\/\/nature-et-developpement.com\/logisain-44\/wp-json\/wp\/v2\/types\/product"}],"wp:featuredmedia":[{"embeddable":true,"href":"https:\/\/nature-et-developpement.com\/logisain-44\/wp-json\/"}],"wp:attachment":[{"href":"https:\/\/nature-et-developpement.com\/logisain-44\/wp-json\/wp\/v2\/media?parent=14846"}],"wp:term":[{"taxonomy":"product_brand","embeddable":true,"href":"https:\/\/nature-et-developpement.com\/logisain-44\/wp-json\/wp\/v2\/product_brand?post=14846"},{"taxonomy":"product_cat","embeddable":true,"href":"https:\/\/nature-et-developpement.com\/logisain-44\/wp-json\/wp\/v2\/product_cat?post=14846"},{"taxonomy":"product_tag","embeddable":true,"href":"https:\/\/nature-et-developpement.com\/logisain-44\/wp-json\/wp\/v2\/product_tag?post=14846"}],"curies":[{"name":"wp","href":"https:\/\/api.w.org\/{rel}","templated":true}]}}