{"id":14857,"date":"2017-01-01T00:00:00","date_gmt":"2016-12-31T23:00:00","guid":{"rendered":"https:\/\/nature-et-developpement.com\/logisain\/produit\/ruban-detancheite-maconnerie-et-huisserie-contega-solido-exo-d-pro-clima\/"},"modified":"2026-03-24T21:50:07","modified_gmt":"2026-03-24T20:50:07","slug":"ruban-d-etancheite-maconnerie-et-huisserie-contega-solido-exo-d-pro-clima","status":"publish","type":"product","link":"https:\/\/nature-et-developpement.com\/logisain-44\/produit\/ruban-d-etancheite-maconnerie-et-huisserie-contega-solido-exo-d-pro-clima\/","title":{"rendered":"Ruban d&rsquo;\u00e9tanch\u00e9it\u00e9 ma\u00e7onnerie et huisserie CONTEGA SOLIDO EXO-D Pro clima"},"content":{"rendered":"<p>Le ruban ad\u00adh\u00e9sif de rac\u00adcord CON\u00adTEGA SOLIDO EXO-D est auto\u00adcol\u00adlant sur toute la sur\u00adface et se laisse en\u00adduire, ce qui garantit du c\u00f4t\u00e9 ex\u00adt\u00e9rieur un rac\u00adcord \u00e9tanche au vent et ouvert \u00e0 la dif\u00adfu\u00adsion des fen\u00eatres et por\u00adtes aux \u00e9l\u00e9\u00adments de con\u00adstruc\u00adtion ad\u00adja\u00adcents en bois et aux sup\u00adports min\u00e9raux, comme p. ex. le b\u00e9ton et la ma\u00e7on\u00adner\u00adie.<\/p>\n<p>La zone auto\u00adcol\u00adlante in\u00adt\u00e9\u00adgr\u00e9e du c\u00f4t\u00e9 non-tis\u00ads\u00e9 garantit des rac\u00adcords fa\u00adciles aux fen\u00eatres et por\u00adtes.<br \/>\nL\u2019as\u00adsemblage coll\u00e9 est im\u00adm\u00e9\u00addi\u00adate\u00adment \u00e9tanche au vent et la li\u00adais\u00adon est r\u00e9sist\u00adante.. Le non-tis\u00ads\u00e9 peut \u00eatre en\u00adduit fa\u00adcile\u00adment, selon nos con\u00adsignes de mise en \u0153uvre.<\/p>\n<table class=\"table table-striped\">\n<thead>\n<tr>\n<td><strong>Propri\u00e9t\u00e9<\/strong><\/td>\n<td class=\"hidden-xs\"><strong>R\u00e9glementation<\/strong><\/td>\n<td><strong>Valeur<\/strong><\/td>\n<\/tr>\n<\/thead>\n<tbody>\n<tr>\n<td>Couleur<\/td>\n<td class=\"hidden-xs\"><\/td>\n<td>noir<\/td>\n<\/tr>\n<tr>\n<td>Valeur sd<\/td>\n<td class=\"hidden-xs\">NF EN 1931<\/td>\n<td>0,7 m<\/td>\n<\/tr>\n<tr>\n<td>Exposition aux intemp\u00e9ries<\/td>\n<td class=\"hidden-xs\"><\/td>\n<td>3 mois<\/td>\n<\/tr>\n<tr>\n<td>Colonne d\u2019eau<\/td>\n<td class=\"hidden-xs\">NF EN 20811<\/td>\n<td>&gt; 2 500 mm<\/td>\n<\/tr>\n<tr>\n<td>Enduisible<\/td>\n<td class=\"hidden-xs\"><\/td>\n<td>oui<\/td>\n<\/tr>\n<tr>\n<td>Test\u00e9 par l&rsquo;ift Rosenheim (DE)<\/td>\n<td class=\"hidden-xs\">MO-01\/1:2007-01, Abs. 5<\/td>\n<td>existe, sur tout le pourtour<\/td>\n<\/tr>\n<tr>\n<td>Temp\u00e9rature de mise en \u0153uvre<\/td>\n<td class=\"hidden-xs\"><\/td>\n<td>\u00e0 partir de -10 \u00b0C<\/td>\n<\/tr>\n<tr>\n<td>R\u00e9sistance \u00e0 la temp\u00e9rature<\/td>\n<td class=\"hidden-xs\"><\/td>\n<td>stable entre -40 \u00b0C et  90 \u00b0C<\/td>\n<\/tr>\n<tr>\n<td>Stockage<\/td>\n<td class=\"hidden-xs\"><\/td>\n<td>dans un endroit frais et sec<\/td>\n<\/tr>\n<\/tbody>\n<\/table>\n","protected":false},"excerpt":{"rendered":"<p>Le ruban adh\u00e9sif de raccord pr\u00e9sente une surface collante et l\u2019autre peut \u00eatre enduite, ce qui garantit du c\u00f4t\u00e9 ext\u00e9rieur un raccord \u00e9tanche au vent et r\u00e9sistant \u00e0 la pluie des menuiseries aux \u00e9l\u00e9ments de construction adjacents en bois et aux supports min\u00e9raux, comme par exemple le b\u00e9ton et la ma\u00e7onnerie.<\/p>\n","protected":false},"featured_media":1000000166756,"template":"","meta":[],"product_brand":[10191],"product_cat":[7388,7386,7532,11721],"product_tag":[11731],"class_list":{"0":"post-14857","1":"product","2":"type-product","3":"status-publish","4":"has-post-thumbnail","6":"product_brand-proclima","7":"product_cat-accessoires-construction","8":"product_cat-accessoires-isolation-et-etancheite","9":"product_cat-menuiseries-exterieures","10":"product_cat-pare-pluie","11":"product_tag-pro-clima","12":"product_shipping_class-petit-equipement-outil-eclairage","14":"first","15":"instock","16":"taxable","17":"shipping-taxable","18":"purchasable","19":"product-type-variable"},"yoast_head":"<!-- This site is optimized with the Yoast SEO plugin v27.5 - https:\/\/yoast.com\/product\/yoast-seo-wordpress\/ -->\n<title>Ruban d&#039;\u00e9tanch\u00e9it\u00e9 CONTEGA SOLIDO EXO-D Pro clima<\/title>\n<meta name=\"description\" content=\"Le ruban adh\u00e9sif de raccord pr\u00e9sente une surface collante et l\u2019autre peut \u00eatre enduite, ce qui garantit du c\u00f4t\u00e9 ext\u00e9rieur un raccord \u00e9tanche au vent et r\u00e9sistant \u00e0 la pluie des menuiseries aux \u00e9l\u00e9ments de construction adjacents en bois et aux supports min\u00e9raux, comme par exemple le b\u00e9ton et la ma\u00e7onnerie. Loire-Atlantique\" \/>\n<meta name=\"robots\" content=\"noindex, nofollow\" \/>\n<meta property=\"og:locale\" content=\"fr_FR\" \/>\n<meta property=\"og:type\" content=\"article\" \/>\n<meta property=\"og:title\" content=\"Ruban d&#039;\u00e9tanch\u00e9it\u00e9 CONTEGA SOLIDO EXO-D Pro clima\" \/>\n<meta property=\"og:description\" content=\"Le ruban adh\u00e9sif de raccord pr\u00e9sente une surface collante et l\u2019autre peut \u00eatre enduite, ce qui garantit du c\u00f4t\u00e9 ext\u00e9rieur un raccord \u00e9tanche au vent et r\u00e9sistant \u00e0 la pluie des menuiseries aux \u00e9l\u00e9ments de construction adjacents en bois et aux supports min\u00e9raux, comme par exemple le b\u00e9ton et la ma\u00e7onnerie. Loire-Atlantique\" \/>\n<meta property=\"og:url\" content=\"https:\/\/nature-et-developpement.com\/logisain-44\/produit\/ruban-d-etancheite-maconnerie-et-huisserie-contega-solido-exo-d-pro-clima\/\" \/>\n<meta property=\"og:site_name\" content=\"Logisain 44\" \/>\n<meta property=\"article:modified_time\" content=\"2026-03-24T20:50:07+00:00\" \/>\n<meta name=\"twitter:card\" content=\"summary_large_image\" \/>\n<meta name=\"twitter:label1\" content=\"Dur\u00e9e de lecture estim\u00e9e\" \/>\n\t<meta name=\"twitter:data1\" content=\"1 minute\" \/>\n<script type=\"application\/ld+json\" class=\"yoast-schema-graph\">{\"@context\":\"https:\\\/\\\/schema.org\",\"@graph\":[{\"@type\":\"WebPage\",\"@id\":\"https:\\\/\\\/nature-et-developpement.com\\\/logisain-44\\\/produit\\\/ruban-d-etancheite-maconnerie-et-huisserie-contega-solido-exo-d-pro-clima\\\/\",\"url\":\"https:\\\/\\\/nature-et-developpement.com\\\/logisain-44\\\/produit\\\/ruban-d-etancheite-maconnerie-et-huisserie-contega-solido-exo-d-pro-clima\\\/\",\"name\":\"Ruban d'\u00e9tanch\u00e9it\u00e9 CONTEGA SOLIDO EXO-D Pro clima\",\"isPartOf\":{\"@id\":\"https:\\\/\\\/nature-et-developpement.com\\\/logisain-44\\\/#website\"},\"primaryImageOfPage\":{\"@id\":\"https:\\\/\\\/nature-et-developpement.com\\\/logisain-44\\\/produit\\\/ruban-d-etancheite-maconnerie-et-huisserie-contega-solido-exo-d-pro-clima\\\/#primaryimage\"},\"image\":{\"@id\":\"https:\\\/\\\/nature-et-developpement.com\\\/logisain-44\\\/produit\\\/ruban-d-etancheite-maconnerie-et-huisserie-contega-solido-exo-d-pro-clima\\\/#primaryimage\"},\"thumbnailUrl\":\"https:\\\/\\\/nature-et-developpement.com\\\/logisain-44\\\/wp-content\\\/uploads\\\/Ruban-detancheite-maconnerie-et-huisserie-CONTEGA-SOLIDO-EXO-D-Pro-clima-100mm.jpg\",\"datePublished\":\"2016-12-31T23:00:00+00:00\",\"dateModified\":\"2026-03-24T20:50:07+00:00\",\"description\":\"Le ruban adh\u00e9sif de raccord pr\u00e9sente une surface collante et l\u2019autre peut \u00eatre enduite, ce qui garantit du c\u00f4t\u00e9 ext\u00e9rieur un raccord \u00e9tanche au vent et r\u00e9sistant \u00e0 la pluie des menuiseries aux \u00e9l\u00e9ments de construction adjacents en bois et aux supports min\u00e9raux, comme par exemple le b\u00e9ton et la ma\u00e7onnerie. Loire-Atlantique\",\"breadcrumb\":{\"@id\":\"https:\\\/\\\/nature-et-developpement.com\\\/logisain-44\\\/produit\\\/ruban-d-etancheite-maconnerie-et-huisserie-contega-solido-exo-d-pro-clima\\\/#breadcrumb\"},\"inLanguage\":\"fr-FR\",\"potentialAction\":[{\"@type\":\"ReadAction\",\"target\":[\"https:\\\/\\\/nature-et-developpement.com\\\/logisain-44\\\/produit\\\/ruban-d-etancheite-maconnerie-et-huisserie-contega-solido-exo-d-pro-clima\\\/\"]}]},{\"@type\":\"ImageObject\",\"inLanguage\":\"fr-FR\",\"@id\":\"https:\\\/\\\/nature-et-developpement.com\\\/logisain-44\\\/produit\\\/ruban-d-etancheite-maconnerie-et-huisserie-contega-solido-exo-d-pro-clima\\\/#primaryimage\",\"url\":\"https:\\\/\\\/nature-et-developpement.com\\\/logisain-44\\\/wp-content\\\/uploads\\\/Ruban-detancheite-maconnerie-et-huisserie-CONTEGA-SOLIDO-EXO-D-Pro-clima-100mm.jpg\",\"contentUrl\":\"https:\\\/\\\/nature-et-developpement.com\\\/logisain-44\\\/wp-content\\\/uploads\\\/Ruban-detancheite-maconnerie-et-huisserie-CONTEGA-SOLIDO-EXO-D-Pro-clima-100mm.jpg\"},{\"@type\":\"BreadcrumbList\",\"@id\":\"https:\\\/\\\/nature-et-developpement.com\\\/logisain-44\\\/produit\\\/ruban-d-etancheite-maconnerie-et-huisserie-contega-solido-exo-d-pro-clima\\\/#breadcrumb\",\"itemListElement\":[{\"@type\":\"ListItem\",\"position\":1,\"name\":\"Accueil\",\"item\":\"https:\\\/\\\/nature-et-developpement.com\\\/logisain-44\\\/\"},{\"@type\":\"ListItem\",\"position\":2,\"name\":\"Produits\",\"item\":\"https:\\\/\\\/nature-et-developpement.com\\\/logisain-44\\\/shop\\\/\"},{\"@type\":\"ListItem\",\"position\":3,\"name\":\"Construction, cloison et fen\u00eatres\",\"item\":\"https:\\\/\\\/nature-et-developpement.com\\\/logisain-44\\\/produits\\\/construction\\\/\"},{\"@type\":\"ListItem\",\"position\":4,\"name\":\"Menuiserie ext\u00e9rieure\",\"item\":\"https:\\\/\\\/nature-et-developpement.com\\\/logisain-44\\\/produits\\\/construction\\\/menuiseries-exterieures\\\/\"},{\"@type\":\"ListItem\",\"position\":5,\"name\":\"Ruban d&rsquo;\u00e9tanch\u00e9it\u00e9 ma\u00e7onnerie et huisserie CONTEGA SOLIDO EXO-D Pro clima\"}]},{\"@type\":\"WebSite\",\"@id\":\"https:\\\/\\\/nature-et-developpement.com\\\/logisain-44\\\/#website\",\"url\":\"https:\\\/\\\/nature-et-developpement.com\\\/logisain-44\\\/\",\"name\":\"Logisain 44\",\"description\":\"Logisain 44 est membre du groupement Nature &amp; D\u00e9veloppement\",\"publisher\":{\"@id\":\"https:\\\/\\\/nature-et-developpement.com\\\/logisain-44\\\/#organization\"},\"potentialAction\":[{\"@type\":\"SearchAction\",\"target\":{\"@type\":\"EntryPoint\",\"urlTemplate\":\"https:\\\/\\\/nature-et-developpement.com\\\/logisain-44\\\/?s={search_term_string}\"},\"query-input\":{\"@type\":\"PropertyValueSpecification\",\"valueRequired\":true,\"valueName\":\"search_term_string\"}}],\"inLanguage\":\"fr-FR\"},{\"@type\":\"Organization\",\"@id\":\"https:\\\/\\\/nature-et-developpement.com\\\/logisain-44\\\/#organization\",\"name\":\"Logisain 44\",\"url\":\"https:\\\/\\\/nature-et-developpement.com\\\/logisain-44\\\/\",\"logo\":{\"@type\":\"ImageObject\",\"inLanguage\":\"fr-FR\",\"@id\":\"https:\\\/\\\/nature-et-developpement.com\\\/logisain-44\\\/#\\\/schema\\\/logo\\\/image\\\/\",\"url\":\"https:\\\/\\\/nature-et-developpement.com\\\/logisain-44\\\/wp-content\\\/uploads\\\/sites\\\/4\\\/2021\\\/08\\\/logo-logisain.jpg\",\"contentUrl\":\"https:\\\/\\\/nature-et-developpement.com\\\/logisain-44\\\/wp-content\\\/uploads\\\/sites\\\/4\\\/2021\\\/08\\\/logo-logisain.jpg\",\"width\":672,\"height\":455,\"caption\":\"Logisain 44\"},\"image\":{\"@id\":\"https:\\\/\\\/nature-et-developpement.com\\\/logisain-44\\\/#\\\/schema\\\/logo\\\/image\\\/\"}}]}<\/script>\n<!-- \/ Yoast SEO plugin. -->","yoast_head_json":{"title":"Ruban d'\u00e9tanch\u00e9it\u00e9 CONTEGA SOLIDO EXO-D Pro clima","description":"Le ruban adh\u00e9sif de raccord pr\u00e9sente une surface collante et l\u2019autre peut \u00eatre enduite, ce qui garantit du c\u00f4t\u00e9 ext\u00e9rieur un raccord \u00e9tanche au vent et r\u00e9sistant \u00e0 la pluie des menuiseries aux \u00e9l\u00e9ments de construction adjacents en bois et aux supports min\u00e9raux, comme par exemple le b\u00e9ton et la ma\u00e7onnerie. Loire-Atlantique","robots":{"index":"noindex","follow":"nofollow"},"og_locale":"fr_FR","og_type":"article","og_title":"Ruban d'\u00e9tanch\u00e9it\u00e9 CONTEGA SOLIDO EXO-D Pro clima","og_description":"Le ruban adh\u00e9sif de raccord pr\u00e9sente une surface collante et l\u2019autre peut \u00eatre enduite, ce qui garantit du c\u00f4t\u00e9 ext\u00e9rieur un raccord \u00e9tanche au vent et r\u00e9sistant \u00e0 la pluie des menuiseries aux \u00e9l\u00e9ments de construction adjacents en bois et aux supports min\u00e9raux, comme par exemple le b\u00e9ton et la ma\u00e7onnerie. Loire-Atlantique","og_url":"https:\/\/nature-et-developpement.com\/logisain-44\/produit\/ruban-d-etancheite-maconnerie-et-huisserie-contega-solido-exo-d-pro-clima\/","og_site_name":"Logisain 44","article_modified_time":"2026-03-24T20:50:07+00:00","twitter_card":"summary_large_image","twitter_misc":{"Dur\u00e9e de lecture estim\u00e9e":"1 minute"},"schema":{"@context":"https:\/\/schema.org","@graph":[{"@type":"WebPage","@id":"https:\/\/nature-et-developpement.com\/logisain-44\/produit\/ruban-d-etancheite-maconnerie-et-huisserie-contega-solido-exo-d-pro-clima\/","url":"https:\/\/nature-et-developpement.com\/logisain-44\/produit\/ruban-d-etancheite-maconnerie-et-huisserie-contega-solido-exo-d-pro-clima\/","name":"Ruban d'\u00e9tanch\u00e9it\u00e9 CONTEGA SOLIDO EXO-D Pro clima","isPartOf":{"@id":"https:\/\/nature-et-developpement.com\/logisain-44\/#website"},"primaryImageOfPage":{"@id":"https:\/\/nature-et-developpement.com\/logisain-44\/produit\/ruban-d-etancheite-maconnerie-et-huisserie-contega-solido-exo-d-pro-clima\/#primaryimage"},"image":{"@id":"https:\/\/nature-et-developpement.com\/logisain-44\/produit\/ruban-d-etancheite-maconnerie-et-huisserie-contega-solido-exo-d-pro-clima\/#primaryimage"},"thumbnailUrl":"https:\/\/nature-et-developpement.com\/logisain-44\/wp-content\/uploads\/Ruban-detancheite-maconnerie-et-huisserie-CONTEGA-SOLIDO-EXO-D-Pro-clima-100mm.jpg","datePublished":"2016-12-31T23:00:00+00:00","dateModified":"2026-03-24T20:50:07+00:00","description":"Le ruban adh\u00e9sif de raccord pr\u00e9sente une surface collante et l\u2019autre peut \u00eatre enduite, ce qui garantit du c\u00f4t\u00e9 ext\u00e9rieur un raccord \u00e9tanche au vent et r\u00e9sistant \u00e0 la pluie des menuiseries aux \u00e9l\u00e9ments de construction adjacents en bois et aux supports min\u00e9raux, comme par exemple le b\u00e9ton et la ma\u00e7onnerie. Loire-Atlantique","breadcrumb":{"@id":"https:\/\/nature-et-developpement.com\/logisain-44\/produit\/ruban-d-etancheite-maconnerie-et-huisserie-contega-solido-exo-d-pro-clima\/#breadcrumb"},"inLanguage":"fr-FR","potentialAction":[{"@type":"ReadAction","target":["https:\/\/nature-et-developpement.com\/logisain-44\/produit\/ruban-d-etancheite-maconnerie-et-huisserie-contega-solido-exo-d-pro-clima\/"]}]},{"@type":"ImageObject","inLanguage":"fr-FR","@id":"https:\/\/nature-et-developpement.com\/logisain-44\/produit\/ruban-d-etancheite-maconnerie-et-huisserie-contega-solido-exo-d-pro-clima\/#primaryimage","url":"https:\/\/nature-et-developpement.com\/logisain-44\/wp-content\/uploads\/Ruban-detancheite-maconnerie-et-huisserie-CONTEGA-SOLIDO-EXO-D-Pro-clima-100mm.jpg","contentUrl":"https:\/\/nature-et-developpement.com\/logisain-44\/wp-content\/uploads\/Ruban-detancheite-maconnerie-et-huisserie-CONTEGA-SOLIDO-EXO-D-Pro-clima-100mm.jpg"},{"@type":"BreadcrumbList","@id":"https:\/\/nature-et-developpement.com\/logisain-44\/produit\/ruban-d-etancheite-maconnerie-et-huisserie-contega-solido-exo-d-pro-clima\/#breadcrumb","itemListElement":[{"@type":"ListItem","position":1,"name":"Accueil","item":"https:\/\/nature-et-developpement.com\/logisain-44\/"},{"@type":"ListItem","position":2,"name":"Produits","item":"https:\/\/nature-et-developpement.com\/logisain-44\/shop\/"},{"@type":"ListItem","position":3,"name":"Construction, cloison et fen\u00eatres","item":"https:\/\/nature-et-developpement.com\/logisain-44\/produits\/construction\/"},{"@type":"ListItem","position":4,"name":"Menuiserie ext\u00e9rieure","item":"https:\/\/nature-et-developpement.com\/logisain-44\/produits\/construction\/menuiseries-exterieures\/"},{"@type":"ListItem","position":5,"name":"Ruban d&rsquo;\u00e9tanch\u00e9it\u00e9 ma\u00e7onnerie et huisserie CONTEGA SOLIDO EXO-D Pro clima"}]},{"@type":"WebSite","@id":"https:\/\/nature-et-developpement.com\/logisain-44\/#website","url":"https:\/\/nature-et-developpement.com\/logisain-44\/","name":"Logisain 44","description":"Logisain 44 est membre du groupement Nature &amp; D\u00e9veloppement","publisher":{"@id":"https:\/\/nature-et-developpement.com\/logisain-44\/#organization"},"potentialAction":[{"@type":"SearchAction","target":{"@type":"EntryPoint","urlTemplate":"https:\/\/nature-et-developpement.com\/logisain-44\/?s={search_term_string}"},"query-input":{"@type":"PropertyValueSpecification","valueRequired":true,"valueName":"search_term_string"}}],"inLanguage":"fr-FR"},{"@type":"Organization","@id":"https:\/\/nature-et-developpement.com\/logisain-44\/#organization","name":"Logisain 44","url":"https:\/\/nature-et-developpement.com\/logisain-44\/","logo":{"@type":"ImageObject","inLanguage":"fr-FR","@id":"https:\/\/nature-et-developpement.com\/logisain-44\/#\/schema\/logo\/image\/","url":"https:\/\/nature-et-developpement.com\/logisain-44\/wp-content\/uploads\/sites\/4\/2021\/08\/logo-logisain.jpg","contentUrl":"https:\/\/nature-et-developpement.com\/logisain-44\/wp-content\/uploads\/sites\/4\/2021\/08\/logo-logisain.jpg","width":672,"height":455,"caption":"Logisain 44"},"image":{"@id":"https:\/\/nature-et-developpement.com\/logisain-44\/#\/schema\/logo\/image\/"}}]}},"distributor_meta":false,"distributor_terms":false,"distributor_media":false,"distributor_original_site_name":"Logisain 44","distributor_original_site_url":"https:\/\/nature-et-developpement.com\/logisain-44","push-errors":false,"_links":{"self":[{"href":"https:\/\/nature-et-developpement.com\/logisain-44\/wp-json\/wp\/v2\/product\/14857","targetHints":{"allow":["GET"]}}],"collection":[{"href":"https:\/\/nature-et-developpement.com\/logisain-44\/wp-json\/wp\/v2\/product"}],"about":[{"href":"https:\/\/nature-et-developpement.com\/logisain-44\/wp-json\/wp\/v2\/types\/product"}],"wp:featuredmedia":[{"embeddable":true,"href":"https:\/\/nature-et-developpement.com\/logisain-44\/wp-json\/"}],"wp:attachment":[{"href":"https:\/\/nature-et-developpement.com\/logisain-44\/wp-json\/wp\/v2\/media?parent=14857"}],"wp:term":[{"taxonomy":"product_brand","embeddable":true,"href":"https:\/\/nature-et-developpement.com\/logisain-44\/wp-json\/wp\/v2\/product_brand?post=14857"},{"taxonomy":"product_cat","embeddable":true,"href":"https:\/\/nature-et-developpement.com\/logisain-44\/wp-json\/wp\/v2\/product_cat?post=14857"},{"taxonomy":"product_tag","embeddable":true,"href":"https:\/\/nature-et-developpement.com\/logisain-44\/wp-json\/wp\/v2\/product_tag?post=14857"}],"curies":[{"name":"wp","href":"https:\/\/api.w.org\/{rel}","templated":true}]}}