{"id":14908,"date":"2017-01-01T00:00:00","date_gmt":"2016-12-31T23:00:00","guid":{"rendered":"https:\/\/nature-et-developpement.com\/logisain\/produit\/frein-vapeur-hygrovariable-arme-intello-plus-pro-clima\/"},"modified":"2026-03-25T00:15:08","modified_gmt":"2026-03-24T23:15:08","slug":"frein-vapeur-hygrovariable-arme-intello-plus-pro-clima","status":"publish","type":"product","link":"https:\/\/nature-et-developpement.com\/logisain-44\/produit\/frein-vapeur-hygrovariable-arme-intello-plus-pro-clima\/","title":{"rendered":"Frein-vapeur Hygrovariable arm\u00e9 INTELLO Plus Pro clima"},"content":{"rendered":"<h2>Frein-vapeur Hygrovariable arm\u00e9 INTELLO Plus Pro clima<\/h2>\n<p>S&rsquo;util\u00adise comme frein-va\u00adpeur et mem\u00adbrane d&rsquo;\u00e9tanch\u00e9it\u00e9 \u00e0 l&rsquo;air dans toutes les con\u00adstruc\u00adtions ouvertes \u00e0 la dif\u00adfu\u00adsion \u00e0 l&rsquo;ex\u00adt\u00e9rieur, par ex\u00ademple avec des \u00e9crans de sous-toit\u00adure (pro clima SOLI\u00adTEX) ou pan\u00adneaux en fibres de bois et MDF.<\/p>\n<p>Pour une pro\u00adtec\u00adtion op\u00adti\u00admale contre les d\u00e9g\u00e2ts dans les con\u00adstruc\u00adtions ex\u00adi\u00adgeantes en ter\u00admes de physique du b\u00e2\u00adti\u00adment, comme les toit\u00adures plates et v\u00e9g\u00e9tal\u00adis\u00e9es.<\/p>\n<p>Con\u00advi\u00adent aus\u00adsi aux con\u00addi\u00adtions cli\u00admatiques ex\u00adt\u00e9rieures ex\u00adtr\u00eames, comme en haute montagne.<\/p>\n<p>Pour des in\u00adform\u00ada\u00adtions plus d\u00e9\u00adtaill\u00e9es, con\u00adsul\u00adter\u00a0<a title=\"l\u2019\u00e9tude\" href=\"http:\/\/acms.proclima.com\/media\/downloads\/Etude.pdf\">l\u2019\u00e9tude<\/a>\u00a0\u00ab Cal\u00adcul du po\u00adten\u00adtiel de pr\u00e9ven\u00adtion des d\u00e9g\u00e2ts au b\u00e2\u00adti\u00adment de struc\u00adtures d&rsquo;isol\u00ada\u00adtion ther\u00admique dans la con\u00adstruc\u00adtion en bois et en aci\u00ader \u00bb.<\/p>\n<h3>Une intelligence intemporelle (et en toute saison)<\/h3>\n<p>En hiver, INTELLO freine voire emp\u00eache la p\u00e9n\u00e9tration d\u2019humidit\u00e9 dans le toit et les murs, gr\u00e2ce \u00e0 une valeur sd sup\u00e9rieure \u00e0 25 m (transport d\u2019humidit\u00e9 inf\u00e9rieur \u00e0 7 g\/m\u00b2 par semaine).<\/p>\n<p>En \u00e9t\u00e9, INTELLO garantit un s\u00e9chage vers l\u2019int\u00e9rieur sup\u00e9rieur \u00e0 500 g\/m\u00b2 par semaine.<\/p>\n<p>L\u2019humidit\u00e9 non-pr\u00e9vue s\u2019\u00e9vapore tout au long de l\u2019ann\u00e9e de l\u2019isolation thermique et les moisissures n\u2019ont aucune chance !<\/p>\n<table class=\"table table-striped\">\n<thead>\n<tr>\n<td><strong>Propri\u00e9t\u00e9<\/strong><\/td>\n<td class=\"hidden-xs\"><strong>R\u00e9glementation<\/strong><\/td>\n<td><strong>Valeur<\/strong><\/td>\n<\/tr>\n<\/thead>\n<tbody>\n<tr>\n<td>Couleur<\/td>\n<td class=\"hidden-xs\"><\/td>\n<td>blanc-transparent<\/td>\n<\/tr>\n<tr>\n<td>Grammage<\/td>\n<td class=\"hidden-xs\">NF EN 1849-2<\/td>\n<td>110 \u00b115 g\/m\u00b2<\/td>\n<\/tr>\n<tr>\n<td>Epaisseur<\/td>\n<td class=\"hidden-xs\">NF EN 1849-2<\/td>\n<td>0,40 \u00b10,1 mm<\/td>\n<\/tr>\n<tr>\n<td>Coeff. de r\u00e9sistance diffusion vapeur \u03bc<\/td>\n<td class=\"hidden-xs\">NF EN 1931<\/td>\n<td>18 750<\/td>\n<\/tr>\n<tr>\n<td>Valeur sd<\/td>\n<td class=\"hidden-xs\">NF EN 1931<\/td>\n<td>7,50 \u00b10,25 m<\/td>\n<\/tr>\n<tr>\n<td>Valeur sd hygrovariable<\/td>\n<td class=\"hidden-xs\">NF EN ISO 12572<\/td>\n<td>0,25 &#8211; &gt;25 m<\/td>\n<\/tr>\n<tr>\n<td>Valeur Hydrosafe<\/td>\n<td class=\"hidden-xs\">DIN 68800-2<\/td>\n<td>2,00 m<\/td>\n<\/tr>\n<tr>\n<td>R\u00e9action au feu<\/td>\n<td class=\"hidden-xs\">NF EN 13501-1<\/td>\n<td>Euroclasse E<\/td>\n<\/tr>\n<tr>\n<td>Force de traction max. longit.\/transv.<\/td>\n<td class=\"hidden-xs\">NF EN 13859-1 (A)<\/td>\n<td>350 N\/5 cm \/ 290 N\/5 cm<\/td>\n<\/tr>\n<tr>\n<td>Allongement en traction longit.\/transv.<\/td>\n<td class=\"hidden-xs\">NF EN 13859-1<\/td>\n<td>15 % \/ 15 %<\/td>\n<\/tr>\n<tr>\n<td>R\u00e9sistance \u00e0 la d\u00e9chirure longitud.\/transv.<\/td>\n<td class=\"hidden-xs\">NF EN 13859-1 (B)<\/td>\n<td>200 N \/ 200 N<\/td>\n<\/tr>\n<tr>\n<td>Durabilit\u00e9 apr\u00e8s vieillissement artificiel<\/td>\n<td class=\"hidden-xs\">NF EN 1296 \/ NF EN 1931<\/td>\n<td>r\u00e9ussi<\/td>\n<\/tr>\n<tr>\n<td>R\u00e9sistance \u00e0 la temp\u00e9rature<\/td>\n<td class=\"hidden-xs\"><\/td>\n<td>stable entre -40 \u00b0C et 80 \u00b0C<\/td>\n<\/tr>\n<tr>\n<td>Coefficient thermique<\/td>\n<td class=\"hidden-xs\"><\/td>\n<td>0,17 W\/(m\u00b7K)<\/td>\n<\/tr>\n<tr>\n<td>Etanch\u00e9it\u00e9 \u00e0 l&rsquo;air<\/td>\n<td class=\"hidden-xs\">NF EN 12114<\/td>\n<td>effectu\u00e9<\/td>\n<\/tr>\n<tr>\n<td>Garantie mat\u00e9riel, d\u00e9pos\u00e9e<\/td>\n<td class=\"hidden-xs\">ZVDH<\/td>\n<td>oui<\/td>\n<\/tr>\n<tr>\n<td>Agr\u00e9ment technique g\u00e9n\u00e9ral du DIBt (DE)<\/td>\n<td class=\"hidden-xs\">DIN 68800-2<\/td>\n<td>Z-9.1-853<\/td>\n<\/tr>\n<tr>\n<td>Marquage CE<\/td>\n<td class=\"hidden-xs\">NF EN 13984<\/td>\n<td>existe<\/td>\n<\/tr>\n<\/tbody>\n<\/table>\n<p>&nbsp;<\/p>\n","protected":false},"excerpt":{"rendered":"<p>Frein-va\u00adpeur haute per\u00adform\u00adance avec arma\u00adture pour tous les iso\u00adlants en\u00a0panneaux ou insuffl\u00e9s.<br \/>\nINTELLO Plus est une membrane d\u00e9pendant du climat: en hiver elle est ferm\u00e9e \u00e0 la diffusion, en \u00e9t\u00e9 sa structure mol\u00e9culaire est plus ouverte et permet un s\u00e9chage de la paroi.<\/p>\n","protected":false},"featured_media":1000000166701,"template":"","meta":[],"product_brand":[10191],"product_cat":[11723],"product_tag":[11731],"class_list":{"0":"post-14908","1":"product","2":"type-product","3":"status-publish","4":"has-post-thumbnail","6":"product_brand-proclima","7":"product_cat-etancheite-a-lair","8":"product_tag-pro-clima","9":"product_shipping_class-petit-equipement-outil-eclairage","11":"first","12":"instock","13":"sale","14":"taxable","15":"shipping-taxable","16":"purchasable","17":"product-type-variable"},"yoast_head":"<!-- This site is optimized with the Yoast SEO plugin v27.5 - https:\/\/yoast.com\/product\/yoast-seo-wordpress\/ -->\n<title>Frein-vapeur Hygrovariable arm\u00e9 INTELLO Plus Pro clima - Logisain 44<\/title>\n<meta name=\"description\" content=\"Frein-va\u00adpeur haute per\u00adform\u00adance avec arma\u00adture pour tous les iso\u00adlants en\u00a0panneaux ou insuffl\u00e9s. INTELLO Plus est une membrane d\u00e9pendant du climat: en hiver elle est ferm\u00e9e \u00e0 la diffusion, en \u00e9t\u00e9 sa structure mol\u00e9culaire est plus ouverte et permet un s\u00e9chage de la paroi. Loire-Atlantique\" \/>\n<meta name=\"robots\" content=\"noindex, nofollow\" \/>\n<meta property=\"og:locale\" content=\"fr_FR\" \/>\n<meta property=\"og:type\" content=\"article\" \/>\n<meta property=\"og:title\" content=\"Frein-vapeur Hygrovariable arm\u00e9 INTELLO Plus Pro clima - Logisain 44\" \/>\n<meta property=\"og:description\" content=\"Frein-va\u00adpeur haute per\u00adform\u00adance avec arma\u00adture pour tous les iso\u00adlants en\u00a0panneaux ou insuffl\u00e9s. INTELLO Plus est une membrane d\u00e9pendant du climat: en hiver elle est ferm\u00e9e \u00e0 la diffusion, en \u00e9t\u00e9 sa structure mol\u00e9culaire est plus ouverte et permet un s\u00e9chage de la paroi. Loire-Atlantique\" \/>\n<meta property=\"og:url\" content=\"https:\/\/nature-et-developpement.com\/logisain-44\/produit\/frein-vapeur-hygrovariable-arme-intello-plus-pro-clima\/\" \/>\n<meta property=\"og:site_name\" content=\"Logisain 44\" \/>\n<meta property=\"article:modified_time\" content=\"2026-03-24T23:15:08+00:00\" \/>\n<meta name=\"twitter:card\" content=\"summary_large_image\" \/>\n<meta name=\"twitter:label1\" content=\"Dur\u00e9e de lecture estim\u00e9e\" \/>\n\t<meta name=\"twitter:data1\" content=\"2 minutes\" \/>\n<script type=\"application\/ld+json\" class=\"yoast-schema-graph\">{\"@context\":\"https:\\\/\\\/schema.org\",\"@graph\":[{\"@type\":\"WebPage\",\"@id\":\"https:\\\/\\\/nature-et-developpement.com\\\/logisain-44\\\/produit\\\/frein-vapeur-hygrovariable-arme-intello-plus-pro-clima\\\/\",\"url\":\"https:\\\/\\\/nature-et-developpement.com\\\/logisain-44\\\/produit\\\/frein-vapeur-hygrovariable-arme-intello-plus-pro-clima\\\/\",\"name\":\"Frein-vapeur Hygrovariable arm\u00e9 INTELLO Plus Pro clima - Logisain 44\",\"isPartOf\":{\"@id\":\"https:\\\/\\\/nature-et-developpement.com\\\/logisain-44\\\/#website\"},\"primaryImageOfPage\":{\"@id\":\"https:\\\/\\\/nature-et-developpement.com\\\/logisain-44\\\/produit\\\/frein-vapeur-hygrovariable-arme-intello-plus-pro-clima\\\/#primaryimage\"},\"image\":{\"@id\":\"https:\\\/\\\/nature-et-developpement.com\\\/logisain-44\\\/produit\\\/frein-vapeur-hygrovariable-arme-intello-plus-pro-clima\\\/#primaryimage\"},\"thumbnailUrl\":\"https:\\\/\\\/nature-et-developpement.com\\\/logisain-44\\\/wp-content\\\/uploads\\\/Frein-vapeur-Hygrovariable-arme-INTELLO-Plus-Pro-clima.jpg\",\"datePublished\":\"2016-12-31T23:00:00+00:00\",\"dateModified\":\"2026-03-24T23:15:08+00:00\",\"description\":\"Frein-va\u00adpeur haute per\u00adform\u00adance avec arma\u00adture pour tous les iso\u00adlants en\u00a0panneaux ou insuffl\u00e9s. INTELLO Plus est une membrane d\u00e9pendant du climat: en hiver elle est ferm\u00e9e \u00e0 la diffusion, en \u00e9t\u00e9 sa structure mol\u00e9culaire est plus ouverte et permet un s\u00e9chage de la paroi. Loire-Atlantique\",\"breadcrumb\":{\"@id\":\"https:\\\/\\\/nature-et-developpement.com\\\/logisain-44\\\/produit\\\/frein-vapeur-hygrovariable-arme-intello-plus-pro-clima\\\/#breadcrumb\"},\"inLanguage\":\"fr-FR\",\"potentialAction\":[{\"@type\":\"ReadAction\",\"target\":[\"https:\\\/\\\/nature-et-developpement.com\\\/logisain-44\\\/produit\\\/frein-vapeur-hygrovariable-arme-intello-plus-pro-clima\\\/\"]}]},{\"@type\":\"ImageObject\",\"inLanguage\":\"fr-FR\",\"@id\":\"https:\\\/\\\/nature-et-developpement.com\\\/logisain-44\\\/produit\\\/frein-vapeur-hygrovariable-arme-intello-plus-pro-clima\\\/#primaryimage\",\"url\":\"https:\\\/\\\/nature-et-developpement.com\\\/logisain-44\\\/wp-content\\\/uploads\\\/Frein-vapeur-Hygrovariable-arme-INTELLO-Plus-Pro-clima.jpg\",\"contentUrl\":\"https:\\\/\\\/nature-et-developpement.com\\\/logisain-44\\\/wp-content\\\/uploads\\\/Frein-vapeur-Hygrovariable-arme-INTELLO-Plus-Pro-clima.jpg\"},{\"@type\":\"BreadcrumbList\",\"@id\":\"https:\\\/\\\/nature-et-developpement.com\\\/logisain-44\\\/produit\\\/frein-vapeur-hygrovariable-arme-intello-plus-pro-clima\\\/#breadcrumb\",\"itemListElement\":[{\"@type\":\"ListItem\",\"position\":1,\"name\":\"Accueil\",\"item\":\"https:\\\/\\\/nature-et-developpement.com\\\/logisain-44\\\/\"},{\"@type\":\"ListItem\",\"position\":2,\"name\":\"Produits\",\"item\":\"https:\\\/\\\/nature-et-developpement.com\\\/logisain-44\\\/shop\\\/\"},{\"@type\":\"ListItem\",\"position\":3,\"name\":\"Isolation et \u00e9tanch\u00e9it\u00e9\",\"item\":\"https:\\\/\\\/nature-et-developpement.com\\\/logisain-44\\\/produits\\\/isolation-et-etancheite\\\/\"},{\"@type\":\"ListItem\",\"position\":4,\"name\":\"Etanch\u00e9it\u00e9 \u00e0 l'air\",\"item\":\"https:\\\/\\\/nature-et-developpement.com\\\/logisain-44\\\/produits\\\/isolation-et-etancheite\\\/etancheite-a-lair\\\/\"},{\"@type\":\"ListItem\",\"position\":5,\"name\":\"Frein-vapeur Hygrovariable arm\u00e9 INTELLO Plus Pro clima\"}]},{\"@type\":\"WebSite\",\"@id\":\"https:\\\/\\\/nature-et-developpement.com\\\/logisain-44\\\/#website\",\"url\":\"https:\\\/\\\/nature-et-developpement.com\\\/logisain-44\\\/\",\"name\":\"Logisain 44\",\"description\":\"Logisain 44 est membre du groupement Nature &amp; D\u00e9veloppement\",\"publisher\":{\"@id\":\"https:\\\/\\\/nature-et-developpement.com\\\/logisain-44\\\/#organization\"},\"potentialAction\":[{\"@type\":\"SearchAction\",\"target\":{\"@type\":\"EntryPoint\",\"urlTemplate\":\"https:\\\/\\\/nature-et-developpement.com\\\/logisain-44\\\/?s={search_term_string}\"},\"query-input\":{\"@type\":\"PropertyValueSpecification\",\"valueRequired\":true,\"valueName\":\"search_term_string\"}}],\"inLanguage\":\"fr-FR\"},{\"@type\":\"Organization\",\"@id\":\"https:\\\/\\\/nature-et-developpement.com\\\/logisain-44\\\/#organization\",\"name\":\"Logisain 44\",\"url\":\"https:\\\/\\\/nature-et-developpement.com\\\/logisain-44\\\/\",\"logo\":{\"@type\":\"ImageObject\",\"inLanguage\":\"fr-FR\",\"@id\":\"https:\\\/\\\/nature-et-developpement.com\\\/logisain-44\\\/#\\\/schema\\\/logo\\\/image\\\/\",\"url\":\"https:\\\/\\\/nature-et-developpement.com\\\/logisain-44\\\/wp-content\\\/uploads\\\/sites\\\/4\\\/2021\\\/08\\\/logo-logisain.jpg\",\"contentUrl\":\"https:\\\/\\\/nature-et-developpement.com\\\/logisain-44\\\/wp-content\\\/uploads\\\/sites\\\/4\\\/2021\\\/08\\\/logo-logisain.jpg\",\"width\":672,\"height\":455,\"caption\":\"Logisain 44\"},\"image\":{\"@id\":\"https:\\\/\\\/nature-et-developpement.com\\\/logisain-44\\\/#\\\/schema\\\/logo\\\/image\\\/\"}}]}<\/script>\n<!-- \/ Yoast SEO plugin. -->","yoast_head_json":{"title":"Frein-vapeur Hygrovariable arm\u00e9 INTELLO Plus Pro clima - Logisain 44","description":"Frein-va\u00adpeur haute per\u00adform\u00adance avec arma\u00adture pour tous les iso\u00adlants en\u00a0panneaux ou insuffl\u00e9s. INTELLO Plus est une membrane d\u00e9pendant du climat: en hiver elle est ferm\u00e9e \u00e0 la diffusion, en \u00e9t\u00e9 sa structure mol\u00e9culaire est plus ouverte et permet un s\u00e9chage de la paroi. Loire-Atlantique","robots":{"index":"noindex","follow":"nofollow"},"og_locale":"fr_FR","og_type":"article","og_title":"Frein-vapeur Hygrovariable arm\u00e9 INTELLO Plus Pro clima - Logisain 44","og_description":"Frein-va\u00adpeur haute per\u00adform\u00adance avec arma\u00adture pour tous les iso\u00adlants en\u00a0panneaux ou insuffl\u00e9s. INTELLO Plus est une membrane d\u00e9pendant du climat: en hiver elle est ferm\u00e9e \u00e0 la diffusion, en \u00e9t\u00e9 sa structure mol\u00e9culaire est plus ouverte et permet un s\u00e9chage de la paroi. Loire-Atlantique","og_url":"https:\/\/nature-et-developpement.com\/logisain-44\/produit\/frein-vapeur-hygrovariable-arme-intello-plus-pro-clima\/","og_site_name":"Logisain 44","article_modified_time":"2026-03-24T23:15:08+00:00","twitter_card":"summary_large_image","twitter_misc":{"Dur\u00e9e de lecture estim\u00e9e":"2 minutes"},"schema":{"@context":"https:\/\/schema.org","@graph":[{"@type":"WebPage","@id":"https:\/\/nature-et-developpement.com\/logisain-44\/produit\/frein-vapeur-hygrovariable-arme-intello-plus-pro-clima\/","url":"https:\/\/nature-et-developpement.com\/logisain-44\/produit\/frein-vapeur-hygrovariable-arme-intello-plus-pro-clima\/","name":"Frein-vapeur Hygrovariable arm\u00e9 INTELLO Plus Pro clima - Logisain 44","isPartOf":{"@id":"https:\/\/nature-et-developpement.com\/logisain-44\/#website"},"primaryImageOfPage":{"@id":"https:\/\/nature-et-developpement.com\/logisain-44\/produit\/frein-vapeur-hygrovariable-arme-intello-plus-pro-clima\/#primaryimage"},"image":{"@id":"https:\/\/nature-et-developpement.com\/logisain-44\/produit\/frein-vapeur-hygrovariable-arme-intello-plus-pro-clima\/#primaryimage"},"thumbnailUrl":"https:\/\/nature-et-developpement.com\/logisain-44\/wp-content\/uploads\/Frein-vapeur-Hygrovariable-arme-INTELLO-Plus-Pro-clima.jpg","datePublished":"2016-12-31T23:00:00+00:00","dateModified":"2026-03-24T23:15:08+00:00","description":"Frein-va\u00adpeur haute per\u00adform\u00adance avec arma\u00adture pour tous les iso\u00adlants en\u00a0panneaux ou insuffl\u00e9s. INTELLO Plus est une membrane d\u00e9pendant du climat: en hiver elle est ferm\u00e9e \u00e0 la diffusion, en \u00e9t\u00e9 sa structure mol\u00e9culaire est plus ouverte et permet un s\u00e9chage de la paroi. Loire-Atlantique","breadcrumb":{"@id":"https:\/\/nature-et-developpement.com\/logisain-44\/produit\/frein-vapeur-hygrovariable-arme-intello-plus-pro-clima\/#breadcrumb"},"inLanguage":"fr-FR","potentialAction":[{"@type":"ReadAction","target":["https:\/\/nature-et-developpement.com\/logisain-44\/produit\/frein-vapeur-hygrovariable-arme-intello-plus-pro-clima\/"]}]},{"@type":"ImageObject","inLanguage":"fr-FR","@id":"https:\/\/nature-et-developpement.com\/logisain-44\/produit\/frein-vapeur-hygrovariable-arme-intello-plus-pro-clima\/#primaryimage","url":"https:\/\/nature-et-developpement.com\/logisain-44\/wp-content\/uploads\/Frein-vapeur-Hygrovariable-arme-INTELLO-Plus-Pro-clima.jpg","contentUrl":"https:\/\/nature-et-developpement.com\/logisain-44\/wp-content\/uploads\/Frein-vapeur-Hygrovariable-arme-INTELLO-Plus-Pro-clima.jpg"},{"@type":"BreadcrumbList","@id":"https:\/\/nature-et-developpement.com\/logisain-44\/produit\/frein-vapeur-hygrovariable-arme-intello-plus-pro-clima\/#breadcrumb","itemListElement":[{"@type":"ListItem","position":1,"name":"Accueil","item":"https:\/\/nature-et-developpement.com\/logisain-44\/"},{"@type":"ListItem","position":2,"name":"Produits","item":"https:\/\/nature-et-developpement.com\/logisain-44\/shop\/"},{"@type":"ListItem","position":3,"name":"Isolation et \u00e9tanch\u00e9it\u00e9","item":"https:\/\/nature-et-developpement.com\/logisain-44\/produits\/isolation-et-etancheite\/"},{"@type":"ListItem","position":4,"name":"Etanch\u00e9it\u00e9 \u00e0 l'air","item":"https:\/\/nature-et-developpement.com\/logisain-44\/produits\/isolation-et-etancheite\/etancheite-a-lair\/"},{"@type":"ListItem","position":5,"name":"Frein-vapeur Hygrovariable arm\u00e9 INTELLO Plus Pro clima"}]},{"@type":"WebSite","@id":"https:\/\/nature-et-developpement.com\/logisain-44\/#website","url":"https:\/\/nature-et-developpement.com\/logisain-44\/","name":"Logisain 44","description":"Logisain 44 est membre du groupement Nature &amp; D\u00e9veloppement","publisher":{"@id":"https:\/\/nature-et-developpement.com\/logisain-44\/#organization"},"potentialAction":[{"@type":"SearchAction","target":{"@type":"EntryPoint","urlTemplate":"https:\/\/nature-et-developpement.com\/logisain-44\/?s={search_term_string}"},"query-input":{"@type":"PropertyValueSpecification","valueRequired":true,"valueName":"search_term_string"}}],"inLanguage":"fr-FR"},{"@type":"Organization","@id":"https:\/\/nature-et-developpement.com\/logisain-44\/#organization","name":"Logisain 44","url":"https:\/\/nature-et-developpement.com\/logisain-44\/","logo":{"@type":"ImageObject","inLanguage":"fr-FR","@id":"https:\/\/nature-et-developpement.com\/logisain-44\/#\/schema\/logo\/image\/","url":"https:\/\/nature-et-developpement.com\/logisain-44\/wp-content\/uploads\/sites\/4\/2021\/08\/logo-logisain.jpg","contentUrl":"https:\/\/nature-et-developpement.com\/logisain-44\/wp-content\/uploads\/sites\/4\/2021\/08\/logo-logisain.jpg","width":672,"height":455,"caption":"Logisain 44"},"image":{"@id":"https:\/\/nature-et-developpement.com\/logisain-44\/#\/schema\/logo\/image\/"}}]}},"distributor_meta":false,"distributor_terms":false,"distributor_media":false,"distributor_original_site_name":"Logisain 44","distributor_original_site_url":"https:\/\/nature-et-developpement.com\/logisain-44","push-errors":false,"_links":{"self":[{"href":"https:\/\/nature-et-developpement.com\/logisain-44\/wp-json\/wp\/v2\/product\/14908","targetHints":{"allow":["GET"]}}],"collection":[{"href":"https:\/\/nature-et-developpement.com\/logisain-44\/wp-json\/wp\/v2\/product"}],"about":[{"href":"https:\/\/nature-et-developpement.com\/logisain-44\/wp-json\/wp\/v2\/types\/product"}],"wp:featuredmedia":[{"embeddable":true,"href":"https:\/\/nature-et-developpement.com\/logisain-44\/wp-json\/"}],"wp:attachment":[{"href":"https:\/\/nature-et-developpement.com\/logisain-44\/wp-json\/wp\/v2\/media?parent=14908"}],"wp:term":[{"taxonomy":"product_brand","embeddable":true,"href":"https:\/\/nature-et-developpement.com\/logisain-44\/wp-json\/wp\/v2\/product_brand?post=14908"},{"taxonomy":"product_cat","embeddable":true,"href":"https:\/\/nature-et-developpement.com\/logisain-44\/wp-json\/wp\/v2\/product_cat?post=14908"},{"taxonomy":"product_tag","embeddable":true,"href":"https:\/\/nature-et-developpement.com\/logisain-44\/wp-json\/wp\/v2\/product_tag?post=14908"}],"curies":[{"name":"wp","href":"https:\/\/api.w.org\/{rel}","templated":true}]}}