{"id":15339,"date":"2024-01-01T00:00:00","date_gmt":"2023-12-31T23:00:00","guid":{"rendered":"https:\/\/nature-et-developpement.com\/logisain\/produit\/bonde-devacuation-pour-douche-a-litalienne-fermacell\/"},"modified":"2025-10-23T18:55:05","modified_gmt":"2025-10-23T16:55:05","slug":"bonde-d-evacuation-pour-douche-a-l-italienne-fermacell","status":"publish","type":"product","link":"https:\/\/nature-et-developpement.com\/logisain-44\/produit\/bonde-d-evacuation-pour-douche-a-l-italienne-fermacell\/","title":{"rendered":"Fermacell &#8211; Bonde d&rsquo;\u00e9vacuation pour douche \u00e0 l&rsquo;italienne"},"content":{"rendered":"<p>Les bondes d&rsquo;\u00e9vacuation Fermacell\u00a0Powerpanel sol TE, avec grille de recouvrement en acier inoxydable, ont \u00e9t\u00e9 sp\u00e9cialement d\u00e9velopp\u00e9es pour la dalle de douche \u00e0 l&rsquo;italienne et la dalle d&rsquo;\u00e9vacuation\u00a0fermacell Powerpanel sol TE.<\/p>\n<p>Le syst\u00e8me est disponible dans un mod\u00e8le vertical ou horizontal avec grille m\u00e9tallique 115 x 115 mm.<\/p>\n","protected":false},"excerpt":{"rendered":"<p>Ces bondes d&rsquo;\u00e9vacuation, avec grille de recouvrement en acier inoxydable de 115x115mm, ont \u00e9t\u00e9 sp\u00e9cialement d\u00e9velopp\u00e9es pour la dalle de douche \u00e0 l&rsquo;italienne et la dalle d&rsquo;\u00e9vacuation\u00a0fermacell Powerpanel sol TE.<\/p>\n<p><span style=\"text-decoration: underline\"><strong><span style=\"color: #ff0000;text-decoration: underline\">Ce produit n&rsquo;est plus pr\u00e9sent au catalogue fermacell mais est encore disponible dans certaines boutiques du groupement.<\/span><\/strong><\/span><\/p>\n","protected":false},"featured_media":1000000165945,"template":"","meta":[],"product_brand":[10193],"product_cat":[7388,10292],"product_tag":[],"class_list":{"0":"post-15339","1":"product","2":"type-product","3":"status-publish","4":"has-post-thumbnail","6":"product_brand-fermacell","7":"product_cat-accessoires-construction","8":"product_cat-demande-de-devis-uniquement-sans-prix","9":"product_shipping_class-petit-equipement-outil-eclairage","11":"first","12":"instock","13":"taxable","14":"shipping-taxable","15":"purchasable","16":"product-type-variable"},"yoast_head":"<!-- This site is optimized with the Yoast SEO plugin v27.5 - https:\/\/yoast.com\/product\/yoast-seo-wordpress\/ -->\n<title>Fermacell - Bonde d&#039;\u00e9vacuation pour douche \u00e0 l&#039;italienne - Logisain 44<\/title>\n<meta name=\"description\" content=\"Ces bondes d&#039;\u00e9vacuation, avec grille de recouvrement en acier inoxydable de 115x115mm, ont \u00e9t\u00e9 sp\u00e9cialement d\u00e9velopp\u00e9es pour la dalle de douche \u00e0 l&#039;italienne et la dalle d&#039;\u00e9vacuation\u00a0fermacell Powerpanel sol TE.  Ce produit n&#039;est plus pr\u00e9sent au catalogue fermacell mais est encore disponible dans certaines boutiques du groupement. Loire-Atlantique\" \/>\n<meta name=\"robots\" content=\"noindex, nofollow\" \/>\n<meta property=\"og:locale\" content=\"fr_FR\" \/>\n<meta property=\"og:type\" content=\"article\" \/>\n<meta property=\"og:title\" content=\"Fermacell - Bonde d&#039;\u00e9vacuation pour douche \u00e0 l&#039;italienne - Logisain 44\" \/>\n<meta property=\"og:description\" content=\"Ces bondes d&#039;\u00e9vacuation, avec grille de recouvrement en acier inoxydable de 115x115mm, ont \u00e9t\u00e9 sp\u00e9cialement d\u00e9velopp\u00e9es pour la dalle de douche \u00e0 l&#039;italienne et la dalle d&#039;\u00e9vacuation\u00a0fermacell Powerpanel sol TE.  Ce produit n&#039;est plus pr\u00e9sent au catalogue fermacell mais est encore disponible dans certaines boutiques du groupement. Loire-Atlantique\" \/>\n<meta property=\"og:url\" content=\"https:\/\/nature-et-developpement.com\/logisain-44\/produit\/bonde-d-evacuation-pour-douche-a-l-italienne-fermacell\/\" \/>\n<meta property=\"og:site_name\" content=\"Logisain 44\" \/>\n<meta property=\"article:modified_time\" content=\"2025-10-23T16:55:05+00:00\" \/>\n<meta name=\"twitter:card\" content=\"summary_large_image\" \/>\n<script type=\"application\/ld+json\" class=\"yoast-schema-graph\">{\"@context\":\"https:\\\/\\\/schema.org\",\"@graph\":[{\"@type\":\"WebPage\",\"@id\":\"https:\\\/\\\/nature-et-developpement.com\\\/logisain-44\\\/produit\\\/bonde-d-evacuation-pour-douche-a-l-italienne-fermacell\\\/\",\"url\":\"https:\\\/\\\/nature-et-developpement.com\\\/logisain-44\\\/produit\\\/bonde-d-evacuation-pour-douche-a-l-italienne-fermacell\\\/\",\"name\":\"Fermacell - Bonde d'\u00e9vacuation pour douche \u00e0 l'italienne - Logisain 44\",\"isPartOf\":{\"@id\":\"https:\\\/\\\/nature-et-developpement.com\\\/logisain-44\\\/#website\"},\"primaryImageOfPage\":{\"@id\":\"https:\\\/\\\/nature-et-developpement.com\\\/logisain-44\\\/produit\\\/bonde-d-evacuation-pour-douche-a-l-italienne-fermacell\\\/#primaryimage\"},\"image\":{\"@id\":\"https:\\\/\\\/nature-et-developpement.com\\\/logisain-44\\\/produit\\\/bonde-d-evacuation-pour-douche-a-l-italienne-fermacell\\\/#primaryimage\"},\"thumbnailUrl\":\"https:\\\/\\\/nature-et-developpement.com\\\/logisain-44\\\/wp-content\\\/uploads\\\/Bonde-devacuation-horizontale-pour-douche-a-litalienne-fermacell-et-carrelage-79246.jpg\",\"datePublished\":\"2023-12-31T23:00:00+00:00\",\"dateModified\":\"2025-10-23T16:55:05+00:00\",\"description\":\"Ces bondes d'\u00e9vacuation, avec grille de recouvrement en acier inoxydable de 115x115mm, ont \u00e9t\u00e9 sp\u00e9cialement d\u00e9velopp\u00e9es pour la dalle de douche \u00e0 l'italienne et la dalle d'\u00e9vacuation\u00a0fermacell Powerpanel sol TE. Ce produit n'est plus pr\u00e9sent au catalogue fermacell mais est encore disponible dans certaines boutiques du groupement. Loire-Atlantique\",\"breadcrumb\":{\"@id\":\"https:\\\/\\\/nature-et-developpement.com\\\/logisain-44\\\/produit\\\/bonde-d-evacuation-pour-douche-a-l-italienne-fermacell\\\/#breadcrumb\"},\"inLanguage\":\"fr-FR\",\"potentialAction\":[{\"@type\":\"ReadAction\",\"target\":[\"https:\\\/\\\/nature-et-developpement.com\\\/logisain-44\\\/produit\\\/bonde-d-evacuation-pour-douche-a-l-italienne-fermacell\\\/\"]}]},{\"@type\":\"ImageObject\",\"inLanguage\":\"fr-FR\",\"@id\":\"https:\\\/\\\/nature-et-developpement.com\\\/logisain-44\\\/produit\\\/bonde-d-evacuation-pour-douche-a-l-italienne-fermacell\\\/#primaryimage\",\"url\":\"https:\\\/\\\/nature-et-developpement.com\\\/logisain-44\\\/wp-content\\\/uploads\\\/Bonde-devacuation-horizontale-pour-douche-a-litalienne-fermacell-et-carrelage-79246.jpg\",\"contentUrl\":\"https:\\\/\\\/nature-et-developpement.com\\\/logisain-44\\\/wp-content\\\/uploads\\\/Bonde-devacuation-horizontale-pour-douche-a-litalienne-fermacell-et-carrelage-79246.jpg\"},{\"@type\":\"BreadcrumbList\",\"@id\":\"https:\\\/\\\/nature-et-developpement.com\\\/logisain-44\\\/produit\\\/bonde-d-evacuation-pour-douche-a-l-italienne-fermacell\\\/#breadcrumb\",\"itemListElement\":[{\"@type\":\"ListItem\",\"position\":1,\"name\":\"Accueil\",\"item\":\"https:\\\/\\\/nature-et-developpement.com\\\/logisain-44\\\/\"},{\"@type\":\"ListItem\",\"position\":2,\"name\":\"Produits\",\"item\":\"https:\\\/\\\/nature-et-developpement.com\\\/logisain-44\\\/shop\\\/\"},{\"@type\":\"ListItem\",\"position\":3,\"name\":\"Construction, cloison et fen\u00eatres\",\"item\":\"https:\\\/\\\/nature-et-developpement.com\\\/logisain-44\\\/produits\\\/construction\\\/\"},{\"@type\":\"ListItem\",\"position\":4,\"name\":\"Accessoires construction\",\"item\":\"https:\\\/\\\/nature-et-developpement.com\\\/logisain-44\\\/produits\\\/construction\\\/accessoires-construction\\\/\"},{\"@type\":\"ListItem\",\"position\":5,\"name\":\"Fermacell &#8211; Bonde d&rsquo;\u00e9vacuation pour douche \u00e0 l&rsquo;italienne\"}]},{\"@type\":\"WebSite\",\"@id\":\"https:\\\/\\\/nature-et-developpement.com\\\/logisain-44\\\/#website\",\"url\":\"https:\\\/\\\/nature-et-developpement.com\\\/logisain-44\\\/\",\"name\":\"Logisain 44\",\"description\":\"Logisain 44 est membre du groupement Nature &amp; D\u00e9veloppement\",\"publisher\":{\"@id\":\"https:\\\/\\\/nature-et-developpement.com\\\/logisain-44\\\/#organization\"},\"potentialAction\":[{\"@type\":\"SearchAction\",\"target\":{\"@type\":\"EntryPoint\",\"urlTemplate\":\"https:\\\/\\\/nature-et-developpement.com\\\/logisain-44\\\/?s={search_term_string}\"},\"query-input\":{\"@type\":\"PropertyValueSpecification\",\"valueRequired\":true,\"valueName\":\"search_term_string\"}}],\"inLanguage\":\"fr-FR\"},{\"@type\":\"Organization\",\"@id\":\"https:\\\/\\\/nature-et-developpement.com\\\/logisain-44\\\/#organization\",\"name\":\"Logisain 44\",\"url\":\"https:\\\/\\\/nature-et-developpement.com\\\/logisain-44\\\/\",\"logo\":{\"@type\":\"ImageObject\",\"inLanguage\":\"fr-FR\",\"@id\":\"https:\\\/\\\/nature-et-developpement.com\\\/logisain-44\\\/#\\\/schema\\\/logo\\\/image\\\/\",\"url\":\"https:\\\/\\\/nature-et-developpement.com\\\/logisain-44\\\/wp-content\\\/uploads\\\/sites\\\/4\\\/2021\\\/08\\\/logo-logisain.jpg\",\"contentUrl\":\"https:\\\/\\\/nature-et-developpement.com\\\/logisain-44\\\/wp-content\\\/uploads\\\/sites\\\/4\\\/2021\\\/08\\\/logo-logisain.jpg\",\"width\":672,\"height\":455,\"caption\":\"Logisain 44\"},\"image\":{\"@id\":\"https:\\\/\\\/nature-et-developpement.com\\\/logisain-44\\\/#\\\/schema\\\/logo\\\/image\\\/\"}}]}<\/script>\n<!-- \/ Yoast SEO plugin. -->","yoast_head_json":{"title":"Fermacell - Bonde d'\u00e9vacuation pour douche \u00e0 l'italienne - Logisain 44","description":"Ces bondes d'\u00e9vacuation, avec grille de recouvrement en acier inoxydable de 115x115mm, ont \u00e9t\u00e9 sp\u00e9cialement d\u00e9velopp\u00e9es pour la dalle de douche \u00e0 l'italienne et la dalle d'\u00e9vacuation\u00a0fermacell Powerpanel sol TE.  Ce produit n'est plus pr\u00e9sent au catalogue fermacell mais est encore disponible dans certaines boutiques du groupement. Loire-Atlantique","robots":{"index":"noindex","follow":"nofollow"},"og_locale":"fr_FR","og_type":"article","og_title":"Fermacell - Bonde d'\u00e9vacuation pour douche \u00e0 l'italienne - Logisain 44","og_description":"Ces bondes d'\u00e9vacuation, avec grille de recouvrement en acier inoxydable de 115x115mm, ont \u00e9t\u00e9 sp\u00e9cialement d\u00e9velopp\u00e9es pour la dalle de douche \u00e0 l'italienne et la dalle d'\u00e9vacuation\u00a0fermacell Powerpanel sol TE.  Ce produit n'est plus pr\u00e9sent au catalogue fermacell mais est encore disponible dans certaines boutiques du groupement. Loire-Atlantique","og_url":"https:\/\/nature-et-developpement.com\/logisain-44\/produit\/bonde-d-evacuation-pour-douche-a-l-italienne-fermacell\/","og_site_name":"Logisain 44","article_modified_time":"2025-10-23T16:55:05+00:00","twitter_card":"summary_large_image","schema":{"@context":"https:\/\/schema.org","@graph":[{"@type":"WebPage","@id":"https:\/\/nature-et-developpement.com\/logisain-44\/produit\/bonde-d-evacuation-pour-douche-a-l-italienne-fermacell\/","url":"https:\/\/nature-et-developpement.com\/logisain-44\/produit\/bonde-d-evacuation-pour-douche-a-l-italienne-fermacell\/","name":"Fermacell - Bonde d'\u00e9vacuation pour douche \u00e0 l'italienne - Logisain 44","isPartOf":{"@id":"https:\/\/nature-et-developpement.com\/logisain-44\/#website"},"primaryImageOfPage":{"@id":"https:\/\/nature-et-developpement.com\/logisain-44\/produit\/bonde-d-evacuation-pour-douche-a-l-italienne-fermacell\/#primaryimage"},"image":{"@id":"https:\/\/nature-et-developpement.com\/logisain-44\/produit\/bonde-d-evacuation-pour-douche-a-l-italienne-fermacell\/#primaryimage"},"thumbnailUrl":"https:\/\/nature-et-developpement.com\/logisain-44\/wp-content\/uploads\/Bonde-devacuation-horizontale-pour-douche-a-litalienne-fermacell-et-carrelage-79246.jpg","datePublished":"2023-12-31T23:00:00+00:00","dateModified":"2025-10-23T16:55:05+00:00","description":"Ces bondes d'\u00e9vacuation, avec grille de recouvrement en acier inoxydable de 115x115mm, ont \u00e9t\u00e9 sp\u00e9cialement d\u00e9velopp\u00e9es pour la dalle de douche \u00e0 l'italienne et la dalle d'\u00e9vacuation\u00a0fermacell Powerpanel sol TE. Ce produit n'est plus pr\u00e9sent au catalogue fermacell mais est encore disponible dans certaines boutiques du groupement. Loire-Atlantique","breadcrumb":{"@id":"https:\/\/nature-et-developpement.com\/logisain-44\/produit\/bonde-d-evacuation-pour-douche-a-l-italienne-fermacell\/#breadcrumb"},"inLanguage":"fr-FR","potentialAction":[{"@type":"ReadAction","target":["https:\/\/nature-et-developpement.com\/logisain-44\/produit\/bonde-d-evacuation-pour-douche-a-l-italienne-fermacell\/"]}]},{"@type":"ImageObject","inLanguage":"fr-FR","@id":"https:\/\/nature-et-developpement.com\/logisain-44\/produit\/bonde-d-evacuation-pour-douche-a-l-italienne-fermacell\/#primaryimage","url":"https:\/\/nature-et-developpement.com\/logisain-44\/wp-content\/uploads\/Bonde-devacuation-horizontale-pour-douche-a-litalienne-fermacell-et-carrelage-79246.jpg","contentUrl":"https:\/\/nature-et-developpement.com\/logisain-44\/wp-content\/uploads\/Bonde-devacuation-horizontale-pour-douche-a-litalienne-fermacell-et-carrelage-79246.jpg"},{"@type":"BreadcrumbList","@id":"https:\/\/nature-et-developpement.com\/logisain-44\/produit\/bonde-d-evacuation-pour-douche-a-l-italienne-fermacell\/#breadcrumb","itemListElement":[{"@type":"ListItem","position":1,"name":"Accueil","item":"https:\/\/nature-et-developpement.com\/logisain-44\/"},{"@type":"ListItem","position":2,"name":"Produits","item":"https:\/\/nature-et-developpement.com\/logisain-44\/shop\/"},{"@type":"ListItem","position":3,"name":"Construction, cloison et fen\u00eatres","item":"https:\/\/nature-et-developpement.com\/logisain-44\/produits\/construction\/"},{"@type":"ListItem","position":4,"name":"Accessoires construction","item":"https:\/\/nature-et-developpement.com\/logisain-44\/produits\/construction\/accessoires-construction\/"},{"@type":"ListItem","position":5,"name":"Fermacell &#8211; Bonde d&rsquo;\u00e9vacuation pour douche \u00e0 l&rsquo;italienne"}]},{"@type":"WebSite","@id":"https:\/\/nature-et-developpement.com\/logisain-44\/#website","url":"https:\/\/nature-et-developpement.com\/logisain-44\/","name":"Logisain 44","description":"Logisain 44 est membre du groupement Nature &amp; D\u00e9veloppement","publisher":{"@id":"https:\/\/nature-et-developpement.com\/logisain-44\/#organization"},"potentialAction":[{"@type":"SearchAction","target":{"@type":"EntryPoint","urlTemplate":"https:\/\/nature-et-developpement.com\/logisain-44\/?s={search_term_string}"},"query-input":{"@type":"PropertyValueSpecification","valueRequired":true,"valueName":"search_term_string"}}],"inLanguage":"fr-FR"},{"@type":"Organization","@id":"https:\/\/nature-et-developpement.com\/logisain-44\/#organization","name":"Logisain 44","url":"https:\/\/nature-et-developpement.com\/logisain-44\/","logo":{"@type":"ImageObject","inLanguage":"fr-FR","@id":"https:\/\/nature-et-developpement.com\/logisain-44\/#\/schema\/logo\/image\/","url":"https:\/\/nature-et-developpement.com\/logisain-44\/wp-content\/uploads\/sites\/4\/2021\/08\/logo-logisain.jpg","contentUrl":"https:\/\/nature-et-developpement.com\/logisain-44\/wp-content\/uploads\/sites\/4\/2021\/08\/logo-logisain.jpg","width":672,"height":455,"caption":"Logisain 44"},"image":{"@id":"https:\/\/nature-et-developpement.com\/logisain-44\/#\/schema\/logo\/image\/"}}]}},"distributor_meta":false,"distributor_terms":false,"distributor_media":false,"distributor_original_site_name":"Logisain 44","distributor_original_site_url":"https:\/\/nature-et-developpement.com\/logisain-44","push-errors":false,"_links":{"self":[{"href":"https:\/\/nature-et-developpement.com\/logisain-44\/wp-json\/wp\/v2\/product\/15339","targetHints":{"allow":["GET"]}}],"collection":[{"href":"https:\/\/nature-et-developpement.com\/logisain-44\/wp-json\/wp\/v2\/product"}],"about":[{"href":"https:\/\/nature-et-developpement.com\/logisain-44\/wp-json\/wp\/v2\/types\/product"}],"wp:featuredmedia":[{"embeddable":true,"href":"https:\/\/nature-et-developpement.com\/logisain-44\/wp-json\/"}],"wp:attachment":[{"href":"https:\/\/nature-et-developpement.com\/logisain-44\/wp-json\/wp\/v2\/media?parent=15339"}],"wp:term":[{"taxonomy":"product_brand","embeddable":true,"href":"https:\/\/nature-et-developpement.com\/logisain-44\/wp-json\/wp\/v2\/product_brand?post=15339"},{"taxonomy":"product_cat","embeddable":true,"href":"https:\/\/nature-et-developpement.com\/logisain-44\/wp-json\/wp\/v2\/product_cat?post=15339"},{"taxonomy":"product_tag","embeddable":true,"href":"https:\/\/nature-et-developpement.com\/logisain-44\/wp-json\/wp\/v2\/product_tag?post=15339"}],"curies":[{"name":"wp","href":"https:\/\/api.w.org\/{rel}","templated":true}]}}