{"id":15984,"date":"2017-01-01T00:00:00","date_gmt":"2016-12-31T23:00:00","guid":{"rendered":"https:\/\/nature-et-developpement.com\/logisain\/produit\/kit-plancher-chauffant-20mm-caleosol-tradi-eco\/"},"modified":"2025-06-12T15:01:44","modified_gmt":"2025-06-12T13:01:44","slug":"kit-plancher-chauffant-20mm-tradi-eco-caleosol","status":"publish","type":"product","link":"https:\/\/nature-et-developpement.com\/logisain-44\/produit\/kit-plancher-chauffant-20mm-tradi-eco-caleosol\/","title":{"rendered":"KIT PLANCHER CHAUFFANT 20mm TRADI ECO+ Cale\u00f4Sol"},"content":{"rendered":"<h4>Composition kit plancher chauffant Caleosol ECO+ 20mm\u00a0&#8211; Kit complet:<\/h4>\n<ul>\n<li>Isolant thermique fibre de bois insonorisant 180kpa Nature+<\/li>\n<li>Plaques droites: 108cm x 60cm<\/li>\n<li>Retours: 15cm x 120cm (\u00e9pingle simple) et 30cm x 120 cm (\u00e9pingle + retour)<\/li>\n<li>R\u00e9flecteurs aluminium haute qualit\u00e9 de 0,5mm d&rsquo;\u00e9paisseur<\/li>\n<li>Tuyau PERT 16mm sp\u00e9cial plancher sec (5,5m par m\u00b2)<\/li>\n<li>Raccords \u00e0 compression pour nourrice<\/li>\n<\/ul>\n","protected":false},"excerpt":{"rendered":"<p>20mm, pas de 20cm, avec tuyau PERT et raccords<\/p>\n<p>&#8211; Isolation phonique NATURE+<br \/>\n&#8211; Pose directe parquet flottant<br \/>\n&#8211; Parquet coll\u00e9, dalles PVS sur chape s\u00e8che\u00a0CaleoDur F 12,5mm<br \/>\n&#8211; Carrelage: Fermacell 20mm ou Thermio+ 25mm<br \/>\n&#8211; Insonorisant<br \/>\n&#8211; Jusqu\u2019\u00e0\u00a0161w\/m\u00b2<br \/>\n&#8211; Rafra\u00eechissant<\/p>\n","protected":false},"featured_media":1000000168786,"template":"","meta":[],"product_brand":[10230],"product_cat":[10292,10711],"product_tag":[],"class_list":{"0":"post-15984","1":"product","2":"type-product","3":"status-publish","4":"has-post-thumbnail","6":"product_brand-caleosol","7":"product_cat-demande-de-devis-uniquement-sans-prix","8":"product_cat-radiateur-plancher-chauffant","9":"product_shipping_class-impact-transport-important","11":"first","12":"onbackorder","13":"taxable","14":"shipping-taxable","15":"purchasable","16":"product-type-variable"},"yoast_head":"<!-- This site is optimized with the Yoast SEO plugin v27.5 - https:\/\/yoast.com\/product\/yoast-seo-wordpress\/ -->\n<title>KIT PLANCHER CHAUFFANT 20mm TRADI ECO+ Cale\u00f4Sol - Logisain 44<\/title>\n<meta name=\"description\" content=\"20mm, pas de 20cm, avec tuyau PERT et raccords  - Isolation phonique NATURE+ - Pose directe parquet flottant - Parquet coll\u00e9, dalles PVS sur chape s\u00e8che\u00a0CaleoDur F 12,5mm - Carrelage: Fermacell 20mm ou Thermio+ 25mm - Insonorisant - Jusqu\u2019\u00e0\u00a0161w\/m\u00b2 - Rafra\u00eechissant Loire-Atlantique\" \/>\n<meta name=\"robots\" content=\"noindex, follow\" \/>\n<meta property=\"og:locale\" content=\"fr_FR\" \/>\n<meta property=\"og:type\" content=\"article\" \/>\n<meta property=\"og:title\" content=\"KIT PLANCHER CHAUFFANT 20mm TRADI ECO+ Cale\u00f4Sol - Logisain 44\" \/>\n<meta property=\"og:description\" content=\"20mm, pas de 20cm, avec tuyau PERT et raccords  - Isolation phonique NATURE+ - Pose directe parquet flottant - Parquet coll\u00e9, dalles PVS sur chape s\u00e8che\u00a0CaleoDur F 12,5mm - Carrelage: Fermacell 20mm ou Thermio+ 25mm - Insonorisant - Jusqu\u2019\u00e0\u00a0161w\/m\u00b2 - Rafra\u00eechissant Loire-Atlantique\" \/>\n<meta property=\"og:url\" content=\"https:\/\/nature-et-developpement.com\/logisain-44\/produit\/kit-plancher-chauffant-20mm-tradi-eco-caleosol\/\" \/>\n<meta property=\"og:site_name\" content=\"Logisain 44\" \/>\n<meta property=\"article:modified_time\" content=\"2025-06-12T13:01:44+00:00\" \/>\n<meta name=\"twitter:card\" content=\"summary_large_image\" \/>\n<script type=\"application\/ld+json\" class=\"yoast-schema-graph\">{\"@context\":\"https:\\\/\\\/schema.org\",\"@graph\":[{\"@type\":\"WebPage\",\"@id\":\"https:\\\/\\\/nature-et-developpement.com\\\/logisain-44\\\/produit\\\/kit-plancher-chauffant-20mm-tradi-eco-caleosol\\\/\",\"url\":\"https:\\\/\\\/nature-et-developpement.com\\\/logisain-44\\\/produit\\\/kit-plancher-chauffant-20mm-tradi-eco-caleosol\\\/\",\"name\":\"KIT PLANCHER CHAUFFANT 20mm TRADI ECO+ Cale\u00f4Sol - Logisain 44\",\"isPartOf\":{\"@id\":\"https:\\\/\\\/nature-et-developpement.com\\\/logisain-44\\\/#website\"},\"primaryImageOfPage\":{\"@id\":\"https:\\\/\\\/nature-et-developpement.com\\\/logisain-44\\\/produit\\\/kit-plancher-chauffant-20mm-tradi-eco-caleosol\\\/#primaryimage\"},\"image\":{\"@id\":\"https:\\\/\\\/nature-et-developpement.com\\\/logisain-44\\\/produit\\\/kit-plancher-chauffant-20mm-tradi-eco-caleosol\\\/#primaryimage\"},\"thumbnailUrl\":\"https:\\\/\\\/nature-et-developpement.com\\\/logisain-44\\\/wp-content\\\/uploads\\\/KIT-PLANCHER-CHAUFFANT-20mm-CaleoSol-TRADI-ECO.jpg\",\"datePublished\":\"2016-12-31T23:00:00+00:00\",\"dateModified\":\"2025-06-12T13:01:44+00:00\",\"description\":\"20mm, pas de 20cm, avec tuyau PERT et raccords - Isolation phonique NATURE+ - Pose directe parquet flottant - Parquet coll\u00e9, dalles PVS sur chape s\u00e8che\u00a0CaleoDur F 12,5mm - Carrelage: Fermacell 20mm ou Thermio+ 25mm - Insonorisant - Jusqu\u2019\u00e0\u00a0161w\\\/m\u00b2 - Rafra\u00eechissant Loire-Atlantique\",\"breadcrumb\":{\"@id\":\"https:\\\/\\\/nature-et-developpement.com\\\/logisain-44\\\/produit\\\/kit-plancher-chauffant-20mm-tradi-eco-caleosol\\\/#breadcrumb\"},\"inLanguage\":\"fr-FR\",\"potentialAction\":[{\"@type\":\"ReadAction\",\"target\":[\"https:\\\/\\\/nature-et-developpement.com\\\/logisain-44\\\/produit\\\/kit-plancher-chauffant-20mm-tradi-eco-caleosol\\\/\"]}]},{\"@type\":\"ImageObject\",\"inLanguage\":\"fr-FR\",\"@id\":\"https:\\\/\\\/nature-et-developpement.com\\\/logisain-44\\\/produit\\\/kit-plancher-chauffant-20mm-tradi-eco-caleosol\\\/#primaryimage\",\"url\":\"https:\\\/\\\/nature-et-developpement.com\\\/logisain-44\\\/wp-content\\\/uploads\\\/KIT-PLANCHER-CHAUFFANT-20mm-CaleoSol-TRADI-ECO.jpg\",\"contentUrl\":\"https:\\\/\\\/nature-et-developpement.com\\\/logisain-44\\\/wp-content\\\/uploads\\\/KIT-PLANCHER-CHAUFFANT-20mm-CaleoSol-TRADI-ECO.jpg\"},{\"@type\":\"BreadcrumbList\",\"@id\":\"https:\\\/\\\/nature-et-developpement.com\\\/logisain-44\\\/produit\\\/kit-plancher-chauffant-20mm-tradi-eco-caleosol\\\/#breadcrumb\",\"itemListElement\":[{\"@type\":\"ListItem\",\"position\":1,\"name\":\"Accueil\",\"item\":\"https:\\\/\\\/nature-et-developpement.com\\\/logisain-44\\\/\"},{\"@type\":\"ListItem\",\"position\":2,\"name\":\"Produits\",\"item\":\"https:\\\/\\\/nature-et-developpement.com\\\/logisain-44\\\/shop\\\/\"},{\"@type\":\"ListItem\",\"position\":3,\"name\":\"Chauffage, eau et \u00e9nergie\",\"item\":\"https:\\\/\\\/nature-et-developpement.com\\\/logisain-44\\\/produits\\\/energie-et-ventilation\\\/\"},{\"@type\":\"ListItem\",\"position\":4,\"name\":\"Radiateur, plancher et mur chauffant\",\"item\":\"https:\\\/\\\/nature-et-developpement.com\\\/logisain-44\\\/produits\\\/energie-et-ventilation\\\/radiateur-plancher-chauffant\\\/\"},{\"@type\":\"ListItem\",\"position\":5,\"name\":\"KIT PLANCHER CHAUFFANT 20mm TRADI ECO+ Cale\u00f4Sol\"}]},{\"@type\":\"WebSite\",\"@id\":\"https:\\\/\\\/nature-et-developpement.com\\\/logisain-44\\\/#website\",\"url\":\"https:\\\/\\\/nature-et-developpement.com\\\/logisain-44\\\/\",\"name\":\"Logisain 44\",\"description\":\"Logisain 44 est membre du groupement Nature &amp; D\u00e9veloppement\",\"publisher\":{\"@id\":\"https:\\\/\\\/nature-et-developpement.com\\\/logisain-44\\\/#organization\"},\"potentialAction\":[{\"@type\":\"SearchAction\",\"target\":{\"@type\":\"EntryPoint\",\"urlTemplate\":\"https:\\\/\\\/nature-et-developpement.com\\\/logisain-44\\\/?s={search_term_string}\"},\"query-input\":{\"@type\":\"PropertyValueSpecification\",\"valueRequired\":true,\"valueName\":\"search_term_string\"}}],\"inLanguage\":\"fr-FR\"},{\"@type\":\"Organization\",\"@id\":\"https:\\\/\\\/nature-et-developpement.com\\\/logisain-44\\\/#organization\",\"name\":\"Logisain 44\",\"url\":\"https:\\\/\\\/nature-et-developpement.com\\\/logisain-44\\\/\",\"logo\":{\"@type\":\"ImageObject\",\"inLanguage\":\"fr-FR\",\"@id\":\"https:\\\/\\\/nature-et-developpement.com\\\/logisain-44\\\/#\\\/schema\\\/logo\\\/image\\\/\",\"url\":\"https:\\\/\\\/nature-et-developpement.com\\\/logisain-44\\\/wp-content\\\/uploads\\\/sites\\\/4\\\/2021\\\/08\\\/logo-logisain.jpg\",\"contentUrl\":\"https:\\\/\\\/nature-et-developpement.com\\\/logisain-44\\\/wp-content\\\/uploads\\\/sites\\\/4\\\/2021\\\/08\\\/logo-logisain.jpg\",\"width\":672,\"height\":455,\"caption\":\"Logisain 44\"},\"image\":{\"@id\":\"https:\\\/\\\/nature-et-developpement.com\\\/logisain-44\\\/#\\\/schema\\\/logo\\\/image\\\/\"}}]}<\/script>\n<!-- \/ Yoast SEO plugin. -->","yoast_head_json":{"title":"KIT PLANCHER CHAUFFANT 20mm TRADI ECO+ Cale\u00f4Sol - Logisain 44","description":"20mm, pas de 20cm, avec tuyau PERT et raccords  - Isolation phonique NATURE+ - Pose directe parquet flottant - Parquet coll\u00e9, dalles PVS sur chape s\u00e8che\u00a0CaleoDur F 12,5mm - Carrelage: Fermacell 20mm ou Thermio+ 25mm - Insonorisant - Jusqu\u2019\u00e0\u00a0161w\/m\u00b2 - Rafra\u00eechissant Loire-Atlantique","robots":{"index":"noindex","follow":"follow"},"og_locale":"fr_FR","og_type":"article","og_title":"KIT PLANCHER CHAUFFANT 20mm TRADI ECO+ Cale\u00f4Sol - Logisain 44","og_description":"20mm, pas de 20cm, avec tuyau PERT et raccords  - Isolation phonique NATURE+ - Pose directe parquet flottant - Parquet coll\u00e9, dalles PVS sur chape s\u00e8che\u00a0CaleoDur F 12,5mm - Carrelage: Fermacell 20mm ou Thermio+ 25mm - Insonorisant - Jusqu\u2019\u00e0\u00a0161w\/m\u00b2 - Rafra\u00eechissant Loire-Atlantique","og_url":"https:\/\/nature-et-developpement.com\/logisain-44\/produit\/kit-plancher-chauffant-20mm-tradi-eco-caleosol\/","og_site_name":"Logisain 44","article_modified_time":"2025-06-12T13:01:44+00:00","twitter_card":"summary_large_image","schema":{"@context":"https:\/\/schema.org","@graph":[{"@type":"WebPage","@id":"https:\/\/nature-et-developpement.com\/logisain-44\/produit\/kit-plancher-chauffant-20mm-tradi-eco-caleosol\/","url":"https:\/\/nature-et-developpement.com\/logisain-44\/produit\/kit-plancher-chauffant-20mm-tradi-eco-caleosol\/","name":"KIT PLANCHER CHAUFFANT 20mm TRADI ECO+ Cale\u00f4Sol - Logisain 44","isPartOf":{"@id":"https:\/\/nature-et-developpement.com\/logisain-44\/#website"},"primaryImageOfPage":{"@id":"https:\/\/nature-et-developpement.com\/logisain-44\/produit\/kit-plancher-chauffant-20mm-tradi-eco-caleosol\/#primaryimage"},"image":{"@id":"https:\/\/nature-et-developpement.com\/logisain-44\/produit\/kit-plancher-chauffant-20mm-tradi-eco-caleosol\/#primaryimage"},"thumbnailUrl":"https:\/\/nature-et-developpement.com\/logisain-44\/wp-content\/uploads\/KIT-PLANCHER-CHAUFFANT-20mm-CaleoSol-TRADI-ECO.jpg","datePublished":"2016-12-31T23:00:00+00:00","dateModified":"2025-06-12T13:01:44+00:00","description":"20mm, pas de 20cm, avec tuyau PERT et raccords - Isolation phonique NATURE+ - Pose directe parquet flottant - Parquet coll\u00e9, dalles PVS sur chape s\u00e8che\u00a0CaleoDur F 12,5mm - Carrelage: Fermacell 20mm ou Thermio+ 25mm - Insonorisant - Jusqu\u2019\u00e0\u00a0161w\/m\u00b2 - Rafra\u00eechissant Loire-Atlantique","breadcrumb":{"@id":"https:\/\/nature-et-developpement.com\/logisain-44\/produit\/kit-plancher-chauffant-20mm-tradi-eco-caleosol\/#breadcrumb"},"inLanguage":"fr-FR","potentialAction":[{"@type":"ReadAction","target":["https:\/\/nature-et-developpement.com\/logisain-44\/produit\/kit-plancher-chauffant-20mm-tradi-eco-caleosol\/"]}]},{"@type":"ImageObject","inLanguage":"fr-FR","@id":"https:\/\/nature-et-developpement.com\/logisain-44\/produit\/kit-plancher-chauffant-20mm-tradi-eco-caleosol\/#primaryimage","url":"https:\/\/nature-et-developpement.com\/logisain-44\/wp-content\/uploads\/KIT-PLANCHER-CHAUFFANT-20mm-CaleoSol-TRADI-ECO.jpg","contentUrl":"https:\/\/nature-et-developpement.com\/logisain-44\/wp-content\/uploads\/KIT-PLANCHER-CHAUFFANT-20mm-CaleoSol-TRADI-ECO.jpg"},{"@type":"BreadcrumbList","@id":"https:\/\/nature-et-developpement.com\/logisain-44\/produit\/kit-plancher-chauffant-20mm-tradi-eco-caleosol\/#breadcrumb","itemListElement":[{"@type":"ListItem","position":1,"name":"Accueil","item":"https:\/\/nature-et-developpement.com\/logisain-44\/"},{"@type":"ListItem","position":2,"name":"Produits","item":"https:\/\/nature-et-developpement.com\/logisain-44\/shop\/"},{"@type":"ListItem","position":3,"name":"Chauffage, eau et \u00e9nergie","item":"https:\/\/nature-et-developpement.com\/logisain-44\/produits\/energie-et-ventilation\/"},{"@type":"ListItem","position":4,"name":"Radiateur, plancher et mur chauffant","item":"https:\/\/nature-et-developpement.com\/logisain-44\/produits\/energie-et-ventilation\/radiateur-plancher-chauffant\/"},{"@type":"ListItem","position":5,"name":"KIT PLANCHER CHAUFFANT 20mm TRADI ECO+ Cale\u00f4Sol"}]},{"@type":"WebSite","@id":"https:\/\/nature-et-developpement.com\/logisain-44\/#website","url":"https:\/\/nature-et-developpement.com\/logisain-44\/","name":"Logisain 44","description":"Logisain 44 est membre du groupement Nature &amp; D\u00e9veloppement","publisher":{"@id":"https:\/\/nature-et-developpement.com\/logisain-44\/#organization"},"potentialAction":[{"@type":"SearchAction","target":{"@type":"EntryPoint","urlTemplate":"https:\/\/nature-et-developpement.com\/logisain-44\/?s={search_term_string}"},"query-input":{"@type":"PropertyValueSpecification","valueRequired":true,"valueName":"search_term_string"}}],"inLanguage":"fr-FR"},{"@type":"Organization","@id":"https:\/\/nature-et-developpement.com\/logisain-44\/#organization","name":"Logisain 44","url":"https:\/\/nature-et-developpement.com\/logisain-44\/","logo":{"@type":"ImageObject","inLanguage":"fr-FR","@id":"https:\/\/nature-et-developpement.com\/logisain-44\/#\/schema\/logo\/image\/","url":"https:\/\/nature-et-developpement.com\/logisain-44\/wp-content\/uploads\/sites\/4\/2021\/08\/logo-logisain.jpg","contentUrl":"https:\/\/nature-et-developpement.com\/logisain-44\/wp-content\/uploads\/sites\/4\/2021\/08\/logo-logisain.jpg","width":672,"height":455,"caption":"Logisain 44"},"image":{"@id":"https:\/\/nature-et-developpement.com\/logisain-44\/#\/schema\/logo\/image\/"}}]}},"distributor_meta":false,"distributor_terms":false,"distributor_media":false,"distributor_original_site_name":"Logisain 44","distributor_original_site_url":"https:\/\/nature-et-developpement.com\/logisain-44","push-errors":false,"_links":{"self":[{"href":"https:\/\/nature-et-developpement.com\/logisain-44\/wp-json\/wp\/v2\/product\/15984","targetHints":{"allow":["GET"]}}],"collection":[{"href":"https:\/\/nature-et-developpement.com\/logisain-44\/wp-json\/wp\/v2\/product"}],"about":[{"href":"https:\/\/nature-et-developpement.com\/logisain-44\/wp-json\/wp\/v2\/types\/product"}],"wp:featuredmedia":[{"embeddable":true,"href":"https:\/\/nature-et-developpement.com\/logisain-44\/wp-json\/"}],"wp:attachment":[{"href":"https:\/\/nature-et-developpement.com\/logisain-44\/wp-json\/wp\/v2\/media?parent=15984"}],"wp:term":[{"taxonomy":"product_brand","embeddable":true,"href":"https:\/\/nature-et-developpement.com\/logisain-44\/wp-json\/wp\/v2\/product_brand?post=15984"},{"taxonomy":"product_cat","embeddable":true,"href":"https:\/\/nature-et-developpement.com\/logisain-44\/wp-json\/wp\/v2\/product_cat?post=15984"},{"taxonomy":"product_tag","embeddable":true,"href":"https:\/\/nature-et-developpement.com\/logisain-44\/wp-json\/wp\/v2\/product_tag?post=15984"}],"curies":[{"name":"wp","href":"https:\/\/api.w.org\/{rel}","templated":true}]}}