{"id":16454,"date":"2024-04-01T00:00:00","date_gmt":"2024-03-31T22:00:00","guid":{"rendered":"https:\/\/nature-et-developpement.com\/logisain\/produit\/bande-detancheite-long-5m-large-12cm-fermacell\/"},"modified":"2026-03-17T11:55:09","modified_gmt":"2026-03-17T10:55:09","slug":"bande-d-etancheite-long-5m-large-12cm-fermacell","status":"publish","type":"product","link":"https:\/\/nature-et-developpement.com\/logisain-44\/produit\/bande-d-etancheite-long-5m-large-12cm-fermacell\/","title":{"rendered":"Fermacell &#8211; Bande pour \u00e9tanch\u00e9it\u00e9 12cm de large"},"content":{"rendered":"<h2>\u00c9tanch\u00e9it\u00e9 des arr\u00eates\u00a0 fermacell<\/h2>\n<p>La bande d\u2019\u00e9tanch\u00e9it\u00e9 Fermacell a \u00e9t\u00e9 con\u00e7ue pour \u00e9tancher durablement et \u00e9viter ainsi le passage de l\u2019eau au droit des raccords et des angles entre cloisons ou entre cloisons et sols.<\/p>\n<h3><strong>Application<\/strong><\/h3>\n<p>Sur le support appr\u00eat\u00e9 avec la couche de fond fermacell, appliquer une premi\u00e8re couche de sous-couche de protection \u00e0 l\u2019eau sur la zone correspondant \u00e0 la zone d\u2019application de la bande ou de l\u2019angle d\u2019\u00e9tanch\u00e9it\u00e9.<\/p>\n<p>Maroufler la bande ou l\u2019angle dans la couche d\u2019\u00e9tanch\u00e9it\u00e9 encore fra\u00eeche.<\/p>\n<p>Puis appliquer une seconde couche de sous-couche de protection \u00e0 l\u2019eau sur la totalit\u00e9 de la surface de la bande ou de l\u2019angle et de la premi\u00e8re couche.<\/p>\n<p>Dans le cas d\u2019un raccord (bande avec bande ou bande avec angle), respecter un chevauchement minimum de 5cm.<\/p>\n","protected":false},"excerpt":{"rendered":"<p>Bande\u00a0d&rsquo;\u00e9tanch\u00e9it\u00e9 haut de gamme pour \u00e9tancher durablement contre l&rsquo;eau dans les\u00a0angles de la pi\u00e8ce sous le carrelage, les dalles et rev\u00eatements c\u00e9ramiques.<\/p>\n","protected":false},"featured_media":1000000165944,"template":"","meta":[],"product_brand":[10193],"product_cat":[7388,7386],"product_tag":[11989],"class_list":{"0":"post-16454","1":"product","2":"type-product","3":"status-publish","4":"has-post-thumbnail","6":"product_brand-fermacell","7":"product_cat-accessoires-construction","8":"product_cat-accessoires-isolation-et-etancheite","9":"product_tag-fermacell","10":"product_shipping_class-petit-equipement-outil-eclairage","12":"first","13":"instock","14":"taxable","15":"shipping-taxable","16":"purchasable","17":"product-type-variable"},"yoast_head":"<!-- This site is optimized with the Yoast SEO plugin v27.5 - https:\/\/yoast.com\/product\/yoast-seo-wordpress\/ -->\n<title>Fermacell - Bande pour \u00e9tanch\u00e9it\u00e9 12cm de large - Logisain 44<\/title>\n<meta name=\"description\" content=\"Bande\u00a0d&#039;\u00e9tanch\u00e9it\u00e9 haut de gamme pour \u00e9tancher durablement contre l&#039;eau dans les\u00a0angles de la pi\u00e8ce sous le carrelage, les dalles et rev\u00eatements c\u00e9ramiques. Loire-Atlantique\" \/>\n<meta name=\"robots\" content=\"noindex, nofollow\" \/>\n<meta property=\"og:locale\" content=\"fr_FR\" \/>\n<meta property=\"og:type\" content=\"article\" \/>\n<meta property=\"og:title\" content=\"Fermacell - Bande pour \u00e9tanch\u00e9it\u00e9 12cm de large - Logisain 44\" \/>\n<meta property=\"og:description\" content=\"Bande\u00a0d&#039;\u00e9tanch\u00e9it\u00e9 haut de gamme pour \u00e9tancher durablement contre l&#039;eau dans les\u00a0angles de la pi\u00e8ce sous le carrelage, les dalles et rev\u00eatements c\u00e9ramiques. Loire-Atlantique\" \/>\n<meta property=\"og:url\" content=\"https:\/\/nature-et-developpement.com\/logisain-44\/produit\/bande-d-etancheite-long-5m-large-12cm-fermacell\/\" \/>\n<meta property=\"og:site_name\" content=\"Logisain 44\" \/>\n<meta property=\"article:modified_time\" content=\"2026-03-17T10:55:09+00:00\" \/>\n<meta name=\"twitter:card\" content=\"summary_large_image\" \/>\n<meta name=\"twitter:label1\" content=\"Dur\u00e9e de lecture estim\u00e9e\" \/>\n\t<meta name=\"twitter:data1\" content=\"1 minute\" \/>\n<script type=\"application\/ld+json\" class=\"yoast-schema-graph\">{\"@context\":\"https:\\\/\\\/schema.org\",\"@graph\":[{\"@type\":\"WebPage\",\"@id\":\"https:\\\/\\\/nature-et-developpement.com\\\/logisain-44\\\/produit\\\/bande-d-etancheite-long-5m-large-12cm-fermacell\\\/\",\"url\":\"https:\\\/\\\/nature-et-developpement.com\\\/logisain-44\\\/produit\\\/bande-d-etancheite-long-5m-large-12cm-fermacell\\\/\",\"name\":\"Fermacell - Bande pour \u00e9tanch\u00e9it\u00e9 12cm de large - Logisain 44\",\"isPartOf\":{\"@id\":\"https:\\\/\\\/nature-et-developpement.com\\\/logisain-44\\\/#website\"},\"primaryImageOfPage\":{\"@id\":\"https:\\\/\\\/nature-et-developpement.com\\\/logisain-44\\\/produit\\\/bande-d-etancheite-long-5m-large-12cm-fermacell\\\/#primaryimage\"},\"image\":{\"@id\":\"https:\\\/\\\/nature-et-developpement.com\\\/logisain-44\\\/produit\\\/bande-d-etancheite-long-5m-large-12cm-fermacell\\\/#primaryimage\"},\"thumbnailUrl\":\"https:\\\/\\\/nature-et-developpement.com\\\/logisain-44\\\/wp-content\\\/uploads\\\/Bande-detancheite-fermacell-79069.jpg\",\"datePublished\":\"2024-03-31T22:00:00+00:00\",\"dateModified\":\"2026-03-17T10:55:09+00:00\",\"description\":\"Bande\u00a0d'\u00e9tanch\u00e9it\u00e9 haut de gamme pour \u00e9tancher durablement contre l'eau dans les\u00a0angles de la pi\u00e8ce sous le carrelage, les dalles et rev\u00eatements c\u00e9ramiques. Loire-Atlantique\",\"breadcrumb\":{\"@id\":\"https:\\\/\\\/nature-et-developpement.com\\\/logisain-44\\\/produit\\\/bande-d-etancheite-long-5m-large-12cm-fermacell\\\/#breadcrumb\"},\"inLanguage\":\"fr-FR\",\"potentialAction\":[{\"@type\":\"ReadAction\",\"target\":[\"https:\\\/\\\/nature-et-developpement.com\\\/logisain-44\\\/produit\\\/bande-d-etancheite-long-5m-large-12cm-fermacell\\\/\"]}]},{\"@type\":\"ImageObject\",\"inLanguage\":\"fr-FR\",\"@id\":\"https:\\\/\\\/nature-et-developpement.com\\\/logisain-44\\\/produit\\\/bande-d-etancheite-long-5m-large-12cm-fermacell\\\/#primaryimage\",\"url\":\"https:\\\/\\\/nature-et-developpement.com\\\/logisain-44\\\/wp-content\\\/uploads\\\/Bande-detancheite-fermacell-79069.jpg\",\"contentUrl\":\"https:\\\/\\\/nature-et-developpement.com\\\/logisain-44\\\/wp-content\\\/uploads\\\/Bande-detancheite-fermacell-79069.jpg\"},{\"@type\":\"BreadcrumbList\",\"@id\":\"https:\\\/\\\/nature-et-developpement.com\\\/logisain-44\\\/produit\\\/bande-d-etancheite-long-5m-large-12cm-fermacell\\\/#breadcrumb\",\"itemListElement\":[{\"@type\":\"ListItem\",\"position\":1,\"name\":\"Accueil\",\"item\":\"https:\\\/\\\/nature-et-developpement.com\\\/logisain-44\\\/\"},{\"@type\":\"ListItem\",\"position\":2,\"name\":\"Produits\",\"item\":\"https:\\\/\\\/nature-et-developpement.com\\\/logisain-44\\\/shop\\\/\"},{\"@type\":\"ListItem\",\"position\":3,\"name\":\"Construction, cloison et fen\u00eatres\",\"item\":\"https:\\\/\\\/nature-et-developpement.com\\\/logisain-44\\\/produits\\\/construction\\\/\"},{\"@type\":\"ListItem\",\"position\":4,\"name\":\"Accessoires construction\",\"item\":\"https:\\\/\\\/nature-et-developpement.com\\\/logisain-44\\\/produits\\\/construction\\\/accessoires-construction\\\/\"},{\"@type\":\"ListItem\",\"position\":5,\"name\":\"Fermacell &#8211; Bande pour \u00e9tanch\u00e9it\u00e9 12cm de large\"}]},{\"@type\":\"WebSite\",\"@id\":\"https:\\\/\\\/nature-et-developpement.com\\\/logisain-44\\\/#website\",\"url\":\"https:\\\/\\\/nature-et-developpement.com\\\/logisain-44\\\/\",\"name\":\"Logisain 44\",\"description\":\"Logisain 44 est membre du groupement Nature &amp; D\u00e9veloppement\",\"publisher\":{\"@id\":\"https:\\\/\\\/nature-et-developpement.com\\\/logisain-44\\\/#organization\"},\"potentialAction\":[{\"@type\":\"SearchAction\",\"target\":{\"@type\":\"EntryPoint\",\"urlTemplate\":\"https:\\\/\\\/nature-et-developpement.com\\\/logisain-44\\\/?s={search_term_string}\"},\"query-input\":{\"@type\":\"PropertyValueSpecification\",\"valueRequired\":true,\"valueName\":\"search_term_string\"}}],\"inLanguage\":\"fr-FR\"},{\"@type\":\"Organization\",\"@id\":\"https:\\\/\\\/nature-et-developpement.com\\\/logisain-44\\\/#organization\",\"name\":\"Logisain 44\",\"url\":\"https:\\\/\\\/nature-et-developpement.com\\\/logisain-44\\\/\",\"logo\":{\"@type\":\"ImageObject\",\"inLanguage\":\"fr-FR\",\"@id\":\"https:\\\/\\\/nature-et-developpement.com\\\/logisain-44\\\/#\\\/schema\\\/logo\\\/image\\\/\",\"url\":\"https:\\\/\\\/nature-et-developpement.com\\\/logisain-44\\\/wp-content\\\/uploads\\\/sites\\\/4\\\/2021\\\/08\\\/logo-logisain.jpg\",\"contentUrl\":\"https:\\\/\\\/nature-et-developpement.com\\\/logisain-44\\\/wp-content\\\/uploads\\\/sites\\\/4\\\/2021\\\/08\\\/logo-logisain.jpg\",\"width\":672,\"height\":455,\"caption\":\"Logisain 44\"},\"image\":{\"@id\":\"https:\\\/\\\/nature-et-developpement.com\\\/logisain-44\\\/#\\\/schema\\\/logo\\\/image\\\/\"}}]}<\/script>\n<!-- \/ Yoast SEO plugin. -->","yoast_head_json":{"title":"Fermacell - Bande pour \u00e9tanch\u00e9it\u00e9 12cm de large - Logisain 44","description":"Bande\u00a0d'\u00e9tanch\u00e9it\u00e9 haut de gamme pour \u00e9tancher durablement contre l'eau dans les\u00a0angles de la pi\u00e8ce sous le carrelage, les dalles et rev\u00eatements c\u00e9ramiques. Loire-Atlantique","robots":{"index":"noindex","follow":"nofollow"},"og_locale":"fr_FR","og_type":"article","og_title":"Fermacell - Bande pour \u00e9tanch\u00e9it\u00e9 12cm de large - Logisain 44","og_description":"Bande\u00a0d'\u00e9tanch\u00e9it\u00e9 haut de gamme pour \u00e9tancher durablement contre l'eau dans les\u00a0angles de la pi\u00e8ce sous le carrelage, les dalles et rev\u00eatements c\u00e9ramiques. Loire-Atlantique","og_url":"https:\/\/nature-et-developpement.com\/logisain-44\/produit\/bande-d-etancheite-long-5m-large-12cm-fermacell\/","og_site_name":"Logisain 44","article_modified_time":"2026-03-17T10:55:09+00:00","twitter_card":"summary_large_image","twitter_misc":{"Dur\u00e9e de lecture estim\u00e9e":"1 minute"},"schema":{"@context":"https:\/\/schema.org","@graph":[{"@type":"WebPage","@id":"https:\/\/nature-et-developpement.com\/logisain-44\/produit\/bande-d-etancheite-long-5m-large-12cm-fermacell\/","url":"https:\/\/nature-et-developpement.com\/logisain-44\/produit\/bande-d-etancheite-long-5m-large-12cm-fermacell\/","name":"Fermacell - Bande pour \u00e9tanch\u00e9it\u00e9 12cm de large - Logisain 44","isPartOf":{"@id":"https:\/\/nature-et-developpement.com\/logisain-44\/#website"},"primaryImageOfPage":{"@id":"https:\/\/nature-et-developpement.com\/logisain-44\/produit\/bande-d-etancheite-long-5m-large-12cm-fermacell\/#primaryimage"},"image":{"@id":"https:\/\/nature-et-developpement.com\/logisain-44\/produit\/bande-d-etancheite-long-5m-large-12cm-fermacell\/#primaryimage"},"thumbnailUrl":"https:\/\/nature-et-developpement.com\/logisain-44\/wp-content\/uploads\/Bande-detancheite-fermacell-79069.jpg","datePublished":"2024-03-31T22:00:00+00:00","dateModified":"2026-03-17T10:55:09+00:00","description":"Bande\u00a0d'\u00e9tanch\u00e9it\u00e9 haut de gamme pour \u00e9tancher durablement contre l'eau dans les\u00a0angles de la pi\u00e8ce sous le carrelage, les dalles et rev\u00eatements c\u00e9ramiques. Loire-Atlantique","breadcrumb":{"@id":"https:\/\/nature-et-developpement.com\/logisain-44\/produit\/bande-d-etancheite-long-5m-large-12cm-fermacell\/#breadcrumb"},"inLanguage":"fr-FR","potentialAction":[{"@type":"ReadAction","target":["https:\/\/nature-et-developpement.com\/logisain-44\/produit\/bande-d-etancheite-long-5m-large-12cm-fermacell\/"]}]},{"@type":"ImageObject","inLanguage":"fr-FR","@id":"https:\/\/nature-et-developpement.com\/logisain-44\/produit\/bande-d-etancheite-long-5m-large-12cm-fermacell\/#primaryimage","url":"https:\/\/nature-et-developpement.com\/logisain-44\/wp-content\/uploads\/Bande-detancheite-fermacell-79069.jpg","contentUrl":"https:\/\/nature-et-developpement.com\/logisain-44\/wp-content\/uploads\/Bande-detancheite-fermacell-79069.jpg"},{"@type":"BreadcrumbList","@id":"https:\/\/nature-et-developpement.com\/logisain-44\/produit\/bande-d-etancheite-long-5m-large-12cm-fermacell\/#breadcrumb","itemListElement":[{"@type":"ListItem","position":1,"name":"Accueil","item":"https:\/\/nature-et-developpement.com\/logisain-44\/"},{"@type":"ListItem","position":2,"name":"Produits","item":"https:\/\/nature-et-developpement.com\/logisain-44\/shop\/"},{"@type":"ListItem","position":3,"name":"Construction, cloison et fen\u00eatres","item":"https:\/\/nature-et-developpement.com\/logisain-44\/produits\/construction\/"},{"@type":"ListItem","position":4,"name":"Accessoires construction","item":"https:\/\/nature-et-developpement.com\/logisain-44\/produits\/construction\/accessoires-construction\/"},{"@type":"ListItem","position":5,"name":"Fermacell &#8211; Bande pour \u00e9tanch\u00e9it\u00e9 12cm de large"}]},{"@type":"WebSite","@id":"https:\/\/nature-et-developpement.com\/logisain-44\/#website","url":"https:\/\/nature-et-developpement.com\/logisain-44\/","name":"Logisain 44","description":"Logisain 44 est membre du groupement Nature &amp; D\u00e9veloppement","publisher":{"@id":"https:\/\/nature-et-developpement.com\/logisain-44\/#organization"},"potentialAction":[{"@type":"SearchAction","target":{"@type":"EntryPoint","urlTemplate":"https:\/\/nature-et-developpement.com\/logisain-44\/?s={search_term_string}"},"query-input":{"@type":"PropertyValueSpecification","valueRequired":true,"valueName":"search_term_string"}}],"inLanguage":"fr-FR"},{"@type":"Organization","@id":"https:\/\/nature-et-developpement.com\/logisain-44\/#organization","name":"Logisain 44","url":"https:\/\/nature-et-developpement.com\/logisain-44\/","logo":{"@type":"ImageObject","inLanguage":"fr-FR","@id":"https:\/\/nature-et-developpement.com\/logisain-44\/#\/schema\/logo\/image\/","url":"https:\/\/nature-et-developpement.com\/logisain-44\/wp-content\/uploads\/sites\/4\/2021\/08\/logo-logisain.jpg","contentUrl":"https:\/\/nature-et-developpement.com\/logisain-44\/wp-content\/uploads\/sites\/4\/2021\/08\/logo-logisain.jpg","width":672,"height":455,"caption":"Logisain 44"},"image":{"@id":"https:\/\/nature-et-developpement.com\/logisain-44\/#\/schema\/logo\/image\/"}}]}},"distributor_meta":false,"distributor_terms":false,"distributor_media":false,"distributor_original_site_name":"Logisain 44","distributor_original_site_url":"https:\/\/nature-et-developpement.com\/logisain-44","push-errors":false,"_links":{"self":[{"href":"https:\/\/nature-et-developpement.com\/logisain-44\/wp-json\/wp\/v2\/product\/16454","targetHints":{"allow":["GET"]}}],"collection":[{"href":"https:\/\/nature-et-developpement.com\/logisain-44\/wp-json\/wp\/v2\/product"}],"about":[{"href":"https:\/\/nature-et-developpement.com\/logisain-44\/wp-json\/wp\/v2\/types\/product"}],"wp:featuredmedia":[{"embeddable":true,"href":"https:\/\/nature-et-developpement.com\/logisain-44\/wp-json\/"}],"wp:attachment":[{"href":"https:\/\/nature-et-developpement.com\/logisain-44\/wp-json\/wp\/v2\/media?parent=16454"}],"wp:term":[{"taxonomy":"product_brand","embeddable":true,"href":"https:\/\/nature-et-developpement.com\/logisain-44\/wp-json\/wp\/v2\/product_brand?post=16454"},{"taxonomy":"product_cat","embeddable":true,"href":"https:\/\/nature-et-developpement.com\/logisain-44\/wp-json\/wp\/v2\/product_cat?post=16454"},{"taxonomy":"product_tag","embeddable":true,"href":"https:\/\/nature-et-developpement.com\/logisain-44\/wp-json\/wp\/v2\/product_tag?post=16454"}],"curies":[{"name":"wp","href":"https:\/\/api.w.org\/{rel}","templated":true}]}}