{"id":16493,"date":"2017-01-01T00:00:00","date_gmt":"2016-12-31T23:00:00","guid":{"rendered":"https:\/\/nature-et-developpement.com\/logisain\/produit\/bague-de-plafond-pour-led\/"},"modified":"2026-03-06T15:35:05","modified_gmt":"2026-03-06T14:35:05","slug":"bague-de-plafond-pour-led","status":"publish","type":"product","link":"https:\/\/nature-et-developpement.com\/logisain-44\/produit\/bague-de-plafond-pour-led\/","title":{"rendered":"Bague de plafond pour LED"},"content":{"rendered":"","protected":false},"excerpt":{"rendered":"<p><strong>Ces bagues prot\u00e9geront tous vos plafonds lors du montage et d\u00e9montage des spots.<\/strong><br \/>\nElles renforcent \u00e9galement\u00a0 les dalles min\u00e9rales friables ou molles pour pouvoir y int\u00e9grer vos spots.<\/p>\n<p><strong>Disponibles en 2 dimensions<\/strong>\u00a0pour des per\u00e7ages de 70mm (6W, 7W en version fixe, halog\u00e8ne EFC) et 95mm (12W et 13W)<\/p>\n","protected":false},"featured_media":1000000158861,"template":"","meta":[],"product_brand":[10192],"product_cat":[10038],"product_tag":[],"class_list":{"0":"post-16493","1":"product","2":"type-product","3":"status-publish","4":"has-post-thumbnail","6":"product_brand-fd-eclairage","7":"product_cat-accessoires","8":"product_shipping_class-petit-equipement-outil-eclairage","10":"first","11":"instock","12":"taxable","13":"shipping-taxable","14":"purchasable","15":"product-type-variable"},"yoast_head":"<!-- This site is optimized with the Yoast SEO plugin v27.5 - https:\/\/yoast.com\/product\/yoast-seo-wordpress\/ -->\n<title>Bague de plafond pour LED - Logisain 44<\/title>\n<meta name=\"description\" content=\"Ces bagues prot\u00e9geront tous vos plafonds lors du montage et d\u00e9montage des spots. Elles renforcent \u00e9galement\u00a0 les dalles min\u00e9rales friables ou molles pour pouvoir y int\u00e9grer vos spots.  Disponibles en 2 dimensions\u00a0pour des per\u00e7ages de 70mm (6W, 7W en version fixe, halog\u00e8ne EFC) et 95mm (12W et 13W) Loire-Atlantique\" \/>\n<meta name=\"robots\" content=\"noindex, nofollow\" \/>\n<meta property=\"og:locale\" content=\"fr_FR\" \/>\n<meta property=\"og:type\" content=\"article\" \/>\n<meta property=\"og:title\" content=\"Bague de plafond pour LED - Logisain 44\" \/>\n<meta property=\"og:description\" content=\"Ces bagues prot\u00e9geront tous vos plafonds lors du montage et d\u00e9montage des spots. Elles renforcent \u00e9galement\u00a0 les dalles min\u00e9rales friables ou molles pour pouvoir y int\u00e9grer vos spots.  Disponibles en 2 dimensions\u00a0pour des per\u00e7ages de 70mm (6W, 7W en version fixe, halog\u00e8ne EFC) et 95mm (12W et 13W) Loire-Atlantique\" \/>\n<meta property=\"og:url\" content=\"https:\/\/nature-et-developpement.com\/logisain-44\/produit\/bague-de-plafond-pour-led\/\" \/>\n<meta property=\"og:site_name\" content=\"Logisain 44\" \/>\n<meta property=\"article:modified_time\" content=\"2026-03-06T14:35:05+00:00\" \/>\n<meta name=\"twitter:card\" content=\"summary_large_image\" \/>\n<script type=\"application\/ld+json\" class=\"yoast-schema-graph\">{\"@context\":\"https:\\\/\\\/schema.org\",\"@graph\":[{\"@type\":\"WebPage\",\"@id\":\"https:\\\/\\\/nature-et-developpement.com\\\/logisain-44\\\/produit\\\/bague-de-plafond-pour-led\\\/\",\"url\":\"https:\\\/\\\/nature-et-developpement.com\\\/logisain-44\\\/produit\\\/bague-de-plafond-pour-led\\\/\",\"name\":\"Bague de plafond pour LED - Logisain 44\",\"isPartOf\":{\"@id\":\"https:\\\/\\\/nature-et-developpement.com\\\/logisain-44\\\/#website\"},\"primaryImageOfPage\":{\"@id\":\"https:\\\/\\\/nature-et-developpement.com\\\/logisain-44\\\/produit\\\/bague-de-plafond-pour-led\\\/#primaryimage\"},\"image\":{\"@id\":\"https:\\\/\\\/nature-et-developpement.com\\\/logisain-44\\\/produit\\\/bague-de-plafond-pour-led\\\/#primaryimage\"},\"thumbnailUrl\":\"https:\\\/\\\/nature-et-developpement.com\\\/logisain-44\\\/wp-content\\\/uploads\\\/BAGUE-PLAFOND-BP0095.jpg\",\"datePublished\":\"2016-12-31T23:00:00+00:00\",\"dateModified\":\"2026-03-06T14:35:05+00:00\",\"description\":\"Ces bagues prot\u00e9geront tous vos plafonds lors du montage et d\u00e9montage des spots. Elles renforcent \u00e9galement\u00a0 les dalles min\u00e9rales friables ou molles pour pouvoir y int\u00e9grer vos spots. Disponibles en 2 dimensions\u00a0pour des per\u00e7ages de 70mm (6W, 7W en version fixe, halog\u00e8ne EFC) et 95mm (12W et 13W) Loire-Atlantique\",\"breadcrumb\":{\"@id\":\"https:\\\/\\\/nature-et-developpement.com\\\/logisain-44\\\/produit\\\/bague-de-plafond-pour-led\\\/#breadcrumb\"},\"inLanguage\":\"fr-FR\",\"potentialAction\":[{\"@type\":\"ReadAction\",\"target\":[\"https:\\\/\\\/nature-et-developpement.com\\\/logisain-44\\\/produit\\\/bague-de-plafond-pour-led\\\/\"]}]},{\"@type\":\"ImageObject\",\"inLanguage\":\"fr-FR\",\"@id\":\"https:\\\/\\\/nature-et-developpement.com\\\/logisain-44\\\/produit\\\/bague-de-plafond-pour-led\\\/#primaryimage\",\"url\":\"https:\\\/\\\/nature-et-developpement.com\\\/logisain-44\\\/wp-content\\\/uploads\\\/BAGUE-PLAFOND-BP0095.jpg\",\"contentUrl\":\"https:\\\/\\\/nature-et-developpement.com\\\/logisain-44\\\/wp-content\\\/uploads\\\/BAGUE-PLAFOND-BP0095.jpg\"},{\"@type\":\"BreadcrumbList\",\"@id\":\"https:\\\/\\\/nature-et-developpement.com\\\/logisain-44\\\/produit\\\/bague-de-plafond-pour-led\\\/#breadcrumb\",\"itemListElement\":[{\"@type\":\"ListItem\",\"position\":1,\"name\":\"Accueil\",\"item\":\"https:\\\/\\\/nature-et-developpement.com\\\/logisain-44\\\/\"},{\"@type\":\"ListItem\",\"position\":2,\"name\":\"Produits\",\"item\":\"https:\\\/\\\/nature-et-developpement.com\\\/logisain-44\\\/shop\\\/\"},{\"@type\":\"ListItem\",\"position\":3,\"name\":\"Chauffage, eau et \u00e9nergie\",\"item\":\"https:\\\/\\\/nature-et-developpement.com\\\/logisain-44\\\/produits\\\/energie-et-ventilation\\\/\"},{\"@type\":\"ListItem\",\"position\":4,\"name\":\"Accessoires\",\"item\":\"https:\\\/\\\/nature-et-developpement.com\\\/logisain-44\\\/produits\\\/energie-et-ventilation\\\/accessoires\\\/\"},{\"@type\":\"ListItem\",\"position\":5,\"name\":\"Bague de plafond pour LED\"}]},{\"@type\":\"WebSite\",\"@id\":\"https:\\\/\\\/nature-et-developpement.com\\\/logisain-44\\\/#website\",\"url\":\"https:\\\/\\\/nature-et-developpement.com\\\/logisain-44\\\/\",\"name\":\"Logisain 44\",\"description\":\"Logisain 44 est membre du groupement Nature &amp; D\u00e9veloppement\",\"publisher\":{\"@id\":\"https:\\\/\\\/nature-et-developpement.com\\\/logisain-44\\\/#organization\"},\"potentialAction\":[{\"@type\":\"SearchAction\",\"target\":{\"@type\":\"EntryPoint\",\"urlTemplate\":\"https:\\\/\\\/nature-et-developpement.com\\\/logisain-44\\\/?s={search_term_string}\"},\"query-input\":{\"@type\":\"PropertyValueSpecification\",\"valueRequired\":true,\"valueName\":\"search_term_string\"}}],\"inLanguage\":\"fr-FR\"},{\"@type\":\"Organization\",\"@id\":\"https:\\\/\\\/nature-et-developpement.com\\\/logisain-44\\\/#organization\",\"name\":\"Logisain 44\",\"url\":\"https:\\\/\\\/nature-et-developpement.com\\\/logisain-44\\\/\",\"logo\":{\"@type\":\"ImageObject\",\"inLanguage\":\"fr-FR\",\"@id\":\"https:\\\/\\\/nature-et-developpement.com\\\/logisain-44\\\/#\\\/schema\\\/logo\\\/image\\\/\",\"url\":\"https:\\\/\\\/nature-et-developpement.com\\\/logisain-44\\\/wp-content\\\/uploads\\\/sites\\\/4\\\/2021\\\/08\\\/logo-logisain.jpg\",\"contentUrl\":\"https:\\\/\\\/nature-et-developpement.com\\\/logisain-44\\\/wp-content\\\/uploads\\\/sites\\\/4\\\/2021\\\/08\\\/logo-logisain.jpg\",\"width\":672,\"height\":455,\"caption\":\"Logisain 44\"},\"image\":{\"@id\":\"https:\\\/\\\/nature-et-developpement.com\\\/logisain-44\\\/#\\\/schema\\\/logo\\\/image\\\/\"}}]}<\/script>\n<!-- \/ Yoast SEO plugin. -->","yoast_head_json":{"title":"Bague de plafond pour LED - Logisain 44","description":"Ces bagues prot\u00e9geront tous vos plafonds lors du montage et d\u00e9montage des spots. Elles renforcent \u00e9galement\u00a0 les dalles min\u00e9rales friables ou molles pour pouvoir y int\u00e9grer vos spots.  Disponibles en 2 dimensions\u00a0pour des per\u00e7ages de 70mm (6W, 7W en version fixe, halog\u00e8ne EFC) et 95mm (12W et 13W) Loire-Atlantique","robots":{"index":"noindex","follow":"nofollow"},"og_locale":"fr_FR","og_type":"article","og_title":"Bague de plafond pour LED - Logisain 44","og_description":"Ces bagues prot\u00e9geront tous vos plafonds lors du montage et d\u00e9montage des spots. Elles renforcent \u00e9galement\u00a0 les dalles min\u00e9rales friables ou molles pour pouvoir y int\u00e9grer vos spots.  Disponibles en 2 dimensions\u00a0pour des per\u00e7ages de 70mm (6W, 7W en version fixe, halog\u00e8ne EFC) et 95mm (12W et 13W) Loire-Atlantique","og_url":"https:\/\/nature-et-developpement.com\/logisain-44\/produit\/bague-de-plafond-pour-led\/","og_site_name":"Logisain 44","article_modified_time":"2026-03-06T14:35:05+00:00","twitter_card":"summary_large_image","schema":{"@context":"https:\/\/schema.org","@graph":[{"@type":"WebPage","@id":"https:\/\/nature-et-developpement.com\/logisain-44\/produit\/bague-de-plafond-pour-led\/","url":"https:\/\/nature-et-developpement.com\/logisain-44\/produit\/bague-de-plafond-pour-led\/","name":"Bague de plafond pour LED - Logisain 44","isPartOf":{"@id":"https:\/\/nature-et-developpement.com\/logisain-44\/#website"},"primaryImageOfPage":{"@id":"https:\/\/nature-et-developpement.com\/logisain-44\/produit\/bague-de-plafond-pour-led\/#primaryimage"},"image":{"@id":"https:\/\/nature-et-developpement.com\/logisain-44\/produit\/bague-de-plafond-pour-led\/#primaryimage"},"thumbnailUrl":"https:\/\/nature-et-developpement.com\/logisain-44\/wp-content\/uploads\/BAGUE-PLAFOND-BP0095.jpg","datePublished":"2016-12-31T23:00:00+00:00","dateModified":"2026-03-06T14:35:05+00:00","description":"Ces bagues prot\u00e9geront tous vos plafonds lors du montage et d\u00e9montage des spots. Elles renforcent \u00e9galement\u00a0 les dalles min\u00e9rales friables ou molles pour pouvoir y int\u00e9grer vos spots. Disponibles en 2 dimensions\u00a0pour des per\u00e7ages de 70mm (6W, 7W en version fixe, halog\u00e8ne EFC) et 95mm (12W et 13W) Loire-Atlantique","breadcrumb":{"@id":"https:\/\/nature-et-developpement.com\/logisain-44\/produit\/bague-de-plafond-pour-led\/#breadcrumb"},"inLanguage":"fr-FR","potentialAction":[{"@type":"ReadAction","target":["https:\/\/nature-et-developpement.com\/logisain-44\/produit\/bague-de-plafond-pour-led\/"]}]},{"@type":"ImageObject","inLanguage":"fr-FR","@id":"https:\/\/nature-et-developpement.com\/logisain-44\/produit\/bague-de-plafond-pour-led\/#primaryimage","url":"https:\/\/nature-et-developpement.com\/logisain-44\/wp-content\/uploads\/BAGUE-PLAFOND-BP0095.jpg","contentUrl":"https:\/\/nature-et-developpement.com\/logisain-44\/wp-content\/uploads\/BAGUE-PLAFOND-BP0095.jpg"},{"@type":"BreadcrumbList","@id":"https:\/\/nature-et-developpement.com\/logisain-44\/produit\/bague-de-plafond-pour-led\/#breadcrumb","itemListElement":[{"@type":"ListItem","position":1,"name":"Accueil","item":"https:\/\/nature-et-developpement.com\/logisain-44\/"},{"@type":"ListItem","position":2,"name":"Produits","item":"https:\/\/nature-et-developpement.com\/logisain-44\/shop\/"},{"@type":"ListItem","position":3,"name":"Chauffage, eau et \u00e9nergie","item":"https:\/\/nature-et-developpement.com\/logisain-44\/produits\/energie-et-ventilation\/"},{"@type":"ListItem","position":4,"name":"Accessoires","item":"https:\/\/nature-et-developpement.com\/logisain-44\/produits\/energie-et-ventilation\/accessoires\/"},{"@type":"ListItem","position":5,"name":"Bague de plafond pour LED"}]},{"@type":"WebSite","@id":"https:\/\/nature-et-developpement.com\/logisain-44\/#website","url":"https:\/\/nature-et-developpement.com\/logisain-44\/","name":"Logisain 44","description":"Logisain 44 est membre du groupement Nature &amp; D\u00e9veloppement","publisher":{"@id":"https:\/\/nature-et-developpement.com\/logisain-44\/#organization"},"potentialAction":[{"@type":"SearchAction","target":{"@type":"EntryPoint","urlTemplate":"https:\/\/nature-et-developpement.com\/logisain-44\/?s={search_term_string}"},"query-input":{"@type":"PropertyValueSpecification","valueRequired":true,"valueName":"search_term_string"}}],"inLanguage":"fr-FR"},{"@type":"Organization","@id":"https:\/\/nature-et-developpement.com\/logisain-44\/#organization","name":"Logisain 44","url":"https:\/\/nature-et-developpement.com\/logisain-44\/","logo":{"@type":"ImageObject","inLanguage":"fr-FR","@id":"https:\/\/nature-et-developpement.com\/logisain-44\/#\/schema\/logo\/image\/","url":"https:\/\/nature-et-developpement.com\/logisain-44\/wp-content\/uploads\/sites\/4\/2021\/08\/logo-logisain.jpg","contentUrl":"https:\/\/nature-et-developpement.com\/logisain-44\/wp-content\/uploads\/sites\/4\/2021\/08\/logo-logisain.jpg","width":672,"height":455,"caption":"Logisain 44"},"image":{"@id":"https:\/\/nature-et-developpement.com\/logisain-44\/#\/schema\/logo\/image\/"}}]}},"distributor_meta":false,"distributor_terms":false,"distributor_media":false,"distributor_original_site_name":"Logisain 44","distributor_original_site_url":"https:\/\/nature-et-developpement.com\/logisain-44","push-errors":false,"_links":{"self":[{"href":"https:\/\/nature-et-developpement.com\/logisain-44\/wp-json\/wp\/v2\/product\/16493","targetHints":{"allow":["GET"]}}],"collection":[{"href":"https:\/\/nature-et-developpement.com\/logisain-44\/wp-json\/wp\/v2\/product"}],"about":[{"href":"https:\/\/nature-et-developpement.com\/logisain-44\/wp-json\/wp\/v2\/types\/product"}],"wp:featuredmedia":[{"embeddable":true,"href":"https:\/\/nature-et-developpement.com\/logisain-44\/wp-json\/"}],"wp:attachment":[{"href":"https:\/\/nature-et-developpement.com\/logisain-44\/wp-json\/wp\/v2\/media?parent=16493"}],"wp:term":[{"taxonomy":"product_brand","embeddable":true,"href":"https:\/\/nature-et-developpement.com\/logisain-44\/wp-json\/wp\/v2\/product_brand?post=16493"},{"taxonomy":"product_cat","embeddable":true,"href":"https:\/\/nature-et-developpement.com\/logisain-44\/wp-json\/wp\/v2\/product_cat?post=16493"},{"taxonomy":"product_tag","embeddable":true,"href":"https:\/\/nature-et-developpement.com\/logisain-44\/wp-json\/wp\/v2\/product_tag?post=16493"}],"curies":[{"name":"wp","href":"https:\/\/api.w.org\/{rel}","templated":true}]}}