{"id":16639,"date":"2017-01-01T00:00:00","date_gmt":"2016-12-31T23:00:00","guid":{"rendered":"https:\/\/nature-et-developpement.com\/logisain\/produit\/kit-pour-isolation-thermique-des-spots-dans-maison-bbc\/"},"modified":"2026-03-06T16:15:07","modified_gmt":"2026-03-06T15:15:07","slug":"kit-pour-isolation-thermique-des-spots-dans-maison-bbc","status":"publish","type":"product","link":"https:\/\/nature-et-developpement.com\/logisain-44\/produit\/kit-pour-isolation-thermique-des-spots-dans-maison-bbc\/","title":{"rendered":"Kit pour isolation thermique des spots dans maison BBC"},"content":{"rendered":"<p>Les Kits BBC comprennent une rondelle d\u2019\u00e9tanch\u00e9it\u00e9 \u00e0 l\u2019air qui se place sous la collerette, ainsi qu\u2019une mousse de protection \u00e0 fixer sur le capot du spot afin d\u2019\u00e9viter le contact du m\u00e9tal avec la toile BBC.<\/p>\n","protected":false},"excerpt":{"rendered":"<p>Disponibles en 2 dimensions pour des per\u00e7ages de 70mm (6W en version fixe, COMPACT) et 95mm (10W et 13W).<\/p>\n","protected":false},"featured_media":1000000158891,"template":"","meta":[],"product_brand":[10192],"product_cat":[10038],"product_tag":[],"class_list":{"0":"post-16639","1":"product","2":"type-product","3":"status-publish","4":"has-post-thumbnail","6":"product_brand-fd-eclairage","7":"product_cat-accessoires","8":"product_shipping_class-petit-equipement-outil-eclairage","10":"first","11":"instock","12":"taxable","13":"shipping-taxable","14":"purchasable","15":"product-type-variable"},"yoast_head":"<!-- This site is optimized with the Yoast SEO plugin v27.5 - https:\/\/yoast.com\/product\/yoast-seo-wordpress\/ -->\n<title>Kit pour isolation thermique des spots dans maison BBC - Logisain 44<\/title>\n<meta name=\"description\" content=\"Disponibles en 2 dimensions pour des per\u00e7ages de 70mm (6W en version fixe, COMPACT) et 95mm (10W et 13W). Loire-Atlantique\" \/>\n<meta name=\"robots\" content=\"noindex, nofollow\" \/>\n<meta property=\"og:locale\" content=\"fr_FR\" \/>\n<meta property=\"og:type\" content=\"article\" \/>\n<meta property=\"og:title\" content=\"Kit pour isolation thermique des spots dans maison BBC - Logisain 44\" \/>\n<meta property=\"og:description\" content=\"Disponibles en 2 dimensions pour des per\u00e7ages de 70mm (6W en version fixe, COMPACT) et 95mm (10W et 13W). Loire-Atlantique\" \/>\n<meta property=\"og:url\" content=\"https:\/\/nature-et-developpement.com\/logisain-44\/produit\/kit-pour-isolation-thermique-des-spots-dans-maison-bbc\/\" \/>\n<meta property=\"og:site_name\" content=\"Logisain 44\" \/>\n<meta property=\"article:modified_time\" content=\"2026-03-06T15:15:07+00:00\" \/>\n<meta name=\"twitter:card\" content=\"summary_large_image\" \/>\n<script type=\"application\/ld+json\" class=\"yoast-schema-graph\">{\"@context\":\"https:\\\/\\\/schema.org\",\"@graph\":[{\"@type\":\"WebPage\",\"@id\":\"https:\\\/\\\/nature-et-developpement.com\\\/logisain-44\\\/produit\\\/kit-pour-isolation-thermique-des-spots-dans-maison-bbc\\\/\",\"url\":\"https:\\\/\\\/nature-et-developpement.com\\\/logisain-44\\\/produit\\\/kit-pour-isolation-thermique-des-spots-dans-maison-bbc\\\/\",\"name\":\"Kit pour isolation thermique des spots dans maison BBC - Logisain 44\",\"isPartOf\":{\"@id\":\"https:\\\/\\\/nature-et-developpement.com\\\/logisain-44\\\/#website\"},\"primaryImageOfPage\":{\"@id\":\"https:\\\/\\\/nature-et-developpement.com\\\/logisain-44\\\/produit\\\/kit-pour-isolation-thermique-des-spots-dans-maison-bbc\\\/#primaryimage\"},\"image\":{\"@id\":\"https:\\\/\\\/nature-et-developpement.com\\\/logisain-44\\\/produit\\\/kit-pour-isolation-thermique-des-spots-dans-maison-bbc\\\/#primaryimage\"},\"thumbnailUrl\":\"https:\\\/\\\/nature-et-developpement.com\\\/logisain-44\\\/wp-content\\\/uploads\\\/Kit-pour-isolation-thermique-des-spots-dans-maison-BBC-FD-Eclairage.jpg\",\"datePublished\":\"2016-12-31T23:00:00+00:00\",\"dateModified\":\"2026-03-06T15:15:07+00:00\",\"description\":\"Disponibles en 2 dimensions pour des per\u00e7ages de 70mm (6W en version fixe, COMPACT) et 95mm (10W et 13W). Loire-Atlantique\",\"breadcrumb\":{\"@id\":\"https:\\\/\\\/nature-et-developpement.com\\\/logisain-44\\\/produit\\\/kit-pour-isolation-thermique-des-spots-dans-maison-bbc\\\/#breadcrumb\"},\"inLanguage\":\"fr-FR\",\"potentialAction\":[{\"@type\":\"ReadAction\",\"target\":[\"https:\\\/\\\/nature-et-developpement.com\\\/logisain-44\\\/produit\\\/kit-pour-isolation-thermique-des-spots-dans-maison-bbc\\\/\"]}]},{\"@type\":\"ImageObject\",\"inLanguage\":\"fr-FR\",\"@id\":\"https:\\\/\\\/nature-et-developpement.com\\\/logisain-44\\\/produit\\\/kit-pour-isolation-thermique-des-spots-dans-maison-bbc\\\/#primaryimage\",\"url\":\"https:\\\/\\\/nature-et-developpement.com\\\/logisain-44\\\/wp-content\\\/uploads\\\/Kit-pour-isolation-thermique-des-spots-dans-maison-BBC-FD-Eclairage.jpg\",\"contentUrl\":\"https:\\\/\\\/nature-et-developpement.com\\\/logisain-44\\\/wp-content\\\/uploads\\\/Kit-pour-isolation-thermique-des-spots-dans-maison-BBC-FD-Eclairage.jpg\"},{\"@type\":\"BreadcrumbList\",\"@id\":\"https:\\\/\\\/nature-et-developpement.com\\\/logisain-44\\\/produit\\\/kit-pour-isolation-thermique-des-spots-dans-maison-bbc\\\/#breadcrumb\",\"itemListElement\":[{\"@type\":\"ListItem\",\"position\":1,\"name\":\"Accueil\",\"item\":\"https:\\\/\\\/nature-et-developpement.com\\\/logisain-44\\\/\"},{\"@type\":\"ListItem\",\"position\":2,\"name\":\"Produits\",\"item\":\"https:\\\/\\\/nature-et-developpement.com\\\/logisain-44\\\/shop\\\/\"},{\"@type\":\"ListItem\",\"position\":3,\"name\":\"Chauffage, eau et \u00e9nergie\",\"item\":\"https:\\\/\\\/nature-et-developpement.com\\\/logisain-44\\\/produits\\\/energie-et-ventilation\\\/\"},{\"@type\":\"ListItem\",\"position\":4,\"name\":\"Accessoires\",\"item\":\"https:\\\/\\\/nature-et-developpement.com\\\/logisain-44\\\/produits\\\/energie-et-ventilation\\\/accessoires\\\/\"},{\"@type\":\"ListItem\",\"position\":5,\"name\":\"Kit pour isolation thermique des spots dans maison BBC\"}]},{\"@type\":\"WebSite\",\"@id\":\"https:\\\/\\\/nature-et-developpement.com\\\/logisain-44\\\/#website\",\"url\":\"https:\\\/\\\/nature-et-developpement.com\\\/logisain-44\\\/\",\"name\":\"Logisain 44\",\"description\":\"Logisain 44 est membre du groupement Nature &amp; D\u00e9veloppement\",\"publisher\":{\"@id\":\"https:\\\/\\\/nature-et-developpement.com\\\/logisain-44\\\/#organization\"},\"potentialAction\":[{\"@type\":\"SearchAction\",\"target\":{\"@type\":\"EntryPoint\",\"urlTemplate\":\"https:\\\/\\\/nature-et-developpement.com\\\/logisain-44\\\/?s={search_term_string}\"},\"query-input\":{\"@type\":\"PropertyValueSpecification\",\"valueRequired\":true,\"valueName\":\"search_term_string\"}}],\"inLanguage\":\"fr-FR\"},{\"@type\":\"Organization\",\"@id\":\"https:\\\/\\\/nature-et-developpement.com\\\/logisain-44\\\/#organization\",\"name\":\"Logisain 44\",\"url\":\"https:\\\/\\\/nature-et-developpement.com\\\/logisain-44\\\/\",\"logo\":{\"@type\":\"ImageObject\",\"inLanguage\":\"fr-FR\",\"@id\":\"https:\\\/\\\/nature-et-developpement.com\\\/logisain-44\\\/#\\\/schema\\\/logo\\\/image\\\/\",\"url\":\"https:\\\/\\\/nature-et-developpement.com\\\/logisain-44\\\/wp-content\\\/uploads\\\/sites\\\/4\\\/2021\\\/08\\\/logo-logisain.jpg\",\"contentUrl\":\"https:\\\/\\\/nature-et-developpement.com\\\/logisain-44\\\/wp-content\\\/uploads\\\/sites\\\/4\\\/2021\\\/08\\\/logo-logisain.jpg\",\"width\":672,\"height\":455,\"caption\":\"Logisain 44\"},\"image\":{\"@id\":\"https:\\\/\\\/nature-et-developpement.com\\\/logisain-44\\\/#\\\/schema\\\/logo\\\/image\\\/\"}}]}<\/script>\n<!-- \/ Yoast SEO plugin. -->","yoast_head_json":{"title":"Kit pour isolation thermique des spots dans maison BBC - Logisain 44","description":"Disponibles en 2 dimensions pour des per\u00e7ages de 70mm (6W en version fixe, COMPACT) et 95mm (10W et 13W). Loire-Atlantique","robots":{"index":"noindex","follow":"nofollow"},"og_locale":"fr_FR","og_type":"article","og_title":"Kit pour isolation thermique des spots dans maison BBC - Logisain 44","og_description":"Disponibles en 2 dimensions pour des per\u00e7ages de 70mm (6W en version fixe, COMPACT) et 95mm (10W et 13W). Loire-Atlantique","og_url":"https:\/\/nature-et-developpement.com\/logisain-44\/produit\/kit-pour-isolation-thermique-des-spots-dans-maison-bbc\/","og_site_name":"Logisain 44","article_modified_time":"2026-03-06T15:15:07+00:00","twitter_card":"summary_large_image","schema":{"@context":"https:\/\/schema.org","@graph":[{"@type":"WebPage","@id":"https:\/\/nature-et-developpement.com\/logisain-44\/produit\/kit-pour-isolation-thermique-des-spots-dans-maison-bbc\/","url":"https:\/\/nature-et-developpement.com\/logisain-44\/produit\/kit-pour-isolation-thermique-des-spots-dans-maison-bbc\/","name":"Kit pour isolation thermique des spots dans maison BBC - Logisain 44","isPartOf":{"@id":"https:\/\/nature-et-developpement.com\/logisain-44\/#website"},"primaryImageOfPage":{"@id":"https:\/\/nature-et-developpement.com\/logisain-44\/produit\/kit-pour-isolation-thermique-des-spots-dans-maison-bbc\/#primaryimage"},"image":{"@id":"https:\/\/nature-et-developpement.com\/logisain-44\/produit\/kit-pour-isolation-thermique-des-spots-dans-maison-bbc\/#primaryimage"},"thumbnailUrl":"https:\/\/nature-et-developpement.com\/logisain-44\/wp-content\/uploads\/Kit-pour-isolation-thermique-des-spots-dans-maison-BBC-FD-Eclairage.jpg","datePublished":"2016-12-31T23:00:00+00:00","dateModified":"2026-03-06T15:15:07+00:00","description":"Disponibles en 2 dimensions pour des per\u00e7ages de 70mm (6W en version fixe, COMPACT) et 95mm (10W et 13W). Loire-Atlantique","breadcrumb":{"@id":"https:\/\/nature-et-developpement.com\/logisain-44\/produit\/kit-pour-isolation-thermique-des-spots-dans-maison-bbc\/#breadcrumb"},"inLanguage":"fr-FR","potentialAction":[{"@type":"ReadAction","target":["https:\/\/nature-et-developpement.com\/logisain-44\/produit\/kit-pour-isolation-thermique-des-spots-dans-maison-bbc\/"]}]},{"@type":"ImageObject","inLanguage":"fr-FR","@id":"https:\/\/nature-et-developpement.com\/logisain-44\/produit\/kit-pour-isolation-thermique-des-spots-dans-maison-bbc\/#primaryimage","url":"https:\/\/nature-et-developpement.com\/logisain-44\/wp-content\/uploads\/Kit-pour-isolation-thermique-des-spots-dans-maison-BBC-FD-Eclairage.jpg","contentUrl":"https:\/\/nature-et-developpement.com\/logisain-44\/wp-content\/uploads\/Kit-pour-isolation-thermique-des-spots-dans-maison-BBC-FD-Eclairage.jpg"},{"@type":"BreadcrumbList","@id":"https:\/\/nature-et-developpement.com\/logisain-44\/produit\/kit-pour-isolation-thermique-des-spots-dans-maison-bbc\/#breadcrumb","itemListElement":[{"@type":"ListItem","position":1,"name":"Accueil","item":"https:\/\/nature-et-developpement.com\/logisain-44\/"},{"@type":"ListItem","position":2,"name":"Produits","item":"https:\/\/nature-et-developpement.com\/logisain-44\/shop\/"},{"@type":"ListItem","position":3,"name":"Chauffage, eau et \u00e9nergie","item":"https:\/\/nature-et-developpement.com\/logisain-44\/produits\/energie-et-ventilation\/"},{"@type":"ListItem","position":4,"name":"Accessoires","item":"https:\/\/nature-et-developpement.com\/logisain-44\/produits\/energie-et-ventilation\/accessoires\/"},{"@type":"ListItem","position":5,"name":"Kit pour isolation thermique des spots dans maison BBC"}]},{"@type":"WebSite","@id":"https:\/\/nature-et-developpement.com\/logisain-44\/#website","url":"https:\/\/nature-et-developpement.com\/logisain-44\/","name":"Logisain 44","description":"Logisain 44 est membre du groupement Nature &amp; D\u00e9veloppement","publisher":{"@id":"https:\/\/nature-et-developpement.com\/logisain-44\/#organization"},"potentialAction":[{"@type":"SearchAction","target":{"@type":"EntryPoint","urlTemplate":"https:\/\/nature-et-developpement.com\/logisain-44\/?s={search_term_string}"},"query-input":{"@type":"PropertyValueSpecification","valueRequired":true,"valueName":"search_term_string"}}],"inLanguage":"fr-FR"},{"@type":"Organization","@id":"https:\/\/nature-et-developpement.com\/logisain-44\/#organization","name":"Logisain 44","url":"https:\/\/nature-et-developpement.com\/logisain-44\/","logo":{"@type":"ImageObject","inLanguage":"fr-FR","@id":"https:\/\/nature-et-developpement.com\/logisain-44\/#\/schema\/logo\/image\/","url":"https:\/\/nature-et-developpement.com\/logisain-44\/wp-content\/uploads\/sites\/4\/2021\/08\/logo-logisain.jpg","contentUrl":"https:\/\/nature-et-developpement.com\/logisain-44\/wp-content\/uploads\/sites\/4\/2021\/08\/logo-logisain.jpg","width":672,"height":455,"caption":"Logisain 44"},"image":{"@id":"https:\/\/nature-et-developpement.com\/logisain-44\/#\/schema\/logo\/image\/"}}]}},"distributor_meta":false,"distributor_terms":false,"distributor_media":false,"distributor_original_site_name":"Logisain 44","distributor_original_site_url":"https:\/\/nature-et-developpement.com\/logisain-44","push-errors":false,"_links":{"self":[{"href":"https:\/\/nature-et-developpement.com\/logisain-44\/wp-json\/wp\/v2\/product\/16639","targetHints":{"allow":["GET"]}}],"collection":[{"href":"https:\/\/nature-et-developpement.com\/logisain-44\/wp-json\/wp\/v2\/product"}],"about":[{"href":"https:\/\/nature-et-developpement.com\/logisain-44\/wp-json\/wp\/v2\/types\/product"}],"wp:featuredmedia":[{"embeddable":true,"href":"https:\/\/nature-et-developpement.com\/logisain-44\/wp-json\/"}],"wp:attachment":[{"href":"https:\/\/nature-et-developpement.com\/logisain-44\/wp-json\/wp\/v2\/media?parent=16639"}],"wp:term":[{"taxonomy":"product_brand","embeddable":true,"href":"https:\/\/nature-et-developpement.com\/logisain-44\/wp-json\/wp\/v2\/product_brand?post=16639"},{"taxonomy":"product_cat","embeddable":true,"href":"https:\/\/nature-et-developpement.com\/logisain-44\/wp-json\/wp\/v2\/product_cat?post=16639"},{"taxonomy":"product_tag","embeddable":true,"href":"https:\/\/nature-et-developpement.com\/logisain-44\/wp-json\/wp\/v2\/product_tag?post=16639"}],"curies":[{"name":"wp","href":"https:\/\/api.w.org\/{rel}","templated":true}]}}