{"id":16648,"date":"2017-01-01T00:00:00","date_gmt":"2016-12-31T23:00:00","guid":{"rendered":"https:\/\/nature-et-developpement.com\/logisain\/produit\/pot-dencastrement-pour-leduxion\/"},"modified":"2025-06-12T14:57:35","modified_gmt":"2025-06-12T12:57:35","slug":"pot-dencastrement-pour-leduxion","status":"publish","type":"product","link":"https:\/\/nature-et-developpement.com\/logisain-44\/produit\/pot-dencastrement-pour-leduxion\/","title":{"rendered":"Pot d&rsquo;encastrement pour LEDUXION"},"content":{"rendered":"<h2>Boite d encastrement spot LED<\/h2>\n<p>Ce pot d&rsquo;encastrement, de forme \u00e9vas\u00e9e sur le bas avec des \u0153illets de fixation au sol vous permettra de le fixer \u00e0 l&rsquo;aide de clous avant de couler votre b\u00e9ton.<\/p>\n<p>Il laisse \u00e9galement de la place dans le fond du pot pour loger \u00ab\u00a0le mou\u00a0\u00bb de c\u00e2ble n\u00e9cessaire pour un montage et un d\u00e9montage facile de l&rsquo;appareil.<\/p>\n<h3>La gamme LEDUXION<\/h3>\n<p>Des appareils pour l&rsquo;\u00e9clairage ext\u00e9rieur r\u00e9volutionnaires qui fonctionnent par induction magn\u00e9tique.<\/p>\n<p>Il n&rsquo;y a donc aucun raccordement physique entre la t\u00eate du spot qui \u00e9claire, et sa base qui est aliment\u00e9 en 230V directement.<\/p>\n<p>La base d&rsquo;alimentation du spot est enti\u00e8rement surmoul\u00e9e en plastique, elle se raccorde directement sur le 230V.<\/p>\n<p>La t\u00eate en Inox 316L se pose simplement dessus et se fixe par 2 vis.<\/p>\n<p>Ce produit est donc tr\u00e8s peu sensible aux probl\u00e8mes d&rsquo;humidit\u00e9 li\u00e9 \u00e0 des probl\u00e8mes de drainage.<\/p>\n<p>La seule pr\u00e9caution \u00e0 prendre est d&rsquo;\u00e9tancher correctement le raccordement de la base au r\u00e9seau 230V (nous recommandons d&rsquo;utiliser du gel de protection autour de votre connexion \u00e9lectrique).<\/p>\n<p>Un produit garanti Inox 316L qui vous garantira un excellent vieillissement dans le temps, m\u00eame sur les zones en bord de mer.<\/p>\n<p>Le Leduxion est limit\u00e9 en puissance \u00e0 3W et ne peut pas \u00eatre vari\u00e9.<\/p>\n<p>Si vous avez besoin de plus de puissance, ou de panacher des puissances diff\u00e9rentes pour \u00e9clairer un mur de maison et un bout de terrasse, vous devriez vous orienter plut\u00f4t vers la gamme des spots ext\u00e9rieurs LICHEN qui offre toutes ces possibilit\u00e9s.<\/p>\n","protected":false},"excerpt":{"rendered":"<p>\u00c0 sceller dans le b\u00e9ton pour les spots\u00a0encastr\u00e9 de sol LEDUXION<\/p>\n","protected":false},"featured_media":1000000158877,"template":"","meta":[],"product_brand":[10192],"product_cat":[10038],"product_tag":[],"class_list":{"0":"post-16648","1":"product","2":"type-product","3":"status-publish","4":"has-post-thumbnail","6":"product_brand-fd-eclairage","7":"product_cat-accessoires","8":"product_shipping_class-petit-equipement-outil-eclairage","10":"first","11":"instock","12":"taxable","13":"shipping-taxable","14":"purchasable","15":"product-type-simple"},"yoast_head":"<!-- This site is optimized with the Yoast SEO plugin v27.5 - https:\/\/yoast.com\/product\/yoast-seo-wordpress\/ -->\n<title>Pot d&#039;encastrement pour LEDUXION - Logisain 44<\/title>\n<meta name=\"description\" content=\"\u00c0 sceller dans le b\u00e9ton pour les spots\u00a0encastr\u00e9 de sol LEDUXION Loire-Atlantique\" \/>\n<meta name=\"robots\" content=\"noindex, follow\" \/>\n<meta property=\"og:locale\" content=\"fr_FR\" \/>\n<meta property=\"og:type\" content=\"article\" \/>\n<meta property=\"og:title\" content=\"Pot d&#039;encastrement pour LEDUXION - Logisain 44\" \/>\n<meta property=\"og:description\" content=\"\u00c0 sceller dans le b\u00e9ton pour les spots\u00a0encastr\u00e9 de sol LEDUXION Loire-Atlantique\" \/>\n<meta property=\"og:url\" content=\"https:\/\/nature-et-developpement.com\/logisain-44\/produit\/pot-dencastrement-pour-leduxion\/\" \/>\n<meta property=\"og:site_name\" content=\"Logisain 44\" \/>\n<meta property=\"article:modified_time\" content=\"2025-06-12T12:57:35+00:00\" \/>\n<meta name=\"twitter:card\" content=\"summary_large_image\" \/>\n<meta name=\"twitter:label1\" content=\"Dur\u00e9e de lecture estim\u00e9e\" \/>\n\t<meta name=\"twitter:data1\" content=\"1 minute\" \/>\n<script type=\"application\/ld+json\" class=\"yoast-schema-graph\">{\"@context\":\"https:\\\/\\\/schema.org\",\"@graph\":[{\"@type\":\"WebPage\",\"@id\":\"https:\\\/\\\/nature-et-developpement.com\\\/logisain-44\\\/produit\\\/pot-dencastrement-pour-leduxion\\\/\",\"url\":\"https:\\\/\\\/nature-et-developpement.com\\\/logisain-44\\\/produit\\\/pot-dencastrement-pour-leduxion\\\/\",\"name\":\"Pot d'encastrement pour LEDUXION - Logisain 44\",\"isPartOf\":{\"@id\":\"https:\\\/\\\/nature-et-developpement.com\\\/logisain-44\\\/#website\"},\"primaryImageOfPage\":{\"@id\":\"https:\\\/\\\/nature-et-developpement.com\\\/logisain-44\\\/produit\\\/pot-dencastrement-pour-leduxion\\\/#primaryimage\"},\"image\":{\"@id\":\"https:\\\/\\\/nature-et-developpement.com\\\/logisain-44\\\/produit\\\/pot-dencastrement-pour-leduxion\\\/#primaryimage\"},\"thumbnailUrl\":\"https:\\\/\\\/nature-et-developpement.com\\\/logisain-44\\\/wp-content\\\/uploads\\\/POT-ENCASTREMENT-LX001.jpg\",\"datePublished\":\"2016-12-31T23:00:00+00:00\",\"dateModified\":\"2025-06-12T12:57:35+00:00\",\"description\":\"\u00c0 sceller dans le b\u00e9ton pour les spots\u00a0encastr\u00e9 de sol LEDUXION Loire-Atlantique\",\"breadcrumb\":{\"@id\":\"https:\\\/\\\/nature-et-developpement.com\\\/logisain-44\\\/produit\\\/pot-dencastrement-pour-leduxion\\\/#breadcrumb\"},\"inLanguage\":\"fr-FR\",\"potentialAction\":[{\"@type\":\"ReadAction\",\"target\":[\"https:\\\/\\\/nature-et-developpement.com\\\/logisain-44\\\/produit\\\/pot-dencastrement-pour-leduxion\\\/\"]}]},{\"@type\":\"ImageObject\",\"inLanguage\":\"fr-FR\",\"@id\":\"https:\\\/\\\/nature-et-developpement.com\\\/logisain-44\\\/produit\\\/pot-dencastrement-pour-leduxion\\\/#primaryimage\",\"url\":\"https:\\\/\\\/nature-et-developpement.com\\\/logisain-44\\\/wp-content\\\/uploads\\\/POT-ENCASTREMENT-LX001.jpg\",\"contentUrl\":\"https:\\\/\\\/nature-et-developpement.com\\\/logisain-44\\\/wp-content\\\/uploads\\\/POT-ENCASTREMENT-LX001.jpg\"},{\"@type\":\"BreadcrumbList\",\"@id\":\"https:\\\/\\\/nature-et-developpement.com\\\/logisain-44\\\/produit\\\/pot-dencastrement-pour-leduxion\\\/#breadcrumb\",\"itemListElement\":[{\"@type\":\"ListItem\",\"position\":1,\"name\":\"Accueil\",\"item\":\"https:\\\/\\\/nature-et-developpement.com\\\/logisain-44\\\/\"},{\"@type\":\"ListItem\",\"position\":2,\"name\":\"Produits\",\"item\":\"https:\\\/\\\/nature-et-developpement.com\\\/logisain-44\\\/shop\\\/\"},{\"@type\":\"ListItem\",\"position\":3,\"name\":\"Chauffage, eau et \u00e9nergie\",\"item\":\"https:\\\/\\\/nature-et-developpement.com\\\/logisain-44\\\/produits\\\/energie-et-ventilation\\\/\"},{\"@type\":\"ListItem\",\"position\":4,\"name\":\"Accessoires\",\"item\":\"https:\\\/\\\/nature-et-developpement.com\\\/logisain-44\\\/produits\\\/energie-et-ventilation\\\/accessoires\\\/\"},{\"@type\":\"ListItem\",\"position\":5,\"name\":\"Pot d&rsquo;encastrement pour LEDUXION\"}]},{\"@type\":\"WebSite\",\"@id\":\"https:\\\/\\\/nature-et-developpement.com\\\/logisain-44\\\/#website\",\"url\":\"https:\\\/\\\/nature-et-developpement.com\\\/logisain-44\\\/\",\"name\":\"Logisain 44\",\"description\":\"Logisain 44 est membre du groupement Nature &amp; D\u00e9veloppement\",\"publisher\":{\"@id\":\"https:\\\/\\\/nature-et-developpement.com\\\/logisain-44\\\/#organization\"},\"potentialAction\":[{\"@type\":\"SearchAction\",\"target\":{\"@type\":\"EntryPoint\",\"urlTemplate\":\"https:\\\/\\\/nature-et-developpement.com\\\/logisain-44\\\/?s={search_term_string}\"},\"query-input\":{\"@type\":\"PropertyValueSpecification\",\"valueRequired\":true,\"valueName\":\"search_term_string\"}}],\"inLanguage\":\"fr-FR\"},{\"@type\":\"Organization\",\"@id\":\"https:\\\/\\\/nature-et-developpement.com\\\/logisain-44\\\/#organization\",\"name\":\"Logisain 44\",\"url\":\"https:\\\/\\\/nature-et-developpement.com\\\/logisain-44\\\/\",\"logo\":{\"@type\":\"ImageObject\",\"inLanguage\":\"fr-FR\",\"@id\":\"https:\\\/\\\/nature-et-developpement.com\\\/logisain-44\\\/#\\\/schema\\\/logo\\\/image\\\/\",\"url\":\"https:\\\/\\\/nature-et-developpement.com\\\/logisain-44\\\/wp-content\\\/uploads\\\/sites\\\/4\\\/2021\\\/08\\\/logo-logisain.jpg\",\"contentUrl\":\"https:\\\/\\\/nature-et-developpement.com\\\/logisain-44\\\/wp-content\\\/uploads\\\/sites\\\/4\\\/2021\\\/08\\\/logo-logisain.jpg\",\"width\":672,\"height\":455,\"caption\":\"Logisain 44\"},\"image\":{\"@id\":\"https:\\\/\\\/nature-et-developpement.com\\\/logisain-44\\\/#\\\/schema\\\/logo\\\/image\\\/\"}}]}<\/script>\n<!-- \/ Yoast SEO plugin. -->","yoast_head_json":{"title":"Pot d'encastrement pour LEDUXION - Logisain 44","description":"\u00c0 sceller dans le b\u00e9ton pour les spots\u00a0encastr\u00e9 de sol LEDUXION Loire-Atlantique","robots":{"index":"noindex","follow":"follow"},"og_locale":"fr_FR","og_type":"article","og_title":"Pot d'encastrement pour LEDUXION - Logisain 44","og_description":"\u00c0 sceller dans le b\u00e9ton pour les spots\u00a0encastr\u00e9 de sol LEDUXION Loire-Atlantique","og_url":"https:\/\/nature-et-developpement.com\/logisain-44\/produit\/pot-dencastrement-pour-leduxion\/","og_site_name":"Logisain 44","article_modified_time":"2025-06-12T12:57:35+00:00","twitter_card":"summary_large_image","twitter_misc":{"Dur\u00e9e de lecture estim\u00e9e":"1 minute"},"schema":{"@context":"https:\/\/schema.org","@graph":[{"@type":"WebPage","@id":"https:\/\/nature-et-developpement.com\/logisain-44\/produit\/pot-dencastrement-pour-leduxion\/","url":"https:\/\/nature-et-developpement.com\/logisain-44\/produit\/pot-dencastrement-pour-leduxion\/","name":"Pot d'encastrement pour LEDUXION - Logisain 44","isPartOf":{"@id":"https:\/\/nature-et-developpement.com\/logisain-44\/#website"},"primaryImageOfPage":{"@id":"https:\/\/nature-et-developpement.com\/logisain-44\/produit\/pot-dencastrement-pour-leduxion\/#primaryimage"},"image":{"@id":"https:\/\/nature-et-developpement.com\/logisain-44\/produit\/pot-dencastrement-pour-leduxion\/#primaryimage"},"thumbnailUrl":"https:\/\/nature-et-developpement.com\/logisain-44\/wp-content\/uploads\/POT-ENCASTREMENT-LX001.jpg","datePublished":"2016-12-31T23:00:00+00:00","dateModified":"2025-06-12T12:57:35+00:00","description":"\u00c0 sceller dans le b\u00e9ton pour les spots\u00a0encastr\u00e9 de sol LEDUXION Loire-Atlantique","breadcrumb":{"@id":"https:\/\/nature-et-developpement.com\/logisain-44\/produit\/pot-dencastrement-pour-leduxion\/#breadcrumb"},"inLanguage":"fr-FR","potentialAction":[{"@type":"ReadAction","target":["https:\/\/nature-et-developpement.com\/logisain-44\/produit\/pot-dencastrement-pour-leduxion\/"]}]},{"@type":"ImageObject","inLanguage":"fr-FR","@id":"https:\/\/nature-et-developpement.com\/logisain-44\/produit\/pot-dencastrement-pour-leduxion\/#primaryimage","url":"https:\/\/nature-et-developpement.com\/logisain-44\/wp-content\/uploads\/POT-ENCASTREMENT-LX001.jpg","contentUrl":"https:\/\/nature-et-developpement.com\/logisain-44\/wp-content\/uploads\/POT-ENCASTREMENT-LX001.jpg"},{"@type":"BreadcrumbList","@id":"https:\/\/nature-et-developpement.com\/logisain-44\/produit\/pot-dencastrement-pour-leduxion\/#breadcrumb","itemListElement":[{"@type":"ListItem","position":1,"name":"Accueil","item":"https:\/\/nature-et-developpement.com\/logisain-44\/"},{"@type":"ListItem","position":2,"name":"Produits","item":"https:\/\/nature-et-developpement.com\/logisain-44\/shop\/"},{"@type":"ListItem","position":3,"name":"Chauffage, eau et \u00e9nergie","item":"https:\/\/nature-et-developpement.com\/logisain-44\/produits\/energie-et-ventilation\/"},{"@type":"ListItem","position":4,"name":"Accessoires","item":"https:\/\/nature-et-developpement.com\/logisain-44\/produits\/energie-et-ventilation\/accessoires\/"},{"@type":"ListItem","position":5,"name":"Pot d&rsquo;encastrement pour LEDUXION"}]},{"@type":"WebSite","@id":"https:\/\/nature-et-developpement.com\/logisain-44\/#website","url":"https:\/\/nature-et-developpement.com\/logisain-44\/","name":"Logisain 44","description":"Logisain 44 est membre du groupement Nature &amp; D\u00e9veloppement","publisher":{"@id":"https:\/\/nature-et-developpement.com\/logisain-44\/#organization"},"potentialAction":[{"@type":"SearchAction","target":{"@type":"EntryPoint","urlTemplate":"https:\/\/nature-et-developpement.com\/logisain-44\/?s={search_term_string}"},"query-input":{"@type":"PropertyValueSpecification","valueRequired":true,"valueName":"search_term_string"}}],"inLanguage":"fr-FR"},{"@type":"Organization","@id":"https:\/\/nature-et-developpement.com\/logisain-44\/#organization","name":"Logisain 44","url":"https:\/\/nature-et-developpement.com\/logisain-44\/","logo":{"@type":"ImageObject","inLanguage":"fr-FR","@id":"https:\/\/nature-et-developpement.com\/logisain-44\/#\/schema\/logo\/image\/","url":"https:\/\/nature-et-developpement.com\/logisain-44\/wp-content\/uploads\/sites\/4\/2021\/08\/logo-logisain.jpg","contentUrl":"https:\/\/nature-et-developpement.com\/logisain-44\/wp-content\/uploads\/sites\/4\/2021\/08\/logo-logisain.jpg","width":672,"height":455,"caption":"Logisain 44"},"image":{"@id":"https:\/\/nature-et-developpement.com\/logisain-44\/#\/schema\/logo\/image\/"}}]}},"distributor_meta":false,"distributor_terms":false,"distributor_media":false,"distributor_original_site_name":"Logisain 44","distributor_original_site_url":"https:\/\/nature-et-developpement.com\/logisain-44","push-errors":false,"_links":{"self":[{"href":"https:\/\/nature-et-developpement.com\/logisain-44\/wp-json\/wp\/v2\/product\/16648","targetHints":{"allow":["GET"]}}],"collection":[{"href":"https:\/\/nature-et-developpement.com\/logisain-44\/wp-json\/wp\/v2\/product"}],"about":[{"href":"https:\/\/nature-et-developpement.com\/logisain-44\/wp-json\/wp\/v2\/types\/product"}],"wp:featuredmedia":[{"embeddable":true,"href":"https:\/\/nature-et-developpement.com\/logisain-44\/wp-json\/"}],"wp:attachment":[{"href":"https:\/\/nature-et-developpement.com\/logisain-44\/wp-json\/wp\/v2\/media?parent=16648"}],"wp:term":[{"taxonomy":"product_brand","embeddable":true,"href":"https:\/\/nature-et-developpement.com\/logisain-44\/wp-json\/wp\/v2\/product_brand?post=16648"},{"taxonomy":"product_cat","embeddable":true,"href":"https:\/\/nature-et-developpement.com\/logisain-44\/wp-json\/wp\/v2\/product_cat?post=16648"},{"taxonomy":"product_tag","embeddable":true,"href":"https:\/\/nature-et-developpement.com\/logisain-44\/wp-json\/wp\/v2\/product_tag?post=16648"}],"curies":[{"name":"wp","href":"https:\/\/api.w.org\/{rel}","templated":true}]}}