{"id":30275,"date":"2023-01-25T09:55:43","date_gmt":"2023-01-25T08:55:43","guid":{"rendered":"https:\/\/nature-et-developpement.com\/logisain-44\/produit\/colle-pour-panneaux-isolants-sur-supports-bois-col-wood-de-prb\/"},"modified":"2025-06-12T15:02:09","modified_gmt":"2025-06-12T13:02:09","slug":"colle-panneaux-isolants-supports-bois-col-wood-prb","status":"publish","type":"product","link":"https:\/\/nature-et-developpement.com\/logisain-44\/produit\/colle-panneaux-isolants-supports-bois-col-wood-prb\/","title":{"rendered":"Colle pour panneaux isolants sur supports bois COL WOOD de PRB"},"content":{"rendered":"<h2>Adh\u00e9sif pour collage de panneaux isolants \u00e9cologiques sur supports bois<\/h2>\n<h3>Les +\u00a0 du COL WOOD de PRB<\/h3>\n<ul>\n<li>Adh\u00e9sif sans ciment<\/li>\n<li>Pour la pose de panneaux isolants sur support en panneaux bois<\/li>\n<li>Consommation :\u00a01,5 kg\/m\u00b2 suivant le type de peigne utilis\u00e9<\/li>\n<\/ul>\n<h3>APPLICATION<\/h3>\n<p>\u2022 \u00c9taler COL WOOD de PRB directement sur la surface totale du panneaux isolant ou directement sur le support par surface de 1 m\u00b2 \u00e0 l\u2019aide d\u2019une taloche crant\u00e9e de profil U4 ou U6 puis appliquer sans tarder le panneau isolant sur le support et le presser au moyen d\u2019une batte en bois.<\/p>\n<p>\u2022 La pose de l\u2019isolant se fera toujours fa\u00e7on coupe de pierre.<\/p>\n<p>\u2022 Sur support peint ou cr\u00e9pis, et ou en pr\u00e9sence d\u2019un isolant \u00e0 faible coh\u00e9sion de surface (&lt; 0,08 MPa) de type laine de bois rigide, des fixation m\u00e9caniques compl\u00e9mentaires (chevilles + vis \u00e0 bois adapt\u00e9es et r\u00e9sistantes \u00e0 la corrosion) sont n\u00e9cessaires pour assurer la bonne tenue du syst\u00e8me.<br \/>\nA cet effet, on disposera 4 de ces fixations par panneaux isolant.<\/p>\n","protected":false},"excerpt":{"rendered":"<p>Adh\u00e9sif sans ciment pour collage de panneaux en fibre de bois rigides isolants \u00e9cologiques sur support en bois, peints ou cr\u00e9pis<\/p>\n","protected":false},"featured_media":1000000166385,"template":"","meta":[],"product_brand":[10454],"product_cat":[7388,7386,7502],"product_tag":[11817],"class_list":{"0":"post-30275","1":"product","2":"type-product","3":"status-publish","4":"has-post-thumbnail","6":"product_brand-prb","7":"product_cat-accessoires-construction","8":"product_cat-accessoires-isolation-et-etancheite","9":"product_cat-colle","10":"product_tag-prb","11":"product_shipping_class-sac-de-25kg","13":"first","14":"instock","15":"taxable","16":"shipping-taxable","17":"purchasable","18":"product-type-variable"},"yoast_head":"<!-- This site is optimized with the Yoast SEO plugin v27.5 - https:\/\/yoast.com\/product\/yoast-seo-wordpress\/ -->\n<title>Colle pour panneaux isolants en fibre bois COL WOOD PRB<\/title>\n<meta name=\"description\" content=\"Adh\u00e9sif sans ciment pour collage de panneaux en fibre de bois rigides isolants \u00e9cologiques sur support en bois, peints ou cr\u00e9pis Loire-Atlantique\" \/>\n<meta name=\"robots\" content=\"noindex, follow\" \/>\n<meta property=\"og:locale\" content=\"fr_FR\" \/>\n<meta property=\"og:type\" content=\"article\" \/>\n<meta property=\"og:title\" content=\"Colle pour panneaux isolants en fibre bois COL WOOD PRB\" \/>\n<meta property=\"og:description\" content=\"Adh\u00e9sif sans ciment pour collage de panneaux en fibre de bois rigides isolants \u00e9cologiques sur support en bois, peints ou cr\u00e9pis Loire-Atlantique\" \/>\n<meta property=\"og:url\" content=\"https:\/\/nature-et-developpement.com\/logisain-44\/produit\/colle-panneaux-isolants-supports-bois-col-wood-prb\/\" \/>\n<meta property=\"og:site_name\" content=\"Logisain 44\" \/>\n<meta property=\"article:modified_time\" content=\"2025-06-12T13:02:09+00:00\" \/>\n<meta name=\"twitter:card\" content=\"summary_large_image\" \/>\n<meta name=\"twitter:label1\" content=\"Dur\u00e9e de lecture estim\u00e9e\" \/>\n\t<meta name=\"twitter:data1\" content=\"1 minute\" \/>\n<script type=\"application\/ld+json\" class=\"yoast-schema-graph\">{\"@context\":\"https:\\\/\\\/schema.org\",\"@graph\":[{\"@type\":\"WebPage\",\"@id\":\"https:\\\/\\\/nature-et-developpement.com\\\/logisain-44\\\/produit\\\/colle-panneaux-isolants-supports-bois-col-wood-prb\\\/\",\"url\":\"https:\\\/\\\/nature-et-developpement.com\\\/logisain-44\\\/produit\\\/colle-panneaux-isolants-supports-bois-col-wood-prb\\\/\",\"name\":\"Colle pour panneaux isolants en fibre bois COL WOOD PRB\",\"isPartOf\":{\"@id\":\"https:\\\/\\\/nature-et-developpement.com\\\/logisain-44\\\/#website\"},\"primaryImageOfPage\":{\"@id\":\"https:\\\/\\\/nature-et-developpement.com\\\/logisain-44\\\/produit\\\/colle-panneaux-isolants-supports-bois-col-wood-prb\\\/#primaryimage\"},\"image\":{\"@id\":\"https:\\\/\\\/nature-et-developpement.com\\\/logisain-44\\\/produit\\\/colle-panneaux-isolants-supports-bois-col-wood-prb\\\/#primaryimage\"},\"thumbnailUrl\":\"https:\\\/\\\/nature-et-developpement.com\\\/logisain-44\\\/wp-content\\\/uploads\\\/Colle-pour-panneaux-isolant-COL-WOOD-de-PRB.jpg\",\"datePublished\":\"2023-01-25T08:55:43+00:00\",\"dateModified\":\"2025-06-12T13:02:09+00:00\",\"description\":\"Adh\u00e9sif sans ciment pour collage de panneaux en fibre de bois rigides isolants \u00e9cologiques sur support en bois, peints ou cr\u00e9pis Loire-Atlantique\",\"breadcrumb\":{\"@id\":\"https:\\\/\\\/nature-et-developpement.com\\\/logisain-44\\\/produit\\\/colle-panneaux-isolants-supports-bois-col-wood-prb\\\/#breadcrumb\"},\"inLanguage\":\"fr-FR\",\"potentialAction\":[{\"@type\":\"ReadAction\",\"target\":[\"https:\\\/\\\/nature-et-developpement.com\\\/logisain-44\\\/produit\\\/colle-panneaux-isolants-supports-bois-col-wood-prb\\\/\"]}]},{\"@type\":\"ImageObject\",\"inLanguage\":\"fr-FR\",\"@id\":\"https:\\\/\\\/nature-et-developpement.com\\\/logisain-44\\\/produit\\\/colle-panneaux-isolants-supports-bois-col-wood-prb\\\/#primaryimage\",\"url\":\"https:\\\/\\\/nature-et-developpement.com\\\/logisain-44\\\/wp-content\\\/uploads\\\/Colle-pour-panneaux-isolant-COL-WOOD-de-PRB.jpg\",\"contentUrl\":\"https:\\\/\\\/nature-et-developpement.com\\\/logisain-44\\\/wp-content\\\/uploads\\\/Colle-pour-panneaux-isolant-COL-WOOD-de-PRB.jpg\"},{\"@type\":\"BreadcrumbList\",\"@id\":\"https:\\\/\\\/nature-et-developpement.com\\\/logisain-44\\\/produit\\\/colle-panneaux-isolants-supports-bois-col-wood-prb\\\/#breadcrumb\",\"itemListElement\":[{\"@type\":\"ListItem\",\"position\":1,\"name\":\"Accueil\",\"item\":\"https:\\\/\\\/nature-et-developpement.com\\\/logisain-44\\\/\"},{\"@type\":\"ListItem\",\"position\":2,\"name\":\"Produits\",\"item\":\"https:\\\/\\\/nature-et-developpement.com\\\/logisain-44\\\/shop\\\/\"},{\"@type\":\"ListItem\",\"position\":3,\"name\":\"Construction, cloison et fen\u00eatres\",\"item\":\"https:\\\/\\\/nature-et-developpement.com\\\/logisain-44\\\/produits\\\/construction\\\/\"},{\"@type\":\"ListItem\",\"position\":4,\"name\":\"Accessoires construction\",\"item\":\"https:\\\/\\\/nature-et-developpement.com\\\/logisain-44\\\/produits\\\/construction\\\/accessoires-construction\\\/\"},{\"@type\":\"ListItem\",\"position\":5,\"name\":\"Colle pour panneaux isolants sur supports bois COL WOOD de PRB\"}]},{\"@type\":\"WebSite\",\"@id\":\"https:\\\/\\\/nature-et-developpement.com\\\/logisain-44\\\/#website\",\"url\":\"https:\\\/\\\/nature-et-developpement.com\\\/logisain-44\\\/\",\"name\":\"Logisain 44\",\"description\":\"Logisain 44 est membre du groupement Nature &amp; D\u00e9veloppement\",\"publisher\":{\"@id\":\"https:\\\/\\\/nature-et-developpement.com\\\/logisain-44\\\/#organization\"},\"potentialAction\":[{\"@type\":\"SearchAction\",\"target\":{\"@type\":\"EntryPoint\",\"urlTemplate\":\"https:\\\/\\\/nature-et-developpement.com\\\/logisain-44\\\/?s={search_term_string}\"},\"query-input\":{\"@type\":\"PropertyValueSpecification\",\"valueRequired\":true,\"valueName\":\"search_term_string\"}}],\"inLanguage\":\"fr-FR\"},{\"@type\":\"Organization\",\"@id\":\"https:\\\/\\\/nature-et-developpement.com\\\/logisain-44\\\/#organization\",\"name\":\"Logisain 44\",\"url\":\"https:\\\/\\\/nature-et-developpement.com\\\/logisain-44\\\/\",\"logo\":{\"@type\":\"ImageObject\",\"inLanguage\":\"fr-FR\",\"@id\":\"https:\\\/\\\/nature-et-developpement.com\\\/logisain-44\\\/#\\\/schema\\\/logo\\\/image\\\/\",\"url\":\"https:\\\/\\\/nature-et-developpement.com\\\/logisain-44\\\/wp-content\\\/uploads\\\/sites\\\/4\\\/2021\\\/08\\\/logo-logisain.jpg\",\"contentUrl\":\"https:\\\/\\\/nature-et-developpement.com\\\/logisain-44\\\/wp-content\\\/uploads\\\/sites\\\/4\\\/2021\\\/08\\\/logo-logisain.jpg\",\"width\":672,\"height\":455,\"caption\":\"Logisain 44\"},\"image\":{\"@id\":\"https:\\\/\\\/nature-et-developpement.com\\\/logisain-44\\\/#\\\/schema\\\/logo\\\/image\\\/\"}}]}<\/script>\n<!-- \/ Yoast SEO plugin. -->","yoast_head_json":{"title":"Colle pour panneaux isolants en fibre bois COL WOOD PRB","description":"Adh\u00e9sif sans ciment pour collage de panneaux en fibre de bois rigides isolants \u00e9cologiques sur support en bois, peints ou cr\u00e9pis Loire-Atlantique","robots":{"index":"noindex","follow":"follow"},"og_locale":"fr_FR","og_type":"article","og_title":"Colle pour panneaux isolants en fibre bois COL WOOD PRB","og_description":"Adh\u00e9sif sans ciment pour collage de panneaux en fibre de bois rigides isolants \u00e9cologiques sur support en bois, peints ou cr\u00e9pis Loire-Atlantique","og_url":"https:\/\/nature-et-developpement.com\/logisain-44\/produit\/colle-panneaux-isolants-supports-bois-col-wood-prb\/","og_site_name":"Logisain 44","article_modified_time":"2025-06-12T13:02:09+00:00","twitter_card":"summary_large_image","twitter_misc":{"Dur\u00e9e de lecture estim\u00e9e":"1 minute"},"schema":{"@context":"https:\/\/schema.org","@graph":[{"@type":"WebPage","@id":"https:\/\/nature-et-developpement.com\/logisain-44\/produit\/colle-panneaux-isolants-supports-bois-col-wood-prb\/","url":"https:\/\/nature-et-developpement.com\/logisain-44\/produit\/colle-panneaux-isolants-supports-bois-col-wood-prb\/","name":"Colle pour panneaux isolants en fibre bois COL WOOD PRB","isPartOf":{"@id":"https:\/\/nature-et-developpement.com\/logisain-44\/#website"},"primaryImageOfPage":{"@id":"https:\/\/nature-et-developpement.com\/logisain-44\/produit\/colle-panneaux-isolants-supports-bois-col-wood-prb\/#primaryimage"},"image":{"@id":"https:\/\/nature-et-developpement.com\/logisain-44\/produit\/colle-panneaux-isolants-supports-bois-col-wood-prb\/#primaryimage"},"thumbnailUrl":"https:\/\/nature-et-developpement.com\/logisain-44\/wp-content\/uploads\/Colle-pour-panneaux-isolant-COL-WOOD-de-PRB.jpg","datePublished":"2023-01-25T08:55:43+00:00","dateModified":"2025-06-12T13:02:09+00:00","description":"Adh\u00e9sif sans ciment pour collage de panneaux en fibre de bois rigides isolants \u00e9cologiques sur support en bois, peints ou cr\u00e9pis Loire-Atlantique","breadcrumb":{"@id":"https:\/\/nature-et-developpement.com\/logisain-44\/produit\/colle-panneaux-isolants-supports-bois-col-wood-prb\/#breadcrumb"},"inLanguage":"fr-FR","potentialAction":[{"@type":"ReadAction","target":["https:\/\/nature-et-developpement.com\/logisain-44\/produit\/colle-panneaux-isolants-supports-bois-col-wood-prb\/"]}]},{"@type":"ImageObject","inLanguage":"fr-FR","@id":"https:\/\/nature-et-developpement.com\/logisain-44\/produit\/colle-panneaux-isolants-supports-bois-col-wood-prb\/#primaryimage","url":"https:\/\/nature-et-developpement.com\/logisain-44\/wp-content\/uploads\/Colle-pour-panneaux-isolant-COL-WOOD-de-PRB.jpg","contentUrl":"https:\/\/nature-et-developpement.com\/logisain-44\/wp-content\/uploads\/Colle-pour-panneaux-isolant-COL-WOOD-de-PRB.jpg"},{"@type":"BreadcrumbList","@id":"https:\/\/nature-et-developpement.com\/logisain-44\/produit\/colle-panneaux-isolants-supports-bois-col-wood-prb\/#breadcrumb","itemListElement":[{"@type":"ListItem","position":1,"name":"Accueil","item":"https:\/\/nature-et-developpement.com\/logisain-44\/"},{"@type":"ListItem","position":2,"name":"Produits","item":"https:\/\/nature-et-developpement.com\/logisain-44\/shop\/"},{"@type":"ListItem","position":3,"name":"Construction, cloison et fen\u00eatres","item":"https:\/\/nature-et-developpement.com\/logisain-44\/produits\/construction\/"},{"@type":"ListItem","position":4,"name":"Accessoires construction","item":"https:\/\/nature-et-developpement.com\/logisain-44\/produits\/construction\/accessoires-construction\/"},{"@type":"ListItem","position":5,"name":"Colle pour panneaux isolants sur supports bois COL WOOD de PRB"}]},{"@type":"WebSite","@id":"https:\/\/nature-et-developpement.com\/logisain-44\/#website","url":"https:\/\/nature-et-developpement.com\/logisain-44\/","name":"Logisain 44","description":"Logisain 44 est membre du groupement Nature &amp; D\u00e9veloppement","publisher":{"@id":"https:\/\/nature-et-developpement.com\/logisain-44\/#organization"},"potentialAction":[{"@type":"SearchAction","target":{"@type":"EntryPoint","urlTemplate":"https:\/\/nature-et-developpement.com\/logisain-44\/?s={search_term_string}"},"query-input":{"@type":"PropertyValueSpecification","valueRequired":true,"valueName":"search_term_string"}}],"inLanguage":"fr-FR"},{"@type":"Organization","@id":"https:\/\/nature-et-developpement.com\/logisain-44\/#organization","name":"Logisain 44","url":"https:\/\/nature-et-developpement.com\/logisain-44\/","logo":{"@type":"ImageObject","inLanguage":"fr-FR","@id":"https:\/\/nature-et-developpement.com\/logisain-44\/#\/schema\/logo\/image\/","url":"https:\/\/nature-et-developpement.com\/logisain-44\/wp-content\/uploads\/sites\/4\/2021\/08\/logo-logisain.jpg","contentUrl":"https:\/\/nature-et-developpement.com\/logisain-44\/wp-content\/uploads\/sites\/4\/2021\/08\/logo-logisain.jpg","width":672,"height":455,"caption":"Logisain 44"},"image":{"@id":"https:\/\/nature-et-developpement.com\/logisain-44\/#\/schema\/logo\/image\/"}}]}},"distributor_meta":false,"distributor_terms":false,"distributor_media":false,"distributor_original_site_name":"Logisain 44","distributor_original_site_url":"https:\/\/nature-et-developpement.com\/logisain-44","push-errors":false,"_links":{"self":[{"href":"https:\/\/nature-et-developpement.com\/logisain-44\/wp-json\/wp\/v2\/product\/30275","targetHints":{"allow":["GET"]}}],"collection":[{"href":"https:\/\/nature-et-developpement.com\/logisain-44\/wp-json\/wp\/v2\/product"}],"about":[{"href":"https:\/\/nature-et-developpement.com\/logisain-44\/wp-json\/wp\/v2\/types\/product"}],"wp:featuredmedia":[{"embeddable":true,"href":"https:\/\/nature-et-developpement.com\/logisain-44\/wp-json\/"}],"wp:attachment":[{"href":"https:\/\/nature-et-developpement.com\/logisain-44\/wp-json\/wp\/v2\/media?parent=30275"}],"wp:term":[{"taxonomy":"product_brand","embeddable":true,"href":"https:\/\/nature-et-developpement.com\/logisain-44\/wp-json\/wp\/v2\/product_brand?post=30275"},{"taxonomy":"product_cat","embeddable":true,"href":"https:\/\/nature-et-developpement.com\/logisain-44\/wp-json\/wp\/v2\/product_cat?post=30275"},{"taxonomy":"product_tag","embeddable":true,"href":"https:\/\/nature-et-developpement.com\/logisain-44\/wp-json\/wp\/v2\/product_tag?post=30275"}],"curies":[{"name":"wp","href":"https:\/\/api.w.org\/{rel}","templated":true}]}}