{"id":33219,"date":"2020-11-09T00:00:00","date_gmt":"2020-11-08T23:00:00","guid":{"rendered":"https:\/\/nature-et-developpement.com\/logisain-44\/produit\/puits-de-lumiere-fakro\/"},"modified":"2025-09-02T14:20:06","modified_gmt":"2025-09-02T12:20:06","slug":"puits-de-lumiere-avec-conduit-flexible-reflechissant-fakro","status":"publish","type":"product","link":"https:\/\/nature-et-developpement.com\/logisain-44\/produit\/puits-de-lumiere-avec-conduit-flexible-reflechissant-fakro\/","title":{"rendered":"Puits de lumi\u00e8re avec conduit flexible r\u00e9fl\u00e9chissant Fakro"},"content":{"rendered":"<h2>Les puits de lumi\u00e8re Fakro<\/h2>\n<p>Ils sont principalement utilis\u00e9s dans les endroits o\u00f9 l&rsquo;installation d&rsquo;une fen\u00eatre de toit n&rsquo;est pas possible.<\/p>\n<p>C&rsquo;est une solution id\u00e9ale pour amener la lumi\u00e8re naturelle du jour \u00e0 l&rsquo;int\u00e9rieur de pi\u00e8ces peu ou pas \u00e9clair\u00e9es.<\/p>\n<p>Le tuyau flexible r\u00e9fl\u00e9chissant est fait d\u2019une membrane m\u00e9tallis\u00e9e, renforc\u00e9e et arm\u00e9e par un fil en acier d\u2019un diam\u00e8tre de 1,2mm.<\/p>\n<p>La longueur standard de 2,1 m permet de contourner des obstacles.<\/p>\n<p>Un diffuseur prismatique au plafond disperse la lumi\u00e8re dans la pi\u00e8ce.<\/p>\n<p>Pose admise dans des pentes de toiture de 15 \u00e0 60\u00b0<\/p>\n<p>\u00c9quip\u00e9 d\u2019un raccordement int\u00e9gr\u00e9<\/p>\n<table width=\"616\">\n<tbody>\n<tr>\n<td><img loading=\"lazy\" decoding=\"async\" src=\"https:\/\/nature-et-developpement.com\/wp-content\/uploads\/cms\/FAKRO\/SFD_2-SFD_2.jpg.jpg\" alt=\"SFD_2.jpg\" width=\"250\" height=\"317\" \/><\/td>\n<td><img loading=\"lazy\" decoding=\"async\" src=\"https:\/\/nature-et-developpement.com\/wp-content\/uploads\/cms\/FAKRO\/SF_2-SF_2.jpg.jpg\" alt=\"SF_2.jpg\" width=\"250\" height=\"317\" \/><\/td>\n<\/tr>\n<tr>\n<td>Le nouveau conduit de lumi\u00e8re<br \/>\navec coupole. Il est \u00e9quip\u00e9 d\u2019un<br \/>\nraccordement int\u00e9gr\u00e9, ce qui<br \/>\ndiminue consid\u00e9rablement le<br \/>\ntemps d\u2019assemblage du produit.<br \/>\n\u00c9galement disponible, une version<br \/>\navec d\u00e9coupes suppl\u00e9mentaires<br \/>\npermettant un apport de lumi\u00e8re<br \/>\nnaturelle directement sous le toit,<br \/>\npar exemple un grenier ou un<br \/>\ncomble. Le nouveau design du<br \/>\ndiffuseur int\u00e9rieur permet le montage<br \/>\nde la lampe SLO et ainsi de<br \/>\nprofiter d\u2019une source de lumi\u00e8re<br \/>\nsuppl\u00e9mentaire dans la pi\u00e8ce.<\/td>\n<td>&#8211; \u00c9quip\u00e9 d\u2019un verre plan<br \/>\ntremp\u00e9 de 4 mm.<br \/>\n&#8211; \u00c9quip\u00e9 d\u2019un raccordement d\u00e9j\u00e0<br \/>\nint\u00e9gr\u00e9,<br \/>\n&#8211; Le nouveau design du diffuseur<br \/>\nint\u00e9rieur permet le montage de<br \/>\nla lampe SLO et ainsi de profiter<br \/>\nd\u2019une source de lumi\u00e8re<br \/>\nsuppl\u00e9mentaire dans la pi\u00e8ce.<\/td>\n<\/tr>\n<\/tbody>\n<\/table>\n","protected":false},"excerpt":{"rendered":"<p>Gr\u00e2ce au puits de lumi\u00e8re, le soleil illumine les pi\u00e8ces en apportant sa lumi\u00e8re naturelle.<br \/>\nSolution compl\u00e8te et simple pour \u00e9clairer toutes les pi\u00e8ces sombres sans consommation d&rsquo;\u00e9nergie.<\/p>\n","protected":false},"featured_media":1000000168604,"template":"","meta":[],"product_brand":[10222],"product_cat":[7674],"product_tag":[11766],"class_list":{"0":"post-33219","1":"product","2":"type-product","3":"status-publish","4":"has-post-thumbnail","6":"product_brand-fakro","7":"product_cat-eclairage","8":"product_tag-fakro","10":"first","11":"instock","12":"taxable","13":"shipping-taxable","14":"purchasable","15":"product-type-variable"},"yoast_head":"<!-- This site is optimized with the Yoast SEO plugin v27.5 - https:\/\/yoast.com\/product\/yoast-seo-wordpress\/ -->\n<title>Puits de lumi\u00e8re avec conduit flexible r\u00e9fl\u00e9chissant Fakro - Logisain 44<\/title>\n<meta name=\"description\" content=\"Gr\u00e2ce au puits de lumi\u00e8re, le soleil illumine les pi\u00e8ces en apportant sa lumi\u00e8re naturelle. Solution compl\u00e8te et simple pour \u00e9clairer toutes les pi\u00e8ces sombres sans consommation d&#039;\u00e9nergie. Loire-Atlantique\" \/>\n<meta name=\"robots\" content=\"noindex, nofollow\" \/>\n<meta property=\"og:locale\" content=\"fr_FR\" \/>\n<meta property=\"og:type\" content=\"article\" \/>\n<meta property=\"og:title\" content=\"Puits de lumi\u00e8re avec conduit flexible r\u00e9fl\u00e9chissant Fakro - Logisain 44\" \/>\n<meta property=\"og:description\" content=\"Gr\u00e2ce au puits de lumi\u00e8re, le soleil illumine les pi\u00e8ces en apportant sa lumi\u00e8re naturelle. Solution compl\u00e8te et simple pour \u00e9clairer toutes les pi\u00e8ces sombres sans consommation d&#039;\u00e9nergie. Loire-Atlantique\" \/>\n<meta property=\"og:url\" content=\"https:\/\/nature-et-developpement.com\/logisain-44\/produit\/puits-de-lumiere-avec-conduit-flexible-reflechissant-fakro\/\" \/>\n<meta property=\"og:site_name\" content=\"Logisain 44\" \/>\n<meta property=\"article:modified_time\" content=\"2025-09-02T12:20:06+00:00\" \/>\n<meta name=\"twitter:card\" content=\"summary_large_image\" \/>\n<meta name=\"twitter:label1\" content=\"Dur\u00e9e de lecture estim\u00e9e\" \/>\n\t<meta name=\"twitter:data1\" content=\"2 minutes\" \/>\n<script type=\"application\/ld+json\" class=\"yoast-schema-graph\">{\"@context\":\"https:\\\/\\\/schema.org\",\"@graph\":[{\"@type\":\"WebPage\",\"@id\":\"https:\\\/\\\/nature-et-developpement.com\\\/logisain-44\\\/produit\\\/puits-de-lumiere-avec-conduit-flexible-reflechissant-fakro\\\/\",\"url\":\"https:\\\/\\\/nature-et-developpement.com\\\/logisain-44\\\/produit\\\/puits-de-lumiere-avec-conduit-flexible-reflechissant-fakro\\\/\",\"name\":\"Puits de lumi\u00e8re avec conduit flexible r\u00e9fl\u00e9chissant Fakro - Logisain 44\",\"isPartOf\":{\"@id\":\"https:\\\/\\\/nature-et-developpement.com\\\/logisain-44\\\/#website\"},\"primaryImageOfPage\":{\"@id\":\"https:\\\/\\\/nature-et-developpement.com\\\/logisain-44\\\/produit\\\/puits-de-lumiere-avec-conduit-flexible-reflechissant-fakro\\\/#primaryimage\"},\"image\":{\"@id\":\"https:\\\/\\\/nature-et-developpement.com\\\/logisain-44\\\/produit\\\/puits-de-lumiere-avec-conduit-flexible-reflechissant-fakro\\\/#primaryimage\"},\"thumbnailUrl\":\"https:\\\/\\\/nature-et-developpement.com\\\/logisain-44\\\/wp-content\\\/uploads\\\/Puits-de-limiere-SFD-S-Fakro.jpg\",\"datePublished\":\"2020-11-08T23:00:00+00:00\",\"dateModified\":\"2025-09-02T12:20:06+00:00\",\"description\":\"Gr\u00e2ce au puits de lumi\u00e8re, le soleil illumine les pi\u00e8ces en apportant sa lumi\u00e8re naturelle. Solution compl\u00e8te et simple pour \u00e9clairer toutes les pi\u00e8ces sombres sans consommation d'\u00e9nergie. Loire-Atlantique\",\"breadcrumb\":{\"@id\":\"https:\\\/\\\/nature-et-developpement.com\\\/logisain-44\\\/produit\\\/puits-de-lumiere-avec-conduit-flexible-reflechissant-fakro\\\/#breadcrumb\"},\"inLanguage\":\"fr-FR\",\"potentialAction\":[{\"@type\":\"ReadAction\",\"target\":[\"https:\\\/\\\/nature-et-developpement.com\\\/logisain-44\\\/produit\\\/puits-de-lumiere-avec-conduit-flexible-reflechissant-fakro\\\/\"]}]},{\"@type\":\"ImageObject\",\"inLanguage\":\"fr-FR\",\"@id\":\"https:\\\/\\\/nature-et-developpement.com\\\/logisain-44\\\/produit\\\/puits-de-lumiere-avec-conduit-flexible-reflechissant-fakro\\\/#primaryimage\",\"url\":\"https:\\\/\\\/nature-et-developpement.com\\\/logisain-44\\\/wp-content\\\/uploads\\\/Puits-de-limiere-SFD-S-Fakro.jpg\",\"contentUrl\":\"https:\\\/\\\/nature-et-developpement.com\\\/logisain-44\\\/wp-content\\\/uploads\\\/Puits-de-limiere-SFD-S-Fakro.jpg\"},{\"@type\":\"BreadcrumbList\",\"@id\":\"https:\\\/\\\/nature-et-developpement.com\\\/logisain-44\\\/produit\\\/puits-de-lumiere-avec-conduit-flexible-reflechissant-fakro\\\/#breadcrumb\",\"itemListElement\":[{\"@type\":\"ListItem\",\"position\":1,\"name\":\"Accueil\",\"item\":\"https:\\\/\\\/nature-et-developpement.com\\\/logisain-44\\\/\"},{\"@type\":\"ListItem\",\"position\":2,\"name\":\"Produits\",\"item\":\"https:\\\/\\\/nature-et-developpement.com\\\/logisain-44\\\/shop\\\/\"},{\"@type\":\"ListItem\",\"position\":3,\"name\":\"Chauffage, eau et \u00e9nergie\",\"item\":\"https:\\\/\\\/nature-et-developpement.com\\\/logisain-44\\\/produits\\\/energie-et-ventilation\\\/\"},{\"@type\":\"ListItem\",\"position\":4,\"name\":\"Lampe, lumi\u00e8re, \u00e9clairage LED et puit de lumi\u00e8re\",\"item\":\"https:\\\/\\\/nature-et-developpement.com\\\/logisain-44\\\/produits\\\/energie-et-ventilation\\\/eclairage\\\/\"},{\"@type\":\"ListItem\",\"position\":5,\"name\":\"Puits de lumi\u00e8re avec conduit flexible r\u00e9fl\u00e9chissant Fakro\"}]},{\"@type\":\"WebSite\",\"@id\":\"https:\\\/\\\/nature-et-developpement.com\\\/logisain-44\\\/#website\",\"url\":\"https:\\\/\\\/nature-et-developpement.com\\\/logisain-44\\\/\",\"name\":\"Logisain 44\",\"description\":\"Logisain 44 est membre du groupement Nature &amp; D\u00e9veloppement\",\"publisher\":{\"@id\":\"https:\\\/\\\/nature-et-developpement.com\\\/logisain-44\\\/#organization\"},\"potentialAction\":[{\"@type\":\"SearchAction\",\"target\":{\"@type\":\"EntryPoint\",\"urlTemplate\":\"https:\\\/\\\/nature-et-developpement.com\\\/logisain-44\\\/?s={search_term_string}\"},\"query-input\":{\"@type\":\"PropertyValueSpecification\",\"valueRequired\":true,\"valueName\":\"search_term_string\"}}],\"inLanguage\":\"fr-FR\"},{\"@type\":\"Organization\",\"@id\":\"https:\\\/\\\/nature-et-developpement.com\\\/logisain-44\\\/#organization\",\"name\":\"Logisain 44\",\"url\":\"https:\\\/\\\/nature-et-developpement.com\\\/logisain-44\\\/\",\"logo\":{\"@type\":\"ImageObject\",\"inLanguage\":\"fr-FR\",\"@id\":\"https:\\\/\\\/nature-et-developpement.com\\\/logisain-44\\\/#\\\/schema\\\/logo\\\/image\\\/\",\"url\":\"https:\\\/\\\/nature-et-developpement.com\\\/logisain-44\\\/wp-content\\\/uploads\\\/sites\\\/4\\\/2021\\\/08\\\/logo-logisain.jpg\",\"contentUrl\":\"https:\\\/\\\/nature-et-developpement.com\\\/logisain-44\\\/wp-content\\\/uploads\\\/sites\\\/4\\\/2021\\\/08\\\/logo-logisain.jpg\",\"width\":672,\"height\":455,\"caption\":\"Logisain 44\"},\"image\":{\"@id\":\"https:\\\/\\\/nature-et-developpement.com\\\/logisain-44\\\/#\\\/schema\\\/logo\\\/image\\\/\"}}]}<\/script>\n<!-- \/ Yoast SEO plugin. -->","yoast_head_json":{"title":"Puits de lumi\u00e8re avec conduit flexible r\u00e9fl\u00e9chissant Fakro - Logisain 44","description":"Gr\u00e2ce au puits de lumi\u00e8re, le soleil illumine les pi\u00e8ces en apportant sa lumi\u00e8re naturelle. Solution compl\u00e8te et simple pour \u00e9clairer toutes les pi\u00e8ces sombres sans consommation d'\u00e9nergie. Loire-Atlantique","robots":{"index":"noindex","follow":"nofollow"},"og_locale":"fr_FR","og_type":"article","og_title":"Puits de lumi\u00e8re avec conduit flexible r\u00e9fl\u00e9chissant Fakro - Logisain 44","og_description":"Gr\u00e2ce au puits de lumi\u00e8re, le soleil illumine les pi\u00e8ces en apportant sa lumi\u00e8re naturelle. Solution compl\u00e8te et simple pour \u00e9clairer toutes les pi\u00e8ces sombres sans consommation d'\u00e9nergie. Loire-Atlantique","og_url":"https:\/\/nature-et-developpement.com\/logisain-44\/produit\/puits-de-lumiere-avec-conduit-flexible-reflechissant-fakro\/","og_site_name":"Logisain 44","article_modified_time":"2025-09-02T12:20:06+00:00","twitter_card":"summary_large_image","twitter_misc":{"Dur\u00e9e de lecture estim\u00e9e":"2 minutes"},"schema":{"@context":"https:\/\/schema.org","@graph":[{"@type":"WebPage","@id":"https:\/\/nature-et-developpement.com\/logisain-44\/produit\/puits-de-lumiere-avec-conduit-flexible-reflechissant-fakro\/","url":"https:\/\/nature-et-developpement.com\/logisain-44\/produit\/puits-de-lumiere-avec-conduit-flexible-reflechissant-fakro\/","name":"Puits de lumi\u00e8re avec conduit flexible r\u00e9fl\u00e9chissant Fakro - Logisain 44","isPartOf":{"@id":"https:\/\/nature-et-developpement.com\/logisain-44\/#website"},"primaryImageOfPage":{"@id":"https:\/\/nature-et-developpement.com\/logisain-44\/produit\/puits-de-lumiere-avec-conduit-flexible-reflechissant-fakro\/#primaryimage"},"image":{"@id":"https:\/\/nature-et-developpement.com\/logisain-44\/produit\/puits-de-lumiere-avec-conduit-flexible-reflechissant-fakro\/#primaryimage"},"thumbnailUrl":"https:\/\/nature-et-developpement.com\/logisain-44\/wp-content\/uploads\/Puits-de-limiere-SFD-S-Fakro.jpg","datePublished":"2020-11-08T23:00:00+00:00","dateModified":"2025-09-02T12:20:06+00:00","description":"Gr\u00e2ce au puits de lumi\u00e8re, le soleil illumine les pi\u00e8ces en apportant sa lumi\u00e8re naturelle. Solution compl\u00e8te et simple pour \u00e9clairer toutes les pi\u00e8ces sombres sans consommation d'\u00e9nergie. Loire-Atlantique","breadcrumb":{"@id":"https:\/\/nature-et-developpement.com\/logisain-44\/produit\/puits-de-lumiere-avec-conduit-flexible-reflechissant-fakro\/#breadcrumb"},"inLanguage":"fr-FR","potentialAction":[{"@type":"ReadAction","target":["https:\/\/nature-et-developpement.com\/logisain-44\/produit\/puits-de-lumiere-avec-conduit-flexible-reflechissant-fakro\/"]}]},{"@type":"ImageObject","inLanguage":"fr-FR","@id":"https:\/\/nature-et-developpement.com\/logisain-44\/produit\/puits-de-lumiere-avec-conduit-flexible-reflechissant-fakro\/#primaryimage","url":"https:\/\/nature-et-developpement.com\/logisain-44\/wp-content\/uploads\/Puits-de-limiere-SFD-S-Fakro.jpg","contentUrl":"https:\/\/nature-et-developpement.com\/logisain-44\/wp-content\/uploads\/Puits-de-limiere-SFD-S-Fakro.jpg"},{"@type":"BreadcrumbList","@id":"https:\/\/nature-et-developpement.com\/logisain-44\/produit\/puits-de-lumiere-avec-conduit-flexible-reflechissant-fakro\/#breadcrumb","itemListElement":[{"@type":"ListItem","position":1,"name":"Accueil","item":"https:\/\/nature-et-developpement.com\/logisain-44\/"},{"@type":"ListItem","position":2,"name":"Produits","item":"https:\/\/nature-et-developpement.com\/logisain-44\/shop\/"},{"@type":"ListItem","position":3,"name":"Chauffage, eau et \u00e9nergie","item":"https:\/\/nature-et-developpement.com\/logisain-44\/produits\/energie-et-ventilation\/"},{"@type":"ListItem","position":4,"name":"Lampe, lumi\u00e8re, \u00e9clairage LED et puit de lumi\u00e8re","item":"https:\/\/nature-et-developpement.com\/logisain-44\/produits\/energie-et-ventilation\/eclairage\/"},{"@type":"ListItem","position":5,"name":"Puits de lumi\u00e8re avec conduit flexible r\u00e9fl\u00e9chissant Fakro"}]},{"@type":"WebSite","@id":"https:\/\/nature-et-developpement.com\/logisain-44\/#website","url":"https:\/\/nature-et-developpement.com\/logisain-44\/","name":"Logisain 44","description":"Logisain 44 est membre du groupement Nature &amp; D\u00e9veloppement","publisher":{"@id":"https:\/\/nature-et-developpement.com\/logisain-44\/#organization"},"potentialAction":[{"@type":"SearchAction","target":{"@type":"EntryPoint","urlTemplate":"https:\/\/nature-et-developpement.com\/logisain-44\/?s={search_term_string}"},"query-input":{"@type":"PropertyValueSpecification","valueRequired":true,"valueName":"search_term_string"}}],"inLanguage":"fr-FR"},{"@type":"Organization","@id":"https:\/\/nature-et-developpement.com\/logisain-44\/#organization","name":"Logisain 44","url":"https:\/\/nature-et-developpement.com\/logisain-44\/","logo":{"@type":"ImageObject","inLanguage":"fr-FR","@id":"https:\/\/nature-et-developpement.com\/logisain-44\/#\/schema\/logo\/image\/","url":"https:\/\/nature-et-developpement.com\/logisain-44\/wp-content\/uploads\/sites\/4\/2021\/08\/logo-logisain.jpg","contentUrl":"https:\/\/nature-et-developpement.com\/logisain-44\/wp-content\/uploads\/sites\/4\/2021\/08\/logo-logisain.jpg","width":672,"height":455,"caption":"Logisain 44"},"image":{"@id":"https:\/\/nature-et-developpement.com\/logisain-44\/#\/schema\/logo\/image\/"}}]}},"distributor_meta":false,"distributor_terms":false,"distributor_media":false,"distributor_original_site_name":"Logisain 44","distributor_original_site_url":"https:\/\/nature-et-developpement.com\/logisain-44","push-errors":false,"_links":{"self":[{"href":"https:\/\/nature-et-developpement.com\/logisain-44\/wp-json\/wp\/v2\/product\/33219","targetHints":{"allow":["GET"]}}],"collection":[{"href":"https:\/\/nature-et-developpement.com\/logisain-44\/wp-json\/wp\/v2\/product"}],"about":[{"href":"https:\/\/nature-et-developpement.com\/logisain-44\/wp-json\/wp\/v2\/types\/product"}],"wp:featuredmedia":[{"embeddable":true,"href":"https:\/\/nature-et-developpement.com\/logisain-44\/wp-json\/"}],"wp:attachment":[{"href":"https:\/\/nature-et-developpement.com\/logisain-44\/wp-json\/wp\/v2\/media?parent=33219"}],"wp:term":[{"taxonomy":"product_brand","embeddable":true,"href":"https:\/\/nature-et-developpement.com\/logisain-44\/wp-json\/wp\/v2\/product_brand?post=33219"},{"taxonomy":"product_cat","embeddable":true,"href":"https:\/\/nature-et-developpement.com\/logisain-44\/wp-json\/wp\/v2\/product_cat?post=33219"},{"taxonomy":"product_tag","embeddable":true,"href":"https:\/\/nature-et-developpement.com\/logisain-44\/wp-json\/wp\/v2\/product_tag?post=33219"}],"curies":[{"name":"wp","href":"https:\/\/api.w.org\/{rel}","templated":true}]}}