{"id":34482,"date":"2022-04-29T11:02:37","date_gmt":"2022-04-29T09:02:37","guid":{"rendered":"https:\/\/nature-et-developpement.com\/logisain-44\/produit\/chauffe-eau-solaire-2-capteurs-horizontaux-300l-solar-compaq-presso\/"},"modified":"2025-10-15T14:10:05","modified_gmt":"2025-10-15T12:10:05","slug":"chauffe-eau-solaire-2-capteurs-horizontaux-300l-solar-compaq-presso","status":"publish","type":"product","link":"https:\/\/nature-et-developpement.com\/logisain-44\/produit\/chauffe-eau-solaire-2-capteurs-horizontaux-300l-solar-compaq-presso\/","title":{"rendered":"Chauffe-eau solaire 2 capteurs horizontaux 300L SOLAR COMPAQ PRESSO"},"content":{"rendered":"<h2>Chauffe-eau solaire horizontal SOLAR COMPAQ PRESSO<\/h2>\n<p>Le chauffe-eau SOLAR COMPAQ, fabriqu\u00e9 en Mayenne (53), a \u00e9t\u00e9 con\u00e7u pour combiner performance, praticit\u00e9, flexibilit\u00e9, durabilit\u00e9 et esth\u00e9tique.<\/p>\n<p>Tout cela dans un encombrement r\u00e9duit.<\/p>\n<p>Pour r\u00e9pondre aux diff\u00e9rentes contraintes de mise en \u0153uvre, le chauffe-eau SOLAR COMPAQ est livr\u00e9 de s\u00e9rie avec :<\/p>\n<ul>\n<li>une r\u00e9sistance d\u2019appoint pilot\u00e9e (avec interrupteur)<\/li>\n<li>un \u00e9changeur d\u2019appoint en partie haute (pour appoint gaz, fioul, bois\u2026).<\/li>\n<\/ul>\n<p>Le chauffe-eau SOLAR COMPAQ peut atteindre les classes \u00e9nerg\u00e9tiques les plus \u00e9lev\u00e9es.<\/p>\n<p>Selon le type d\u2019appoint principal et la surface de capteurs install\u00e9e.<\/p>\n<p>La r\u00e9gulation solaire conviviale permet un aper\u00e7u rapide des valeurs.<\/p>\n<p>L\u2019enregistrement d\u2019un historique de performance, et le pilotage pr\u00e9cis de l\u2019appoint \u00e9lectrique.<\/p>\n<h4>Le chauffe-eau solaire SOLAR COMPAQ PRESSO a \u00e9t\u00e9 con\u00e7u pour chauffer l\u2019eau chaude sanitaire en utilisant au maximum l\u2019\u00e9nergie du soleil.<\/h4>\n<p>Contrairement au SOLAR COMPAQ MATIC, le chauffe-eau SOLAR COMPAQ PRESSO est de type \u00ab sous pression \u00bb.<\/p>\n<p>Ce qui signifie que le circuit hydraulique solaire se remplit enti\u00e8rement de fluide caloporteur (eau + glycol) quel que soit son r\u00e9gime de fonctionnement.<\/p>\n<table style=\"height: 648px\" width=\"896\">\n<tbody>\n<tr>\n<td><img loading=\"lazy\" decoding=\"async\" class=\" size-full wp-image-108697\" src=\"https:\/\/nature-et-developpement.com\/wp-content\/uploads\/cms\/ELLIOS\/Chauffe-eau-solaire-SOLAR-COMPAQ-PRESSO-ELLIOS-Systeme-en-fonctionnement-Chauffe-eau-solaire-SOLAR-COMPAQ-PRESSO.jpg\" alt=\"Chauffe-eau solaire SOLAR COMPAQ PRESSO\" width=\"300\" height=\"272\" \/><\/td>\n<td>Lorsque la diff\u00e9rence de temp\u00e9rature entre les capteurs solaires (1) et l\u2019eau contenue dans le ballon (2) devient suffisante, la pompe (3) s\u2019actionne et met en mouvement le fluide caloporteur.<\/p>\n<p>La chaleur produite au niveau des capteurs est alors transf\u00e9r\u00e9e \u00e0 l\u2019eau sanitaire qui s\u2019\u00e9chauffe progressivement.<\/p>\n<p>Si l\u2019\u00e9nergie solaire disponible n\u2019est pas suffisante, un appoint (4) (ici \u00e9lectrique) assure le compl\u00e9ment d\u2019eau chaude.<\/td>\n<\/tr>\n<tr>\n<td><img loading=\"lazy\" decoding=\"async\" class=\" size-full wp-image-108698\" src=\"https:\/\/nature-et-developpement.com\/wp-content\/uploads\/cms\/ELLIOS\/Chauffe-eau-solaire-SOLAR-COMPAQ-PRESSO-ELLIOS-Systeme-a-larret.jpg\" alt=\"\" width=\"300\" height=\"272\" \/><\/td>\n<td>A l\u2019arr\u00eat de la pompe solaire, le transfert de chaleur des capteurs vers le ballon est stopp\u00e9.<\/p>\n<p>S\u2019il gel dehors, la pr\u00e9sence de glycol dans le fluide caloporteur prot\u00e8ge l\u2019installation.<\/p>\n<p>S\u2019il fait tr\u00e8s beau et que le ballon a atteint sa temp\u00e9rature maximale, le vase d\u2019expansion (5) prot\u00e8ge le syst\u00e8me de toute mont\u00e9e en pression excessive.<\/p>\n<p>Un processus de limitation de la temp\u00e9rature des capteurs s&rsquo;active par la r\u00e9gulation afin d\u2019\u00e9viter la d\u00e9gradation pr\u00e9matur\u00e9e du fluide caloporteur par la chaleur.<\/td>\n<\/tr>\n<\/tbody>\n<\/table>\n<h3>Avantage de la technologie PRESSO :<\/h3>\n<p>Il s\u2019agit d\u2019un syst\u00e8me universel (pas de contre-indication de montage) et \u00e9prouv\u00e9.<\/p>\n<p>Pr\u00e9cautions de montage :<\/p>\n<p>L\u2019utilisation d\u2019une pompe de remplissage pour remplir et mettre en pression le circuit solaire est n\u00e9cessaire.<\/p>\n","protected":false},"excerpt":{"rendered":"<p>Chauffe-eau solaire con\u00e7u pour chauffer l\u2019eau chaude sanitaire en utilisant au maximum l\u2019\u00e9nergie du soleil.<br \/>\nContrairement au SOLAR COMPAQ MATIC, le chauffe-eau SOLAR COMPAQ PRESSO est de type<br \/>\n<strong>\u00ab sous pression \u00bb<\/strong><br \/>\nCe qui signifie que le circuit hydraulique solaire se remplit enti\u00e8rement de fluide caloporteur (eau + glycol) quel que soit son r\u00e9gime de fonctionnement.<\/p>\n","protected":false},"featured_media":1000000168739,"template":"","meta":[],"product_brand":[10210],"product_cat":[10292,10712],"product_tag":[],"class_list":{"0":"post-34482","1":"product","2":"type-product","3":"status-publish","4":"has-post-thumbnail","6":"product_brand-ellios-industrie","7":"product_cat-demande-de-devis-uniquement-sans-prix","8":"product_cat-panneaux-solaires-thermiques","9":"product_shipping_class-petit-equipement-outil-eclairage-2","11":"first","12":"instock","13":"taxable","14":"shipping-taxable","15":"purchasable","16":"product-type-variable","17":"has-default-attributes"},"yoast_head":"<!-- This site is optimized with the Yoast SEO plugin v27.5 - https:\/\/yoast.com\/product\/yoast-seo-wordpress\/ -->\n<title>Chauffe-eau solaire 2 capteurs H 300L SOLAR COMPAQ PRESSO<\/title>\n<meta name=\"description\" content=\"Chauffe-eau solaire con\u00e7u pour chauffer l\u2019eau chaude sanitaire en utilisant au maximum l\u2019\u00e9nergie du soleil. Contrairement au SOLAR COMPAQ MATIC, le chauffe-eau SOLAR COMPAQ PRESSO est de type \u00ab sous pression \u00bb Ce qui signifie que le circuit hydraulique solaire se remplit enti\u00e8rement de fluide caloporteur (eau + glycol) quel que soit son r\u00e9gime de fonctionnement. Loire-Atlantique\" \/>\n<meta name=\"robots\" content=\"noindex, nofollow\" \/>\n<meta property=\"og:locale\" content=\"fr_FR\" \/>\n<meta property=\"og:type\" content=\"article\" \/>\n<meta property=\"og:title\" content=\"Chauffe-eau solaire 2 capteurs H 300L SOLAR COMPAQ PRESSO\" \/>\n<meta property=\"og:description\" content=\"Chauffe-eau solaire con\u00e7u pour chauffer l\u2019eau chaude sanitaire en utilisant au maximum l\u2019\u00e9nergie du soleil. Contrairement au SOLAR COMPAQ MATIC, le chauffe-eau SOLAR COMPAQ PRESSO est de type \u00ab sous pression \u00bb Ce qui signifie que le circuit hydraulique solaire se remplit enti\u00e8rement de fluide caloporteur (eau + glycol) quel que soit son r\u00e9gime de fonctionnement. Loire-Atlantique\" \/>\n<meta property=\"og:url\" content=\"https:\/\/nature-et-developpement.com\/logisain-44\/produit\/chauffe-eau-solaire-2-capteurs-horizontaux-300l-solar-compaq-presso\/\" \/>\n<meta property=\"og:site_name\" content=\"Logisain 44\" \/>\n<meta property=\"article:modified_time\" content=\"2025-10-15T12:10:05+00:00\" \/>\n<meta name=\"twitter:card\" content=\"summary_large_image\" \/>\n<meta name=\"twitter:label1\" content=\"Dur\u00e9e de lecture estim\u00e9e\" \/>\n\t<meta name=\"twitter:data1\" content=\"2 minutes\" \/>\n<script type=\"application\/ld+json\" class=\"yoast-schema-graph\">{\"@context\":\"https:\\\/\\\/schema.org\",\"@graph\":[{\"@type\":\"WebPage\",\"@id\":\"https:\\\/\\\/nature-et-developpement.com\\\/logisain-44\\\/produit\\\/chauffe-eau-solaire-2-capteurs-horizontaux-300l-solar-compaq-presso\\\/\",\"url\":\"https:\\\/\\\/nature-et-developpement.com\\\/logisain-44\\\/produit\\\/chauffe-eau-solaire-2-capteurs-horizontaux-300l-solar-compaq-presso\\\/\",\"name\":\"Chauffe-eau solaire 2 capteurs H 300L SOLAR COMPAQ PRESSO\",\"isPartOf\":{\"@id\":\"https:\\\/\\\/nature-et-developpement.com\\\/logisain-44\\\/#website\"},\"primaryImageOfPage\":{\"@id\":\"https:\\\/\\\/nature-et-developpement.com\\\/logisain-44\\\/produit\\\/chauffe-eau-solaire-2-capteurs-horizontaux-300l-solar-compaq-presso\\\/#primaryimage\"},\"image\":{\"@id\":\"https:\\\/\\\/nature-et-developpement.com\\\/logisain-44\\\/produit\\\/chauffe-eau-solaire-2-capteurs-horizontaux-300l-solar-compaq-presso\\\/#primaryimage\"},\"thumbnailUrl\":\"https:\\\/\\\/nature-et-developpement.com\\\/logisain-44\\\/wp-content\\\/uploads\\\/Chauffe-eau-solaire-2-capteurs-horizontaux-300L-SOLAR-COMPAQ-PRESSO.jpg\",\"datePublished\":\"2022-04-29T09:02:37+00:00\",\"dateModified\":\"2025-10-15T12:10:05+00:00\",\"description\":\"Chauffe-eau solaire con\u00e7u pour chauffer l\u2019eau chaude sanitaire en utilisant au maximum l\u2019\u00e9nergie du soleil. Contrairement au SOLAR COMPAQ MATIC, le chauffe-eau SOLAR COMPAQ PRESSO est de type \u00ab sous pression \u00bb Ce qui signifie que le circuit hydraulique solaire se remplit enti\u00e8rement de fluide caloporteur (eau + glycol) quel que soit son r\u00e9gime de fonctionnement. Loire-Atlantique\",\"breadcrumb\":{\"@id\":\"https:\\\/\\\/nature-et-developpement.com\\\/logisain-44\\\/produit\\\/chauffe-eau-solaire-2-capteurs-horizontaux-300l-solar-compaq-presso\\\/#breadcrumb\"},\"inLanguage\":\"fr-FR\",\"potentialAction\":[{\"@type\":\"ReadAction\",\"target\":[\"https:\\\/\\\/nature-et-developpement.com\\\/logisain-44\\\/produit\\\/chauffe-eau-solaire-2-capteurs-horizontaux-300l-solar-compaq-presso\\\/\"]}]},{\"@type\":\"ImageObject\",\"inLanguage\":\"fr-FR\",\"@id\":\"https:\\\/\\\/nature-et-developpement.com\\\/logisain-44\\\/produit\\\/chauffe-eau-solaire-2-capteurs-horizontaux-300l-solar-compaq-presso\\\/#primaryimage\",\"url\":\"https:\\\/\\\/nature-et-developpement.com\\\/logisain-44\\\/wp-content\\\/uploads\\\/Chauffe-eau-solaire-2-capteurs-horizontaux-300L-SOLAR-COMPAQ-PRESSO.jpg\",\"contentUrl\":\"https:\\\/\\\/nature-et-developpement.com\\\/logisain-44\\\/wp-content\\\/uploads\\\/Chauffe-eau-solaire-2-capteurs-horizontaux-300L-SOLAR-COMPAQ-PRESSO.jpg\"},{\"@type\":\"BreadcrumbList\",\"@id\":\"https:\\\/\\\/nature-et-developpement.com\\\/logisain-44\\\/produit\\\/chauffe-eau-solaire-2-capteurs-horizontaux-300l-solar-compaq-presso\\\/#breadcrumb\",\"itemListElement\":[{\"@type\":\"ListItem\",\"position\":1,\"name\":\"Accueil\",\"item\":\"https:\\\/\\\/nature-et-developpement.com\\\/logisain-44\\\/\"},{\"@type\":\"ListItem\",\"position\":2,\"name\":\"Produits\",\"item\":\"https:\\\/\\\/nature-et-developpement.com\\\/logisain-44\\\/shop\\\/\"},{\"@type\":\"ListItem\",\"position\":3,\"name\":\"Chauffage, eau et \u00e9nergie\",\"item\":\"https:\\\/\\\/nature-et-developpement.com\\\/logisain-44\\\/produits\\\/energie-et-ventilation\\\/\"},{\"@type\":\"ListItem\",\"position\":4,\"name\":\"Panneaux solaires thermiques\",\"item\":\"https:\\\/\\\/nature-et-developpement.com\\\/logisain-44\\\/produits\\\/energie-et-ventilation\\\/panneaux-solaires-thermiques\\\/\"},{\"@type\":\"ListItem\",\"position\":5,\"name\":\"Chauffe-eau solaire 2 capteurs horizontaux 300L SOLAR COMPAQ PRESSO\"}]},{\"@type\":\"WebSite\",\"@id\":\"https:\\\/\\\/nature-et-developpement.com\\\/logisain-44\\\/#website\",\"url\":\"https:\\\/\\\/nature-et-developpement.com\\\/logisain-44\\\/\",\"name\":\"Logisain 44\",\"description\":\"Logisain 44 est membre du groupement Nature &amp; D\u00e9veloppement\",\"publisher\":{\"@id\":\"https:\\\/\\\/nature-et-developpement.com\\\/logisain-44\\\/#organization\"},\"potentialAction\":[{\"@type\":\"SearchAction\",\"target\":{\"@type\":\"EntryPoint\",\"urlTemplate\":\"https:\\\/\\\/nature-et-developpement.com\\\/logisain-44\\\/?s={search_term_string}\"},\"query-input\":{\"@type\":\"PropertyValueSpecification\",\"valueRequired\":true,\"valueName\":\"search_term_string\"}}],\"inLanguage\":\"fr-FR\"},{\"@type\":\"Organization\",\"@id\":\"https:\\\/\\\/nature-et-developpement.com\\\/logisain-44\\\/#organization\",\"name\":\"Logisain 44\",\"url\":\"https:\\\/\\\/nature-et-developpement.com\\\/logisain-44\\\/\",\"logo\":{\"@type\":\"ImageObject\",\"inLanguage\":\"fr-FR\",\"@id\":\"https:\\\/\\\/nature-et-developpement.com\\\/logisain-44\\\/#\\\/schema\\\/logo\\\/image\\\/\",\"url\":\"https:\\\/\\\/nature-et-developpement.com\\\/logisain-44\\\/wp-content\\\/uploads\\\/sites\\\/4\\\/2021\\\/08\\\/logo-logisain.jpg\",\"contentUrl\":\"https:\\\/\\\/nature-et-developpement.com\\\/logisain-44\\\/wp-content\\\/uploads\\\/sites\\\/4\\\/2021\\\/08\\\/logo-logisain.jpg\",\"width\":672,\"height\":455,\"caption\":\"Logisain 44\"},\"image\":{\"@id\":\"https:\\\/\\\/nature-et-developpement.com\\\/logisain-44\\\/#\\\/schema\\\/logo\\\/image\\\/\"}}]}<\/script>\n<!-- \/ Yoast SEO plugin. -->","yoast_head_json":{"title":"Chauffe-eau solaire 2 capteurs H 300L SOLAR COMPAQ PRESSO","description":"Chauffe-eau solaire con\u00e7u pour chauffer l\u2019eau chaude sanitaire en utilisant au maximum l\u2019\u00e9nergie du soleil. Contrairement au SOLAR COMPAQ MATIC, le chauffe-eau SOLAR COMPAQ PRESSO est de type \u00ab sous pression \u00bb Ce qui signifie que le circuit hydraulique solaire se remplit enti\u00e8rement de fluide caloporteur (eau + glycol) quel que soit son r\u00e9gime de fonctionnement. Loire-Atlantique","robots":{"index":"noindex","follow":"nofollow"},"og_locale":"fr_FR","og_type":"article","og_title":"Chauffe-eau solaire 2 capteurs H 300L SOLAR COMPAQ PRESSO","og_description":"Chauffe-eau solaire con\u00e7u pour chauffer l\u2019eau chaude sanitaire en utilisant au maximum l\u2019\u00e9nergie du soleil. Contrairement au SOLAR COMPAQ MATIC, le chauffe-eau SOLAR COMPAQ PRESSO est de type \u00ab sous pression \u00bb Ce qui signifie que le circuit hydraulique solaire se remplit enti\u00e8rement de fluide caloporteur (eau + glycol) quel que soit son r\u00e9gime de fonctionnement. Loire-Atlantique","og_url":"https:\/\/nature-et-developpement.com\/logisain-44\/produit\/chauffe-eau-solaire-2-capteurs-horizontaux-300l-solar-compaq-presso\/","og_site_name":"Logisain 44","article_modified_time":"2025-10-15T12:10:05+00:00","twitter_card":"summary_large_image","twitter_misc":{"Dur\u00e9e de lecture estim\u00e9e":"2 minutes"},"schema":{"@context":"https:\/\/schema.org","@graph":[{"@type":"WebPage","@id":"https:\/\/nature-et-developpement.com\/logisain-44\/produit\/chauffe-eau-solaire-2-capteurs-horizontaux-300l-solar-compaq-presso\/","url":"https:\/\/nature-et-developpement.com\/logisain-44\/produit\/chauffe-eau-solaire-2-capteurs-horizontaux-300l-solar-compaq-presso\/","name":"Chauffe-eau solaire 2 capteurs H 300L SOLAR COMPAQ PRESSO","isPartOf":{"@id":"https:\/\/nature-et-developpement.com\/logisain-44\/#website"},"primaryImageOfPage":{"@id":"https:\/\/nature-et-developpement.com\/logisain-44\/produit\/chauffe-eau-solaire-2-capteurs-horizontaux-300l-solar-compaq-presso\/#primaryimage"},"image":{"@id":"https:\/\/nature-et-developpement.com\/logisain-44\/produit\/chauffe-eau-solaire-2-capteurs-horizontaux-300l-solar-compaq-presso\/#primaryimage"},"thumbnailUrl":"https:\/\/nature-et-developpement.com\/logisain-44\/wp-content\/uploads\/Chauffe-eau-solaire-2-capteurs-horizontaux-300L-SOLAR-COMPAQ-PRESSO.jpg","datePublished":"2022-04-29T09:02:37+00:00","dateModified":"2025-10-15T12:10:05+00:00","description":"Chauffe-eau solaire con\u00e7u pour chauffer l\u2019eau chaude sanitaire en utilisant au maximum l\u2019\u00e9nergie du soleil. Contrairement au SOLAR COMPAQ MATIC, le chauffe-eau SOLAR COMPAQ PRESSO est de type \u00ab sous pression \u00bb Ce qui signifie que le circuit hydraulique solaire se remplit enti\u00e8rement de fluide caloporteur (eau + glycol) quel que soit son r\u00e9gime de fonctionnement. Loire-Atlantique","breadcrumb":{"@id":"https:\/\/nature-et-developpement.com\/logisain-44\/produit\/chauffe-eau-solaire-2-capteurs-horizontaux-300l-solar-compaq-presso\/#breadcrumb"},"inLanguage":"fr-FR","potentialAction":[{"@type":"ReadAction","target":["https:\/\/nature-et-developpement.com\/logisain-44\/produit\/chauffe-eau-solaire-2-capteurs-horizontaux-300l-solar-compaq-presso\/"]}]},{"@type":"ImageObject","inLanguage":"fr-FR","@id":"https:\/\/nature-et-developpement.com\/logisain-44\/produit\/chauffe-eau-solaire-2-capteurs-horizontaux-300l-solar-compaq-presso\/#primaryimage","url":"https:\/\/nature-et-developpement.com\/logisain-44\/wp-content\/uploads\/Chauffe-eau-solaire-2-capteurs-horizontaux-300L-SOLAR-COMPAQ-PRESSO.jpg","contentUrl":"https:\/\/nature-et-developpement.com\/logisain-44\/wp-content\/uploads\/Chauffe-eau-solaire-2-capteurs-horizontaux-300L-SOLAR-COMPAQ-PRESSO.jpg"},{"@type":"BreadcrumbList","@id":"https:\/\/nature-et-developpement.com\/logisain-44\/produit\/chauffe-eau-solaire-2-capteurs-horizontaux-300l-solar-compaq-presso\/#breadcrumb","itemListElement":[{"@type":"ListItem","position":1,"name":"Accueil","item":"https:\/\/nature-et-developpement.com\/logisain-44\/"},{"@type":"ListItem","position":2,"name":"Produits","item":"https:\/\/nature-et-developpement.com\/logisain-44\/shop\/"},{"@type":"ListItem","position":3,"name":"Chauffage, eau et \u00e9nergie","item":"https:\/\/nature-et-developpement.com\/logisain-44\/produits\/energie-et-ventilation\/"},{"@type":"ListItem","position":4,"name":"Panneaux solaires thermiques","item":"https:\/\/nature-et-developpement.com\/logisain-44\/produits\/energie-et-ventilation\/panneaux-solaires-thermiques\/"},{"@type":"ListItem","position":5,"name":"Chauffe-eau solaire 2 capteurs horizontaux 300L SOLAR COMPAQ PRESSO"}]},{"@type":"WebSite","@id":"https:\/\/nature-et-developpement.com\/logisain-44\/#website","url":"https:\/\/nature-et-developpement.com\/logisain-44\/","name":"Logisain 44","description":"Logisain 44 est membre du groupement Nature &amp; D\u00e9veloppement","publisher":{"@id":"https:\/\/nature-et-developpement.com\/logisain-44\/#organization"},"potentialAction":[{"@type":"SearchAction","target":{"@type":"EntryPoint","urlTemplate":"https:\/\/nature-et-developpement.com\/logisain-44\/?s={search_term_string}"},"query-input":{"@type":"PropertyValueSpecification","valueRequired":true,"valueName":"search_term_string"}}],"inLanguage":"fr-FR"},{"@type":"Organization","@id":"https:\/\/nature-et-developpement.com\/logisain-44\/#organization","name":"Logisain 44","url":"https:\/\/nature-et-developpement.com\/logisain-44\/","logo":{"@type":"ImageObject","inLanguage":"fr-FR","@id":"https:\/\/nature-et-developpement.com\/logisain-44\/#\/schema\/logo\/image\/","url":"https:\/\/nature-et-developpement.com\/logisain-44\/wp-content\/uploads\/sites\/4\/2021\/08\/logo-logisain.jpg","contentUrl":"https:\/\/nature-et-developpement.com\/logisain-44\/wp-content\/uploads\/sites\/4\/2021\/08\/logo-logisain.jpg","width":672,"height":455,"caption":"Logisain 44"},"image":{"@id":"https:\/\/nature-et-developpement.com\/logisain-44\/#\/schema\/logo\/image\/"}}]}},"distributor_meta":false,"distributor_terms":false,"distributor_media":false,"distributor_original_site_name":"Logisain 44","distributor_original_site_url":"https:\/\/nature-et-developpement.com\/logisain-44","push-errors":false,"_links":{"self":[{"href":"https:\/\/nature-et-developpement.com\/logisain-44\/wp-json\/wp\/v2\/product\/34482","targetHints":{"allow":["GET"]}}],"collection":[{"href":"https:\/\/nature-et-developpement.com\/logisain-44\/wp-json\/wp\/v2\/product"}],"about":[{"href":"https:\/\/nature-et-developpement.com\/logisain-44\/wp-json\/wp\/v2\/types\/product"}],"wp:featuredmedia":[{"embeddable":true,"href":"https:\/\/nature-et-developpement.com\/logisain-44\/wp-json\/"}],"wp:attachment":[{"href":"https:\/\/nature-et-developpement.com\/logisain-44\/wp-json\/wp\/v2\/media?parent=34482"}],"wp:term":[{"taxonomy":"product_brand","embeddable":true,"href":"https:\/\/nature-et-developpement.com\/logisain-44\/wp-json\/wp\/v2\/product_brand?post=34482"},{"taxonomy":"product_cat","embeddable":true,"href":"https:\/\/nature-et-developpement.com\/logisain-44\/wp-json\/wp\/v2\/product_cat?post=34482"},{"taxonomy":"product_tag","embeddable":true,"href":"https:\/\/nature-et-developpement.com\/logisain-44\/wp-json\/wp\/v2\/product_tag?post=34482"}],"curies":[{"name":"wp","href":"https:\/\/api.w.org\/{rel}","templated":true}]}}