{"id":35196,"date":"2022-06-23T12:06:00","date_gmt":"2022-06-23T10:06:00","guid":{"rendered":"https:\/\/nature-et-developpement.com\/logisain-44\/?post_type=product&#038;p=35196"},"modified":"2025-10-07T11:50:13","modified_gmt":"2025-10-07T09:50:13","slug":"pigment-synthetique-des-ocres-de-france","status":"publish","type":"product","link":"https:\/\/nature-et-developpement.com\/logisain-44\/produit\/pigment-synthetique-des-ocres-de-france\/","title":{"rendered":"Pigment synth\u00e9tique des Ocres de France"},"content":{"rendered":"<h2>Pigments synth\u00e9tiques des Ocres de France<\/h2>\n<p>La soci\u00e9t\u00e9 des Ocres de France est la derni\u00e8re entreprise autonome en Europe qui exploite, traite et conditionne le minerai ocreux en ocre pure.<\/p>\n<p>Forte d\u2019un savoir faire ancestral, elle fait partie des 1300 entreprises du patrimoine vivant et a cr\u00e9\u00e9 depuis une quinzaine d\u2019ann\u00e9es sa propre gamme de badigeons, d\u2019enduits \u00e0 la chaux et de pl\u00e2tres color\u00e9s dans le respect du b\u00e2ti ancien, ainsi qu\u2019une centaine de pigments naturels et synth\u00e9tiques allant du jaune clair au bleu profond en passant par des tonalit\u00e9s natures ou vives, destin\u00e9s au b\u00e2timent, \u00e0 la d\u00e9co et aux loisirs cr\u00e9atifs.<\/p>\n<p>L\u2019industrie ocri\u00e8re est 100% \u00e9cologique, au plus proche de la nature. Le minerai ocreux est extrait gr\u00e2ce \u00e0 un seul engin m\u00e9canique, lav\u00e9 \u00e0 l\u2019eau de source recycl\u00e9e puis s\u00e9par\u00e9 et d\u00e9cant\u00e9.<\/p>\n<p>Le cycle de fabrication de l\u2019ocre se fait sur une ann\u00e9e au gr\u00e9 des saisons, qui rythment le lavage, le s\u00e9chage, dans un \u00e9crin de verdure et de for\u00eat de 20 hectares.<\/p>\n<h3>La Ste des Ocres de France a re\u00e7u en janvier 2016, le label EPV.<\/h3>\n<p>Qu&rsquo;est ce que le label EPV ?<\/p>\n<p>Un label d&rsquo;Etat attribu\u00e9 par des experts.<\/p>\n<p>Une distinction d&rsquo;Etat unique en France, le label\u00a0Entreprise du Patrimoine Vivant (EPV) a \u00e9t\u00e9 mis en place par l&rsquo;Etat pour distinguer des entreprises Fran\u00e7aises aux savoir-faire artisanaux et industriels d&rsquo;excellence. C&rsquo;est une reconnaissance de l&rsquo;ensemble de leur activit\u00e9, r\u00e9compensant \u00e9galement le personnel.<\/p>\n<p>Des crit\u00e8res \u00e9tablissant l&rsquo;excellence du fabriqu\u00e9 en France.<\/p>\n<p>Les crit\u00e8res d&rsquo;obtention de ce label valorisent ,la production\u00a0Fran\u00e7aise, de fa\u00e7on tr\u00e8s qualitative. Les entreprises EPV constituent l&rsquo;\u00e9lite des savoir-faire Fran\u00e7ais dans tous les domaines.<\/p>\n<p>Une s\u00e9lection minutieuse pour rep\u00e9rer les talents hors du commun<\/p>\n<p>La proc\u00e9dure d&rsquo;attribution du label EPV, encadr\u00e9 par la loi,est men\u00e9e par des experts. L&rsquo;appr\u00e9ciation et l&rsquo;interpr\u00e9tation de ces crit\u00e8res sont confi\u00e9es \u00e0 une commission nationale ind\u00e9pendante constitu\u00e9e de professionnels qui oeuvrent en faveur des pratiques garantissant l&rsquo;excellence au sein de leur propre activit\u00e9.<\/p>\n<p>Une identit\u00e9 forte<\/p>\n<p>Ce label forme un r\u00e9seau d&rsquo;entreprises qui partagent les m\u00eame valeurs. Ces entreprises sont uniques car elles savent concilier la tradition et l&rsquo;innovation, le savoir-faire et la cr\u00e9ation, le travail et la passion, le patrimoine et l&rsquo;avenir, l&rsquo;international et le local. Les EPV sont toutes anim\u00e9es par la m\u00eame conviction, celle du culte de la valeur.<\/p>\n","protected":false},"excerpt":{"rendered":"<p>Une gamme compl\u00e8te et vari\u00e9e de pigments naturels, synth\u00e9tiques, m\u00e9talliques.<br \/>\nOcres de France, c&rsquo;est aussi des liants, charges et adjuvants pour la composition de vos enduits et badigeons.<br \/>\nDes solutions pour les fonds, sous-couches, dressage&#8230;<br \/>\nDes badigeons et enduits d\u00e9coratifs \u00e0 la chaux pr\u00eats \u00e0 l&#8217;emploi.<br \/>\nDes enduits de fa\u00e7ade aux couleurs chatoyantes.<\/p>\n","protected":false},"featured_media":35226,"template":"","meta":[],"product_brand":[10190],"product_cat":[7933,10287,8082],"product_tag":[],"class_list":{"0":"post-35196","1":"product","2":"type-product","3":"status-publish","4":"has-post-thumbnail","6":"product_brand-ocres-de-france","7":"product_cat-colorants-et-pigments","8":"product_cat-demande-de-devis-uniquement-avec-prix","9":"product_cat-droguerie","10":"product_shipping_class-peintures-accessoires-peintures","12":"first","13":"instock","14":"taxable","15":"shipping-taxable","16":"purchasable","17":"product-type-variable"},"yoast_head":"<!-- This site is optimized with the Yoast SEO plugin v27.5 - https:\/\/yoast.com\/product\/yoast-seo-wordpress\/ -->\n<title>Pigment synth\u00e9tique des Ocres de France - Logisain 44<\/title>\n<meta name=\"description\" content=\"Une gamme compl\u00e8te et vari\u00e9e de pigments naturels, synth\u00e9tiques, m\u00e9talliques. Ocres de France, c&#039;est aussi des liants, charges et adjuvants pour la composition de vos enduits et badigeons. Des solutions pour les fonds, sous-couches, dressage... Des badigeons et enduits d\u00e9coratifs \u00e0 la chaux pr\u00eats \u00e0 l&#039;emploi. Des enduits de fa\u00e7ade aux couleurs chatoyantes. Loire-Atlantique\" \/>\n<meta name=\"robots\" content=\"noindex, nofollow\" \/>\n<meta property=\"og:locale\" content=\"fr_FR\" \/>\n<meta property=\"og:type\" content=\"article\" \/>\n<meta property=\"og:title\" content=\"Pigment synth\u00e9tique des Ocres de France - Logisain 44\" \/>\n<meta property=\"og:description\" content=\"Une gamme compl\u00e8te et vari\u00e9e de pigments naturels, synth\u00e9tiques, m\u00e9talliques. Ocres de France, c&#039;est aussi des liants, charges et adjuvants pour la composition de vos enduits et badigeons. Des solutions pour les fonds, sous-couches, dressage... Des badigeons et enduits d\u00e9coratifs \u00e0 la chaux pr\u00eats \u00e0 l&#039;emploi. Des enduits de fa\u00e7ade aux couleurs chatoyantes. Loire-Atlantique\" \/>\n<meta property=\"og:url\" content=\"https:\/\/nature-et-developpement.com\/logisain-44\/produit\/pigment-synthetique-des-ocres-de-france\/\" \/>\n<meta property=\"og:site_name\" content=\"Logisain 44\" \/>\n<meta property=\"article:modified_time\" content=\"2025-10-07T09:50:13+00:00\" \/>\n<meta property=\"og:image\" content=\"https:\/\/nature-et-developpement.com\/logisain-44\/wp-content\/uploads\/sites\/4\/2022\/06\/Pigment-synthetique-des-Ocres-de-France.jpg\" \/>\n\t<meta property=\"og:image:width\" content=\"800\" \/>\n\t<meta property=\"og:image:height\" content=\"800\" \/>\n\t<meta property=\"og:image:type\" content=\"image\/jpeg\" \/>\n<meta name=\"twitter:card\" content=\"summary_large_image\" \/>\n<meta name=\"twitter:label1\" content=\"Dur\u00e9e de lecture estim\u00e9e\" \/>\n\t<meta name=\"twitter:data1\" content=\"2 minutes\" \/>\n<script type=\"application\/ld+json\" class=\"yoast-schema-graph\">{\"@context\":\"https:\\\/\\\/schema.org\",\"@graph\":[{\"@type\":\"WebPage\",\"@id\":\"https:\\\/\\\/nature-et-developpement.com\\\/logisain-44\\\/produit\\\/pigment-synthetique-des-ocres-de-france\\\/\",\"url\":\"https:\\\/\\\/nature-et-developpement.com\\\/logisain-44\\\/produit\\\/pigment-synthetique-des-ocres-de-france\\\/\",\"name\":\"Pigment synth\u00e9tique des Ocres de France - Logisain 44\",\"isPartOf\":{\"@id\":\"https:\\\/\\\/nature-et-developpement.com\\\/logisain-44\\\/#website\"},\"primaryImageOfPage\":{\"@id\":\"https:\\\/\\\/nature-et-developpement.com\\\/logisain-44\\\/produit\\\/pigment-synthetique-des-ocres-de-france\\\/#primaryimage\"},\"image\":{\"@id\":\"https:\\\/\\\/nature-et-developpement.com\\\/logisain-44\\\/produit\\\/pigment-synthetique-des-ocres-de-france\\\/#primaryimage\"},\"thumbnailUrl\":\"https:\\\/\\\/nature-et-developpement.com\\\/logisain-44\\\/wp-content\\\/uploads\\\/sites\\\/4\\\/2022\\\/06\\\/Pigment-synthetique-des-Ocres-de-France.jpg\",\"datePublished\":\"2022-06-23T10:06:00+00:00\",\"dateModified\":\"2025-10-07T09:50:13+00:00\",\"description\":\"Une gamme compl\u00e8te et vari\u00e9e de pigments naturels, synth\u00e9tiques, m\u00e9talliques. Ocres de France, c'est aussi des liants, charges et adjuvants pour la composition de vos enduits et badigeons. Des solutions pour les fonds, sous-couches, dressage... Des badigeons et enduits d\u00e9coratifs \u00e0 la chaux pr\u00eats \u00e0 l'emploi. Des enduits de fa\u00e7ade aux couleurs chatoyantes. Loire-Atlantique\",\"breadcrumb\":{\"@id\":\"https:\\\/\\\/nature-et-developpement.com\\\/logisain-44\\\/produit\\\/pigment-synthetique-des-ocres-de-france\\\/#breadcrumb\"},\"inLanguage\":\"fr-FR\",\"potentialAction\":[{\"@type\":\"ReadAction\",\"target\":[\"https:\\\/\\\/nature-et-developpement.com\\\/logisain-44\\\/produit\\\/pigment-synthetique-des-ocres-de-france\\\/\"]}]},{\"@type\":\"ImageObject\",\"inLanguage\":\"fr-FR\",\"@id\":\"https:\\\/\\\/nature-et-developpement.com\\\/logisain-44\\\/produit\\\/pigment-synthetique-des-ocres-de-france\\\/#primaryimage\",\"url\":\"https:\\\/\\\/nature-et-developpement.com\\\/logisain-44\\\/wp-content\\\/uploads\\\/sites\\\/4\\\/2022\\\/06\\\/Pigment-synthetique-des-Ocres-de-France.jpg\",\"contentUrl\":\"https:\\\/\\\/nature-et-developpement.com\\\/logisain-44\\\/wp-content\\\/uploads\\\/sites\\\/4\\\/2022\\\/06\\\/Pigment-synthetique-des-Ocres-de-France.jpg\",\"width\":800,\"height\":800},{\"@type\":\"BreadcrumbList\",\"@id\":\"https:\\\/\\\/nature-et-developpement.com\\\/logisain-44\\\/produit\\\/pigment-synthetique-des-ocres-de-france\\\/#breadcrumb\",\"itemListElement\":[{\"@type\":\"ListItem\",\"position\":1,\"name\":\"Accueil\",\"item\":\"https:\\\/\\\/nature-et-developpement.com\\\/logisain-44\\\/\"},{\"@type\":\"ListItem\",\"position\":2,\"name\":\"Produits\",\"item\":\"https:\\\/\\\/nature-et-developpement.com\\\/logisain-44\\\/shop\\\/\"},{\"@type\":\"ListItem\",\"position\":3,\"name\":\"Peinture, pigment et enduit\",\"item\":\"https:\\\/\\\/nature-et-developpement.com\\\/logisain-44\\\/produits\\\/peinture-et-enduit\\\/\"},{\"@type\":\"ListItem\",\"position\":4,\"name\":\"Colorants et pigments\",\"item\":\"https:\\\/\\\/nature-et-developpement.com\\\/logisain-44\\\/produits\\\/peinture-et-enduit\\\/colorants-et-pigments\\\/\"},{\"@type\":\"ListItem\",\"position\":5,\"name\":\"Pigment synth\u00e9tique des Ocres de France\"}]},{\"@type\":\"WebSite\",\"@id\":\"https:\\\/\\\/nature-et-developpement.com\\\/logisain-44\\\/#website\",\"url\":\"https:\\\/\\\/nature-et-developpement.com\\\/logisain-44\\\/\",\"name\":\"Logisain 44\",\"description\":\"Logisain 44 est membre du groupement Nature &amp; D\u00e9veloppement\",\"publisher\":{\"@id\":\"https:\\\/\\\/nature-et-developpement.com\\\/logisain-44\\\/#organization\"},\"potentialAction\":[{\"@type\":\"SearchAction\",\"target\":{\"@type\":\"EntryPoint\",\"urlTemplate\":\"https:\\\/\\\/nature-et-developpement.com\\\/logisain-44\\\/?s={search_term_string}\"},\"query-input\":{\"@type\":\"PropertyValueSpecification\",\"valueRequired\":true,\"valueName\":\"search_term_string\"}}],\"inLanguage\":\"fr-FR\"},{\"@type\":\"Organization\",\"@id\":\"https:\\\/\\\/nature-et-developpement.com\\\/logisain-44\\\/#organization\",\"name\":\"Logisain 44\",\"url\":\"https:\\\/\\\/nature-et-developpement.com\\\/logisain-44\\\/\",\"logo\":{\"@type\":\"ImageObject\",\"inLanguage\":\"fr-FR\",\"@id\":\"https:\\\/\\\/nature-et-developpement.com\\\/logisain-44\\\/#\\\/schema\\\/logo\\\/image\\\/\",\"url\":\"https:\\\/\\\/nature-et-developpement.com\\\/logisain-44\\\/wp-content\\\/uploads\\\/sites\\\/4\\\/2021\\\/08\\\/logo-logisain.jpg\",\"contentUrl\":\"https:\\\/\\\/nature-et-developpement.com\\\/logisain-44\\\/wp-content\\\/uploads\\\/sites\\\/4\\\/2021\\\/08\\\/logo-logisain.jpg\",\"width\":672,\"height\":455,\"caption\":\"Logisain 44\"},\"image\":{\"@id\":\"https:\\\/\\\/nature-et-developpement.com\\\/logisain-44\\\/#\\\/schema\\\/logo\\\/image\\\/\"}}]}<\/script>\n<!-- \/ Yoast SEO plugin. -->","yoast_head_json":{"title":"Pigment synth\u00e9tique des Ocres de France - Logisain 44","description":"Une gamme compl\u00e8te et vari\u00e9e de pigments naturels, synth\u00e9tiques, m\u00e9talliques. Ocres de France, c'est aussi des liants, charges et adjuvants pour la composition de vos enduits et badigeons. Des solutions pour les fonds, sous-couches, dressage... Des badigeons et enduits d\u00e9coratifs \u00e0 la chaux pr\u00eats \u00e0 l'emploi. Des enduits de fa\u00e7ade aux couleurs chatoyantes. Loire-Atlantique","robots":{"index":"noindex","follow":"nofollow"},"og_locale":"fr_FR","og_type":"article","og_title":"Pigment synth\u00e9tique des Ocres de France - Logisain 44","og_description":"Une gamme compl\u00e8te et vari\u00e9e de pigments naturels, synth\u00e9tiques, m\u00e9talliques. Ocres de France, c'est aussi des liants, charges et adjuvants pour la composition de vos enduits et badigeons. Des solutions pour les fonds, sous-couches, dressage... Des badigeons et enduits d\u00e9coratifs \u00e0 la chaux pr\u00eats \u00e0 l'emploi. Des enduits de fa\u00e7ade aux couleurs chatoyantes. Loire-Atlantique","og_url":"https:\/\/nature-et-developpement.com\/logisain-44\/produit\/pigment-synthetique-des-ocres-de-france\/","og_site_name":"Logisain 44","article_modified_time":"2025-10-07T09:50:13+00:00","og_image":[{"width":800,"height":800,"url":"https:\/\/nature-et-developpement.com\/logisain-44\/wp-content\/uploads\/sites\/4\/2022\/06\/Pigment-synthetique-des-Ocres-de-France.jpg","type":"image\/jpeg"}],"twitter_card":"summary_large_image","twitter_misc":{"Dur\u00e9e de lecture estim\u00e9e":"2 minutes"},"schema":{"@context":"https:\/\/schema.org","@graph":[{"@type":"WebPage","@id":"https:\/\/nature-et-developpement.com\/logisain-44\/produit\/pigment-synthetique-des-ocres-de-france\/","url":"https:\/\/nature-et-developpement.com\/logisain-44\/produit\/pigment-synthetique-des-ocres-de-france\/","name":"Pigment synth\u00e9tique des Ocres de France - Logisain 44","isPartOf":{"@id":"https:\/\/nature-et-developpement.com\/logisain-44\/#website"},"primaryImageOfPage":{"@id":"https:\/\/nature-et-developpement.com\/logisain-44\/produit\/pigment-synthetique-des-ocres-de-france\/#primaryimage"},"image":{"@id":"https:\/\/nature-et-developpement.com\/logisain-44\/produit\/pigment-synthetique-des-ocres-de-france\/#primaryimage"},"thumbnailUrl":"https:\/\/nature-et-developpement.com\/logisain-44\/wp-content\/uploads\/sites\/4\/2022\/06\/Pigment-synthetique-des-Ocres-de-France.jpg","datePublished":"2022-06-23T10:06:00+00:00","dateModified":"2025-10-07T09:50:13+00:00","description":"Une gamme compl\u00e8te et vari\u00e9e de pigments naturels, synth\u00e9tiques, m\u00e9talliques. Ocres de France, c'est aussi des liants, charges et adjuvants pour la composition de vos enduits et badigeons. Des solutions pour les fonds, sous-couches, dressage... Des badigeons et enduits d\u00e9coratifs \u00e0 la chaux pr\u00eats \u00e0 l'emploi. Des enduits de fa\u00e7ade aux couleurs chatoyantes. Loire-Atlantique","breadcrumb":{"@id":"https:\/\/nature-et-developpement.com\/logisain-44\/produit\/pigment-synthetique-des-ocres-de-france\/#breadcrumb"},"inLanguage":"fr-FR","potentialAction":[{"@type":"ReadAction","target":["https:\/\/nature-et-developpement.com\/logisain-44\/produit\/pigment-synthetique-des-ocres-de-france\/"]}]},{"@type":"ImageObject","inLanguage":"fr-FR","@id":"https:\/\/nature-et-developpement.com\/logisain-44\/produit\/pigment-synthetique-des-ocres-de-france\/#primaryimage","url":"https:\/\/nature-et-developpement.com\/logisain-44\/wp-content\/uploads\/sites\/4\/2022\/06\/Pigment-synthetique-des-Ocres-de-France.jpg","contentUrl":"https:\/\/nature-et-developpement.com\/logisain-44\/wp-content\/uploads\/sites\/4\/2022\/06\/Pigment-synthetique-des-Ocres-de-France.jpg","width":800,"height":800},{"@type":"BreadcrumbList","@id":"https:\/\/nature-et-developpement.com\/logisain-44\/produit\/pigment-synthetique-des-ocres-de-france\/#breadcrumb","itemListElement":[{"@type":"ListItem","position":1,"name":"Accueil","item":"https:\/\/nature-et-developpement.com\/logisain-44\/"},{"@type":"ListItem","position":2,"name":"Produits","item":"https:\/\/nature-et-developpement.com\/logisain-44\/shop\/"},{"@type":"ListItem","position":3,"name":"Peinture, pigment et enduit","item":"https:\/\/nature-et-developpement.com\/logisain-44\/produits\/peinture-et-enduit\/"},{"@type":"ListItem","position":4,"name":"Colorants et pigments","item":"https:\/\/nature-et-developpement.com\/logisain-44\/produits\/peinture-et-enduit\/colorants-et-pigments\/"},{"@type":"ListItem","position":5,"name":"Pigment synth\u00e9tique des Ocres de France"}]},{"@type":"WebSite","@id":"https:\/\/nature-et-developpement.com\/logisain-44\/#website","url":"https:\/\/nature-et-developpement.com\/logisain-44\/","name":"Logisain 44","description":"Logisain 44 est membre du groupement Nature &amp; D\u00e9veloppement","publisher":{"@id":"https:\/\/nature-et-developpement.com\/logisain-44\/#organization"},"potentialAction":[{"@type":"SearchAction","target":{"@type":"EntryPoint","urlTemplate":"https:\/\/nature-et-developpement.com\/logisain-44\/?s={search_term_string}"},"query-input":{"@type":"PropertyValueSpecification","valueRequired":true,"valueName":"search_term_string"}}],"inLanguage":"fr-FR"},{"@type":"Organization","@id":"https:\/\/nature-et-developpement.com\/logisain-44\/#organization","name":"Logisain 44","url":"https:\/\/nature-et-developpement.com\/logisain-44\/","logo":{"@type":"ImageObject","inLanguage":"fr-FR","@id":"https:\/\/nature-et-developpement.com\/logisain-44\/#\/schema\/logo\/image\/","url":"https:\/\/nature-et-developpement.com\/logisain-44\/wp-content\/uploads\/sites\/4\/2021\/08\/logo-logisain.jpg","contentUrl":"https:\/\/nature-et-developpement.com\/logisain-44\/wp-content\/uploads\/sites\/4\/2021\/08\/logo-logisain.jpg","width":672,"height":455,"caption":"Logisain 44"},"image":{"@id":"https:\/\/nature-et-developpement.com\/logisain-44\/#\/schema\/logo\/image\/"}}]}},"distributor_meta":false,"distributor_terms":false,"distributor_media":false,"distributor_original_site_name":"Logisain 44","distributor_original_site_url":"https:\/\/nature-et-developpement.com\/logisain-44","push-errors":false,"_links":{"self":[{"href":"https:\/\/nature-et-developpement.com\/logisain-44\/wp-json\/wp\/v2\/product\/35196","targetHints":{"allow":["GET"]}}],"collection":[{"href":"https:\/\/nature-et-developpement.com\/logisain-44\/wp-json\/wp\/v2\/product"}],"about":[{"href":"https:\/\/nature-et-developpement.com\/logisain-44\/wp-json\/wp\/v2\/types\/product"}],"wp:featuredmedia":[{"embeddable":true,"href":"https:\/\/nature-et-developpement.com\/logisain-44\/wp-json\/wp\/v2\/media\/35226"}],"wp:attachment":[{"href":"https:\/\/nature-et-developpement.com\/logisain-44\/wp-json\/wp\/v2\/media?parent=35196"}],"wp:term":[{"taxonomy":"product_brand","embeddable":true,"href":"https:\/\/nature-et-developpement.com\/logisain-44\/wp-json\/wp\/v2\/product_brand?post=35196"},{"taxonomy":"product_cat","embeddable":true,"href":"https:\/\/nature-et-developpement.com\/logisain-44\/wp-json\/wp\/v2\/product_cat?post=35196"},{"taxonomy":"product_tag","embeddable":true,"href":"https:\/\/nature-et-developpement.com\/logisain-44\/wp-json\/wp\/v2\/product_tag?post=35196"}],"curies":[{"name":"wp","href":"https:\/\/api.w.org\/{rel}","templated":true}]}}