{"id":35340,"date":"2022-07-01T10:11:19","date_gmt":"2022-07-01T08:11:19","guid":{"rendered":"https:\/\/nature-et-developpement.com\/logisain-44\/?post_type=product&#038;p=35340"},"modified":"2025-06-12T15:02:23","modified_gmt":"2025-06-12T13:02:23","slug":"huile-pour-mobilier-de-jardin-n115","status":"publish","type":"product","link":"https:\/\/nature-et-developpement.com\/logisain-44\/produit\/huile-pour-mobilier-de-jardin-n115\/","title":{"rendered":"Huile pour mobilier de jardin n\u00b0115 Auro"},"content":{"rendered":"<h2>Pourquoi choisir l\u2019huile pour mobilier de jardin Aqua n\u00b0115?<\/h2>\n<p>Cette huile est con\u00e7ue \u00e0 partir de mati\u00e8res premi\u00e8re naturelles, \u00e9cologique elle est diluable \u00e0 l\u2019eau et sans solvant.<\/p>\n<p>L\u2019huile pour mobilier de jardin n\u00b0115 est une\u00a0protection transparente pour les meubles ext\u00e9rieurs en bois. Perm\u00e9ante \u00e0 l\u2019air, elle laisse respirer les supports. L\u2019application d\u2019une huile sur les meubles de jardin permet \u00e9galement de raviver le bois, qui retrouve ainsi l\u2019aspect du neuf. L\u2019huile peut \u00eatre appliqu\u00e9e indiff\u00e9remment sur toutes les essences de bois.<\/p>\n<p>L\u2019huile pour mobilier de jardin permet de prot\u00e9ger efficacement le bois face aux UV et \u00e0 l\u2019humidit\u00e9, \u00e9vitant ainsi le grisaillement. Permet de conserver durablement l\u2019aspect d\u2019origine du bois. Pour une protection optimale, il est conseill\u00e9 d\u2019appliquer l\u2019huile deux fois par an, une fois avant la saison estivale et une fois \u00e0 l\u2019automne.<\/p>\n<h3>Comment prot\u00e9ger mon mobilier de jardin avec l\u2019huile n\u00b0115\u00a0?<\/h3>\n<p>Apr\u00e8s s\u2019\u00eatre assur\u00e9 de la compatibilit\u00e9 du support, il est n\u00e9cessaire de d\u00e9caper, poncer, d\u00e9poussi\u00e9rer et nettoyer le bois afin d\u2019arriver au bois brut et de bien se d\u00e9barrasser des anciennes couches de traitement.<\/p>\n<p>Appliquer ensuite une premi\u00e8re fois le produit, il peut alors \u00eatre dilu\u00e9 \u00e0 l\u2019eau (max 20%). Appliquer uniform\u00e9ment le produit puis, apr\u00e8s 15 minutes, enlever le surplus de produit \u00e0 l\u2019aide d\u2019un chiffon propre. La deuxi\u00e8me couche sera \u00e0 appliquer, dans l\u2019id\u00e9al non dilu\u00e9e, apr\u00e8s 24 heures de s\u00e9chage.<\/p>\n<p>Pour les bois riches en substances actives il est possible d\u2019appliquer au pr\u00e9alable une couche de primaire sp\u00e9cial n\u00b0117. En fonction du degr\u00e9 de sollicitation du mobilier de jardin trait\u00e9, il est \u00e9galement possible d\u2019appliquer une couche d\u2019huile non dilu\u00e9e suppl\u00e9mentaire.<\/p>\n","protected":false},"excerpt":{"rendered":"<p>Cette\u00a0<b>huile de protection pour les meubles de jardin en bois<\/b>\u00a0est une huile sans solvant, diluable \u00e0 l\u2019eau.<\/p>\n<p>Elle offre une grande\u00a0<b>protection face aux UV<\/b>, \u00e0 l\u2019humidit\u00e9, aux intemp\u00e9ries et aux salissures pour maintenir le mobilier de jardin en bon \u00e9tat.<\/p>\n","protected":false},"featured_media":35344,"template":"","meta":[],"product_brand":[11100],"product_cat":[7787,7788],"product_tag":[],"class_list":{"0":"post-35340","1":"product","2":"type-product","3":"status-publish","4":"has-post-thumbnail","6":"product_brand-auro","7":"product_cat-protection-du-bois","8":"product_cat-protection-et-entretien","9":"product_shipping_class-peintures-accessoires-peintures","11":"first","12":"instock","13":"taxable","14":"shipping-taxable","15":"purchasable","16":"product-type-variable"},"yoast_head":"<!-- This site is optimized with the Yoast SEO plugin v27.5 - https:\/\/yoast.com\/product\/yoast-seo-wordpress\/ -->\n<title>Huile pour mobilier de jardin n\u00b0115 Auro - Logisain 44<\/title>\n<meta name=\"description\" content=\"Cette\u00a0huile de protection pour les meubles de jardin en bois\u00a0est une huile sans solvant, diluable \u00e0 l\u2019eau.  Elle offre une grande\u00a0protection face aux UV, \u00e0 l\u2019humidit\u00e9, aux intemp\u00e9ries et aux salissures pour maintenir le mobilier de jardin en bon \u00e9tat. Loire-Atlantique\" \/>\n<meta name=\"robots\" content=\"noindex, follow\" \/>\n<meta property=\"og:locale\" content=\"fr_FR\" \/>\n<meta property=\"og:type\" content=\"article\" \/>\n<meta property=\"og:title\" content=\"Huile pour mobilier de jardin n\u00b0115 Auro - Logisain 44\" \/>\n<meta property=\"og:description\" content=\"Cette\u00a0huile de protection pour les meubles de jardin en bois\u00a0est une huile sans solvant, diluable \u00e0 l\u2019eau.  Elle offre une grande\u00a0protection face aux UV, \u00e0 l\u2019humidit\u00e9, aux intemp\u00e9ries et aux salissures pour maintenir le mobilier de jardin en bon \u00e9tat. Loire-Atlantique\" \/>\n<meta property=\"og:url\" content=\"https:\/\/nature-et-developpement.com\/logisain-44\/produit\/huile-pour-mobilier-de-jardin-n115\/\" \/>\n<meta property=\"og:site_name\" content=\"Logisain 44\" \/>\n<meta property=\"article:modified_time\" content=\"2025-06-12T13:02:23+00:00\" \/>\n<meta property=\"og:image\" content=\"https:\/\/nature-et-developpement.com\/logisain-44\/wp-content\/uploads\/sites\/4\/2022\/07\/Huile-pour-mobilier-de-jardin-n\u00b0115.jpg\" \/>\n\t<meta property=\"og:image:width\" content=\"800\" \/>\n\t<meta property=\"og:image:height\" content=\"800\" \/>\n\t<meta property=\"og:image:type\" content=\"image\/jpeg\" \/>\n<meta name=\"twitter:card\" content=\"summary_large_image\" \/>\n<meta name=\"twitter:label1\" content=\"Dur\u00e9e de lecture estim\u00e9e\" \/>\n\t<meta name=\"twitter:data1\" content=\"2 minutes\" \/>\n<script type=\"application\/ld+json\" class=\"yoast-schema-graph\">{\"@context\":\"https:\\\/\\\/schema.org\",\"@graph\":[{\"@type\":\"WebPage\",\"@id\":\"https:\\\/\\\/nature-et-developpement.com\\\/logisain-44\\\/produit\\\/huile-pour-mobilier-de-jardin-n115\\\/\",\"url\":\"https:\\\/\\\/nature-et-developpement.com\\\/logisain-44\\\/produit\\\/huile-pour-mobilier-de-jardin-n115\\\/\",\"name\":\"Huile pour mobilier de jardin n\u00b0115 Auro - Logisain 44\",\"isPartOf\":{\"@id\":\"https:\\\/\\\/nature-et-developpement.com\\\/logisain-44\\\/#website\"},\"primaryImageOfPage\":{\"@id\":\"https:\\\/\\\/nature-et-developpement.com\\\/logisain-44\\\/produit\\\/huile-pour-mobilier-de-jardin-n115\\\/#primaryimage\"},\"image\":{\"@id\":\"https:\\\/\\\/nature-et-developpement.com\\\/logisain-44\\\/produit\\\/huile-pour-mobilier-de-jardin-n115\\\/#primaryimage\"},\"thumbnailUrl\":\"https:\\\/\\\/nature-et-developpement.com\\\/logisain-44\\\/wp-content\\\/uploads\\\/sites\\\/4\\\/2022\\\/07\\\/Huile-pour-mobilier-de-jardin-n\u00b0115.jpg\",\"datePublished\":\"2022-07-01T08:11:19+00:00\",\"dateModified\":\"2025-06-12T13:02:23+00:00\",\"description\":\"Cette\u00a0huile de protection pour les meubles de jardin en bois\u00a0est une huile sans solvant, diluable \u00e0 l\u2019eau. Elle offre une grande\u00a0protection face aux UV, \u00e0 l\u2019humidit\u00e9, aux intemp\u00e9ries et aux salissures pour maintenir le mobilier de jardin en bon \u00e9tat. Loire-Atlantique\",\"breadcrumb\":{\"@id\":\"https:\\\/\\\/nature-et-developpement.com\\\/logisain-44\\\/produit\\\/huile-pour-mobilier-de-jardin-n115\\\/#breadcrumb\"},\"inLanguage\":\"fr-FR\",\"potentialAction\":[{\"@type\":\"ReadAction\",\"target\":[\"https:\\\/\\\/nature-et-developpement.com\\\/logisain-44\\\/produit\\\/huile-pour-mobilier-de-jardin-n115\\\/\"]}]},{\"@type\":\"ImageObject\",\"inLanguage\":\"fr-FR\",\"@id\":\"https:\\\/\\\/nature-et-developpement.com\\\/logisain-44\\\/produit\\\/huile-pour-mobilier-de-jardin-n115\\\/#primaryimage\",\"url\":\"https:\\\/\\\/nature-et-developpement.com\\\/logisain-44\\\/wp-content\\\/uploads\\\/sites\\\/4\\\/2022\\\/07\\\/Huile-pour-mobilier-de-jardin-n\u00b0115.jpg\",\"contentUrl\":\"https:\\\/\\\/nature-et-developpement.com\\\/logisain-44\\\/wp-content\\\/uploads\\\/sites\\\/4\\\/2022\\\/07\\\/Huile-pour-mobilier-de-jardin-n\u00b0115.jpg\",\"width\":800,\"height\":800},{\"@type\":\"BreadcrumbList\",\"@id\":\"https:\\\/\\\/nature-et-developpement.com\\\/logisain-44\\\/produit\\\/huile-pour-mobilier-de-jardin-n115\\\/#breadcrumb\",\"itemListElement\":[{\"@type\":\"ListItem\",\"position\":1,\"name\":\"Accueil\",\"item\":\"https:\\\/\\\/nature-et-developpement.com\\\/logisain-44\\\/\"},{\"@type\":\"ListItem\",\"position\":2,\"name\":\"Produits\",\"item\":\"https:\\\/\\\/nature-et-developpement.com\\\/logisain-44\\\/shop\\\/\"},{\"@type\":\"ListItem\",\"position\":3,\"name\":\"Peinture, pigment et enduit\",\"item\":\"https:\\\/\\\/nature-et-developpement.com\\\/logisain-44\\\/produits\\\/peinture-et-enduit\\\/\"},{\"@type\":\"ListItem\",\"position\":4,\"name\":\"Protection du bois\",\"item\":\"https:\\\/\\\/nature-et-developpement.com\\\/logisain-44\\\/produits\\\/peinture-et-enduit\\\/protection-du-bois\\\/\"},{\"@type\":\"ListItem\",\"position\":5,\"name\":\"Huile pour mobilier de jardin n\u00b0115 Auro\"}]},{\"@type\":\"WebSite\",\"@id\":\"https:\\\/\\\/nature-et-developpement.com\\\/logisain-44\\\/#website\",\"url\":\"https:\\\/\\\/nature-et-developpement.com\\\/logisain-44\\\/\",\"name\":\"Logisain 44\",\"description\":\"Logisain 44 est membre du groupement Nature &amp; D\u00e9veloppement\",\"publisher\":{\"@id\":\"https:\\\/\\\/nature-et-developpement.com\\\/logisain-44\\\/#organization\"},\"potentialAction\":[{\"@type\":\"SearchAction\",\"target\":{\"@type\":\"EntryPoint\",\"urlTemplate\":\"https:\\\/\\\/nature-et-developpement.com\\\/logisain-44\\\/?s={search_term_string}\"},\"query-input\":{\"@type\":\"PropertyValueSpecification\",\"valueRequired\":true,\"valueName\":\"search_term_string\"}}],\"inLanguage\":\"fr-FR\"},{\"@type\":\"Organization\",\"@id\":\"https:\\\/\\\/nature-et-developpement.com\\\/logisain-44\\\/#organization\",\"name\":\"Logisain 44\",\"url\":\"https:\\\/\\\/nature-et-developpement.com\\\/logisain-44\\\/\",\"logo\":{\"@type\":\"ImageObject\",\"inLanguage\":\"fr-FR\",\"@id\":\"https:\\\/\\\/nature-et-developpement.com\\\/logisain-44\\\/#\\\/schema\\\/logo\\\/image\\\/\",\"url\":\"https:\\\/\\\/nature-et-developpement.com\\\/logisain-44\\\/wp-content\\\/uploads\\\/sites\\\/4\\\/2021\\\/08\\\/logo-logisain.jpg\",\"contentUrl\":\"https:\\\/\\\/nature-et-developpement.com\\\/logisain-44\\\/wp-content\\\/uploads\\\/sites\\\/4\\\/2021\\\/08\\\/logo-logisain.jpg\",\"width\":672,\"height\":455,\"caption\":\"Logisain 44\"},\"image\":{\"@id\":\"https:\\\/\\\/nature-et-developpement.com\\\/logisain-44\\\/#\\\/schema\\\/logo\\\/image\\\/\"}}]}<\/script>\n<!-- \/ Yoast SEO plugin. -->","yoast_head_json":{"title":"Huile pour mobilier de jardin n\u00b0115 Auro - Logisain 44","description":"Cette\u00a0huile de protection pour les meubles de jardin en bois\u00a0est une huile sans solvant, diluable \u00e0 l\u2019eau.  Elle offre une grande\u00a0protection face aux UV, \u00e0 l\u2019humidit\u00e9, aux intemp\u00e9ries et aux salissures pour maintenir le mobilier de jardin en bon \u00e9tat. Loire-Atlantique","robots":{"index":"noindex","follow":"follow"},"og_locale":"fr_FR","og_type":"article","og_title":"Huile pour mobilier de jardin n\u00b0115 Auro - Logisain 44","og_description":"Cette\u00a0huile de protection pour les meubles de jardin en bois\u00a0est une huile sans solvant, diluable \u00e0 l\u2019eau.  Elle offre une grande\u00a0protection face aux UV, \u00e0 l\u2019humidit\u00e9, aux intemp\u00e9ries et aux salissures pour maintenir le mobilier de jardin en bon \u00e9tat. Loire-Atlantique","og_url":"https:\/\/nature-et-developpement.com\/logisain-44\/produit\/huile-pour-mobilier-de-jardin-n115\/","og_site_name":"Logisain 44","article_modified_time":"2025-06-12T13:02:23+00:00","og_image":[{"width":800,"height":800,"url":"https:\/\/nature-et-developpement.com\/logisain-44\/wp-content\/uploads\/sites\/4\/2022\/07\/Huile-pour-mobilier-de-jardin-n\u00b0115.jpg","type":"image\/jpeg"}],"twitter_card":"summary_large_image","twitter_misc":{"Dur\u00e9e de lecture estim\u00e9e":"2 minutes"},"schema":{"@context":"https:\/\/schema.org","@graph":[{"@type":"WebPage","@id":"https:\/\/nature-et-developpement.com\/logisain-44\/produit\/huile-pour-mobilier-de-jardin-n115\/","url":"https:\/\/nature-et-developpement.com\/logisain-44\/produit\/huile-pour-mobilier-de-jardin-n115\/","name":"Huile pour mobilier de jardin n\u00b0115 Auro - Logisain 44","isPartOf":{"@id":"https:\/\/nature-et-developpement.com\/logisain-44\/#website"},"primaryImageOfPage":{"@id":"https:\/\/nature-et-developpement.com\/logisain-44\/produit\/huile-pour-mobilier-de-jardin-n115\/#primaryimage"},"image":{"@id":"https:\/\/nature-et-developpement.com\/logisain-44\/produit\/huile-pour-mobilier-de-jardin-n115\/#primaryimage"},"thumbnailUrl":"https:\/\/nature-et-developpement.com\/logisain-44\/wp-content\/uploads\/sites\/4\/2022\/07\/Huile-pour-mobilier-de-jardin-n\u00b0115.jpg","datePublished":"2022-07-01T08:11:19+00:00","dateModified":"2025-06-12T13:02:23+00:00","description":"Cette\u00a0huile de protection pour les meubles de jardin en bois\u00a0est une huile sans solvant, diluable \u00e0 l\u2019eau. Elle offre une grande\u00a0protection face aux UV, \u00e0 l\u2019humidit\u00e9, aux intemp\u00e9ries et aux salissures pour maintenir le mobilier de jardin en bon \u00e9tat. Loire-Atlantique","breadcrumb":{"@id":"https:\/\/nature-et-developpement.com\/logisain-44\/produit\/huile-pour-mobilier-de-jardin-n115\/#breadcrumb"},"inLanguage":"fr-FR","potentialAction":[{"@type":"ReadAction","target":["https:\/\/nature-et-developpement.com\/logisain-44\/produit\/huile-pour-mobilier-de-jardin-n115\/"]}]},{"@type":"ImageObject","inLanguage":"fr-FR","@id":"https:\/\/nature-et-developpement.com\/logisain-44\/produit\/huile-pour-mobilier-de-jardin-n115\/#primaryimage","url":"https:\/\/nature-et-developpement.com\/logisain-44\/wp-content\/uploads\/sites\/4\/2022\/07\/Huile-pour-mobilier-de-jardin-n\u00b0115.jpg","contentUrl":"https:\/\/nature-et-developpement.com\/logisain-44\/wp-content\/uploads\/sites\/4\/2022\/07\/Huile-pour-mobilier-de-jardin-n\u00b0115.jpg","width":800,"height":800},{"@type":"BreadcrumbList","@id":"https:\/\/nature-et-developpement.com\/logisain-44\/produit\/huile-pour-mobilier-de-jardin-n115\/#breadcrumb","itemListElement":[{"@type":"ListItem","position":1,"name":"Accueil","item":"https:\/\/nature-et-developpement.com\/logisain-44\/"},{"@type":"ListItem","position":2,"name":"Produits","item":"https:\/\/nature-et-developpement.com\/logisain-44\/shop\/"},{"@type":"ListItem","position":3,"name":"Peinture, pigment et enduit","item":"https:\/\/nature-et-developpement.com\/logisain-44\/produits\/peinture-et-enduit\/"},{"@type":"ListItem","position":4,"name":"Protection du bois","item":"https:\/\/nature-et-developpement.com\/logisain-44\/produits\/peinture-et-enduit\/protection-du-bois\/"},{"@type":"ListItem","position":5,"name":"Huile pour mobilier de jardin n\u00b0115 Auro"}]},{"@type":"WebSite","@id":"https:\/\/nature-et-developpement.com\/logisain-44\/#website","url":"https:\/\/nature-et-developpement.com\/logisain-44\/","name":"Logisain 44","description":"Logisain 44 est membre du groupement Nature &amp; D\u00e9veloppement","publisher":{"@id":"https:\/\/nature-et-developpement.com\/logisain-44\/#organization"},"potentialAction":[{"@type":"SearchAction","target":{"@type":"EntryPoint","urlTemplate":"https:\/\/nature-et-developpement.com\/logisain-44\/?s={search_term_string}"},"query-input":{"@type":"PropertyValueSpecification","valueRequired":true,"valueName":"search_term_string"}}],"inLanguage":"fr-FR"},{"@type":"Organization","@id":"https:\/\/nature-et-developpement.com\/logisain-44\/#organization","name":"Logisain 44","url":"https:\/\/nature-et-developpement.com\/logisain-44\/","logo":{"@type":"ImageObject","inLanguage":"fr-FR","@id":"https:\/\/nature-et-developpement.com\/logisain-44\/#\/schema\/logo\/image\/","url":"https:\/\/nature-et-developpement.com\/logisain-44\/wp-content\/uploads\/sites\/4\/2021\/08\/logo-logisain.jpg","contentUrl":"https:\/\/nature-et-developpement.com\/logisain-44\/wp-content\/uploads\/sites\/4\/2021\/08\/logo-logisain.jpg","width":672,"height":455,"caption":"Logisain 44"},"image":{"@id":"https:\/\/nature-et-developpement.com\/logisain-44\/#\/schema\/logo\/image\/"}}]}},"distributor_meta":false,"distributor_terms":false,"distributor_media":false,"distributor_original_site_name":"Logisain 44","distributor_original_site_url":"https:\/\/nature-et-developpement.com\/logisain-44","push-errors":false,"_links":{"self":[{"href":"https:\/\/nature-et-developpement.com\/logisain-44\/wp-json\/wp\/v2\/product\/35340","targetHints":{"allow":["GET"]}}],"collection":[{"href":"https:\/\/nature-et-developpement.com\/logisain-44\/wp-json\/wp\/v2\/product"}],"about":[{"href":"https:\/\/nature-et-developpement.com\/logisain-44\/wp-json\/wp\/v2\/types\/product"}],"wp:featuredmedia":[{"embeddable":true,"href":"https:\/\/nature-et-developpement.com\/logisain-44\/wp-json\/wp\/v2\/media\/35344"}],"wp:attachment":[{"href":"https:\/\/nature-et-developpement.com\/logisain-44\/wp-json\/wp\/v2\/media?parent=35340"}],"wp:term":[{"taxonomy":"product_brand","embeddable":true,"href":"https:\/\/nature-et-developpement.com\/logisain-44\/wp-json\/wp\/v2\/product_brand?post=35340"},{"taxonomy":"product_cat","embeddable":true,"href":"https:\/\/nature-et-developpement.com\/logisain-44\/wp-json\/wp\/v2\/product_cat?post=35340"},{"taxonomy":"product_tag","embeddable":true,"href":"https:\/\/nature-et-developpement.com\/logisain-44\/wp-json\/wp\/v2\/product_tag?post=35340"}],"curies":[{"name":"wp","href":"https:\/\/api.w.org\/{rel}","templated":true}]}}