{"id":35407,"date":"2022-07-05T12:27:40","date_gmt":"2022-07-05T10:27:40","guid":{"rendered":"https:\/\/nature-et-developpement.com\/logisain-44\/?post_type=product&#038;p=35407"},"modified":"2025-06-12T15:02:23","modified_gmt":"2025-06-12T13:02:23","slug":"appret-antirouille-n234-auro","status":"publish","type":"product","link":"https:\/\/nature-et-developpement.com\/logisain-44\/produit\/appret-antirouille-n234-auro\/","title":{"rendered":"Appr\u00eat antirouille n\u00b0234 Auro"},"content":{"rendered":"<h2>Pourquoi choisir l\u2019appr\u00eat antirouille n\u00b0234 AURO :<\/h2>\n<p>Primaire antirouille diluable \u00e0 l\u2019eau, sans solvant ni dioxyde de titane, il est un\u00a0produit \u00e9cologique\u00a0compos\u00e9 en majeure partie de mati\u00e8res premi\u00e8res naturelles.<\/p>\n<p>Cet appr\u00eat antirouille ne pr\u00e9sente pas de risques pour la sant\u00e9 ni pour l\u2019environnement.<\/p>\n<p>Il peut \u00eatre utilis\u00e9 sans probl\u00e8me en int\u00e9rieur comme en ext\u00e9rieur \u00e9tant donn\u00e9 qu\u2019il sera obligatoirement recouvert par une laque.<\/p>\n<p>Son application est ais\u00e9e, il goutte tr\u00e8s peu et sa texture le rend facile \u00e0 \u00e9taler.<\/p>\n<p>Il poss\u00e8de un rendement int\u00e9ressant puisqu\u2019avec un pot de 0,75 litre il est possible de traiter jusqu\u2019\u00e0 10m\u00b2.<\/p>\n<p>Son excellente adh\u00e9rence lui permet d\u2019offrir une protection durable et efficace aux r\u00e9surgences de rouilles sur de nombreux support m\u00e9talliques ferreux.<\/p>\n<h3>Comment prot\u00e9ger de la rouille avec l\u2019appr\u00eat antirouille n\u00b0234 :<\/h3>\n<p>Le support doit \u00eatre sec, propre, sain, solide et chimiquement neutre.<\/p>\n<p>Il est \u00e9galement n\u00e9cessaire de retirer la rouille existante du support avant application, effectuer cette \u00e9tape m\u00e9caniquement, \u00e0 la meuleuse ou par pon\u00e7age. L\u2019utilisation d\u2019un transformateur de rouille est proscrite.<\/p>\n<p>L\u2019appr\u00eat antirouille est compatible avec les m\u00e9taux ferreux bruts, en int\u00e9rieur comme en ext\u00e9rieur.<\/p>\n<p>Il est conseill\u00e9 d\u2019appliquer deux couches d\u2019appr\u00eat antirouille \u00e0 l\u2019ext\u00e9rieur, une seule est suffisante \u00e0 l\u2019int\u00e9rieur.<\/p>\n<p>Application possible au pinceau, au rouleau ou par pulv\u00e9risation.<\/p>\n<p>L\u2019appr\u00eat antirouille est sec au toucher plus ou moins 6h apr\u00e8s son application, le s\u00e9chage complet est atteint apr\u00e8s environ 24 heures.<\/p>\n<p>L\u2019appr\u00eat antirouille N\u00b0234 AURO n\u2019est pas un produit de finition, il doit obligatoirement \u00eatre recouvert, en int\u00e9rieur comme en ext\u00e9rieur, de deux couches de laque.<\/p>\n","protected":false},"excerpt":{"rendered":"<p><b>Primaire antirouille pour la protection des surfaces m\u00e9talliques<\/b>, sp\u00e9cialement d\u00e9velopp\u00e9 pour \u00eatre recouvert d\u2019une laque.<\/p>\n<p>L\u2019appr\u00eat antirouille n\u00b0234 doit obligatoirement \u00eatre recouvert par un produit de finition.<\/p>\n","protected":false},"featured_media":35409,"template":"","meta":[],"product_brand":[11100],"product_cat":[7889,7788],"product_tag":[],"class_list":{"0":"post-35407","1":"product","2":"type-product","3":"status-publish","4":"has-post-thumbnail","6":"product_brand-auro","7":"product_cat-preparation-du-support","8":"product_cat-protection-et-entretien","9":"product_shipping_class-peintures-accessoires-peintures","11":"first","12":"instock","13":"sale","14":"taxable","15":"shipping-taxable","16":"purchasable","17":"product-type-variable"},"yoast_head":"<!-- This site is optimized with the Yoast SEO plugin v27.5 - https:\/\/yoast.com\/product\/yoast-seo-wordpress\/ -->\n<title>Appr\u00eat antirouille n\u00b0234 Auro - Logisain 44<\/title>\n<meta name=\"description\" content=\"Primaire antirouille pour la protection des surfaces m\u00e9talliques, sp\u00e9cialement d\u00e9velopp\u00e9 pour \u00eatre recouvert d\u2019une laque.  L\u2019appr\u00eat antirouille n\u00b0234 doit obligatoirement \u00eatre recouvert par un produit de finition. Loire-Atlantique\" \/>\n<meta name=\"robots\" content=\"noindex, follow\" \/>\n<meta property=\"og:locale\" content=\"fr_FR\" \/>\n<meta property=\"og:type\" content=\"article\" \/>\n<meta property=\"og:title\" content=\"Appr\u00eat antirouille n\u00b0234 Auro - Logisain 44\" \/>\n<meta property=\"og:description\" content=\"Primaire antirouille pour la protection des surfaces m\u00e9talliques, sp\u00e9cialement d\u00e9velopp\u00e9 pour \u00eatre recouvert d\u2019une laque.  L\u2019appr\u00eat antirouille n\u00b0234 doit obligatoirement \u00eatre recouvert par un produit de finition. Loire-Atlantique\" \/>\n<meta property=\"og:url\" content=\"https:\/\/nature-et-developpement.com\/logisain-44\/produit\/appret-antirouille-n234-auro\/\" \/>\n<meta property=\"og:site_name\" content=\"Logisain 44\" \/>\n<meta property=\"article:modified_time\" content=\"2025-06-12T13:02:23+00:00\" \/>\n<meta property=\"og:image\" content=\"https:\/\/nature-et-developpement.com\/logisain-44\/wp-content\/uploads\/sites\/4\/2022\/07\/Appret-antirouille-n\u00b0234-Auro.jpg\" \/>\n\t<meta property=\"og:image:width\" content=\"800\" \/>\n\t<meta property=\"og:image:height\" content=\"800\" \/>\n\t<meta property=\"og:image:type\" content=\"image\/jpeg\" \/>\n<meta name=\"twitter:card\" content=\"summary_large_image\" \/>\n<meta name=\"twitter:label1\" content=\"Dur\u00e9e de lecture estim\u00e9e\" \/>\n\t<meta name=\"twitter:data1\" content=\"2 minutes\" \/>\n<script type=\"application\/ld+json\" class=\"yoast-schema-graph\">{\"@context\":\"https:\\\/\\\/schema.org\",\"@graph\":[{\"@type\":\"WebPage\",\"@id\":\"https:\\\/\\\/nature-et-developpement.com\\\/logisain-44\\\/produit\\\/appret-antirouille-n234-auro\\\/\",\"url\":\"https:\\\/\\\/nature-et-developpement.com\\\/logisain-44\\\/produit\\\/appret-antirouille-n234-auro\\\/\",\"name\":\"Appr\u00eat antirouille n\u00b0234 Auro - Logisain 44\",\"isPartOf\":{\"@id\":\"https:\\\/\\\/nature-et-developpement.com\\\/logisain-44\\\/#website\"},\"primaryImageOfPage\":{\"@id\":\"https:\\\/\\\/nature-et-developpement.com\\\/logisain-44\\\/produit\\\/appret-antirouille-n234-auro\\\/#primaryimage\"},\"image\":{\"@id\":\"https:\\\/\\\/nature-et-developpement.com\\\/logisain-44\\\/produit\\\/appret-antirouille-n234-auro\\\/#primaryimage\"},\"thumbnailUrl\":\"https:\\\/\\\/nature-et-developpement.com\\\/logisain-44\\\/wp-content\\\/uploads\\\/sites\\\/4\\\/2022\\\/07\\\/Appret-antirouille-n\u00b0234-Auro.jpg\",\"datePublished\":\"2022-07-05T10:27:40+00:00\",\"dateModified\":\"2025-06-12T13:02:23+00:00\",\"description\":\"Primaire antirouille pour la protection des surfaces m\u00e9talliques, sp\u00e9cialement d\u00e9velopp\u00e9 pour \u00eatre recouvert d\u2019une laque. L\u2019appr\u00eat antirouille n\u00b0234 doit obligatoirement \u00eatre recouvert par un produit de finition. Loire-Atlantique\",\"breadcrumb\":{\"@id\":\"https:\\\/\\\/nature-et-developpement.com\\\/logisain-44\\\/produit\\\/appret-antirouille-n234-auro\\\/#breadcrumb\"},\"inLanguage\":\"fr-FR\",\"potentialAction\":[{\"@type\":\"ReadAction\",\"target\":[\"https:\\\/\\\/nature-et-developpement.com\\\/logisain-44\\\/produit\\\/appret-antirouille-n234-auro\\\/\"]}]},{\"@type\":\"ImageObject\",\"inLanguage\":\"fr-FR\",\"@id\":\"https:\\\/\\\/nature-et-developpement.com\\\/logisain-44\\\/produit\\\/appret-antirouille-n234-auro\\\/#primaryimage\",\"url\":\"https:\\\/\\\/nature-et-developpement.com\\\/logisain-44\\\/wp-content\\\/uploads\\\/sites\\\/4\\\/2022\\\/07\\\/Appret-antirouille-n\u00b0234-Auro.jpg\",\"contentUrl\":\"https:\\\/\\\/nature-et-developpement.com\\\/logisain-44\\\/wp-content\\\/uploads\\\/sites\\\/4\\\/2022\\\/07\\\/Appret-antirouille-n\u00b0234-Auro.jpg\",\"width\":800,\"height\":800},{\"@type\":\"BreadcrumbList\",\"@id\":\"https:\\\/\\\/nature-et-developpement.com\\\/logisain-44\\\/produit\\\/appret-antirouille-n234-auro\\\/#breadcrumb\",\"itemListElement\":[{\"@type\":\"ListItem\",\"position\":1,\"name\":\"Accueil\",\"item\":\"https:\\\/\\\/nature-et-developpement.com\\\/logisain-44\\\/\"},{\"@type\":\"ListItem\",\"position\":2,\"name\":\"Produits\",\"item\":\"https:\\\/\\\/nature-et-developpement.com\\\/logisain-44\\\/shop\\\/\"},{\"@type\":\"ListItem\",\"position\":3,\"name\":\"Peinture, pigment et enduit\",\"item\":\"https:\\\/\\\/nature-et-developpement.com\\\/logisain-44\\\/produits\\\/peinture-et-enduit\\\/\"},{\"@type\":\"ListItem\",\"position\":4,\"name\":\"Pr\u00e9paration du support\",\"item\":\"https:\\\/\\\/nature-et-developpement.com\\\/logisain-44\\\/produits\\\/peinture-et-enduit\\\/preparation-du-support\\\/\"},{\"@type\":\"ListItem\",\"position\":5,\"name\":\"Appr\u00eat antirouille n\u00b0234 Auro\"}]},{\"@type\":\"WebSite\",\"@id\":\"https:\\\/\\\/nature-et-developpement.com\\\/logisain-44\\\/#website\",\"url\":\"https:\\\/\\\/nature-et-developpement.com\\\/logisain-44\\\/\",\"name\":\"Logisain 44\",\"description\":\"Logisain 44 est membre du groupement Nature &amp; D\u00e9veloppement\",\"publisher\":{\"@id\":\"https:\\\/\\\/nature-et-developpement.com\\\/logisain-44\\\/#organization\"},\"potentialAction\":[{\"@type\":\"SearchAction\",\"target\":{\"@type\":\"EntryPoint\",\"urlTemplate\":\"https:\\\/\\\/nature-et-developpement.com\\\/logisain-44\\\/?s={search_term_string}\"},\"query-input\":{\"@type\":\"PropertyValueSpecification\",\"valueRequired\":true,\"valueName\":\"search_term_string\"}}],\"inLanguage\":\"fr-FR\"},{\"@type\":\"Organization\",\"@id\":\"https:\\\/\\\/nature-et-developpement.com\\\/logisain-44\\\/#organization\",\"name\":\"Logisain 44\",\"url\":\"https:\\\/\\\/nature-et-developpement.com\\\/logisain-44\\\/\",\"logo\":{\"@type\":\"ImageObject\",\"inLanguage\":\"fr-FR\",\"@id\":\"https:\\\/\\\/nature-et-developpement.com\\\/logisain-44\\\/#\\\/schema\\\/logo\\\/image\\\/\",\"url\":\"https:\\\/\\\/nature-et-developpement.com\\\/logisain-44\\\/wp-content\\\/uploads\\\/sites\\\/4\\\/2021\\\/08\\\/logo-logisain.jpg\",\"contentUrl\":\"https:\\\/\\\/nature-et-developpement.com\\\/logisain-44\\\/wp-content\\\/uploads\\\/sites\\\/4\\\/2021\\\/08\\\/logo-logisain.jpg\",\"width\":672,\"height\":455,\"caption\":\"Logisain 44\"},\"image\":{\"@id\":\"https:\\\/\\\/nature-et-developpement.com\\\/logisain-44\\\/#\\\/schema\\\/logo\\\/image\\\/\"}}]}<\/script>\n<!-- \/ Yoast SEO plugin. -->","yoast_head_json":{"title":"Appr\u00eat antirouille n\u00b0234 Auro - Logisain 44","description":"Primaire antirouille pour la protection des surfaces m\u00e9talliques, sp\u00e9cialement d\u00e9velopp\u00e9 pour \u00eatre recouvert d\u2019une laque.  L\u2019appr\u00eat antirouille n\u00b0234 doit obligatoirement \u00eatre recouvert par un produit de finition. Loire-Atlantique","robots":{"index":"noindex","follow":"follow"},"og_locale":"fr_FR","og_type":"article","og_title":"Appr\u00eat antirouille n\u00b0234 Auro - Logisain 44","og_description":"Primaire antirouille pour la protection des surfaces m\u00e9talliques, sp\u00e9cialement d\u00e9velopp\u00e9 pour \u00eatre recouvert d\u2019une laque.  L\u2019appr\u00eat antirouille n\u00b0234 doit obligatoirement \u00eatre recouvert par un produit de finition. Loire-Atlantique","og_url":"https:\/\/nature-et-developpement.com\/logisain-44\/produit\/appret-antirouille-n234-auro\/","og_site_name":"Logisain 44","article_modified_time":"2025-06-12T13:02:23+00:00","og_image":[{"width":800,"height":800,"url":"https:\/\/nature-et-developpement.com\/logisain-44\/wp-content\/uploads\/sites\/4\/2022\/07\/Appret-antirouille-n\u00b0234-Auro.jpg","type":"image\/jpeg"}],"twitter_card":"summary_large_image","twitter_misc":{"Dur\u00e9e de lecture estim\u00e9e":"2 minutes"},"schema":{"@context":"https:\/\/schema.org","@graph":[{"@type":"WebPage","@id":"https:\/\/nature-et-developpement.com\/logisain-44\/produit\/appret-antirouille-n234-auro\/","url":"https:\/\/nature-et-developpement.com\/logisain-44\/produit\/appret-antirouille-n234-auro\/","name":"Appr\u00eat antirouille n\u00b0234 Auro - Logisain 44","isPartOf":{"@id":"https:\/\/nature-et-developpement.com\/logisain-44\/#website"},"primaryImageOfPage":{"@id":"https:\/\/nature-et-developpement.com\/logisain-44\/produit\/appret-antirouille-n234-auro\/#primaryimage"},"image":{"@id":"https:\/\/nature-et-developpement.com\/logisain-44\/produit\/appret-antirouille-n234-auro\/#primaryimage"},"thumbnailUrl":"https:\/\/nature-et-developpement.com\/logisain-44\/wp-content\/uploads\/sites\/4\/2022\/07\/Appret-antirouille-n\u00b0234-Auro.jpg","datePublished":"2022-07-05T10:27:40+00:00","dateModified":"2025-06-12T13:02:23+00:00","description":"Primaire antirouille pour la protection des surfaces m\u00e9talliques, sp\u00e9cialement d\u00e9velopp\u00e9 pour \u00eatre recouvert d\u2019une laque. L\u2019appr\u00eat antirouille n\u00b0234 doit obligatoirement \u00eatre recouvert par un produit de finition. Loire-Atlantique","breadcrumb":{"@id":"https:\/\/nature-et-developpement.com\/logisain-44\/produit\/appret-antirouille-n234-auro\/#breadcrumb"},"inLanguage":"fr-FR","potentialAction":[{"@type":"ReadAction","target":["https:\/\/nature-et-developpement.com\/logisain-44\/produit\/appret-antirouille-n234-auro\/"]}]},{"@type":"ImageObject","inLanguage":"fr-FR","@id":"https:\/\/nature-et-developpement.com\/logisain-44\/produit\/appret-antirouille-n234-auro\/#primaryimage","url":"https:\/\/nature-et-developpement.com\/logisain-44\/wp-content\/uploads\/sites\/4\/2022\/07\/Appret-antirouille-n\u00b0234-Auro.jpg","contentUrl":"https:\/\/nature-et-developpement.com\/logisain-44\/wp-content\/uploads\/sites\/4\/2022\/07\/Appret-antirouille-n\u00b0234-Auro.jpg","width":800,"height":800},{"@type":"BreadcrumbList","@id":"https:\/\/nature-et-developpement.com\/logisain-44\/produit\/appret-antirouille-n234-auro\/#breadcrumb","itemListElement":[{"@type":"ListItem","position":1,"name":"Accueil","item":"https:\/\/nature-et-developpement.com\/logisain-44\/"},{"@type":"ListItem","position":2,"name":"Produits","item":"https:\/\/nature-et-developpement.com\/logisain-44\/shop\/"},{"@type":"ListItem","position":3,"name":"Peinture, pigment et enduit","item":"https:\/\/nature-et-developpement.com\/logisain-44\/produits\/peinture-et-enduit\/"},{"@type":"ListItem","position":4,"name":"Pr\u00e9paration du support","item":"https:\/\/nature-et-developpement.com\/logisain-44\/produits\/peinture-et-enduit\/preparation-du-support\/"},{"@type":"ListItem","position":5,"name":"Appr\u00eat antirouille n\u00b0234 Auro"}]},{"@type":"WebSite","@id":"https:\/\/nature-et-developpement.com\/logisain-44\/#website","url":"https:\/\/nature-et-developpement.com\/logisain-44\/","name":"Logisain 44","description":"Logisain 44 est membre du groupement Nature &amp; D\u00e9veloppement","publisher":{"@id":"https:\/\/nature-et-developpement.com\/logisain-44\/#organization"},"potentialAction":[{"@type":"SearchAction","target":{"@type":"EntryPoint","urlTemplate":"https:\/\/nature-et-developpement.com\/logisain-44\/?s={search_term_string}"},"query-input":{"@type":"PropertyValueSpecification","valueRequired":true,"valueName":"search_term_string"}}],"inLanguage":"fr-FR"},{"@type":"Organization","@id":"https:\/\/nature-et-developpement.com\/logisain-44\/#organization","name":"Logisain 44","url":"https:\/\/nature-et-developpement.com\/logisain-44\/","logo":{"@type":"ImageObject","inLanguage":"fr-FR","@id":"https:\/\/nature-et-developpement.com\/logisain-44\/#\/schema\/logo\/image\/","url":"https:\/\/nature-et-developpement.com\/logisain-44\/wp-content\/uploads\/sites\/4\/2021\/08\/logo-logisain.jpg","contentUrl":"https:\/\/nature-et-developpement.com\/logisain-44\/wp-content\/uploads\/sites\/4\/2021\/08\/logo-logisain.jpg","width":672,"height":455,"caption":"Logisain 44"},"image":{"@id":"https:\/\/nature-et-developpement.com\/logisain-44\/#\/schema\/logo\/image\/"}}]}},"distributor_meta":false,"distributor_terms":false,"distributor_media":false,"distributor_original_site_name":"Logisain 44","distributor_original_site_url":"https:\/\/nature-et-developpement.com\/logisain-44","push-errors":false,"_links":{"self":[{"href":"https:\/\/nature-et-developpement.com\/logisain-44\/wp-json\/wp\/v2\/product\/35407","targetHints":{"allow":["GET"]}}],"collection":[{"href":"https:\/\/nature-et-developpement.com\/logisain-44\/wp-json\/wp\/v2\/product"}],"about":[{"href":"https:\/\/nature-et-developpement.com\/logisain-44\/wp-json\/wp\/v2\/types\/product"}],"wp:featuredmedia":[{"embeddable":true,"href":"https:\/\/nature-et-developpement.com\/logisain-44\/wp-json\/wp\/v2\/media\/35409"}],"wp:attachment":[{"href":"https:\/\/nature-et-developpement.com\/logisain-44\/wp-json\/wp\/v2\/media?parent=35407"}],"wp:term":[{"taxonomy":"product_brand","embeddable":true,"href":"https:\/\/nature-et-developpement.com\/logisain-44\/wp-json\/wp\/v2\/product_brand?post=35407"},{"taxonomy":"product_cat","embeddable":true,"href":"https:\/\/nature-et-developpement.com\/logisain-44\/wp-json\/wp\/v2\/product_cat?post=35407"},{"taxonomy":"product_tag","embeddable":true,"href":"https:\/\/nature-et-developpement.com\/logisain-44\/wp-json\/wp\/v2\/product_tag?post=35407"}],"curies":[{"name":"wp","href":"https:\/\/api.w.org\/{rel}","templated":true}]}}