{"id":35411,"date":"2022-07-05T12:43:56","date_gmt":"2022-07-05T10:43:56","guid":{"rendered":"https:\/\/nature-et-developpement.com\/logisain-44\/?post_type=product&#038;p=35411"},"modified":"2025-06-12T15:02:23","modified_gmt":"2025-06-12T13:02:23","slug":"primaire-special-anti-tanins-n117-auro","status":"publish","type":"product","link":"https:\/\/nature-et-developpement.com\/logisain-44\/produit\/primaire-special-anti-tanins-n117-auro\/","title":{"rendered":"Primaire sp\u00e9cial anti-tanins n\u00b0117 Auro"},"content":{"rendered":"<h2>Pourquoi utiliser le primaire sp\u00e9cial n\u00b0117\u00a0?<\/h2>\n<p>L\u2019utilisation du primaire sp\u00e9cial\u00a0agit comme une sous-couche de protection entre un bois riche et un traitement ou une peinture \u00e0 base d\u2019eau.<\/p>\n<p>Le primaire s\u2019applique sur un grand nombre d\u2019essence de bois, notamment les bois riches en tanins comme le ch\u00eane, le m\u00e9l\u00e8ze ou les bois exotiques par exemple.<\/p>\n<p>Il est \u00e9galement applicable sur d\u2019autres mat\u00e9riaux comme le li\u00e8ge ou l\u2019OSB.<\/p>\n<p>L\u2019application d\u2019un primaire permet d\u2019\u00e9viter les remont\u00e9es taniques et les retards de s\u00e9chage li\u00e9s aux tannins, en harmonisant le pouvoir d\u2019absorption de la surface.<\/p>\n<p>Il est indispensable avant l\u2019application de produits \u00e0 l\u2019eau, afin d\u2019\u00e9viter le jaunissement d\u2019une peinture naturelle blanche ou les efflorescences sur les bois impr\u00e9gn\u00e9s par exemple. R\u00e9sistant \u00e0 l\u2019humidit\u00e9, \u00e0 la salive et \u00e0 la sueur.<\/p>\n<p>Compos\u00e9 \u00e0 partir d\u2019huile de lin, de ricin et de tournesol le primaire sp\u00e9cial n\u00b0117 ne repr\u00e9sente aucun danger ni pour la sant\u00e9, ni pour la plan\u00e8te.<\/p>\n<h3>Comment appliquer un primaire sp\u00e9cial\u00a0?<\/h3>\n<p>L\u2019application doit se faire sur un support propre et sec, solide et adh\u00e9rent le bois ne doit pas pr\u00e9senter de graisse ou de traces de produits chimiques.<\/p>\n<p>Il est important de supprimer toutes les couches d\u2019un traitement ant\u00e9rieur qui pourraient nuire \u00e0 la bonne tenue du primaire sur le support.<\/p>\n<p>La pr\u00e9paration du support d\u00e9finit les performances protectrices du primaire.<\/p>\n<p>Le support pr\u00eat, il ne reste plus qu\u2019\u00e0 appliquer le primaire au pinceau, dans le sens du bois de pr\u00e9f\u00e9rence.<\/p>\n<p>Une application au rouleau ou par pulv\u00e9risation est envisageable en cas de grande surface \u00e0 traiter.<\/p>\n<p>Avant de peindre ou de poser un rev\u00eatement sur la surface trait\u00e9e, laisser s\u00e9cher enti\u00e8rement le primaire sp\u00e9cial.<\/p>\n","protected":false},"excerpt":{"rendered":"<p><strong>Primaire sp\u00e9cial<\/strong>\u00a0con\u00e7u pour bloquer les substances actives des bois riches avant l\u2019application d\u2019un traitement, plus particuli\u00e8rement avant les traitements \u00e0 base d\u2019eau.<\/p>\n<p>Peut \u00e9galement \u00eatre utilis\u00e9 sur du li\u00e8ge.<\/p>\n","protected":false},"featured_media":35414,"template":"","meta":[],"product_brand":[11100],"product_cat":[7431,7889,7788],"product_tag":[],"class_list":{"0":"post-35411","1":"product","2":"type-product","3":"status-publish","4":"has-post-thumbnail","6":"product_brand-auro","7":"product_cat-bonne-affaire","8":"product_cat-preparation-du-support","9":"product_cat-protection-et-entretien","10":"product_shipping_class-peintures-accessoires-peintures","12":"first","13":"instock","14":"sale","15":"taxable","16":"shipping-taxable","17":"purchasable","18":"product-type-variable"},"yoast_head":"<!-- This site is optimized with the Yoast SEO plugin v27.5 - https:\/\/yoast.com\/product\/yoast-seo-wordpress\/ -->\n<title>Primaire sp\u00e9cial anti-tanins n\u00b0117 Auro - Logisain 44<\/title>\n<meta name=\"description\" content=\"Primaire sp\u00e9cial\u00a0con\u00e7u pour bloquer les substances actives des bois riches avant l\u2019application d\u2019un traitement, plus particuli\u00e8rement avant les traitements \u00e0 base d\u2019eau.  Peut \u00e9galement \u00eatre utilis\u00e9 sur du li\u00e8ge. Loire-Atlantique\" \/>\n<meta name=\"robots\" content=\"noindex, follow\" \/>\n<meta property=\"og:locale\" content=\"fr_FR\" \/>\n<meta property=\"og:type\" content=\"article\" \/>\n<meta property=\"og:title\" content=\"Primaire sp\u00e9cial anti-tanins n\u00b0117 Auro - Logisain 44\" \/>\n<meta property=\"og:description\" content=\"Primaire sp\u00e9cial\u00a0con\u00e7u pour bloquer les substances actives des bois riches avant l\u2019application d\u2019un traitement, plus particuli\u00e8rement avant les traitements \u00e0 base d\u2019eau.  Peut \u00e9galement \u00eatre utilis\u00e9 sur du li\u00e8ge. Loire-Atlantique\" \/>\n<meta property=\"og:url\" content=\"https:\/\/nature-et-developpement.com\/logisain-44\/produit\/primaire-special-anti-tanins-n117-auro\/\" \/>\n<meta property=\"og:site_name\" content=\"Logisain 44\" \/>\n<meta property=\"article:modified_time\" content=\"2025-06-12T13:02:23+00:00\" \/>\n<meta property=\"og:image\" content=\"https:\/\/nature-et-developpement.com\/logisain-44\/wp-content\/uploads\/sites\/4\/2022\/07\/Primaire-special-anti-tanins-n\u00b0117-Auro.jpg\" \/>\n\t<meta property=\"og:image:width\" content=\"800\" \/>\n\t<meta property=\"og:image:height\" content=\"800\" \/>\n\t<meta property=\"og:image:type\" content=\"image\/jpeg\" \/>\n<meta name=\"twitter:card\" content=\"summary_large_image\" \/>\n<meta name=\"twitter:label1\" content=\"Dur\u00e9e de lecture estim\u00e9e\" \/>\n\t<meta name=\"twitter:data1\" content=\"2 minutes\" \/>\n<script type=\"application\/ld+json\" class=\"yoast-schema-graph\">{\"@context\":\"https:\\\/\\\/schema.org\",\"@graph\":[{\"@type\":\"WebPage\",\"@id\":\"https:\\\/\\\/nature-et-developpement.com\\\/logisain-44\\\/produit\\\/primaire-special-anti-tanins-n117-auro\\\/\",\"url\":\"https:\\\/\\\/nature-et-developpement.com\\\/logisain-44\\\/produit\\\/primaire-special-anti-tanins-n117-auro\\\/\",\"name\":\"Primaire sp\u00e9cial anti-tanins n\u00b0117 Auro - Logisain 44\",\"isPartOf\":{\"@id\":\"https:\\\/\\\/nature-et-developpement.com\\\/logisain-44\\\/#website\"},\"primaryImageOfPage\":{\"@id\":\"https:\\\/\\\/nature-et-developpement.com\\\/logisain-44\\\/produit\\\/primaire-special-anti-tanins-n117-auro\\\/#primaryimage\"},\"image\":{\"@id\":\"https:\\\/\\\/nature-et-developpement.com\\\/logisain-44\\\/produit\\\/primaire-special-anti-tanins-n117-auro\\\/#primaryimage\"},\"thumbnailUrl\":\"https:\\\/\\\/nature-et-developpement.com\\\/logisain-44\\\/wp-content\\\/uploads\\\/sites\\\/4\\\/2022\\\/07\\\/Primaire-special-anti-tanins-n\u00b0117-Auro.jpg\",\"datePublished\":\"2022-07-05T10:43:56+00:00\",\"dateModified\":\"2025-06-12T13:02:23+00:00\",\"description\":\"Primaire sp\u00e9cial\u00a0con\u00e7u pour bloquer les substances actives des bois riches avant l\u2019application d\u2019un traitement, plus particuli\u00e8rement avant les traitements \u00e0 base d\u2019eau. Peut \u00e9galement \u00eatre utilis\u00e9 sur du li\u00e8ge. Loire-Atlantique\",\"breadcrumb\":{\"@id\":\"https:\\\/\\\/nature-et-developpement.com\\\/logisain-44\\\/produit\\\/primaire-special-anti-tanins-n117-auro\\\/#breadcrumb\"},\"inLanguage\":\"fr-FR\",\"potentialAction\":[{\"@type\":\"ReadAction\",\"target\":[\"https:\\\/\\\/nature-et-developpement.com\\\/logisain-44\\\/produit\\\/primaire-special-anti-tanins-n117-auro\\\/\"]}]},{\"@type\":\"ImageObject\",\"inLanguage\":\"fr-FR\",\"@id\":\"https:\\\/\\\/nature-et-developpement.com\\\/logisain-44\\\/produit\\\/primaire-special-anti-tanins-n117-auro\\\/#primaryimage\",\"url\":\"https:\\\/\\\/nature-et-developpement.com\\\/logisain-44\\\/wp-content\\\/uploads\\\/sites\\\/4\\\/2022\\\/07\\\/Primaire-special-anti-tanins-n\u00b0117-Auro.jpg\",\"contentUrl\":\"https:\\\/\\\/nature-et-developpement.com\\\/logisain-44\\\/wp-content\\\/uploads\\\/sites\\\/4\\\/2022\\\/07\\\/Primaire-special-anti-tanins-n\u00b0117-Auro.jpg\",\"width\":800,\"height\":800},{\"@type\":\"BreadcrumbList\",\"@id\":\"https:\\\/\\\/nature-et-developpement.com\\\/logisain-44\\\/produit\\\/primaire-special-anti-tanins-n117-auro\\\/#breadcrumb\",\"itemListElement\":[{\"@type\":\"ListItem\",\"position\":1,\"name\":\"Accueil\",\"item\":\"https:\\\/\\\/nature-et-developpement.com\\\/logisain-44\\\/\"},{\"@type\":\"ListItem\",\"position\":2,\"name\":\"Produits\",\"item\":\"https:\\\/\\\/nature-et-developpement.com\\\/logisain-44\\\/shop\\\/\"},{\"@type\":\"ListItem\",\"position\":3,\"name\":\"Promo et D\u00e9stockage\",\"item\":\"https:\\\/\\\/nature-et-developpement.com\\\/logisain-44\\\/produits\\\/promo-et-destockage\\\/\"},{\"@type\":\"ListItem\",\"position\":4,\"name\":\"Destockage\",\"item\":\"https:\\\/\\\/nature-et-developpement.com\\\/logisain-44\\\/produits\\\/promo-et-destockage\\\/bonne-affaire\\\/\"},{\"@type\":\"ListItem\",\"position\":5,\"name\":\"Primaire sp\u00e9cial anti-tanins n\u00b0117 Auro\"}]},{\"@type\":\"WebSite\",\"@id\":\"https:\\\/\\\/nature-et-developpement.com\\\/logisain-44\\\/#website\",\"url\":\"https:\\\/\\\/nature-et-developpement.com\\\/logisain-44\\\/\",\"name\":\"Logisain 44\",\"description\":\"Logisain 44 est membre du groupement Nature &amp; D\u00e9veloppement\",\"publisher\":{\"@id\":\"https:\\\/\\\/nature-et-developpement.com\\\/logisain-44\\\/#organization\"},\"potentialAction\":[{\"@type\":\"SearchAction\",\"target\":{\"@type\":\"EntryPoint\",\"urlTemplate\":\"https:\\\/\\\/nature-et-developpement.com\\\/logisain-44\\\/?s={search_term_string}\"},\"query-input\":{\"@type\":\"PropertyValueSpecification\",\"valueRequired\":true,\"valueName\":\"search_term_string\"}}],\"inLanguage\":\"fr-FR\"},{\"@type\":\"Organization\",\"@id\":\"https:\\\/\\\/nature-et-developpement.com\\\/logisain-44\\\/#organization\",\"name\":\"Logisain 44\",\"url\":\"https:\\\/\\\/nature-et-developpement.com\\\/logisain-44\\\/\",\"logo\":{\"@type\":\"ImageObject\",\"inLanguage\":\"fr-FR\",\"@id\":\"https:\\\/\\\/nature-et-developpement.com\\\/logisain-44\\\/#\\\/schema\\\/logo\\\/image\\\/\",\"url\":\"https:\\\/\\\/nature-et-developpement.com\\\/logisain-44\\\/wp-content\\\/uploads\\\/sites\\\/4\\\/2021\\\/08\\\/logo-logisain.jpg\",\"contentUrl\":\"https:\\\/\\\/nature-et-developpement.com\\\/logisain-44\\\/wp-content\\\/uploads\\\/sites\\\/4\\\/2021\\\/08\\\/logo-logisain.jpg\",\"width\":672,\"height\":455,\"caption\":\"Logisain 44\"},\"image\":{\"@id\":\"https:\\\/\\\/nature-et-developpement.com\\\/logisain-44\\\/#\\\/schema\\\/logo\\\/image\\\/\"}}]}<\/script>\n<!-- \/ Yoast SEO plugin. -->","yoast_head_json":{"title":"Primaire sp\u00e9cial anti-tanins n\u00b0117 Auro - Logisain 44","description":"Primaire sp\u00e9cial\u00a0con\u00e7u pour bloquer les substances actives des bois riches avant l\u2019application d\u2019un traitement, plus particuli\u00e8rement avant les traitements \u00e0 base d\u2019eau.  Peut \u00e9galement \u00eatre utilis\u00e9 sur du li\u00e8ge. Loire-Atlantique","robots":{"index":"noindex","follow":"follow"},"og_locale":"fr_FR","og_type":"article","og_title":"Primaire sp\u00e9cial anti-tanins n\u00b0117 Auro - Logisain 44","og_description":"Primaire sp\u00e9cial\u00a0con\u00e7u pour bloquer les substances actives des bois riches avant l\u2019application d\u2019un traitement, plus particuli\u00e8rement avant les traitements \u00e0 base d\u2019eau.  Peut \u00e9galement \u00eatre utilis\u00e9 sur du li\u00e8ge. Loire-Atlantique","og_url":"https:\/\/nature-et-developpement.com\/logisain-44\/produit\/primaire-special-anti-tanins-n117-auro\/","og_site_name":"Logisain 44","article_modified_time":"2025-06-12T13:02:23+00:00","og_image":[{"width":800,"height":800,"url":"https:\/\/nature-et-developpement.com\/logisain-44\/wp-content\/uploads\/sites\/4\/2022\/07\/Primaire-special-anti-tanins-n\u00b0117-Auro.jpg","type":"image\/jpeg"}],"twitter_card":"summary_large_image","twitter_misc":{"Dur\u00e9e de lecture estim\u00e9e":"2 minutes"},"schema":{"@context":"https:\/\/schema.org","@graph":[{"@type":"WebPage","@id":"https:\/\/nature-et-developpement.com\/logisain-44\/produit\/primaire-special-anti-tanins-n117-auro\/","url":"https:\/\/nature-et-developpement.com\/logisain-44\/produit\/primaire-special-anti-tanins-n117-auro\/","name":"Primaire sp\u00e9cial anti-tanins n\u00b0117 Auro - Logisain 44","isPartOf":{"@id":"https:\/\/nature-et-developpement.com\/logisain-44\/#website"},"primaryImageOfPage":{"@id":"https:\/\/nature-et-developpement.com\/logisain-44\/produit\/primaire-special-anti-tanins-n117-auro\/#primaryimage"},"image":{"@id":"https:\/\/nature-et-developpement.com\/logisain-44\/produit\/primaire-special-anti-tanins-n117-auro\/#primaryimage"},"thumbnailUrl":"https:\/\/nature-et-developpement.com\/logisain-44\/wp-content\/uploads\/sites\/4\/2022\/07\/Primaire-special-anti-tanins-n\u00b0117-Auro.jpg","datePublished":"2022-07-05T10:43:56+00:00","dateModified":"2025-06-12T13:02:23+00:00","description":"Primaire sp\u00e9cial\u00a0con\u00e7u pour bloquer les substances actives des bois riches avant l\u2019application d\u2019un traitement, plus particuli\u00e8rement avant les traitements \u00e0 base d\u2019eau. Peut \u00e9galement \u00eatre utilis\u00e9 sur du li\u00e8ge. Loire-Atlantique","breadcrumb":{"@id":"https:\/\/nature-et-developpement.com\/logisain-44\/produit\/primaire-special-anti-tanins-n117-auro\/#breadcrumb"},"inLanguage":"fr-FR","potentialAction":[{"@type":"ReadAction","target":["https:\/\/nature-et-developpement.com\/logisain-44\/produit\/primaire-special-anti-tanins-n117-auro\/"]}]},{"@type":"ImageObject","inLanguage":"fr-FR","@id":"https:\/\/nature-et-developpement.com\/logisain-44\/produit\/primaire-special-anti-tanins-n117-auro\/#primaryimage","url":"https:\/\/nature-et-developpement.com\/logisain-44\/wp-content\/uploads\/sites\/4\/2022\/07\/Primaire-special-anti-tanins-n\u00b0117-Auro.jpg","contentUrl":"https:\/\/nature-et-developpement.com\/logisain-44\/wp-content\/uploads\/sites\/4\/2022\/07\/Primaire-special-anti-tanins-n\u00b0117-Auro.jpg","width":800,"height":800},{"@type":"BreadcrumbList","@id":"https:\/\/nature-et-developpement.com\/logisain-44\/produit\/primaire-special-anti-tanins-n117-auro\/#breadcrumb","itemListElement":[{"@type":"ListItem","position":1,"name":"Accueil","item":"https:\/\/nature-et-developpement.com\/logisain-44\/"},{"@type":"ListItem","position":2,"name":"Produits","item":"https:\/\/nature-et-developpement.com\/logisain-44\/shop\/"},{"@type":"ListItem","position":3,"name":"Promo et D\u00e9stockage","item":"https:\/\/nature-et-developpement.com\/logisain-44\/produits\/promo-et-destockage\/"},{"@type":"ListItem","position":4,"name":"Destockage","item":"https:\/\/nature-et-developpement.com\/logisain-44\/produits\/promo-et-destockage\/bonne-affaire\/"},{"@type":"ListItem","position":5,"name":"Primaire sp\u00e9cial anti-tanins n\u00b0117 Auro"}]},{"@type":"WebSite","@id":"https:\/\/nature-et-developpement.com\/logisain-44\/#website","url":"https:\/\/nature-et-developpement.com\/logisain-44\/","name":"Logisain 44","description":"Logisain 44 est membre du groupement Nature &amp; D\u00e9veloppement","publisher":{"@id":"https:\/\/nature-et-developpement.com\/logisain-44\/#organization"},"potentialAction":[{"@type":"SearchAction","target":{"@type":"EntryPoint","urlTemplate":"https:\/\/nature-et-developpement.com\/logisain-44\/?s={search_term_string}"},"query-input":{"@type":"PropertyValueSpecification","valueRequired":true,"valueName":"search_term_string"}}],"inLanguage":"fr-FR"},{"@type":"Organization","@id":"https:\/\/nature-et-developpement.com\/logisain-44\/#organization","name":"Logisain 44","url":"https:\/\/nature-et-developpement.com\/logisain-44\/","logo":{"@type":"ImageObject","inLanguage":"fr-FR","@id":"https:\/\/nature-et-developpement.com\/logisain-44\/#\/schema\/logo\/image\/","url":"https:\/\/nature-et-developpement.com\/logisain-44\/wp-content\/uploads\/sites\/4\/2021\/08\/logo-logisain.jpg","contentUrl":"https:\/\/nature-et-developpement.com\/logisain-44\/wp-content\/uploads\/sites\/4\/2021\/08\/logo-logisain.jpg","width":672,"height":455,"caption":"Logisain 44"},"image":{"@id":"https:\/\/nature-et-developpement.com\/logisain-44\/#\/schema\/logo\/image\/"}}]}},"distributor_meta":false,"distributor_terms":false,"distributor_media":false,"distributor_original_site_name":"Logisain 44","distributor_original_site_url":"https:\/\/nature-et-developpement.com\/logisain-44","push-errors":false,"_links":{"self":[{"href":"https:\/\/nature-et-developpement.com\/logisain-44\/wp-json\/wp\/v2\/product\/35411","targetHints":{"allow":["GET"]}}],"collection":[{"href":"https:\/\/nature-et-developpement.com\/logisain-44\/wp-json\/wp\/v2\/product"}],"about":[{"href":"https:\/\/nature-et-developpement.com\/logisain-44\/wp-json\/wp\/v2\/types\/product"}],"wp:featuredmedia":[{"embeddable":true,"href":"https:\/\/nature-et-developpement.com\/logisain-44\/wp-json\/wp\/v2\/media\/35414"}],"wp:attachment":[{"href":"https:\/\/nature-et-developpement.com\/logisain-44\/wp-json\/wp\/v2\/media?parent=35411"}],"wp:term":[{"taxonomy":"product_brand","embeddable":true,"href":"https:\/\/nature-et-developpement.com\/logisain-44\/wp-json\/wp\/v2\/product_brand?post=35411"},{"taxonomy":"product_cat","embeddable":true,"href":"https:\/\/nature-et-developpement.com\/logisain-44\/wp-json\/wp\/v2\/product_cat?post=35411"},{"taxonomy":"product_tag","embeddable":true,"href":"https:\/\/nature-et-developpement.com\/logisain-44\/wp-json\/wp\/v2\/product_tag?post=35411"}],"curies":[{"name":"wp","href":"https:\/\/api.w.org\/{rel}","templated":true}]}}