{"id":36063,"date":"2024-09-02T00:00:25","date_gmt":"2024-09-01T22:00:25","guid":{"rendered":"https:\/\/nature-et-developpement.com\/logisain-44\/?post_type=product&#038;p=36063"},"modified":"2026-02-17T13:15:10","modified_gmt":"2026-02-17T12:15:10","slug":"chenevotte-18kg-biofibat-labelisee-chanvre-batiment-de-biofib","status":"publish","type":"product","link":"https:\/\/nature-et-developpement.com\/logisain-44\/produit\/chenevotte-18kg-biofibat-labelisee-chanvre-batiment-de-biofib\/","title":{"rendered":"Ch\u00e8nevotte BIOFIBAT lab\u00e9lis\u00e9e \u00ab\u00a0Chanvre B\u00e2timent\u00a0\u00bb de Biofib"},"content":{"rendered":"<h2><span id=\"ID24\">Ch\u00e8nevotte BIOFIBAT produit naturel et performant.<br \/>\n<\/span><\/h2>\n<p>Vous souhaitez r\u00e9aliser une\u00a0<b>isolation chaux chanvre<\/b>\u00a0? Biofib\u2019Isolation vous propose Biofibat\u2019, un isolant \u00e0 base de chanvre.<\/p>\n<p>Le Biofobat\u2019ch\u00e8nevotte se pr\u00e9sente sous forme de paille de chanvre en vrac.<\/p>\n<p>Il peut s\u2019utiliser par simple \u00e9pandage manuel ou \u00eatre m\u00e9lang\u00e9 \u00e0 de la chaux.<\/p>\n<p>Les enduits\u00a0<b>chaux chanvre<\/b>\u00a0et b\u00e9tons de chanvre sont particuli\u00e8rement adapt\u00e9s dans les constructions de maisons \u00e0 ossatures bois ou les r\u00e9novations de maisons avec colombages.<\/p>\n<p>Traditionnellement utilis\u00e9e dans le jardinage, la ch\u00e8nevotte est issue de la tige (partie ligneuse) du chanvre.<\/p>\n<p>Sa structure poreuse lui conf\u00e8re une haute performance d\u2019isolation. Cet isolant d\u2019origine v\u00e9g\u00e9tale est con\u00e7u pour les professionnels et pr\u00e9sente l\u2019avantage d\u2019\u00eatre :<\/p>\n<p>\u25cf un mat\u00e9riau avec une bonne performance acoustique<\/p>\n<p>\u25cf une isolation naturel imputrescible qui retient la chaleur<\/p>\n<p>\u25cf un mat\u00e9riau 100 % d\u2019origine v\u00e9g\u00e9tale \u00e0 la fois recyclable et biod\u00e9gradable<\/p>\n<h4>Cette ch\u00e8nevotte BIOFIBAT est labellis\u00e9e par la fili\u00e8re chanvre<\/h4>\n<p><img loading=\"lazy\" decoding=\"async\" class=\"alignnone size-full wp-image-165881\" src=\"https:\/\/nature-et-developpement.com\/wp-content\/uploads\/CenC-logo.jpg\" alt=\"\" width=\"229\" height=\"217\" \/><\/p>\n<p>\u00c0 ce titre, 0,50\u20ac sont reverser \u00e0 la fili\u00e8re chanvre qui favorise les actions de recherche scientifiques et techniques et promeut les qualit\u00e9s environnementales du chanvre.<\/p>\n<h4>DOMAINES D\u2019UTILISATION<\/h4>\n<ul>\n<li>B\u00e9tons et mortiers de chaux chanvre l\u00e9gers et isolants (Mur \/ Sol \/ Toiture \/ Enduit)<\/li>\n<li>Construction neuve ou r\u00e9novation<\/li>\n<\/ul>\n<h4>CONDITIONNEMENT<\/h4>\n<p>sac de 18kg et 24 sacs par palette (palette de 432 kg)<br \/>\nou<br \/>\nsac de 20kg et 21 sacs par palette (palette de 420 kg)<\/p>\n","protected":false},"excerpt":{"rendered":"<p><span id=\"ID24\">Ch\u00e8nevotte BIOFIBAT<\/span> avec une bonne performance acoustique et isolant naturel imputrescible qui retient la chaleur.<br \/>\n<strong>100 % d\u2019origine v\u00e9g\u00e9tale \u00e0 la fois recyclable et biod\u00e9gradable<\/strong><\/p>\n<p>Ch\u00e8nevotte s\u00e9lectionn\u00e9e pour la r\u00e9alisation de mortiers et b\u00e9tons l\u00e9gers isolants. Chanvre labellis\u00e9 B\u00e2timent<\/p>\n<p><span style=\"color: #008000\"><em><strong>Cette ch\u00e8nevotte est labellis\u00e9e par la fili\u00e8re chanvre<\/strong><\/em><\/span><\/p>\n<p><img loading=\"lazy\" decoding=\"async\" class=\"alignnone wp-image-165881\" src=\"https:\/\/nature-et-developpement.com\/wp-content\/uploads\/CenC-logo.jpg\" alt=\"\" width=\"80\" height=\"76\" \/><\/p>\n","protected":false},"featured_media":1000000170321,"template":"","meta":[],"product_brand":[10207],"product_cat":[7386,11711,7430],"product_tag":[11767],"class_list":{"0":"post-36063","1":"product","2":"type-product","3":"status-publish","4":"has-post-thumbnail","6":"product_brand-biofib","7":"product_cat-accessoires-isolation-et-etancheite","8":"product_cat-isolation-interieure","9":"product_cat-maconnerie","10":"product_tag-biofib","11":"product_shipping_class-sac-de-25kg","13":"first","14":"instock","15":"taxable","16":"shipping-taxable","17":"purchasable","18":"product-type-variable"},"yoast_head":"<!-- This site is optimized with the Yoast SEO plugin v27.5 - https:\/\/yoast.com\/product\/yoast-seo-wordpress\/ -->\n<title>Ch\u00e8nevotte BIOFIBAT lab\u00e9lis\u00e9e &quot;Chanvre B\u00e2timent&quot; de Biofib - Logisain 44<\/title>\n<meta name=\"description\" content=\"Ch\u00e8nevotte BIOFIBAT avec une bonne performance acoustique et isolant naturel imputrescible qui retient la chaleur. 100 % d\u2019origine v\u00e9g\u00e9tale \u00e0 la fois recyclable et biod\u00e9gradable  Ch\u00e8nevotte s\u00e9lectionn\u00e9e pour la r\u00e9alisation de mortiers et b\u00e9tons l\u00e9gers isolants. Chanvre labellis\u00e9 B\u00e2timent  Cette ch\u00e8nevotte est labellis\u00e9e par la fili\u00e8re chanvre Loire-Atlantique\" \/>\n<meta name=\"robots\" content=\"noindex, nofollow\" \/>\n<meta property=\"og:locale\" content=\"fr_FR\" \/>\n<meta property=\"og:type\" content=\"article\" \/>\n<meta property=\"og:title\" content=\"Ch\u00e8nevotte BIOFIBAT lab\u00e9lis\u00e9e &quot;Chanvre B\u00e2timent&quot; de Biofib - Logisain 44\" \/>\n<meta property=\"og:description\" content=\"Ch\u00e8nevotte BIOFIBAT avec une bonne performance acoustique et isolant naturel imputrescible qui retient la chaleur. 100 % d\u2019origine v\u00e9g\u00e9tale \u00e0 la fois recyclable et biod\u00e9gradable  Ch\u00e8nevotte s\u00e9lectionn\u00e9e pour la r\u00e9alisation de mortiers et b\u00e9tons l\u00e9gers isolants. Chanvre labellis\u00e9 B\u00e2timent  Cette ch\u00e8nevotte est labellis\u00e9e par la fili\u00e8re chanvre Loire-Atlantique\" \/>\n<meta property=\"og:url\" content=\"https:\/\/nature-et-developpement.com\/logisain-44\/produit\/chenevotte-18kg-biofibat-labelisee-chanvre-batiment-de-biofib\/\" \/>\n<meta property=\"og:site_name\" content=\"Logisain 44\" \/>\n<meta property=\"article:modified_time\" content=\"2026-02-17T12:15:10+00:00\" \/>\n<meta name=\"twitter:card\" content=\"summary_large_image\" \/>\n<meta name=\"twitter:label1\" content=\"Dur\u00e9e de lecture estim\u00e9e\" \/>\n\t<meta name=\"twitter:data1\" content=\"1 minute\" \/>\n<script type=\"application\/ld+json\" class=\"yoast-schema-graph\">{\"@context\":\"https:\\\/\\\/schema.org\",\"@graph\":[{\"@type\":\"WebPage\",\"@id\":\"https:\\\/\\\/nature-et-developpement.com\\\/logisain-44\\\/produit\\\/chenevotte-18kg-biofibat-labelisee-chanvre-batiment-de-biofib\\\/\",\"url\":\"https:\\\/\\\/nature-et-developpement.com\\\/logisain-44\\\/produit\\\/chenevotte-18kg-biofibat-labelisee-chanvre-batiment-de-biofib\\\/\",\"name\":\"Ch\u00e8nevotte BIOFIBAT lab\u00e9lis\u00e9e \\\"Chanvre B\u00e2timent\\\" de Biofib - Logisain 44\",\"isPartOf\":{\"@id\":\"https:\\\/\\\/nature-et-developpement.com\\\/logisain-44\\\/#website\"},\"primaryImageOfPage\":{\"@id\":\"https:\\\/\\\/nature-et-developpement.com\\\/logisain-44\\\/produit\\\/chenevotte-18kg-biofibat-labelisee-chanvre-batiment-de-biofib\\\/#primaryimage\"},\"image\":{\"@id\":\"https:\\\/\\\/nature-et-developpement.com\\\/logisain-44\\\/produit\\\/chenevotte-18kg-biofibat-labelisee-chanvre-batiment-de-biofib\\\/#primaryimage\"},\"thumbnailUrl\":\"https:\\\/\\\/nature-et-developpement.com\\\/logisain-44\\\/wp-content\\\/uploads\\\/Chenevotte-18Kg-BIOFIBAT-label-Chanvre-Batiment-de-Biofib.jpg\",\"datePublished\":\"2024-09-01T22:00:25+00:00\",\"dateModified\":\"2026-02-17T12:15:10+00:00\",\"description\":\"Ch\u00e8nevotte BIOFIBAT avec une bonne performance acoustique et isolant naturel imputrescible qui retient la chaleur. 100 % d\u2019origine v\u00e9g\u00e9tale \u00e0 la fois recyclable et biod\u00e9gradable Ch\u00e8nevotte s\u00e9lectionn\u00e9e pour la r\u00e9alisation de mortiers et b\u00e9tons l\u00e9gers isolants. Chanvre labellis\u00e9 B\u00e2timent Cette ch\u00e8nevotte est labellis\u00e9e par la fili\u00e8re chanvre Loire-Atlantique\",\"breadcrumb\":{\"@id\":\"https:\\\/\\\/nature-et-developpement.com\\\/logisain-44\\\/produit\\\/chenevotte-18kg-biofibat-labelisee-chanvre-batiment-de-biofib\\\/#breadcrumb\"},\"inLanguage\":\"fr-FR\",\"potentialAction\":[{\"@type\":\"ReadAction\",\"target\":[\"https:\\\/\\\/nature-et-developpement.com\\\/logisain-44\\\/produit\\\/chenevotte-18kg-biofibat-labelisee-chanvre-batiment-de-biofib\\\/\"]}]},{\"@type\":\"ImageObject\",\"inLanguage\":\"fr-FR\",\"@id\":\"https:\\\/\\\/nature-et-developpement.com\\\/logisain-44\\\/produit\\\/chenevotte-18kg-biofibat-labelisee-chanvre-batiment-de-biofib\\\/#primaryimage\",\"url\":\"https:\\\/\\\/nature-et-developpement.com\\\/logisain-44\\\/wp-content\\\/uploads\\\/Chenevotte-18Kg-BIOFIBAT-label-Chanvre-Batiment-de-Biofib.jpg\",\"contentUrl\":\"https:\\\/\\\/nature-et-developpement.com\\\/logisain-44\\\/wp-content\\\/uploads\\\/Chenevotte-18Kg-BIOFIBAT-label-Chanvre-Batiment-de-Biofib.jpg\"},{\"@type\":\"BreadcrumbList\",\"@id\":\"https:\\\/\\\/nature-et-developpement.com\\\/logisain-44\\\/produit\\\/chenevotte-18kg-biofibat-labelisee-chanvre-batiment-de-biofib\\\/#breadcrumb\",\"itemListElement\":[{\"@type\":\"ListItem\",\"position\":1,\"name\":\"Accueil\",\"item\":\"https:\\\/\\\/nature-et-developpement.com\\\/logisain-44\\\/\"},{\"@type\":\"ListItem\",\"position\":2,\"name\":\"Produits\",\"item\":\"https:\\\/\\\/nature-et-developpement.com\\\/logisain-44\\\/shop\\\/\"},{\"@type\":\"ListItem\",\"position\":3,\"name\":\"Construction, cloison et fen\u00eatres\",\"item\":\"https:\\\/\\\/nature-et-developpement.com\\\/logisain-44\\\/produits\\\/construction\\\/\"},{\"@type\":\"ListItem\",\"position\":4,\"name\":\"Ma\u00e7onnerie\",\"item\":\"https:\\\/\\\/nature-et-developpement.com\\\/logisain-44\\\/produits\\\/construction\\\/maconnerie\\\/\"},{\"@type\":\"ListItem\",\"position\":5,\"name\":\"Ch\u00e8nevotte BIOFIBAT lab\u00e9lis\u00e9e \u00ab\u00a0Chanvre B\u00e2timent\u00a0\u00bb de Biofib\"}]},{\"@type\":\"WebSite\",\"@id\":\"https:\\\/\\\/nature-et-developpement.com\\\/logisain-44\\\/#website\",\"url\":\"https:\\\/\\\/nature-et-developpement.com\\\/logisain-44\\\/\",\"name\":\"Logisain 44\",\"description\":\"Logisain 44 est membre du groupement Nature &amp; D\u00e9veloppement\",\"publisher\":{\"@id\":\"https:\\\/\\\/nature-et-developpement.com\\\/logisain-44\\\/#organization\"},\"potentialAction\":[{\"@type\":\"SearchAction\",\"target\":{\"@type\":\"EntryPoint\",\"urlTemplate\":\"https:\\\/\\\/nature-et-developpement.com\\\/logisain-44\\\/?s={search_term_string}\"},\"query-input\":{\"@type\":\"PropertyValueSpecification\",\"valueRequired\":true,\"valueName\":\"search_term_string\"}}],\"inLanguage\":\"fr-FR\"},{\"@type\":\"Organization\",\"@id\":\"https:\\\/\\\/nature-et-developpement.com\\\/logisain-44\\\/#organization\",\"name\":\"Logisain 44\",\"url\":\"https:\\\/\\\/nature-et-developpement.com\\\/logisain-44\\\/\",\"logo\":{\"@type\":\"ImageObject\",\"inLanguage\":\"fr-FR\",\"@id\":\"https:\\\/\\\/nature-et-developpement.com\\\/logisain-44\\\/#\\\/schema\\\/logo\\\/image\\\/\",\"url\":\"https:\\\/\\\/nature-et-developpement.com\\\/logisain-44\\\/wp-content\\\/uploads\\\/sites\\\/4\\\/2021\\\/08\\\/logo-logisain.jpg\",\"contentUrl\":\"https:\\\/\\\/nature-et-developpement.com\\\/logisain-44\\\/wp-content\\\/uploads\\\/sites\\\/4\\\/2021\\\/08\\\/logo-logisain.jpg\",\"width\":672,\"height\":455,\"caption\":\"Logisain 44\"},\"image\":{\"@id\":\"https:\\\/\\\/nature-et-developpement.com\\\/logisain-44\\\/#\\\/schema\\\/logo\\\/image\\\/\"}}]}<\/script>\n<!-- \/ Yoast SEO plugin. -->","yoast_head_json":{"title":"Ch\u00e8nevotte BIOFIBAT lab\u00e9lis\u00e9e \"Chanvre B\u00e2timent\" de Biofib - Logisain 44","description":"Ch\u00e8nevotte BIOFIBAT avec une bonne performance acoustique et isolant naturel imputrescible qui retient la chaleur. 100 % d\u2019origine v\u00e9g\u00e9tale \u00e0 la fois recyclable et biod\u00e9gradable  Ch\u00e8nevotte s\u00e9lectionn\u00e9e pour la r\u00e9alisation de mortiers et b\u00e9tons l\u00e9gers isolants. Chanvre labellis\u00e9 B\u00e2timent  Cette ch\u00e8nevotte est labellis\u00e9e par la fili\u00e8re chanvre Loire-Atlantique","robots":{"index":"noindex","follow":"nofollow"},"og_locale":"fr_FR","og_type":"article","og_title":"Ch\u00e8nevotte BIOFIBAT lab\u00e9lis\u00e9e \"Chanvre B\u00e2timent\" de Biofib - Logisain 44","og_description":"Ch\u00e8nevotte BIOFIBAT avec une bonne performance acoustique et isolant naturel imputrescible qui retient la chaleur. 100 % d\u2019origine v\u00e9g\u00e9tale \u00e0 la fois recyclable et biod\u00e9gradable  Ch\u00e8nevotte s\u00e9lectionn\u00e9e pour la r\u00e9alisation de mortiers et b\u00e9tons l\u00e9gers isolants. Chanvre labellis\u00e9 B\u00e2timent  Cette ch\u00e8nevotte est labellis\u00e9e par la fili\u00e8re chanvre Loire-Atlantique","og_url":"https:\/\/nature-et-developpement.com\/logisain-44\/produit\/chenevotte-18kg-biofibat-labelisee-chanvre-batiment-de-biofib\/","og_site_name":"Logisain 44","article_modified_time":"2026-02-17T12:15:10+00:00","twitter_card":"summary_large_image","twitter_misc":{"Dur\u00e9e de lecture estim\u00e9e":"1 minute"},"schema":{"@context":"https:\/\/schema.org","@graph":[{"@type":"WebPage","@id":"https:\/\/nature-et-developpement.com\/logisain-44\/produit\/chenevotte-18kg-biofibat-labelisee-chanvre-batiment-de-biofib\/","url":"https:\/\/nature-et-developpement.com\/logisain-44\/produit\/chenevotte-18kg-biofibat-labelisee-chanvre-batiment-de-biofib\/","name":"Ch\u00e8nevotte BIOFIBAT lab\u00e9lis\u00e9e \"Chanvre B\u00e2timent\" de Biofib - Logisain 44","isPartOf":{"@id":"https:\/\/nature-et-developpement.com\/logisain-44\/#website"},"primaryImageOfPage":{"@id":"https:\/\/nature-et-developpement.com\/logisain-44\/produit\/chenevotte-18kg-biofibat-labelisee-chanvre-batiment-de-biofib\/#primaryimage"},"image":{"@id":"https:\/\/nature-et-developpement.com\/logisain-44\/produit\/chenevotte-18kg-biofibat-labelisee-chanvre-batiment-de-biofib\/#primaryimage"},"thumbnailUrl":"https:\/\/nature-et-developpement.com\/logisain-44\/wp-content\/uploads\/Chenevotte-18Kg-BIOFIBAT-label-Chanvre-Batiment-de-Biofib.jpg","datePublished":"2024-09-01T22:00:25+00:00","dateModified":"2026-02-17T12:15:10+00:00","description":"Ch\u00e8nevotte BIOFIBAT avec une bonne performance acoustique et isolant naturel imputrescible qui retient la chaleur. 100 % d\u2019origine v\u00e9g\u00e9tale \u00e0 la fois recyclable et biod\u00e9gradable Ch\u00e8nevotte s\u00e9lectionn\u00e9e pour la r\u00e9alisation de mortiers et b\u00e9tons l\u00e9gers isolants. Chanvre labellis\u00e9 B\u00e2timent Cette ch\u00e8nevotte est labellis\u00e9e par la fili\u00e8re chanvre Loire-Atlantique","breadcrumb":{"@id":"https:\/\/nature-et-developpement.com\/logisain-44\/produit\/chenevotte-18kg-biofibat-labelisee-chanvre-batiment-de-biofib\/#breadcrumb"},"inLanguage":"fr-FR","potentialAction":[{"@type":"ReadAction","target":["https:\/\/nature-et-developpement.com\/logisain-44\/produit\/chenevotte-18kg-biofibat-labelisee-chanvre-batiment-de-biofib\/"]}]},{"@type":"ImageObject","inLanguage":"fr-FR","@id":"https:\/\/nature-et-developpement.com\/logisain-44\/produit\/chenevotte-18kg-biofibat-labelisee-chanvre-batiment-de-biofib\/#primaryimage","url":"https:\/\/nature-et-developpement.com\/logisain-44\/wp-content\/uploads\/Chenevotte-18Kg-BIOFIBAT-label-Chanvre-Batiment-de-Biofib.jpg","contentUrl":"https:\/\/nature-et-developpement.com\/logisain-44\/wp-content\/uploads\/Chenevotte-18Kg-BIOFIBAT-label-Chanvre-Batiment-de-Biofib.jpg"},{"@type":"BreadcrumbList","@id":"https:\/\/nature-et-developpement.com\/logisain-44\/produit\/chenevotte-18kg-biofibat-labelisee-chanvre-batiment-de-biofib\/#breadcrumb","itemListElement":[{"@type":"ListItem","position":1,"name":"Accueil","item":"https:\/\/nature-et-developpement.com\/logisain-44\/"},{"@type":"ListItem","position":2,"name":"Produits","item":"https:\/\/nature-et-developpement.com\/logisain-44\/shop\/"},{"@type":"ListItem","position":3,"name":"Construction, cloison et fen\u00eatres","item":"https:\/\/nature-et-developpement.com\/logisain-44\/produits\/construction\/"},{"@type":"ListItem","position":4,"name":"Ma\u00e7onnerie","item":"https:\/\/nature-et-developpement.com\/logisain-44\/produits\/construction\/maconnerie\/"},{"@type":"ListItem","position":5,"name":"Ch\u00e8nevotte BIOFIBAT lab\u00e9lis\u00e9e \u00ab\u00a0Chanvre B\u00e2timent\u00a0\u00bb de Biofib"}]},{"@type":"WebSite","@id":"https:\/\/nature-et-developpement.com\/logisain-44\/#website","url":"https:\/\/nature-et-developpement.com\/logisain-44\/","name":"Logisain 44","description":"Logisain 44 est membre du groupement Nature &amp; D\u00e9veloppement","publisher":{"@id":"https:\/\/nature-et-developpement.com\/logisain-44\/#organization"},"potentialAction":[{"@type":"SearchAction","target":{"@type":"EntryPoint","urlTemplate":"https:\/\/nature-et-developpement.com\/logisain-44\/?s={search_term_string}"},"query-input":{"@type":"PropertyValueSpecification","valueRequired":true,"valueName":"search_term_string"}}],"inLanguage":"fr-FR"},{"@type":"Organization","@id":"https:\/\/nature-et-developpement.com\/logisain-44\/#organization","name":"Logisain 44","url":"https:\/\/nature-et-developpement.com\/logisain-44\/","logo":{"@type":"ImageObject","inLanguage":"fr-FR","@id":"https:\/\/nature-et-developpement.com\/logisain-44\/#\/schema\/logo\/image\/","url":"https:\/\/nature-et-developpement.com\/logisain-44\/wp-content\/uploads\/sites\/4\/2021\/08\/logo-logisain.jpg","contentUrl":"https:\/\/nature-et-developpement.com\/logisain-44\/wp-content\/uploads\/sites\/4\/2021\/08\/logo-logisain.jpg","width":672,"height":455,"caption":"Logisain 44"},"image":{"@id":"https:\/\/nature-et-developpement.com\/logisain-44\/#\/schema\/logo\/image\/"}}]}},"distributor_meta":false,"distributor_terms":false,"distributor_media":false,"distributor_original_site_name":"Logisain 44","distributor_original_site_url":"https:\/\/nature-et-developpement.com\/logisain-44","push-errors":false,"_links":{"self":[{"href":"https:\/\/nature-et-developpement.com\/logisain-44\/wp-json\/wp\/v2\/product\/36063","targetHints":{"allow":["GET"]}}],"collection":[{"href":"https:\/\/nature-et-developpement.com\/logisain-44\/wp-json\/wp\/v2\/product"}],"about":[{"href":"https:\/\/nature-et-developpement.com\/logisain-44\/wp-json\/wp\/v2\/types\/product"}],"wp:featuredmedia":[{"embeddable":true,"href":"https:\/\/nature-et-developpement.com\/logisain-44\/wp-json\/"}],"wp:attachment":[{"href":"https:\/\/nature-et-developpement.com\/logisain-44\/wp-json\/wp\/v2\/media?parent=36063"}],"wp:term":[{"taxonomy":"product_brand","embeddable":true,"href":"https:\/\/nature-et-developpement.com\/logisain-44\/wp-json\/wp\/v2\/product_brand?post=36063"},{"taxonomy":"product_cat","embeddable":true,"href":"https:\/\/nature-et-developpement.com\/logisain-44\/wp-json\/wp\/v2\/product_cat?post=36063"},{"taxonomy":"product_tag","embeddable":true,"href":"https:\/\/nature-et-developpement.com\/logisain-44\/wp-json\/wp\/v2\/product_tag?post=36063"}],"curies":[{"name":"wp","href":"https:\/\/api.w.org\/{rel}","templated":true}]}}