{"id":36383,"date":"2017-01-01T00:00:00","date_gmt":"2016-12-31T23:00:00","guid":{"rendered":"https:\/\/nature-et-developpement.com\/logisain-44\/produit\/enduit-de-finition-chaux-et-terre-pret-a-l-emploi-baticlay-argilus\/"},"modified":"2026-01-27T12:00:16","modified_gmt":"2026-01-27T11:00:16","slug":"enduit-de-finition-chaux-et-terre-pret-a-l-emploi-baticlay-argilus","status":"publish","type":"product","link":"https:\/\/nature-et-developpement.com\/logisain-44\/produit\/enduit-de-finition-chaux-et-terre-pret-a-l-emploi-baticlay-argilus\/","title":{"rendered":"Enduit de finition chaux et terre pr\u00eat \u00e0 l&#8217;emploi BATICLAY Argilus"},"content":{"rendered":"<h2>Enduit de finition authentique<\/h2>\n<p>L\u2019enduit BATICLAY\u00ae a \u00e9t\u00e9 cr\u00e9e par ARGILUS pour la construction paille, la restauration des fa\u00e7ades en pierres et certains murs en pis\u00e9 ou en briques.<\/p>\n<p>Ce produit peut \u00eatre utilis\u00e9 aussi bien en ext\u00e9rieur qu\u2019en int\u00e9rieur en enduit plein ou en jointoiement.<\/p>\n<p>La chaux pouzzolanique et l\u2019argile contenues dans son m\u00e9lange lui procurent des qualit\u00e9s de r\u00e9sistance m\u00e9canique excellentes et une onctuosit\u00e9 remarquable. Son conditionnement se pr\u00e9sente en sac de 25\u00a0kg<\/p>\n<p>L\u2019enduit de FINITION BATICLAY s\u2019utilise en murs ext\u00e9rieurs ou int\u00e9rieurs anciens et sur tous types de construction tels que les maisons d\u2019habitation, les granges,<\/p>\n<p>d\u00e9pendances, \u00e9curies\u2026etc.<\/p>\n<p>Il s\u2019utilise principalement en enduit de finition et \u00e9galement en rejointoiement de pierres, briques, ou colombages dans le b\u00e2ti ancien.<\/p>\n<p>L\u2019enduit de finition se termine \u00e0 la taloche, \u00e0 la brosse ou \u00e0 l\u2019\u00e9ponge.<\/p>\n<p><b>SUPPORTS ADMISSIBLES:<\/b><\/p>\n<p>&#8211; Ma\u00e7onneries anciennes,<\/p>\n<p>&#8211; Ma\u00e7onnerie en pierre, en pis\u00e9, en briques pleines de parement\u2026<\/p>\n<p>&#8211; Corps d\u2019enduit BATICLAY<\/p>\n<p>Autres types de support, merci de consulter le fabricant<\/p>\n<p><b>SUPPORTS INTERDITS:<\/b><\/p>\n<p>&#8211; En direct sur murs type parpaings, B\u00e9ton cellulaire, briques, etc. Sur tous ces supports, il est n\u00e9cessaire d\u2019appliquer auparavant le corps d\u2019enduit BATICLAY ou de consulter le fabricant.<\/p>\n<p>&#8211; Supports en bois<\/p>\n<p>&#8211; Surface horizontale ou inclin\u00e9e<\/p>\n<p>&#8211; Surface peinte, RPE.<\/p>\n<p>&nbsp;<\/p>\n<p><img loading=\"lazy\" decoding=\"async\" class=\" size-full wp-image-103578\" src=\"https:\/\/nature-et-developpement.com\/wp-content\/uploads\/cms\/ARGILUS\/FINITION-BATICLAY.jpg\" alt=\"\" width=\"1000\" height=\"180\" \/><\/p>\n","protected":false},"excerpt":{"rendered":"<p>Ce produit peut \u00eatre utilis\u00e9 aussi bien en ext\u00e9rieur qu\u2019en int\u00e9rieur en enduit plein ou en jointoiement.<\/p>\n","protected":false},"featured_media":1000000169311,"template":"","meta":[],"product_brand":[10199],"product_cat":[10287,7906,7384,7624],"product_tag":[11646],"class_list":{"0":"post-36383","1":"product","2":"type-product","3":"status-publish","4":"has-post-thumbnail","6":"product_brand-argilus","7":"product_cat-demande-de-devis-uniquement-avec-prix","8":"product_cat-enduits-naturels","9":"product_cat-revetements-muraux","10":"product_cat-revetement-muraux","11":"product_tag-enduits-exterieurs","12":"product_shipping_class-sac-de-25kg","14":"first","15":"instock","16":"taxable","17":"shipping-taxable","18":"purchasable","19":"product-type-variable"},"yoast_head":"<!-- This site is optimized with the Yoast SEO plugin v27.5 - https:\/\/yoast.com\/product\/yoast-seo-wordpress\/ -->\n<title>Enduit de finition chaux et terre pr\u00eat \u00e0 l&#039;emploi BATICLAY Argilus - Logisain 44<\/title>\n<meta name=\"description\" content=\"Ce produit peut \u00eatre utilis\u00e9 aussi bien en ext\u00e9rieur qu\u2019en int\u00e9rieur en enduit plein ou en jointoiement. Loire-Atlantique\" \/>\n<meta name=\"robots\" content=\"noindex, nofollow\" \/>\n<meta property=\"og:locale\" content=\"fr_FR\" \/>\n<meta property=\"og:type\" content=\"article\" \/>\n<meta property=\"og:title\" content=\"Enduit de finition chaux et terre pr\u00eat \u00e0 l&#039;emploi BATICLAY Argilus - Logisain 44\" \/>\n<meta property=\"og:description\" content=\"Ce produit peut \u00eatre utilis\u00e9 aussi bien en ext\u00e9rieur qu\u2019en int\u00e9rieur en enduit plein ou en jointoiement. Loire-Atlantique\" \/>\n<meta property=\"og:url\" content=\"https:\/\/nature-et-developpement.com\/logisain-44\/produit\/enduit-de-finition-chaux-et-terre-pret-a-l-emploi-baticlay-argilus\/\" \/>\n<meta property=\"og:site_name\" content=\"Logisain 44\" \/>\n<meta property=\"article:modified_time\" content=\"2026-01-27T11:00:16+00:00\" \/>\n<meta name=\"twitter:card\" content=\"summary_large_image\" \/>\n<meta name=\"twitter:label1\" content=\"Dur\u00e9e de lecture estim\u00e9e\" \/>\n\t<meta name=\"twitter:data1\" content=\"2 minutes\" \/>\n<script type=\"application\/ld+json\" class=\"yoast-schema-graph\">{\"@context\":\"https:\\\/\\\/schema.org\",\"@graph\":[{\"@type\":\"WebPage\",\"@id\":\"https:\\\/\\\/nature-et-developpement.com\\\/logisain-44\\\/produit\\\/enduit-de-finition-chaux-et-terre-pret-a-l-emploi-baticlay-argilus\\\/\",\"url\":\"https:\\\/\\\/nature-et-developpement.com\\\/logisain-44\\\/produit\\\/enduit-de-finition-chaux-et-terre-pret-a-l-emploi-baticlay-argilus\\\/\",\"name\":\"Enduit de finition chaux et terre pr\u00eat \u00e0 l'emploi BATICLAY Argilus - Logisain 44\",\"isPartOf\":{\"@id\":\"https:\\\/\\\/nature-et-developpement.com\\\/logisain-44\\\/#website\"},\"primaryImageOfPage\":{\"@id\":\"https:\\\/\\\/nature-et-developpement.com\\\/logisain-44\\\/produit\\\/enduit-de-finition-chaux-et-terre-pret-a-l-emploi-baticlay-argilus\\\/#primaryimage\"},\"image\":{\"@id\":\"https:\\\/\\\/nature-et-developpement.com\\\/logisain-44\\\/produit\\\/enduit-de-finition-chaux-et-terre-pret-a-l-emploi-baticlay-argilus\\\/#primaryimage\"},\"thumbnailUrl\":\"https:\\\/\\\/nature-et-developpement.com\\\/logisain-44\\\/wp-content\\\/uploads\\\/Enduit-de-finition-chaux-et-terre-pret-a-lemploi-BATICLAY-Argilus.jpg\",\"datePublished\":\"2016-12-31T23:00:00+00:00\",\"dateModified\":\"2026-01-27T11:00:16+00:00\",\"description\":\"Ce produit peut \u00eatre utilis\u00e9 aussi bien en ext\u00e9rieur qu\u2019en int\u00e9rieur en enduit plein ou en jointoiement. Loire-Atlantique\",\"breadcrumb\":{\"@id\":\"https:\\\/\\\/nature-et-developpement.com\\\/logisain-44\\\/produit\\\/enduit-de-finition-chaux-et-terre-pret-a-l-emploi-baticlay-argilus\\\/#breadcrumb\"},\"inLanguage\":\"fr-FR\",\"potentialAction\":[{\"@type\":\"ReadAction\",\"target\":[\"https:\\\/\\\/nature-et-developpement.com\\\/logisain-44\\\/produit\\\/enduit-de-finition-chaux-et-terre-pret-a-l-emploi-baticlay-argilus\\\/\"]}]},{\"@type\":\"ImageObject\",\"inLanguage\":\"fr-FR\",\"@id\":\"https:\\\/\\\/nature-et-developpement.com\\\/logisain-44\\\/produit\\\/enduit-de-finition-chaux-et-terre-pret-a-l-emploi-baticlay-argilus\\\/#primaryimage\",\"url\":\"https:\\\/\\\/nature-et-developpement.com\\\/logisain-44\\\/wp-content\\\/uploads\\\/Enduit-de-finition-chaux-et-terre-pret-a-lemploi-BATICLAY-Argilus.jpg\",\"contentUrl\":\"https:\\\/\\\/nature-et-developpement.com\\\/logisain-44\\\/wp-content\\\/uploads\\\/Enduit-de-finition-chaux-et-terre-pret-a-lemploi-BATICLAY-Argilus.jpg\"},{\"@type\":\"BreadcrumbList\",\"@id\":\"https:\\\/\\\/nature-et-developpement.com\\\/logisain-44\\\/produit\\\/enduit-de-finition-chaux-et-terre-pret-a-l-emploi-baticlay-argilus\\\/#breadcrumb\",\"itemListElement\":[{\"@type\":\"ListItem\",\"position\":1,\"name\":\"Accueil\",\"item\":\"https:\\\/\\\/nature-et-developpement.com\\\/logisain-44\\\/\"},{\"@type\":\"ListItem\",\"position\":2,\"name\":\"Produits\",\"item\":\"https:\\\/\\\/nature-et-developpement.com\\\/logisain-44\\\/shop\\\/\"},{\"@type\":\"ListItem\",\"position\":3,\"name\":\"Peinture, pigment et enduit\",\"item\":\"https:\\\/\\\/nature-et-developpement.com\\\/logisain-44\\\/produits\\\/peinture-et-enduit\\\/\"},{\"@type\":\"ListItem\",\"position\":4,\"name\":\"Enduits naturels\",\"item\":\"https:\\\/\\\/nature-et-developpement.com\\\/logisain-44\\\/produits\\\/peinture-et-enduit\\\/enduits-naturels\\\/\"},{\"@type\":\"ListItem\",\"position\":5,\"name\":\"Enduit de finition chaux et terre pr\u00eat \u00e0 l&#8217;emploi BATICLAY Argilus\"}]},{\"@type\":\"WebSite\",\"@id\":\"https:\\\/\\\/nature-et-developpement.com\\\/logisain-44\\\/#website\",\"url\":\"https:\\\/\\\/nature-et-developpement.com\\\/logisain-44\\\/\",\"name\":\"Logisain 44\",\"description\":\"Logisain 44 est membre du groupement Nature &amp; D\u00e9veloppement\",\"publisher\":{\"@id\":\"https:\\\/\\\/nature-et-developpement.com\\\/logisain-44\\\/#organization\"},\"potentialAction\":[{\"@type\":\"SearchAction\",\"target\":{\"@type\":\"EntryPoint\",\"urlTemplate\":\"https:\\\/\\\/nature-et-developpement.com\\\/logisain-44\\\/?s={search_term_string}\"},\"query-input\":{\"@type\":\"PropertyValueSpecification\",\"valueRequired\":true,\"valueName\":\"search_term_string\"}}],\"inLanguage\":\"fr-FR\"},{\"@type\":\"Organization\",\"@id\":\"https:\\\/\\\/nature-et-developpement.com\\\/logisain-44\\\/#organization\",\"name\":\"Logisain 44\",\"url\":\"https:\\\/\\\/nature-et-developpement.com\\\/logisain-44\\\/\",\"logo\":{\"@type\":\"ImageObject\",\"inLanguage\":\"fr-FR\",\"@id\":\"https:\\\/\\\/nature-et-developpement.com\\\/logisain-44\\\/#\\\/schema\\\/logo\\\/image\\\/\",\"url\":\"https:\\\/\\\/nature-et-developpement.com\\\/logisain-44\\\/wp-content\\\/uploads\\\/sites\\\/4\\\/2021\\\/08\\\/logo-logisain.jpg\",\"contentUrl\":\"https:\\\/\\\/nature-et-developpement.com\\\/logisain-44\\\/wp-content\\\/uploads\\\/sites\\\/4\\\/2021\\\/08\\\/logo-logisain.jpg\",\"width\":672,\"height\":455,\"caption\":\"Logisain 44\"},\"image\":{\"@id\":\"https:\\\/\\\/nature-et-developpement.com\\\/logisain-44\\\/#\\\/schema\\\/logo\\\/image\\\/\"}}]}<\/script>\n<!-- \/ Yoast SEO plugin. -->","yoast_head_json":{"title":"Enduit de finition chaux et terre pr\u00eat \u00e0 l'emploi BATICLAY Argilus - Logisain 44","description":"Ce produit peut \u00eatre utilis\u00e9 aussi bien en ext\u00e9rieur qu\u2019en int\u00e9rieur en enduit plein ou en jointoiement. Loire-Atlantique","robots":{"index":"noindex","follow":"nofollow"},"og_locale":"fr_FR","og_type":"article","og_title":"Enduit de finition chaux et terre pr\u00eat \u00e0 l'emploi BATICLAY Argilus - Logisain 44","og_description":"Ce produit peut \u00eatre utilis\u00e9 aussi bien en ext\u00e9rieur qu\u2019en int\u00e9rieur en enduit plein ou en jointoiement. Loire-Atlantique","og_url":"https:\/\/nature-et-developpement.com\/logisain-44\/produit\/enduit-de-finition-chaux-et-terre-pret-a-l-emploi-baticlay-argilus\/","og_site_name":"Logisain 44","article_modified_time":"2026-01-27T11:00:16+00:00","twitter_card":"summary_large_image","twitter_misc":{"Dur\u00e9e de lecture estim\u00e9e":"2 minutes"},"schema":{"@context":"https:\/\/schema.org","@graph":[{"@type":"WebPage","@id":"https:\/\/nature-et-developpement.com\/logisain-44\/produit\/enduit-de-finition-chaux-et-terre-pret-a-l-emploi-baticlay-argilus\/","url":"https:\/\/nature-et-developpement.com\/logisain-44\/produit\/enduit-de-finition-chaux-et-terre-pret-a-l-emploi-baticlay-argilus\/","name":"Enduit de finition chaux et terre pr\u00eat \u00e0 l'emploi BATICLAY Argilus - Logisain 44","isPartOf":{"@id":"https:\/\/nature-et-developpement.com\/logisain-44\/#website"},"primaryImageOfPage":{"@id":"https:\/\/nature-et-developpement.com\/logisain-44\/produit\/enduit-de-finition-chaux-et-terre-pret-a-l-emploi-baticlay-argilus\/#primaryimage"},"image":{"@id":"https:\/\/nature-et-developpement.com\/logisain-44\/produit\/enduit-de-finition-chaux-et-terre-pret-a-l-emploi-baticlay-argilus\/#primaryimage"},"thumbnailUrl":"https:\/\/nature-et-developpement.com\/logisain-44\/wp-content\/uploads\/Enduit-de-finition-chaux-et-terre-pret-a-lemploi-BATICLAY-Argilus.jpg","datePublished":"2016-12-31T23:00:00+00:00","dateModified":"2026-01-27T11:00:16+00:00","description":"Ce produit peut \u00eatre utilis\u00e9 aussi bien en ext\u00e9rieur qu\u2019en int\u00e9rieur en enduit plein ou en jointoiement. Loire-Atlantique","breadcrumb":{"@id":"https:\/\/nature-et-developpement.com\/logisain-44\/produit\/enduit-de-finition-chaux-et-terre-pret-a-l-emploi-baticlay-argilus\/#breadcrumb"},"inLanguage":"fr-FR","potentialAction":[{"@type":"ReadAction","target":["https:\/\/nature-et-developpement.com\/logisain-44\/produit\/enduit-de-finition-chaux-et-terre-pret-a-l-emploi-baticlay-argilus\/"]}]},{"@type":"ImageObject","inLanguage":"fr-FR","@id":"https:\/\/nature-et-developpement.com\/logisain-44\/produit\/enduit-de-finition-chaux-et-terre-pret-a-l-emploi-baticlay-argilus\/#primaryimage","url":"https:\/\/nature-et-developpement.com\/logisain-44\/wp-content\/uploads\/Enduit-de-finition-chaux-et-terre-pret-a-lemploi-BATICLAY-Argilus.jpg","contentUrl":"https:\/\/nature-et-developpement.com\/logisain-44\/wp-content\/uploads\/Enduit-de-finition-chaux-et-terre-pret-a-lemploi-BATICLAY-Argilus.jpg"},{"@type":"BreadcrumbList","@id":"https:\/\/nature-et-developpement.com\/logisain-44\/produit\/enduit-de-finition-chaux-et-terre-pret-a-l-emploi-baticlay-argilus\/#breadcrumb","itemListElement":[{"@type":"ListItem","position":1,"name":"Accueil","item":"https:\/\/nature-et-developpement.com\/logisain-44\/"},{"@type":"ListItem","position":2,"name":"Produits","item":"https:\/\/nature-et-developpement.com\/logisain-44\/shop\/"},{"@type":"ListItem","position":3,"name":"Peinture, pigment et enduit","item":"https:\/\/nature-et-developpement.com\/logisain-44\/produits\/peinture-et-enduit\/"},{"@type":"ListItem","position":4,"name":"Enduits naturels","item":"https:\/\/nature-et-developpement.com\/logisain-44\/produits\/peinture-et-enduit\/enduits-naturels\/"},{"@type":"ListItem","position":5,"name":"Enduit de finition chaux et terre pr\u00eat \u00e0 l&#8217;emploi BATICLAY Argilus"}]},{"@type":"WebSite","@id":"https:\/\/nature-et-developpement.com\/logisain-44\/#website","url":"https:\/\/nature-et-developpement.com\/logisain-44\/","name":"Logisain 44","description":"Logisain 44 est membre du groupement Nature &amp; D\u00e9veloppement","publisher":{"@id":"https:\/\/nature-et-developpement.com\/logisain-44\/#organization"},"potentialAction":[{"@type":"SearchAction","target":{"@type":"EntryPoint","urlTemplate":"https:\/\/nature-et-developpement.com\/logisain-44\/?s={search_term_string}"},"query-input":{"@type":"PropertyValueSpecification","valueRequired":true,"valueName":"search_term_string"}}],"inLanguage":"fr-FR"},{"@type":"Organization","@id":"https:\/\/nature-et-developpement.com\/logisain-44\/#organization","name":"Logisain 44","url":"https:\/\/nature-et-developpement.com\/logisain-44\/","logo":{"@type":"ImageObject","inLanguage":"fr-FR","@id":"https:\/\/nature-et-developpement.com\/logisain-44\/#\/schema\/logo\/image\/","url":"https:\/\/nature-et-developpement.com\/logisain-44\/wp-content\/uploads\/sites\/4\/2021\/08\/logo-logisain.jpg","contentUrl":"https:\/\/nature-et-developpement.com\/logisain-44\/wp-content\/uploads\/sites\/4\/2021\/08\/logo-logisain.jpg","width":672,"height":455,"caption":"Logisain 44"},"image":{"@id":"https:\/\/nature-et-developpement.com\/logisain-44\/#\/schema\/logo\/image\/"}}]}},"distributor_meta":false,"distributor_terms":false,"distributor_media":false,"distributor_original_site_name":"Logisain 44","distributor_original_site_url":"https:\/\/nature-et-developpement.com\/logisain-44","push-errors":false,"_links":{"self":[{"href":"https:\/\/nature-et-developpement.com\/logisain-44\/wp-json\/wp\/v2\/product\/36383","targetHints":{"allow":["GET"]}}],"collection":[{"href":"https:\/\/nature-et-developpement.com\/logisain-44\/wp-json\/wp\/v2\/product"}],"about":[{"href":"https:\/\/nature-et-developpement.com\/logisain-44\/wp-json\/wp\/v2\/types\/product"}],"wp:featuredmedia":[{"embeddable":true,"href":"https:\/\/nature-et-developpement.com\/logisain-44\/wp-json\/"}],"wp:attachment":[{"href":"https:\/\/nature-et-developpement.com\/logisain-44\/wp-json\/wp\/v2\/media?parent=36383"}],"wp:term":[{"taxonomy":"product_brand","embeddable":true,"href":"https:\/\/nature-et-developpement.com\/logisain-44\/wp-json\/wp\/v2\/product_brand?post=36383"},{"taxonomy":"product_cat","embeddable":true,"href":"https:\/\/nature-et-developpement.com\/logisain-44\/wp-json\/wp\/v2\/product_cat?post=36383"},{"taxonomy":"product_tag","embeddable":true,"href":"https:\/\/nature-et-developpement.com\/logisain-44\/wp-json\/wp\/v2\/product_tag?post=36383"}],"curies":[{"name":"wp","href":"https:\/\/api.w.org\/{rel}","templated":true}]}}