{"id":3659,"date":"2023-03-26T17:24:23","date_gmt":"2023-03-26T15:24:23","guid":{"rendered":"https:\/\/nature-et-developpement.com\/logisain\/produit\/porte-fenetre-coulissante-mixte-bois-et-aluminium-sur-mesure-duoba-bieber\/"},"modified":"2025-10-22T11:25:07","modified_gmt":"2025-10-22T09:25:07","slug":"baie-vitree-bois-alu-duoba-bieber","status":"publish","type":"product","link":"https:\/\/nature-et-developpement.com\/logisain-44\/produit\/baie-vitree-bois-alu-duoba-bieber\/","title":{"rendered":"Porte Fen\u00eatre Coulissante mixte Bois et Aluminium sur mesure DUOBA BIEBER"},"content":{"rendered":"<h2>Baie vitr\u00e9e mixte bois et aluminium coulissante ou pliante sur mesure<\/h2>\n<h3>Une fabrication 100% fran\u00e7aise<\/h3>\n<p>La ligne de baie vitr\u00e9e mixte Duoba allie le confort du bois \u00e0 l\u2019int\u00e9rieur et cot\u00e9 l\u2019\u00e9l\u00e9gance architecturale du capotage aluminium \u00e0 l\u2019ext\u00e9rieur.<\/p>\n<p>Ses performances et ses variations de couleurs font r\u00e9f\u00e9rence pour les ma\u00eetres d\u2019ouvrages et les architectes.<\/p>\n<h3>Cot\u00e9 design<\/h3>\n<p>Les menuiseries mixtes en bois aluminium allient l\u2019esth\u00e9tique chaleureuse du bois \u00e0 l\u2019int\u00e9rieur mais aussi le style contemporain de l\u2019aluminium \u00e0 l\u2019ext\u00e9rieur.<\/p>\n<p>El\u00e9gance et authenticit\u00e9 se c\u00f4toient, appuy\u00e9es d\u2019une palette de couleurs vari\u00e9es.<\/p>\n<h3>Des performances thermiques<\/h3>\n<p>La baie coulissante est un moyen d\u2019optimiser la performance \u00e9nerg\u00e9tique de la maison.<\/p>\n<p>Gr\u00e2ce \u00e0 sa grande surface vitr\u00e9e optimise l\u2019apport solaire et le rayonnement naturel.<\/p>\n<h3>Des performances acoustiques<\/h3>\n<p>Un double vitrage standard de type 6-20-4FE \u00e9quipe les menuiseries mixte DUOBA.<\/p>\n<p>L\u2019acoustique est ainsi am\u00e9lior\u00e9e de pr\u00e8s de 4 d\u00e9cibels, comparativement aux vitrages propos\u00e9s sur dormant 68 mm.<\/p>\n<p>Surtout l&rsquo;optimisation des vitrages r\u00e9pond aux contraintes acoustiques strictes comme par exemple les zones urbaines ou a\u00e9roportuaires.<\/p>\n<h3>Une luminosit\u00e9<\/h3>\n<p>Premi\u00e8rement, le d\u00e9veloppement des baies vitr\u00e9es coulissantes maximise la lumi\u00e8re tout en r\u00e9duisant l\u2019encombrement.<\/p>\n<p>Deuxi\u00e8mement, le levante coulissante DUOBA panoramique offre une surface vitr\u00e9e quasi-int\u00e9grale du sol au plafond.<\/p>\n<h3>En toute s\u00e9curit\u00e9<\/h3>\n<p>En verre tremp\u00e9 ou feuillet\u00e9, les vitrages offrent selon leur classe d\u2019essai, une protection aux personnes en cas d\u2019impact.<\/p>\n<p>D\u00e9velopp\u00e9s pour la s\u00e9curit\u00e9 en cas de vol, certains vitrages retardent l\u2019effraction et font l\u2019objet d\u2019une homologation par certains organismes d\u2019assurances.<\/p>\n<h3>Bieber en quelques mots<\/h3>\n<p>Fabricant expert de menuiseries ext\u00e9rieures sur mesure depuis 1928, acteur parmi les plus novateurs du march\u00e9<\/p>\n<p>Bieber d\u00e9ploie des solutions bois, mixtes et aluminium pour le r\u00e9sidentiel et le tertiaire.<\/p>\n<p>De plus, l\u2019entreprise propose un \u00e9ventail complet de fen\u00eatres, portes-fen\u00eatres, coulissants, ch\u00e2ssis et portes garantis par le savoir-faire de ses ma\u00eetres-artisans.<\/p>\n<p>Le plus important, une rigueur de son bureau d\u2019\u00e9tudes et la puissance de son outil industriel, en Alsace et en Aquitaine.<\/p>\n","protected":false},"excerpt":{"rendered":"<p>La ligne mixte Duoba\u00ae allie le confort et la performance du bois \u00e0 l\u2019int\u00e9rieur, l\u2019\u00e9l\u00e9gance et la facilit\u00e9 du capotage aluminium \u00e0 l\u2019ext\u00e9rieur.<br \/>\nLes baies coulissante illuminent votre int\u00e9rieure. Diff\u00e9rents types d&rsquo;ouverture<span dir=\"ltr\"> \u00e0 translation, levant coulissant, coulissant pliant&#8230; <\/span><\/p>\n<p><span style=\"text-decoration: underline;color: #218e53\"><strong>Produit sur-mesure, demandez votre devis\u00a0<\/strong><\/span><\/p>\n","protected":false},"featured_media":1000000165853,"template":"","meta":[],"product_brand":[10224],"product_cat":[10292,7532],"product_tag":[11742],"class_list":{"0":"post-3659","1":"product","2":"type-product","3":"status-publish","4":"has-post-thumbnail","6":"product_brand-bieber","7":"product_cat-demande-de-devis-uniquement-sans-prix","8":"product_cat-menuiseries-exterieures","9":"product_tag-bieber","10":"product_shipping_class-impact-transport-important","12":"first","13":"onbackorder","14":"taxable","15":"shipping-taxable","16":"purchasable","17":"product-type-variable"},"yoast_head":"<!-- This site is optimized with the Yoast SEO plugin v27.5 - https:\/\/yoast.com\/product\/yoast-seo-wordpress\/ -->\n<title>Baie vitr\u00e9e coulissante ou pliante mixte Bois\/Aluminium DUOBA BIEBER<\/title>\n<meta name=\"description\" content=\"La ligne mixte Duoba\u00ae allie le confort et la performance du bois \u00e0 l\u2019int\u00e9rieur, l\u2019\u00e9l\u00e9gance et la facilit\u00e9 du capotage aluminium \u00e0 l\u2019ext\u00e9rieur. Les baies coulissante illuminent votre int\u00e9rieure. Diff\u00e9rents types d&#039;ouverture \u00e0 translation, levant coulissant, coulissant pliant...   Produit sur-mesure, demandez votre devis\u00a0 La ligne mixte Duoba allie le confort du bois \u00e0 l\u2019int\u00e9rieur et cot\u00e9 l\u2019\u00e9l\u00e9gance architecturale du capotage aluminium \u00e0 l\u2019ext\u00e9rieur.\" \/>\n<meta name=\"robots\" content=\"noindex, nofollow\" \/>\n<meta property=\"og:locale\" content=\"fr_FR\" \/>\n<meta property=\"og:type\" content=\"article\" \/>\n<meta property=\"og:title\" content=\"Baie vitr\u00e9e coulissante ou pliante mixte Bois\/Aluminium DUOBA BIEBER\" \/>\n<meta property=\"og:description\" content=\"La ligne mixte Duoba\u00ae allie le confort et la performance du bois \u00e0 l\u2019int\u00e9rieur, l\u2019\u00e9l\u00e9gance et la facilit\u00e9 du capotage aluminium \u00e0 l\u2019ext\u00e9rieur. Les baies coulissante illuminent votre int\u00e9rieure. Diff\u00e9rents types d&#039;ouverture \u00e0 translation, levant coulissant, coulissant pliant...   Produit sur-mesure, demandez votre devis\u00a0 La ligne mixte Duoba allie le confort du bois \u00e0 l\u2019int\u00e9rieur et cot\u00e9 l\u2019\u00e9l\u00e9gance architecturale du capotage aluminium \u00e0 l\u2019ext\u00e9rieur.\" \/>\n<meta property=\"og:url\" content=\"https:\/\/nature-et-developpement.com\/logisain-44\/produit\/baie-vitree-bois-alu-duoba-bieber\/\" \/>\n<meta property=\"og:site_name\" content=\"Logisain 44\" \/>\n<meta property=\"article:modified_time\" content=\"2025-10-22T09:25:07+00:00\" \/>\n<meta name=\"twitter:card\" content=\"summary_large_image\" \/>\n<meta name=\"twitter:label1\" content=\"Dur\u00e9e de lecture estim\u00e9e\" \/>\n\t<meta name=\"twitter:data1\" content=\"2 minutes\" \/>\n<script type=\"application\/ld+json\" class=\"yoast-schema-graph\">{\"@context\":\"https:\\\/\\\/schema.org\",\"@graph\":[{\"@type\":\"WebPage\",\"@id\":\"https:\\\/\\\/nature-et-developpement.com\\\/logisain-44\\\/produit\\\/baie-vitree-bois-alu-duoba-bieber\\\/\",\"url\":\"https:\\\/\\\/nature-et-developpement.com\\\/logisain-44\\\/produit\\\/baie-vitree-bois-alu-duoba-bieber\\\/\",\"name\":\"Baie vitr\u00e9e coulissante ou pliante mixte Bois\\\/Aluminium DUOBA BIEBER\",\"isPartOf\":{\"@id\":\"https:\\\/\\\/nature-et-developpement.com\\\/logisain-44\\\/#website\"},\"primaryImageOfPage\":{\"@id\":\"https:\\\/\\\/nature-et-developpement.com\\\/logisain-44\\\/produit\\\/baie-vitree-bois-alu-duoba-bieber\\\/#primaryimage\"},\"image\":{\"@id\":\"https:\\\/\\\/nature-et-developpement.com\\\/logisain-44\\\/produit\\\/baie-vitree-bois-alu-duoba-bieber\\\/#primaryimage\"},\"thumbnailUrl\":\"https:\\\/\\\/nature-et-developpement.com\\\/logisain-44\\\/wp-content\\\/uploads\\\/Baie-vitree-coulissante-ou-pliante-mixte-Bois-et-Aluminium-sur-mesure-DUOBA-BIEBER.jpg\",\"datePublished\":\"2023-03-26T15:24:23+00:00\",\"dateModified\":\"2025-10-22T09:25:07+00:00\",\"description\":\"La ligne mixte Duoba\u00ae allie le confort et la performance du bois \u00e0 l\u2019int\u00e9rieur, l\u2019\u00e9l\u00e9gance et la facilit\u00e9 du capotage aluminium \u00e0 l\u2019ext\u00e9rieur. Les baies coulissante illuminent votre int\u00e9rieure. Diff\u00e9rents types d'ouverture \u00e0 translation, levant coulissant, coulissant pliant... Produit sur-mesure, demandez votre devis\u00a0 La ligne mixte Duoba allie le confort du bois \u00e0 l\u2019int\u00e9rieur et cot\u00e9 l\u2019\u00e9l\u00e9gance architecturale du capotage aluminium \u00e0 l\u2019ext\u00e9rieur.\",\"breadcrumb\":{\"@id\":\"https:\\\/\\\/nature-et-developpement.com\\\/logisain-44\\\/produit\\\/baie-vitree-bois-alu-duoba-bieber\\\/#breadcrumb\"},\"inLanguage\":\"fr-FR\",\"potentialAction\":[{\"@type\":\"ReadAction\",\"target\":[\"https:\\\/\\\/nature-et-developpement.com\\\/logisain-44\\\/produit\\\/baie-vitree-bois-alu-duoba-bieber\\\/\"]}]},{\"@type\":\"ImageObject\",\"inLanguage\":\"fr-FR\",\"@id\":\"https:\\\/\\\/nature-et-developpement.com\\\/logisain-44\\\/produit\\\/baie-vitree-bois-alu-duoba-bieber\\\/#primaryimage\",\"url\":\"https:\\\/\\\/nature-et-developpement.com\\\/logisain-44\\\/wp-content\\\/uploads\\\/Baie-vitree-coulissante-ou-pliante-mixte-Bois-et-Aluminium-sur-mesure-DUOBA-BIEBER.jpg\",\"contentUrl\":\"https:\\\/\\\/nature-et-developpement.com\\\/logisain-44\\\/wp-content\\\/uploads\\\/Baie-vitree-coulissante-ou-pliante-mixte-Bois-et-Aluminium-sur-mesure-DUOBA-BIEBER.jpg\"},{\"@type\":\"BreadcrumbList\",\"@id\":\"https:\\\/\\\/nature-et-developpement.com\\\/logisain-44\\\/produit\\\/baie-vitree-bois-alu-duoba-bieber\\\/#breadcrumb\",\"itemListElement\":[{\"@type\":\"ListItem\",\"position\":1,\"name\":\"Accueil\",\"item\":\"https:\\\/\\\/nature-et-developpement.com\\\/logisain-44\\\/\"},{\"@type\":\"ListItem\",\"position\":2,\"name\":\"Produits\",\"item\":\"https:\\\/\\\/nature-et-developpement.com\\\/logisain-44\\\/shop\\\/\"},{\"@type\":\"ListItem\",\"position\":3,\"name\":\"Construction, cloison et fen\u00eatres\",\"item\":\"https:\\\/\\\/nature-et-developpement.com\\\/logisain-44\\\/produits\\\/construction\\\/\"},{\"@type\":\"ListItem\",\"position\":4,\"name\":\"Menuiserie ext\u00e9rieure\",\"item\":\"https:\\\/\\\/nature-et-developpement.com\\\/logisain-44\\\/produits\\\/construction\\\/menuiseries-exterieures\\\/\"},{\"@type\":\"ListItem\",\"position\":5,\"name\":\"Porte Fen\u00eatre Coulissante mixte Bois et Aluminium sur mesure DUOBA BIEBER\"}]},{\"@type\":\"WebSite\",\"@id\":\"https:\\\/\\\/nature-et-developpement.com\\\/logisain-44\\\/#website\",\"url\":\"https:\\\/\\\/nature-et-developpement.com\\\/logisain-44\\\/\",\"name\":\"Logisain 44\",\"description\":\"Logisain 44 est membre du groupement Nature &amp; D\u00e9veloppement\",\"publisher\":{\"@id\":\"https:\\\/\\\/nature-et-developpement.com\\\/logisain-44\\\/#organization\"},\"potentialAction\":[{\"@type\":\"SearchAction\",\"target\":{\"@type\":\"EntryPoint\",\"urlTemplate\":\"https:\\\/\\\/nature-et-developpement.com\\\/logisain-44\\\/?s={search_term_string}\"},\"query-input\":{\"@type\":\"PropertyValueSpecification\",\"valueRequired\":true,\"valueName\":\"search_term_string\"}}],\"inLanguage\":\"fr-FR\"},{\"@type\":\"Organization\",\"@id\":\"https:\\\/\\\/nature-et-developpement.com\\\/logisain-44\\\/#organization\",\"name\":\"Logisain 44\",\"url\":\"https:\\\/\\\/nature-et-developpement.com\\\/logisain-44\\\/\",\"logo\":{\"@type\":\"ImageObject\",\"inLanguage\":\"fr-FR\",\"@id\":\"https:\\\/\\\/nature-et-developpement.com\\\/logisain-44\\\/#\\\/schema\\\/logo\\\/image\\\/\",\"url\":\"https:\\\/\\\/nature-et-developpement.com\\\/logisain-44\\\/wp-content\\\/uploads\\\/sites\\\/4\\\/2021\\\/08\\\/logo-logisain.jpg\",\"contentUrl\":\"https:\\\/\\\/nature-et-developpement.com\\\/logisain-44\\\/wp-content\\\/uploads\\\/sites\\\/4\\\/2021\\\/08\\\/logo-logisain.jpg\",\"width\":672,\"height\":455,\"caption\":\"Logisain 44\"},\"image\":{\"@id\":\"https:\\\/\\\/nature-et-developpement.com\\\/logisain-44\\\/#\\\/schema\\\/logo\\\/image\\\/\"}}]}<\/script>\n<!-- \/ Yoast SEO plugin. -->","yoast_head_json":{"title":"Baie vitr\u00e9e coulissante ou pliante mixte Bois\/Aluminium DUOBA BIEBER","description":"La ligne mixte Duoba\u00ae allie le confort et la performance du bois \u00e0 l\u2019int\u00e9rieur, l\u2019\u00e9l\u00e9gance et la facilit\u00e9 du capotage aluminium \u00e0 l\u2019ext\u00e9rieur. Les baies coulissante illuminent votre int\u00e9rieure. Diff\u00e9rents types d'ouverture \u00e0 translation, levant coulissant, coulissant pliant...   Produit sur-mesure, demandez votre devis\u00a0 La ligne mixte Duoba allie le confort du bois \u00e0 l\u2019int\u00e9rieur et cot\u00e9 l\u2019\u00e9l\u00e9gance architecturale du capotage aluminium \u00e0 l\u2019ext\u00e9rieur.","robots":{"index":"noindex","follow":"nofollow"},"og_locale":"fr_FR","og_type":"article","og_title":"Baie vitr\u00e9e coulissante ou pliante mixte Bois\/Aluminium DUOBA BIEBER","og_description":"La ligne mixte Duoba\u00ae allie le confort et la performance du bois \u00e0 l\u2019int\u00e9rieur, l\u2019\u00e9l\u00e9gance et la facilit\u00e9 du capotage aluminium \u00e0 l\u2019ext\u00e9rieur. Les baies coulissante illuminent votre int\u00e9rieure. Diff\u00e9rents types d'ouverture \u00e0 translation, levant coulissant, coulissant pliant...   Produit sur-mesure, demandez votre devis\u00a0 La ligne mixte Duoba allie le confort du bois \u00e0 l\u2019int\u00e9rieur et cot\u00e9 l\u2019\u00e9l\u00e9gance architecturale du capotage aluminium \u00e0 l\u2019ext\u00e9rieur.","og_url":"https:\/\/nature-et-developpement.com\/logisain-44\/produit\/baie-vitree-bois-alu-duoba-bieber\/","og_site_name":"Logisain 44","article_modified_time":"2025-10-22T09:25:07+00:00","twitter_card":"summary_large_image","twitter_misc":{"Dur\u00e9e de lecture estim\u00e9e":"2 minutes"},"schema":{"@context":"https:\/\/schema.org","@graph":[{"@type":"WebPage","@id":"https:\/\/nature-et-developpement.com\/logisain-44\/produit\/baie-vitree-bois-alu-duoba-bieber\/","url":"https:\/\/nature-et-developpement.com\/logisain-44\/produit\/baie-vitree-bois-alu-duoba-bieber\/","name":"Baie vitr\u00e9e coulissante ou pliante mixte Bois\/Aluminium DUOBA BIEBER","isPartOf":{"@id":"https:\/\/nature-et-developpement.com\/logisain-44\/#website"},"primaryImageOfPage":{"@id":"https:\/\/nature-et-developpement.com\/logisain-44\/produit\/baie-vitree-bois-alu-duoba-bieber\/#primaryimage"},"image":{"@id":"https:\/\/nature-et-developpement.com\/logisain-44\/produit\/baie-vitree-bois-alu-duoba-bieber\/#primaryimage"},"thumbnailUrl":"https:\/\/nature-et-developpement.com\/logisain-44\/wp-content\/uploads\/Baie-vitree-coulissante-ou-pliante-mixte-Bois-et-Aluminium-sur-mesure-DUOBA-BIEBER.jpg","datePublished":"2023-03-26T15:24:23+00:00","dateModified":"2025-10-22T09:25:07+00:00","description":"La ligne mixte Duoba\u00ae allie le confort et la performance du bois \u00e0 l\u2019int\u00e9rieur, l\u2019\u00e9l\u00e9gance et la facilit\u00e9 du capotage aluminium \u00e0 l\u2019ext\u00e9rieur. Les baies coulissante illuminent votre int\u00e9rieure. Diff\u00e9rents types d'ouverture \u00e0 translation, levant coulissant, coulissant pliant... Produit sur-mesure, demandez votre devis\u00a0 La ligne mixte Duoba allie le confort du bois \u00e0 l\u2019int\u00e9rieur et cot\u00e9 l\u2019\u00e9l\u00e9gance architecturale du capotage aluminium \u00e0 l\u2019ext\u00e9rieur.","breadcrumb":{"@id":"https:\/\/nature-et-developpement.com\/logisain-44\/produit\/baie-vitree-bois-alu-duoba-bieber\/#breadcrumb"},"inLanguage":"fr-FR","potentialAction":[{"@type":"ReadAction","target":["https:\/\/nature-et-developpement.com\/logisain-44\/produit\/baie-vitree-bois-alu-duoba-bieber\/"]}]},{"@type":"ImageObject","inLanguage":"fr-FR","@id":"https:\/\/nature-et-developpement.com\/logisain-44\/produit\/baie-vitree-bois-alu-duoba-bieber\/#primaryimage","url":"https:\/\/nature-et-developpement.com\/logisain-44\/wp-content\/uploads\/Baie-vitree-coulissante-ou-pliante-mixte-Bois-et-Aluminium-sur-mesure-DUOBA-BIEBER.jpg","contentUrl":"https:\/\/nature-et-developpement.com\/logisain-44\/wp-content\/uploads\/Baie-vitree-coulissante-ou-pliante-mixte-Bois-et-Aluminium-sur-mesure-DUOBA-BIEBER.jpg"},{"@type":"BreadcrumbList","@id":"https:\/\/nature-et-developpement.com\/logisain-44\/produit\/baie-vitree-bois-alu-duoba-bieber\/#breadcrumb","itemListElement":[{"@type":"ListItem","position":1,"name":"Accueil","item":"https:\/\/nature-et-developpement.com\/logisain-44\/"},{"@type":"ListItem","position":2,"name":"Produits","item":"https:\/\/nature-et-developpement.com\/logisain-44\/shop\/"},{"@type":"ListItem","position":3,"name":"Construction, cloison et fen\u00eatres","item":"https:\/\/nature-et-developpement.com\/logisain-44\/produits\/construction\/"},{"@type":"ListItem","position":4,"name":"Menuiserie ext\u00e9rieure","item":"https:\/\/nature-et-developpement.com\/logisain-44\/produits\/construction\/menuiseries-exterieures\/"},{"@type":"ListItem","position":5,"name":"Porte Fen\u00eatre Coulissante mixte Bois et Aluminium sur mesure DUOBA BIEBER"}]},{"@type":"WebSite","@id":"https:\/\/nature-et-developpement.com\/logisain-44\/#website","url":"https:\/\/nature-et-developpement.com\/logisain-44\/","name":"Logisain 44","description":"Logisain 44 est membre du groupement Nature &amp; D\u00e9veloppement","publisher":{"@id":"https:\/\/nature-et-developpement.com\/logisain-44\/#organization"},"potentialAction":[{"@type":"SearchAction","target":{"@type":"EntryPoint","urlTemplate":"https:\/\/nature-et-developpement.com\/logisain-44\/?s={search_term_string}"},"query-input":{"@type":"PropertyValueSpecification","valueRequired":true,"valueName":"search_term_string"}}],"inLanguage":"fr-FR"},{"@type":"Organization","@id":"https:\/\/nature-et-developpement.com\/logisain-44\/#organization","name":"Logisain 44","url":"https:\/\/nature-et-developpement.com\/logisain-44\/","logo":{"@type":"ImageObject","inLanguage":"fr-FR","@id":"https:\/\/nature-et-developpement.com\/logisain-44\/#\/schema\/logo\/image\/","url":"https:\/\/nature-et-developpement.com\/logisain-44\/wp-content\/uploads\/sites\/4\/2021\/08\/logo-logisain.jpg","contentUrl":"https:\/\/nature-et-developpement.com\/logisain-44\/wp-content\/uploads\/sites\/4\/2021\/08\/logo-logisain.jpg","width":672,"height":455,"caption":"Logisain 44"},"image":{"@id":"https:\/\/nature-et-developpement.com\/logisain-44\/#\/schema\/logo\/image\/"}}]}},"distributor_meta":false,"distributor_terms":false,"distributor_media":false,"distributor_original_site_name":"Logisain 44","distributor_original_site_url":"https:\/\/nature-et-developpement.com\/logisain-44","push-errors":false,"_links":{"self":[{"href":"https:\/\/nature-et-developpement.com\/logisain-44\/wp-json\/wp\/v2\/product\/3659","targetHints":{"allow":["GET"]}}],"collection":[{"href":"https:\/\/nature-et-developpement.com\/logisain-44\/wp-json\/wp\/v2\/product"}],"about":[{"href":"https:\/\/nature-et-developpement.com\/logisain-44\/wp-json\/wp\/v2\/types\/product"}],"wp:featuredmedia":[{"embeddable":true,"href":"https:\/\/nature-et-developpement.com\/logisain-44\/wp-json\/"}],"wp:attachment":[{"href":"https:\/\/nature-et-developpement.com\/logisain-44\/wp-json\/wp\/v2\/media?parent=3659"}],"wp:term":[{"taxonomy":"product_brand","embeddable":true,"href":"https:\/\/nature-et-developpement.com\/logisain-44\/wp-json\/wp\/v2\/product_brand?post=3659"},{"taxonomy":"product_cat","embeddable":true,"href":"https:\/\/nature-et-developpement.com\/logisain-44\/wp-json\/wp\/v2\/product_cat?post=3659"},{"taxonomy":"product_tag","embeddable":true,"href":"https:\/\/nature-et-developpement.com\/logisain-44\/wp-json\/wp\/v2\/product_tag?post=3659"}],"curies":[{"name":"wp","href":"https:\/\/api.w.org\/{rel}","templated":true}]}}