{"id":40692,"date":"2023-11-30T16:04:00","date_gmt":"2023-11-30T15:04:00","guid":{"rendered":"https:\/\/nature-et-developpement.com\/logisain-44\/?post_type=product&#038;p=40692"},"modified":"2025-06-12T14:56:55","modified_gmt":"2025-06-12T12:56:55","slug":"nettoyant-pour-meubles-de-jardin-811","status":"publish","type":"product","link":"https:\/\/nature-et-developpement.com\/logisain-44\/produit\/nettoyant-pour-meubles-de-jardin-811\/","title":{"rendered":"Nettoyant Pour Meubles De Jardin 811"},"content":{"rendered":"<p>Avantages du Nettoyant pour les meubles de jardin n\u00b0811 AURO :<\/p>\n<p>    \u00c9limine efficacement algues, mousses et salissures<br \/>\n    Tr\u00e8s efficace contre les salissures<br \/>\n    L\u2019emploi est facile gr\u00e2ce \u00e0 son bouchon<br \/>\n    Issu de mati\u00e8res premi\u00e8res naturelles<br \/>\n    Effet brillant garanti<br \/>\n    Utilisation du nettoyant pour meuble AURO n\u00b0811<\/p>\n<p>Utilisation du Nettoyant pour les meubles de jardin n\u00b0811 AURO :<\/p>\n<p>    Diluer environ 25 ml de produit nettoyant dans 5 L d\u2019eau chaude<br \/>\n    Frotter vigoureusement les meubles avec un chiffon une \u00e9ponge ou une brosse<br \/>\n    Rincer \u00e0 l\u2019eau claire le meuble<\/p>\n<p>    Effectuer un essai avant d&rsquo;appliquer sur toute la surface<\/p>\n<p>Pr\u00e9cautions d&#8217;emploi : <\/p>\n<p>    Tenir hors de la port\u00e9e des enfants<br \/>\n    A conserver \u00e0 l\u2019abri des temp\u00e9ratures extr\u00eames<br \/>\n    Peut \u00eatre dangereux. Lire la fiche technique disponible ci-dessous<\/p>\n","protected":false},"excerpt":{"rendered":"<p>Le Nettoyant pour les meubles de jardin n\u00b0811 AURO est un excellent produit d&rsquo;entretien pour tous les mobiliers en bois huil\u00e9s qui sont souvent expos\u00e9s aux intemp\u00e9ries. Il permet d&rsquo;\u00e9liminer toutes sortes de salissures ainsi que les zones grises sur le bois et d&rsquo;apporter une protection \u00e0 long terme.<\/p>\n","protected":false},"featured_media":40693,"template":"","meta":[],"product_brand":[11100],"product_cat":[7431],"product_tag":[],"class_list":{"0":"post-40692","1":"product","2":"type-product","3":"status-publish","4":"has-post-thumbnail","6":"product_brand-auro","7":"product_cat-bonne-affaire","9":"first","10":"instock","11":"sale","12":"taxable","13":"shipping-taxable","14":"purchasable","15":"product-type-simple"},"yoast_head":"<!-- This site is optimized with the Yoast SEO plugin v27.5 - https:\/\/yoast.com\/product\/yoast-seo-wordpress\/ -->\n<title>Nettoyant Pour Meubles De Jardin 811 - Logisain 44<\/title>\n<meta name=\"description\" content=\"Le Nettoyant pour les meubles de jardin n\u00b0811 AURO est un excellent produit d&#039;entretien pour tous les mobiliers en bois huil\u00e9s qui sont souvent expos\u00e9s aux intemp\u00e9ries. Il permet d&#039;\u00e9liminer toutes sortes de salissures ainsi que les zones grises sur le bois et d&#039;apporter une protection \u00e0 long terme. Loire-Atlantique\" \/>\n<meta name=\"robots\" content=\"noindex, follow\" \/>\n<meta property=\"og:locale\" content=\"fr_FR\" \/>\n<meta property=\"og:type\" content=\"article\" \/>\n<meta property=\"og:title\" content=\"Nettoyant Pour Meubles De Jardin 811 - Logisain 44\" \/>\n<meta property=\"og:description\" content=\"Le Nettoyant pour les meubles de jardin n\u00b0811 AURO est un excellent produit d&#039;entretien pour tous les mobiliers en bois huil\u00e9s qui sont souvent expos\u00e9s aux intemp\u00e9ries. Il permet d&#039;\u00e9liminer toutes sortes de salissures ainsi que les zones grises sur le bois et d&#039;apporter une protection \u00e0 long terme. Loire-Atlantique\" \/>\n<meta property=\"og:url\" content=\"https:\/\/nature-et-developpement.com\/logisain-44\/produit\/nettoyant-pour-meubles-de-jardin-811\/\" \/>\n<meta property=\"og:site_name\" content=\"Logisain 44\" \/>\n<meta property=\"article:modified_time\" content=\"2025-06-12T12:56:55+00:00\" \/>\n<meta property=\"og:image\" content=\"https:\/\/nature-et-developpement.com\/logisain-44\/wp-content\/uploads\/sites\/4\/2023\/11\/Design-sans-titre3.png\" \/>\n\t<meta property=\"og:image:width\" content=\"800\" \/>\n\t<meta property=\"og:image:height\" content=\"800\" \/>\n\t<meta property=\"og:image:type\" content=\"image\/png\" \/>\n<meta name=\"twitter:card\" content=\"summary_large_image\" \/>\n<meta name=\"twitter:label1\" content=\"Dur\u00e9e de lecture estim\u00e9e\" \/>\n\t<meta name=\"twitter:data1\" content=\"1 minute\" \/>\n<script type=\"application\/ld+json\" class=\"yoast-schema-graph\">{\"@context\":\"https:\\\/\\\/schema.org\",\"@graph\":[{\"@type\":\"WebPage\",\"@id\":\"https:\\\/\\\/nature-et-developpement.com\\\/logisain-44\\\/produit\\\/nettoyant-pour-meubles-de-jardin-811\\\/\",\"url\":\"https:\\\/\\\/nature-et-developpement.com\\\/logisain-44\\\/produit\\\/nettoyant-pour-meubles-de-jardin-811\\\/\",\"name\":\"Nettoyant Pour Meubles De Jardin 811 - Logisain 44\",\"isPartOf\":{\"@id\":\"https:\\\/\\\/nature-et-developpement.com\\\/logisain-44\\\/#website\"},\"primaryImageOfPage\":{\"@id\":\"https:\\\/\\\/nature-et-developpement.com\\\/logisain-44\\\/produit\\\/nettoyant-pour-meubles-de-jardin-811\\\/#primaryimage\"},\"image\":{\"@id\":\"https:\\\/\\\/nature-et-developpement.com\\\/logisain-44\\\/produit\\\/nettoyant-pour-meubles-de-jardin-811\\\/#primaryimage\"},\"thumbnailUrl\":\"https:\\\/\\\/nature-et-developpement.com\\\/logisain-44\\\/wp-content\\\/uploads\\\/sites\\\/4\\\/2023\\\/11\\\/Design-sans-titre3.png\",\"datePublished\":\"2023-11-30T15:04:00+00:00\",\"dateModified\":\"2025-06-12T12:56:55+00:00\",\"description\":\"Le Nettoyant pour les meubles de jardin n\u00b0811 AURO est un excellent produit d'entretien pour tous les mobiliers en bois huil\u00e9s qui sont souvent expos\u00e9s aux intemp\u00e9ries. Il permet d'\u00e9liminer toutes sortes de salissures ainsi que les zones grises sur le bois et d'apporter une protection \u00e0 long terme. Loire-Atlantique\",\"breadcrumb\":{\"@id\":\"https:\\\/\\\/nature-et-developpement.com\\\/logisain-44\\\/produit\\\/nettoyant-pour-meubles-de-jardin-811\\\/#breadcrumb\"},\"inLanguage\":\"fr-FR\",\"potentialAction\":[{\"@type\":\"ReadAction\",\"target\":[\"https:\\\/\\\/nature-et-developpement.com\\\/logisain-44\\\/produit\\\/nettoyant-pour-meubles-de-jardin-811\\\/\"]}]},{\"@type\":\"ImageObject\",\"inLanguage\":\"fr-FR\",\"@id\":\"https:\\\/\\\/nature-et-developpement.com\\\/logisain-44\\\/produit\\\/nettoyant-pour-meubles-de-jardin-811\\\/#primaryimage\",\"url\":\"https:\\\/\\\/nature-et-developpement.com\\\/logisain-44\\\/wp-content\\\/uploads\\\/sites\\\/4\\\/2023\\\/11\\\/Design-sans-titre3.png\",\"contentUrl\":\"https:\\\/\\\/nature-et-developpement.com\\\/logisain-44\\\/wp-content\\\/uploads\\\/sites\\\/4\\\/2023\\\/11\\\/Design-sans-titre3.png\",\"width\":800,\"height\":800},{\"@type\":\"BreadcrumbList\",\"@id\":\"https:\\\/\\\/nature-et-developpement.com\\\/logisain-44\\\/produit\\\/nettoyant-pour-meubles-de-jardin-811\\\/#breadcrumb\",\"itemListElement\":[{\"@type\":\"ListItem\",\"position\":1,\"name\":\"Accueil\",\"item\":\"https:\\\/\\\/nature-et-developpement.com\\\/logisain-44\\\/\"},{\"@type\":\"ListItem\",\"position\":2,\"name\":\"Produits\",\"item\":\"https:\\\/\\\/nature-et-developpement.com\\\/logisain-44\\\/shop\\\/\"},{\"@type\":\"ListItem\",\"position\":3,\"name\":\"Promo et D\u00e9stockage\",\"item\":\"https:\\\/\\\/nature-et-developpement.com\\\/logisain-44\\\/produits\\\/promo-et-destockage\\\/\"},{\"@type\":\"ListItem\",\"position\":4,\"name\":\"Destockage\",\"item\":\"https:\\\/\\\/nature-et-developpement.com\\\/logisain-44\\\/produits\\\/promo-et-destockage\\\/bonne-affaire\\\/\"},{\"@type\":\"ListItem\",\"position\":5,\"name\":\"Nettoyant Pour Meubles De Jardin 811\"}]},{\"@type\":\"WebSite\",\"@id\":\"https:\\\/\\\/nature-et-developpement.com\\\/logisain-44\\\/#website\",\"url\":\"https:\\\/\\\/nature-et-developpement.com\\\/logisain-44\\\/\",\"name\":\"Logisain 44\",\"description\":\"Logisain 44 est membre du groupement Nature &amp; D\u00e9veloppement\",\"publisher\":{\"@id\":\"https:\\\/\\\/nature-et-developpement.com\\\/logisain-44\\\/#organization\"},\"potentialAction\":[{\"@type\":\"SearchAction\",\"target\":{\"@type\":\"EntryPoint\",\"urlTemplate\":\"https:\\\/\\\/nature-et-developpement.com\\\/logisain-44\\\/?s={search_term_string}\"},\"query-input\":{\"@type\":\"PropertyValueSpecification\",\"valueRequired\":true,\"valueName\":\"search_term_string\"}}],\"inLanguage\":\"fr-FR\"},{\"@type\":\"Organization\",\"@id\":\"https:\\\/\\\/nature-et-developpement.com\\\/logisain-44\\\/#organization\",\"name\":\"Logisain 44\",\"url\":\"https:\\\/\\\/nature-et-developpement.com\\\/logisain-44\\\/\",\"logo\":{\"@type\":\"ImageObject\",\"inLanguage\":\"fr-FR\",\"@id\":\"https:\\\/\\\/nature-et-developpement.com\\\/logisain-44\\\/#\\\/schema\\\/logo\\\/image\\\/\",\"url\":\"https:\\\/\\\/nature-et-developpement.com\\\/logisain-44\\\/wp-content\\\/uploads\\\/sites\\\/4\\\/2021\\\/08\\\/logo-logisain.jpg\",\"contentUrl\":\"https:\\\/\\\/nature-et-developpement.com\\\/logisain-44\\\/wp-content\\\/uploads\\\/sites\\\/4\\\/2021\\\/08\\\/logo-logisain.jpg\",\"width\":672,\"height\":455,\"caption\":\"Logisain 44\"},\"image\":{\"@id\":\"https:\\\/\\\/nature-et-developpement.com\\\/logisain-44\\\/#\\\/schema\\\/logo\\\/image\\\/\"}}]}<\/script>\n<!-- \/ Yoast SEO plugin. -->","yoast_head_json":{"title":"Nettoyant Pour Meubles De Jardin 811 - Logisain 44","description":"Le Nettoyant pour les meubles de jardin n\u00b0811 AURO est un excellent produit d'entretien pour tous les mobiliers en bois huil\u00e9s qui sont souvent expos\u00e9s aux intemp\u00e9ries. Il permet d'\u00e9liminer toutes sortes de salissures ainsi que les zones grises sur le bois et d'apporter une protection \u00e0 long terme. Loire-Atlantique","robots":{"index":"noindex","follow":"follow"},"og_locale":"fr_FR","og_type":"article","og_title":"Nettoyant Pour Meubles De Jardin 811 - Logisain 44","og_description":"Le Nettoyant pour les meubles de jardin n\u00b0811 AURO est un excellent produit d'entretien pour tous les mobiliers en bois huil\u00e9s qui sont souvent expos\u00e9s aux intemp\u00e9ries. Il permet d'\u00e9liminer toutes sortes de salissures ainsi que les zones grises sur le bois et d'apporter une protection \u00e0 long terme. Loire-Atlantique","og_url":"https:\/\/nature-et-developpement.com\/logisain-44\/produit\/nettoyant-pour-meubles-de-jardin-811\/","og_site_name":"Logisain 44","article_modified_time":"2025-06-12T12:56:55+00:00","og_image":[{"width":800,"height":800,"url":"https:\/\/nature-et-developpement.com\/logisain-44\/wp-content\/uploads\/sites\/4\/2023\/11\/Design-sans-titre3.png","type":"image\/png"}],"twitter_card":"summary_large_image","twitter_misc":{"Dur\u00e9e de lecture estim\u00e9e":"1 minute"},"schema":{"@context":"https:\/\/schema.org","@graph":[{"@type":"WebPage","@id":"https:\/\/nature-et-developpement.com\/logisain-44\/produit\/nettoyant-pour-meubles-de-jardin-811\/","url":"https:\/\/nature-et-developpement.com\/logisain-44\/produit\/nettoyant-pour-meubles-de-jardin-811\/","name":"Nettoyant Pour Meubles De Jardin 811 - Logisain 44","isPartOf":{"@id":"https:\/\/nature-et-developpement.com\/logisain-44\/#website"},"primaryImageOfPage":{"@id":"https:\/\/nature-et-developpement.com\/logisain-44\/produit\/nettoyant-pour-meubles-de-jardin-811\/#primaryimage"},"image":{"@id":"https:\/\/nature-et-developpement.com\/logisain-44\/produit\/nettoyant-pour-meubles-de-jardin-811\/#primaryimage"},"thumbnailUrl":"https:\/\/nature-et-developpement.com\/logisain-44\/wp-content\/uploads\/sites\/4\/2023\/11\/Design-sans-titre3.png","datePublished":"2023-11-30T15:04:00+00:00","dateModified":"2025-06-12T12:56:55+00:00","description":"Le Nettoyant pour les meubles de jardin n\u00b0811 AURO est un excellent produit d'entretien pour tous les mobiliers en bois huil\u00e9s qui sont souvent expos\u00e9s aux intemp\u00e9ries. Il permet d'\u00e9liminer toutes sortes de salissures ainsi que les zones grises sur le bois et d'apporter une protection \u00e0 long terme. Loire-Atlantique","breadcrumb":{"@id":"https:\/\/nature-et-developpement.com\/logisain-44\/produit\/nettoyant-pour-meubles-de-jardin-811\/#breadcrumb"},"inLanguage":"fr-FR","potentialAction":[{"@type":"ReadAction","target":["https:\/\/nature-et-developpement.com\/logisain-44\/produit\/nettoyant-pour-meubles-de-jardin-811\/"]}]},{"@type":"ImageObject","inLanguage":"fr-FR","@id":"https:\/\/nature-et-developpement.com\/logisain-44\/produit\/nettoyant-pour-meubles-de-jardin-811\/#primaryimage","url":"https:\/\/nature-et-developpement.com\/logisain-44\/wp-content\/uploads\/sites\/4\/2023\/11\/Design-sans-titre3.png","contentUrl":"https:\/\/nature-et-developpement.com\/logisain-44\/wp-content\/uploads\/sites\/4\/2023\/11\/Design-sans-titre3.png","width":800,"height":800},{"@type":"BreadcrumbList","@id":"https:\/\/nature-et-developpement.com\/logisain-44\/produit\/nettoyant-pour-meubles-de-jardin-811\/#breadcrumb","itemListElement":[{"@type":"ListItem","position":1,"name":"Accueil","item":"https:\/\/nature-et-developpement.com\/logisain-44\/"},{"@type":"ListItem","position":2,"name":"Produits","item":"https:\/\/nature-et-developpement.com\/logisain-44\/shop\/"},{"@type":"ListItem","position":3,"name":"Promo et D\u00e9stockage","item":"https:\/\/nature-et-developpement.com\/logisain-44\/produits\/promo-et-destockage\/"},{"@type":"ListItem","position":4,"name":"Destockage","item":"https:\/\/nature-et-developpement.com\/logisain-44\/produits\/promo-et-destockage\/bonne-affaire\/"},{"@type":"ListItem","position":5,"name":"Nettoyant Pour Meubles De Jardin 811"}]},{"@type":"WebSite","@id":"https:\/\/nature-et-developpement.com\/logisain-44\/#website","url":"https:\/\/nature-et-developpement.com\/logisain-44\/","name":"Logisain 44","description":"Logisain 44 est membre du groupement Nature &amp; D\u00e9veloppement","publisher":{"@id":"https:\/\/nature-et-developpement.com\/logisain-44\/#organization"},"potentialAction":[{"@type":"SearchAction","target":{"@type":"EntryPoint","urlTemplate":"https:\/\/nature-et-developpement.com\/logisain-44\/?s={search_term_string}"},"query-input":{"@type":"PropertyValueSpecification","valueRequired":true,"valueName":"search_term_string"}}],"inLanguage":"fr-FR"},{"@type":"Organization","@id":"https:\/\/nature-et-developpement.com\/logisain-44\/#organization","name":"Logisain 44","url":"https:\/\/nature-et-developpement.com\/logisain-44\/","logo":{"@type":"ImageObject","inLanguage":"fr-FR","@id":"https:\/\/nature-et-developpement.com\/logisain-44\/#\/schema\/logo\/image\/","url":"https:\/\/nature-et-developpement.com\/logisain-44\/wp-content\/uploads\/sites\/4\/2021\/08\/logo-logisain.jpg","contentUrl":"https:\/\/nature-et-developpement.com\/logisain-44\/wp-content\/uploads\/sites\/4\/2021\/08\/logo-logisain.jpg","width":672,"height":455,"caption":"Logisain 44"},"image":{"@id":"https:\/\/nature-et-developpement.com\/logisain-44\/#\/schema\/logo\/image\/"}}]}},"distributor_meta":false,"distributor_terms":false,"distributor_media":false,"distributor_original_site_name":"Logisain 44","distributor_original_site_url":"https:\/\/nature-et-developpement.com\/logisain-44","push-errors":false,"_links":{"self":[{"href":"https:\/\/nature-et-developpement.com\/logisain-44\/wp-json\/wp\/v2\/product\/40692","targetHints":{"allow":["GET"]}}],"collection":[{"href":"https:\/\/nature-et-developpement.com\/logisain-44\/wp-json\/wp\/v2\/product"}],"about":[{"href":"https:\/\/nature-et-developpement.com\/logisain-44\/wp-json\/wp\/v2\/types\/product"}],"wp:featuredmedia":[{"embeddable":true,"href":"https:\/\/nature-et-developpement.com\/logisain-44\/wp-json\/wp\/v2\/media\/40693"}],"wp:attachment":[{"href":"https:\/\/nature-et-developpement.com\/logisain-44\/wp-json\/wp\/v2\/media?parent=40692"}],"wp:term":[{"taxonomy":"product_brand","embeddable":true,"href":"https:\/\/nature-et-developpement.com\/logisain-44\/wp-json\/wp\/v2\/product_brand?post=40692"},{"taxonomy":"product_cat","embeddable":true,"href":"https:\/\/nature-et-developpement.com\/logisain-44\/wp-json\/wp\/v2\/product_cat?post=40692"},{"taxonomy":"product_tag","embeddable":true,"href":"https:\/\/nature-et-developpement.com\/logisain-44\/wp-json\/wp\/v2\/product_tag?post=40692"}],"curies":[{"name":"wp","href":"https:\/\/api.w.org\/{rel}","templated":true}]}}