{"id":40947,"date":"2023-12-09T14:39:13","date_gmt":"2023-12-09T13:39:13","guid":{"rendered":"https:\/\/nature-et-developpement.com\/logisain-44\/?post_type=product&#038;p=40947"},"modified":"2025-10-07T11:56:21","modified_gmt":"2025-10-07T09:56:21","slug":"peintures-teintees-pretes-a-lemploies","status":"publish","type":"product","link":"https:\/\/nature-et-developpement.com\/logisain-44\/produit\/peintures-teintees-pretes-a-lemploies\/","title":{"rendered":"Peintures teint\u00e9es pr\u00eates \u00e0 l&#8217;emploi"},"content":{"rendered":"","protected":false},"excerpt":{"rendered":"<p>Logisain vous propose 2 peintures avec des teintes et des aspects diff\u00e9rents :<\/p>\n<p>-2,5L de peinture satin\u00e9e<br \/>\n-1L de peinture satin\u00e9e<\/p>\n<p>Nous consulter pour connaitre les teintes exactes<\/p>\n","protected":false},"featured_media":40948,"template":"","meta":[],"product_brand":[10194],"product_cat":[7431],"product_tag":[],"class_list":{"0":"post-40947","1":"product","2":"type-product","3":"status-publish","4":"has-post-thumbnail","6":"product_brand-natura","7":"product_cat-bonne-affaire","9":"first","10":"instock","11":"sale","12":"taxable","13":"shipping-taxable","14":"purchasable","15":"product-type-variable"},"yoast_head":"<!-- This site is optimized with the Yoast SEO plugin v27.5 - https:\/\/yoast.com\/product\/yoast-seo-wordpress\/ -->\n<title>Peintures teint\u00e9es pr\u00eates \u00e0 l&#039;emploi - Logisain 44<\/title>\n<meta name=\"description\" content=\"Logisain vous propose 2 peintures avec des teintes et des aspects diff\u00e9rents :  -2,5L de peinture satin\u00e9e -1L de peinture satin\u00e9e  Nous consulter pour connaitre les teintes exactes Loire-Atlantique\" \/>\n<meta name=\"robots\" content=\"noindex, nofollow\" \/>\n<meta property=\"og:locale\" content=\"fr_FR\" \/>\n<meta property=\"og:type\" content=\"article\" \/>\n<meta property=\"og:title\" content=\"Peintures teint\u00e9es pr\u00eates \u00e0 l&#039;emploi - Logisain 44\" \/>\n<meta property=\"og:description\" content=\"Logisain vous propose 2 peintures avec des teintes et des aspects diff\u00e9rents :  -2,5L de peinture satin\u00e9e -1L de peinture satin\u00e9e  Nous consulter pour connaitre les teintes exactes Loire-Atlantique\" \/>\n<meta property=\"og:url\" content=\"https:\/\/nature-et-developpement.com\/logisain-44\/produit\/peintures-teintees-pretes-a-lemploies\/\" \/>\n<meta property=\"og:site_name\" content=\"Logisain 44\" \/>\n<meta property=\"article:modified_time\" content=\"2025-10-07T09:56:21+00:00\" \/>\n<meta property=\"og:image\" content=\"https:\/\/nature-et-developpement.com\/logisain-44\/wp-content\/uploads\/sites\/4\/2023\/12\/Design-sans-titre16-1.png\" \/>\n\t<meta property=\"og:image:width\" content=\"800\" \/>\n\t<meta property=\"og:image:height\" content=\"800\" \/>\n\t<meta property=\"og:image:type\" content=\"image\/png\" \/>\n<meta name=\"twitter:card\" content=\"summary_large_image\" \/>\n<script type=\"application\/ld+json\" class=\"yoast-schema-graph\">{\"@context\":\"https:\\\/\\\/schema.org\",\"@graph\":[{\"@type\":\"WebPage\",\"@id\":\"https:\\\/\\\/nature-et-developpement.com\\\/logisain-44\\\/produit\\\/peintures-teintees-pretes-a-lemploies\\\/\",\"url\":\"https:\\\/\\\/nature-et-developpement.com\\\/logisain-44\\\/produit\\\/peintures-teintees-pretes-a-lemploies\\\/\",\"name\":\"Peintures teint\u00e9es pr\u00eates \u00e0 l'emploi - Logisain 44\",\"isPartOf\":{\"@id\":\"https:\\\/\\\/nature-et-developpement.com\\\/logisain-44\\\/#website\"},\"primaryImageOfPage\":{\"@id\":\"https:\\\/\\\/nature-et-developpement.com\\\/logisain-44\\\/produit\\\/peintures-teintees-pretes-a-lemploies\\\/#primaryimage\"},\"image\":{\"@id\":\"https:\\\/\\\/nature-et-developpement.com\\\/logisain-44\\\/produit\\\/peintures-teintees-pretes-a-lemploies\\\/#primaryimage\"},\"thumbnailUrl\":\"https:\\\/\\\/nature-et-developpement.com\\\/logisain-44\\\/wp-content\\\/uploads\\\/sites\\\/4\\\/2023\\\/12\\\/Design-sans-titre16-1.png\",\"datePublished\":\"2023-12-09T13:39:13+00:00\",\"dateModified\":\"2025-10-07T09:56:21+00:00\",\"description\":\"Logisain vous propose 2 peintures avec des teintes et des aspects diff\u00e9rents : -2,5L de peinture satin\u00e9e -1L de peinture satin\u00e9e Nous consulter pour connaitre les teintes exactes Loire-Atlantique\",\"breadcrumb\":{\"@id\":\"https:\\\/\\\/nature-et-developpement.com\\\/logisain-44\\\/produit\\\/peintures-teintees-pretes-a-lemploies\\\/#breadcrumb\"},\"inLanguage\":\"fr-FR\",\"potentialAction\":[{\"@type\":\"ReadAction\",\"target\":[\"https:\\\/\\\/nature-et-developpement.com\\\/logisain-44\\\/produit\\\/peintures-teintees-pretes-a-lemploies\\\/\"]}]},{\"@type\":\"ImageObject\",\"inLanguage\":\"fr-FR\",\"@id\":\"https:\\\/\\\/nature-et-developpement.com\\\/logisain-44\\\/produit\\\/peintures-teintees-pretes-a-lemploies\\\/#primaryimage\",\"url\":\"https:\\\/\\\/nature-et-developpement.com\\\/logisain-44\\\/wp-content\\\/uploads\\\/sites\\\/4\\\/2023\\\/12\\\/Design-sans-titre16-1.png\",\"contentUrl\":\"https:\\\/\\\/nature-et-developpement.com\\\/logisain-44\\\/wp-content\\\/uploads\\\/sites\\\/4\\\/2023\\\/12\\\/Design-sans-titre16-1.png\",\"width\":800,\"height\":800},{\"@type\":\"BreadcrumbList\",\"@id\":\"https:\\\/\\\/nature-et-developpement.com\\\/logisain-44\\\/produit\\\/peintures-teintees-pretes-a-lemploies\\\/#breadcrumb\",\"itemListElement\":[{\"@type\":\"ListItem\",\"position\":1,\"name\":\"Accueil\",\"item\":\"https:\\\/\\\/nature-et-developpement.com\\\/logisain-44\\\/\"},{\"@type\":\"ListItem\",\"position\":2,\"name\":\"Produits\",\"item\":\"https:\\\/\\\/nature-et-developpement.com\\\/logisain-44\\\/shop\\\/\"},{\"@type\":\"ListItem\",\"position\":3,\"name\":\"Promo et D\u00e9stockage\",\"item\":\"https:\\\/\\\/nature-et-developpement.com\\\/logisain-44\\\/produits\\\/promo-et-destockage\\\/\"},{\"@type\":\"ListItem\",\"position\":4,\"name\":\"Destockage\",\"item\":\"https:\\\/\\\/nature-et-developpement.com\\\/logisain-44\\\/produits\\\/promo-et-destockage\\\/bonne-affaire\\\/\"},{\"@type\":\"ListItem\",\"position\":5,\"name\":\"Peintures teint\u00e9es pr\u00eates \u00e0 l&#8217;emploi\"}]},{\"@type\":\"WebSite\",\"@id\":\"https:\\\/\\\/nature-et-developpement.com\\\/logisain-44\\\/#website\",\"url\":\"https:\\\/\\\/nature-et-developpement.com\\\/logisain-44\\\/\",\"name\":\"Logisain 44\",\"description\":\"Logisain 44 est membre du groupement Nature &amp; D\u00e9veloppement\",\"publisher\":{\"@id\":\"https:\\\/\\\/nature-et-developpement.com\\\/logisain-44\\\/#organization\"},\"potentialAction\":[{\"@type\":\"SearchAction\",\"target\":{\"@type\":\"EntryPoint\",\"urlTemplate\":\"https:\\\/\\\/nature-et-developpement.com\\\/logisain-44\\\/?s={search_term_string}\"},\"query-input\":{\"@type\":\"PropertyValueSpecification\",\"valueRequired\":true,\"valueName\":\"search_term_string\"}}],\"inLanguage\":\"fr-FR\"},{\"@type\":\"Organization\",\"@id\":\"https:\\\/\\\/nature-et-developpement.com\\\/logisain-44\\\/#organization\",\"name\":\"Logisain 44\",\"url\":\"https:\\\/\\\/nature-et-developpement.com\\\/logisain-44\\\/\",\"logo\":{\"@type\":\"ImageObject\",\"inLanguage\":\"fr-FR\",\"@id\":\"https:\\\/\\\/nature-et-developpement.com\\\/logisain-44\\\/#\\\/schema\\\/logo\\\/image\\\/\",\"url\":\"https:\\\/\\\/nature-et-developpement.com\\\/logisain-44\\\/wp-content\\\/uploads\\\/sites\\\/4\\\/2021\\\/08\\\/logo-logisain.jpg\",\"contentUrl\":\"https:\\\/\\\/nature-et-developpement.com\\\/logisain-44\\\/wp-content\\\/uploads\\\/sites\\\/4\\\/2021\\\/08\\\/logo-logisain.jpg\",\"width\":672,\"height\":455,\"caption\":\"Logisain 44\"},\"image\":{\"@id\":\"https:\\\/\\\/nature-et-developpement.com\\\/logisain-44\\\/#\\\/schema\\\/logo\\\/image\\\/\"}}]}<\/script>\n<!-- \/ Yoast SEO plugin. -->","yoast_head_json":{"title":"Peintures teint\u00e9es pr\u00eates \u00e0 l'emploi - Logisain 44","description":"Logisain vous propose 2 peintures avec des teintes et des aspects diff\u00e9rents :  -2,5L de peinture satin\u00e9e -1L de peinture satin\u00e9e  Nous consulter pour connaitre les teintes exactes Loire-Atlantique","robots":{"index":"noindex","follow":"nofollow"},"og_locale":"fr_FR","og_type":"article","og_title":"Peintures teint\u00e9es pr\u00eates \u00e0 l'emploi - Logisain 44","og_description":"Logisain vous propose 2 peintures avec des teintes et des aspects diff\u00e9rents :  -2,5L de peinture satin\u00e9e -1L de peinture satin\u00e9e  Nous consulter pour connaitre les teintes exactes Loire-Atlantique","og_url":"https:\/\/nature-et-developpement.com\/logisain-44\/produit\/peintures-teintees-pretes-a-lemploies\/","og_site_name":"Logisain 44","article_modified_time":"2025-10-07T09:56:21+00:00","og_image":[{"width":800,"height":800,"url":"https:\/\/nature-et-developpement.com\/logisain-44\/wp-content\/uploads\/sites\/4\/2023\/12\/Design-sans-titre16-1.png","type":"image\/png"}],"twitter_card":"summary_large_image","schema":{"@context":"https:\/\/schema.org","@graph":[{"@type":"WebPage","@id":"https:\/\/nature-et-developpement.com\/logisain-44\/produit\/peintures-teintees-pretes-a-lemploies\/","url":"https:\/\/nature-et-developpement.com\/logisain-44\/produit\/peintures-teintees-pretes-a-lemploies\/","name":"Peintures teint\u00e9es pr\u00eates \u00e0 l'emploi - Logisain 44","isPartOf":{"@id":"https:\/\/nature-et-developpement.com\/logisain-44\/#website"},"primaryImageOfPage":{"@id":"https:\/\/nature-et-developpement.com\/logisain-44\/produit\/peintures-teintees-pretes-a-lemploies\/#primaryimage"},"image":{"@id":"https:\/\/nature-et-developpement.com\/logisain-44\/produit\/peintures-teintees-pretes-a-lemploies\/#primaryimage"},"thumbnailUrl":"https:\/\/nature-et-developpement.com\/logisain-44\/wp-content\/uploads\/sites\/4\/2023\/12\/Design-sans-titre16-1.png","datePublished":"2023-12-09T13:39:13+00:00","dateModified":"2025-10-07T09:56:21+00:00","description":"Logisain vous propose 2 peintures avec des teintes et des aspects diff\u00e9rents : -2,5L de peinture satin\u00e9e -1L de peinture satin\u00e9e Nous consulter pour connaitre les teintes exactes Loire-Atlantique","breadcrumb":{"@id":"https:\/\/nature-et-developpement.com\/logisain-44\/produit\/peintures-teintees-pretes-a-lemploies\/#breadcrumb"},"inLanguage":"fr-FR","potentialAction":[{"@type":"ReadAction","target":["https:\/\/nature-et-developpement.com\/logisain-44\/produit\/peintures-teintees-pretes-a-lemploies\/"]}]},{"@type":"ImageObject","inLanguage":"fr-FR","@id":"https:\/\/nature-et-developpement.com\/logisain-44\/produit\/peintures-teintees-pretes-a-lemploies\/#primaryimage","url":"https:\/\/nature-et-developpement.com\/logisain-44\/wp-content\/uploads\/sites\/4\/2023\/12\/Design-sans-titre16-1.png","contentUrl":"https:\/\/nature-et-developpement.com\/logisain-44\/wp-content\/uploads\/sites\/4\/2023\/12\/Design-sans-titre16-1.png","width":800,"height":800},{"@type":"BreadcrumbList","@id":"https:\/\/nature-et-developpement.com\/logisain-44\/produit\/peintures-teintees-pretes-a-lemploies\/#breadcrumb","itemListElement":[{"@type":"ListItem","position":1,"name":"Accueil","item":"https:\/\/nature-et-developpement.com\/logisain-44\/"},{"@type":"ListItem","position":2,"name":"Produits","item":"https:\/\/nature-et-developpement.com\/logisain-44\/shop\/"},{"@type":"ListItem","position":3,"name":"Promo et D\u00e9stockage","item":"https:\/\/nature-et-developpement.com\/logisain-44\/produits\/promo-et-destockage\/"},{"@type":"ListItem","position":4,"name":"Destockage","item":"https:\/\/nature-et-developpement.com\/logisain-44\/produits\/promo-et-destockage\/bonne-affaire\/"},{"@type":"ListItem","position":5,"name":"Peintures teint\u00e9es pr\u00eates \u00e0 l&#8217;emploi"}]},{"@type":"WebSite","@id":"https:\/\/nature-et-developpement.com\/logisain-44\/#website","url":"https:\/\/nature-et-developpement.com\/logisain-44\/","name":"Logisain 44","description":"Logisain 44 est membre du groupement Nature &amp; D\u00e9veloppement","publisher":{"@id":"https:\/\/nature-et-developpement.com\/logisain-44\/#organization"},"potentialAction":[{"@type":"SearchAction","target":{"@type":"EntryPoint","urlTemplate":"https:\/\/nature-et-developpement.com\/logisain-44\/?s={search_term_string}"},"query-input":{"@type":"PropertyValueSpecification","valueRequired":true,"valueName":"search_term_string"}}],"inLanguage":"fr-FR"},{"@type":"Organization","@id":"https:\/\/nature-et-developpement.com\/logisain-44\/#organization","name":"Logisain 44","url":"https:\/\/nature-et-developpement.com\/logisain-44\/","logo":{"@type":"ImageObject","inLanguage":"fr-FR","@id":"https:\/\/nature-et-developpement.com\/logisain-44\/#\/schema\/logo\/image\/","url":"https:\/\/nature-et-developpement.com\/logisain-44\/wp-content\/uploads\/sites\/4\/2021\/08\/logo-logisain.jpg","contentUrl":"https:\/\/nature-et-developpement.com\/logisain-44\/wp-content\/uploads\/sites\/4\/2021\/08\/logo-logisain.jpg","width":672,"height":455,"caption":"Logisain 44"},"image":{"@id":"https:\/\/nature-et-developpement.com\/logisain-44\/#\/schema\/logo\/image\/"}}]}},"distributor_meta":false,"distributor_terms":false,"distributor_media":false,"distributor_original_site_name":"Logisain 44","distributor_original_site_url":"https:\/\/nature-et-developpement.com\/logisain-44","push-errors":false,"_links":{"self":[{"href":"https:\/\/nature-et-developpement.com\/logisain-44\/wp-json\/wp\/v2\/product\/40947","targetHints":{"allow":["GET"]}}],"collection":[{"href":"https:\/\/nature-et-developpement.com\/logisain-44\/wp-json\/wp\/v2\/product"}],"about":[{"href":"https:\/\/nature-et-developpement.com\/logisain-44\/wp-json\/wp\/v2\/types\/product"}],"wp:featuredmedia":[{"embeddable":true,"href":"https:\/\/nature-et-developpement.com\/logisain-44\/wp-json\/wp\/v2\/media\/40948"}],"wp:attachment":[{"href":"https:\/\/nature-et-developpement.com\/logisain-44\/wp-json\/wp\/v2\/media?parent=40947"}],"wp:term":[{"taxonomy":"product_brand","embeddable":true,"href":"https:\/\/nature-et-developpement.com\/logisain-44\/wp-json\/wp\/v2\/product_brand?post=40947"},{"taxonomy":"product_cat","embeddable":true,"href":"https:\/\/nature-et-developpement.com\/logisain-44\/wp-json\/wp\/v2\/product_cat?post=40947"},{"taxonomy":"product_tag","embeddable":true,"href":"https:\/\/nature-et-developpement.com\/logisain-44\/wp-json\/wp\/v2\/product_tag?post=40947"}],"curies":[{"name":"wp","href":"https:\/\/api.w.org\/{rel}","templated":true}]}}