{"id":42412,"date":"2024-07-27T11:52:24","date_gmt":"2024-07-27T09:52:24","guid":{"rendered":"https:\/\/nature-et-developpement.com\/logisain-44\/?post_type=product&#038;p=42412"},"modified":"2026-03-19T17:57:29","modified_gmt":"2026-03-19T16:57:29","slug":"lame-de-terrasse-chataignier-longueur-variable-exterieur-finition-lisse","status":"publish","type":"product","link":"https:\/\/nature-et-developpement.com\/logisain-44\/produit\/lame-de-terrasse-chataignier-longueur-variable-exterieur-finition-lisse\/","title":{"rendered":"Lame de Terrasse ch\u00e2taignier"},"content":{"rendered":"<div class=\"vzm-col-1\">\n<div class=\"woocommerce-tabs wc-tabs-wrapper\"><\/div>\n<\/div>\n<h3 style=\"text-align: center;\"><strong>Lame de terrasse ch\u00e2taignier<\/strong><\/h3>\n<p>Les terrasses en bois embellissent un espace ext\u00e9rieur compl\u00e9mentaire de vie.<\/p>\n<div>Nous vous avons choisi le ch\u00e2taignier, une essence de bois fran\u00e7ais qui est naturellement durable. Ce sont des lames \u00e0 longueurs panach\u00e9es : 1.75m, 2.00m et 2.25m. Poss\u00e8de un l\u00e9ger bomb\u00e9 de 4% pour facilit\u00e9 l&rsquo;\u00e9coulement de l&rsquo;eau et limit\u00e9 l&rsquo;eau stagnante.<\/div>\n<div><\/div>\n<div>\n<h3>C\u00f4t\u00e9 Pose<\/h3>\n<div>Consommation accessoires :<\/div>\n<div>\u2013 Lambourdes ch\u00eane 60\u00d740 : Env. 2,3 ML\/m\u00b2<\/div>\n<div>\u2013\u00a0<span style=\"color: #0000ff;\"><a style=\"color: #0000ff;\" href=\"https:\/\/nature-et-developpement.com\/logisain-44\/produit\/plot-terrasse-reglable-pour-lambourde\/\">Plots terrasse<\/a><\/span> : Env. 3,7 plots\/m\u00b2 (lambourdes debout entraxe 70cm, port\u00e9e 50cm) et Env. 5,1 plots\/m\u00b2 (lambourdes \u00e0 plat entraxe 50cm, port\u00e9e 50cm)<\/div>\n<div>\u2013\u00a0Vis pour terrasse : Env. 30 vis\/m\u00b2<\/div>\n<div>\u2013\u00a0Vis pour fixation des lambourdes sur les plots : Env 8 vis\/m\u00b2<\/div>\n<p>Les lames sont fix\u00e9es sur des ossatures rabot\u00e9es en bois dur dispos\u00e9es sur des plots r\u00e9glables.<\/p>\n<\/div>\n<div>Conseils :<br \/>\n\u2022 S\u2019assurer de la stabilit\u00e9 du sol<br \/>\n\u2022 V\u00e9rifier les niveaux<br \/>\n\u2022 Pour \u00e9viter que les mauvaises herbes ne poussent entre les lames poser un g\u00e9otextile<\/div>\n<div>\u2022 Pour la pose des lambourdes sur un support ma\u00e7onn\u00e9 ou rigide ferm\u00e9 (plots b\u00e9ton, dalle, bordure, \u2026) utiliser les Pads sp\u00e9cial terrasse<\/div>\n<div>\u2022 Garantissez un espacement entre lame r\u00e9guliers avec nos espaceurs<br \/>\n\u2022 Fixer les lames avec de la visserie INOX A4 et utiliser un\u00a0<span style=\"color: #0000ff;\"><a style=\"color: #0000ff;\" href=\"https:\/\/nature-et-developpement.com\/logisain-44\/produit\/foret-fraisoir-pour-terrasse-heco\/\">for\u00eat fraisoir<\/a> <\/span>pour un r\u00e9sultat optimum<\/div>\n<div><\/div>\n<div><a href=\"https:\/\/brico-ressources.fr\/terrasse-bois-comment-la-concevoir-en-5-etapes\/\"><span style=\"color: #0000ff;\">Cliquez ici <\/span><\/a>pour consulter l&rsquo;article de notre blog Brico Ressources \u00ab\u00a0Terrasse bois, comment la concevoir en 5 \u00e9tapes\u00a0\u00bb.<\/div>\n<div>\n<h3>C\u00f4t\u00e9 Entretien<\/h3>\n<p>Les rayons du soleil ont une incidence sur la couleur du bois, le ch\u00e2taignier grisaille avec beaucoup d\u2019\u00e9l\u00e9gance.<\/p>\n<p>On peut laisser faire la nature ou recourir \u00e0 des<span style=\"color: #000000;\"> produits r\u00e9novateurs comme le saturateur (<span style=\"color: #0000ff;\"><a style=\"color: #0000ff;\" href=\"https:\/\/nature-et-developpement.com\/logisain-44\/produit\/traitement-bois-huiles-et-saturateur-durogrit-de-rubio\/\">Rubio<\/a> <\/span>ou <span style=\"color: #0000ff;\"><a style=\"color: #0000ff;\" href=\"https:\/\/nature-et-developpement.com\/logisain-44\/produit\/saturateur-mat-lasural-interieurexterieur\/\">Natura<\/a><\/span>)<\/span> ou plus simplement appliquer une huile de lin une fois par an apr\u00e8s un nettoyage au savon noir.<\/p>\n<\/div>\n","protected":false},"excerpt":{"rendered":"<p><strong>TARIF AU M\u00b2<\/strong><\/p>\n<p>Lame de terrasse massive en ch\u00e2taignier longueur variable (1.75m\/2.00m\/2.25m) pour la r\u00e9alisation d\u2019une terrasse ext\u00e9rieur en bois fran\u00e7ais.<\/p>\n<p>Finition lisse, l\u00e9ger bomb\u00e9 de 4%.<\/p>\n<p>Largeur 13cm et \u00e9paisseur 28mm<\/p>\n<p><span style=\"color: #008000;\"><strong>Consulter la fiche description ci-dessous pour connaitre les besoins en accessoires et les outils pratiques !<\/strong><\/span><\/p>\n","protected":false},"featured_media":42413,"template":"","meta":[],"product_brand":[12044],"product_cat":[7863],"product_tag":[],"class_list":{"0":"post-42412","1":"product","2":"type-product","3":"status-publish","4":"has-post-thumbnail","6":"product_brand-pomarede","7":"product_cat-terrasses","9":"first","10":"instock","11":"taxable","12":"shipping-taxable","13":"purchasable","14":"product-type-simple"},"yoast_head":"<!-- This site is optimized with the Yoast SEO plugin v27.5 - https:\/\/yoast.com\/product\/yoast-seo-wordpress\/ -->\n<title>Lame de Terrasse ch\u00e2taignier - Logisain 44<\/title>\n<meta name=\"description\" content=\"Lame de terrasse massive en ch\u00e2taignier longueur variable (1.75m\/2.00m\/2.25m) pour la r\u00e9alisation d&#039;une terrasse ext\u00e9rieur en bois fran\u00e7ais. Finition lisse.\" \/>\n<meta name=\"robots\" content=\"noindex, nofollow\" \/>\n<meta property=\"og:locale\" content=\"fr_FR\" \/>\n<meta property=\"og:type\" content=\"article\" \/>\n<meta property=\"og:title\" content=\"Lame de Terrasse ch\u00e2taignier - Logisain 44\" \/>\n<meta property=\"og:description\" content=\"Lame de terrasse massive en ch\u00e2taignier longueur variable (1.75m\/2.00m\/2.25m) pour la r\u00e9alisation d&#039;une terrasse ext\u00e9rieur en bois fran\u00e7ais. Finition lisse.\" \/>\n<meta property=\"og:url\" content=\"https:\/\/nature-et-developpement.com\/logisain-44\/produit\/lame-de-terrasse-chataignier-longueur-variable-exterieur-finition-lisse\/\" \/>\n<meta property=\"og:site_name\" content=\"Logisain 44\" \/>\n<meta property=\"article:modified_time\" content=\"2026-03-19T16:57:29+00:00\" \/>\n<meta property=\"og:image\" content=\"https:\/\/nature-et-developpement.com\/logisain-44\/wp-content\/uploads\/sites\/4\/2024\/07\/Publication_TerrasseChataignier_Logisain2-min1.png\" \/>\n\t<meta property=\"og:image:width\" content=\"600\" \/>\n\t<meta property=\"og:image:height\" content=\"600\" \/>\n\t<meta property=\"og:image:type\" content=\"image\/png\" \/>\n<meta name=\"twitter:card\" content=\"summary_large_image\" \/>\n<meta name=\"twitter:label1\" content=\"Dur\u00e9e de lecture estim\u00e9e\" \/>\n\t<meta name=\"twitter:data1\" content=\"1 minute\" \/>\n<script type=\"application\/ld+json\" class=\"yoast-schema-graph\">{\"@context\":\"https:\\\/\\\/schema.org\",\"@graph\":[{\"@type\":\"WebPage\",\"@id\":\"https:\\\/\\\/nature-et-developpement.com\\\/logisain-44\\\/produit\\\/lame-de-terrasse-chataignier-longueur-variable-exterieur-finition-lisse\\\/\",\"url\":\"https:\\\/\\\/nature-et-developpement.com\\\/logisain-44\\\/produit\\\/lame-de-terrasse-chataignier-longueur-variable-exterieur-finition-lisse\\\/\",\"name\":\"Lame de Terrasse ch\u00e2taignier - Logisain 44\",\"isPartOf\":{\"@id\":\"https:\\\/\\\/nature-et-developpement.com\\\/logisain-44\\\/#website\"},\"primaryImageOfPage\":{\"@id\":\"https:\\\/\\\/nature-et-developpement.com\\\/logisain-44\\\/produit\\\/lame-de-terrasse-chataignier-longueur-variable-exterieur-finition-lisse\\\/#primaryimage\"},\"image\":{\"@id\":\"https:\\\/\\\/nature-et-developpement.com\\\/logisain-44\\\/produit\\\/lame-de-terrasse-chataignier-longueur-variable-exterieur-finition-lisse\\\/#primaryimage\"},\"thumbnailUrl\":\"https:\\\/\\\/nature-et-developpement.com\\\/logisain-44\\\/wp-content\\\/uploads\\\/sites\\\/4\\\/2024\\\/07\\\/Publication_TerrasseChataignier_Logisain2-min1.png\",\"datePublished\":\"2024-07-27T09:52:24+00:00\",\"dateModified\":\"2026-03-19T16:57:29+00:00\",\"description\":\"Lame de terrasse massive en ch\u00e2taignier longueur variable (1.75m\\\/2.00m\\\/2.25m) pour la r\u00e9alisation d'une terrasse ext\u00e9rieur en bois fran\u00e7ais. Finition lisse.\",\"breadcrumb\":{\"@id\":\"https:\\\/\\\/nature-et-developpement.com\\\/logisain-44\\\/produit\\\/lame-de-terrasse-chataignier-longueur-variable-exterieur-finition-lisse\\\/#breadcrumb\"},\"inLanguage\":\"fr-FR\",\"potentialAction\":[{\"@type\":\"ReadAction\",\"target\":[\"https:\\\/\\\/nature-et-developpement.com\\\/logisain-44\\\/produit\\\/lame-de-terrasse-chataignier-longueur-variable-exterieur-finition-lisse\\\/\"]}]},{\"@type\":\"ImageObject\",\"inLanguage\":\"fr-FR\",\"@id\":\"https:\\\/\\\/nature-et-developpement.com\\\/logisain-44\\\/produit\\\/lame-de-terrasse-chataignier-longueur-variable-exterieur-finition-lisse\\\/#primaryimage\",\"url\":\"https:\\\/\\\/nature-et-developpement.com\\\/logisain-44\\\/wp-content\\\/uploads\\\/sites\\\/4\\\/2024\\\/07\\\/Publication_TerrasseChataignier_Logisain2-min1.png\",\"contentUrl\":\"https:\\\/\\\/nature-et-developpement.com\\\/logisain-44\\\/wp-content\\\/uploads\\\/sites\\\/4\\\/2024\\\/07\\\/Publication_TerrasseChataignier_Logisain2-min1.png\",\"width\":600,\"height\":600},{\"@type\":\"BreadcrumbList\",\"@id\":\"https:\\\/\\\/nature-et-developpement.com\\\/logisain-44\\\/produit\\\/lame-de-terrasse-chataignier-longueur-variable-exterieur-finition-lisse\\\/#breadcrumb\",\"itemListElement\":[{\"@type\":\"ListItem\",\"position\":1,\"name\":\"Accueil\",\"item\":\"https:\\\/\\\/nature-et-developpement.com\\\/logisain-44\\\/\"},{\"@type\":\"ListItem\",\"position\":2,\"name\":\"Produits\",\"item\":\"https:\\\/\\\/nature-et-developpement.com\\\/logisain-44\\\/shop\\\/\"},{\"@type\":\"ListItem\",\"position\":3,\"name\":\"Agencement ext\u00e9rieur\",\"item\":\"https:\\\/\\\/nature-et-developpement.com\\\/logisain-44\\\/produits\\\/agencement-exterieur\\\/\"},{\"@type\":\"ListItem\",\"position\":4,\"name\":\"Terrasses et cl\u00f4tures\",\"item\":\"https:\\\/\\\/nature-et-developpement.com\\\/logisain-44\\\/produits\\\/agencement-exterieur\\\/terrasses\\\/\"},{\"@type\":\"ListItem\",\"position\":5,\"name\":\"Lame de Terrasse ch\u00e2taignier\"}]},{\"@type\":\"WebSite\",\"@id\":\"https:\\\/\\\/nature-et-developpement.com\\\/logisain-44\\\/#website\",\"url\":\"https:\\\/\\\/nature-et-developpement.com\\\/logisain-44\\\/\",\"name\":\"Logisain 44\",\"description\":\"Logisain 44 est membre du groupement Nature &amp; D\u00e9veloppement\",\"publisher\":{\"@id\":\"https:\\\/\\\/nature-et-developpement.com\\\/logisain-44\\\/#organization\"},\"potentialAction\":[{\"@type\":\"SearchAction\",\"target\":{\"@type\":\"EntryPoint\",\"urlTemplate\":\"https:\\\/\\\/nature-et-developpement.com\\\/logisain-44\\\/?s={search_term_string}\"},\"query-input\":{\"@type\":\"PropertyValueSpecification\",\"valueRequired\":true,\"valueName\":\"search_term_string\"}}],\"inLanguage\":\"fr-FR\"},{\"@type\":\"Organization\",\"@id\":\"https:\\\/\\\/nature-et-developpement.com\\\/logisain-44\\\/#organization\",\"name\":\"Logisain 44\",\"url\":\"https:\\\/\\\/nature-et-developpement.com\\\/logisain-44\\\/\",\"logo\":{\"@type\":\"ImageObject\",\"inLanguage\":\"fr-FR\",\"@id\":\"https:\\\/\\\/nature-et-developpement.com\\\/logisain-44\\\/#\\\/schema\\\/logo\\\/image\\\/\",\"url\":\"https:\\\/\\\/nature-et-developpement.com\\\/logisain-44\\\/wp-content\\\/uploads\\\/sites\\\/4\\\/2021\\\/08\\\/logo-logisain.jpg\",\"contentUrl\":\"https:\\\/\\\/nature-et-developpement.com\\\/logisain-44\\\/wp-content\\\/uploads\\\/sites\\\/4\\\/2021\\\/08\\\/logo-logisain.jpg\",\"width\":672,\"height\":455,\"caption\":\"Logisain 44\"},\"image\":{\"@id\":\"https:\\\/\\\/nature-et-developpement.com\\\/logisain-44\\\/#\\\/schema\\\/logo\\\/image\\\/\"}}]}<\/script>\n<!-- \/ Yoast SEO plugin. -->","yoast_head_json":{"title":"Lame de Terrasse ch\u00e2taignier - Logisain 44","description":"Lame de terrasse massive en ch\u00e2taignier longueur variable (1.75m\/2.00m\/2.25m) pour la r\u00e9alisation d'une terrasse ext\u00e9rieur en bois fran\u00e7ais. Finition lisse.","robots":{"index":"noindex","follow":"nofollow"},"og_locale":"fr_FR","og_type":"article","og_title":"Lame de Terrasse ch\u00e2taignier - Logisain 44","og_description":"Lame de terrasse massive en ch\u00e2taignier longueur variable (1.75m\/2.00m\/2.25m) pour la r\u00e9alisation d'une terrasse ext\u00e9rieur en bois fran\u00e7ais. Finition lisse.","og_url":"https:\/\/nature-et-developpement.com\/logisain-44\/produit\/lame-de-terrasse-chataignier-longueur-variable-exterieur-finition-lisse\/","og_site_name":"Logisain 44","article_modified_time":"2026-03-19T16:57:29+00:00","og_image":[{"width":600,"height":600,"url":"https:\/\/nature-et-developpement.com\/logisain-44\/wp-content\/uploads\/sites\/4\/2024\/07\/Publication_TerrasseChataignier_Logisain2-min1.png","type":"image\/png"}],"twitter_card":"summary_large_image","twitter_misc":{"Dur\u00e9e de lecture estim\u00e9e":"1 minute"},"schema":{"@context":"https:\/\/schema.org","@graph":[{"@type":"WebPage","@id":"https:\/\/nature-et-developpement.com\/logisain-44\/produit\/lame-de-terrasse-chataignier-longueur-variable-exterieur-finition-lisse\/","url":"https:\/\/nature-et-developpement.com\/logisain-44\/produit\/lame-de-terrasse-chataignier-longueur-variable-exterieur-finition-lisse\/","name":"Lame de Terrasse ch\u00e2taignier - Logisain 44","isPartOf":{"@id":"https:\/\/nature-et-developpement.com\/logisain-44\/#website"},"primaryImageOfPage":{"@id":"https:\/\/nature-et-developpement.com\/logisain-44\/produit\/lame-de-terrasse-chataignier-longueur-variable-exterieur-finition-lisse\/#primaryimage"},"image":{"@id":"https:\/\/nature-et-developpement.com\/logisain-44\/produit\/lame-de-terrasse-chataignier-longueur-variable-exterieur-finition-lisse\/#primaryimage"},"thumbnailUrl":"https:\/\/nature-et-developpement.com\/logisain-44\/wp-content\/uploads\/sites\/4\/2024\/07\/Publication_TerrasseChataignier_Logisain2-min1.png","datePublished":"2024-07-27T09:52:24+00:00","dateModified":"2026-03-19T16:57:29+00:00","description":"Lame de terrasse massive en ch\u00e2taignier longueur variable (1.75m\/2.00m\/2.25m) pour la r\u00e9alisation d'une terrasse ext\u00e9rieur en bois fran\u00e7ais. Finition lisse.","breadcrumb":{"@id":"https:\/\/nature-et-developpement.com\/logisain-44\/produit\/lame-de-terrasse-chataignier-longueur-variable-exterieur-finition-lisse\/#breadcrumb"},"inLanguage":"fr-FR","potentialAction":[{"@type":"ReadAction","target":["https:\/\/nature-et-developpement.com\/logisain-44\/produit\/lame-de-terrasse-chataignier-longueur-variable-exterieur-finition-lisse\/"]}]},{"@type":"ImageObject","inLanguage":"fr-FR","@id":"https:\/\/nature-et-developpement.com\/logisain-44\/produit\/lame-de-terrasse-chataignier-longueur-variable-exterieur-finition-lisse\/#primaryimage","url":"https:\/\/nature-et-developpement.com\/logisain-44\/wp-content\/uploads\/sites\/4\/2024\/07\/Publication_TerrasseChataignier_Logisain2-min1.png","contentUrl":"https:\/\/nature-et-developpement.com\/logisain-44\/wp-content\/uploads\/sites\/4\/2024\/07\/Publication_TerrasseChataignier_Logisain2-min1.png","width":600,"height":600},{"@type":"BreadcrumbList","@id":"https:\/\/nature-et-developpement.com\/logisain-44\/produit\/lame-de-terrasse-chataignier-longueur-variable-exterieur-finition-lisse\/#breadcrumb","itemListElement":[{"@type":"ListItem","position":1,"name":"Accueil","item":"https:\/\/nature-et-developpement.com\/logisain-44\/"},{"@type":"ListItem","position":2,"name":"Produits","item":"https:\/\/nature-et-developpement.com\/logisain-44\/shop\/"},{"@type":"ListItem","position":3,"name":"Agencement ext\u00e9rieur","item":"https:\/\/nature-et-developpement.com\/logisain-44\/produits\/agencement-exterieur\/"},{"@type":"ListItem","position":4,"name":"Terrasses et cl\u00f4tures","item":"https:\/\/nature-et-developpement.com\/logisain-44\/produits\/agencement-exterieur\/terrasses\/"},{"@type":"ListItem","position":5,"name":"Lame de Terrasse ch\u00e2taignier"}]},{"@type":"WebSite","@id":"https:\/\/nature-et-developpement.com\/logisain-44\/#website","url":"https:\/\/nature-et-developpement.com\/logisain-44\/","name":"Logisain 44","description":"Logisain 44 est membre du groupement Nature &amp; D\u00e9veloppement","publisher":{"@id":"https:\/\/nature-et-developpement.com\/logisain-44\/#organization"},"potentialAction":[{"@type":"SearchAction","target":{"@type":"EntryPoint","urlTemplate":"https:\/\/nature-et-developpement.com\/logisain-44\/?s={search_term_string}"},"query-input":{"@type":"PropertyValueSpecification","valueRequired":true,"valueName":"search_term_string"}}],"inLanguage":"fr-FR"},{"@type":"Organization","@id":"https:\/\/nature-et-developpement.com\/logisain-44\/#organization","name":"Logisain 44","url":"https:\/\/nature-et-developpement.com\/logisain-44\/","logo":{"@type":"ImageObject","inLanguage":"fr-FR","@id":"https:\/\/nature-et-developpement.com\/logisain-44\/#\/schema\/logo\/image\/","url":"https:\/\/nature-et-developpement.com\/logisain-44\/wp-content\/uploads\/sites\/4\/2021\/08\/logo-logisain.jpg","contentUrl":"https:\/\/nature-et-developpement.com\/logisain-44\/wp-content\/uploads\/sites\/4\/2021\/08\/logo-logisain.jpg","width":672,"height":455,"caption":"Logisain 44"},"image":{"@id":"https:\/\/nature-et-developpement.com\/logisain-44\/#\/schema\/logo\/image\/"}}]}},"distributor_meta":false,"distributor_terms":false,"distributor_media":false,"distributor_original_site_name":"Logisain 44","distributor_original_site_url":"https:\/\/nature-et-developpement.com\/logisain-44","push-errors":false,"_links":{"self":[{"href":"https:\/\/nature-et-developpement.com\/logisain-44\/wp-json\/wp\/v2\/product\/42412","targetHints":{"allow":["GET"]}}],"collection":[{"href":"https:\/\/nature-et-developpement.com\/logisain-44\/wp-json\/wp\/v2\/product"}],"about":[{"href":"https:\/\/nature-et-developpement.com\/logisain-44\/wp-json\/wp\/v2\/types\/product"}],"wp:featuredmedia":[{"embeddable":true,"href":"https:\/\/nature-et-developpement.com\/logisain-44\/wp-json\/wp\/v2\/media\/42413"}],"wp:attachment":[{"href":"https:\/\/nature-et-developpement.com\/logisain-44\/wp-json\/wp\/v2\/media?parent=42412"}],"wp:term":[{"taxonomy":"product_brand","embeddable":true,"href":"https:\/\/nature-et-developpement.com\/logisain-44\/wp-json\/wp\/v2\/product_brand?post=42412"},{"taxonomy":"product_cat","embeddable":true,"href":"https:\/\/nature-et-developpement.com\/logisain-44\/wp-json\/wp\/v2\/product_cat?post=42412"},{"taxonomy":"product_tag","embeddable":true,"href":"https:\/\/nature-et-developpement.com\/logisain-44\/wp-json\/wp\/v2\/product_tag?post=42412"}],"curies":[{"name":"wp","href":"https:\/\/api.w.org\/{rel}","templated":true}]}}