{"id":42645,"date":"2024-12-05T11:00:22","date_gmt":"2024-12-05T10:00:22","guid":{"rendered":"https:\/\/nature-et-developpement.com\/logisain-44\/?post_type=product&#038;p=42645"},"modified":"2025-02-26T14:10:19","modified_gmt":"2025-02-26T13:10:19","slug":"panneaux-muraux-tasseaux-interligne-2500x300mm-fond-noir","status":"publish","type":"product","link":"https:\/\/nature-et-developpement.com\/logisain-44\/produit\/panneaux-muraux-tasseaux-interligne-2500x300mm-fond-noir\/","title":{"rendered":"Panneaux muraux tasseaux Interligne 2500X300mm fond noir"},"content":{"rendered":"","protected":false},"excerpt":{"rendered":"<p>Panneaux Interligne Fond Noir<\/p>\n<p>Tasseaux en pin massif about\u00e9 finis vernis brillant ch\u00eane moyen, sur panneaux m\u00e9dium noir<\/p>\n<p>Dimensions : 2500x300mm (Paquet de 2 panneaux, soit 2&#215;0,75=1,5m\u00b2)<\/p>\n<p>Ce rev\u00eatement a pour avantage d\u2019\u00eatre l\u00e9ger et facile d\u2019installation.<br \/>\nType de pose : \u00e0 coller ou visser.<\/p>\n<p><em>OFFRE D\u00c9STOCKAGE, dans la limite des stocks disponibles<\/em><\/p>\n","protected":false},"featured_media":42646,"template":"","meta":[],"product_brand":[],"product_cat":[7431,7624],"product_tag":[],"class_list":{"0":"post-42645","1":"product","2":"type-product","3":"status-publish","4":"has-post-thumbnail","6":"product_cat-bonne-affaire","7":"product_cat-revetement-muraux","9":"first","10":"instock","11":"sale","12":"taxable","13":"shipping-taxable","14":"purchasable","15":"product-type-simple"},"yoast_head":"<!-- This site is optimized with the Yoast SEO plugin v27.5 - https:\/\/yoast.com\/product\/yoast-seo-wordpress\/ -->\n<title>Panneaux muraux tasseaux Interligne 2500X300mm fond noir - Logisain 44<\/title>\n<meta name=\"description\" content=\"Panneaux Interligne Fond Noir  Tasseaux en pin massif about\u00e9 finis vernis brillant ch\u00eane moyen, sur panneaux m\u00e9dium noir  Dimensions : 2500x300mm (Paquet de 2 panneaux, soit 2x0,75=1,5m\u00b2)  Ce rev\u00eatement a pour avantage d\u2019\u00eatre l\u00e9ger et facile d\u2019installation. Type de pose : \u00e0 coller ou visser.  OFFRE D\u00c9STOCKAGE, dans la limite des stocks disponibles Loire-Atlantique\" \/>\n<meta name=\"robots\" content=\"noindex, follow\" \/>\n<meta property=\"og:locale\" content=\"fr_FR\" \/>\n<meta property=\"og:type\" content=\"article\" \/>\n<meta property=\"og:title\" content=\"Panneaux muraux tasseaux Interligne 2500X300mm fond noir - Logisain 44\" \/>\n<meta property=\"og:description\" content=\"Panneaux Interligne Fond Noir  Tasseaux en pin massif about\u00e9 finis vernis brillant ch\u00eane moyen, sur panneaux m\u00e9dium noir  Dimensions : 2500x300mm (Paquet de 2 panneaux, soit 2x0,75=1,5m\u00b2)  Ce rev\u00eatement a pour avantage d\u2019\u00eatre l\u00e9ger et facile d\u2019installation. Type de pose : \u00e0 coller ou visser.  OFFRE D\u00c9STOCKAGE, dans la limite des stocks disponibles Loire-Atlantique\" \/>\n<meta property=\"og:url\" content=\"https:\/\/nature-et-developpement.com\/logisain-44\/produit\/panneaux-muraux-tasseaux-interligne-2500x300mm-fond-noir\/\" \/>\n<meta property=\"og:site_name\" content=\"Logisain 44\" \/>\n<meta property=\"article:modified_time\" content=\"2025-02-26T13:10:19+00:00\" \/>\n<meta property=\"og:image\" content=\"https:\/\/nature-et-developpement.com\/logisain-44\/wp-content\/uploads\/sites\/4\/2024\/12\/IMG_E7542_af0b40643cd0f54c8b97524.jpg\" \/>\n\t<meta property=\"og:image:width\" content=\"669\" \/>\n\t<meta property=\"og:image:height\" content=\"638\" \/>\n\t<meta property=\"og:image:type\" content=\"image\/jpeg\" \/>\n<meta name=\"twitter:card\" content=\"summary_large_image\" \/>\n<script type=\"application\/ld+json\" class=\"yoast-schema-graph\">{\"@context\":\"https:\\\/\\\/schema.org\",\"@graph\":[{\"@type\":\"WebPage\",\"@id\":\"https:\\\/\\\/nature-et-developpement.com\\\/logisain-44\\\/produit\\\/panneaux-muraux-tasseaux-interligne-2500x300mm-fond-noir\\\/\",\"url\":\"https:\\\/\\\/nature-et-developpement.com\\\/logisain-44\\\/produit\\\/panneaux-muraux-tasseaux-interligne-2500x300mm-fond-noir\\\/\",\"name\":\"Panneaux muraux tasseaux Interligne 2500X300mm fond noir - Logisain 44\",\"isPartOf\":{\"@id\":\"https:\\\/\\\/nature-et-developpement.com\\\/logisain-44\\\/#website\"},\"primaryImageOfPage\":{\"@id\":\"https:\\\/\\\/nature-et-developpement.com\\\/logisain-44\\\/produit\\\/panneaux-muraux-tasseaux-interligne-2500x300mm-fond-noir\\\/#primaryimage\"},\"image\":{\"@id\":\"https:\\\/\\\/nature-et-developpement.com\\\/logisain-44\\\/produit\\\/panneaux-muraux-tasseaux-interligne-2500x300mm-fond-noir\\\/#primaryimage\"},\"thumbnailUrl\":\"https:\\\/\\\/nature-et-developpement.com\\\/logisain-44\\\/wp-content\\\/uploads\\\/sites\\\/4\\\/2024\\\/12\\\/IMG_E7542_af0b40643cd0f54c8b97524.jpg\",\"datePublished\":\"2024-12-05T10:00:22+00:00\",\"dateModified\":\"2025-02-26T13:10:19+00:00\",\"description\":\"Panneaux Interligne Fond Noir Tasseaux en pin massif about\u00e9 finis vernis brillant ch\u00eane moyen, sur panneaux m\u00e9dium noir Dimensions : 2500x300mm (Paquet de 2 panneaux, soit 2x0,75=1,5m\u00b2) Ce rev\u00eatement a pour avantage d\u2019\u00eatre l\u00e9ger et facile d\u2019installation. Type de pose : \u00e0 coller ou visser. OFFRE D\u00c9STOCKAGE, dans la limite des stocks disponibles Loire-Atlantique\",\"breadcrumb\":{\"@id\":\"https:\\\/\\\/nature-et-developpement.com\\\/logisain-44\\\/produit\\\/panneaux-muraux-tasseaux-interligne-2500x300mm-fond-noir\\\/#breadcrumb\"},\"inLanguage\":\"fr-FR\",\"potentialAction\":[{\"@type\":\"ReadAction\",\"target\":[\"https:\\\/\\\/nature-et-developpement.com\\\/logisain-44\\\/produit\\\/panneaux-muraux-tasseaux-interligne-2500x300mm-fond-noir\\\/\"]}]},{\"@type\":\"ImageObject\",\"inLanguage\":\"fr-FR\",\"@id\":\"https:\\\/\\\/nature-et-developpement.com\\\/logisain-44\\\/produit\\\/panneaux-muraux-tasseaux-interligne-2500x300mm-fond-noir\\\/#primaryimage\",\"url\":\"https:\\\/\\\/nature-et-developpement.com\\\/logisain-44\\\/wp-content\\\/uploads\\\/sites\\\/4\\\/2024\\\/12\\\/IMG_E7542_af0b40643cd0f54c8b97524.jpg\",\"contentUrl\":\"https:\\\/\\\/nature-et-developpement.com\\\/logisain-44\\\/wp-content\\\/uploads\\\/sites\\\/4\\\/2024\\\/12\\\/IMG_E7542_af0b40643cd0f54c8b97524.jpg\",\"width\":669,\"height\":638},{\"@type\":\"BreadcrumbList\",\"@id\":\"https:\\\/\\\/nature-et-developpement.com\\\/logisain-44\\\/produit\\\/panneaux-muraux-tasseaux-interligne-2500x300mm-fond-noir\\\/#breadcrumb\",\"itemListElement\":[{\"@type\":\"ListItem\",\"position\":1,\"name\":\"Accueil\",\"item\":\"https:\\\/\\\/nature-et-developpement.com\\\/logisain-44\\\/\"},{\"@type\":\"ListItem\",\"position\":2,\"name\":\"Produits\",\"item\":\"https:\\\/\\\/nature-et-developpement.com\\\/logisain-44\\\/shop\\\/\"},{\"@type\":\"ListItem\",\"position\":3,\"name\":\"Promo et D\u00e9stockage\",\"item\":\"https:\\\/\\\/nature-et-developpement.com\\\/logisain-44\\\/produits\\\/promo-et-destockage\\\/\"},{\"@type\":\"ListItem\",\"position\":4,\"name\":\"Destockage\",\"item\":\"https:\\\/\\\/nature-et-developpement.com\\\/logisain-44\\\/produits\\\/promo-et-destockage\\\/bonne-affaire\\\/\"},{\"@type\":\"ListItem\",\"position\":5,\"name\":\"Panneaux muraux tasseaux Interligne 2500X300mm fond noir\"}]},{\"@type\":\"WebSite\",\"@id\":\"https:\\\/\\\/nature-et-developpement.com\\\/logisain-44\\\/#website\",\"url\":\"https:\\\/\\\/nature-et-developpement.com\\\/logisain-44\\\/\",\"name\":\"Logisain 44\",\"description\":\"Logisain 44 est membre du groupement Nature &amp; D\u00e9veloppement\",\"publisher\":{\"@id\":\"https:\\\/\\\/nature-et-developpement.com\\\/logisain-44\\\/#organization\"},\"potentialAction\":[{\"@type\":\"SearchAction\",\"target\":{\"@type\":\"EntryPoint\",\"urlTemplate\":\"https:\\\/\\\/nature-et-developpement.com\\\/logisain-44\\\/?s={search_term_string}\"},\"query-input\":{\"@type\":\"PropertyValueSpecification\",\"valueRequired\":true,\"valueName\":\"search_term_string\"}}],\"inLanguage\":\"fr-FR\"},{\"@type\":\"Organization\",\"@id\":\"https:\\\/\\\/nature-et-developpement.com\\\/logisain-44\\\/#organization\",\"name\":\"Logisain 44\",\"url\":\"https:\\\/\\\/nature-et-developpement.com\\\/logisain-44\\\/\",\"logo\":{\"@type\":\"ImageObject\",\"inLanguage\":\"fr-FR\",\"@id\":\"https:\\\/\\\/nature-et-developpement.com\\\/logisain-44\\\/#\\\/schema\\\/logo\\\/image\\\/\",\"url\":\"https:\\\/\\\/nature-et-developpement.com\\\/logisain-44\\\/wp-content\\\/uploads\\\/sites\\\/4\\\/2021\\\/08\\\/logo-logisain.jpg\",\"contentUrl\":\"https:\\\/\\\/nature-et-developpement.com\\\/logisain-44\\\/wp-content\\\/uploads\\\/sites\\\/4\\\/2021\\\/08\\\/logo-logisain.jpg\",\"width\":672,\"height\":455,\"caption\":\"Logisain 44\"},\"image\":{\"@id\":\"https:\\\/\\\/nature-et-developpement.com\\\/logisain-44\\\/#\\\/schema\\\/logo\\\/image\\\/\"}}]}<\/script>\n<!-- \/ Yoast SEO plugin. -->","yoast_head_json":{"title":"Panneaux muraux tasseaux Interligne 2500X300mm fond noir - Logisain 44","description":"Panneaux Interligne Fond Noir  Tasseaux en pin massif about\u00e9 finis vernis brillant ch\u00eane moyen, sur panneaux m\u00e9dium noir  Dimensions : 2500x300mm (Paquet de 2 panneaux, soit 2x0,75=1,5m\u00b2)  Ce rev\u00eatement a pour avantage d\u2019\u00eatre l\u00e9ger et facile d\u2019installation. Type de pose : \u00e0 coller ou visser.  OFFRE D\u00c9STOCKAGE, dans la limite des stocks disponibles Loire-Atlantique","robots":{"index":"noindex","follow":"follow"},"og_locale":"fr_FR","og_type":"article","og_title":"Panneaux muraux tasseaux Interligne 2500X300mm fond noir - Logisain 44","og_description":"Panneaux Interligne Fond Noir  Tasseaux en pin massif about\u00e9 finis vernis brillant ch\u00eane moyen, sur panneaux m\u00e9dium noir  Dimensions : 2500x300mm (Paquet de 2 panneaux, soit 2x0,75=1,5m\u00b2)  Ce rev\u00eatement a pour avantage d\u2019\u00eatre l\u00e9ger et facile d\u2019installation. Type de pose : \u00e0 coller ou visser.  OFFRE D\u00c9STOCKAGE, dans la limite des stocks disponibles Loire-Atlantique","og_url":"https:\/\/nature-et-developpement.com\/logisain-44\/produit\/panneaux-muraux-tasseaux-interligne-2500x300mm-fond-noir\/","og_site_name":"Logisain 44","article_modified_time":"2025-02-26T13:10:19+00:00","og_image":[{"width":669,"height":638,"url":"https:\/\/nature-et-developpement.com\/logisain-44\/wp-content\/uploads\/sites\/4\/2024\/12\/IMG_E7542_af0b40643cd0f54c8b97524.jpg","type":"image\/jpeg"}],"twitter_card":"summary_large_image","schema":{"@context":"https:\/\/schema.org","@graph":[{"@type":"WebPage","@id":"https:\/\/nature-et-developpement.com\/logisain-44\/produit\/panneaux-muraux-tasseaux-interligne-2500x300mm-fond-noir\/","url":"https:\/\/nature-et-developpement.com\/logisain-44\/produit\/panneaux-muraux-tasseaux-interligne-2500x300mm-fond-noir\/","name":"Panneaux muraux tasseaux Interligne 2500X300mm fond noir - Logisain 44","isPartOf":{"@id":"https:\/\/nature-et-developpement.com\/logisain-44\/#website"},"primaryImageOfPage":{"@id":"https:\/\/nature-et-developpement.com\/logisain-44\/produit\/panneaux-muraux-tasseaux-interligne-2500x300mm-fond-noir\/#primaryimage"},"image":{"@id":"https:\/\/nature-et-developpement.com\/logisain-44\/produit\/panneaux-muraux-tasseaux-interligne-2500x300mm-fond-noir\/#primaryimage"},"thumbnailUrl":"https:\/\/nature-et-developpement.com\/logisain-44\/wp-content\/uploads\/sites\/4\/2024\/12\/IMG_E7542_af0b40643cd0f54c8b97524.jpg","datePublished":"2024-12-05T10:00:22+00:00","dateModified":"2025-02-26T13:10:19+00:00","description":"Panneaux Interligne Fond Noir Tasseaux en pin massif about\u00e9 finis vernis brillant ch\u00eane moyen, sur panneaux m\u00e9dium noir Dimensions : 2500x300mm (Paquet de 2 panneaux, soit 2x0,75=1,5m\u00b2) Ce rev\u00eatement a pour avantage d\u2019\u00eatre l\u00e9ger et facile d\u2019installation. Type de pose : \u00e0 coller ou visser. OFFRE D\u00c9STOCKAGE, dans la limite des stocks disponibles Loire-Atlantique","breadcrumb":{"@id":"https:\/\/nature-et-developpement.com\/logisain-44\/produit\/panneaux-muraux-tasseaux-interligne-2500x300mm-fond-noir\/#breadcrumb"},"inLanguage":"fr-FR","potentialAction":[{"@type":"ReadAction","target":["https:\/\/nature-et-developpement.com\/logisain-44\/produit\/panneaux-muraux-tasseaux-interligne-2500x300mm-fond-noir\/"]}]},{"@type":"ImageObject","inLanguage":"fr-FR","@id":"https:\/\/nature-et-developpement.com\/logisain-44\/produit\/panneaux-muraux-tasseaux-interligne-2500x300mm-fond-noir\/#primaryimage","url":"https:\/\/nature-et-developpement.com\/logisain-44\/wp-content\/uploads\/sites\/4\/2024\/12\/IMG_E7542_af0b40643cd0f54c8b97524.jpg","contentUrl":"https:\/\/nature-et-developpement.com\/logisain-44\/wp-content\/uploads\/sites\/4\/2024\/12\/IMG_E7542_af0b40643cd0f54c8b97524.jpg","width":669,"height":638},{"@type":"BreadcrumbList","@id":"https:\/\/nature-et-developpement.com\/logisain-44\/produit\/panneaux-muraux-tasseaux-interligne-2500x300mm-fond-noir\/#breadcrumb","itemListElement":[{"@type":"ListItem","position":1,"name":"Accueil","item":"https:\/\/nature-et-developpement.com\/logisain-44\/"},{"@type":"ListItem","position":2,"name":"Produits","item":"https:\/\/nature-et-developpement.com\/logisain-44\/shop\/"},{"@type":"ListItem","position":3,"name":"Promo et D\u00e9stockage","item":"https:\/\/nature-et-developpement.com\/logisain-44\/produits\/promo-et-destockage\/"},{"@type":"ListItem","position":4,"name":"Destockage","item":"https:\/\/nature-et-developpement.com\/logisain-44\/produits\/promo-et-destockage\/bonne-affaire\/"},{"@type":"ListItem","position":5,"name":"Panneaux muraux tasseaux Interligne 2500X300mm fond noir"}]},{"@type":"WebSite","@id":"https:\/\/nature-et-developpement.com\/logisain-44\/#website","url":"https:\/\/nature-et-developpement.com\/logisain-44\/","name":"Logisain 44","description":"Logisain 44 est membre du groupement Nature &amp; D\u00e9veloppement","publisher":{"@id":"https:\/\/nature-et-developpement.com\/logisain-44\/#organization"},"potentialAction":[{"@type":"SearchAction","target":{"@type":"EntryPoint","urlTemplate":"https:\/\/nature-et-developpement.com\/logisain-44\/?s={search_term_string}"},"query-input":{"@type":"PropertyValueSpecification","valueRequired":true,"valueName":"search_term_string"}}],"inLanguage":"fr-FR"},{"@type":"Organization","@id":"https:\/\/nature-et-developpement.com\/logisain-44\/#organization","name":"Logisain 44","url":"https:\/\/nature-et-developpement.com\/logisain-44\/","logo":{"@type":"ImageObject","inLanguage":"fr-FR","@id":"https:\/\/nature-et-developpement.com\/logisain-44\/#\/schema\/logo\/image\/","url":"https:\/\/nature-et-developpement.com\/logisain-44\/wp-content\/uploads\/sites\/4\/2021\/08\/logo-logisain.jpg","contentUrl":"https:\/\/nature-et-developpement.com\/logisain-44\/wp-content\/uploads\/sites\/4\/2021\/08\/logo-logisain.jpg","width":672,"height":455,"caption":"Logisain 44"},"image":{"@id":"https:\/\/nature-et-developpement.com\/logisain-44\/#\/schema\/logo\/image\/"}}]}},"distributor_meta":false,"distributor_terms":false,"distributor_media":false,"distributor_original_site_name":"Logisain 44","distributor_original_site_url":"https:\/\/nature-et-developpement.com\/logisain-44","push-errors":false,"_links":{"self":[{"href":"https:\/\/nature-et-developpement.com\/logisain-44\/wp-json\/wp\/v2\/product\/42645","targetHints":{"allow":["GET"]}}],"collection":[{"href":"https:\/\/nature-et-developpement.com\/logisain-44\/wp-json\/wp\/v2\/product"}],"about":[{"href":"https:\/\/nature-et-developpement.com\/logisain-44\/wp-json\/wp\/v2\/types\/product"}],"wp:featuredmedia":[{"embeddable":true,"href":"https:\/\/nature-et-developpement.com\/logisain-44\/wp-json\/wp\/v2\/media\/42646"}],"wp:attachment":[{"href":"https:\/\/nature-et-developpement.com\/logisain-44\/wp-json\/wp\/v2\/media?parent=42645"}],"wp:term":[{"taxonomy":"product_brand","embeddable":true,"href":"https:\/\/nature-et-developpement.com\/logisain-44\/wp-json\/wp\/v2\/product_brand?post=42645"},{"taxonomy":"product_cat","embeddable":true,"href":"https:\/\/nature-et-developpement.com\/logisain-44\/wp-json\/wp\/v2\/product_cat?post=42645"},{"taxonomy":"product_tag","embeddable":true,"href":"https:\/\/nature-et-developpement.com\/logisain-44\/wp-json\/wp\/v2\/product_tag?post=42645"}],"curies":[{"name":"wp","href":"https:\/\/api.w.org\/{rel}","templated":true}]}}