{"id":4298,"date":"2024-09-01T00:00:12","date_gmt":"2024-08-31T22:00:12","guid":{"rendered":"https:\/\/nature-et-developpement.com\/logisain\/produit\/radiateur-electrique-solaris-1000w-63x105cm\/"},"modified":"2025-11-28T05:50:07","modified_gmt":"2025-11-28T04:50:07","slug":"radiateur-electrique-solaris-1000w-63x105cm","status":"publish","type":"product","link":"https:\/\/nature-et-developpement.com\/logisain-44\/produit\/radiateur-electrique-solaris-1000w-63x105cm\/","title":{"rendered":"Radiateur en verre \u00e0 inertie Solaris 1000W 63x105cm"},"content":{"rendered":"<p style=\"text-align: justify\">Une chaleur homog\u00e8ne<\/p>\n<p style=\"text-align: justify\">La technologie du\u00a0verre \u00e0 inertie qui \u00e9quipe le radiateur Solaris permet de chauffer votre habitat en toute simplicit\u00e9 et \u00e0 moindre co\u00fbt. Gr\u00e2ce aux propri\u00e9t\u00e9s de r\u00e9tention de chaleur du verre, chauffez votre maison comme vous l&rsquo;aimez en consommant moins. Le radiateur Solaris vertical 550W diffuse une chaleur homog\u00e8ne dans l&rsquo;ensemble de la pi\u00e8ce. La r\u00e9gulation se fait\u00a0par le biais d&rsquo;un thermostat \u00e9lectronique \u00e0 programmation.<\/p>\n<p style=\"text-align: justify\">Ne r\u00e9sistez plus au plaisir de la chaleur aux lignes pures<\/p>\n<p style=\"text-align: justify\">Les lignes \u00e9pur\u00e9es du <strong>radiateur vertical en verre Solaris<\/strong> s&rsquo;int\u00e8grent \u00e0 tous les styles d&rsquo;int\u00e9rieur, classiques ou contemporains. Solaris est la signature d&rsquo;un produit fonctionnel et esth\u00e9tique!<\/p>\n<p>Le\u00a0radiateur \u00e9lectrique vertical de Solaris dispose d\u2019une finition \u00ab\u00a0Evolution\u00a0\u00bb en verre tremp\u00e9 \u00e9maill\u00e9 ou d\u2019une finition \u00ab\u00a0Soft Touch\u00a0\u00bb en verre d\u00e9poli, avec plusieurs coloris au choix :<\/p>\n<ul>\n<li>Finition Evolution : Blanc Reflet Vert, Blanc Extra Blanc, Miroir<\/li>\n<li>Finition Soft Touch : Blanc\u00a0Extra Blanc<\/li>\n<\/ul>\n<p>Puissance de 1000w<\/p>\n","protected":false},"excerpt":{"rendered":"<p>Plus pratique, plus esth\u00e9tique, s\u00e9lectionnez votre radiateur\u00a0qui s\u2019int\u00e9grera parfaitement dans votre int\u00e9rieur.<br \/>\nLe verre est un mat\u00e9riau naturellement beau et accumulateur de\u00a0calories,\u00a0il lib\u00e8re une chaleur\u00a0rayonnante, saine et confortable, tout en \u00e9conomisant de l\u2019\u00e9nergie.<br \/>\n8cm d&rsquo;\u00e9paisseur, pose verticale<\/p>\n","protected":false},"featured_media":1000000166939,"template":"","meta":[],"product_brand":[10277],"product_cat":[10711],"product_tag":[],"class_list":{"0":"post-4298","1":"product","2":"type-product","3":"status-publish","4":"has-post-thumbnail","6":"product_brand-solaris","7":"product_cat-radiateur-plancher-chauffant","8":"product_shipping_class-petit-equipement-outil-eclairage","10":"first","11":"instock","12":"taxable","13":"shipping-taxable","14":"purchasable","15":"product-type-variable"},"yoast_head":"<!-- This site is optimized with the Yoast SEO plugin v27.5 - https:\/\/yoast.com\/product\/yoast-seo-wordpress\/ -->\n<title>Radiateur en verre \u00e0 inertie Solaris 1000W 63x105cm - Logisain 44<\/title>\n<meta name=\"description\" content=\"Plus pratique, plus esth\u00e9tique, s\u00e9lectionnez votre radiateur\u00a0qui s\u2019int\u00e9grera parfaitement dans votre int\u00e9rieur. Le verre est un mat\u00e9riau naturellement beau et accumulateur de\u00a0calories,\u00a0il lib\u00e8re une chaleur\u00a0rayonnante, saine et confortable, tout en \u00e9conomisant de l\u2019\u00e9nergie. 8cm d&#039;\u00e9paisseur, pose verticale Loire-Atlantique\" \/>\n<meta name=\"robots\" content=\"noindex, nofollow\" \/>\n<meta property=\"og:locale\" content=\"fr_FR\" \/>\n<meta property=\"og:type\" content=\"article\" \/>\n<meta property=\"og:title\" content=\"Radiateur en verre \u00e0 inertie Solaris 1000W 63x105cm - Logisain 44\" \/>\n<meta property=\"og:description\" content=\"Plus pratique, plus esth\u00e9tique, s\u00e9lectionnez votre radiateur\u00a0qui s\u2019int\u00e9grera parfaitement dans votre int\u00e9rieur. Le verre est un mat\u00e9riau naturellement beau et accumulateur de\u00a0calories,\u00a0il lib\u00e8re une chaleur\u00a0rayonnante, saine et confortable, tout en \u00e9conomisant de l\u2019\u00e9nergie. 8cm d&#039;\u00e9paisseur, pose verticale Loire-Atlantique\" \/>\n<meta property=\"og:url\" content=\"https:\/\/nature-et-developpement.com\/logisain-44\/produit\/radiateur-electrique-solaris-1000w-63x105cm\/\" \/>\n<meta property=\"og:site_name\" content=\"Logisain 44\" \/>\n<meta property=\"article:modified_time\" content=\"2025-11-28T04:50:07+00:00\" \/>\n<meta name=\"twitter:card\" content=\"summary_large_image\" \/>\n<meta name=\"twitter:label1\" content=\"Dur\u00e9e de lecture estim\u00e9e\" \/>\n\t<meta name=\"twitter:data1\" content=\"1 minute\" \/>\n<script type=\"application\/ld+json\" class=\"yoast-schema-graph\">{\"@context\":\"https:\\\/\\\/schema.org\",\"@graph\":[{\"@type\":\"WebPage\",\"@id\":\"https:\\\/\\\/nature-et-developpement.com\\\/logisain-44\\\/produit\\\/radiateur-electrique-solaris-1000w-63x105cm\\\/\",\"url\":\"https:\\\/\\\/nature-et-developpement.com\\\/logisain-44\\\/produit\\\/radiateur-electrique-solaris-1000w-63x105cm\\\/\",\"name\":\"Radiateur en verre \u00e0 inertie Solaris 1000W 63x105cm - Logisain 44\",\"isPartOf\":{\"@id\":\"https:\\\/\\\/nature-et-developpement.com\\\/logisain-44\\\/#website\"},\"primaryImageOfPage\":{\"@id\":\"https:\\\/\\\/nature-et-developpement.com\\\/logisain-44\\\/produit\\\/radiateur-electrique-solaris-1000w-63x105cm\\\/#primaryimage\"},\"image\":{\"@id\":\"https:\\\/\\\/nature-et-developpement.com\\\/logisain-44\\\/produit\\\/radiateur-electrique-solaris-1000w-63x105cm\\\/#primaryimage\"},\"thumbnailUrl\":\"https:\\\/\\\/nature-et-developpement.com\\\/logisain-44\\\/wp-content\\\/uploads\\\/Radiateur-en-verre-a-inertie-Solaris-1000W-63x105cm.jpg\",\"datePublished\":\"2024-08-31T22:00:12+00:00\",\"dateModified\":\"2025-11-28T04:50:07+00:00\",\"description\":\"Plus pratique, plus esth\u00e9tique, s\u00e9lectionnez votre radiateur\u00a0qui s\u2019int\u00e9grera parfaitement dans votre int\u00e9rieur. Le verre est un mat\u00e9riau naturellement beau et accumulateur de\u00a0calories,\u00a0il lib\u00e8re une chaleur\u00a0rayonnante, saine et confortable, tout en \u00e9conomisant de l\u2019\u00e9nergie. 8cm d'\u00e9paisseur, pose verticale Loire-Atlantique\",\"breadcrumb\":{\"@id\":\"https:\\\/\\\/nature-et-developpement.com\\\/logisain-44\\\/produit\\\/radiateur-electrique-solaris-1000w-63x105cm\\\/#breadcrumb\"},\"inLanguage\":\"fr-FR\",\"potentialAction\":[{\"@type\":\"ReadAction\",\"target\":[\"https:\\\/\\\/nature-et-developpement.com\\\/logisain-44\\\/produit\\\/radiateur-electrique-solaris-1000w-63x105cm\\\/\"]}]},{\"@type\":\"ImageObject\",\"inLanguage\":\"fr-FR\",\"@id\":\"https:\\\/\\\/nature-et-developpement.com\\\/logisain-44\\\/produit\\\/radiateur-electrique-solaris-1000w-63x105cm\\\/#primaryimage\",\"url\":\"https:\\\/\\\/nature-et-developpement.com\\\/logisain-44\\\/wp-content\\\/uploads\\\/Radiateur-en-verre-a-inertie-Solaris-1000W-63x105cm.jpg\",\"contentUrl\":\"https:\\\/\\\/nature-et-developpement.com\\\/logisain-44\\\/wp-content\\\/uploads\\\/Radiateur-en-verre-a-inertie-Solaris-1000W-63x105cm.jpg\"},{\"@type\":\"BreadcrumbList\",\"@id\":\"https:\\\/\\\/nature-et-developpement.com\\\/logisain-44\\\/produit\\\/radiateur-electrique-solaris-1000w-63x105cm\\\/#breadcrumb\",\"itemListElement\":[{\"@type\":\"ListItem\",\"position\":1,\"name\":\"Accueil\",\"item\":\"https:\\\/\\\/nature-et-developpement.com\\\/logisain-44\\\/\"},{\"@type\":\"ListItem\",\"position\":2,\"name\":\"Produits\",\"item\":\"https:\\\/\\\/nature-et-developpement.com\\\/logisain-44\\\/shop\\\/\"},{\"@type\":\"ListItem\",\"position\":3,\"name\":\"Chauffage, eau et \u00e9nergie\",\"item\":\"https:\\\/\\\/nature-et-developpement.com\\\/logisain-44\\\/produits\\\/energie-et-ventilation\\\/\"},{\"@type\":\"ListItem\",\"position\":4,\"name\":\"Radiateur, plancher et mur chauffant\",\"item\":\"https:\\\/\\\/nature-et-developpement.com\\\/logisain-44\\\/produits\\\/energie-et-ventilation\\\/radiateur-plancher-chauffant\\\/\"},{\"@type\":\"ListItem\",\"position\":5,\"name\":\"Radiateur en verre \u00e0 inertie Solaris 1000W 63x105cm\"}]},{\"@type\":\"WebSite\",\"@id\":\"https:\\\/\\\/nature-et-developpement.com\\\/logisain-44\\\/#website\",\"url\":\"https:\\\/\\\/nature-et-developpement.com\\\/logisain-44\\\/\",\"name\":\"Logisain 44\",\"description\":\"Logisain 44 est membre du groupement Nature &amp; D\u00e9veloppement\",\"publisher\":{\"@id\":\"https:\\\/\\\/nature-et-developpement.com\\\/logisain-44\\\/#organization\"},\"potentialAction\":[{\"@type\":\"SearchAction\",\"target\":{\"@type\":\"EntryPoint\",\"urlTemplate\":\"https:\\\/\\\/nature-et-developpement.com\\\/logisain-44\\\/?s={search_term_string}\"},\"query-input\":{\"@type\":\"PropertyValueSpecification\",\"valueRequired\":true,\"valueName\":\"search_term_string\"}}],\"inLanguage\":\"fr-FR\"},{\"@type\":\"Organization\",\"@id\":\"https:\\\/\\\/nature-et-developpement.com\\\/logisain-44\\\/#organization\",\"name\":\"Logisain 44\",\"url\":\"https:\\\/\\\/nature-et-developpement.com\\\/logisain-44\\\/\",\"logo\":{\"@type\":\"ImageObject\",\"inLanguage\":\"fr-FR\",\"@id\":\"https:\\\/\\\/nature-et-developpement.com\\\/logisain-44\\\/#\\\/schema\\\/logo\\\/image\\\/\",\"url\":\"https:\\\/\\\/nature-et-developpement.com\\\/logisain-44\\\/wp-content\\\/uploads\\\/sites\\\/4\\\/2021\\\/08\\\/logo-logisain.jpg\",\"contentUrl\":\"https:\\\/\\\/nature-et-developpement.com\\\/logisain-44\\\/wp-content\\\/uploads\\\/sites\\\/4\\\/2021\\\/08\\\/logo-logisain.jpg\",\"width\":672,\"height\":455,\"caption\":\"Logisain 44\"},\"image\":{\"@id\":\"https:\\\/\\\/nature-et-developpement.com\\\/logisain-44\\\/#\\\/schema\\\/logo\\\/image\\\/\"}}]}<\/script>\n<!-- \/ Yoast SEO plugin. -->","yoast_head_json":{"title":"Radiateur en verre \u00e0 inertie Solaris 1000W 63x105cm - Logisain 44","description":"Plus pratique, plus esth\u00e9tique, s\u00e9lectionnez votre radiateur\u00a0qui s\u2019int\u00e9grera parfaitement dans votre int\u00e9rieur. Le verre est un mat\u00e9riau naturellement beau et accumulateur de\u00a0calories,\u00a0il lib\u00e8re une chaleur\u00a0rayonnante, saine et confortable, tout en \u00e9conomisant de l\u2019\u00e9nergie. 8cm d'\u00e9paisseur, pose verticale Loire-Atlantique","robots":{"index":"noindex","follow":"nofollow"},"og_locale":"fr_FR","og_type":"article","og_title":"Radiateur en verre \u00e0 inertie Solaris 1000W 63x105cm - Logisain 44","og_description":"Plus pratique, plus esth\u00e9tique, s\u00e9lectionnez votre radiateur\u00a0qui s\u2019int\u00e9grera parfaitement dans votre int\u00e9rieur. Le verre est un mat\u00e9riau naturellement beau et accumulateur de\u00a0calories,\u00a0il lib\u00e8re une chaleur\u00a0rayonnante, saine et confortable, tout en \u00e9conomisant de l\u2019\u00e9nergie. 8cm d'\u00e9paisseur, pose verticale Loire-Atlantique","og_url":"https:\/\/nature-et-developpement.com\/logisain-44\/produit\/radiateur-electrique-solaris-1000w-63x105cm\/","og_site_name":"Logisain 44","article_modified_time":"2025-11-28T04:50:07+00:00","twitter_card":"summary_large_image","twitter_misc":{"Dur\u00e9e de lecture estim\u00e9e":"1 minute"},"schema":{"@context":"https:\/\/schema.org","@graph":[{"@type":"WebPage","@id":"https:\/\/nature-et-developpement.com\/logisain-44\/produit\/radiateur-electrique-solaris-1000w-63x105cm\/","url":"https:\/\/nature-et-developpement.com\/logisain-44\/produit\/radiateur-electrique-solaris-1000w-63x105cm\/","name":"Radiateur en verre \u00e0 inertie Solaris 1000W 63x105cm - Logisain 44","isPartOf":{"@id":"https:\/\/nature-et-developpement.com\/logisain-44\/#website"},"primaryImageOfPage":{"@id":"https:\/\/nature-et-developpement.com\/logisain-44\/produit\/radiateur-electrique-solaris-1000w-63x105cm\/#primaryimage"},"image":{"@id":"https:\/\/nature-et-developpement.com\/logisain-44\/produit\/radiateur-electrique-solaris-1000w-63x105cm\/#primaryimage"},"thumbnailUrl":"https:\/\/nature-et-developpement.com\/logisain-44\/wp-content\/uploads\/Radiateur-en-verre-a-inertie-Solaris-1000W-63x105cm.jpg","datePublished":"2024-08-31T22:00:12+00:00","dateModified":"2025-11-28T04:50:07+00:00","description":"Plus pratique, plus esth\u00e9tique, s\u00e9lectionnez votre radiateur\u00a0qui s\u2019int\u00e9grera parfaitement dans votre int\u00e9rieur. Le verre est un mat\u00e9riau naturellement beau et accumulateur de\u00a0calories,\u00a0il lib\u00e8re une chaleur\u00a0rayonnante, saine et confortable, tout en \u00e9conomisant de l\u2019\u00e9nergie. 8cm d'\u00e9paisseur, pose verticale Loire-Atlantique","breadcrumb":{"@id":"https:\/\/nature-et-developpement.com\/logisain-44\/produit\/radiateur-electrique-solaris-1000w-63x105cm\/#breadcrumb"},"inLanguage":"fr-FR","potentialAction":[{"@type":"ReadAction","target":["https:\/\/nature-et-developpement.com\/logisain-44\/produit\/radiateur-electrique-solaris-1000w-63x105cm\/"]}]},{"@type":"ImageObject","inLanguage":"fr-FR","@id":"https:\/\/nature-et-developpement.com\/logisain-44\/produit\/radiateur-electrique-solaris-1000w-63x105cm\/#primaryimage","url":"https:\/\/nature-et-developpement.com\/logisain-44\/wp-content\/uploads\/Radiateur-en-verre-a-inertie-Solaris-1000W-63x105cm.jpg","contentUrl":"https:\/\/nature-et-developpement.com\/logisain-44\/wp-content\/uploads\/Radiateur-en-verre-a-inertie-Solaris-1000W-63x105cm.jpg"},{"@type":"BreadcrumbList","@id":"https:\/\/nature-et-developpement.com\/logisain-44\/produit\/radiateur-electrique-solaris-1000w-63x105cm\/#breadcrumb","itemListElement":[{"@type":"ListItem","position":1,"name":"Accueil","item":"https:\/\/nature-et-developpement.com\/logisain-44\/"},{"@type":"ListItem","position":2,"name":"Produits","item":"https:\/\/nature-et-developpement.com\/logisain-44\/shop\/"},{"@type":"ListItem","position":3,"name":"Chauffage, eau et \u00e9nergie","item":"https:\/\/nature-et-developpement.com\/logisain-44\/produits\/energie-et-ventilation\/"},{"@type":"ListItem","position":4,"name":"Radiateur, plancher et mur chauffant","item":"https:\/\/nature-et-developpement.com\/logisain-44\/produits\/energie-et-ventilation\/radiateur-plancher-chauffant\/"},{"@type":"ListItem","position":5,"name":"Radiateur en verre \u00e0 inertie Solaris 1000W 63x105cm"}]},{"@type":"WebSite","@id":"https:\/\/nature-et-developpement.com\/logisain-44\/#website","url":"https:\/\/nature-et-developpement.com\/logisain-44\/","name":"Logisain 44","description":"Logisain 44 est membre du groupement Nature &amp; D\u00e9veloppement","publisher":{"@id":"https:\/\/nature-et-developpement.com\/logisain-44\/#organization"},"potentialAction":[{"@type":"SearchAction","target":{"@type":"EntryPoint","urlTemplate":"https:\/\/nature-et-developpement.com\/logisain-44\/?s={search_term_string}"},"query-input":{"@type":"PropertyValueSpecification","valueRequired":true,"valueName":"search_term_string"}}],"inLanguage":"fr-FR"},{"@type":"Organization","@id":"https:\/\/nature-et-developpement.com\/logisain-44\/#organization","name":"Logisain 44","url":"https:\/\/nature-et-developpement.com\/logisain-44\/","logo":{"@type":"ImageObject","inLanguage":"fr-FR","@id":"https:\/\/nature-et-developpement.com\/logisain-44\/#\/schema\/logo\/image\/","url":"https:\/\/nature-et-developpement.com\/logisain-44\/wp-content\/uploads\/sites\/4\/2021\/08\/logo-logisain.jpg","contentUrl":"https:\/\/nature-et-developpement.com\/logisain-44\/wp-content\/uploads\/sites\/4\/2021\/08\/logo-logisain.jpg","width":672,"height":455,"caption":"Logisain 44"},"image":{"@id":"https:\/\/nature-et-developpement.com\/logisain-44\/#\/schema\/logo\/image\/"}}]}},"distributor_meta":false,"distributor_terms":false,"distributor_media":false,"distributor_original_site_name":"Logisain 44","distributor_original_site_url":"https:\/\/nature-et-developpement.com\/logisain-44","push-errors":false,"_links":{"self":[{"href":"https:\/\/nature-et-developpement.com\/logisain-44\/wp-json\/wp\/v2\/product\/4298","targetHints":{"allow":["GET"]}}],"collection":[{"href":"https:\/\/nature-et-developpement.com\/logisain-44\/wp-json\/wp\/v2\/product"}],"about":[{"href":"https:\/\/nature-et-developpement.com\/logisain-44\/wp-json\/wp\/v2\/types\/product"}],"wp:featuredmedia":[{"embeddable":true,"href":"https:\/\/nature-et-developpement.com\/logisain-44\/wp-json\/"}],"wp:attachment":[{"href":"https:\/\/nature-et-developpement.com\/logisain-44\/wp-json\/wp\/v2\/media?parent=4298"}],"wp:term":[{"taxonomy":"product_brand","embeddable":true,"href":"https:\/\/nature-et-developpement.com\/logisain-44\/wp-json\/wp\/v2\/product_brand?post=4298"},{"taxonomy":"product_cat","embeddable":true,"href":"https:\/\/nature-et-developpement.com\/logisain-44\/wp-json\/wp\/v2\/product_cat?post=4298"},{"taxonomy":"product_tag","embeddable":true,"href":"https:\/\/nature-et-developpement.com\/logisain-44\/wp-json\/wp\/v2\/product_tag?post=4298"}],"curies":[{"name":"wp","href":"https:\/\/api.w.org\/{rel}","templated":true}]}}