{"id":5424,"date":"2024-12-10T00:00:31","date_gmt":"2024-12-09T23:00:31","guid":{"rendered":"https:\/\/nature-et-developpement.com\/logisain\/produit\/sixbox-appui-fixe-ob30\/"},"modified":"2025-06-12T15:01:21","modified_gmt":"2025-06-12T13:01:21","slug":"appui-fixe-ob30-sixbox","status":"publish","type":"product","link":"https:\/\/nature-et-developpement.com\/logisain-44\/produit\/appui-fixe-ob30-sixbox\/","title":{"rendered":"Appui fixe OB30 suspente pour rail m\u00e9tallique syst\u00e8me SIXBOX"},"content":{"rendered":"<h2>L&rsquo;appui fixe OB30<\/h2>\n<p>Vous permet de fixer les rails \/ fourrures qui recevront vos plaques de parement int\u00e9rieur (plaque de pl\u00e2tre, Fermacell ) sans d\u00e9t\u00e9riorer votre pare vapeur .<\/p>\n<p>Il facilite la cr\u00e9ation d&rsquo;une lame d&rsquo;air entre votre mur support et vos plaques de pl\u00e2tres pour passer vos gaines \u00e9lectriques et techniques.<\/p>\n<p>Les appuis SIXBOX s&rsquo;utilisent quel que soit le type de construction :<\/p>\n<ul>\n<li>Ossature bois<\/li>\n<li>M\u00e9tallique<\/li>\n<li>Brique<\/li>\n<li>Parpaing<\/li>\n<li>B\u00e9ton cellulaire etc &#8230;<\/li>\n<li>Ils peuvent \u00eatre associ\u00e9s \u00e0 des entretoises pour augmenter votre vide technique ou pour faire face \u00e0 une contrainte technique.<\/li>\n<\/ul>\n<p><strong>Exemple :\u00a0<\/strong><\/p>\n<p>Il vous faut un vide technique de 68mm , vous pouvez donc utiliser un OB30   ENT38 = 68mm<\/p>\n<h3>Domaine d&rsquo;application pour les murs et plafonds:<\/h3>\n<p>&#8211; Plaque de pl\u00e2tre standard de 12.5 \u00e0 18mm<\/p>\n<p>&#8211; Fermacell de 10 \u00e0 18 mm<\/p>\n<p>&nbsp;<\/p>\n<p>Disponible en plusieurs dimensions : OB17, OB30, OB43, OB63, OB83 pour les versions non r\u00e9glables et OBMR 15\/32 pour la version r\u00e9glable.<\/p>\n<p>Compatibilit\u00e9 fourrure : F47 &#8211; F530<\/p>\n<p>Vendu par carton de 50 ou 200 pi\u00e8ces.<\/p>\n","protected":false},"excerpt":{"rendered":"<p>L&rsquo;appui fixe OB30 vous permet de fixer les rails \/ fourrures qui recevront vos plaques de parement int\u00e9rieur (plaque de pl\u00e2tre, Fermacell ) sans d\u00e9t\u00e9riorer votre pare vapeur.<\/p>\n","protected":false},"featured_media":1000000168762,"template":"","meta":[],"product_brand":[10236],"product_cat":[7388,7386],"product_tag":[],"class_list":{"0":"post-5424","1":"product","2":"type-product","3":"status-publish","4":"has-post-thumbnail","6":"product_brand-sixbox","7":"product_cat-accessoires-construction","8":"product_cat-accessoires-isolation-et-etancheite","9":"product_shipping_class-petit-equipement-outil-eclairage","11":"first","12":"instock","13":"taxable","14":"shipping-taxable","15":"purchasable","16":"product-type-variable"},"yoast_head":"<!-- This site is optimized with the Yoast SEO plugin v27.5 - https:\/\/yoast.com\/product\/yoast-seo-wordpress\/ -->\n<title>Appui fixe OB30 suspente pour rail m\u00e9tallique syst\u00e8me SIXBOX - Logisain 44<\/title>\n<meta name=\"description\" content=\"L&#039;appui fixe OB30 vous permet de fixer les rails \/ fourrures qui recevront vos plaques de parement int\u00e9rieur (plaque de pl\u00e2tre, Fermacell ) sans d\u00e9t\u00e9riorer votre pare vapeur. Loire-Atlantique\" \/>\n<meta name=\"robots\" content=\"noindex, follow\" \/>\n<meta property=\"og:locale\" content=\"fr_FR\" \/>\n<meta property=\"og:type\" content=\"article\" \/>\n<meta property=\"og:title\" content=\"Appui fixe OB30 suspente pour rail m\u00e9tallique syst\u00e8me SIXBOX - Logisain 44\" \/>\n<meta property=\"og:description\" content=\"L&#039;appui fixe OB30 vous permet de fixer les rails \/ fourrures qui recevront vos plaques de parement int\u00e9rieur (plaque de pl\u00e2tre, Fermacell ) sans d\u00e9t\u00e9riorer votre pare vapeur. Loire-Atlantique\" \/>\n<meta property=\"og:url\" content=\"https:\/\/nature-et-developpement.com\/logisain-44\/produit\/appui-fixe-ob30-sixbox\/\" \/>\n<meta property=\"og:site_name\" content=\"Logisain 44\" \/>\n<meta property=\"article:modified_time\" content=\"2025-06-12T13:01:21+00:00\" \/>\n<meta name=\"twitter:card\" content=\"summary_large_image\" \/>\n<meta name=\"twitter:label1\" content=\"Dur\u00e9e de lecture estim\u00e9e\" \/>\n\t<meta name=\"twitter:data1\" content=\"1 minute\" \/>\n<script type=\"application\/ld+json\" class=\"yoast-schema-graph\">{\"@context\":\"https:\\\/\\\/schema.org\",\"@graph\":[{\"@type\":\"WebPage\",\"@id\":\"https:\\\/\\\/nature-et-developpement.com\\\/logisain-44\\\/produit\\\/appui-fixe-ob30-sixbox\\\/\",\"url\":\"https:\\\/\\\/nature-et-developpement.com\\\/logisain-44\\\/produit\\\/appui-fixe-ob30-sixbox\\\/\",\"name\":\"Appui fixe OB30 suspente pour rail m\u00e9tallique syst\u00e8me SIXBOX - Logisain 44\",\"isPartOf\":{\"@id\":\"https:\\\/\\\/nature-et-developpement.com\\\/logisain-44\\\/#website\"},\"primaryImageOfPage\":{\"@id\":\"https:\\\/\\\/nature-et-developpement.com\\\/logisain-44\\\/produit\\\/appui-fixe-ob30-sixbox\\\/#primaryimage\"},\"image\":{\"@id\":\"https:\\\/\\\/nature-et-developpement.com\\\/logisain-44\\\/produit\\\/appui-fixe-ob30-sixbox\\\/#primaryimage\"},\"thumbnailUrl\":\"https:\\\/\\\/nature-et-developpement.com\\\/logisain-44\\\/wp-content\\\/uploads\\\/Appui-fixe-OB30-suspente-pour-rail-metallique-systeme-SIXBOX.jpg\",\"datePublished\":\"2024-12-09T23:00:31+00:00\",\"dateModified\":\"2025-06-12T13:01:21+00:00\",\"description\":\"L'appui fixe OB30 vous permet de fixer les rails \\\/ fourrures qui recevront vos plaques de parement int\u00e9rieur (plaque de pl\u00e2tre, Fermacell ) sans d\u00e9t\u00e9riorer votre pare vapeur. Loire-Atlantique\",\"breadcrumb\":{\"@id\":\"https:\\\/\\\/nature-et-developpement.com\\\/logisain-44\\\/produit\\\/appui-fixe-ob30-sixbox\\\/#breadcrumb\"},\"inLanguage\":\"fr-FR\",\"potentialAction\":[{\"@type\":\"ReadAction\",\"target\":[\"https:\\\/\\\/nature-et-developpement.com\\\/logisain-44\\\/produit\\\/appui-fixe-ob30-sixbox\\\/\"]}]},{\"@type\":\"ImageObject\",\"inLanguage\":\"fr-FR\",\"@id\":\"https:\\\/\\\/nature-et-developpement.com\\\/logisain-44\\\/produit\\\/appui-fixe-ob30-sixbox\\\/#primaryimage\",\"url\":\"https:\\\/\\\/nature-et-developpement.com\\\/logisain-44\\\/wp-content\\\/uploads\\\/Appui-fixe-OB30-suspente-pour-rail-metallique-systeme-SIXBOX.jpg\",\"contentUrl\":\"https:\\\/\\\/nature-et-developpement.com\\\/logisain-44\\\/wp-content\\\/uploads\\\/Appui-fixe-OB30-suspente-pour-rail-metallique-systeme-SIXBOX.jpg\"},{\"@type\":\"BreadcrumbList\",\"@id\":\"https:\\\/\\\/nature-et-developpement.com\\\/logisain-44\\\/produit\\\/appui-fixe-ob30-sixbox\\\/#breadcrumb\",\"itemListElement\":[{\"@type\":\"ListItem\",\"position\":1,\"name\":\"Accueil\",\"item\":\"https:\\\/\\\/nature-et-developpement.com\\\/logisain-44\\\/\"},{\"@type\":\"ListItem\",\"position\":2,\"name\":\"Produits\",\"item\":\"https:\\\/\\\/nature-et-developpement.com\\\/logisain-44\\\/shop\\\/\"},{\"@type\":\"ListItem\",\"position\":3,\"name\":\"Construction, cloison et fen\u00eatres\",\"item\":\"https:\\\/\\\/nature-et-developpement.com\\\/logisain-44\\\/produits\\\/construction\\\/\"},{\"@type\":\"ListItem\",\"position\":4,\"name\":\"Accessoires construction\",\"item\":\"https:\\\/\\\/nature-et-developpement.com\\\/logisain-44\\\/produits\\\/construction\\\/accessoires-construction\\\/\"},{\"@type\":\"ListItem\",\"position\":5,\"name\":\"Appui fixe OB30 suspente pour rail m\u00e9tallique syst\u00e8me SIXBOX\"}]},{\"@type\":\"WebSite\",\"@id\":\"https:\\\/\\\/nature-et-developpement.com\\\/logisain-44\\\/#website\",\"url\":\"https:\\\/\\\/nature-et-developpement.com\\\/logisain-44\\\/\",\"name\":\"Logisain 44\",\"description\":\"Logisain 44 est membre du groupement Nature &amp; D\u00e9veloppement\",\"publisher\":{\"@id\":\"https:\\\/\\\/nature-et-developpement.com\\\/logisain-44\\\/#organization\"},\"potentialAction\":[{\"@type\":\"SearchAction\",\"target\":{\"@type\":\"EntryPoint\",\"urlTemplate\":\"https:\\\/\\\/nature-et-developpement.com\\\/logisain-44\\\/?s={search_term_string}\"},\"query-input\":{\"@type\":\"PropertyValueSpecification\",\"valueRequired\":true,\"valueName\":\"search_term_string\"}}],\"inLanguage\":\"fr-FR\"},{\"@type\":\"Organization\",\"@id\":\"https:\\\/\\\/nature-et-developpement.com\\\/logisain-44\\\/#organization\",\"name\":\"Logisain 44\",\"url\":\"https:\\\/\\\/nature-et-developpement.com\\\/logisain-44\\\/\",\"logo\":{\"@type\":\"ImageObject\",\"inLanguage\":\"fr-FR\",\"@id\":\"https:\\\/\\\/nature-et-developpement.com\\\/logisain-44\\\/#\\\/schema\\\/logo\\\/image\\\/\",\"url\":\"https:\\\/\\\/nature-et-developpement.com\\\/logisain-44\\\/wp-content\\\/uploads\\\/sites\\\/4\\\/2021\\\/08\\\/logo-logisain.jpg\",\"contentUrl\":\"https:\\\/\\\/nature-et-developpement.com\\\/logisain-44\\\/wp-content\\\/uploads\\\/sites\\\/4\\\/2021\\\/08\\\/logo-logisain.jpg\",\"width\":672,\"height\":455,\"caption\":\"Logisain 44\"},\"image\":{\"@id\":\"https:\\\/\\\/nature-et-developpement.com\\\/logisain-44\\\/#\\\/schema\\\/logo\\\/image\\\/\"}}]}<\/script>\n<!-- \/ Yoast SEO plugin. -->","yoast_head_json":{"title":"Appui fixe OB30 suspente pour rail m\u00e9tallique syst\u00e8me SIXBOX - Logisain 44","description":"L'appui fixe OB30 vous permet de fixer les rails \/ fourrures qui recevront vos plaques de parement int\u00e9rieur (plaque de pl\u00e2tre, Fermacell ) sans d\u00e9t\u00e9riorer votre pare vapeur. Loire-Atlantique","robots":{"index":"noindex","follow":"follow"},"og_locale":"fr_FR","og_type":"article","og_title":"Appui fixe OB30 suspente pour rail m\u00e9tallique syst\u00e8me SIXBOX - Logisain 44","og_description":"L'appui fixe OB30 vous permet de fixer les rails \/ fourrures qui recevront vos plaques de parement int\u00e9rieur (plaque de pl\u00e2tre, Fermacell ) sans d\u00e9t\u00e9riorer votre pare vapeur. Loire-Atlantique","og_url":"https:\/\/nature-et-developpement.com\/logisain-44\/produit\/appui-fixe-ob30-sixbox\/","og_site_name":"Logisain 44","article_modified_time":"2025-06-12T13:01:21+00:00","twitter_card":"summary_large_image","twitter_misc":{"Dur\u00e9e de lecture estim\u00e9e":"1 minute"},"schema":{"@context":"https:\/\/schema.org","@graph":[{"@type":"WebPage","@id":"https:\/\/nature-et-developpement.com\/logisain-44\/produit\/appui-fixe-ob30-sixbox\/","url":"https:\/\/nature-et-developpement.com\/logisain-44\/produit\/appui-fixe-ob30-sixbox\/","name":"Appui fixe OB30 suspente pour rail m\u00e9tallique syst\u00e8me SIXBOX - Logisain 44","isPartOf":{"@id":"https:\/\/nature-et-developpement.com\/logisain-44\/#website"},"primaryImageOfPage":{"@id":"https:\/\/nature-et-developpement.com\/logisain-44\/produit\/appui-fixe-ob30-sixbox\/#primaryimage"},"image":{"@id":"https:\/\/nature-et-developpement.com\/logisain-44\/produit\/appui-fixe-ob30-sixbox\/#primaryimage"},"thumbnailUrl":"https:\/\/nature-et-developpement.com\/logisain-44\/wp-content\/uploads\/Appui-fixe-OB30-suspente-pour-rail-metallique-systeme-SIXBOX.jpg","datePublished":"2024-12-09T23:00:31+00:00","dateModified":"2025-06-12T13:01:21+00:00","description":"L'appui fixe OB30 vous permet de fixer les rails \/ fourrures qui recevront vos plaques de parement int\u00e9rieur (plaque de pl\u00e2tre, Fermacell ) sans d\u00e9t\u00e9riorer votre pare vapeur. Loire-Atlantique","breadcrumb":{"@id":"https:\/\/nature-et-developpement.com\/logisain-44\/produit\/appui-fixe-ob30-sixbox\/#breadcrumb"},"inLanguage":"fr-FR","potentialAction":[{"@type":"ReadAction","target":["https:\/\/nature-et-developpement.com\/logisain-44\/produit\/appui-fixe-ob30-sixbox\/"]}]},{"@type":"ImageObject","inLanguage":"fr-FR","@id":"https:\/\/nature-et-developpement.com\/logisain-44\/produit\/appui-fixe-ob30-sixbox\/#primaryimage","url":"https:\/\/nature-et-developpement.com\/logisain-44\/wp-content\/uploads\/Appui-fixe-OB30-suspente-pour-rail-metallique-systeme-SIXBOX.jpg","contentUrl":"https:\/\/nature-et-developpement.com\/logisain-44\/wp-content\/uploads\/Appui-fixe-OB30-suspente-pour-rail-metallique-systeme-SIXBOX.jpg"},{"@type":"BreadcrumbList","@id":"https:\/\/nature-et-developpement.com\/logisain-44\/produit\/appui-fixe-ob30-sixbox\/#breadcrumb","itemListElement":[{"@type":"ListItem","position":1,"name":"Accueil","item":"https:\/\/nature-et-developpement.com\/logisain-44\/"},{"@type":"ListItem","position":2,"name":"Produits","item":"https:\/\/nature-et-developpement.com\/logisain-44\/shop\/"},{"@type":"ListItem","position":3,"name":"Construction, cloison et fen\u00eatres","item":"https:\/\/nature-et-developpement.com\/logisain-44\/produits\/construction\/"},{"@type":"ListItem","position":4,"name":"Accessoires construction","item":"https:\/\/nature-et-developpement.com\/logisain-44\/produits\/construction\/accessoires-construction\/"},{"@type":"ListItem","position":5,"name":"Appui fixe OB30 suspente pour rail m\u00e9tallique syst\u00e8me SIXBOX"}]},{"@type":"WebSite","@id":"https:\/\/nature-et-developpement.com\/logisain-44\/#website","url":"https:\/\/nature-et-developpement.com\/logisain-44\/","name":"Logisain 44","description":"Logisain 44 est membre du groupement Nature &amp; D\u00e9veloppement","publisher":{"@id":"https:\/\/nature-et-developpement.com\/logisain-44\/#organization"},"potentialAction":[{"@type":"SearchAction","target":{"@type":"EntryPoint","urlTemplate":"https:\/\/nature-et-developpement.com\/logisain-44\/?s={search_term_string}"},"query-input":{"@type":"PropertyValueSpecification","valueRequired":true,"valueName":"search_term_string"}}],"inLanguage":"fr-FR"},{"@type":"Organization","@id":"https:\/\/nature-et-developpement.com\/logisain-44\/#organization","name":"Logisain 44","url":"https:\/\/nature-et-developpement.com\/logisain-44\/","logo":{"@type":"ImageObject","inLanguage":"fr-FR","@id":"https:\/\/nature-et-developpement.com\/logisain-44\/#\/schema\/logo\/image\/","url":"https:\/\/nature-et-developpement.com\/logisain-44\/wp-content\/uploads\/sites\/4\/2021\/08\/logo-logisain.jpg","contentUrl":"https:\/\/nature-et-developpement.com\/logisain-44\/wp-content\/uploads\/sites\/4\/2021\/08\/logo-logisain.jpg","width":672,"height":455,"caption":"Logisain 44"},"image":{"@id":"https:\/\/nature-et-developpement.com\/logisain-44\/#\/schema\/logo\/image\/"}}]}},"distributor_meta":false,"distributor_terms":false,"distributor_media":false,"distributor_original_site_name":"Logisain 44","distributor_original_site_url":"https:\/\/nature-et-developpement.com\/logisain-44","push-errors":false,"_links":{"self":[{"href":"https:\/\/nature-et-developpement.com\/logisain-44\/wp-json\/wp\/v2\/product\/5424","targetHints":{"allow":["GET"]}}],"collection":[{"href":"https:\/\/nature-et-developpement.com\/logisain-44\/wp-json\/wp\/v2\/product"}],"about":[{"href":"https:\/\/nature-et-developpement.com\/logisain-44\/wp-json\/wp\/v2\/types\/product"}],"wp:featuredmedia":[{"embeddable":true,"href":"https:\/\/nature-et-developpement.com\/logisain-44\/wp-json\/"}],"wp:attachment":[{"href":"https:\/\/nature-et-developpement.com\/logisain-44\/wp-json\/wp\/v2\/media?parent=5424"}],"wp:term":[{"taxonomy":"product_brand","embeddable":true,"href":"https:\/\/nature-et-developpement.com\/logisain-44\/wp-json\/wp\/v2\/product_brand?post=5424"},{"taxonomy":"product_cat","embeddable":true,"href":"https:\/\/nature-et-developpement.com\/logisain-44\/wp-json\/wp\/v2\/product_cat?post=5424"},{"taxonomy":"product_tag","embeddable":true,"href":"https:\/\/nature-et-developpement.com\/logisain-44\/wp-json\/wp\/v2\/product_tag?post=5424"}],"curies":[{"name":"wp","href":"https:\/\/api.w.org\/{rel}","templated":true}]}}