{"id":9190,"date":"2020-04-22T15:05:44","date_gmt":"2020-04-22T13:05:44","guid":{"rendered":"https:\/\/nature-et-developpement.com\/logisain\/produit\/barre-pour-egaliser-le-niveau-entre-2-sols-profile-degalisation-modele-100-meister\/"},"modified":"2026-03-26T18:35:07","modified_gmt":"2026-03-26T17:35:07","slug":"barre-pour-egaliser-le-niveau-entre-2-sols-profile-d-egalisation-modele-100-meister","status":"publish","type":"product","link":"https:\/\/nature-et-developpement.com\/logisain-44\/produit\/barre-pour-egaliser-le-niveau-entre-2-sols-profile-d-egalisation-modele-100-meister\/","title":{"rendered":"Barre pour \u00e9galiser le niveau entre 2 sols Profil\u00e9 d&rsquo;\u00e9galisation Mod\u00e8le 100 MEISTER"},"content":{"rendered":"","protected":false},"excerpt":{"rendered":"<p>Pour \u00e9galiser le niveau avec des sols ou des rev\u00eatements situ\u00e9s en contrebas (p. ex. moquette, sols linol\u00e9um, etc.).<br \/>\nCompatible avec les sols design MeisterDesign. flex, MeisterDesign. life et MeisterDesign. rigid.<\/p>\n<p>En aluminium.<\/p>\n","protected":false},"featured_media":1000000134481,"template":"","meta":[],"product_brand":[12122],"product_cat":[7504],"product_tag":[],"class_list":{"0":"post-9190","1":"product","2":"type-product","3":"status-publish","4":"has-post-thumbnail","6":"product_brand-meister-accessoire","7":"product_cat-plinthes-et-accessoires","8":"product_shipping_class-petit-equipement-outil-eclairage","10":"first","11":"instock","12":"taxable","13":"shipping-taxable","14":"purchasable","15":"product-type-variable"},"yoast_head":"<!-- This site is optimized with the Yoast SEO plugin v27.5 - https:\/\/yoast.com\/product\/yoast-seo-wordpress\/ -->\n<title>Barre pour \u00e9galiser le niveau entre 2 sols Profil\u00e9 Mod\u00e8le 100 MEISTER<\/title>\n<meta name=\"description\" content=\"Pour \u00e9galiser le niveau avec des sols ou des rev\u00eatements situ\u00e9s en contrebas (p. ex. moquette, sols linol\u00e9um, etc.). Compatible avec les sols design MeisterDesign. flex, MeisterDesign. life et MeisterDesign. rigid.  En aluminium. Loire-Atlantique\" \/>\n<meta name=\"robots\" content=\"noindex, nofollow\" \/>\n<meta property=\"og:locale\" content=\"fr_FR\" \/>\n<meta property=\"og:type\" content=\"article\" \/>\n<meta property=\"og:title\" content=\"Barre pour \u00e9galiser le niveau entre 2 sols Profil\u00e9 Mod\u00e8le 100 MEISTER\" \/>\n<meta property=\"og:description\" content=\"Pour \u00e9galiser le niveau avec des sols ou des rev\u00eatements situ\u00e9s en contrebas (p. ex. moquette, sols linol\u00e9um, etc.). Compatible avec les sols design MeisterDesign. flex, MeisterDesign. life et MeisterDesign. rigid.  En aluminium. Loire-Atlantique\" \/>\n<meta property=\"og:url\" content=\"https:\/\/nature-et-developpement.com\/logisain-44\/produit\/barre-pour-egaliser-le-niveau-entre-2-sols-profile-d-egalisation-modele-100-meister\/\" \/>\n<meta property=\"og:site_name\" content=\"Logisain 44\" \/>\n<meta property=\"article:modified_time\" content=\"2026-03-26T17:35:07+00:00\" \/>\n<meta name=\"twitter:card\" content=\"summary_large_image\" \/>\n<script type=\"application\/ld+json\" class=\"yoast-schema-graph\">{\"@context\":\"https:\\\/\\\/schema.org\",\"@graph\":[{\"@type\":\"WebPage\",\"@id\":\"https:\\\/\\\/nature-et-developpement.com\\\/logisain-44\\\/produit\\\/barre-pour-egaliser-le-niveau-entre-2-sols-profile-d-egalisation-modele-100-meister\\\/\",\"url\":\"https:\\\/\\\/nature-et-developpement.com\\\/logisain-44\\\/produit\\\/barre-pour-egaliser-le-niveau-entre-2-sols-profile-d-egalisation-modele-100-meister\\\/\",\"name\":\"Barre pour \u00e9galiser le niveau entre 2 sols Profil\u00e9 Mod\u00e8le 100 MEISTER\",\"isPartOf\":{\"@id\":\"https:\\\/\\\/nature-et-developpement.com\\\/logisain-44\\\/#website\"},\"primaryImageOfPage\":{\"@id\":\"https:\\\/\\\/nature-et-developpement.com\\\/logisain-44\\\/produit\\\/barre-pour-egaliser-le-niveau-entre-2-sols-profile-d-egalisation-modele-100-meister\\\/#primaryimage\"},\"image\":{\"@id\":\"https:\\\/\\\/nature-et-developpement.com\\\/logisain-44\\\/produit\\\/barre-pour-egaliser-le-niveau-entre-2-sols-profile-d-egalisation-modele-100-meister\\\/#primaryimage\"},\"thumbnailUrl\":\"https:\\\/\\\/nature-et-developpement.com\\\/logisain-44\\\/wp-content\\\/uploads\\\/27709-Barre-pour-egaliser-le-niveau-entre-2-sols-Profile-degalisation-Modele-100-MEISTER.jpg\",\"datePublished\":\"2020-04-22T13:05:44+00:00\",\"dateModified\":\"2026-03-26T17:35:07+00:00\",\"description\":\"Pour \u00e9galiser le niveau avec des sols ou des rev\u00eatements situ\u00e9s en contrebas (p. ex. moquette, sols linol\u00e9um, etc.). Compatible avec les sols design MeisterDesign. flex, MeisterDesign. life et MeisterDesign. rigid. En aluminium. Loire-Atlantique\",\"breadcrumb\":{\"@id\":\"https:\\\/\\\/nature-et-developpement.com\\\/logisain-44\\\/produit\\\/barre-pour-egaliser-le-niveau-entre-2-sols-profile-d-egalisation-modele-100-meister\\\/#breadcrumb\"},\"inLanguage\":\"fr-FR\",\"potentialAction\":[{\"@type\":\"ReadAction\",\"target\":[\"https:\\\/\\\/nature-et-developpement.com\\\/logisain-44\\\/produit\\\/barre-pour-egaliser-le-niveau-entre-2-sols-profile-d-egalisation-modele-100-meister\\\/\"]}]},{\"@type\":\"ImageObject\",\"inLanguage\":\"fr-FR\",\"@id\":\"https:\\\/\\\/nature-et-developpement.com\\\/logisain-44\\\/produit\\\/barre-pour-egaliser-le-niveau-entre-2-sols-profile-d-egalisation-modele-100-meister\\\/#primaryimage\",\"url\":\"https:\\\/\\\/nature-et-developpement.com\\\/logisain-44\\\/wp-content\\\/uploads\\\/27709-Barre-pour-egaliser-le-niveau-entre-2-sols-Profile-degalisation-Modele-100-MEISTER.jpg\",\"contentUrl\":\"https:\\\/\\\/nature-et-developpement.com\\\/logisain-44\\\/wp-content\\\/uploads\\\/27709-Barre-pour-egaliser-le-niveau-entre-2-sols-Profile-degalisation-Modele-100-MEISTER.jpg\"},{\"@type\":\"BreadcrumbList\",\"@id\":\"https:\\\/\\\/nature-et-developpement.com\\\/logisain-44\\\/produit\\\/barre-pour-egaliser-le-niveau-entre-2-sols-profile-d-egalisation-modele-100-meister\\\/#breadcrumb\",\"itemListElement\":[{\"@type\":\"ListItem\",\"position\":1,\"name\":\"Accueil\",\"item\":\"https:\\\/\\\/nature-et-developpement.com\\\/logisain-44\\\/\"},{\"@type\":\"ListItem\",\"position\":2,\"name\":\"Produits\",\"item\":\"https:\\\/\\\/nature-et-developpement.com\\\/logisain-44\\\/shop\\\/\"},{\"@type\":\"ListItem\",\"position\":3,\"name\":\"Parquets bois, stratifi\u00e9s et li\u00e8ge\",\"item\":\"https:\\\/\\\/nature-et-developpement.com\\\/logisain-44\\\/produits\\\/parquet-et-sol-naturels\\\/\"},{\"@type\":\"ListItem\",\"position\":4,\"name\":\"Plinthes et accessoires\",\"item\":\"https:\\\/\\\/nature-et-developpement.com\\\/logisain-44\\\/produits\\\/parquet-et-sol-naturels\\\/plinthes-et-accessoires\\\/\"},{\"@type\":\"ListItem\",\"position\":5,\"name\":\"Barre pour \u00e9galiser le niveau entre 2 sols Profil\u00e9 d&rsquo;\u00e9galisation Mod\u00e8le 100 MEISTER\"}]},{\"@type\":\"WebSite\",\"@id\":\"https:\\\/\\\/nature-et-developpement.com\\\/logisain-44\\\/#website\",\"url\":\"https:\\\/\\\/nature-et-developpement.com\\\/logisain-44\\\/\",\"name\":\"Logisain 44\",\"description\":\"Logisain 44 est membre du groupement Nature &amp; D\u00e9veloppement\",\"publisher\":{\"@id\":\"https:\\\/\\\/nature-et-developpement.com\\\/logisain-44\\\/#organization\"},\"potentialAction\":[{\"@type\":\"SearchAction\",\"target\":{\"@type\":\"EntryPoint\",\"urlTemplate\":\"https:\\\/\\\/nature-et-developpement.com\\\/logisain-44\\\/?s={search_term_string}\"},\"query-input\":{\"@type\":\"PropertyValueSpecification\",\"valueRequired\":true,\"valueName\":\"search_term_string\"}}],\"inLanguage\":\"fr-FR\"},{\"@type\":\"Organization\",\"@id\":\"https:\\\/\\\/nature-et-developpement.com\\\/logisain-44\\\/#organization\",\"name\":\"Logisain 44\",\"url\":\"https:\\\/\\\/nature-et-developpement.com\\\/logisain-44\\\/\",\"logo\":{\"@type\":\"ImageObject\",\"inLanguage\":\"fr-FR\",\"@id\":\"https:\\\/\\\/nature-et-developpement.com\\\/logisain-44\\\/#\\\/schema\\\/logo\\\/image\\\/\",\"url\":\"https:\\\/\\\/nature-et-developpement.com\\\/logisain-44\\\/wp-content\\\/uploads\\\/sites\\\/4\\\/2021\\\/08\\\/logo-logisain.jpg\",\"contentUrl\":\"https:\\\/\\\/nature-et-developpement.com\\\/logisain-44\\\/wp-content\\\/uploads\\\/sites\\\/4\\\/2021\\\/08\\\/logo-logisain.jpg\",\"width\":672,\"height\":455,\"caption\":\"Logisain 44\"},\"image\":{\"@id\":\"https:\\\/\\\/nature-et-developpement.com\\\/logisain-44\\\/#\\\/schema\\\/logo\\\/image\\\/\"}}]}<\/script>\n<!-- \/ Yoast SEO plugin. -->","yoast_head_json":{"title":"Barre pour \u00e9galiser le niveau entre 2 sols Profil\u00e9 Mod\u00e8le 100 MEISTER","description":"Pour \u00e9galiser le niveau avec des sols ou des rev\u00eatements situ\u00e9s en contrebas (p. ex. moquette, sols linol\u00e9um, etc.). Compatible avec les sols design MeisterDesign. flex, MeisterDesign. life et MeisterDesign. rigid.  En aluminium. Loire-Atlantique","robots":{"index":"noindex","follow":"nofollow"},"og_locale":"fr_FR","og_type":"article","og_title":"Barre pour \u00e9galiser le niveau entre 2 sols Profil\u00e9 Mod\u00e8le 100 MEISTER","og_description":"Pour \u00e9galiser le niveau avec des sols ou des rev\u00eatements situ\u00e9s en contrebas (p. ex. moquette, sols linol\u00e9um, etc.). Compatible avec les sols design MeisterDesign. flex, MeisterDesign. life et MeisterDesign. rigid.  En aluminium. Loire-Atlantique","og_url":"https:\/\/nature-et-developpement.com\/logisain-44\/produit\/barre-pour-egaliser-le-niveau-entre-2-sols-profile-d-egalisation-modele-100-meister\/","og_site_name":"Logisain 44","article_modified_time":"2026-03-26T17:35:07+00:00","twitter_card":"summary_large_image","schema":{"@context":"https:\/\/schema.org","@graph":[{"@type":"WebPage","@id":"https:\/\/nature-et-developpement.com\/logisain-44\/produit\/barre-pour-egaliser-le-niveau-entre-2-sols-profile-d-egalisation-modele-100-meister\/","url":"https:\/\/nature-et-developpement.com\/logisain-44\/produit\/barre-pour-egaliser-le-niveau-entre-2-sols-profile-d-egalisation-modele-100-meister\/","name":"Barre pour \u00e9galiser le niveau entre 2 sols Profil\u00e9 Mod\u00e8le 100 MEISTER","isPartOf":{"@id":"https:\/\/nature-et-developpement.com\/logisain-44\/#website"},"primaryImageOfPage":{"@id":"https:\/\/nature-et-developpement.com\/logisain-44\/produit\/barre-pour-egaliser-le-niveau-entre-2-sols-profile-d-egalisation-modele-100-meister\/#primaryimage"},"image":{"@id":"https:\/\/nature-et-developpement.com\/logisain-44\/produit\/barre-pour-egaliser-le-niveau-entre-2-sols-profile-d-egalisation-modele-100-meister\/#primaryimage"},"thumbnailUrl":"https:\/\/nature-et-developpement.com\/logisain-44\/wp-content\/uploads\/27709-Barre-pour-egaliser-le-niveau-entre-2-sols-Profile-degalisation-Modele-100-MEISTER.jpg","datePublished":"2020-04-22T13:05:44+00:00","dateModified":"2026-03-26T17:35:07+00:00","description":"Pour \u00e9galiser le niveau avec des sols ou des rev\u00eatements situ\u00e9s en contrebas (p. ex. moquette, sols linol\u00e9um, etc.). Compatible avec les sols design MeisterDesign. flex, MeisterDesign. life et MeisterDesign. rigid. En aluminium. Loire-Atlantique","breadcrumb":{"@id":"https:\/\/nature-et-developpement.com\/logisain-44\/produit\/barre-pour-egaliser-le-niveau-entre-2-sols-profile-d-egalisation-modele-100-meister\/#breadcrumb"},"inLanguage":"fr-FR","potentialAction":[{"@type":"ReadAction","target":["https:\/\/nature-et-developpement.com\/logisain-44\/produit\/barre-pour-egaliser-le-niveau-entre-2-sols-profile-d-egalisation-modele-100-meister\/"]}]},{"@type":"ImageObject","inLanguage":"fr-FR","@id":"https:\/\/nature-et-developpement.com\/logisain-44\/produit\/barre-pour-egaliser-le-niveau-entre-2-sols-profile-d-egalisation-modele-100-meister\/#primaryimage","url":"https:\/\/nature-et-developpement.com\/logisain-44\/wp-content\/uploads\/27709-Barre-pour-egaliser-le-niveau-entre-2-sols-Profile-degalisation-Modele-100-MEISTER.jpg","contentUrl":"https:\/\/nature-et-developpement.com\/logisain-44\/wp-content\/uploads\/27709-Barre-pour-egaliser-le-niveau-entre-2-sols-Profile-degalisation-Modele-100-MEISTER.jpg"},{"@type":"BreadcrumbList","@id":"https:\/\/nature-et-developpement.com\/logisain-44\/produit\/barre-pour-egaliser-le-niveau-entre-2-sols-profile-d-egalisation-modele-100-meister\/#breadcrumb","itemListElement":[{"@type":"ListItem","position":1,"name":"Accueil","item":"https:\/\/nature-et-developpement.com\/logisain-44\/"},{"@type":"ListItem","position":2,"name":"Produits","item":"https:\/\/nature-et-developpement.com\/logisain-44\/shop\/"},{"@type":"ListItem","position":3,"name":"Parquets bois, stratifi\u00e9s et li\u00e8ge","item":"https:\/\/nature-et-developpement.com\/logisain-44\/produits\/parquet-et-sol-naturels\/"},{"@type":"ListItem","position":4,"name":"Plinthes et accessoires","item":"https:\/\/nature-et-developpement.com\/logisain-44\/produits\/parquet-et-sol-naturels\/plinthes-et-accessoires\/"},{"@type":"ListItem","position":5,"name":"Barre pour \u00e9galiser le niveau entre 2 sols Profil\u00e9 d&rsquo;\u00e9galisation Mod\u00e8le 100 MEISTER"}]},{"@type":"WebSite","@id":"https:\/\/nature-et-developpement.com\/logisain-44\/#website","url":"https:\/\/nature-et-developpement.com\/logisain-44\/","name":"Logisain 44","description":"Logisain 44 est membre du groupement Nature &amp; D\u00e9veloppement","publisher":{"@id":"https:\/\/nature-et-developpement.com\/logisain-44\/#organization"},"potentialAction":[{"@type":"SearchAction","target":{"@type":"EntryPoint","urlTemplate":"https:\/\/nature-et-developpement.com\/logisain-44\/?s={search_term_string}"},"query-input":{"@type":"PropertyValueSpecification","valueRequired":true,"valueName":"search_term_string"}}],"inLanguage":"fr-FR"},{"@type":"Organization","@id":"https:\/\/nature-et-developpement.com\/logisain-44\/#organization","name":"Logisain 44","url":"https:\/\/nature-et-developpement.com\/logisain-44\/","logo":{"@type":"ImageObject","inLanguage":"fr-FR","@id":"https:\/\/nature-et-developpement.com\/logisain-44\/#\/schema\/logo\/image\/","url":"https:\/\/nature-et-developpement.com\/logisain-44\/wp-content\/uploads\/sites\/4\/2021\/08\/logo-logisain.jpg","contentUrl":"https:\/\/nature-et-developpement.com\/logisain-44\/wp-content\/uploads\/sites\/4\/2021\/08\/logo-logisain.jpg","width":672,"height":455,"caption":"Logisain 44"},"image":{"@id":"https:\/\/nature-et-developpement.com\/logisain-44\/#\/schema\/logo\/image\/"}}]}},"distributor_meta":false,"distributor_terms":false,"distributor_media":false,"distributor_original_site_name":"Logisain 44","distributor_original_site_url":"https:\/\/nature-et-developpement.com\/logisain-44","push-errors":false,"_links":{"self":[{"href":"https:\/\/nature-et-developpement.com\/logisain-44\/wp-json\/wp\/v2\/product\/9190","targetHints":{"allow":["GET"]}}],"collection":[{"href":"https:\/\/nature-et-developpement.com\/logisain-44\/wp-json\/wp\/v2\/product"}],"about":[{"href":"https:\/\/nature-et-developpement.com\/logisain-44\/wp-json\/wp\/v2\/types\/product"}],"wp:featuredmedia":[{"embeddable":true,"href":"https:\/\/nature-et-developpement.com\/logisain-44\/wp-json\/"}],"wp:attachment":[{"href":"https:\/\/nature-et-developpement.com\/logisain-44\/wp-json\/wp\/v2\/media?parent=9190"}],"wp:term":[{"taxonomy":"product_brand","embeddable":true,"href":"https:\/\/nature-et-developpement.com\/logisain-44\/wp-json\/wp\/v2\/product_brand?post=9190"},{"taxonomy":"product_cat","embeddable":true,"href":"https:\/\/nature-et-developpement.com\/logisain-44\/wp-json\/wp\/v2\/product_cat?post=9190"},{"taxonomy":"product_tag","embeddable":true,"href":"https:\/\/nature-et-developpement.com\/logisain-44\/wp-json\/wp\/v2\/product_tag?post=9190"}],"curies":[{"name":"wp","href":"https:\/\/api.w.org\/{rel}","templated":true}]}}