{"id":10117,"date":"2017-06-23T12:16:29","date_gmt":"2017-06-23T10:16:29","guid":{"rendered":"https:\/\/nature-et-developpement.com\/logisain78\/produit\/granules-de-bois-grain-de-feu\/"},"modified":"2025-02-26T15:26:42","modified_gmt":"2025-02-26T14:26:42","slug":"granules-de-bois-grain-de-feu","status":"publish","type":"product","link":"https:\/\/nature-et-developpement.com\/logisain-78\/produit\/granules-de-bois-grain-de-feu\/","title":{"rendered":"Granul\u00e9s de bois \/ grain de feu"},"content":{"rendered":"<p style=\"margin-top:13px;margin-bottom:13px;padding:0px;font-family:Khmer, Arial\"><span>La particularit\u00e9 de ce combustible est d\u2019\u00eatre tr\u00e8s sec et de poss\u00e9der un bon pouvoir calorifique (environ 4,75 Kwh\/Kg). Il permet la production de chaleur dans des appareils automatiques et de remplacer des \u00e9nergies fossiles sans difficult\u00e9s.<\/span><\/p>\n<p style=\"margin-top:13px;margin-bottom:13px;padding:0px;font-family:Khmer, Arial\"><span>Son pire ennemie \u00e9tant l\u2019eau, il doit \u00eatre stock\u00e9 dans un endroit sec et \u00e9tanche. L\u2019id\u00e9al \u00e9tant dans un garage ou un sous-sol. Il existe trois grandes familles de granul\u00e9 de bois\u00a0:<\/span><\/p>\n<p style=\"margin-top:13px;margin-bottom:13px;padding:0px;font-family:Khmer, Arial\"><span>\u00a0\u00a0\u00a0\u00a0\u00a0\u00a0\u00a0\u00a0\u00a0\u00a0\u00a0\u00a0\u00a0\u00a0\u00a0 &#8211; le r\u00e9sineux (pin, sapin, \u00e9pic\u00e9a, m\u00e9l\u00e8ze, douglas, etc.)<\/span><\/p>\n<p style=\"margin-top:13px;margin-bottom:13px;padding:0px;font-family:Khmer, Arial\"><span>\u00a0\u00a0\u00a0\u00a0\u00a0\u00a0\u00a0\u00a0\u00a0\u00a0\u00a0\u00a0\u00a0\u00a0\u00a0 &#8211; le feuillus (ch\u00eane, charme, ch\u00e2taigniers, etc.\u00a0)<\/span><\/p>\n<p style=\"margin-top:13px;margin-bottom:13px;padding:0px;font-family:Khmer, Arial\"><span>\u00a0\u00a0\u00a0\u00a0\u00a0\u00a0\u00a0\u00a0\u00a0\u00a0\u00a0\u00a0\u00a0\u00a0\u00a0 &#8211; le mixte (il est compos\u00e9 de \u00ab\u00a0r\u00e9sineux\u00a0\u00bb et \u00ab\u00a0feuillus\u00a0\u00bb).<\/span><\/p>\n<p style=\"margin-top:13px;margin-bottom:13px;padding:0px;font-family:Khmer, Arial\"><span>L\u2019important dans le granul\u00e9 de bois n\u2019est pas dans la composition d\u2019une essence plus que l\u2019autre mais surtout d\u2019\u00e9viter d\u2019\u00eatre compos\u00e9 de broyat de palette ou autre bois pouvant \u00eatre contamin\u00e9 par une colle ou autre adjuvant pouvant nuire \u00e0 la combustion.<\/span><\/p>\n<p style=\"margin-top:13px;margin-bottom:13px;padding:0px\"><font face=\"trebuchet ms, geneva\"><span style=\"font-size:13.3333px\">Notre fabricant, Boi\u2019Sup, s\u2019approvisionne en sciure aupr\u00e8s des diff\u00e9rentes scieries de la r\u00e9gion centre qui compte deux massifs forestiers importants sur Orl\u00e9ans\u00a0et en Sologne.<\/span><\/font><\/p>\n","protected":false},"excerpt":{"rendered":"<p>Gran de feu est sac de 15kg de granul\u00e9s issue d&rsquo;une fili\u00e8re ONF, norm\u00e9 NF haute performance pour un fonctionnement optimal de votre \u00e9quipement. Possibilit\u00e9 de stockage dans notre d\u00e9p\u00f4t.<\/p>\n","protected":false},"featured_media":10114,"template":"","meta":[],"product_brand":[2913],"product_cat":[384,383,2909],"product_tag":[],"class_list":{"0":"post-10117","1":"product","2":"type-product","3":"status-publish","4":"has-post-thumbnail","6":"product_brand-produit-logisain","7":"product_cat-chauffage","8":"product_cat-energie-et-ventilation","9":"product_cat-demande-de-devis-uniquement-sans-prix","10":"product_shipping_class-impact-transport-important","12":"first","13":"instock","14":"taxable","15":"shipping-taxable","16":"purchasable","17":"product-type-simple"},"yoast_head":"<!-- This site is optimized with the Yoast SEO plugin v27.5 - https:\/\/yoast.com\/product\/yoast-seo-wordpress\/ -->\n<title>Granul\u00e9s de bois \/ grain de feu<\/title>\n<meta name=\"description\" content=\"Gran de feu est sac de 15kg de granul\u00e9s issue d&#039;une fili\u00e8re ONF, norm\u00e9 NF haute performance pour un fonctionnement optimal de votre \u00e9quipement. Possibilit\u00e9 de stockage dans notre d\u00e9p\u00f4t.\" \/>\n<meta name=\"robots\" content=\"noindex, follow\" \/>\n<meta property=\"og:locale\" content=\"fr_FR\" \/>\n<meta property=\"og:type\" content=\"article\" \/>\n<meta property=\"og:title\" content=\"Granul\u00e9s de bois \/ grain de feu\" \/>\n<meta property=\"og:description\" content=\"Gran de feu est sac de 15kg de granul\u00e9s issue d&#039;une fili\u00e8re ONF, norm\u00e9 NF haute performance pour un fonctionnement optimal de votre \u00e9quipement. Possibilit\u00e9 de stockage dans notre d\u00e9p\u00f4t.\" \/>\n<meta property=\"og:url\" content=\"https:\/\/nature-et-developpement.com\/logisain-78\/produit\/granules-de-bois-grain-de-feu\/\" \/>\n<meta property=\"og:site_name\" content=\"LOGISAIN 78 \u2013 Magasin de mat\u00e9riaux biosourc\u00e9s\" \/>\n<meta property=\"article:modified_time\" content=\"2025-02-26T14:26:42+00:00\" \/>\n<meta property=\"og:image\" content=\"https:\/\/nature-et-developpement.com\/logisain-78\/wp-content\/uploads\/sites\/5\/2021\/06\/15448-Granules-de-bois-grain-de-feu.jpg\" \/>\n\t<meta property=\"og:image:width\" content=\"800\" \/>\n\t<meta property=\"og:image:height\" content=\"800\" \/>\n\t<meta property=\"og:image:type\" content=\"image\/jpeg\" \/>\n<meta name=\"twitter:card\" content=\"summary_large_image\" \/>\n<meta name=\"twitter:label1\" content=\"Dur\u00e9e de lecture estim\u00e9e\" \/>\n\t<meta name=\"twitter:data1\" content=\"1 minute\" \/>\n<script type=\"application\/ld+json\" class=\"yoast-schema-graph\">{\"@context\":\"https:\\\/\\\/schema.org\",\"@graph\":[{\"@type\":\"WebPage\",\"@id\":\"https:\\\/\\\/nature-et-developpement.com\\\/logisain-78\\\/produit\\\/granules-de-bois-grain-de-feu\\\/\",\"url\":\"https:\\\/\\\/nature-et-developpement.com\\\/logisain-78\\\/produit\\\/granules-de-bois-grain-de-feu\\\/\",\"name\":\"Granul\u00e9s de bois \\\/ grain de feu\",\"isPartOf\":{\"@id\":\"https:\\\/\\\/nature-et-developpement.com\\\/logisain-78\\\/#website\"},\"primaryImageOfPage\":{\"@id\":\"https:\\\/\\\/nature-et-developpement.com\\\/logisain-78\\\/produit\\\/granules-de-bois-grain-de-feu\\\/#primaryimage\"},\"image\":{\"@id\":\"https:\\\/\\\/nature-et-developpement.com\\\/logisain-78\\\/produit\\\/granules-de-bois-grain-de-feu\\\/#primaryimage\"},\"thumbnailUrl\":\"https:\\\/\\\/nature-et-developpement.com\\\/logisain-78\\\/wp-content\\\/uploads\\\/sites\\\/5\\\/2021\\\/06\\\/15448-Granules-de-bois-grain-de-feu.jpg\",\"datePublished\":\"2017-06-23T10:16:29+00:00\",\"dateModified\":\"2025-02-26T14:26:42+00:00\",\"description\":\"Gran de feu est sac de 15kg de granul\u00e9s issue d'une fili\u00e8re ONF, norm\u00e9 NF haute performance pour un fonctionnement optimal de votre \u00e9quipement. Possibilit\u00e9 de stockage dans notre d\u00e9p\u00f4t.\",\"breadcrumb\":{\"@id\":\"https:\\\/\\\/nature-et-developpement.com\\\/logisain-78\\\/produit\\\/granules-de-bois-grain-de-feu\\\/#breadcrumb\"},\"inLanguage\":\"fr-FR\",\"potentialAction\":[{\"@type\":\"ReadAction\",\"target\":[\"https:\\\/\\\/nature-et-developpement.com\\\/logisain-78\\\/produit\\\/granules-de-bois-grain-de-feu\\\/\"]}]},{\"@type\":\"ImageObject\",\"inLanguage\":\"fr-FR\",\"@id\":\"https:\\\/\\\/nature-et-developpement.com\\\/logisain-78\\\/produit\\\/granules-de-bois-grain-de-feu\\\/#primaryimage\",\"url\":\"https:\\\/\\\/nature-et-developpement.com\\\/logisain-78\\\/wp-content\\\/uploads\\\/sites\\\/5\\\/2021\\\/06\\\/15448-Granules-de-bois-grain-de-feu.jpg\",\"contentUrl\":\"https:\\\/\\\/nature-et-developpement.com\\\/logisain-78\\\/wp-content\\\/uploads\\\/sites\\\/5\\\/2021\\\/06\\\/15448-Granules-de-bois-grain-de-feu.jpg\",\"width\":800,\"height\":800,\"caption\":\"Granul\u00e9s de bois \\\/ grain de feu\"},{\"@type\":\"BreadcrumbList\",\"@id\":\"https:\\\/\\\/nature-et-developpement.com\\\/logisain-78\\\/produit\\\/granules-de-bois-grain-de-feu\\\/#breadcrumb\",\"itemListElement\":[{\"@type\":\"ListItem\",\"position\":1,\"name\":\"Accueil\",\"item\":\"https:\\\/\\\/nature-et-developpement.com\\\/logisain-78\\\/\"},{\"@type\":\"ListItem\",\"position\":2,\"name\":\"Produits\",\"item\":\"https:\\\/\\\/nature-et-developpement.com\\\/logisain-78\\\/shop\\\/\"},{\"@type\":\"ListItem\",\"position\":3,\"name\":\"Chauffage, eau et \u00e9nergie\",\"item\":\"https:\\\/\\\/nature-et-developpement.com\\\/logisain-78\\\/produits\\\/energie-et-ventilation\\\/\"},{\"@type\":\"ListItem\",\"position\":4,\"name\":\"Chauffage bois et pellet, chaudi\u00e8re, po\u00eale, insert\",\"item\":\"https:\\\/\\\/nature-et-developpement.com\\\/logisain-78\\\/produits\\\/energie-et-ventilation\\\/chauffage\\\/\"},{\"@type\":\"ListItem\",\"position\":5,\"name\":\"Granul\u00e9s de bois \\\/ grain de feu\"}]},{\"@type\":\"WebSite\",\"@id\":\"https:\\\/\\\/nature-et-developpement.com\\\/logisain-78\\\/#website\",\"url\":\"https:\\\/\\\/nature-et-developpement.com\\\/logisain-78\\\/\",\"name\":\"LOGISAIN 78 \u2013 Magasin de mat\u00e9riaux biosourc\u00e9s\",\"description\":\"Logisain 78 est membre du groupement Nature &amp; D\u00e9veloppement\",\"publisher\":{\"@id\":\"https:\\\/\\\/nature-et-developpement.com\\\/logisain-78\\\/#organization\"},\"potentialAction\":[{\"@type\":\"SearchAction\",\"target\":{\"@type\":\"EntryPoint\",\"urlTemplate\":\"https:\\\/\\\/nature-et-developpement.com\\\/logisain-78\\\/?s={search_term_string}\"},\"query-input\":{\"@type\":\"PropertyValueSpecification\",\"valueRequired\":true,\"valueName\":\"search_term_string\"}}],\"inLanguage\":\"fr-FR\"},{\"@type\":\"Organization\",\"@id\":\"https:\\\/\\\/nature-et-developpement.com\\\/logisain-78\\\/#organization\",\"name\":\"Logisain 78\",\"url\":\"https:\\\/\\\/nature-et-developpement.com\\\/logisain-78\\\/\",\"logo\":{\"@type\":\"ImageObject\",\"inLanguage\":\"fr-FR\",\"@id\":\"https:\\\/\\\/nature-et-developpement.com\\\/logisain-78\\\/#\\\/schema\\\/logo\\\/image\\\/\",\"url\":\"https:\\\/\\\/nature-et-developpement.com\\\/logisain-78\\\/wp-content\\\/uploads\\\/sites\\\/5\\\/2021\\\/08\\\/logo-logisain.jpg\",\"contentUrl\":\"https:\\\/\\\/nature-et-developpement.com\\\/logisain-78\\\/wp-content\\\/uploads\\\/sites\\\/5\\\/2021\\\/08\\\/logo-logisain.jpg\",\"width\":672,\"height\":455,\"caption\":\"Logisain 78\"},\"image\":{\"@id\":\"https:\\\/\\\/nature-et-developpement.com\\\/logisain-78\\\/#\\\/schema\\\/logo\\\/image\\\/\"}}]}<\/script>\n<!-- \/ Yoast SEO plugin. -->","yoast_head_json":{"title":"Granul\u00e9s de bois \/ grain de feu","description":"Gran de feu est sac de 15kg de granul\u00e9s issue d'une fili\u00e8re ONF, norm\u00e9 NF haute performance pour un fonctionnement optimal de votre \u00e9quipement. Possibilit\u00e9 de stockage dans notre d\u00e9p\u00f4t.","robots":{"index":"noindex","follow":"follow"},"og_locale":"fr_FR","og_type":"article","og_title":"Granul\u00e9s de bois \/ grain de feu","og_description":"Gran de feu est sac de 15kg de granul\u00e9s issue d'une fili\u00e8re ONF, norm\u00e9 NF haute performance pour un fonctionnement optimal de votre \u00e9quipement. Possibilit\u00e9 de stockage dans notre d\u00e9p\u00f4t.","og_url":"https:\/\/nature-et-developpement.com\/logisain-78\/produit\/granules-de-bois-grain-de-feu\/","og_site_name":"LOGISAIN 78 \u2013 Magasin de mat\u00e9riaux biosourc\u00e9s","article_modified_time":"2025-02-26T14:26:42+00:00","og_image":[{"width":800,"height":800,"url":"https:\/\/nature-et-developpement.com\/logisain-78\/wp-content\/uploads\/sites\/5\/2021\/06\/15448-Granules-de-bois-grain-de-feu.jpg","type":"image\/jpeg"}],"twitter_card":"summary_large_image","twitter_misc":{"Dur\u00e9e de lecture estim\u00e9e":"1 minute"},"schema":{"@context":"https:\/\/schema.org","@graph":[{"@type":"WebPage","@id":"https:\/\/nature-et-developpement.com\/logisain-78\/produit\/granules-de-bois-grain-de-feu\/","url":"https:\/\/nature-et-developpement.com\/logisain-78\/produit\/granules-de-bois-grain-de-feu\/","name":"Granul\u00e9s de bois \/ grain de feu","isPartOf":{"@id":"https:\/\/nature-et-developpement.com\/logisain-78\/#website"},"primaryImageOfPage":{"@id":"https:\/\/nature-et-developpement.com\/logisain-78\/produit\/granules-de-bois-grain-de-feu\/#primaryimage"},"image":{"@id":"https:\/\/nature-et-developpement.com\/logisain-78\/produit\/granules-de-bois-grain-de-feu\/#primaryimage"},"thumbnailUrl":"https:\/\/nature-et-developpement.com\/logisain-78\/wp-content\/uploads\/sites\/5\/2021\/06\/15448-Granules-de-bois-grain-de-feu.jpg","datePublished":"2017-06-23T10:16:29+00:00","dateModified":"2025-02-26T14:26:42+00:00","description":"Gran de feu est sac de 15kg de granul\u00e9s issue d'une fili\u00e8re ONF, norm\u00e9 NF haute performance pour un fonctionnement optimal de votre \u00e9quipement. Possibilit\u00e9 de stockage dans notre d\u00e9p\u00f4t.","breadcrumb":{"@id":"https:\/\/nature-et-developpement.com\/logisain-78\/produit\/granules-de-bois-grain-de-feu\/#breadcrumb"},"inLanguage":"fr-FR","potentialAction":[{"@type":"ReadAction","target":["https:\/\/nature-et-developpement.com\/logisain-78\/produit\/granules-de-bois-grain-de-feu\/"]}]},{"@type":"ImageObject","inLanguage":"fr-FR","@id":"https:\/\/nature-et-developpement.com\/logisain-78\/produit\/granules-de-bois-grain-de-feu\/#primaryimage","url":"https:\/\/nature-et-developpement.com\/logisain-78\/wp-content\/uploads\/sites\/5\/2021\/06\/15448-Granules-de-bois-grain-de-feu.jpg","contentUrl":"https:\/\/nature-et-developpement.com\/logisain-78\/wp-content\/uploads\/sites\/5\/2021\/06\/15448-Granules-de-bois-grain-de-feu.jpg","width":800,"height":800,"caption":"Granul\u00e9s de bois \/ grain de feu"},{"@type":"BreadcrumbList","@id":"https:\/\/nature-et-developpement.com\/logisain-78\/produit\/granules-de-bois-grain-de-feu\/#breadcrumb","itemListElement":[{"@type":"ListItem","position":1,"name":"Accueil","item":"https:\/\/nature-et-developpement.com\/logisain-78\/"},{"@type":"ListItem","position":2,"name":"Produits","item":"https:\/\/nature-et-developpement.com\/logisain-78\/shop\/"},{"@type":"ListItem","position":3,"name":"Chauffage, eau et \u00e9nergie","item":"https:\/\/nature-et-developpement.com\/logisain-78\/produits\/energie-et-ventilation\/"},{"@type":"ListItem","position":4,"name":"Chauffage bois et pellet, chaudi\u00e8re, po\u00eale, insert","item":"https:\/\/nature-et-developpement.com\/logisain-78\/produits\/energie-et-ventilation\/chauffage\/"},{"@type":"ListItem","position":5,"name":"Granul\u00e9s de bois \/ grain de feu"}]},{"@type":"WebSite","@id":"https:\/\/nature-et-developpement.com\/logisain-78\/#website","url":"https:\/\/nature-et-developpement.com\/logisain-78\/","name":"LOGISAIN 78 \u2013 Magasin de mat\u00e9riaux biosourc\u00e9s","description":"Logisain 78 est membre du groupement Nature &amp; D\u00e9veloppement","publisher":{"@id":"https:\/\/nature-et-developpement.com\/logisain-78\/#organization"},"potentialAction":[{"@type":"SearchAction","target":{"@type":"EntryPoint","urlTemplate":"https:\/\/nature-et-developpement.com\/logisain-78\/?s={search_term_string}"},"query-input":{"@type":"PropertyValueSpecification","valueRequired":true,"valueName":"search_term_string"}}],"inLanguage":"fr-FR"},{"@type":"Organization","@id":"https:\/\/nature-et-developpement.com\/logisain-78\/#organization","name":"Logisain 78","url":"https:\/\/nature-et-developpement.com\/logisain-78\/","logo":{"@type":"ImageObject","inLanguage":"fr-FR","@id":"https:\/\/nature-et-developpement.com\/logisain-78\/#\/schema\/logo\/image\/","url":"https:\/\/nature-et-developpement.com\/logisain-78\/wp-content\/uploads\/sites\/5\/2021\/08\/logo-logisain.jpg","contentUrl":"https:\/\/nature-et-developpement.com\/logisain-78\/wp-content\/uploads\/sites\/5\/2021\/08\/logo-logisain.jpg","width":672,"height":455,"caption":"Logisain 78"},"image":{"@id":"https:\/\/nature-et-developpement.com\/logisain-78\/#\/schema\/logo\/image\/"}}]}},"distributor_meta":false,"distributor_terms":false,"distributor_media":false,"distributor_original_site_name":"LOGISAIN 78 \u2013 Magasin de mat\u00e9riaux biosourc\u00e9s","distributor_original_site_url":"https:\/\/nature-et-developpement.com\/logisain-78","push-errors":false,"_links":{"self":[{"href":"https:\/\/nature-et-developpement.com\/logisain-78\/wp-json\/wp\/v2\/product\/10117","targetHints":{"allow":["GET"]}}],"collection":[{"href":"https:\/\/nature-et-developpement.com\/logisain-78\/wp-json\/wp\/v2\/product"}],"about":[{"href":"https:\/\/nature-et-developpement.com\/logisain-78\/wp-json\/wp\/v2\/types\/product"}],"wp:featuredmedia":[{"embeddable":true,"href":"https:\/\/nature-et-developpement.com\/logisain-78\/wp-json\/wp\/v2\/media\/10114"}],"wp:attachment":[{"href":"https:\/\/nature-et-developpement.com\/logisain-78\/wp-json\/wp\/v2\/media?parent=10117"}],"wp:term":[{"taxonomy":"product_brand","embeddable":true,"href":"https:\/\/nature-et-developpement.com\/logisain-78\/wp-json\/wp\/v2\/product_brand?post=10117"},{"taxonomy":"product_cat","embeddable":true,"href":"https:\/\/nature-et-developpement.com\/logisain-78\/wp-json\/wp\/v2\/product_cat?post=10117"},{"taxonomy":"product_tag","embeddable":true,"href":"https:\/\/nature-et-developpement.com\/logisain-78\/wp-json\/wp\/v2\/product_tag?post=10117"}],"curies":[{"name":"wp","href":"https:\/\/api.w.org\/{rel}","templated":true}]}}