{"id":10230,"date":"2025-05-23T12:10:30","date_gmt":"2025-05-23T10:10:30","guid":{"rendered":"https:\/\/nature-et-developpement.com\/logisain78\/produit\/filtres-a-eau\/"},"modified":"2025-12-10T11:20:59","modified_gmt":"2025-12-10T10:20:59","slug":"filtre-pichet-eco-blanc-dateur-manuel-hydropure","status":"publish","type":"product","link":"https:\/\/nature-et-developpement.com\/logisain-78\/produit\/filtre-pichet-eco-blanc-dateur-manuel-hydropure\/","title":{"rendered":"Filtre-Pichet \u00e9conomique blanc avec dateur manuel HYDROPURE"},"content":{"rendered":"<h2>Filtre-Pichet \u00e9conomique blanc avec dateur manuel HYDROPURE<\/h2>\n<p>Ce filtre-pichet est compatible avec les plus grandes marques du march\u00e9.<\/p>\n<p>Le syst\u00e8me de cartouche rechargeable est beaucoup plus \u00e9conomique et \u00e9cologique : plus besoin de jeter la cartouche enti\u00e8re, vous pouvez utiliser les recharges en charbon actif et r\u00e9sine.<\/p>\n<h3>Le filtre pichet \u00e9limine :<\/h3>\n<ul>\n<li>M\u00e9taux lourds (plomb, cuivre\u2026)<\/li>\n<li>Pesticides<\/li>\n<li>Chlore<\/li>\n<li>Nitrates (sauf recharges Classiques)<\/li>\n<li>Calcaire (sauf recharges Sp\u00e9cifiques Nitrates)<\/li>\n<\/ul>\n<h3 class=\"yikes-custom-woo-tab-title yikes-custom-woo-tab-title-installation\">Installation<\/h3>\n<p><strong>Mise en place de la cartouche :\u00a0<\/strong>Remettez la cartouche remplie et bien ferm\u00e9e dans le bas du r\u00e9servoir. Appuyez l\u00e9g\u00e8rement dessus pour assurer l\u2019\u00e9tanch\u00e9it\u00e9 avec le r\u00e9servoir.<\/p>\n<p><strong>Filtration :\u00a0<\/strong>Pour filtrer l\u2019eau, il vous suffit de remplir le r\u00e9servoir avec l\u2019eau froide du robinet. Utilisez le premier r\u00e9servoir plein (1,25 l) pour arroser vos plantes \u00e0 chaque nouvelle recharge.<\/p>\n<p><strong>Lavage du filtre-pichet :\u00a0<\/strong>Il est n\u00e9cessaire avant utilisation de nettoyer soigneusement le pichet et le r\u00e9servoir avec une \u00e9ponge douce et du liquide vaisselle, puis de bien les rincer.<\/p>\n<p><strong>Informations importantes :\u00a0<\/strong>\u00c0\u00a0chaque changement de cartouche, il est important de nettoyer soigneusement et enti\u00e8rement le filtre-pichet, cartouche comprise, avec une \u00e9ponge douce. Apr\u00e8s une absence prolong\u00e9e, n\u2019utilisez votre filtre-pichet qu\u2019apr\u00e8s l\u2019avoir lav\u00e9 et avoir chang\u00e9 la recharge. Ne pas faire couler de l\u2019eau chaude \u00e0 travers le filtre. Ne pas exposer le filtre-pichet au soleil d\u2019une mani\u00e8re prolong\u00e9e. Filtrer uniquement une eau bact\u00e9riologiquement potable.<\/p>\n<h3>Une marque de confiance<\/h3>\n<p>Cr\u00e9\u00e9e il y a plus de 20 ans et dirig\u00e9e depuis par un ing\u00e9nieur en G\u00e9nie Chimique<\/p>\n<p>La soci\u00e9t\u00e9 CIDT est impliqu\u00e9e dans la recherche et le d\u00e9veloppement de solutions efficaces et \u00e9conomiques pour la filtration de l\u2019eau.<\/p>\n<p>Ses premi\u00e8res activit\u00e9s se sont concentr\u00e9es sur la conception et la r\u00e9alisation de syst\u00e8mes de traitement de l\u2019eau par osmose inverse destin\u00e9s aux particuliers et \u00e0 diff\u00e9rentes industries.<\/p>\n<p>En 1994, pour r\u00e9pondre \u00e0 une demande croissante de filtration plus \u00e9conomique, sont lanc\u00e9es la Cartouche Universelle rechargeable.<\/p>\n<p>Elle est adaptable \u00e0 tous les types de filtre-pichets, et les Recharges Universelles.<\/p>\n<p>Depuis, les recherches ont port\u00e9 sur les techniques les plus efficaces pour r\u00e9pondre aux probl\u00e9matiques graves du plomb, des r\u00e9sidus de m\u00e9dicaments, des organo-chlor\u00e9s, des pesticides, et des bact\u00e9ries dans l\u2019eau de consommation.<\/p>\n<p>La gamme des filtres \u00e0 eau HYDROPURE\u00ae Microfiltration en est l\u2019aboutissement.<\/p>\n","protected":false},"excerpt":{"rendered":"<p>Gr\u00e2ce au filtre-pichet Hydropure vous am\u00e9liorez sensiblement le go\u00fbt de l\u2019eau<br \/>\npour vos th\u00e9s, caf\u00e9s, boissons, gla\u00e7ons et eau de cuisson.<br \/>\nVous \u00e9liminez \u00e9galement l\u2019odeur d\u00e9sagr\u00e9able du chlore<\/p>\n","protected":false},"featured_media":1000000156127,"template":"","meta":[],"product_brand":[2829],"product_cat":[1771],"product_tag":[4306],"class_list":{"0":"post-10230","1":"product","2":"type-product","3":"status-publish","4":"has-post-thumbnail","6":"product_brand-cidt","7":"product_cat-eau","8":"product_tag-cidt","9":"product_shipping_class-petit-equipement-outil-eclairage","11":"first","12":"instock","13":"taxable","14":"shipping-taxable","15":"purchasable","16":"product-type-simple"},"yoast_head":"<!-- This site is optimized with the Yoast SEO plugin v27.5 - https:\/\/yoast.com\/product\/yoast-seo-wordpress\/ -->\n<title>Filtre-Pichet \u00e9conomique blanc avec dateur manuel HYDROPURE<\/title>\n<meta name=\"description\" content=\"Gr\u00e2ce au filtre-pichet Hydropure vous am\u00e9liorez sensiblement le go\u00fbt de l\u2019eau pour vos th\u00e9s, caf\u00e9s, boissons, gla\u00e7ons et eau de cuisson. Vous \u00e9liminez \u00e9galement l\u2019odeur d\u00e9sagr\u00e9able du chlore\" \/>\n<meta name=\"robots\" content=\"noindex, nofollow\" \/>\n<meta property=\"og:locale\" content=\"fr_FR\" \/>\n<meta property=\"og:type\" content=\"article\" \/>\n<meta property=\"og:title\" content=\"Filtre-Pichet \u00e9conomique blanc avec dateur manuel HYDROPURE\" \/>\n<meta property=\"og:description\" content=\"Gr\u00e2ce au filtre-pichet Hydropure vous am\u00e9liorez sensiblement le go\u00fbt de l\u2019eau pour vos th\u00e9s, caf\u00e9s, boissons, gla\u00e7ons et eau de cuisson. Vous \u00e9liminez \u00e9galement l\u2019odeur d\u00e9sagr\u00e9able du chlore\" \/>\n<meta property=\"og:url\" content=\"https:\/\/nature-et-developpement.com\/logisain-78\/produit\/filtre-pichet-eco-blanc-dateur-manuel-hydropure\/\" \/>\n<meta property=\"og:site_name\" content=\"LOGISAIN 78 \u2013 Magasin de mat\u00e9riaux biosourc\u00e9s\" \/>\n<meta property=\"article:modified_time\" content=\"2025-12-10T10:20:59+00:00\" \/>\n<meta name=\"twitter:card\" content=\"summary_large_image\" \/>\n<meta name=\"twitter:label1\" content=\"Dur\u00e9e de lecture estim\u00e9e\" \/>\n\t<meta name=\"twitter:data1\" content=\"2 minutes\" \/>\n<script type=\"application\/ld+json\" class=\"yoast-schema-graph\">{\"@context\":\"https:\\\/\\\/schema.org\",\"@graph\":[{\"@type\":\"WebPage\",\"@id\":\"https:\\\/\\\/nature-et-developpement.com\\\/logisain-78\\\/produit\\\/filtre-pichet-eco-blanc-dateur-manuel-hydropure\\\/\",\"url\":\"https:\\\/\\\/nature-et-developpement.com\\\/logisain-78\\\/produit\\\/filtre-pichet-eco-blanc-dateur-manuel-hydropure\\\/\",\"name\":\"Filtre-Pichet \u00e9conomique blanc avec dateur manuel HYDROPURE\",\"isPartOf\":{\"@id\":\"https:\\\/\\\/nature-et-developpement.com\\\/logisain-78\\\/#website\"},\"primaryImageOfPage\":{\"@id\":\"https:\\\/\\\/nature-et-developpement.com\\\/logisain-78\\\/produit\\\/filtre-pichet-eco-blanc-dateur-manuel-hydropure\\\/#primaryimage\"},\"image\":{\"@id\":\"https:\\\/\\\/nature-et-developpement.com\\\/logisain-78\\\/produit\\\/filtre-pichet-eco-blanc-dateur-manuel-hydropure\\\/#primaryimage\"},\"thumbnailUrl\":\"https:\\\/\\\/nature-et-developpement.com\\\/logisain-78\\\/wp-content\\\/uploads\\\/Filtre-Pichet-Eco-Blanc-Dateur-manuel-HYDROPUR.jpg\",\"datePublished\":\"2025-05-23T10:10:30+00:00\",\"dateModified\":\"2025-12-10T10:20:59+00:00\",\"description\":\"Gr\u00e2ce au filtre-pichet Hydropure vous am\u00e9liorez sensiblement le go\u00fbt de l\u2019eau pour vos th\u00e9s, caf\u00e9s, boissons, gla\u00e7ons et eau de cuisson. Vous \u00e9liminez \u00e9galement l\u2019odeur d\u00e9sagr\u00e9able du chlore\",\"breadcrumb\":{\"@id\":\"https:\\\/\\\/nature-et-developpement.com\\\/logisain-78\\\/produit\\\/filtre-pichet-eco-blanc-dateur-manuel-hydropure\\\/#breadcrumb\"},\"inLanguage\":\"fr-FR\",\"potentialAction\":[{\"@type\":\"ReadAction\",\"target\":[\"https:\\\/\\\/nature-et-developpement.com\\\/logisain-78\\\/produit\\\/filtre-pichet-eco-blanc-dateur-manuel-hydropure\\\/\"]}]},{\"@type\":\"ImageObject\",\"inLanguage\":\"fr-FR\",\"@id\":\"https:\\\/\\\/nature-et-developpement.com\\\/logisain-78\\\/produit\\\/filtre-pichet-eco-blanc-dateur-manuel-hydropure\\\/#primaryimage\",\"url\":\"https:\\\/\\\/nature-et-developpement.com\\\/logisain-78\\\/wp-content\\\/uploads\\\/Filtre-Pichet-Eco-Blanc-Dateur-manuel-HYDROPUR.jpg\",\"contentUrl\":\"https:\\\/\\\/nature-et-developpement.com\\\/logisain-78\\\/wp-content\\\/uploads\\\/Filtre-Pichet-Eco-Blanc-Dateur-manuel-HYDROPUR.jpg\"},{\"@type\":\"BreadcrumbList\",\"@id\":\"https:\\\/\\\/nature-et-developpement.com\\\/logisain-78\\\/produit\\\/filtre-pichet-eco-blanc-dateur-manuel-hydropure\\\/#breadcrumb\",\"itemListElement\":[{\"@type\":\"ListItem\",\"position\":1,\"name\":\"Accueil\",\"item\":\"https:\\\/\\\/nature-et-developpement.com\\\/logisain-78\\\/\"},{\"@type\":\"ListItem\",\"position\":2,\"name\":\"Produits\",\"item\":\"https:\\\/\\\/nature-et-developpement.com\\\/logisain-78\\\/shop\\\/\"},{\"@type\":\"ListItem\",\"position\":3,\"name\":\"Chauffage, eau et \u00e9nergie\",\"item\":\"https:\\\/\\\/nature-et-developpement.com\\\/logisain-78\\\/produits\\\/energie-et-ventilation\\\/\"},{\"@type\":\"ListItem\",\"position\":4,\"name\":\"Eau, filtre \u00e0 eau, r\u00e9cup\u00e9rateur d'eau de pluie\",\"item\":\"https:\\\/\\\/nature-et-developpement.com\\\/logisain-78\\\/produits\\\/energie-et-ventilation\\\/eau\\\/\"},{\"@type\":\"ListItem\",\"position\":5,\"name\":\"Filtre-Pichet \u00e9conomique blanc avec dateur manuel HYDROPURE\"}]},{\"@type\":\"WebSite\",\"@id\":\"https:\\\/\\\/nature-et-developpement.com\\\/logisain-78\\\/#website\",\"url\":\"https:\\\/\\\/nature-et-developpement.com\\\/logisain-78\\\/\",\"name\":\"LOGISAIN 78 \u2013 Magasin de mat\u00e9riaux biosourc\u00e9s\",\"description\":\"Logisain 78 est membre du groupement Nature &amp; D\u00e9veloppement\",\"publisher\":{\"@id\":\"https:\\\/\\\/nature-et-developpement.com\\\/logisain-78\\\/#organization\"},\"potentialAction\":[{\"@type\":\"SearchAction\",\"target\":{\"@type\":\"EntryPoint\",\"urlTemplate\":\"https:\\\/\\\/nature-et-developpement.com\\\/logisain-78\\\/?s={search_term_string}\"},\"query-input\":{\"@type\":\"PropertyValueSpecification\",\"valueRequired\":true,\"valueName\":\"search_term_string\"}}],\"inLanguage\":\"fr-FR\"},{\"@type\":\"Organization\",\"@id\":\"https:\\\/\\\/nature-et-developpement.com\\\/logisain-78\\\/#organization\",\"name\":\"Logisain 78\",\"url\":\"https:\\\/\\\/nature-et-developpement.com\\\/logisain-78\\\/\",\"logo\":{\"@type\":\"ImageObject\",\"inLanguage\":\"fr-FR\",\"@id\":\"https:\\\/\\\/nature-et-developpement.com\\\/logisain-78\\\/#\\\/schema\\\/logo\\\/image\\\/\",\"url\":\"https:\\\/\\\/nature-et-developpement.com\\\/logisain-78\\\/wp-content\\\/uploads\\\/sites\\\/5\\\/2021\\\/08\\\/logo-logisain.jpg\",\"contentUrl\":\"https:\\\/\\\/nature-et-developpement.com\\\/logisain-78\\\/wp-content\\\/uploads\\\/sites\\\/5\\\/2021\\\/08\\\/logo-logisain.jpg\",\"width\":672,\"height\":455,\"caption\":\"Logisain 78\"},\"image\":{\"@id\":\"https:\\\/\\\/nature-et-developpement.com\\\/logisain-78\\\/#\\\/schema\\\/logo\\\/image\\\/\"}}]}<\/script>\n<!-- \/ Yoast SEO plugin. -->","yoast_head_json":{"title":"Filtre-Pichet \u00e9conomique blanc avec dateur manuel HYDROPURE","description":"Gr\u00e2ce au filtre-pichet Hydropure vous am\u00e9liorez sensiblement le go\u00fbt de l\u2019eau pour vos th\u00e9s, caf\u00e9s, boissons, gla\u00e7ons et eau de cuisson. Vous \u00e9liminez \u00e9galement l\u2019odeur d\u00e9sagr\u00e9able du chlore","robots":{"index":"noindex","follow":"nofollow"},"og_locale":"fr_FR","og_type":"article","og_title":"Filtre-Pichet \u00e9conomique blanc avec dateur manuel HYDROPURE","og_description":"Gr\u00e2ce au filtre-pichet Hydropure vous am\u00e9liorez sensiblement le go\u00fbt de l\u2019eau pour vos th\u00e9s, caf\u00e9s, boissons, gla\u00e7ons et eau de cuisson. Vous \u00e9liminez \u00e9galement l\u2019odeur d\u00e9sagr\u00e9able du chlore","og_url":"https:\/\/nature-et-developpement.com\/logisain-78\/produit\/filtre-pichet-eco-blanc-dateur-manuel-hydropure\/","og_site_name":"LOGISAIN 78 \u2013 Magasin de mat\u00e9riaux biosourc\u00e9s","article_modified_time":"2025-12-10T10:20:59+00:00","twitter_card":"summary_large_image","twitter_misc":{"Dur\u00e9e de lecture estim\u00e9e":"2 minutes"},"schema":{"@context":"https:\/\/schema.org","@graph":[{"@type":"WebPage","@id":"https:\/\/nature-et-developpement.com\/logisain-78\/produit\/filtre-pichet-eco-blanc-dateur-manuel-hydropure\/","url":"https:\/\/nature-et-developpement.com\/logisain-78\/produit\/filtre-pichet-eco-blanc-dateur-manuel-hydropure\/","name":"Filtre-Pichet \u00e9conomique blanc avec dateur manuel HYDROPURE","isPartOf":{"@id":"https:\/\/nature-et-developpement.com\/logisain-78\/#website"},"primaryImageOfPage":{"@id":"https:\/\/nature-et-developpement.com\/logisain-78\/produit\/filtre-pichet-eco-blanc-dateur-manuel-hydropure\/#primaryimage"},"image":{"@id":"https:\/\/nature-et-developpement.com\/logisain-78\/produit\/filtre-pichet-eco-blanc-dateur-manuel-hydropure\/#primaryimage"},"thumbnailUrl":"https:\/\/nature-et-developpement.com\/logisain-78\/wp-content\/uploads\/Filtre-Pichet-Eco-Blanc-Dateur-manuel-HYDROPUR.jpg","datePublished":"2025-05-23T10:10:30+00:00","dateModified":"2025-12-10T10:20:59+00:00","description":"Gr\u00e2ce au filtre-pichet Hydropure vous am\u00e9liorez sensiblement le go\u00fbt de l\u2019eau pour vos th\u00e9s, caf\u00e9s, boissons, gla\u00e7ons et eau de cuisson. Vous \u00e9liminez \u00e9galement l\u2019odeur d\u00e9sagr\u00e9able du chlore","breadcrumb":{"@id":"https:\/\/nature-et-developpement.com\/logisain-78\/produit\/filtre-pichet-eco-blanc-dateur-manuel-hydropure\/#breadcrumb"},"inLanguage":"fr-FR","potentialAction":[{"@type":"ReadAction","target":["https:\/\/nature-et-developpement.com\/logisain-78\/produit\/filtre-pichet-eco-blanc-dateur-manuel-hydropure\/"]}]},{"@type":"ImageObject","inLanguage":"fr-FR","@id":"https:\/\/nature-et-developpement.com\/logisain-78\/produit\/filtre-pichet-eco-blanc-dateur-manuel-hydropure\/#primaryimage","url":"https:\/\/nature-et-developpement.com\/logisain-78\/wp-content\/uploads\/Filtre-Pichet-Eco-Blanc-Dateur-manuel-HYDROPUR.jpg","contentUrl":"https:\/\/nature-et-developpement.com\/logisain-78\/wp-content\/uploads\/Filtre-Pichet-Eco-Blanc-Dateur-manuel-HYDROPUR.jpg"},{"@type":"BreadcrumbList","@id":"https:\/\/nature-et-developpement.com\/logisain-78\/produit\/filtre-pichet-eco-blanc-dateur-manuel-hydropure\/#breadcrumb","itemListElement":[{"@type":"ListItem","position":1,"name":"Accueil","item":"https:\/\/nature-et-developpement.com\/logisain-78\/"},{"@type":"ListItem","position":2,"name":"Produits","item":"https:\/\/nature-et-developpement.com\/logisain-78\/shop\/"},{"@type":"ListItem","position":3,"name":"Chauffage, eau et \u00e9nergie","item":"https:\/\/nature-et-developpement.com\/logisain-78\/produits\/energie-et-ventilation\/"},{"@type":"ListItem","position":4,"name":"Eau, filtre \u00e0 eau, r\u00e9cup\u00e9rateur d'eau de pluie","item":"https:\/\/nature-et-developpement.com\/logisain-78\/produits\/energie-et-ventilation\/eau\/"},{"@type":"ListItem","position":5,"name":"Filtre-Pichet \u00e9conomique blanc avec dateur manuel HYDROPURE"}]},{"@type":"WebSite","@id":"https:\/\/nature-et-developpement.com\/logisain-78\/#website","url":"https:\/\/nature-et-developpement.com\/logisain-78\/","name":"LOGISAIN 78 \u2013 Magasin de mat\u00e9riaux biosourc\u00e9s","description":"Logisain 78 est membre du groupement Nature &amp; D\u00e9veloppement","publisher":{"@id":"https:\/\/nature-et-developpement.com\/logisain-78\/#organization"},"potentialAction":[{"@type":"SearchAction","target":{"@type":"EntryPoint","urlTemplate":"https:\/\/nature-et-developpement.com\/logisain-78\/?s={search_term_string}"},"query-input":{"@type":"PropertyValueSpecification","valueRequired":true,"valueName":"search_term_string"}}],"inLanguage":"fr-FR"},{"@type":"Organization","@id":"https:\/\/nature-et-developpement.com\/logisain-78\/#organization","name":"Logisain 78","url":"https:\/\/nature-et-developpement.com\/logisain-78\/","logo":{"@type":"ImageObject","inLanguage":"fr-FR","@id":"https:\/\/nature-et-developpement.com\/logisain-78\/#\/schema\/logo\/image\/","url":"https:\/\/nature-et-developpement.com\/logisain-78\/wp-content\/uploads\/sites\/5\/2021\/08\/logo-logisain.jpg","contentUrl":"https:\/\/nature-et-developpement.com\/logisain-78\/wp-content\/uploads\/sites\/5\/2021\/08\/logo-logisain.jpg","width":672,"height":455,"caption":"Logisain 78"},"image":{"@id":"https:\/\/nature-et-developpement.com\/logisain-78\/#\/schema\/logo\/image\/"}}]}},"distributor_meta":false,"distributor_terms":false,"distributor_media":false,"distributor_original_site_name":"LOGISAIN 78 \u2013 Magasin de mat\u00e9riaux biosourc\u00e9s","distributor_original_site_url":"https:\/\/nature-et-developpement.com\/logisain-78","push-errors":false,"_links":{"self":[{"href":"https:\/\/nature-et-developpement.com\/logisain-78\/wp-json\/wp\/v2\/product\/10230","targetHints":{"allow":["GET"]}}],"collection":[{"href":"https:\/\/nature-et-developpement.com\/logisain-78\/wp-json\/wp\/v2\/product"}],"about":[{"href":"https:\/\/nature-et-developpement.com\/logisain-78\/wp-json\/wp\/v2\/types\/product"}],"wp:featuredmedia":[{"embeddable":true,"href":"https:\/\/nature-et-developpement.com\/logisain-78\/wp-json\/"}],"wp:attachment":[{"href":"https:\/\/nature-et-developpement.com\/logisain-78\/wp-json\/wp\/v2\/media?parent=10230"}],"wp:term":[{"taxonomy":"product_brand","embeddable":true,"href":"https:\/\/nature-et-developpement.com\/logisain-78\/wp-json\/wp\/v2\/product_brand?post=10230"},{"taxonomy":"product_cat","embeddable":true,"href":"https:\/\/nature-et-developpement.com\/logisain-78\/wp-json\/wp\/v2\/product_cat?post=10230"},{"taxonomy":"product_tag","embeddable":true,"href":"https:\/\/nature-et-developpement.com\/logisain-78\/wp-json\/wp\/v2\/product_tag?post=10230"}],"curies":[{"name":"wp","href":"https:\/\/api.w.org\/{rel}","templated":true}]}}