{"id":10236,"date":"2017-06-23T12:09:26","date_gmt":"2017-06-23T10:09:26","guid":{"rendered":"https:\/\/nature-et-developpement.com\/logisain78\/produit\/chaudiere-a-granules-p1-pellet\/"},"modified":"2025-06-12T16:57:53","modified_gmt":"2025-06-12T14:57:53","slug":"chaudiere-a-granules-pe1-pellet-froling","status":"publish","type":"product","link":"https:\/\/nature-et-developpement.com\/logisain-78\/produit\/chaudiere-a-granules-pe1-pellet-froling\/","title":{"rendered":"Chaudi\u00e8re \u00e0 granul\u00e9s PE1 Pellet Fr\u00f6ling"},"content":{"rendered":"<h2 id=\"titre\">Chaudi\u00e8re \u00e0 granul\u00e9s PE1 Pellet<\/h2>\n<div id=\"toolbar\">\n<div>\n<div><\/div>\n<\/div>\n<\/div>\n<div>\n<p>Avec une surface au sol de seulement compacte, la chaudi\u00e8re \u00e0 granul\u00e9s PE1 Pellet pose de nouveaux jalons en mati\u00e8re de chaudi\u00e8re \u00e0 granul\u00e9s.<\/p>\n<p>Son fonctionnement silencieux et son confort \u00e9lev\u00e9, ses faibles \u00e9missions et sa consommation \u00e9lectrique extr\u00eamement faible : telles sont les caract\u00e9ristiques qui distinguent la nouvelle PE1 Pellet.<\/p>\n<p>Gr\u00e2ce \u00e0 son efficacit\u00e9 \u00e9nerg\u00e9tique \u00e9lev\u00e9e, la PE1 Pellet est particuli\u00e8rement appropri\u00e9e aux maisons \u00e0 basse consommation d\u2019\u00e9nergie ou passives.<\/p>\n<h3><strong>La solution compacte pour la chaufferie<\/strong><\/h3>\n<p><strong>C\u2019est une caract\u00e9ristique exceptionnelle ! <\/strong><\/p>\n<p>La nouvelle P1 Pellet est disponible en option avec une unit\u00e9 de chauffe-eau pour pr\u00e9parer l\u2019eau chaude sanitaire et une unit\u00e9 hydraulique avec pompes de circuit de chauffage, m\u00e9langeur de circuit de chauffage et pompe de chargement de l\u2019accumulateur.<\/p>\n<p>Avec ces deux modules pouvant \u00eatre rajout\u00e9s \u00e0 tout moment, la PE1 Pellet est la solution compl\u00e8te et compacte pour la chaufferie.<\/p>\n<p><strong>Pose et installation astucieuses<\/strong><\/p>\n<p>La chaudi\u00e8re PE1 Pellet pr\u00e9sente des avantages importants d\u00e8s la pose dans la chaufferie.<\/p>\n<p>Gr\u00e2ce \u00e0 ses dimensions particuli\u00e8rement compactes, le montage devient un jeu d\u2019enfants m\u00eame dans les chaufferies exigu\u00ebs.<\/p>\n<p>La PE1 Pellet est livr\u00e9e enti\u00e8rement c\u00e2bl\u00e9e, pr\u00eate \u00e0 \u00eatre raccord\u00e9e.<\/p>\n<p>Gr\u00e2ce \u00e0 sa construction modulaire, il est possible de rajouter \u00e0 tout moment sur la PE1 Pellet l\u2019unit\u00e9 de chauffe-eau et l\u2019unit\u00e9 hydraulique, toutes deux optionnelles.<\/p>\n<\/div>\n","protected":false},"excerpt":{"rendered":"<p>La solution compacte (surface au sol de seulement 0,38 m\u00b2) pour la chaufferie. Plage de puissance de 7 kW \u00e0 35 kW.<\/p>\n","protected":false},"featured_media":1000000169965,"template":"","meta":[],"product_brand":[4312],"product_cat":[384,383,2909],"product_tag":[],"class_list":{"0":"post-10236","1":"product","2":"type-product","3":"status-publish","4":"has-post-thumbnail","6":"product_brand-froling","7":"product_cat-chauffage","8":"product_cat-energie-et-ventilation","9":"product_cat-demande-de-devis-uniquement-sans-prix","10":"product_shipping_class-impact-transport-important","12":"first","13":"instock","14":"taxable","15":"shipping-taxable","16":"purchasable","17":"product-type-variable"},"yoast_head":"<!-- This site is optimized with the Yoast SEO plugin v27.5 - https:\/\/yoast.com\/product\/yoast-seo-wordpress\/ -->\n<title>Chaudi\u00e8re \u00e0 granul\u00e9s PE1 Pellet Fr\u00f6ling<\/title>\n<meta name=\"description\" content=\"La solution compacte (surface au sol de seulement 0,38 m\u00b2) pour la chaufferie. Plage de puissance de 7 kW \u00e0 35 kW.\" \/>\n<meta name=\"robots\" content=\"noindex, follow\" \/>\n<meta property=\"og:locale\" content=\"fr_FR\" \/>\n<meta property=\"og:type\" content=\"article\" \/>\n<meta property=\"og:title\" content=\"Chaudi\u00e8re \u00e0 granul\u00e9s PE1 Pellet Fr\u00f6ling\" \/>\n<meta property=\"og:description\" content=\"La solution compacte (surface au sol de seulement 0,38 m\u00b2) pour la chaufferie. Plage de puissance de 7 kW \u00e0 35 kW.\" \/>\n<meta property=\"og:url\" content=\"https:\/\/nature-et-developpement.com\/logisain-78\/produit\/chaudiere-a-granules-pe1-pellet-froling\/\" \/>\n<meta property=\"og:site_name\" content=\"LOGISAIN 78 \u2013 Magasin de mat\u00e9riaux biosourc\u00e9s\" \/>\n<meta property=\"article:modified_time\" content=\"2025-06-12T14:57:53+00:00\" \/>\n<meta name=\"twitter:card\" content=\"summary_large_image\" \/>\n<meta name=\"twitter:label1\" content=\"Dur\u00e9e de lecture estim\u00e9e\" \/>\n\t<meta name=\"twitter:data1\" content=\"2 minutes\" \/>\n<script type=\"application\/ld+json\" class=\"yoast-schema-graph\">{\"@context\":\"https:\\\/\\\/schema.org\",\"@graph\":[{\"@type\":\"WebPage\",\"@id\":\"https:\\\/\\\/nature-et-developpement.com\\\/logisain-78\\\/produit\\\/chaudiere-a-granules-pe1-pellet-froling\\\/\",\"url\":\"https:\\\/\\\/nature-et-developpement.com\\\/logisain-78\\\/produit\\\/chaudiere-a-granules-pe1-pellet-froling\\\/\",\"name\":\"Chaudi\u00e8re \u00e0 granul\u00e9s PE1 Pellet Fr\u00f6ling\",\"isPartOf\":{\"@id\":\"https:\\\/\\\/nature-et-developpement.com\\\/logisain-78\\\/#website\"},\"primaryImageOfPage\":{\"@id\":\"https:\\\/\\\/nature-et-developpement.com\\\/logisain-78\\\/produit\\\/chaudiere-a-granules-pe1-pellet-froling\\\/#primaryimage\"},\"image\":{\"@id\":\"https:\\\/\\\/nature-et-developpement.com\\\/logisain-78\\\/produit\\\/chaudiere-a-granules-pe1-pellet-froling\\\/#primaryimage\"},\"thumbnailUrl\":\"https:\\\/\\\/nature-et-developpement.com\\\/logisain-78\\\/wp-content\\\/uploads\\\/Chaudiere-a-granules-PE1-Pellet-Froeling.jpg\",\"datePublished\":\"2017-06-23T10:09:26+00:00\",\"dateModified\":\"2025-06-12T14:57:53+00:00\",\"description\":\"La solution compacte (surface au sol de seulement 0,38 m\u00b2) pour la chaufferie. Plage de puissance de 7 kW \u00e0 35 kW.\",\"breadcrumb\":{\"@id\":\"https:\\\/\\\/nature-et-developpement.com\\\/logisain-78\\\/produit\\\/chaudiere-a-granules-pe1-pellet-froling\\\/#breadcrumb\"},\"inLanguage\":\"fr-FR\",\"potentialAction\":[{\"@type\":\"ReadAction\",\"target\":[\"https:\\\/\\\/nature-et-developpement.com\\\/logisain-78\\\/produit\\\/chaudiere-a-granules-pe1-pellet-froling\\\/\"]}]},{\"@type\":\"ImageObject\",\"inLanguage\":\"fr-FR\",\"@id\":\"https:\\\/\\\/nature-et-developpement.com\\\/logisain-78\\\/produit\\\/chaudiere-a-granules-pe1-pellet-froling\\\/#primaryimage\",\"url\":\"https:\\\/\\\/nature-et-developpement.com\\\/logisain-78\\\/wp-content\\\/uploads\\\/Chaudiere-a-granules-PE1-Pellet-Froeling.jpg\",\"contentUrl\":\"https:\\\/\\\/nature-et-developpement.com\\\/logisain-78\\\/wp-content\\\/uploads\\\/Chaudiere-a-granules-PE1-Pellet-Froeling.jpg\"},{\"@type\":\"BreadcrumbList\",\"@id\":\"https:\\\/\\\/nature-et-developpement.com\\\/logisain-78\\\/produit\\\/chaudiere-a-granules-pe1-pellet-froling\\\/#breadcrumb\",\"itemListElement\":[{\"@type\":\"ListItem\",\"position\":1,\"name\":\"Accueil\",\"item\":\"https:\\\/\\\/nature-et-developpement.com\\\/logisain-78\\\/\"},{\"@type\":\"ListItem\",\"position\":2,\"name\":\"Produits\",\"item\":\"https:\\\/\\\/nature-et-developpement.com\\\/logisain-78\\\/shop\\\/\"},{\"@type\":\"ListItem\",\"position\":3,\"name\":\"Chauffage, eau et \u00e9nergie\",\"item\":\"https:\\\/\\\/nature-et-developpement.com\\\/logisain-78\\\/produits\\\/energie-et-ventilation\\\/\"},{\"@type\":\"ListItem\",\"position\":4,\"name\":\"Chauffage bois et pellet, chaudi\u00e8re, po\u00eale, insert\",\"item\":\"https:\\\/\\\/nature-et-developpement.com\\\/logisain-78\\\/produits\\\/energie-et-ventilation\\\/chauffage\\\/\"},{\"@type\":\"ListItem\",\"position\":5,\"name\":\"Chaudi\u00e8re \u00e0 granul\u00e9s PE1 Pellet Fr\u00f6ling\"}]},{\"@type\":\"WebSite\",\"@id\":\"https:\\\/\\\/nature-et-developpement.com\\\/logisain-78\\\/#website\",\"url\":\"https:\\\/\\\/nature-et-developpement.com\\\/logisain-78\\\/\",\"name\":\"LOGISAIN 78 \u2013 Magasin de mat\u00e9riaux biosourc\u00e9s\",\"description\":\"Logisain 78 est membre du groupement Nature &amp; D\u00e9veloppement\",\"publisher\":{\"@id\":\"https:\\\/\\\/nature-et-developpement.com\\\/logisain-78\\\/#organization\"},\"potentialAction\":[{\"@type\":\"SearchAction\",\"target\":{\"@type\":\"EntryPoint\",\"urlTemplate\":\"https:\\\/\\\/nature-et-developpement.com\\\/logisain-78\\\/?s={search_term_string}\"},\"query-input\":{\"@type\":\"PropertyValueSpecification\",\"valueRequired\":true,\"valueName\":\"search_term_string\"}}],\"inLanguage\":\"fr-FR\"},{\"@type\":\"Organization\",\"@id\":\"https:\\\/\\\/nature-et-developpement.com\\\/logisain-78\\\/#organization\",\"name\":\"Logisain 78\",\"url\":\"https:\\\/\\\/nature-et-developpement.com\\\/logisain-78\\\/\",\"logo\":{\"@type\":\"ImageObject\",\"inLanguage\":\"fr-FR\",\"@id\":\"https:\\\/\\\/nature-et-developpement.com\\\/logisain-78\\\/#\\\/schema\\\/logo\\\/image\\\/\",\"url\":\"https:\\\/\\\/nature-et-developpement.com\\\/logisain-78\\\/wp-content\\\/uploads\\\/sites\\\/5\\\/2021\\\/08\\\/logo-logisain.jpg\",\"contentUrl\":\"https:\\\/\\\/nature-et-developpement.com\\\/logisain-78\\\/wp-content\\\/uploads\\\/sites\\\/5\\\/2021\\\/08\\\/logo-logisain.jpg\",\"width\":672,\"height\":455,\"caption\":\"Logisain 78\"},\"image\":{\"@id\":\"https:\\\/\\\/nature-et-developpement.com\\\/logisain-78\\\/#\\\/schema\\\/logo\\\/image\\\/\"}}]}<\/script>\n<!-- \/ Yoast SEO plugin. -->","yoast_head_json":{"title":"Chaudi\u00e8re \u00e0 granul\u00e9s PE1 Pellet Fr\u00f6ling","description":"La solution compacte (surface au sol de seulement 0,38 m\u00b2) pour la chaufferie. Plage de puissance de 7 kW \u00e0 35 kW.","robots":{"index":"noindex","follow":"follow"},"og_locale":"fr_FR","og_type":"article","og_title":"Chaudi\u00e8re \u00e0 granul\u00e9s PE1 Pellet Fr\u00f6ling","og_description":"La solution compacte (surface au sol de seulement 0,38 m\u00b2) pour la chaufferie. Plage de puissance de 7 kW \u00e0 35 kW.","og_url":"https:\/\/nature-et-developpement.com\/logisain-78\/produit\/chaudiere-a-granules-pe1-pellet-froling\/","og_site_name":"LOGISAIN 78 \u2013 Magasin de mat\u00e9riaux biosourc\u00e9s","article_modified_time":"2025-06-12T14:57:53+00:00","twitter_card":"summary_large_image","twitter_misc":{"Dur\u00e9e de lecture estim\u00e9e":"2 minutes"},"schema":{"@context":"https:\/\/schema.org","@graph":[{"@type":"WebPage","@id":"https:\/\/nature-et-developpement.com\/logisain-78\/produit\/chaudiere-a-granules-pe1-pellet-froling\/","url":"https:\/\/nature-et-developpement.com\/logisain-78\/produit\/chaudiere-a-granules-pe1-pellet-froling\/","name":"Chaudi\u00e8re \u00e0 granul\u00e9s PE1 Pellet Fr\u00f6ling","isPartOf":{"@id":"https:\/\/nature-et-developpement.com\/logisain-78\/#website"},"primaryImageOfPage":{"@id":"https:\/\/nature-et-developpement.com\/logisain-78\/produit\/chaudiere-a-granules-pe1-pellet-froling\/#primaryimage"},"image":{"@id":"https:\/\/nature-et-developpement.com\/logisain-78\/produit\/chaudiere-a-granules-pe1-pellet-froling\/#primaryimage"},"thumbnailUrl":"https:\/\/nature-et-developpement.com\/logisain-78\/wp-content\/uploads\/Chaudiere-a-granules-PE1-Pellet-Froeling.jpg","datePublished":"2017-06-23T10:09:26+00:00","dateModified":"2025-06-12T14:57:53+00:00","description":"La solution compacte (surface au sol de seulement 0,38 m\u00b2) pour la chaufferie. Plage de puissance de 7 kW \u00e0 35 kW.","breadcrumb":{"@id":"https:\/\/nature-et-developpement.com\/logisain-78\/produit\/chaudiere-a-granules-pe1-pellet-froling\/#breadcrumb"},"inLanguage":"fr-FR","potentialAction":[{"@type":"ReadAction","target":["https:\/\/nature-et-developpement.com\/logisain-78\/produit\/chaudiere-a-granules-pe1-pellet-froling\/"]}]},{"@type":"ImageObject","inLanguage":"fr-FR","@id":"https:\/\/nature-et-developpement.com\/logisain-78\/produit\/chaudiere-a-granules-pe1-pellet-froling\/#primaryimage","url":"https:\/\/nature-et-developpement.com\/logisain-78\/wp-content\/uploads\/Chaudiere-a-granules-PE1-Pellet-Froeling.jpg","contentUrl":"https:\/\/nature-et-developpement.com\/logisain-78\/wp-content\/uploads\/Chaudiere-a-granules-PE1-Pellet-Froeling.jpg"},{"@type":"BreadcrumbList","@id":"https:\/\/nature-et-developpement.com\/logisain-78\/produit\/chaudiere-a-granules-pe1-pellet-froling\/#breadcrumb","itemListElement":[{"@type":"ListItem","position":1,"name":"Accueil","item":"https:\/\/nature-et-developpement.com\/logisain-78\/"},{"@type":"ListItem","position":2,"name":"Produits","item":"https:\/\/nature-et-developpement.com\/logisain-78\/shop\/"},{"@type":"ListItem","position":3,"name":"Chauffage, eau et \u00e9nergie","item":"https:\/\/nature-et-developpement.com\/logisain-78\/produits\/energie-et-ventilation\/"},{"@type":"ListItem","position":4,"name":"Chauffage bois et pellet, chaudi\u00e8re, po\u00eale, insert","item":"https:\/\/nature-et-developpement.com\/logisain-78\/produits\/energie-et-ventilation\/chauffage\/"},{"@type":"ListItem","position":5,"name":"Chaudi\u00e8re \u00e0 granul\u00e9s PE1 Pellet Fr\u00f6ling"}]},{"@type":"WebSite","@id":"https:\/\/nature-et-developpement.com\/logisain-78\/#website","url":"https:\/\/nature-et-developpement.com\/logisain-78\/","name":"LOGISAIN 78 \u2013 Magasin de mat\u00e9riaux biosourc\u00e9s","description":"Logisain 78 est membre du groupement Nature &amp; D\u00e9veloppement","publisher":{"@id":"https:\/\/nature-et-developpement.com\/logisain-78\/#organization"},"potentialAction":[{"@type":"SearchAction","target":{"@type":"EntryPoint","urlTemplate":"https:\/\/nature-et-developpement.com\/logisain-78\/?s={search_term_string}"},"query-input":{"@type":"PropertyValueSpecification","valueRequired":true,"valueName":"search_term_string"}}],"inLanguage":"fr-FR"},{"@type":"Organization","@id":"https:\/\/nature-et-developpement.com\/logisain-78\/#organization","name":"Logisain 78","url":"https:\/\/nature-et-developpement.com\/logisain-78\/","logo":{"@type":"ImageObject","inLanguage":"fr-FR","@id":"https:\/\/nature-et-developpement.com\/logisain-78\/#\/schema\/logo\/image\/","url":"https:\/\/nature-et-developpement.com\/logisain-78\/wp-content\/uploads\/sites\/5\/2021\/08\/logo-logisain.jpg","contentUrl":"https:\/\/nature-et-developpement.com\/logisain-78\/wp-content\/uploads\/sites\/5\/2021\/08\/logo-logisain.jpg","width":672,"height":455,"caption":"Logisain 78"},"image":{"@id":"https:\/\/nature-et-developpement.com\/logisain-78\/#\/schema\/logo\/image\/"}}]}},"distributor_meta":false,"distributor_terms":false,"distributor_media":false,"distributor_original_site_name":"LOGISAIN 78 \u2013 Magasin de mat\u00e9riaux biosourc\u00e9s","distributor_original_site_url":"https:\/\/nature-et-developpement.com\/logisain-78","push-errors":false,"_links":{"self":[{"href":"https:\/\/nature-et-developpement.com\/logisain-78\/wp-json\/wp\/v2\/product\/10236","targetHints":{"allow":["GET"]}}],"collection":[{"href":"https:\/\/nature-et-developpement.com\/logisain-78\/wp-json\/wp\/v2\/product"}],"about":[{"href":"https:\/\/nature-et-developpement.com\/logisain-78\/wp-json\/wp\/v2\/types\/product"}],"wp:featuredmedia":[{"embeddable":true,"href":"https:\/\/nature-et-developpement.com\/logisain-78\/wp-json\/"}],"wp:attachment":[{"href":"https:\/\/nature-et-developpement.com\/logisain-78\/wp-json\/wp\/v2\/media?parent=10236"}],"wp:term":[{"taxonomy":"product_brand","embeddable":true,"href":"https:\/\/nature-et-developpement.com\/logisain-78\/wp-json\/wp\/v2\/product_brand?post=10236"},{"taxonomy":"product_cat","embeddable":true,"href":"https:\/\/nature-et-developpement.com\/logisain-78\/wp-json\/wp\/v2\/product_cat?post=10236"},{"taxonomy":"product_tag","embeddable":true,"href":"https:\/\/nature-et-developpement.com\/logisain-78\/wp-json\/wp\/v2\/product_tag?post=10236"}],"curies":[{"name":"wp","href":"https:\/\/api.w.org\/{rel}","templated":true}]}}