{"id":10252,"date":"2017-06-23T12:08:40","date_gmt":"2017-06-23T10:08:40","guid":{"rendered":"https:\/\/nature-et-developpement.com\/logisain78\/produit\/pave-de-bois\/"},"modified":"2025-06-12T16:57:53","modified_gmt":"2025-06-12T14:57:53","slug":"pave-de-bois","status":"publish","type":"product","link":"https:\/\/nature-et-developpement.com\/logisain-78\/produit\/pave-de-bois\/","title":{"rendered":"Pav\u00e9 de bois"},"content":{"rendered":"<p style=\"text-align: left;\">Les Romains le faisaient d\u00e9j\u00e0, nous l\u2019avons simplement remis au go\u00fbt du jour.<br \/>\nLa ville de Bordeaux en a pos\u00e9 sur le parvis de la basilique Saint Michel sur plus de 10 000 m2, pourquoi pas vous ?<\/p>\n<h3>Formats disponibles<\/h3>\n<h4>Carr\u00e9<\/h4>\n<table id=\"tablepress-40\" class=\"tablepress tablepress-id-40\">\n<thead>\n<tr class=\"row-1 odd\">\n<th class=\"column-1\">\n<div>Essence<\/div>\n<\/th>\n<th class=\"column-2\">\n<div>Section<br \/>\n<em>en mm<\/em><\/div>\n<\/th>\n<th class=\"column-3\">\n<div>Hauteur<br \/>\n<em>en mm<\/em><\/div>\n<\/th>\n<th class=\"column-4\">\n<div>Quantit\u00e9<br \/>\n<em>environ au m\u00b2<\/em><\/div>\n<\/th>\n<\/tr>\n<\/thead>\n<tbody class=\"row-hover\">\n<tr class=\"row-2 even\">\n<td class=\"column-1\" rowspan=\"2\">Robinier<\/td>\n<td class=\"column-2\">100 X 100<\/td>\n<td class=\"column-3\">80<\/td>\n<td class=\"column-4\">90<\/td>\n<\/tr>\n<tr class=\"row-3 odd\">\n<td class=\"column-2\">120 X 120<\/td>\n<td class=\"column-3\">80<\/td>\n<td class=\"column-4\">64<\/td>\n<\/tr>\n<tr class=\"row-4 even\">\n<td class=\"column-1\" rowspan=\"4\">Ch\u00e2taignier, Ch\u00eane<\/td>\n<td class=\"column-2\"><\/td>\n<td class=\"column-3\"><\/td>\n<td class=\"column-4\"><\/td>\n<\/tr>\n<tr class=\"row-5 odd\">\n<td class=\"column-2\">100 X 100<\/td>\n<td class=\"column-3\">80<\/td>\n<td class=\"column-4\">90<\/td>\n<\/tr>\n<tr class=\"row-6 even\">\n<td class=\"column-2\">120 X 120<\/td>\n<td class=\"column-3\">80<\/td>\n<td class=\"column-4\">64<\/td>\n<\/tr>\n<tr class=\"row-7 odd\">\n<td class=\"column-2\">140 X 140<\/td>\n<td class=\"column-3\">80<\/td>\n<td class=\"column-4\">45<\/td>\n<\/tr>\n<\/tbody>\n<\/table>\n<p>&nbsp;<\/p>\n<h4>Rectangulaire<\/h4>\n<table id=\"tablepress-41\" class=\"tablepress tablepress-id-41\">\n<thead>\n<tr class=\"row-1 odd\">\n<th class=\"column-1\">\n<div>Essence<\/div>\n<\/th>\n<th class=\"column-2\">\n<div>Section<br \/>\n<em>en mm<\/em><\/div>\n<\/th>\n<th class=\"column-3\">\n<div>Hauteur<br \/>\n<em>en mm<\/em><\/div>\n<\/th>\n<th class=\"column-4\">\n<div>Quantit\u00e9<br \/>\n<em>environ au m\u00b2<\/em><\/div>\n<\/th>\n<\/tr>\n<\/thead>\n<tbody class=\"row-hover\">\n<tr class=\"row-2 even\">\n<td class=\"column-1\">Robinier<\/td>\n<td class=\"column-2\">100 X 150<\/td>\n<td class=\"column-3\">80<\/td>\n<td class=\"column-4\">62<\/td>\n<\/tr>\n<tr class=\"row-3 odd\">\n<td class=\"column-1\">Ch\u00e2taignier, Ch\u00eane<\/td>\n<td class=\"column-2\">100 X 150<\/td>\n<td class=\"column-3\">80<\/td>\n<td class=\"column-4\">62<\/td>\n<\/tr>\n<\/tbody>\n<\/table>\n<h4>Rond<\/h4>\n<table id=\"tablepress-43\" class=\"tablepress tablepress-id-43\">\n<thead>\n<tr class=\"row-1 odd\">\n<th class=\"column-1\">\n<div>Essence<\/div>\n<\/th>\n<th class=\"column-2\">\n<div>\u00d8\u00a0<em>en mm<\/em><\/div>\n<\/th>\n<th class=\"column-3\">\n<div>Hauteur<br \/>\n<em>en mm<\/em><\/div>\n<\/th>\n<th class=\"column-4\">\n<div>Quantit\u00e9<br \/>\n<em>environ au m\u00b2<\/em><\/div>\n<\/th>\n<\/tr>\n<\/thead>\n<tbody class=\"row-hover\">\n<tr class=\"row-2 even\">\n<td class=\"column-1\" rowspan=\"2\">Ch\u00e2taignier<\/td>\n<td class=\"column-2\">120<\/td>\n<td class=\"column-3\">80<\/td>\n<td class=\"column-4\">64<\/td>\n<\/tr>\n<tr class=\"row-3 odd\">\n<td class=\"column-2\">140<\/td>\n<td class=\"column-3\">80<\/td>\n<td class=\"column-4\">49<\/td>\n<\/tr>\n<\/tbody>\n<\/table>\n<p style=\"text-align: left;\">\n","protected":false},"excerpt":{"rendered":"<p>Les Romains le faisaient d\u00e9j\u00e0, nous l&rsquo;avons simplement remis au go\u00fbt du jour.<\/p>\n","protected":false},"featured_media":26919,"template":"","meta":[],"product_brand":[3666],"product_cat":[48,2909,168],"product_tag":[],"class_list":{"0":"post-10252","1":"product","2":"type-product","3":"status-publish","4":"has-post-thumbnail","6":"product_brand-belleme-bois","7":"product_cat-agencement-exterieur","8":"product_cat-demande-de-devis-uniquement-sans-prix","9":"product_cat-terrasses","10":"product_shipping_class-impact-transport-important","12":"first","13":"instock","14":"taxable","15":"shipping-taxable","16":"purchasable","17":"product-type-variable"},"yoast_head":"<!-- This site is optimized with the Yoast SEO plugin v27.5 - https:\/\/yoast.com\/product\/yoast-seo-wordpress\/ -->\n<title>Pav\u00e9 de bois<\/title>\n<meta name=\"description\" content=\"Les Romains le faisaient d\u00e9j\u00e0, nous l&#039;avons simplement remis au go\u00fbt du jour.\" \/>\n<meta name=\"robots\" content=\"noindex, follow\" \/>\n<meta property=\"og:locale\" content=\"fr_FR\" \/>\n<meta property=\"og:type\" content=\"article\" \/>\n<meta property=\"og:title\" content=\"Pav\u00e9 de bois\" \/>\n<meta property=\"og:description\" content=\"Les Romains le faisaient d\u00e9j\u00e0, nous l&#039;avons simplement remis au go\u00fbt du jour.\" \/>\n<meta property=\"og:url\" content=\"https:\/\/nature-et-developpement.com\/logisain-78\/produit\/pave-de-bois\/\" \/>\n<meta property=\"og:site_name\" content=\"LOGISAIN 78 \u2013 Magasin de mat\u00e9riaux biosourc\u00e9s\" \/>\n<meta property=\"article:modified_time\" content=\"2025-06-12T14:57:53+00:00\" \/>\n<meta property=\"og:image\" content=\"https:\/\/nature-et-developpement.com\/logisain-78\/wp-content\/uploads\/sites\/5\/2022\/03\/Pave-de-bois-rond.jpg\" \/>\n\t<meta property=\"og:image:width\" content=\"800\" \/>\n\t<meta property=\"og:image:height\" content=\"800\" \/>\n\t<meta property=\"og:image:type\" content=\"image\/jpeg\" \/>\n<meta name=\"twitter:card\" content=\"summary_large_image\" \/>\n<meta name=\"twitter:label1\" content=\"Dur\u00e9e de lecture estim\u00e9e\" \/>\n\t<meta name=\"twitter:data1\" content=\"1 minute\" \/>\n<script type=\"application\/ld+json\" class=\"yoast-schema-graph\">{\"@context\":\"https:\\\/\\\/schema.org\",\"@graph\":[{\"@type\":\"WebPage\",\"@id\":\"https:\\\/\\\/nature-et-developpement.com\\\/logisain-78\\\/produit\\\/pave-de-bois\\\/\",\"url\":\"https:\\\/\\\/nature-et-developpement.com\\\/logisain-78\\\/produit\\\/pave-de-bois\\\/\",\"name\":\"Pav\u00e9 de bois\",\"isPartOf\":{\"@id\":\"https:\\\/\\\/nature-et-developpement.com\\\/logisain-78\\\/#website\"},\"primaryImageOfPage\":{\"@id\":\"https:\\\/\\\/nature-et-developpement.com\\\/logisain-78\\\/produit\\\/pave-de-bois\\\/#primaryimage\"},\"image\":{\"@id\":\"https:\\\/\\\/nature-et-developpement.com\\\/logisain-78\\\/produit\\\/pave-de-bois\\\/#primaryimage\"},\"thumbnailUrl\":\"https:\\\/\\\/nature-et-developpement.com\\\/logisain-78\\\/wp-content\\\/uploads\\\/sites\\\/5\\\/2022\\\/03\\\/Pave-de-bois-rond.jpg\",\"datePublished\":\"2017-06-23T10:08:40+00:00\",\"dateModified\":\"2025-06-12T14:57:53+00:00\",\"description\":\"Les Romains le faisaient d\u00e9j\u00e0, nous l'avons simplement remis au go\u00fbt du jour.\",\"breadcrumb\":{\"@id\":\"https:\\\/\\\/nature-et-developpement.com\\\/logisain-78\\\/produit\\\/pave-de-bois\\\/#breadcrumb\"},\"inLanguage\":\"fr-FR\",\"potentialAction\":[{\"@type\":\"ReadAction\",\"target\":[\"https:\\\/\\\/nature-et-developpement.com\\\/logisain-78\\\/produit\\\/pave-de-bois\\\/\"]}]},{\"@type\":\"ImageObject\",\"inLanguage\":\"fr-FR\",\"@id\":\"https:\\\/\\\/nature-et-developpement.com\\\/logisain-78\\\/produit\\\/pave-de-bois\\\/#primaryimage\",\"url\":\"https:\\\/\\\/nature-et-developpement.com\\\/logisain-78\\\/wp-content\\\/uploads\\\/sites\\\/5\\\/2022\\\/03\\\/Pave-de-bois-rond.jpg\",\"contentUrl\":\"https:\\\/\\\/nature-et-developpement.com\\\/logisain-78\\\/wp-content\\\/uploads\\\/sites\\\/5\\\/2022\\\/03\\\/Pave-de-bois-rond.jpg\",\"width\":800,\"height\":800},{\"@type\":\"BreadcrumbList\",\"@id\":\"https:\\\/\\\/nature-et-developpement.com\\\/logisain-78\\\/produit\\\/pave-de-bois\\\/#breadcrumb\",\"itemListElement\":[{\"@type\":\"ListItem\",\"position\":1,\"name\":\"Accueil\",\"item\":\"https:\\\/\\\/nature-et-developpement.com\\\/logisain-78\\\/\"},{\"@type\":\"ListItem\",\"position\":2,\"name\":\"Produits\",\"item\":\"https:\\\/\\\/nature-et-developpement.com\\\/logisain-78\\\/shop\\\/\"},{\"@type\":\"ListItem\",\"position\":3,\"name\":\"Agencement ext\u00e9rieur\",\"item\":\"https:\\\/\\\/nature-et-developpement.com\\\/logisain-78\\\/produits\\\/agencement-exterieur\\\/\"},{\"@type\":\"ListItem\",\"position\":4,\"name\":\"Terrasses et cl\u00f4tures\",\"item\":\"https:\\\/\\\/nature-et-developpement.com\\\/logisain-78\\\/produits\\\/agencement-exterieur\\\/terrasses\\\/\"},{\"@type\":\"ListItem\",\"position\":5,\"name\":\"Pav\u00e9 de bois\"}]},{\"@type\":\"WebSite\",\"@id\":\"https:\\\/\\\/nature-et-developpement.com\\\/logisain-78\\\/#website\",\"url\":\"https:\\\/\\\/nature-et-developpement.com\\\/logisain-78\\\/\",\"name\":\"LOGISAIN 78 \u2013 Magasin de mat\u00e9riaux biosourc\u00e9s\",\"description\":\"Logisain 78 est membre du groupement Nature &amp; D\u00e9veloppement\",\"publisher\":{\"@id\":\"https:\\\/\\\/nature-et-developpement.com\\\/logisain-78\\\/#organization\"},\"potentialAction\":[{\"@type\":\"SearchAction\",\"target\":{\"@type\":\"EntryPoint\",\"urlTemplate\":\"https:\\\/\\\/nature-et-developpement.com\\\/logisain-78\\\/?s={search_term_string}\"},\"query-input\":{\"@type\":\"PropertyValueSpecification\",\"valueRequired\":true,\"valueName\":\"search_term_string\"}}],\"inLanguage\":\"fr-FR\"},{\"@type\":\"Organization\",\"@id\":\"https:\\\/\\\/nature-et-developpement.com\\\/logisain-78\\\/#organization\",\"name\":\"Logisain 78\",\"url\":\"https:\\\/\\\/nature-et-developpement.com\\\/logisain-78\\\/\",\"logo\":{\"@type\":\"ImageObject\",\"inLanguage\":\"fr-FR\",\"@id\":\"https:\\\/\\\/nature-et-developpement.com\\\/logisain-78\\\/#\\\/schema\\\/logo\\\/image\\\/\",\"url\":\"https:\\\/\\\/nature-et-developpement.com\\\/logisain-78\\\/wp-content\\\/uploads\\\/sites\\\/5\\\/2021\\\/08\\\/logo-logisain.jpg\",\"contentUrl\":\"https:\\\/\\\/nature-et-developpement.com\\\/logisain-78\\\/wp-content\\\/uploads\\\/sites\\\/5\\\/2021\\\/08\\\/logo-logisain.jpg\",\"width\":672,\"height\":455,\"caption\":\"Logisain 78\"},\"image\":{\"@id\":\"https:\\\/\\\/nature-et-developpement.com\\\/logisain-78\\\/#\\\/schema\\\/logo\\\/image\\\/\"}}]}<\/script>\n<!-- \/ Yoast SEO plugin. -->","yoast_head_json":{"title":"Pav\u00e9 de bois","description":"Les Romains le faisaient d\u00e9j\u00e0, nous l'avons simplement remis au go\u00fbt du jour.","robots":{"index":"noindex","follow":"follow"},"og_locale":"fr_FR","og_type":"article","og_title":"Pav\u00e9 de bois","og_description":"Les Romains le faisaient d\u00e9j\u00e0, nous l'avons simplement remis au go\u00fbt du jour.","og_url":"https:\/\/nature-et-developpement.com\/logisain-78\/produit\/pave-de-bois\/","og_site_name":"LOGISAIN 78 \u2013 Magasin de mat\u00e9riaux biosourc\u00e9s","article_modified_time":"2025-06-12T14:57:53+00:00","og_image":[{"width":800,"height":800,"url":"https:\/\/nature-et-developpement.com\/logisain-78\/wp-content\/uploads\/sites\/5\/2022\/03\/Pave-de-bois-rond.jpg","type":"image\/jpeg"}],"twitter_card":"summary_large_image","twitter_misc":{"Dur\u00e9e de lecture estim\u00e9e":"1 minute"},"schema":{"@context":"https:\/\/schema.org","@graph":[{"@type":"WebPage","@id":"https:\/\/nature-et-developpement.com\/logisain-78\/produit\/pave-de-bois\/","url":"https:\/\/nature-et-developpement.com\/logisain-78\/produit\/pave-de-bois\/","name":"Pav\u00e9 de bois","isPartOf":{"@id":"https:\/\/nature-et-developpement.com\/logisain-78\/#website"},"primaryImageOfPage":{"@id":"https:\/\/nature-et-developpement.com\/logisain-78\/produit\/pave-de-bois\/#primaryimage"},"image":{"@id":"https:\/\/nature-et-developpement.com\/logisain-78\/produit\/pave-de-bois\/#primaryimage"},"thumbnailUrl":"https:\/\/nature-et-developpement.com\/logisain-78\/wp-content\/uploads\/sites\/5\/2022\/03\/Pave-de-bois-rond.jpg","datePublished":"2017-06-23T10:08:40+00:00","dateModified":"2025-06-12T14:57:53+00:00","description":"Les Romains le faisaient d\u00e9j\u00e0, nous l'avons simplement remis au go\u00fbt du jour.","breadcrumb":{"@id":"https:\/\/nature-et-developpement.com\/logisain-78\/produit\/pave-de-bois\/#breadcrumb"},"inLanguage":"fr-FR","potentialAction":[{"@type":"ReadAction","target":["https:\/\/nature-et-developpement.com\/logisain-78\/produit\/pave-de-bois\/"]}]},{"@type":"ImageObject","inLanguage":"fr-FR","@id":"https:\/\/nature-et-developpement.com\/logisain-78\/produit\/pave-de-bois\/#primaryimage","url":"https:\/\/nature-et-developpement.com\/logisain-78\/wp-content\/uploads\/sites\/5\/2022\/03\/Pave-de-bois-rond.jpg","contentUrl":"https:\/\/nature-et-developpement.com\/logisain-78\/wp-content\/uploads\/sites\/5\/2022\/03\/Pave-de-bois-rond.jpg","width":800,"height":800},{"@type":"BreadcrumbList","@id":"https:\/\/nature-et-developpement.com\/logisain-78\/produit\/pave-de-bois\/#breadcrumb","itemListElement":[{"@type":"ListItem","position":1,"name":"Accueil","item":"https:\/\/nature-et-developpement.com\/logisain-78\/"},{"@type":"ListItem","position":2,"name":"Produits","item":"https:\/\/nature-et-developpement.com\/logisain-78\/shop\/"},{"@type":"ListItem","position":3,"name":"Agencement ext\u00e9rieur","item":"https:\/\/nature-et-developpement.com\/logisain-78\/produits\/agencement-exterieur\/"},{"@type":"ListItem","position":4,"name":"Terrasses et cl\u00f4tures","item":"https:\/\/nature-et-developpement.com\/logisain-78\/produits\/agencement-exterieur\/terrasses\/"},{"@type":"ListItem","position":5,"name":"Pav\u00e9 de bois"}]},{"@type":"WebSite","@id":"https:\/\/nature-et-developpement.com\/logisain-78\/#website","url":"https:\/\/nature-et-developpement.com\/logisain-78\/","name":"LOGISAIN 78 \u2013 Magasin de mat\u00e9riaux biosourc\u00e9s","description":"Logisain 78 est membre du groupement Nature &amp; D\u00e9veloppement","publisher":{"@id":"https:\/\/nature-et-developpement.com\/logisain-78\/#organization"},"potentialAction":[{"@type":"SearchAction","target":{"@type":"EntryPoint","urlTemplate":"https:\/\/nature-et-developpement.com\/logisain-78\/?s={search_term_string}"},"query-input":{"@type":"PropertyValueSpecification","valueRequired":true,"valueName":"search_term_string"}}],"inLanguage":"fr-FR"},{"@type":"Organization","@id":"https:\/\/nature-et-developpement.com\/logisain-78\/#organization","name":"Logisain 78","url":"https:\/\/nature-et-developpement.com\/logisain-78\/","logo":{"@type":"ImageObject","inLanguage":"fr-FR","@id":"https:\/\/nature-et-developpement.com\/logisain-78\/#\/schema\/logo\/image\/","url":"https:\/\/nature-et-developpement.com\/logisain-78\/wp-content\/uploads\/sites\/5\/2021\/08\/logo-logisain.jpg","contentUrl":"https:\/\/nature-et-developpement.com\/logisain-78\/wp-content\/uploads\/sites\/5\/2021\/08\/logo-logisain.jpg","width":672,"height":455,"caption":"Logisain 78"},"image":{"@id":"https:\/\/nature-et-developpement.com\/logisain-78\/#\/schema\/logo\/image\/"}}]}},"distributor_meta":false,"distributor_terms":false,"distributor_media":false,"distributor_original_site_name":"LOGISAIN 78 \u2013 Magasin de mat\u00e9riaux biosourc\u00e9s","distributor_original_site_url":"https:\/\/nature-et-developpement.com\/logisain-78","push-errors":false,"_links":{"self":[{"href":"https:\/\/nature-et-developpement.com\/logisain-78\/wp-json\/wp\/v2\/product\/10252","targetHints":{"allow":["GET"]}}],"collection":[{"href":"https:\/\/nature-et-developpement.com\/logisain-78\/wp-json\/wp\/v2\/product"}],"about":[{"href":"https:\/\/nature-et-developpement.com\/logisain-78\/wp-json\/wp\/v2\/types\/product"}],"wp:featuredmedia":[{"embeddable":true,"href":"https:\/\/nature-et-developpement.com\/logisain-78\/wp-json\/wp\/v2\/media\/26919"}],"wp:attachment":[{"href":"https:\/\/nature-et-developpement.com\/logisain-78\/wp-json\/wp\/v2\/media?parent=10252"}],"wp:term":[{"taxonomy":"product_brand","embeddable":true,"href":"https:\/\/nature-et-developpement.com\/logisain-78\/wp-json\/wp\/v2\/product_brand?post=10252"},{"taxonomy":"product_cat","embeddable":true,"href":"https:\/\/nature-et-developpement.com\/logisain-78\/wp-json\/wp\/v2\/product_cat?post=10252"},{"taxonomy":"product_tag","embeddable":true,"href":"https:\/\/nature-et-developpement.com\/logisain-78\/wp-json\/wp\/v2\/product_tag?post=10252"}],"curies":[{"name":"wp","href":"https:\/\/api.w.org\/{rel}","templated":true}]}}