{"id":10266,"date":"2017-06-23T12:08:28","date_gmt":"2017-06-23T10:08:28","guid":{"rendered":"https:\/\/nature-et-developpement.com\/logisain78\/produit\/froling-s4-turbo\/"},"modified":"2025-06-12T16:54:05","modified_gmt":"2025-06-12T14:54:05","slug":"froling-s4-turbo","status":"publish","type":"product","link":"https:\/\/nature-et-developpement.com\/logisain-78\/produit\/froling-s4-turbo\/","title":{"rendered":"Chaudi\u00e8re S4 Turbo Fr\u00f6ling"},"content":{"rendered":"<h2 class=\"contentheading\">CHAUDI\u00c8RE \u00c0 B\u00dbCHES S4 TURBO<\/h2>\n<div class=\"article-content\">\n<table border=\"0\" width=\"700\" cellspacing=\"0\" cellpadding=\"0\">\n<tbody>\n<tr>\n<td valign=\"top\"><\/td>\n<td rowspan=\"2\" valign=\"top\"><\/td>\n<\/tr>\n<tr>\n<td valign=\"top\">Pour une puissance de 15 kW seulement, la S4 Turbo permet la combustion de b\u00fbches de 50 cm. Pour cette chaudi\u00e8re, Fr\u00f6ling a pouss\u00e9 plus loin le d\u00e9veloppement de la g\u00e9om\u00e9trie cylindrique de la chambre de combustion qui a d\u00e9j\u00e0 fait ses preuves, et pose ainsi de nouveaux jalons. La construction robuste et l&rsquo;utilisation de carbure de silicium pour la chambre de combustion haute temp\u00e9rature permettent d&rsquo;obtenir une dur\u00e9e de vie encore plus longue.<\/p>\n<p>Remplir, allumer, fermer la porte, et voil\u00e0 ! Chauffer avec la nouvelle S4 Turbo de Fr\u00f6ling, c&rsquo;est aussi confortable que cela ! Si vous souhaitez encore plus de confort, vous disposez de l&rsquo;option dispositif d&rsquo;allumage automatique.<\/p>\n<p>Le ventilateur de tirage \u00e0 commande de vitesse de rotation assure un d\u00e9bit d&rsquo;air exact lors de la combustion. L&rsquo;aspiration sp\u00e9ciale des gaz \u00e0 distillation lente emp\u00eache le moindre d\u00e9gagement de fum\u00e9e m\u00eame lors de l&rsquo;alimentation. WOS en s\u00e9rie ! Un levier plac\u00e9 au choix \u00e0 gauche ou \u00e0 droite signifie le nettoyage confortable des surfaces de chauffage depuis l&rsquo;ext\u00e9rieur, et le rendement est en m\u00eame temps optimis\u00e9 au maximum.<\/p>\n<p>Avec son concept de commande S 3200 nouvellement d\u00e9velopp\u00e9, Fr\u00f6ling se dirige vers le futur. L&rsquo;unit\u00e9 de commande adapt\u00e9e aux besoins et l&rsquo;angle de visualisation r\u00e9glable garantissent une repr\u00e9sentation claire de tous les \u00e9tats de fonctionnement.<\/p>\n<p>La structure de menus garantit la simplicit\u00e9 de commande. Les fonctions de chauffage et d&rsquo;eau chaude les plus importantes sont facilement s\u00e9lectionnables au moyen de touches de fonction. Le syst\u00e8me de bus Fr\u00f6ling permet un montage localement ind\u00e9pendant des modules d&rsquo;extension avec un c\u00e2ble \u00e9lectrique r\u00e9duit au minimum. Le nouveau tableau de commande RBG 3200 offre un aper\u00e7u total des locaux d&rsquo;habitation. Toutes les valeurs et tous les messages d&rsquo;\u00e9tat importants peuvent \u00eatre facilement consult\u00e9s et les r\u00e9glages effectu\u00e9s par simple pression sur les boutons.<\/p>\n<p>&nbsp;<\/p>\n<p>&nbsp;<\/p>\n<h4>Avantages:<\/h4>\n<\/td>\n<\/tr>\n<\/tbody>\n<\/table>\n<table border=\"0\" width=\"700\" cellspacing=\"0\" cellpadding=\"0\">\n<tbody>\n<tr>\n<td><\/td>\n<td valign=\"top\">\n<h5>Chambre grande pour b\u00fbches d\u2019un demim\u00e8tre rev\u00eatement chaud<\/h5>\n<ul>\n<li>remplissage pratique<\/li>\n<li>dur\u00e9e de combustion longue<\/li>\n<li>grands intervalles d\u2019alimentation<\/li>\n<\/ul>\n<\/td>\n<td><\/td>\n<td><\/td>\n<td valign=\"top\">\n<h5>Chambre de combustion adoptant<br \/>\nune nouvelle forme<\/h5>\n<ul>\n<li>tr\u00e8s longue zone de combustion<\/li>\n<li>\u00e9missions r\u00e9duites<\/li>\n<li>contribution essentielle \u00e0 la protection<br \/>\nde l\u2019environnement<\/li>\n<\/ul>\n<\/td>\n<td><\/td>\n<\/tr>\n<tr>\n<td><\/td>\n<td><\/td>\n<td><\/td>\n<td><\/td>\n<td><\/td>\n<td><\/td>\n<\/tr>\n<tr>\n<td><\/td>\n<td valign=\"top\">\n<h5>Technologie WOS de s\u00e9rie<\/h5>\n<ul>\n<li>taux de rendement \u00e9lev\u00e9<\/li>\n<li>nettoyage facile de l\u2019ext\u00e9rieur<\/li>\n<li>consommation d\u2019\u00e9nergie r\u00e9duite<\/li>\n<\/ul>\n<\/td>\n<td><\/td>\n<td><\/td>\n<td valign=\"top\">\n<h5>Mise en temp\u00e9rature automatique<br \/>\nexclusive<\/h5>\n<ul>\n<li>remplir, allumer, fermer la porte, c\u2019est pr\u00eat<\/li>\n<li>aucun d\u00e9gagement de fum\u00e9e dans la<br \/>\nchaufferie<\/li>\n<li>dispositif d\u2019allumage automatique<\/li>\n<\/ul>\n<\/td>\n<td><\/td>\n<\/tr>\n<tr>\n<td><\/td>\n<td><\/td>\n<td><\/td>\n<td><\/td>\n<td><\/td>\n<td><\/td>\n<\/tr>\n<tr>\n<td><\/td>\n<td valign=\"top\">\n<h5>Ventilateur de tirage avec commande<br \/>\nde la vitesse de rotation<\/h5>\n<ul>\n<li>confort d\u2019utilisation maximal<\/li>\n<li>stabilisation permanente de la combustion<\/li>\n<li>d\u00e9marrage de la chaudi\u00e8re sans soucis<\/li>\n<\/ul>\n<\/td>\n<td><\/td>\n<td><\/td>\n<td valign=\"top\">\n<h5>Aspiration sp\u00e9ciale des gaz \u00e0<br \/>\ndistillation lente<strong><br \/>\n<\/strong><\/h5>\n<ul>\n<li>\n<div>aucun d\u00e9gagement de fum\u00e9e lors de<br \/>\nl\u2019alimentation<\/div>\n<\/li>\n<li>\n<div>propret\u00e9 dans la chaufferie<\/div>\n<\/li>\n<\/ul>\n<\/td>\n<td><\/td>\n<\/tr>\n<tr>\n<td><\/td>\n<td><\/td>\n<td><\/td>\n<td><\/td>\n<td><\/td>\n<td><\/td>\n<\/tr>\n<tr>\n<td><\/td>\n<td valign=\"top\">\n<h5>Commande Lambdatronic S 3200<\/h5>\n<ul>\n<li>R\u00e9gulation pr\u00e9cise de la combustion gr\u00e2ce \u00e0<br \/>\nla commande lambda \u00e9quip\u00e9e de s\u00e9rie et \u00e0<br \/>\nla commande s\u00e9par\u00e9e air primaire\/air secondaire<\/li>\n<li>Grand display avec \u00e9clairage, affichage<br \/>\ngraphique et angle de visualisation r\u00e9glable<\/li>\n<li>R\u00e9gulation guid\u00e9e par menu d\u00e9roulant avec<br \/>\naide en ligne<\/li>\n<li>Pilotage de la chaudi\u00e8re depuis votre salon<\/li>\n<\/ul>\n<\/td>\n<td><\/td>\n<td><\/td>\n<td valign=\"top\">\n<h5>Commande RBG 3200<strong>\u00a0(en option)<br \/>\n<\/strong><\/h5>\n<ul>\n<li>Le contr\u00f4le du chauffage peut s\u2019effectuer<br \/>\nconfortablement depuis votre salon<\/li>\n<li>Vous pouvez ainsi lire facilement toutes les<br \/>\nvaleurs et tous les messages d\u2019\u00e9tat importants<br \/>\net effectuer tous les r\u00e9glages par simple pression<br \/>\nsur les boutons<\/li>\n<\/ul>\n<\/td>\n<td><\/td>\n<\/tr>\n<\/tbody>\n<\/table>\n<\/div>\n","protected":false},"excerpt":{"rendered":"<p>Chaudi\u00e8re \u00e0 b\u00fbches avec g\u00e9om\u00e9trie innovante de la chambre de combustion et nouveau syst\u00e8me automatique de chauffage pour une plage de puissance de 15 \u00e0 60 kW.<\/p>\n","protected":false},"featured_media":1000000149056,"template":"","meta":[],"product_brand":[4312],"product_cat":[384,383,2909],"product_tag":[],"class_list":{"0":"post-10266","1":"product","2":"type-product","3":"status-publish","4":"has-post-thumbnail","6":"product_brand-froling","7":"product_cat-chauffage","8":"product_cat-energie-et-ventilation","9":"product_cat-demande-de-devis-uniquement-sans-prix","10":"product_shipping_class-impact-transport-important","12":"first","13":"instock","14":"taxable","15":"shipping-taxable","16":"product-type-simple"},"yoast_head":"<!-- This site is optimized with the Yoast SEO plugin v27.5 - https:\/\/yoast.com\/product\/yoast-seo-wordpress\/ -->\n<title>Chaudi\u00e8re S4 Turbo Fr\u00f6ling<\/title>\n<meta name=\"description\" content=\"Chaudi\u00e8re \u00e0 b\u00fbches avec g\u00e9om\u00e9trie innovante de la chambre de combustion et nouveau syst\u00e8me automatique de chauffage pour une plage de puissance de 15 \u00e0 60 kW.\" \/>\n<meta name=\"robots\" content=\"noindex, follow\" \/>\n<meta property=\"og:locale\" content=\"fr_FR\" \/>\n<meta property=\"og:type\" content=\"article\" \/>\n<meta property=\"og:title\" content=\"Chaudi\u00e8re S4 Turbo Fr\u00f6ling\" \/>\n<meta property=\"og:description\" content=\"Chaudi\u00e8re \u00e0 b\u00fbches avec g\u00e9om\u00e9trie innovante de la chambre de combustion et nouveau syst\u00e8me automatique de chauffage pour une plage de puissance de 15 \u00e0 60 kW.\" \/>\n<meta property=\"og:url\" content=\"https:\/\/nature-et-developpement.com\/logisain-78\/produit\/froling-s4-turbo\/\" \/>\n<meta property=\"og:site_name\" content=\"LOGISAIN 78 \u2013 Magasin de mat\u00e9riaux biosourc\u00e9s\" \/>\n<meta property=\"article:modified_time\" content=\"2025-06-12T14:54:05+00:00\" \/>\n<meta name=\"twitter:card\" content=\"summary_large_image\" \/>\n<meta name=\"twitter:label1\" content=\"Dur\u00e9e de lecture estim\u00e9e\" \/>\n\t<meta name=\"twitter:data1\" content=\"3 minutes\" \/>\n<script type=\"application\/ld+json\" class=\"yoast-schema-graph\">{\"@context\":\"https:\\\/\\\/schema.org\",\"@graph\":[{\"@type\":\"WebPage\",\"@id\":\"https:\\\/\\\/nature-et-developpement.com\\\/logisain-78\\\/produit\\\/froling-s4-turbo\\\/\",\"url\":\"https:\\\/\\\/nature-et-developpement.com\\\/logisain-78\\\/produit\\\/froling-s4-turbo\\\/\",\"name\":\"Chaudi\u00e8re S4 Turbo Fr\u00f6ling\",\"isPartOf\":{\"@id\":\"https:\\\/\\\/nature-et-developpement.com\\\/logisain-78\\\/#website\"},\"primaryImageOfPage\":{\"@id\":\"https:\\\/\\\/nature-et-developpement.com\\\/logisain-78\\\/produit\\\/froling-s4-turbo\\\/#primaryimage\"},\"image\":{\"@id\":\"https:\\\/\\\/nature-et-developpement.com\\\/logisain-78\\\/produit\\\/froling-s4-turbo\\\/#primaryimage\"},\"thumbnailUrl\":\"https:\\\/\\\/nature-et-developpement.com\\\/logisain-78\\\/wp-content\\\/uploads\\\/csm_S4_Turbo_a28a89869e-e1617373492377.png\",\"datePublished\":\"2017-06-23T10:08:28+00:00\",\"dateModified\":\"2025-06-12T14:54:05+00:00\",\"description\":\"Chaudi\u00e8re \u00e0 b\u00fbches avec g\u00e9om\u00e9trie innovante de la chambre de combustion et nouveau syst\u00e8me automatique de chauffage pour une plage de puissance de 15 \u00e0 60 kW.\",\"breadcrumb\":{\"@id\":\"https:\\\/\\\/nature-et-developpement.com\\\/logisain-78\\\/produit\\\/froling-s4-turbo\\\/#breadcrumb\"},\"inLanguage\":\"fr-FR\",\"potentialAction\":[{\"@type\":\"ReadAction\",\"target\":[\"https:\\\/\\\/nature-et-developpement.com\\\/logisain-78\\\/produit\\\/froling-s4-turbo\\\/\"]}]},{\"@type\":\"ImageObject\",\"inLanguage\":\"fr-FR\",\"@id\":\"https:\\\/\\\/nature-et-developpement.com\\\/logisain-78\\\/produit\\\/froling-s4-turbo\\\/#primaryimage\",\"url\":\"https:\\\/\\\/nature-et-developpement.com\\\/logisain-78\\\/wp-content\\\/uploads\\\/csm_S4_Turbo_a28a89869e-e1617373492377.png\",\"contentUrl\":\"https:\\\/\\\/nature-et-developpement.com\\\/logisain-78\\\/wp-content\\\/uploads\\\/csm_S4_Turbo_a28a89869e-e1617373492377.png\"},{\"@type\":\"BreadcrumbList\",\"@id\":\"https:\\\/\\\/nature-et-developpement.com\\\/logisain-78\\\/produit\\\/froling-s4-turbo\\\/#breadcrumb\",\"itemListElement\":[{\"@type\":\"ListItem\",\"position\":1,\"name\":\"Accueil\",\"item\":\"https:\\\/\\\/nature-et-developpement.com\\\/logisain-78\\\/\"},{\"@type\":\"ListItem\",\"position\":2,\"name\":\"Produits\",\"item\":\"https:\\\/\\\/nature-et-developpement.com\\\/logisain-78\\\/shop\\\/\"},{\"@type\":\"ListItem\",\"position\":3,\"name\":\"Chauffage, eau et \u00e9nergie\",\"item\":\"https:\\\/\\\/nature-et-developpement.com\\\/logisain-78\\\/produits\\\/energie-et-ventilation\\\/\"},{\"@type\":\"ListItem\",\"position\":4,\"name\":\"Chauffage bois et pellet, chaudi\u00e8re, po\u00eale, insert\",\"item\":\"https:\\\/\\\/nature-et-developpement.com\\\/logisain-78\\\/produits\\\/energie-et-ventilation\\\/chauffage\\\/\"},{\"@type\":\"ListItem\",\"position\":5,\"name\":\"Chaudi\u00e8re S4 Turbo Fr\u00f6ling\"}]},{\"@type\":\"WebSite\",\"@id\":\"https:\\\/\\\/nature-et-developpement.com\\\/logisain-78\\\/#website\",\"url\":\"https:\\\/\\\/nature-et-developpement.com\\\/logisain-78\\\/\",\"name\":\"LOGISAIN 78 \u2013 Magasin de mat\u00e9riaux biosourc\u00e9s\",\"description\":\"Logisain 78 est membre du groupement Nature &amp; D\u00e9veloppement\",\"publisher\":{\"@id\":\"https:\\\/\\\/nature-et-developpement.com\\\/logisain-78\\\/#organization\"},\"potentialAction\":[{\"@type\":\"SearchAction\",\"target\":{\"@type\":\"EntryPoint\",\"urlTemplate\":\"https:\\\/\\\/nature-et-developpement.com\\\/logisain-78\\\/?s={search_term_string}\"},\"query-input\":{\"@type\":\"PropertyValueSpecification\",\"valueRequired\":true,\"valueName\":\"search_term_string\"}}],\"inLanguage\":\"fr-FR\"},{\"@type\":\"Organization\",\"@id\":\"https:\\\/\\\/nature-et-developpement.com\\\/logisain-78\\\/#organization\",\"name\":\"Logisain 78\",\"url\":\"https:\\\/\\\/nature-et-developpement.com\\\/logisain-78\\\/\",\"logo\":{\"@type\":\"ImageObject\",\"inLanguage\":\"fr-FR\",\"@id\":\"https:\\\/\\\/nature-et-developpement.com\\\/logisain-78\\\/#\\\/schema\\\/logo\\\/image\\\/\",\"url\":\"https:\\\/\\\/nature-et-developpement.com\\\/logisain-78\\\/wp-content\\\/uploads\\\/sites\\\/5\\\/2021\\\/08\\\/logo-logisain.jpg\",\"contentUrl\":\"https:\\\/\\\/nature-et-developpement.com\\\/logisain-78\\\/wp-content\\\/uploads\\\/sites\\\/5\\\/2021\\\/08\\\/logo-logisain.jpg\",\"width\":672,\"height\":455,\"caption\":\"Logisain 78\"},\"image\":{\"@id\":\"https:\\\/\\\/nature-et-developpement.com\\\/logisain-78\\\/#\\\/schema\\\/logo\\\/image\\\/\"}}]}<\/script>\n<!-- \/ Yoast SEO plugin. -->","yoast_head_json":{"title":"Chaudi\u00e8re S4 Turbo Fr\u00f6ling","description":"Chaudi\u00e8re \u00e0 b\u00fbches avec g\u00e9om\u00e9trie innovante de la chambre de combustion et nouveau syst\u00e8me automatique de chauffage pour une plage de puissance de 15 \u00e0 60 kW.","robots":{"index":"noindex","follow":"follow"},"og_locale":"fr_FR","og_type":"article","og_title":"Chaudi\u00e8re S4 Turbo Fr\u00f6ling","og_description":"Chaudi\u00e8re \u00e0 b\u00fbches avec g\u00e9om\u00e9trie innovante de la chambre de combustion et nouveau syst\u00e8me automatique de chauffage pour une plage de puissance de 15 \u00e0 60 kW.","og_url":"https:\/\/nature-et-developpement.com\/logisain-78\/produit\/froling-s4-turbo\/","og_site_name":"LOGISAIN 78 \u2013 Magasin de mat\u00e9riaux biosourc\u00e9s","article_modified_time":"2025-06-12T14:54:05+00:00","twitter_card":"summary_large_image","twitter_misc":{"Dur\u00e9e de lecture estim\u00e9e":"3 minutes"},"schema":{"@context":"https:\/\/schema.org","@graph":[{"@type":"WebPage","@id":"https:\/\/nature-et-developpement.com\/logisain-78\/produit\/froling-s4-turbo\/","url":"https:\/\/nature-et-developpement.com\/logisain-78\/produit\/froling-s4-turbo\/","name":"Chaudi\u00e8re S4 Turbo Fr\u00f6ling","isPartOf":{"@id":"https:\/\/nature-et-developpement.com\/logisain-78\/#website"},"primaryImageOfPage":{"@id":"https:\/\/nature-et-developpement.com\/logisain-78\/produit\/froling-s4-turbo\/#primaryimage"},"image":{"@id":"https:\/\/nature-et-developpement.com\/logisain-78\/produit\/froling-s4-turbo\/#primaryimage"},"thumbnailUrl":"https:\/\/nature-et-developpement.com\/logisain-78\/wp-content\/uploads\/csm_S4_Turbo_a28a89869e-e1617373492377.png","datePublished":"2017-06-23T10:08:28+00:00","dateModified":"2025-06-12T14:54:05+00:00","description":"Chaudi\u00e8re \u00e0 b\u00fbches avec g\u00e9om\u00e9trie innovante de la chambre de combustion et nouveau syst\u00e8me automatique de chauffage pour une plage de puissance de 15 \u00e0 60 kW.","breadcrumb":{"@id":"https:\/\/nature-et-developpement.com\/logisain-78\/produit\/froling-s4-turbo\/#breadcrumb"},"inLanguage":"fr-FR","potentialAction":[{"@type":"ReadAction","target":["https:\/\/nature-et-developpement.com\/logisain-78\/produit\/froling-s4-turbo\/"]}]},{"@type":"ImageObject","inLanguage":"fr-FR","@id":"https:\/\/nature-et-developpement.com\/logisain-78\/produit\/froling-s4-turbo\/#primaryimage","url":"https:\/\/nature-et-developpement.com\/logisain-78\/wp-content\/uploads\/csm_S4_Turbo_a28a89869e-e1617373492377.png","contentUrl":"https:\/\/nature-et-developpement.com\/logisain-78\/wp-content\/uploads\/csm_S4_Turbo_a28a89869e-e1617373492377.png"},{"@type":"BreadcrumbList","@id":"https:\/\/nature-et-developpement.com\/logisain-78\/produit\/froling-s4-turbo\/#breadcrumb","itemListElement":[{"@type":"ListItem","position":1,"name":"Accueil","item":"https:\/\/nature-et-developpement.com\/logisain-78\/"},{"@type":"ListItem","position":2,"name":"Produits","item":"https:\/\/nature-et-developpement.com\/logisain-78\/shop\/"},{"@type":"ListItem","position":3,"name":"Chauffage, eau et \u00e9nergie","item":"https:\/\/nature-et-developpement.com\/logisain-78\/produits\/energie-et-ventilation\/"},{"@type":"ListItem","position":4,"name":"Chauffage bois et pellet, chaudi\u00e8re, po\u00eale, insert","item":"https:\/\/nature-et-developpement.com\/logisain-78\/produits\/energie-et-ventilation\/chauffage\/"},{"@type":"ListItem","position":5,"name":"Chaudi\u00e8re S4 Turbo Fr\u00f6ling"}]},{"@type":"WebSite","@id":"https:\/\/nature-et-developpement.com\/logisain-78\/#website","url":"https:\/\/nature-et-developpement.com\/logisain-78\/","name":"LOGISAIN 78 \u2013 Magasin de mat\u00e9riaux biosourc\u00e9s","description":"Logisain 78 est membre du groupement Nature &amp; D\u00e9veloppement","publisher":{"@id":"https:\/\/nature-et-developpement.com\/logisain-78\/#organization"},"potentialAction":[{"@type":"SearchAction","target":{"@type":"EntryPoint","urlTemplate":"https:\/\/nature-et-developpement.com\/logisain-78\/?s={search_term_string}"},"query-input":{"@type":"PropertyValueSpecification","valueRequired":true,"valueName":"search_term_string"}}],"inLanguage":"fr-FR"},{"@type":"Organization","@id":"https:\/\/nature-et-developpement.com\/logisain-78\/#organization","name":"Logisain 78","url":"https:\/\/nature-et-developpement.com\/logisain-78\/","logo":{"@type":"ImageObject","inLanguage":"fr-FR","@id":"https:\/\/nature-et-developpement.com\/logisain-78\/#\/schema\/logo\/image\/","url":"https:\/\/nature-et-developpement.com\/logisain-78\/wp-content\/uploads\/sites\/5\/2021\/08\/logo-logisain.jpg","contentUrl":"https:\/\/nature-et-developpement.com\/logisain-78\/wp-content\/uploads\/sites\/5\/2021\/08\/logo-logisain.jpg","width":672,"height":455,"caption":"Logisain 78"},"image":{"@id":"https:\/\/nature-et-developpement.com\/logisain-78\/#\/schema\/logo\/image\/"}}]}},"distributor_meta":false,"distributor_terms":false,"distributor_media":false,"distributor_original_site_name":"LOGISAIN 78 \u2013 Magasin de mat\u00e9riaux biosourc\u00e9s","distributor_original_site_url":"https:\/\/nature-et-developpement.com\/logisain-78","push-errors":false,"_links":{"self":[{"href":"https:\/\/nature-et-developpement.com\/logisain-78\/wp-json\/wp\/v2\/product\/10266","targetHints":{"allow":["GET"]}}],"collection":[{"href":"https:\/\/nature-et-developpement.com\/logisain-78\/wp-json\/wp\/v2\/product"}],"about":[{"href":"https:\/\/nature-et-developpement.com\/logisain-78\/wp-json\/wp\/v2\/types\/product"}],"wp:featuredmedia":[{"embeddable":true,"href":"https:\/\/nature-et-developpement.com\/logisain-78\/wp-json\/"}],"wp:attachment":[{"href":"https:\/\/nature-et-developpement.com\/logisain-78\/wp-json\/wp\/v2\/media?parent=10266"}],"wp:term":[{"taxonomy":"product_brand","embeddable":true,"href":"https:\/\/nature-et-developpement.com\/logisain-78\/wp-json\/wp\/v2\/product_brand?post=10266"},{"taxonomy":"product_cat","embeddable":true,"href":"https:\/\/nature-et-developpement.com\/logisain-78\/wp-json\/wp\/v2\/product_cat?post=10266"},{"taxonomy":"product_tag","embeddable":true,"href":"https:\/\/nature-et-developpement.com\/logisain-78\/wp-json\/wp\/v2\/product_tag?post=10266"}],"curies":[{"name":"wp","href":"https:\/\/api.w.org\/{rel}","templated":true}]}}