{"id":10270,"date":"2017-06-23T12:08:23","date_gmt":"2017-06-23T10:08:23","guid":{"rendered":"https:\/\/nature-et-developpement.com\/logisain78\/produit\/chaudiere-a-buches-s3-turbo\/"},"modified":"2025-06-12T16:54:05","modified_gmt":"2025-06-12T14:54:05","slug":"chaudiere-a-buches-s3-turbo","status":"publish","type":"product","link":"https:\/\/nature-et-developpement.com\/logisain-78\/produit\/chaudiere-a-buches-s3-turbo\/","title":{"rendered":"Chaudi\u00e8re \u00e0 buches S3 Turbo Fr\u00f6ling"},"content":{"rendered":"<p><span style=\"font-family: inherit;font-size: 20px;font-weight: bold;line-height: 1.1;text-transform: uppercase\">CHAUDI\u00c8RE \u00c0 B\u00dbCHES S3 TURBO<\/span><\/p>\n<div class=\"article-content\" style=\"padding: 5px 0px 5px 0px\">\n<div style=\"text-align: justify\">\n<p><span style=\"font-size: 10pt\">La S3 Turbo offre une technologie de pointe en mati\u00e8re de chaudi\u00e8res \u00e0 un prix plus que raisonnable. Elle se concentre sur l&rsquo;essentiel et poss\u00e8de un grand nombre de caract\u00e9ristiques que l&rsquo;on trouve normalement sur les chaudi\u00e8res \u00e0 b\u00fbches de la classe sup\u00e9rieure. L&rsquo;alimentation en b\u00fbches de 50 cm dans la S3 Turbo se fait confortablement par l&rsquo;avant. Un seul remplissage de la chaudi\u00e8re suffit souvent pour toute une journ\u00e9e. Des boucliers \u00e9pais en acier prot\u00e8gent la chambre de remplissage et la gardent propre.<\/span><span style=\"font-size: 10pt\">Gr\u00e2ce \u00e0 sa chambre de combustion cylindrique \u00e0 tourbillons et haute temp\u00e9rature, brevet\u00e9e, la S3 Turbo fournit d&rsquo;excellentes valeurs de combustion. La g\u00e9n\u00e9reuse zone de combustion garantie de faibles \u00e9missions. Le syst\u00e8me d&rsquo;optimisation du rendement (WOS) permet un nettoyage ais\u00e9 depuis l&rsquo;ext\u00e9rieur des surfaces de chauffage \u00e0 l&rsquo;aide d&rsquo;un m\u00e9canisme \u00e0 levier. Le syst\u00e8me WOS est disponible en option pour les mod\u00e8les 18 et 28 et \u00e9quipe en s\u00e9rie le mod\u00e8le 36. L&rsquo;aspiration des gaz \u00e0 distillation lente emp\u00eache le moindre d\u00e9gagement de fum\u00e9e m\u00eame lors de l&rsquo;alimentation.<\/span><span style=\"font-size: 10pt\">Le r\u00e9glage de l&rsquo;air primaire et de l&rsquo;air secondaire est effectu\u00e9 lors de la mise en service par un professionnel. L&rsquo;ajustement aux diff\u00e9rents \u00e9tats d&rsquo;exploitation se fait par le ventilateur de tirage dont le fonctionnement est surveill\u00e9. L&rsquo;ajustement de la puissance est donc excellent tout en conservant une s\u00e9curit\u00e9 de fonctionnement totale. Le ventilateur de tirage \u00e0 commande de la vitesse de rotation assure un d\u00e9bit d&rsquo;air exact lors de la combustion. L&rsquo;aspiration des gaz \u00e0 distillation lente emp\u00eache le moindre d\u00e9gagement de fum\u00e9e m\u00eame lors de l&rsquo;alimentation.<\/span><\/p>\n<\/div>\n<\/div>\n","protected":false},"excerpt":{"rendered":"<p>La S3 Turbo offre une technologie de pointe en mati\u00e8re de chaudi\u00e8res \u00e0 un prix plus que raisonnable.<\/p>\n","protected":false},"featured_media":1000000104660,"template":"","meta":[],"product_brand":[4312],"product_cat":[384,383,2909],"product_tag":[],"class_list":{"0":"post-10270","1":"product","2":"type-product","3":"status-publish","4":"has-post-thumbnail","6":"product_brand-froling","7":"product_cat-chauffage","8":"product_cat-energie-et-ventilation","9":"product_cat-demande-de-devis-uniquement-sans-prix","10":"product_shipping_class-impact-transport-important","12":"first","13":"instock","14":"taxable","15":"shipping-taxable","16":"product-type-simple"},"yoast_head":"<!-- This site is optimized with the Yoast SEO plugin v27.5 - https:\/\/yoast.com\/product\/yoast-seo-wordpress\/ -->\n<title>Chaudi\u00e8re \u00e0 buches S3 Turbo Fr\u00f6ling<\/title>\n<meta name=\"description\" content=\"La S3 Turbo offre une technologie de pointe en mati\u00e8re de chaudi\u00e8res \u00e0 un prix plus que raisonnable.\" \/>\n<meta name=\"robots\" content=\"noindex, follow\" \/>\n<meta property=\"og:locale\" content=\"fr_FR\" \/>\n<meta property=\"og:type\" content=\"article\" \/>\n<meta property=\"og:title\" content=\"Chaudi\u00e8re \u00e0 buches S3 Turbo Fr\u00f6ling\" \/>\n<meta property=\"og:description\" content=\"La S3 Turbo offre une technologie de pointe en mati\u00e8re de chaudi\u00e8res \u00e0 un prix plus que raisonnable.\" \/>\n<meta property=\"og:url\" content=\"https:\/\/nature-et-developpement.com\/logisain-78\/produit\/chaudiere-a-buches-s3-turbo\/\" \/>\n<meta property=\"og:site_name\" content=\"LOGISAIN 78 \u2013 Magasin de mat\u00e9riaux biosourc\u00e9s\" \/>\n<meta property=\"article:modified_time\" content=\"2025-06-12T14:54:05+00:00\" \/>\n<meta name=\"twitter:card\" content=\"summary_large_image\" \/>\n<meta name=\"twitter:label1\" content=\"Dur\u00e9e de lecture estim\u00e9e\" \/>\n\t<meta name=\"twitter:data1\" content=\"2 minutes\" \/>\n<script type=\"application\/ld+json\" class=\"yoast-schema-graph\">{\"@context\":\"https:\\\/\\\/schema.org\",\"@graph\":[{\"@type\":\"WebPage\",\"@id\":\"https:\\\/\\\/nature-et-developpement.com\\\/logisain-78\\\/produit\\\/chaudiere-a-buches-s3-turbo\\\/\",\"url\":\"https:\\\/\\\/nature-et-developpement.com\\\/logisain-78\\\/produit\\\/chaudiere-a-buches-s3-turbo\\\/\",\"name\":\"Chaudi\u00e8re \u00e0 buches S3 Turbo Fr\u00f6ling\",\"isPartOf\":{\"@id\":\"https:\\\/\\\/nature-et-developpement.com\\\/logisain-78\\\/#website\"},\"primaryImageOfPage\":{\"@id\":\"https:\\\/\\\/nature-et-developpement.com\\\/logisain-78\\\/produit\\\/chaudiere-a-buches-s3-turbo\\\/#primaryimage\"},\"image\":{\"@id\":\"https:\\\/\\\/nature-et-developpement.com\\\/logisain-78\\\/produit\\\/chaudiere-a-buches-s3-turbo\\\/#primaryimage\"},\"thumbnailUrl\":\"https:\\\/\\\/nature-et-developpement.com\\\/logisain-78\\\/wp-content\\\/uploads\\\/14914-Chaudiere-a-buches-S3-Turbo.jpg\",\"datePublished\":\"2017-06-23T10:08:23+00:00\",\"dateModified\":\"2025-06-12T14:54:05+00:00\",\"description\":\"La S3 Turbo offre une technologie de pointe en mati\u00e8re de chaudi\u00e8res \u00e0 un prix plus que raisonnable.\",\"breadcrumb\":{\"@id\":\"https:\\\/\\\/nature-et-developpement.com\\\/logisain-78\\\/produit\\\/chaudiere-a-buches-s3-turbo\\\/#breadcrumb\"},\"inLanguage\":\"fr-FR\",\"potentialAction\":[{\"@type\":\"ReadAction\",\"target\":[\"https:\\\/\\\/nature-et-developpement.com\\\/logisain-78\\\/produit\\\/chaudiere-a-buches-s3-turbo\\\/\"]}]},{\"@type\":\"ImageObject\",\"inLanguage\":\"fr-FR\",\"@id\":\"https:\\\/\\\/nature-et-developpement.com\\\/logisain-78\\\/produit\\\/chaudiere-a-buches-s3-turbo\\\/#primaryimage\",\"url\":\"https:\\\/\\\/nature-et-developpement.com\\\/logisain-78\\\/wp-content\\\/uploads\\\/14914-Chaudiere-a-buches-S3-Turbo.jpg\",\"contentUrl\":\"https:\\\/\\\/nature-et-developpement.com\\\/logisain-78\\\/wp-content\\\/uploads\\\/14914-Chaudiere-a-buches-S3-Turbo.jpg\"},{\"@type\":\"BreadcrumbList\",\"@id\":\"https:\\\/\\\/nature-et-developpement.com\\\/logisain-78\\\/produit\\\/chaudiere-a-buches-s3-turbo\\\/#breadcrumb\",\"itemListElement\":[{\"@type\":\"ListItem\",\"position\":1,\"name\":\"Accueil\",\"item\":\"https:\\\/\\\/nature-et-developpement.com\\\/logisain-78\\\/\"},{\"@type\":\"ListItem\",\"position\":2,\"name\":\"Produits\",\"item\":\"https:\\\/\\\/nature-et-developpement.com\\\/logisain-78\\\/shop\\\/\"},{\"@type\":\"ListItem\",\"position\":3,\"name\":\"Chauffage, eau et \u00e9nergie\",\"item\":\"https:\\\/\\\/nature-et-developpement.com\\\/logisain-78\\\/produits\\\/energie-et-ventilation\\\/\"},{\"@type\":\"ListItem\",\"position\":4,\"name\":\"Chauffage bois et pellet, chaudi\u00e8re, po\u00eale, insert\",\"item\":\"https:\\\/\\\/nature-et-developpement.com\\\/logisain-78\\\/produits\\\/energie-et-ventilation\\\/chauffage\\\/\"},{\"@type\":\"ListItem\",\"position\":5,\"name\":\"Chaudi\u00e8re \u00e0 buches S3 Turbo Fr\u00f6ling\"}]},{\"@type\":\"WebSite\",\"@id\":\"https:\\\/\\\/nature-et-developpement.com\\\/logisain-78\\\/#website\",\"url\":\"https:\\\/\\\/nature-et-developpement.com\\\/logisain-78\\\/\",\"name\":\"LOGISAIN 78 \u2013 Magasin de mat\u00e9riaux biosourc\u00e9s\",\"description\":\"Logisain 78 est membre du groupement Nature &amp; D\u00e9veloppement\",\"publisher\":{\"@id\":\"https:\\\/\\\/nature-et-developpement.com\\\/logisain-78\\\/#organization\"},\"potentialAction\":[{\"@type\":\"SearchAction\",\"target\":{\"@type\":\"EntryPoint\",\"urlTemplate\":\"https:\\\/\\\/nature-et-developpement.com\\\/logisain-78\\\/?s={search_term_string}\"},\"query-input\":{\"@type\":\"PropertyValueSpecification\",\"valueRequired\":true,\"valueName\":\"search_term_string\"}}],\"inLanguage\":\"fr-FR\"},{\"@type\":\"Organization\",\"@id\":\"https:\\\/\\\/nature-et-developpement.com\\\/logisain-78\\\/#organization\",\"name\":\"Logisain 78\",\"url\":\"https:\\\/\\\/nature-et-developpement.com\\\/logisain-78\\\/\",\"logo\":{\"@type\":\"ImageObject\",\"inLanguage\":\"fr-FR\",\"@id\":\"https:\\\/\\\/nature-et-developpement.com\\\/logisain-78\\\/#\\\/schema\\\/logo\\\/image\\\/\",\"url\":\"https:\\\/\\\/nature-et-developpement.com\\\/logisain-78\\\/wp-content\\\/uploads\\\/sites\\\/5\\\/2021\\\/08\\\/logo-logisain.jpg\",\"contentUrl\":\"https:\\\/\\\/nature-et-developpement.com\\\/logisain-78\\\/wp-content\\\/uploads\\\/sites\\\/5\\\/2021\\\/08\\\/logo-logisain.jpg\",\"width\":672,\"height\":455,\"caption\":\"Logisain 78\"},\"image\":{\"@id\":\"https:\\\/\\\/nature-et-developpement.com\\\/logisain-78\\\/#\\\/schema\\\/logo\\\/image\\\/\"}}]}<\/script>\n<!-- \/ Yoast SEO plugin. -->","yoast_head_json":{"title":"Chaudi\u00e8re \u00e0 buches S3 Turbo Fr\u00f6ling","description":"La S3 Turbo offre une technologie de pointe en mati\u00e8re de chaudi\u00e8res \u00e0 un prix plus que raisonnable.","robots":{"index":"noindex","follow":"follow"},"og_locale":"fr_FR","og_type":"article","og_title":"Chaudi\u00e8re \u00e0 buches S3 Turbo Fr\u00f6ling","og_description":"La S3 Turbo offre une technologie de pointe en mati\u00e8re de chaudi\u00e8res \u00e0 un prix plus que raisonnable.","og_url":"https:\/\/nature-et-developpement.com\/logisain-78\/produit\/chaudiere-a-buches-s3-turbo\/","og_site_name":"LOGISAIN 78 \u2013 Magasin de mat\u00e9riaux biosourc\u00e9s","article_modified_time":"2025-06-12T14:54:05+00:00","twitter_card":"summary_large_image","twitter_misc":{"Dur\u00e9e de lecture estim\u00e9e":"2 minutes"},"schema":{"@context":"https:\/\/schema.org","@graph":[{"@type":"WebPage","@id":"https:\/\/nature-et-developpement.com\/logisain-78\/produit\/chaudiere-a-buches-s3-turbo\/","url":"https:\/\/nature-et-developpement.com\/logisain-78\/produit\/chaudiere-a-buches-s3-turbo\/","name":"Chaudi\u00e8re \u00e0 buches S3 Turbo Fr\u00f6ling","isPartOf":{"@id":"https:\/\/nature-et-developpement.com\/logisain-78\/#website"},"primaryImageOfPage":{"@id":"https:\/\/nature-et-developpement.com\/logisain-78\/produit\/chaudiere-a-buches-s3-turbo\/#primaryimage"},"image":{"@id":"https:\/\/nature-et-developpement.com\/logisain-78\/produit\/chaudiere-a-buches-s3-turbo\/#primaryimage"},"thumbnailUrl":"https:\/\/nature-et-developpement.com\/logisain-78\/wp-content\/uploads\/14914-Chaudiere-a-buches-S3-Turbo.jpg","datePublished":"2017-06-23T10:08:23+00:00","dateModified":"2025-06-12T14:54:05+00:00","description":"La S3 Turbo offre une technologie de pointe en mati\u00e8re de chaudi\u00e8res \u00e0 un prix plus que raisonnable.","breadcrumb":{"@id":"https:\/\/nature-et-developpement.com\/logisain-78\/produit\/chaudiere-a-buches-s3-turbo\/#breadcrumb"},"inLanguage":"fr-FR","potentialAction":[{"@type":"ReadAction","target":["https:\/\/nature-et-developpement.com\/logisain-78\/produit\/chaudiere-a-buches-s3-turbo\/"]}]},{"@type":"ImageObject","inLanguage":"fr-FR","@id":"https:\/\/nature-et-developpement.com\/logisain-78\/produit\/chaudiere-a-buches-s3-turbo\/#primaryimage","url":"https:\/\/nature-et-developpement.com\/logisain-78\/wp-content\/uploads\/14914-Chaudiere-a-buches-S3-Turbo.jpg","contentUrl":"https:\/\/nature-et-developpement.com\/logisain-78\/wp-content\/uploads\/14914-Chaudiere-a-buches-S3-Turbo.jpg"},{"@type":"BreadcrumbList","@id":"https:\/\/nature-et-developpement.com\/logisain-78\/produit\/chaudiere-a-buches-s3-turbo\/#breadcrumb","itemListElement":[{"@type":"ListItem","position":1,"name":"Accueil","item":"https:\/\/nature-et-developpement.com\/logisain-78\/"},{"@type":"ListItem","position":2,"name":"Produits","item":"https:\/\/nature-et-developpement.com\/logisain-78\/shop\/"},{"@type":"ListItem","position":3,"name":"Chauffage, eau et \u00e9nergie","item":"https:\/\/nature-et-developpement.com\/logisain-78\/produits\/energie-et-ventilation\/"},{"@type":"ListItem","position":4,"name":"Chauffage bois et pellet, chaudi\u00e8re, po\u00eale, insert","item":"https:\/\/nature-et-developpement.com\/logisain-78\/produits\/energie-et-ventilation\/chauffage\/"},{"@type":"ListItem","position":5,"name":"Chaudi\u00e8re \u00e0 buches S3 Turbo Fr\u00f6ling"}]},{"@type":"WebSite","@id":"https:\/\/nature-et-developpement.com\/logisain-78\/#website","url":"https:\/\/nature-et-developpement.com\/logisain-78\/","name":"LOGISAIN 78 \u2013 Magasin de mat\u00e9riaux biosourc\u00e9s","description":"Logisain 78 est membre du groupement Nature &amp; D\u00e9veloppement","publisher":{"@id":"https:\/\/nature-et-developpement.com\/logisain-78\/#organization"},"potentialAction":[{"@type":"SearchAction","target":{"@type":"EntryPoint","urlTemplate":"https:\/\/nature-et-developpement.com\/logisain-78\/?s={search_term_string}"},"query-input":{"@type":"PropertyValueSpecification","valueRequired":true,"valueName":"search_term_string"}}],"inLanguage":"fr-FR"},{"@type":"Organization","@id":"https:\/\/nature-et-developpement.com\/logisain-78\/#organization","name":"Logisain 78","url":"https:\/\/nature-et-developpement.com\/logisain-78\/","logo":{"@type":"ImageObject","inLanguage":"fr-FR","@id":"https:\/\/nature-et-developpement.com\/logisain-78\/#\/schema\/logo\/image\/","url":"https:\/\/nature-et-developpement.com\/logisain-78\/wp-content\/uploads\/sites\/5\/2021\/08\/logo-logisain.jpg","contentUrl":"https:\/\/nature-et-developpement.com\/logisain-78\/wp-content\/uploads\/sites\/5\/2021\/08\/logo-logisain.jpg","width":672,"height":455,"caption":"Logisain 78"},"image":{"@id":"https:\/\/nature-et-developpement.com\/logisain-78\/#\/schema\/logo\/image\/"}}]}},"distributor_meta":false,"distributor_terms":false,"distributor_media":false,"distributor_original_site_name":"LOGISAIN 78 \u2013 Magasin de mat\u00e9riaux biosourc\u00e9s","distributor_original_site_url":"https:\/\/nature-et-developpement.com\/logisain-78","push-errors":false,"_links":{"self":[{"href":"https:\/\/nature-et-developpement.com\/logisain-78\/wp-json\/wp\/v2\/product\/10270","targetHints":{"allow":["GET"]}}],"collection":[{"href":"https:\/\/nature-et-developpement.com\/logisain-78\/wp-json\/wp\/v2\/product"}],"about":[{"href":"https:\/\/nature-et-developpement.com\/logisain-78\/wp-json\/wp\/v2\/types\/product"}],"wp:featuredmedia":[{"embeddable":true,"href":"https:\/\/nature-et-developpement.com\/logisain-78\/wp-json\/"}],"wp:attachment":[{"href":"https:\/\/nature-et-developpement.com\/logisain-78\/wp-json\/wp\/v2\/media?parent=10270"}],"wp:term":[{"taxonomy":"product_brand","embeddable":true,"href":"https:\/\/nature-et-developpement.com\/logisain-78\/wp-json\/wp\/v2\/product_brand?post=10270"},{"taxonomy":"product_cat","embeddable":true,"href":"https:\/\/nature-et-developpement.com\/logisain-78\/wp-json\/wp\/v2\/product_cat?post=10270"},{"taxonomy":"product_tag","embeddable":true,"href":"https:\/\/nature-et-developpement.com\/logisain-78\/wp-json\/wp\/v2\/product_tag?post=10270"}],"curies":[{"name":"wp","href":"https:\/\/api.w.org\/{rel}","templated":true}]}}