{"id":10356,"date":"2017-06-23T12:06:04","date_gmt":"2017-06-23T10:06:04","guid":{"rendered":"https:\/\/nature-et-developpement.com\/logisain78\/produit\/souffleuse-cardeuse-xfloc95\/"},"modified":"2025-03-27T15:30:31","modified_gmt":"2025-03-27T14:30:31","slug":"souffleuse-cardeuse-xfloc95","status":"publish","type":"product","link":"https:\/\/nature-et-developpement.com\/logisain-78\/produit\/souffleuse-cardeuse-xfloc95\/","title":{"rendered":"Souffleuse cardeuse XFLOC95"},"content":{"rendered":"<p>Quelle puissance !!!<\/p>\n<p>C&rsquo;est vraiment ce qui ressort des premi\u00e8res utilisations de cette machine, avec sa buse d&rsquo;insufflation rotative, la X-Floc M95 permet des insufflations jusqu&rsquo;\u00e0 400mm parfaites pour les maisons passives.<\/p>\n","protected":false},"excerpt":{"rendered":"<h5><strong><span style=\"color: #008000;\">En location<\/span><\/strong><\/h5>\n<p>Nous disposons \u00e0 pr\u00e9sent de le toute derni\u00e8re technologie de souffleuse cardeuse, la XFLOC M95-400V\/4,7kW s\u00e9rie fibre de bois avec amplificateur de 3kW. Cette machine est capable de souffler tous les isolants en vrac, m\u00eame la fibre de bois, le li\u00e8ge<\/p>\n","protected":false},"featured_media":10355,"template":"","meta":[],"product_brand":[2913],"product_cat":[2909,631],"product_tag":[],"class_list":{"0":"post-10356","1":"product","2":"type-product","3":"status-publish","4":"has-post-thumbnail","6":"product_brand-produit-logisain","7":"product_cat-demande-de-devis-uniquement-sans-prix","8":"product_cat-outillage","9":"product_shipping_class-impact-transport-important","11":"first","12":"onbackorder","13":"taxable","14":"shipping-taxable","15":"purchasable","16":"product-type-simple"},"yoast_head":"<!-- This site is optimized with the Yoast SEO plugin v27.5 - https:\/\/yoast.com\/product\/yoast-seo-wordpress\/ -->\n<title>Souffleuse cardeuse XFLOC95<\/title>\n<meta name=\"description\" content=\"En location Nous disposons \u00e0 pr\u00e9sent de le toute derni\u00e8re technologie de souffleuse cardeuse, la XFLOC M95-400V\/4,7kW s\u00e9rie fibre de bois avec amplificateur de 3kW. Cette machine est capable de souffler tous les isolants en vrac, m\u00eame la fibre de bois, le li\u00e8ge\" \/>\n<meta name=\"robots\" content=\"noindex, follow\" \/>\n<meta property=\"og:locale\" content=\"fr_FR\" \/>\n<meta property=\"og:type\" content=\"article\" \/>\n<meta property=\"og:title\" content=\"Souffleuse cardeuse XFLOC95\" \/>\n<meta property=\"og:description\" content=\"En location Nous disposons \u00e0 pr\u00e9sent de le toute derni\u00e8re technologie de souffleuse cardeuse, la XFLOC M95-400V\/4,7kW s\u00e9rie fibre de bois avec amplificateur de 3kW. Cette machine est capable de souffler tous les isolants en vrac, m\u00eame la fibre de bois, le li\u00e8ge\" \/>\n<meta property=\"og:url\" content=\"https:\/\/nature-et-developpement.com\/logisain-78\/produit\/souffleuse-cardeuse-xfloc95\/\" \/>\n<meta property=\"og:site_name\" content=\"LOGISAIN 78 \u2013 Magasin de mat\u00e9riaux biosourc\u00e9s\" \/>\n<meta property=\"article:modified_time\" content=\"2025-03-27T14:30:31+00:00\" \/>\n<meta property=\"og:image\" content=\"https:\/\/nature-et-developpement.com\/logisain-78\/wp-content\/uploads\/sites\/5\/2021\/06\/14760-Souffleuse-cardeuse-XFLOC95.jpg\" \/>\n\t<meta property=\"og:image:width\" content=\"800\" \/>\n\t<meta property=\"og:image:height\" content=\"800\" \/>\n\t<meta property=\"og:image:type\" content=\"image\/jpeg\" \/>\n<meta name=\"twitter:card\" content=\"summary_large_image\" \/>\n<script type=\"application\/ld+json\" class=\"yoast-schema-graph\">{\"@context\":\"https:\\\/\\\/schema.org\",\"@graph\":[{\"@type\":\"WebPage\",\"@id\":\"https:\\\/\\\/nature-et-developpement.com\\\/logisain-78\\\/produit\\\/souffleuse-cardeuse-xfloc95\\\/\",\"url\":\"https:\\\/\\\/nature-et-developpement.com\\\/logisain-78\\\/produit\\\/souffleuse-cardeuse-xfloc95\\\/\",\"name\":\"Souffleuse cardeuse XFLOC95\",\"isPartOf\":{\"@id\":\"https:\\\/\\\/nature-et-developpement.com\\\/logisain-78\\\/#website\"},\"primaryImageOfPage\":{\"@id\":\"https:\\\/\\\/nature-et-developpement.com\\\/logisain-78\\\/produit\\\/souffleuse-cardeuse-xfloc95\\\/#primaryimage\"},\"image\":{\"@id\":\"https:\\\/\\\/nature-et-developpement.com\\\/logisain-78\\\/produit\\\/souffleuse-cardeuse-xfloc95\\\/#primaryimage\"},\"thumbnailUrl\":\"https:\\\/\\\/nature-et-developpement.com\\\/logisain-78\\\/wp-content\\\/uploads\\\/sites\\\/5\\\/2021\\\/06\\\/14760-Souffleuse-cardeuse-XFLOC95.jpg\",\"datePublished\":\"2017-06-23T10:06:04+00:00\",\"dateModified\":\"2025-03-27T14:30:31+00:00\",\"description\":\"En location Nous disposons \u00e0 pr\u00e9sent de le toute derni\u00e8re technologie de souffleuse cardeuse, la XFLOC M95-400V\\\/4,7kW s\u00e9rie fibre de bois avec amplificateur de 3kW. Cette machine est capable de souffler tous les isolants en vrac, m\u00eame la fibre de bois, le li\u00e8ge\",\"breadcrumb\":{\"@id\":\"https:\\\/\\\/nature-et-developpement.com\\\/logisain-78\\\/produit\\\/souffleuse-cardeuse-xfloc95\\\/#breadcrumb\"},\"inLanguage\":\"fr-FR\",\"potentialAction\":[{\"@type\":\"ReadAction\",\"target\":[\"https:\\\/\\\/nature-et-developpement.com\\\/logisain-78\\\/produit\\\/souffleuse-cardeuse-xfloc95\\\/\"]}]},{\"@type\":\"ImageObject\",\"inLanguage\":\"fr-FR\",\"@id\":\"https:\\\/\\\/nature-et-developpement.com\\\/logisain-78\\\/produit\\\/souffleuse-cardeuse-xfloc95\\\/#primaryimage\",\"url\":\"https:\\\/\\\/nature-et-developpement.com\\\/logisain-78\\\/wp-content\\\/uploads\\\/sites\\\/5\\\/2021\\\/06\\\/14760-Souffleuse-cardeuse-XFLOC95.jpg\",\"contentUrl\":\"https:\\\/\\\/nature-et-developpement.com\\\/logisain-78\\\/wp-content\\\/uploads\\\/sites\\\/5\\\/2021\\\/06\\\/14760-Souffleuse-cardeuse-XFLOC95.jpg\",\"width\":800,\"height\":800,\"caption\":\"Souffleuse cardeuse XFLOC95\"},{\"@type\":\"BreadcrumbList\",\"@id\":\"https:\\\/\\\/nature-et-developpement.com\\\/logisain-78\\\/produit\\\/souffleuse-cardeuse-xfloc95\\\/#breadcrumb\",\"itemListElement\":[{\"@type\":\"ListItem\",\"position\":1,\"name\":\"Accueil\",\"item\":\"https:\\\/\\\/nature-et-developpement.com\\\/logisain-78\\\/\"},{\"@type\":\"ListItem\",\"position\":2,\"name\":\"Produits\",\"item\":\"https:\\\/\\\/nature-et-developpement.com\\\/logisain-78\\\/shop\\\/\"},{\"@type\":\"ListItem\",\"position\":3,\"name\":\"Droguerie et outils\",\"item\":\"https:\\\/\\\/nature-et-developpement.com\\\/logisain-78\\\/produits\\\/droguerie-et-outils\\\/\"},{\"@type\":\"ListItem\",\"position\":4,\"name\":\"Outillage\",\"item\":\"https:\\\/\\\/nature-et-developpement.com\\\/logisain-78\\\/produits\\\/droguerie-et-outils\\\/outillage\\\/\"},{\"@type\":\"ListItem\",\"position\":5,\"name\":\"Souffleuse cardeuse XFLOC95\"}]},{\"@type\":\"WebSite\",\"@id\":\"https:\\\/\\\/nature-et-developpement.com\\\/logisain-78\\\/#website\",\"url\":\"https:\\\/\\\/nature-et-developpement.com\\\/logisain-78\\\/\",\"name\":\"LOGISAIN 78 \u2013 Magasin de mat\u00e9riaux biosourc\u00e9s\",\"description\":\"Logisain 78 est membre du groupement Nature &amp; D\u00e9veloppement\",\"publisher\":{\"@id\":\"https:\\\/\\\/nature-et-developpement.com\\\/logisain-78\\\/#organization\"},\"potentialAction\":[{\"@type\":\"SearchAction\",\"target\":{\"@type\":\"EntryPoint\",\"urlTemplate\":\"https:\\\/\\\/nature-et-developpement.com\\\/logisain-78\\\/?s={search_term_string}\"},\"query-input\":{\"@type\":\"PropertyValueSpecification\",\"valueRequired\":true,\"valueName\":\"search_term_string\"}}],\"inLanguage\":\"fr-FR\"},{\"@type\":\"Organization\",\"@id\":\"https:\\\/\\\/nature-et-developpement.com\\\/logisain-78\\\/#organization\",\"name\":\"Logisain 78\",\"url\":\"https:\\\/\\\/nature-et-developpement.com\\\/logisain-78\\\/\",\"logo\":{\"@type\":\"ImageObject\",\"inLanguage\":\"fr-FR\",\"@id\":\"https:\\\/\\\/nature-et-developpement.com\\\/logisain-78\\\/#\\\/schema\\\/logo\\\/image\\\/\",\"url\":\"https:\\\/\\\/nature-et-developpement.com\\\/logisain-78\\\/wp-content\\\/uploads\\\/sites\\\/5\\\/2021\\\/08\\\/logo-logisain.jpg\",\"contentUrl\":\"https:\\\/\\\/nature-et-developpement.com\\\/logisain-78\\\/wp-content\\\/uploads\\\/sites\\\/5\\\/2021\\\/08\\\/logo-logisain.jpg\",\"width\":672,\"height\":455,\"caption\":\"Logisain 78\"},\"image\":{\"@id\":\"https:\\\/\\\/nature-et-developpement.com\\\/logisain-78\\\/#\\\/schema\\\/logo\\\/image\\\/\"}}]}<\/script>\n<!-- \/ Yoast SEO plugin. -->","yoast_head_json":{"title":"Souffleuse cardeuse XFLOC95","description":"En location Nous disposons \u00e0 pr\u00e9sent de le toute derni\u00e8re technologie de souffleuse cardeuse, la XFLOC M95-400V\/4,7kW s\u00e9rie fibre de bois avec amplificateur de 3kW. Cette machine est capable de souffler tous les isolants en vrac, m\u00eame la fibre de bois, le li\u00e8ge","robots":{"index":"noindex","follow":"follow"},"og_locale":"fr_FR","og_type":"article","og_title":"Souffleuse cardeuse XFLOC95","og_description":"En location Nous disposons \u00e0 pr\u00e9sent de le toute derni\u00e8re technologie de souffleuse cardeuse, la XFLOC M95-400V\/4,7kW s\u00e9rie fibre de bois avec amplificateur de 3kW. Cette machine est capable de souffler tous les isolants en vrac, m\u00eame la fibre de bois, le li\u00e8ge","og_url":"https:\/\/nature-et-developpement.com\/logisain-78\/produit\/souffleuse-cardeuse-xfloc95\/","og_site_name":"LOGISAIN 78 \u2013 Magasin de mat\u00e9riaux biosourc\u00e9s","article_modified_time":"2025-03-27T14:30:31+00:00","og_image":[{"width":800,"height":800,"url":"https:\/\/nature-et-developpement.com\/logisain-78\/wp-content\/uploads\/sites\/5\/2021\/06\/14760-Souffleuse-cardeuse-XFLOC95.jpg","type":"image\/jpeg"}],"twitter_card":"summary_large_image","schema":{"@context":"https:\/\/schema.org","@graph":[{"@type":"WebPage","@id":"https:\/\/nature-et-developpement.com\/logisain-78\/produit\/souffleuse-cardeuse-xfloc95\/","url":"https:\/\/nature-et-developpement.com\/logisain-78\/produit\/souffleuse-cardeuse-xfloc95\/","name":"Souffleuse cardeuse XFLOC95","isPartOf":{"@id":"https:\/\/nature-et-developpement.com\/logisain-78\/#website"},"primaryImageOfPage":{"@id":"https:\/\/nature-et-developpement.com\/logisain-78\/produit\/souffleuse-cardeuse-xfloc95\/#primaryimage"},"image":{"@id":"https:\/\/nature-et-developpement.com\/logisain-78\/produit\/souffleuse-cardeuse-xfloc95\/#primaryimage"},"thumbnailUrl":"https:\/\/nature-et-developpement.com\/logisain-78\/wp-content\/uploads\/sites\/5\/2021\/06\/14760-Souffleuse-cardeuse-XFLOC95.jpg","datePublished":"2017-06-23T10:06:04+00:00","dateModified":"2025-03-27T14:30:31+00:00","description":"En location Nous disposons \u00e0 pr\u00e9sent de le toute derni\u00e8re technologie de souffleuse cardeuse, la XFLOC M95-400V\/4,7kW s\u00e9rie fibre de bois avec amplificateur de 3kW. Cette machine est capable de souffler tous les isolants en vrac, m\u00eame la fibre de bois, le li\u00e8ge","breadcrumb":{"@id":"https:\/\/nature-et-developpement.com\/logisain-78\/produit\/souffleuse-cardeuse-xfloc95\/#breadcrumb"},"inLanguage":"fr-FR","potentialAction":[{"@type":"ReadAction","target":["https:\/\/nature-et-developpement.com\/logisain-78\/produit\/souffleuse-cardeuse-xfloc95\/"]}]},{"@type":"ImageObject","inLanguage":"fr-FR","@id":"https:\/\/nature-et-developpement.com\/logisain-78\/produit\/souffleuse-cardeuse-xfloc95\/#primaryimage","url":"https:\/\/nature-et-developpement.com\/logisain-78\/wp-content\/uploads\/sites\/5\/2021\/06\/14760-Souffleuse-cardeuse-XFLOC95.jpg","contentUrl":"https:\/\/nature-et-developpement.com\/logisain-78\/wp-content\/uploads\/sites\/5\/2021\/06\/14760-Souffleuse-cardeuse-XFLOC95.jpg","width":800,"height":800,"caption":"Souffleuse cardeuse XFLOC95"},{"@type":"BreadcrumbList","@id":"https:\/\/nature-et-developpement.com\/logisain-78\/produit\/souffleuse-cardeuse-xfloc95\/#breadcrumb","itemListElement":[{"@type":"ListItem","position":1,"name":"Accueil","item":"https:\/\/nature-et-developpement.com\/logisain-78\/"},{"@type":"ListItem","position":2,"name":"Produits","item":"https:\/\/nature-et-developpement.com\/logisain-78\/shop\/"},{"@type":"ListItem","position":3,"name":"Droguerie et outils","item":"https:\/\/nature-et-developpement.com\/logisain-78\/produits\/droguerie-et-outils\/"},{"@type":"ListItem","position":4,"name":"Outillage","item":"https:\/\/nature-et-developpement.com\/logisain-78\/produits\/droguerie-et-outils\/outillage\/"},{"@type":"ListItem","position":5,"name":"Souffleuse cardeuse XFLOC95"}]},{"@type":"WebSite","@id":"https:\/\/nature-et-developpement.com\/logisain-78\/#website","url":"https:\/\/nature-et-developpement.com\/logisain-78\/","name":"LOGISAIN 78 \u2013 Magasin de mat\u00e9riaux biosourc\u00e9s","description":"Logisain 78 est membre du groupement Nature &amp; D\u00e9veloppement","publisher":{"@id":"https:\/\/nature-et-developpement.com\/logisain-78\/#organization"},"potentialAction":[{"@type":"SearchAction","target":{"@type":"EntryPoint","urlTemplate":"https:\/\/nature-et-developpement.com\/logisain-78\/?s={search_term_string}"},"query-input":{"@type":"PropertyValueSpecification","valueRequired":true,"valueName":"search_term_string"}}],"inLanguage":"fr-FR"},{"@type":"Organization","@id":"https:\/\/nature-et-developpement.com\/logisain-78\/#organization","name":"Logisain 78","url":"https:\/\/nature-et-developpement.com\/logisain-78\/","logo":{"@type":"ImageObject","inLanguage":"fr-FR","@id":"https:\/\/nature-et-developpement.com\/logisain-78\/#\/schema\/logo\/image\/","url":"https:\/\/nature-et-developpement.com\/logisain-78\/wp-content\/uploads\/sites\/5\/2021\/08\/logo-logisain.jpg","contentUrl":"https:\/\/nature-et-developpement.com\/logisain-78\/wp-content\/uploads\/sites\/5\/2021\/08\/logo-logisain.jpg","width":672,"height":455,"caption":"Logisain 78"},"image":{"@id":"https:\/\/nature-et-developpement.com\/logisain-78\/#\/schema\/logo\/image\/"}}]}},"distributor_meta":false,"distributor_terms":false,"distributor_media":false,"distributor_original_site_name":"LOGISAIN 78 \u2013 Magasin de mat\u00e9riaux biosourc\u00e9s","distributor_original_site_url":"https:\/\/nature-et-developpement.com\/logisain-78","push-errors":false,"_links":{"self":[{"href":"https:\/\/nature-et-developpement.com\/logisain-78\/wp-json\/wp\/v2\/product\/10356","targetHints":{"allow":["GET"]}}],"collection":[{"href":"https:\/\/nature-et-developpement.com\/logisain-78\/wp-json\/wp\/v2\/product"}],"about":[{"href":"https:\/\/nature-et-developpement.com\/logisain-78\/wp-json\/wp\/v2\/types\/product"}],"wp:featuredmedia":[{"embeddable":true,"href":"https:\/\/nature-et-developpement.com\/logisain-78\/wp-json\/wp\/v2\/media\/10355"}],"wp:attachment":[{"href":"https:\/\/nature-et-developpement.com\/logisain-78\/wp-json\/wp\/v2\/media?parent=10356"}],"wp:term":[{"taxonomy":"product_brand","embeddable":true,"href":"https:\/\/nature-et-developpement.com\/logisain-78\/wp-json\/wp\/v2\/product_brand?post=10356"},{"taxonomy":"product_cat","embeddable":true,"href":"https:\/\/nature-et-developpement.com\/logisain-78\/wp-json\/wp\/v2\/product_cat?post=10356"},{"taxonomy":"product_tag","embeddable":true,"href":"https:\/\/nature-et-developpement.com\/logisain-78\/wp-json\/wp\/v2\/product_tag?post=10356"}],"curies":[{"name":"wp","href":"https:\/\/api.w.org\/{rel}","templated":true}]}}