{"id":10381,"date":"2025-03-23T12:05:28","date_gmt":"2025-03-23T11:05:28","guid":{"rendered":"https:\/\/nature-et-developpement.com\/logisain78\/produit\/traitement-naturel-du-bois-par-mineralisation-wood-bliss-1\/"},"modified":"2026-04-14T10:05:13","modified_gmt":"2026-04-14T08:05:13","slug":"traitement-naturel-du-bois-par-mineralisation-wood-bliss-1","status":"publish","type":"product","link":"https:\/\/nature-et-developpement.com\/logisain-78\/produit\/traitement-naturel-du-bois-par-mineralisation-wood-bliss-1\/","title":{"rendered":"Traitement naturel du bois par min\u00e9ralisation WOOD BLISS 1"},"content":{"rendered":"<h2>Traitement min\u00e9ral du bois\u00a0 Pr\u00e9ventif et Curatif\u00a0 Wood Bliss 1<\/h2>\n<p>Produit \u00e9cologique sans fongicides et sans insecticides, fonctionnant sur le principe de la min\u00e9ralisation du bois.<br \/>\nUne solution toute naturelle. Un proc\u00e9d\u00e9 brevet\u00e9 et sous certifications internationales.<\/p>\n<p>Woodbliss s\u2019utilise sur le bois d\u2019\u0153uvre et offre une protection \u00ab \u00e0 vie \u00bb des bois trait\u00e9s, en effet le bois sera comme p\u00e9trifi\u00e9 ce qui le rendra impropre \u00e0 la consommation des tous les xylophages.<\/p>\n<p>De plus il renforce la structure du bois d\u00e9j\u00e0 attaqu\u00e9 et offre une protection suppl\u00e9mentaire vis-\u00e0-vis du feu.<\/p>\n<p>Produit sans solvants, sans produit chimiques et utilisables partout<\/p>\n<h4>Principe actif :<\/h4>\n<p>Les substances nutritives recherch\u00e9es par les insectes jusqu\u2019au c\u0153ur du bois sont min\u00e9ralis\u00e9es : les bois une fois trait\u00e9s ne repr\u00e9sentent plus d\u2019int\u00e9r\u00eat au point de vue nutritif pour les insectes.<\/p>\n<p>Au cas o\u00f9 le bois est d\u00e9j\u00e0 attaqu\u00e9, le produit remplit les passages creus\u00e9s par les insectes qui ne peuvent plus se d\u00e9placer ni se nourrir.<\/p>\n<p>Si le bois est attaqu\u00e9 par des champignons, la plupart sont an\u00e9antis par la forte alcalinit\u00e9 du produit, la silication d\u00e9truit m\u00e9caniquement le reste.<\/p>\n<h4>Mode d\u2019application :<\/h4>\n<p>Au pinceau, au rouleau, par trempage ou injection.<\/p>\n<p>Pour le s\u00e9chage, veiller \u00e0 ce que les bois trait\u00e9s ne soient pas en contact : risque de collage.<\/p>\n<h4>Pr\u00e9paration :<\/h4>\n<p>Le bois doit \u00eatre non trait\u00e9, propre, d\u00e9poussi\u00e9r\u00e9.<\/p>\n<p>\u00c9liminer toute mati\u00e8re anti-salet\u00e9 ou hydrofuge qui emp\u00eacherait la p\u00e9n\u00e9tration du produit de traitement.<\/p>\n<p>\u00c9liminer les vieilles laques et les peintures acryliques.<\/p>\n<p>Traiter les poches de r\u00e9sine existantes en les br\u00fblant (c\u2019est le moyen le plus efficace pour les \u00e9liminer).<\/p>\n<h4>Conditionnement:<\/h4>\n<p>1L, 5L et 10L<\/p>\n<h3>ATTENTION<\/h3>\n<h4>Beaucoup de concurrents vendent le woodbliss 1 d\u00e9j\u00e0 dilue !<\/h4>\n<h4>Ce qui explique la diff\u00e9rence de prix et diminue les possibilit\u00e9s d&rsquo;application.<\/h4>\n","protected":false},"excerpt":{"rendered":"<p>Produit \u00e9cologique sans fongicides et sans insecticides, fonctionnant sur le principe de la min\u00e9ralisation du bois.<br \/>\nUne solution toute naturelle.<br \/>\nUn proc\u00e9d\u00e9 brevet\u00e9 et sous certifications internationales.<\/p>\n","protected":false},"featured_media":1000000168822,"template":"","meta":[],"product_brand":[2851],"product_cat":[48,47,50,1417],"product_tag":[4163],"class_list":{"0":"post-10381","1":"product","2":"type-product","3":"status-publish","4":"has-post-thumbnail","6":"product_brand-masid","7":"product_cat-agencement-exterieur","8":"product_cat-peinture-et-enduit","9":"product_cat-protection-et-entretien","10":"product_cat-traitement-bois-et-pierre-ecologique","11":"product_tag-traitement-du-bois","12":"product_shipping_class-petit-equipement-outil-eclairage","14":"first","15":"instock","16":"taxable","17":"shipping-taxable","18":"purchasable","19":"product-type-variable"},"yoast_head":"<!-- This site is optimized with the Yoast SEO plugin v27.5 - https:\/\/yoast.com\/product\/yoast-seo-wordpress\/ -->\n<title>Traitement naturel du bois par min\u00e9ralisation WOOD BLISS 1<\/title>\n<meta name=\"description\" content=\"Produit \u00e9cologique sans fongicides et sans insecticides, fonctionnant sur le principe de la min\u00e9ralisation du bois. Une solution toute naturelle. Un proc\u00e9d\u00e9 brevet\u00e9 et sous certifications internationales.\" \/>\n<meta name=\"robots\" content=\"noindex, nofollow\" \/>\n<meta property=\"og:locale\" content=\"fr_FR\" \/>\n<meta property=\"og:type\" content=\"article\" \/>\n<meta property=\"og:title\" content=\"Traitement naturel du bois par min\u00e9ralisation WOOD BLISS 1\" \/>\n<meta property=\"og:description\" content=\"Produit \u00e9cologique sans fongicides et sans insecticides, fonctionnant sur le principe de la min\u00e9ralisation du bois. Une solution toute naturelle. Un proc\u00e9d\u00e9 brevet\u00e9 et sous certifications internationales.\" \/>\n<meta property=\"og:url\" content=\"https:\/\/nature-et-developpement.com\/logisain-78\/produit\/traitement-naturel-du-bois-par-mineralisation-wood-bliss-1\/\" \/>\n<meta property=\"og:site_name\" content=\"LOGISAIN 78 \u2013 Magasin de mat\u00e9riaux biosourc\u00e9s\" \/>\n<meta property=\"article:modified_time\" content=\"2026-04-14T08:05:13+00:00\" \/>\n<meta name=\"twitter:card\" content=\"summary_large_image\" \/>\n<meta name=\"twitter:label1\" content=\"Dur\u00e9e de lecture estim\u00e9e\" \/>\n\t<meta name=\"twitter:data1\" content=\"2 minutes\" \/>\n<script type=\"application\/ld+json\" class=\"yoast-schema-graph\">{\"@context\":\"https:\\\/\\\/schema.org\",\"@graph\":[{\"@type\":\"WebPage\",\"@id\":\"https:\\\/\\\/nature-et-developpement.com\\\/logisain-78\\\/produit\\\/traitement-naturel-du-bois-par-mineralisation-wood-bliss-1\\\/\",\"url\":\"https:\\\/\\\/nature-et-developpement.com\\\/logisain-78\\\/produit\\\/traitement-naturel-du-bois-par-mineralisation-wood-bliss-1\\\/\",\"name\":\"Traitement naturel du bois par min\u00e9ralisation WOOD BLISS 1\",\"isPartOf\":{\"@id\":\"https:\\\/\\\/nature-et-developpement.com\\\/logisain-78\\\/#website\"},\"primaryImageOfPage\":{\"@id\":\"https:\\\/\\\/nature-et-developpement.com\\\/logisain-78\\\/produit\\\/traitement-naturel-du-bois-par-mineralisation-wood-bliss-1\\\/#primaryimage\"},\"image\":{\"@id\":\"https:\\\/\\\/nature-et-developpement.com\\\/logisain-78\\\/produit\\\/traitement-naturel-du-bois-par-mineralisation-wood-bliss-1\\\/#primaryimage\"},\"thumbnailUrl\":\"https:\\\/\\\/nature-et-developpement.com\\\/logisain-78\\\/wp-content\\\/uploads\\\/Traitement-naturel-du-bois-par-mineralisation-WOOD-BLISS-1.jpg\",\"datePublished\":\"2025-03-23T11:05:28+00:00\",\"dateModified\":\"2026-04-14T08:05:13+00:00\",\"description\":\"Produit \u00e9cologique sans fongicides et sans insecticides, fonctionnant sur le principe de la min\u00e9ralisation du bois. Une solution toute naturelle. Un proc\u00e9d\u00e9 brevet\u00e9 et sous certifications internationales.\",\"breadcrumb\":{\"@id\":\"https:\\\/\\\/nature-et-developpement.com\\\/logisain-78\\\/produit\\\/traitement-naturel-du-bois-par-mineralisation-wood-bliss-1\\\/#breadcrumb\"},\"inLanguage\":\"fr-FR\",\"potentialAction\":[{\"@type\":\"ReadAction\",\"target\":[\"https:\\\/\\\/nature-et-developpement.com\\\/logisain-78\\\/produit\\\/traitement-naturel-du-bois-par-mineralisation-wood-bliss-1\\\/\"]}]},{\"@type\":\"ImageObject\",\"inLanguage\":\"fr-FR\",\"@id\":\"https:\\\/\\\/nature-et-developpement.com\\\/logisain-78\\\/produit\\\/traitement-naturel-du-bois-par-mineralisation-wood-bliss-1\\\/#primaryimage\",\"url\":\"https:\\\/\\\/nature-et-developpement.com\\\/logisain-78\\\/wp-content\\\/uploads\\\/Traitement-naturel-du-bois-par-mineralisation-WOOD-BLISS-1.jpg\",\"contentUrl\":\"https:\\\/\\\/nature-et-developpement.com\\\/logisain-78\\\/wp-content\\\/uploads\\\/Traitement-naturel-du-bois-par-mineralisation-WOOD-BLISS-1.jpg\"},{\"@type\":\"BreadcrumbList\",\"@id\":\"https:\\\/\\\/nature-et-developpement.com\\\/logisain-78\\\/produit\\\/traitement-naturel-du-bois-par-mineralisation-wood-bliss-1\\\/#breadcrumb\",\"itemListElement\":[{\"@type\":\"ListItem\",\"position\":1,\"name\":\"Accueil\",\"item\":\"https:\\\/\\\/nature-et-developpement.com\\\/logisain-78\\\/\"},{\"@type\":\"ListItem\",\"position\":2,\"name\":\"Produits\",\"item\":\"https:\\\/\\\/nature-et-developpement.com\\\/logisain-78\\\/shop\\\/\"},{\"@type\":\"ListItem\",\"position\":3,\"name\":\"Peinture, pigment et enduit\",\"item\":\"https:\\\/\\\/nature-et-developpement.com\\\/logisain-78\\\/produits\\\/peinture-et-enduit\\\/\"},{\"@type\":\"ListItem\",\"position\":4,\"name\":\"Traitement bois et pierre \u00e9cologique\",\"item\":\"https:\\\/\\\/nature-et-developpement.com\\\/logisain-78\\\/produits\\\/peinture-et-enduit\\\/traitement-bois-et-pierre-ecologique\\\/\"},{\"@type\":\"ListItem\",\"position\":5,\"name\":\"Traitement naturel du bois par min\u00e9ralisation WOOD BLISS 1\"}]},{\"@type\":\"WebSite\",\"@id\":\"https:\\\/\\\/nature-et-developpement.com\\\/logisain-78\\\/#website\",\"url\":\"https:\\\/\\\/nature-et-developpement.com\\\/logisain-78\\\/\",\"name\":\"LOGISAIN 78 \u2013 Magasin de mat\u00e9riaux biosourc\u00e9s\",\"description\":\"Logisain 78 est membre du groupement Nature &amp; D\u00e9veloppement\",\"publisher\":{\"@id\":\"https:\\\/\\\/nature-et-developpement.com\\\/logisain-78\\\/#organization\"},\"potentialAction\":[{\"@type\":\"SearchAction\",\"target\":{\"@type\":\"EntryPoint\",\"urlTemplate\":\"https:\\\/\\\/nature-et-developpement.com\\\/logisain-78\\\/?s={search_term_string}\"},\"query-input\":{\"@type\":\"PropertyValueSpecification\",\"valueRequired\":true,\"valueName\":\"search_term_string\"}}],\"inLanguage\":\"fr-FR\"},{\"@type\":\"Organization\",\"@id\":\"https:\\\/\\\/nature-et-developpement.com\\\/logisain-78\\\/#organization\",\"name\":\"Logisain 78\",\"url\":\"https:\\\/\\\/nature-et-developpement.com\\\/logisain-78\\\/\",\"logo\":{\"@type\":\"ImageObject\",\"inLanguage\":\"fr-FR\",\"@id\":\"https:\\\/\\\/nature-et-developpement.com\\\/logisain-78\\\/#\\\/schema\\\/logo\\\/image\\\/\",\"url\":\"https:\\\/\\\/nature-et-developpement.com\\\/logisain-78\\\/wp-content\\\/uploads\\\/sites\\\/5\\\/2021\\\/08\\\/logo-logisain.jpg\",\"contentUrl\":\"https:\\\/\\\/nature-et-developpement.com\\\/logisain-78\\\/wp-content\\\/uploads\\\/sites\\\/5\\\/2021\\\/08\\\/logo-logisain.jpg\",\"width\":672,\"height\":455,\"caption\":\"Logisain 78\"},\"image\":{\"@id\":\"https:\\\/\\\/nature-et-developpement.com\\\/logisain-78\\\/#\\\/schema\\\/logo\\\/image\\\/\"}}]}<\/script>\n<!-- \/ Yoast SEO plugin. -->","yoast_head_json":{"title":"Traitement naturel du bois par min\u00e9ralisation WOOD BLISS 1","description":"Produit \u00e9cologique sans fongicides et sans insecticides, fonctionnant sur le principe de la min\u00e9ralisation du bois. Une solution toute naturelle. Un proc\u00e9d\u00e9 brevet\u00e9 et sous certifications internationales.","robots":{"index":"noindex","follow":"nofollow"},"og_locale":"fr_FR","og_type":"article","og_title":"Traitement naturel du bois par min\u00e9ralisation WOOD BLISS 1","og_description":"Produit \u00e9cologique sans fongicides et sans insecticides, fonctionnant sur le principe de la min\u00e9ralisation du bois. Une solution toute naturelle. Un proc\u00e9d\u00e9 brevet\u00e9 et sous certifications internationales.","og_url":"https:\/\/nature-et-developpement.com\/logisain-78\/produit\/traitement-naturel-du-bois-par-mineralisation-wood-bliss-1\/","og_site_name":"LOGISAIN 78 \u2013 Magasin de mat\u00e9riaux biosourc\u00e9s","article_modified_time":"2026-04-14T08:05:13+00:00","twitter_card":"summary_large_image","twitter_misc":{"Dur\u00e9e de lecture estim\u00e9e":"2 minutes"},"schema":{"@context":"https:\/\/schema.org","@graph":[{"@type":"WebPage","@id":"https:\/\/nature-et-developpement.com\/logisain-78\/produit\/traitement-naturel-du-bois-par-mineralisation-wood-bliss-1\/","url":"https:\/\/nature-et-developpement.com\/logisain-78\/produit\/traitement-naturel-du-bois-par-mineralisation-wood-bliss-1\/","name":"Traitement naturel du bois par min\u00e9ralisation WOOD BLISS 1","isPartOf":{"@id":"https:\/\/nature-et-developpement.com\/logisain-78\/#website"},"primaryImageOfPage":{"@id":"https:\/\/nature-et-developpement.com\/logisain-78\/produit\/traitement-naturel-du-bois-par-mineralisation-wood-bliss-1\/#primaryimage"},"image":{"@id":"https:\/\/nature-et-developpement.com\/logisain-78\/produit\/traitement-naturel-du-bois-par-mineralisation-wood-bliss-1\/#primaryimage"},"thumbnailUrl":"https:\/\/nature-et-developpement.com\/logisain-78\/wp-content\/uploads\/Traitement-naturel-du-bois-par-mineralisation-WOOD-BLISS-1.jpg","datePublished":"2025-03-23T11:05:28+00:00","dateModified":"2026-04-14T08:05:13+00:00","description":"Produit \u00e9cologique sans fongicides et sans insecticides, fonctionnant sur le principe de la min\u00e9ralisation du bois. Une solution toute naturelle. Un proc\u00e9d\u00e9 brevet\u00e9 et sous certifications internationales.","breadcrumb":{"@id":"https:\/\/nature-et-developpement.com\/logisain-78\/produit\/traitement-naturel-du-bois-par-mineralisation-wood-bliss-1\/#breadcrumb"},"inLanguage":"fr-FR","potentialAction":[{"@type":"ReadAction","target":["https:\/\/nature-et-developpement.com\/logisain-78\/produit\/traitement-naturel-du-bois-par-mineralisation-wood-bliss-1\/"]}]},{"@type":"ImageObject","inLanguage":"fr-FR","@id":"https:\/\/nature-et-developpement.com\/logisain-78\/produit\/traitement-naturel-du-bois-par-mineralisation-wood-bliss-1\/#primaryimage","url":"https:\/\/nature-et-developpement.com\/logisain-78\/wp-content\/uploads\/Traitement-naturel-du-bois-par-mineralisation-WOOD-BLISS-1.jpg","contentUrl":"https:\/\/nature-et-developpement.com\/logisain-78\/wp-content\/uploads\/Traitement-naturel-du-bois-par-mineralisation-WOOD-BLISS-1.jpg"},{"@type":"BreadcrumbList","@id":"https:\/\/nature-et-developpement.com\/logisain-78\/produit\/traitement-naturel-du-bois-par-mineralisation-wood-bliss-1\/#breadcrumb","itemListElement":[{"@type":"ListItem","position":1,"name":"Accueil","item":"https:\/\/nature-et-developpement.com\/logisain-78\/"},{"@type":"ListItem","position":2,"name":"Produits","item":"https:\/\/nature-et-developpement.com\/logisain-78\/shop\/"},{"@type":"ListItem","position":3,"name":"Peinture, pigment et enduit","item":"https:\/\/nature-et-developpement.com\/logisain-78\/produits\/peinture-et-enduit\/"},{"@type":"ListItem","position":4,"name":"Traitement bois et pierre \u00e9cologique","item":"https:\/\/nature-et-developpement.com\/logisain-78\/produits\/peinture-et-enduit\/traitement-bois-et-pierre-ecologique\/"},{"@type":"ListItem","position":5,"name":"Traitement naturel du bois par min\u00e9ralisation WOOD BLISS 1"}]},{"@type":"WebSite","@id":"https:\/\/nature-et-developpement.com\/logisain-78\/#website","url":"https:\/\/nature-et-developpement.com\/logisain-78\/","name":"LOGISAIN 78 \u2013 Magasin de mat\u00e9riaux biosourc\u00e9s","description":"Logisain 78 est membre du groupement Nature &amp; D\u00e9veloppement","publisher":{"@id":"https:\/\/nature-et-developpement.com\/logisain-78\/#organization"},"potentialAction":[{"@type":"SearchAction","target":{"@type":"EntryPoint","urlTemplate":"https:\/\/nature-et-developpement.com\/logisain-78\/?s={search_term_string}"},"query-input":{"@type":"PropertyValueSpecification","valueRequired":true,"valueName":"search_term_string"}}],"inLanguage":"fr-FR"},{"@type":"Organization","@id":"https:\/\/nature-et-developpement.com\/logisain-78\/#organization","name":"Logisain 78","url":"https:\/\/nature-et-developpement.com\/logisain-78\/","logo":{"@type":"ImageObject","inLanguage":"fr-FR","@id":"https:\/\/nature-et-developpement.com\/logisain-78\/#\/schema\/logo\/image\/","url":"https:\/\/nature-et-developpement.com\/logisain-78\/wp-content\/uploads\/sites\/5\/2021\/08\/logo-logisain.jpg","contentUrl":"https:\/\/nature-et-developpement.com\/logisain-78\/wp-content\/uploads\/sites\/5\/2021\/08\/logo-logisain.jpg","width":672,"height":455,"caption":"Logisain 78"},"image":{"@id":"https:\/\/nature-et-developpement.com\/logisain-78\/#\/schema\/logo\/image\/"}}]}},"distributor_meta":false,"distributor_terms":false,"distributor_media":false,"distributor_original_site_name":"LOGISAIN 78 \u2013 Magasin de mat\u00e9riaux biosourc\u00e9s","distributor_original_site_url":"https:\/\/nature-et-developpement.com\/logisain-78","push-errors":false,"_links":{"self":[{"href":"https:\/\/nature-et-developpement.com\/logisain-78\/wp-json\/wp\/v2\/product\/10381","targetHints":{"allow":["GET"]}}],"collection":[{"href":"https:\/\/nature-et-developpement.com\/logisain-78\/wp-json\/wp\/v2\/product"}],"about":[{"href":"https:\/\/nature-et-developpement.com\/logisain-78\/wp-json\/wp\/v2\/types\/product"}],"wp:featuredmedia":[{"embeddable":true,"href":"https:\/\/nature-et-developpement.com\/logisain-78\/wp-json\/"}],"wp:attachment":[{"href":"https:\/\/nature-et-developpement.com\/logisain-78\/wp-json\/wp\/v2\/media?parent=10381"}],"wp:term":[{"taxonomy":"product_brand","embeddable":true,"href":"https:\/\/nature-et-developpement.com\/logisain-78\/wp-json\/wp\/v2\/product_brand?post=10381"},{"taxonomy":"product_cat","embeddable":true,"href":"https:\/\/nature-et-developpement.com\/logisain-78\/wp-json\/wp\/v2\/product_cat?post=10381"},{"taxonomy":"product_tag","embeddable":true,"href":"https:\/\/nature-et-developpement.com\/logisain-78\/wp-json\/wp\/v2\/product_tag?post=10381"}],"curies":[{"name":"wp","href":"https:\/\/api.w.org\/{rel}","templated":true}]}}