{"id":10450,"date":"2017-01-01T00:00:00","date_gmt":"2016-12-31T23:00:00","guid":{"rendered":"https:\/\/nature-et-developpement.com\/logisain78\/produit\/toile-de-jute-pour-renforcer-les-enduits-terre\/"},"modified":"2026-01-06T20:00:13","modified_gmt":"2026-01-06T19:00:13","slug":"toile-de-jute-pour-renforcer-les-enduits-terre","status":"publish","type":"product","link":"https:\/\/nature-et-developpement.com\/logisain-78\/produit\/toile-de-jute-pour-renforcer-les-enduits-terre\/","title":{"rendered":"Toile de Jute pour renforcer les enduits terre Argilus"},"content":{"rendered":"<h2>Pour \u00e9viter les fissurations et consolider les angles<\/h2>\n<p>A utiliser pour la r\u00e9alisation d\u2019enduits \u00e9pais, tels que l\u2019Enduit Torchis ou l\u2019Enduit Monocouche ARGILUS.<\/p>\n<p>S\u2019utilise uniquement en int\u00e9rieur.<\/p>\n<p><strong>MISE EN \u0152UVRE <\/strong><\/p>\n<p>Apr\u00e8s avoir appliqu\u00e9 un enduit Torchis ou Monocouche ARGILUS, la toile de jute est mise en \u0153uvre sur l\u2019enduit encore frais.<\/p>\n<p>Elle est maroufl\u00e9e sur celui-ci \u00e0 l\u2019aide d\u2019une spatule inox ou \u00e0 la main.<\/p>\n<p>Il faut pr\u00e9voir un recouvrement d\u2019une bande \u00e0 l\u2019autre de 10 cm environ.<\/p>\n<p>Apr\u00e8s le s\u00e9chage de l\u2019enduit (environ 3 \u00e0 4 jours) il faudra veiller au bon encollage de la toile avant d\u2019appliquer la seconde passe d\u2019enduit.<\/p>\n<p>Il ne faut pas laisser tremper la toile de jute.<\/p>\n","protected":false},"excerpt":{"rendered":"<p>La TOILE DE JUTE va avoir un r\u00f4le d\u2019anti-fissuration dans les enduits appliqu\u00e9s en forte \u00e9paisseur.<br \/>\nCe produit s\u2019utilise principalement avec les enduits\u00a0torchis et\u00a0monocouche ARGILUS et uniquement \u00e0 l\u2019int\u00e9rieur de l\u2019habitat.<\/p>\n<p><strong><span style=\"color: #008000\">TARIF VALABLE EN VENTE EN LIGNE UNIQUEMENT<br \/>\nFRAIS DE TRANSPORT \u00c0 PR\u00c9VOIR.<\/span><\/strong><br \/>\n<strong><span style=\"color: #008000\"><em>Le tarif pratiqu\u00e9 en magasin sur stock marchandise est diff\u00e9rent<br \/>\ncar il tient compte des co\u00fbts logistiques en vigueur.<\/em><\/span><\/strong><\/p>\n","protected":false},"featured_media":1000000169354,"template":"","meta":[],"product_brand":[2821],"product_cat":[295,124,2904],"product_tag":[4282],"class_list":{"0":"post-10450","1":"product","2":"type-product","3":"status-publish","4":"has-post-thumbnail","6":"product_brand-argilus","7":"product_cat-accessoires-construction","8":"product_cat-accessoires-peinture-et-enduit","9":"product_cat-demande-de-devis-uniquement-avec-prix","10":"product_tag-argilus","11":"product_shipping_class-petit-equipement-outil-eclairage","13":"first","14":"instock","15":"taxable","16":"shipping-taxable","17":"purchasable","18":"product-type-simple"},"yoast_head":"<!-- This site is optimized with the Yoast SEO plugin v27.5 - https:\/\/yoast.com\/product\/yoast-seo-wordpress\/ -->\n<title>Toile de Jute pour renforcer les enduits terre Argilus<\/title>\n<meta name=\"description\" content=\"La TOILE DE JUTE va avoir un r\u00f4le d\u2019anti-fissuration dans les enduits appliqu\u00e9s en forte \u00e9paisseur. Ce produit s\u2019utilise principalement avec les enduits\u00a0torchis et\u00a0monocouche ARGILUS et uniquement \u00e0 l\u2019int\u00e9rieur de l\u2019habitat.  TARIF VALABLE EN VENTE EN LIGNE UNIQUEMENT FRAIS DE TRANSPORT \u00c0 PR\u00c9VOIR. Le tarif pratiqu\u00e9 en magasin sur stock marchandise est diff\u00e9rent car il tient compte des co\u00fbts logistiques en vigueur.\" \/>\n<meta name=\"robots\" content=\"noindex, nofollow\" \/>\n<meta property=\"og:locale\" content=\"fr_FR\" \/>\n<meta property=\"og:type\" content=\"article\" \/>\n<meta property=\"og:title\" content=\"Toile de Jute pour renforcer les enduits terre Argilus\" \/>\n<meta property=\"og:description\" content=\"La TOILE DE JUTE va avoir un r\u00f4le d\u2019anti-fissuration dans les enduits appliqu\u00e9s en forte \u00e9paisseur. Ce produit s\u2019utilise principalement avec les enduits\u00a0torchis et\u00a0monocouche ARGILUS et uniquement \u00e0 l\u2019int\u00e9rieur de l\u2019habitat.  TARIF VALABLE EN VENTE EN LIGNE UNIQUEMENT FRAIS DE TRANSPORT \u00c0 PR\u00c9VOIR. Le tarif pratiqu\u00e9 en magasin sur stock marchandise est diff\u00e9rent car il tient compte des co\u00fbts logistiques en vigueur.\" \/>\n<meta property=\"og:url\" content=\"https:\/\/nature-et-developpement.com\/logisain-78\/produit\/toile-de-jute-pour-renforcer-les-enduits-terre\/\" \/>\n<meta property=\"og:site_name\" content=\"LOGISAIN 78 \u2013 Magasin de mat\u00e9riaux biosourc\u00e9s\" \/>\n<meta property=\"article:modified_time\" content=\"2026-01-06T19:00:13+00:00\" \/>\n<meta name=\"twitter:card\" content=\"summary_large_image\" \/>\n<meta name=\"twitter:label1\" content=\"Dur\u00e9e de lecture estim\u00e9e\" \/>\n\t<meta name=\"twitter:data1\" content=\"1 minute\" \/>\n<script type=\"application\/ld+json\" class=\"yoast-schema-graph\">{\"@context\":\"https:\\\/\\\/schema.org\",\"@graph\":[{\"@type\":\"WebPage\",\"@id\":\"https:\\\/\\\/nature-et-developpement.com\\\/logisain-78\\\/produit\\\/toile-de-jute-pour-renforcer-les-enduits-terre\\\/\",\"url\":\"https:\\\/\\\/nature-et-developpement.com\\\/logisain-78\\\/produit\\\/toile-de-jute-pour-renforcer-les-enduits-terre\\\/\",\"name\":\"Toile de Jute pour renforcer les enduits terre Argilus\",\"isPartOf\":{\"@id\":\"https:\\\/\\\/nature-et-developpement.com\\\/logisain-78\\\/#website\"},\"primaryImageOfPage\":{\"@id\":\"https:\\\/\\\/nature-et-developpement.com\\\/logisain-78\\\/produit\\\/toile-de-jute-pour-renforcer-les-enduits-terre\\\/#primaryimage\"},\"image\":{\"@id\":\"https:\\\/\\\/nature-et-developpement.com\\\/logisain-78\\\/produit\\\/toile-de-jute-pour-renforcer-les-enduits-terre\\\/#primaryimage\"},\"thumbnailUrl\":\"https:\\\/\\\/nature-et-developpement.com\\\/logisain-78\\\/wp-content\\\/uploads\\\/Toile-de-Jute-pour-renforcer-les-enduits-terre-Argilus.jpg\",\"datePublished\":\"2016-12-31T23:00:00+00:00\",\"dateModified\":\"2026-01-06T19:00:13+00:00\",\"description\":\"La TOILE DE JUTE va avoir un r\u00f4le d\u2019anti-fissuration dans les enduits appliqu\u00e9s en forte \u00e9paisseur. Ce produit s\u2019utilise principalement avec les enduits\u00a0torchis et\u00a0monocouche ARGILUS et uniquement \u00e0 l\u2019int\u00e9rieur de l\u2019habitat. TARIF VALABLE EN VENTE EN LIGNE UNIQUEMENT FRAIS DE TRANSPORT \u00c0 PR\u00c9VOIR. Le tarif pratiqu\u00e9 en magasin sur stock marchandise est diff\u00e9rent car il tient compte des co\u00fbts logistiques en vigueur.\",\"breadcrumb\":{\"@id\":\"https:\\\/\\\/nature-et-developpement.com\\\/logisain-78\\\/produit\\\/toile-de-jute-pour-renforcer-les-enduits-terre\\\/#breadcrumb\"},\"inLanguage\":\"fr-FR\",\"potentialAction\":[{\"@type\":\"ReadAction\",\"target\":[\"https:\\\/\\\/nature-et-developpement.com\\\/logisain-78\\\/produit\\\/toile-de-jute-pour-renforcer-les-enduits-terre\\\/\"]}]},{\"@type\":\"ImageObject\",\"inLanguage\":\"fr-FR\",\"@id\":\"https:\\\/\\\/nature-et-developpement.com\\\/logisain-78\\\/produit\\\/toile-de-jute-pour-renforcer-les-enduits-terre\\\/#primaryimage\",\"url\":\"https:\\\/\\\/nature-et-developpement.com\\\/logisain-78\\\/wp-content\\\/uploads\\\/Toile-de-Jute-pour-renforcer-les-enduits-terre-Argilus.jpg\",\"contentUrl\":\"https:\\\/\\\/nature-et-developpement.com\\\/logisain-78\\\/wp-content\\\/uploads\\\/Toile-de-Jute-pour-renforcer-les-enduits-terre-Argilus.jpg\"},{\"@type\":\"BreadcrumbList\",\"@id\":\"https:\\\/\\\/nature-et-developpement.com\\\/logisain-78\\\/produit\\\/toile-de-jute-pour-renforcer-les-enduits-terre\\\/#breadcrumb\",\"itemListElement\":[{\"@type\":\"ListItem\",\"position\":1,\"name\":\"Accueil\",\"item\":\"https:\\\/\\\/nature-et-developpement.com\\\/logisain-78\\\/\"},{\"@type\":\"ListItem\",\"position\":2,\"name\":\"Produits\",\"item\":\"https:\\\/\\\/nature-et-developpement.com\\\/logisain-78\\\/shop\\\/\"},{\"@type\":\"ListItem\",\"position\":3,\"name\":\"Construction, cloison et fen\u00eatres\",\"item\":\"https:\\\/\\\/nature-et-developpement.com\\\/logisain-78\\\/produits\\\/construction\\\/\"},{\"@type\":\"ListItem\",\"position\":4,\"name\":\"Accessoires construction\",\"item\":\"https:\\\/\\\/nature-et-developpement.com\\\/logisain-78\\\/produits\\\/construction\\\/accessoires-construction\\\/\"},{\"@type\":\"ListItem\",\"position\":5,\"name\":\"Toile de Jute pour renforcer les enduits terre Argilus\"}]},{\"@type\":\"WebSite\",\"@id\":\"https:\\\/\\\/nature-et-developpement.com\\\/logisain-78\\\/#website\",\"url\":\"https:\\\/\\\/nature-et-developpement.com\\\/logisain-78\\\/\",\"name\":\"LOGISAIN 78 \u2013 Magasin de mat\u00e9riaux biosourc\u00e9s\",\"description\":\"Logisain 78 est membre du groupement Nature &amp; D\u00e9veloppement\",\"publisher\":{\"@id\":\"https:\\\/\\\/nature-et-developpement.com\\\/logisain-78\\\/#organization\"},\"potentialAction\":[{\"@type\":\"SearchAction\",\"target\":{\"@type\":\"EntryPoint\",\"urlTemplate\":\"https:\\\/\\\/nature-et-developpement.com\\\/logisain-78\\\/?s={search_term_string}\"},\"query-input\":{\"@type\":\"PropertyValueSpecification\",\"valueRequired\":true,\"valueName\":\"search_term_string\"}}],\"inLanguage\":\"fr-FR\"},{\"@type\":\"Organization\",\"@id\":\"https:\\\/\\\/nature-et-developpement.com\\\/logisain-78\\\/#organization\",\"name\":\"Logisain 78\",\"url\":\"https:\\\/\\\/nature-et-developpement.com\\\/logisain-78\\\/\",\"logo\":{\"@type\":\"ImageObject\",\"inLanguage\":\"fr-FR\",\"@id\":\"https:\\\/\\\/nature-et-developpement.com\\\/logisain-78\\\/#\\\/schema\\\/logo\\\/image\\\/\",\"url\":\"https:\\\/\\\/nature-et-developpement.com\\\/logisain-78\\\/wp-content\\\/uploads\\\/sites\\\/5\\\/2021\\\/08\\\/logo-logisain.jpg\",\"contentUrl\":\"https:\\\/\\\/nature-et-developpement.com\\\/logisain-78\\\/wp-content\\\/uploads\\\/sites\\\/5\\\/2021\\\/08\\\/logo-logisain.jpg\",\"width\":672,\"height\":455,\"caption\":\"Logisain 78\"},\"image\":{\"@id\":\"https:\\\/\\\/nature-et-developpement.com\\\/logisain-78\\\/#\\\/schema\\\/logo\\\/image\\\/\"}}]}<\/script>\n<!-- \/ Yoast SEO plugin. -->","yoast_head_json":{"title":"Toile de Jute pour renforcer les enduits terre Argilus","description":"La TOILE DE JUTE va avoir un r\u00f4le d\u2019anti-fissuration dans les enduits appliqu\u00e9s en forte \u00e9paisseur. Ce produit s\u2019utilise principalement avec les enduits\u00a0torchis et\u00a0monocouche ARGILUS et uniquement \u00e0 l\u2019int\u00e9rieur de l\u2019habitat.  TARIF VALABLE EN VENTE EN LIGNE UNIQUEMENT FRAIS DE TRANSPORT \u00c0 PR\u00c9VOIR. Le tarif pratiqu\u00e9 en magasin sur stock marchandise est diff\u00e9rent car il tient compte des co\u00fbts logistiques en vigueur.","robots":{"index":"noindex","follow":"nofollow"},"og_locale":"fr_FR","og_type":"article","og_title":"Toile de Jute pour renforcer les enduits terre Argilus","og_description":"La TOILE DE JUTE va avoir un r\u00f4le d\u2019anti-fissuration dans les enduits appliqu\u00e9s en forte \u00e9paisseur. Ce produit s\u2019utilise principalement avec les enduits\u00a0torchis et\u00a0monocouche ARGILUS et uniquement \u00e0 l\u2019int\u00e9rieur de l\u2019habitat.  TARIF VALABLE EN VENTE EN LIGNE UNIQUEMENT FRAIS DE TRANSPORT \u00c0 PR\u00c9VOIR. Le tarif pratiqu\u00e9 en magasin sur stock marchandise est diff\u00e9rent car il tient compte des co\u00fbts logistiques en vigueur.","og_url":"https:\/\/nature-et-developpement.com\/logisain-78\/produit\/toile-de-jute-pour-renforcer-les-enduits-terre\/","og_site_name":"LOGISAIN 78 \u2013 Magasin de mat\u00e9riaux biosourc\u00e9s","article_modified_time":"2026-01-06T19:00:13+00:00","twitter_card":"summary_large_image","twitter_misc":{"Dur\u00e9e de lecture estim\u00e9e":"1 minute"},"schema":{"@context":"https:\/\/schema.org","@graph":[{"@type":"WebPage","@id":"https:\/\/nature-et-developpement.com\/logisain-78\/produit\/toile-de-jute-pour-renforcer-les-enduits-terre\/","url":"https:\/\/nature-et-developpement.com\/logisain-78\/produit\/toile-de-jute-pour-renforcer-les-enduits-terre\/","name":"Toile de Jute pour renforcer les enduits terre Argilus","isPartOf":{"@id":"https:\/\/nature-et-developpement.com\/logisain-78\/#website"},"primaryImageOfPage":{"@id":"https:\/\/nature-et-developpement.com\/logisain-78\/produit\/toile-de-jute-pour-renforcer-les-enduits-terre\/#primaryimage"},"image":{"@id":"https:\/\/nature-et-developpement.com\/logisain-78\/produit\/toile-de-jute-pour-renforcer-les-enduits-terre\/#primaryimage"},"thumbnailUrl":"https:\/\/nature-et-developpement.com\/logisain-78\/wp-content\/uploads\/Toile-de-Jute-pour-renforcer-les-enduits-terre-Argilus.jpg","datePublished":"2016-12-31T23:00:00+00:00","dateModified":"2026-01-06T19:00:13+00:00","description":"La TOILE DE JUTE va avoir un r\u00f4le d\u2019anti-fissuration dans les enduits appliqu\u00e9s en forte \u00e9paisseur. Ce produit s\u2019utilise principalement avec les enduits\u00a0torchis et\u00a0monocouche ARGILUS et uniquement \u00e0 l\u2019int\u00e9rieur de l\u2019habitat. TARIF VALABLE EN VENTE EN LIGNE UNIQUEMENT FRAIS DE TRANSPORT \u00c0 PR\u00c9VOIR. Le tarif pratiqu\u00e9 en magasin sur stock marchandise est diff\u00e9rent car il tient compte des co\u00fbts logistiques en vigueur.","breadcrumb":{"@id":"https:\/\/nature-et-developpement.com\/logisain-78\/produit\/toile-de-jute-pour-renforcer-les-enduits-terre\/#breadcrumb"},"inLanguage":"fr-FR","potentialAction":[{"@type":"ReadAction","target":["https:\/\/nature-et-developpement.com\/logisain-78\/produit\/toile-de-jute-pour-renforcer-les-enduits-terre\/"]}]},{"@type":"ImageObject","inLanguage":"fr-FR","@id":"https:\/\/nature-et-developpement.com\/logisain-78\/produit\/toile-de-jute-pour-renforcer-les-enduits-terre\/#primaryimage","url":"https:\/\/nature-et-developpement.com\/logisain-78\/wp-content\/uploads\/Toile-de-Jute-pour-renforcer-les-enduits-terre-Argilus.jpg","contentUrl":"https:\/\/nature-et-developpement.com\/logisain-78\/wp-content\/uploads\/Toile-de-Jute-pour-renforcer-les-enduits-terre-Argilus.jpg"},{"@type":"BreadcrumbList","@id":"https:\/\/nature-et-developpement.com\/logisain-78\/produit\/toile-de-jute-pour-renforcer-les-enduits-terre\/#breadcrumb","itemListElement":[{"@type":"ListItem","position":1,"name":"Accueil","item":"https:\/\/nature-et-developpement.com\/logisain-78\/"},{"@type":"ListItem","position":2,"name":"Produits","item":"https:\/\/nature-et-developpement.com\/logisain-78\/shop\/"},{"@type":"ListItem","position":3,"name":"Construction, cloison et fen\u00eatres","item":"https:\/\/nature-et-developpement.com\/logisain-78\/produits\/construction\/"},{"@type":"ListItem","position":4,"name":"Accessoires construction","item":"https:\/\/nature-et-developpement.com\/logisain-78\/produits\/construction\/accessoires-construction\/"},{"@type":"ListItem","position":5,"name":"Toile de Jute pour renforcer les enduits terre Argilus"}]},{"@type":"WebSite","@id":"https:\/\/nature-et-developpement.com\/logisain-78\/#website","url":"https:\/\/nature-et-developpement.com\/logisain-78\/","name":"LOGISAIN 78 \u2013 Magasin de mat\u00e9riaux biosourc\u00e9s","description":"Logisain 78 est membre du groupement Nature &amp; D\u00e9veloppement","publisher":{"@id":"https:\/\/nature-et-developpement.com\/logisain-78\/#organization"},"potentialAction":[{"@type":"SearchAction","target":{"@type":"EntryPoint","urlTemplate":"https:\/\/nature-et-developpement.com\/logisain-78\/?s={search_term_string}"},"query-input":{"@type":"PropertyValueSpecification","valueRequired":true,"valueName":"search_term_string"}}],"inLanguage":"fr-FR"},{"@type":"Organization","@id":"https:\/\/nature-et-developpement.com\/logisain-78\/#organization","name":"Logisain 78","url":"https:\/\/nature-et-developpement.com\/logisain-78\/","logo":{"@type":"ImageObject","inLanguage":"fr-FR","@id":"https:\/\/nature-et-developpement.com\/logisain-78\/#\/schema\/logo\/image\/","url":"https:\/\/nature-et-developpement.com\/logisain-78\/wp-content\/uploads\/sites\/5\/2021\/08\/logo-logisain.jpg","contentUrl":"https:\/\/nature-et-developpement.com\/logisain-78\/wp-content\/uploads\/sites\/5\/2021\/08\/logo-logisain.jpg","width":672,"height":455,"caption":"Logisain 78"},"image":{"@id":"https:\/\/nature-et-developpement.com\/logisain-78\/#\/schema\/logo\/image\/"}}]}},"distributor_meta":false,"distributor_terms":false,"distributor_media":false,"distributor_original_site_name":"LOGISAIN 78 \u2013 Magasin de mat\u00e9riaux biosourc\u00e9s","distributor_original_site_url":"https:\/\/nature-et-developpement.com\/logisain-78","push-errors":false,"_links":{"self":[{"href":"https:\/\/nature-et-developpement.com\/logisain-78\/wp-json\/wp\/v2\/product\/10450","targetHints":{"allow":["GET"]}}],"collection":[{"href":"https:\/\/nature-et-developpement.com\/logisain-78\/wp-json\/wp\/v2\/product"}],"about":[{"href":"https:\/\/nature-et-developpement.com\/logisain-78\/wp-json\/wp\/v2\/types\/product"}],"wp:featuredmedia":[{"embeddable":true,"href":"https:\/\/nature-et-developpement.com\/logisain-78\/wp-json\/"}],"wp:attachment":[{"href":"https:\/\/nature-et-developpement.com\/logisain-78\/wp-json\/wp\/v2\/media?parent=10450"}],"wp:term":[{"taxonomy":"product_brand","embeddable":true,"href":"https:\/\/nature-et-developpement.com\/logisain-78\/wp-json\/wp\/v2\/product_brand?post=10450"},{"taxonomy":"product_cat","embeddable":true,"href":"https:\/\/nature-et-developpement.com\/logisain-78\/wp-json\/wp\/v2\/product_cat?post=10450"},{"taxonomy":"product_tag","embeddable":true,"href":"https:\/\/nature-et-developpement.com\/logisain-78\/wp-json\/wp\/v2\/product_tag?post=10450"}],"curies":[{"name":"wp","href":"https:\/\/api.w.org\/{rel}","templated":true}]}}