{"id":10452,"date":"2017-01-01T00:00:00","date_gmt":"2016-12-31T23:00:00","guid":{"rendered":"https:\/\/nature-et-developpement.com\/logisain78\/produit\/support-denduit-natte-de-roseau\/"},"modified":"2026-01-06T20:05:13","modified_gmt":"2026-01-06T19:05:13","slug":"support-denduit-terre-natte-de-roseaux-argilus","status":"publish","type":"product","link":"https:\/\/nature-et-developpement.com\/logisain-78\/produit\/support-denduit-terre-natte-de-roseaux-argilus\/","title":{"rendered":"Support d&rsquo;enduit terre natte de roseaux Argilus"},"content":{"rendered":"<h2>Support pour enduit terre sur fibre de bois ou OSB<\/h2>\n<p>La natte de roseaux en rouleau est principalement utilis\u00e9e sur des supports qui pr\u00e9sentent des difficult\u00e9s d\u2019application d\u2019enduit \u00e0 l\u2019argile notamment les panneaux en fibres de bois type OSB.<\/p>\n<p>Ces nattes de roseaux sont g\u00e9n\u00e9ralement agraf\u00e9es avec des agrafes inoxydables sur le support concern\u00e9.<\/p>\n<p>La mise en place de ce produit est simple et n\u00e9cessitera l\u2019application de l\u2019enduit MONOCOUCHE ARGILUS en 2 passes (ou 1 passe de MONOCOUCHE et 1 passe de finition) afin d\u2019obtenir une surface parfaitement plane et r\u00e9guli\u00e8re.<\/p>\n<p>La natte de roseaux peut \u00eatre coup\u00e9e avec un s\u00e9cateur, y compris le fil de fer. Les cisailles et pinces coupantes sont inadapt\u00e9es.<\/p>\n<p>Les rouleaux entiers et non d\u00e9pli\u00e9s peuvent \u00eatre coup\u00e9s \u00e0 la scie circulaire. Les coupes de moins de 30 cm de largeur sont plus complexes.<\/p>\n<p>\u00c0 partir du bas, la natte de roseaux s\u2019accroche \u00e0 l\u2019aide d\u2019un fil galvanis\u00e9 de sorte \u00e0 plaquer les roseaux contre le support, au moyen de clous ou mieux avec des agrafes inoxydables.<\/p>\n<p>La dimension des agrafes doit \u00eatre de 25 mm minimum pour le rev\u00eatement des plafonds et des sous pentes, et de 16 mm minimum pour les murs.<\/p>\n","protected":false},"excerpt":{"rendered":"<p>Armature pour enduit en terre. A utiliser pour la r\u00e9alisation d\u2019enduit tr\u00e8s \u00e9pais ou sur support en bois type OSB.<\/p>\n<p>La natte de roseau s\u2019utilise comme support d\u2019enduit pour murs et plafonds pour les\u00a0enduits de finition\u00a0et les\u00a0enduits monocouche\u00a0ARGILUS<\/p>\n<p><strong><span style=\"color: #008000\">TARIF VALABLE EN VENTE EN LIGNE UNIQUEMENT<br \/>\nFRAIS DE TRANSPORT \u00c0 PR\u00c9VOIR.<\/span><\/strong><br \/>\n<strong><span style=\"color: #008000\"><em>Le tarif pratiqu\u00e9 en magasin sur stock marchandise est diff\u00e9rent<br \/>\ncar il tient compte des co\u00fbts logistiques en vigueur.<\/em><\/span><\/strong><\/p>\n","protected":false},"featured_media":1000000169352,"template":"","meta":[],"product_brand":[2821],"product_cat":[295,124,2904,206],"product_tag":[4282],"class_list":{"0":"post-10452","1":"product","2":"type-product","3":"status-publish","4":"has-post-thumbnail","6":"product_brand-argilus","7":"product_cat-accessoires-construction","8":"product_cat-accessoires-peinture-et-enduit","9":"product_cat-demande-de-devis-uniquement-avec-prix","10":"product_cat-preparation-du-support","11":"product_tag-argilus","12":"product_shipping_class-petit-equipement-outil-eclairage","14":"first","15":"instock","16":"taxable","17":"shipping-taxable","18":"purchasable","19":"product-type-simple"},"yoast_head":"<!-- This site is optimized with the Yoast SEO plugin v27.5 - https:\/\/yoast.com\/product\/yoast-seo-wordpress\/ -->\n<title>Support d&#039;enduit terre natte de roseaux Argilus<\/title>\n<meta name=\"description\" content=\"Armature pour enduit en terre. A utiliser pour la r\u00e9alisation d\u2019enduit tr\u00e8s \u00e9pais ou sur support en bois type OSB.  La natte de roseau s\u2019utilise comme support d\u2019enduit pour murs et plafonds pour les\u00a0enduits de finition\u00a0et les\u00a0enduits monocouche\u00a0ARGILUS  TARIF VALABLE EN VENTE EN LIGNE UNIQUEMENT FRAIS DE TRANSPORT \u00c0 PR\u00c9VOIR. Le tarif pratiqu\u00e9 en magasin sur stock marchandise est diff\u00e9rent car il tient compte des co\u00fbts logistiques en vigueur.\" \/>\n<meta name=\"robots\" content=\"noindex, nofollow\" \/>\n<meta property=\"og:locale\" content=\"fr_FR\" \/>\n<meta property=\"og:type\" content=\"article\" \/>\n<meta property=\"og:title\" content=\"Support d&#039;enduit terre natte de roseaux Argilus\" \/>\n<meta property=\"og:description\" content=\"Armature pour enduit en terre. A utiliser pour la r\u00e9alisation d\u2019enduit tr\u00e8s \u00e9pais ou sur support en bois type OSB.  La natte de roseau s\u2019utilise comme support d\u2019enduit pour murs et plafonds pour les\u00a0enduits de finition\u00a0et les\u00a0enduits monocouche\u00a0ARGILUS  TARIF VALABLE EN VENTE EN LIGNE UNIQUEMENT FRAIS DE TRANSPORT \u00c0 PR\u00c9VOIR. Le tarif pratiqu\u00e9 en magasin sur stock marchandise est diff\u00e9rent car il tient compte des co\u00fbts logistiques en vigueur.\" \/>\n<meta property=\"og:url\" content=\"https:\/\/nature-et-developpement.com\/logisain-78\/produit\/support-denduit-terre-natte-de-roseaux-argilus\/\" \/>\n<meta property=\"og:site_name\" content=\"LOGISAIN 78 \u2013 Magasin de mat\u00e9riaux biosourc\u00e9s\" \/>\n<meta property=\"article:modified_time\" content=\"2026-01-06T19:05:13+00:00\" \/>\n<meta name=\"twitter:card\" content=\"summary_large_image\" \/>\n<meta name=\"twitter:label1\" content=\"Dur\u00e9e de lecture estim\u00e9e\" \/>\n\t<meta name=\"twitter:data1\" content=\"2 minutes\" \/>\n<script type=\"application\/ld+json\" class=\"yoast-schema-graph\">{\"@context\":\"https:\\\/\\\/schema.org\",\"@graph\":[{\"@type\":\"WebPage\",\"@id\":\"https:\\\/\\\/nature-et-developpement.com\\\/logisain-78\\\/produit\\\/support-denduit-terre-natte-de-roseaux-argilus\\\/\",\"url\":\"https:\\\/\\\/nature-et-developpement.com\\\/logisain-78\\\/produit\\\/support-denduit-terre-natte-de-roseaux-argilus\\\/\",\"name\":\"Support d'enduit terre natte de roseaux Argilus\",\"isPartOf\":{\"@id\":\"https:\\\/\\\/nature-et-developpement.com\\\/logisain-78\\\/#website\"},\"primaryImageOfPage\":{\"@id\":\"https:\\\/\\\/nature-et-developpement.com\\\/logisain-78\\\/produit\\\/support-denduit-terre-natte-de-roseaux-argilus\\\/#primaryimage\"},\"image\":{\"@id\":\"https:\\\/\\\/nature-et-developpement.com\\\/logisain-78\\\/produit\\\/support-denduit-terre-natte-de-roseaux-argilus\\\/#primaryimage\"},\"thumbnailUrl\":\"https:\\\/\\\/nature-et-developpement.com\\\/logisain-78\\\/wp-content\\\/uploads\\\/Support-denduit-terre-natte-de-roseaux-Argilus.jpg\",\"datePublished\":\"2016-12-31T23:00:00+00:00\",\"dateModified\":\"2026-01-06T19:05:13+00:00\",\"description\":\"Armature pour enduit en terre. A utiliser pour la r\u00e9alisation d\u2019enduit tr\u00e8s \u00e9pais ou sur support en bois type OSB. La natte de roseau s\u2019utilise comme support d\u2019enduit pour murs et plafonds pour les\u00a0enduits de finition\u00a0et les\u00a0enduits monocouche\u00a0ARGILUS TARIF VALABLE EN VENTE EN LIGNE UNIQUEMENT FRAIS DE TRANSPORT \u00c0 PR\u00c9VOIR. Le tarif pratiqu\u00e9 en magasin sur stock marchandise est diff\u00e9rent car il tient compte des co\u00fbts logistiques en vigueur.\",\"breadcrumb\":{\"@id\":\"https:\\\/\\\/nature-et-developpement.com\\\/logisain-78\\\/produit\\\/support-denduit-terre-natte-de-roseaux-argilus\\\/#breadcrumb\"},\"inLanguage\":\"fr-FR\",\"potentialAction\":[{\"@type\":\"ReadAction\",\"target\":[\"https:\\\/\\\/nature-et-developpement.com\\\/logisain-78\\\/produit\\\/support-denduit-terre-natte-de-roseaux-argilus\\\/\"]}]},{\"@type\":\"ImageObject\",\"inLanguage\":\"fr-FR\",\"@id\":\"https:\\\/\\\/nature-et-developpement.com\\\/logisain-78\\\/produit\\\/support-denduit-terre-natte-de-roseaux-argilus\\\/#primaryimage\",\"url\":\"https:\\\/\\\/nature-et-developpement.com\\\/logisain-78\\\/wp-content\\\/uploads\\\/Support-denduit-terre-natte-de-roseaux-Argilus.jpg\",\"contentUrl\":\"https:\\\/\\\/nature-et-developpement.com\\\/logisain-78\\\/wp-content\\\/uploads\\\/Support-denduit-terre-natte-de-roseaux-Argilus.jpg\"},{\"@type\":\"BreadcrumbList\",\"@id\":\"https:\\\/\\\/nature-et-developpement.com\\\/logisain-78\\\/produit\\\/support-denduit-terre-natte-de-roseaux-argilus\\\/#breadcrumb\",\"itemListElement\":[{\"@type\":\"ListItem\",\"position\":1,\"name\":\"Accueil\",\"item\":\"https:\\\/\\\/nature-et-developpement.com\\\/logisain-78\\\/\"},{\"@type\":\"ListItem\",\"position\":2,\"name\":\"Produits\",\"item\":\"https:\\\/\\\/nature-et-developpement.com\\\/logisain-78\\\/shop\\\/\"},{\"@type\":\"ListItem\",\"position\":3,\"name\":\"Construction, cloison et fen\u00eatres\",\"item\":\"https:\\\/\\\/nature-et-developpement.com\\\/logisain-78\\\/produits\\\/construction\\\/\"},{\"@type\":\"ListItem\",\"position\":4,\"name\":\"Accessoires construction\",\"item\":\"https:\\\/\\\/nature-et-developpement.com\\\/logisain-78\\\/produits\\\/construction\\\/accessoires-construction\\\/\"},{\"@type\":\"ListItem\",\"position\":5,\"name\":\"Support d&rsquo;enduit terre natte de roseaux Argilus\"}]},{\"@type\":\"WebSite\",\"@id\":\"https:\\\/\\\/nature-et-developpement.com\\\/logisain-78\\\/#website\",\"url\":\"https:\\\/\\\/nature-et-developpement.com\\\/logisain-78\\\/\",\"name\":\"LOGISAIN 78 \u2013 Magasin de mat\u00e9riaux biosourc\u00e9s\",\"description\":\"Logisain 78 est membre du groupement Nature &amp; D\u00e9veloppement\",\"publisher\":{\"@id\":\"https:\\\/\\\/nature-et-developpement.com\\\/logisain-78\\\/#organization\"},\"potentialAction\":[{\"@type\":\"SearchAction\",\"target\":{\"@type\":\"EntryPoint\",\"urlTemplate\":\"https:\\\/\\\/nature-et-developpement.com\\\/logisain-78\\\/?s={search_term_string}\"},\"query-input\":{\"@type\":\"PropertyValueSpecification\",\"valueRequired\":true,\"valueName\":\"search_term_string\"}}],\"inLanguage\":\"fr-FR\"},{\"@type\":\"Organization\",\"@id\":\"https:\\\/\\\/nature-et-developpement.com\\\/logisain-78\\\/#organization\",\"name\":\"Logisain 78\",\"url\":\"https:\\\/\\\/nature-et-developpement.com\\\/logisain-78\\\/\",\"logo\":{\"@type\":\"ImageObject\",\"inLanguage\":\"fr-FR\",\"@id\":\"https:\\\/\\\/nature-et-developpement.com\\\/logisain-78\\\/#\\\/schema\\\/logo\\\/image\\\/\",\"url\":\"https:\\\/\\\/nature-et-developpement.com\\\/logisain-78\\\/wp-content\\\/uploads\\\/sites\\\/5\\\/2021\\\/08\\\/logo-logisain.jpg\",\"contentUrl\":\"https:\\\/\\\/nature-et-developpement.com\\\/logisain-78\\\/wp-content\\\/uploads\\\/sites\\\/5\\\/2021\\\/08\\\/logo-logisain.jpg\",\"width\":672,\"height\":455,\"caption\":\"Logisain 78\"},\"image\":{\"@id\":\"https:\\\/\\\/nature-et-developpement.com\\\/logisain-78\\\/#\\\/schema\\\/logo\\\/image\\\/\"}}]}<\/script>\n<!-- \/ Yoast SEO plugin. -->","yoast_head_json":{"title":"Support d'enduit terre natte de roseaux Argilus","description":"Armature pour enduit en terre. A utiliser pour la r\u00e9alisation d\u2019enduit tr\u00e8s \u00e9pais ou sur support en bois type OSB.  La natte de roseau s\u2019utilise comme support d\u2019enduit pour murs et plafonds pour les\u00a0enduits de finition\u00a0et les\u00a0enduits monocouche\u00a0ARGILUS  TARIF VALABLE EN VENTE EN LIGNE UNIQUEMENT FRAIS DE TRANSPORT \u00c0 PR\u00c9VOIR. Le tarif pratiqu\u00e9 en magasin sur stock marchandise est diff\u00e9rent car il tient compte des co\u00fbts logistiques en vigueur.","robots":{"index":"noindex","follow":"nofollow"},"og_locale":"fr_FR","og_type":"article","og_title":"Support d'enduit terre natte de roseaux Argilus","og_description":"Armature pour enduit en terre. A utiliser pour la r\u00e9alisation d\u2019enduit tr\u00e8s \u00e9pais ou sur support en bois type OSB.  La natte de roseau s\u2019utilise comme support d\u2019enduit pour murs et plafonds pour les\u00a0enduits de finition\u00a0et les\u00a0enduits monocouche\u00a0ARGILUS  TARIF VALABLE EN VENTE EN LIGNE UNIQUEMENT FRAIS DE TRANSPORT \u00c0 PR\u00c9VOIR. Le tarif pratiqu\u00e9 en magasin sur stock marchandise est diff\u00e9rent car il tient compte des co\u00fbts logistiques en vigueur.","og_url":"https:\/\/nature-et-developpement.com\/logisain-78\/produit\/support-denduit-terre-natte-de-roseaux-argilus\/","og_site_name":"LOGISAIN 78 \u2013 Magasin de mat\u00e9riaux biosourc\u00e9s","article_modified_time":"2026-01-06T19:05:13+00:00","twitter_card":"summary_large_image","twitter_misc":{"Dur\u00e9e de lecture estim\u00e9e":"2 minutes"},"schema":{"@context":"https:\/\/schema.org","@graph":[{"@type":"WebPage","@id":"https:\/\/nature-et-developpement.com\/logisain-78\/produit\/support-denduit-terre-natte-de-roseaux-argilus\/","url":"https:\/\/nature-et-developpement.com\/logisain-78\/produit\/support-denduit-terre-natte-de-roseaux-argilus\/","name":"Support d'enduit terre natte de roseaux Argilus","isPartOf":{"@id":"https:\/\/nature-et-developpement.com\/logisain-78\/#website"},"primaryImageOfPage":{"@id":"https:\/\/nature-et-developpement.com\/logisain-78\/produit\/support-denduit-terre-natte-de-roseaux-argilus\/#primaryimage"},"image":{"@id":"https:\/\/nature-et-developpement.com\/logisain-78\/produit\/support-denduit-terre-natte-de-roseaux-argilus\/#primaryimage"},"thumbnailUrl":"https:\/\/nature-et-developpement.com\/logisain-78\/wp-content\/uploads\/Support-denduit-terre-natte-de-roseaux-Argilus.jpg","datePublished":"2016-12-31T23:00:00+00:00","dateModified":"2026-01-06T19:05:13+00:00","description":"Armature pour enduit en terre. A utiliser pour la r\u00e9alisation d\u2019enduit tr\u00e8s \u00e9pais ou sur support en bois type OSB. La natte de roseau s\u2019utilise comme support d\u2019enduit pour murs et plafonds pour les\u00a0enduits de finition\u00a0et les\u00a0enduits monocouche\u00a0ARGILUS TARIF VALABLE EN VENTE EN LIGNE UNIQUEMENT FRAIS DE TRANSPORT \u00c0 PR\u00c9VOIR. Le tarif pratiqu\u00e9 en magasin sur stock marchandise est diff\u00e9rent car il tient compte des co\u00fbts logistiques en vigueur.","breadcrumb":{"@id":"https:\/\/nature-et-developpement.com\/logisain-78\/produit\/support-denduit-terre-natte-de-roseaux-argilus\/#breadcrumb"},"inLanguage":"fr-FR","potentialAction":[{"@type":"ReadAction","target":["https:\/\/nature-et-developpement.com\/logisain-78\/produit\/support-denduit-terre-natte-de-roseaux-argilus\/"]}]},{"@type":"ImageObject","inLanguage":"fr-FR","@id":"https:\/\/nature-et-developpement.com\/logisain-78\/produit\/support-denduit-terre-natte-de-roseaux-argilus\/#primaryimage","url":"https:\/\/nature-et-developpement.com\/logisain-78\/wp-content\/uploads\/Support-denduit-terre-natte-de-roseaux-Argilus.jpg","contentUrl":"https:\/\/nature-et-developpement.com\/logisain-78\/wp-content\/uploads\/Support-denduit-terre-natte-de-roseaux-Argilus.jpg"},{"@type":"BreadcrumbList","@id":"https:\/\/nature-et-developpement.com\/logisain-78\/produit\/support-denduit-terre-natte-de-roseaux-argilus\/#breadcrumb","itemListElement":[{"@type":"ListItem","position":1,"name":"Accueil","item":"https:\/\/nature-et-developpement.com\/logisain-78\/"},{"@type":"ListItem","position":2,"name":"Produits","item":"https:\/\/nature-et-developpement.com\/logisain-78\/shop\/"},{"@type":"ListItem","position":3,"name":"Construction, cloison et fen\u00eatres","item":"https:\/\/nature-et-developpement.com\/logisain-78\/produits\/construction\/"},{"@type":"ListItem","position":4,"name":"Accessoires construction","item":"https:\/\/nature-et-developpement.com\/logisain-78\/produits\/construction\/accessoires-construction\/"},{"@type":"ListItem","position":5,"name":"Support d&rsquo;enduit terre natte de roseaux Argilus"}]},{"@type":"WebSite","@id":"https:\/\/nature-et-developpement.com\/logisain-78\/#website","url":"https:\/\/nature-et-developpement.com\/logisain-78\/","name":"LOGISAIN 78 \u2013 Magasin de mat\u00e9riaux biosourc\u00e9s","description":"Logisain 78 est membre du groupement Nature &amp; D\u00e9veloppement","publisher":{"@id":"https:\/\/nature-et-developpement.com\/logisain-78\/#organization"},"potentialAction":[{"@type":"SearchAction","target":{"@type":"EntryPoint","urlTemplate":"https:\/\/nature-et-developpement.com\/logisain-78\/?s={search_term_string}"},"query-input":{"@type":"PropertyValueSpecification","valueRequired":true,"valueName":"search_term_string"}}],"inLanguage":"fr-FR"},{"@type":"Organization","@id":"https:\/\/nature-et-developpement.com\/logisain-78\/#organization","name":"Logisain 78","url":"https:\/\/nature-et-developpement.com\/logisain-78\/","logo":{"@type":"ImageObject","inLanguage":"fr-FR","@id":"https:\/\/nature-et-developpement.com\/logisain-78\/#\/schema\/logo\/image\/","url":"https:\/\/nature-et-developpement.com\/logisain-78\/wp-content\/uploads\/sites\/5\/2021\/08\/logo-logisain.jpg","contentUrl":"https:\/\/nature-et-developpement.com\/logisain-78\/wp-content\/uploads\/sites\/5\/2021\/08\/logo-logisain.jpg","width":672,"height":455,"caption":"Logisain 78"},"image":{"@id":"https:\/\/nature-et-developpement.com\/logisain-78\/#\/schema\/logo\/image\/"}}]}},"distributor_meta":false,"distributor_terms":false,"distributor_media":false,"distributor_original_site_name":"LOGISAIN 78 \u2013 Magasin de mat\u00e9riaux biosourc\u00e9s","distributor_original_site_url":"https:\/\/nature-et-developpement.com\/logisain-78","push-errors":false,"_links":{"self":[{"href":"https:\/\/nature-et-developpement.com\/logisain-78\/wp-json\/wp\/v2\/product\/10452","targetHints":{"allow":["GET"]}}],"collection":[{"href":"https:\/\/nature-et-developpement.com\/logisain-78\/wp-json\/wp\/v2\/product"}],"about":[{"href":"https:\/\/nature-et-developpement.com\/logisain-78\/wp-json\/wp\/v2\/types\/product"}],"wp:featuredmedia":[{"embeddable":true,"href":"https:\/\/nature-et-developpement.com\/logisain-78\/wp-json\/"}],"wp:attachment":[{"href":"https:\/\/nature-et-developpement.com\/logisain-78\/wp-json\/wp\/v2\/media?parent=10452"}],"wp:term":[{"taxonomy":"product_brand","embeddable":true,"href":"https:\/\/nature-et-developpement.com\/logisain-78\/wp-json\/wp\/v2\/product_brand?post=10452"},{"taxonomy":"product_cat","embeddable":true,"href":"https:\/\/nature-et-developpement.com\/logisain-78\/wp-json\/wp\/v2\/product_cat?post=10452"},{"taxonomy":"product_tag","embeddable":true,"href":"https:\/\/nature-et-developpement.com\/logisain-78\/wp-json\/wp\/v2\/product_tag?post=10452"}],"curies":[{"name":"wp","href":"https:\/\/api.w.org\/{rel}","templated":true}]}}