{"id":10607,"date":"2017-01-01T00:00:00","date_gmt":"2016-12-31T23:00:00","guid":{"rendered":"https:\/\/nature-et-developpement.com\/logisain78\/produit\/charge-minerale-ou-vegetale-gamme-deco-pour-enduits-argilus\/"},"modified":"2026-01-27T11:30:18","modified_gmt":"2026-01-27T10:30:18","slug":"charge-minerale-ou-vegetale-gamme-deco-pour-enduits-argilus","status":"publish","type":"product","link":"https:\/\/nature-et-developpement.com\/logisain-78\/produit\/charge-minerale-ou-vegetale-gamme-deco-pour-enduits-argilus\/","title":{"rendered":"Charge min\u00e9rale ou v\u00e9g\u00e9tale Gamme D\u00e9co pour enduits Argilus"},"content":{"rendered":"<h2>Pour sublimer vos enduits<\/h2>\n<p>L\u2019enduit de finition s\u2019applique en une seule couche de 3 ou 4 mm d\u2019\u00e9paisseur maximum. Il est compos\u00e9 d\u2019argile, de sables extra-fin, et d\u2019ocres naturels pour certaines couleurs.<\/p>\n<p>L\u2019enduit de finition est parfait afin d\u2019obtenir une finition soign\u00e9e et extra-fine.<\/p>\n<p>Des charges min\u00e9rales ou v\u00e9g\u00e9tales sont disponibles en sachet (\u00e0 rajouter au sac) pour avoir un rendu final diff\u00e9rent.<\/p>\n","protected":false},"excerpt":{"rendered":"<p>Charges min\u00e9rales ou v\u00e9g\u00e9tales disponibles en sachet (\u00e0 rajouter aux sacs de 25Kg) pour avoir un rendu final diff\u00e9rent.<\/p>\n","protected":false},"featured_media":1000000169293,"template":"","meta":[],"product_brand":[2821],"product_cat":[124,472,2904,473,225],"product_tag":[4282],"class_list":{"0":"post-10607","1":"product","2":"type-product","3":"status-publish","4":"has-post-thumbnail","6":"product_brand-argilus","7":"product_cat-accessoires-peinture-et-enduit","8":"product_cat-adjuvants","9":"product_cat-demande-de-devis-uniquement-avec-prix","10":"product_cat-droguerie","11":"product_cat-enduits-naturels","12":"product_tag-argilus","13":"product_shipping_class-sac-de-25kg","15":"first","16":"instock","17":"taxable","18":"shipping-taxable","19":"purchasable","20":"product-type-variable"},"yoast_head":"<!-- This site is optimized with the Yoast SEO plugin v27.5 - https:\/\/yoast.com\/product\/yoast-seo-wordpress\/ -->\n<title>Charge min\u00e9rale ou v\u00e9g\u00e9tale Gamme D\u00e9co pour enduits Argilus<\/title>\n<meta name=\"description\" content=\"Charges min\u00e9rales ou v\u00e9g\u00e9tales disponibles en sachet (\u00e0 rajouter aux sacs de 25Kg) pour avoir un rendu final diff\u00e9rent.\" \/>\n<meta name=\"robots\" content=\"noindex, nofollow\" \/>\n<meta property=\"og:locale\" content=\"fr_FR\" \/>\n<meta property=\"og:type\" content=\"article\" \/>\n<meta property=\"og:title\" content=\"Charge min\u00e9rale ou v\u00e9g\u00e9tale Gamme D\u00e9co pour enduits Argilus\" \/>\n<meta property=\"og:description\" content=\"Charges min\u00e9rales ou v\u00e9g\u00e9tales disponibles en sachet (\u00e0 rajouter aux sacs de 25Kg) pour avoir un rendu final diff\u00e9rent.\" \/>\n<meta property=\"og:url\" content=\"https:\/\/nature-et-developpement.com\/logisain-78\/produit\/charge-minerale-ou-vegetale-gamme-deco-pour-enduits-argilus\/\" \/>\n<meta property=\"og:site_name\" content=\"LOGISAIN 78 \u2013 Magasin de mat\u00e9riaux biosourc\u00e9s\" \/>\n<meta property=\"article:modified_time\" content=\"2026-01-27T10:30:18+00:00\" \/>\n<meta name=\"twitter:card\" content=\"summary_large_image\" \/>\n<meta name=\"twitter:label1\" content=\"Dur\u00e9e de lecture estim\u00e9e\" \/>\n\t<meta name=\"twitter:data1\" content=\"1 minute\" \/>\n<script type=\"application\/ld+json\" class=\"yoast-schema-graph\">{\"@context\":\"https:\\\/\\\/schema.org\",\"@graph\":[{\"@type\":\"WebPage\",\"@id\":\"https:\\\/\\\/nature-et-developpement.com\\\/logisain-78\\\/produit\\\/charge-minerale-ou-vegetale-gamme-deco-pour-enduits-argilus\\\/\",\"url\":\"https:\\\/\\\/nature-et-developpement.com\\\/logisain-78\\\/produit\\\/charge-minerale-ou-vegetale-gamme-deco-pour-enduits-argilus\\\/\",\"name\":\"Charge min\u00e9rale ou v\u00e9g\u00e9tale Gamme D\u00e9co pour enduits Argilus\",\"isPartOf\":{\"@id\":\"https:\\\/\\\/nature-et-developpement.com\\\/logisain-78\\\/#website\"},\"primaryImageOfPage\":{\"@id\":\"https:\\\/\\\/nature-et-developpement.com\\\/logisain-78\\\/produit\\\/charge-minerale-ou-vegetale-gamme-deco-pour-enduits-argilus\\\/#primaryimage\"},\"image\":{\"@id\":\"https:\\\/\\\/nature-et-developpement.com\\\/logisain-78\\\/produit\\\/charge-minerale-ou-vegetale-gamme-deco-pour-enduits-argilus\\\/#primaryimage\"},\"thumbnailUrl\":\"https:\\\/\\\/nature-et-developpement.com\\\/logisain-78\\\/wp-content\\\/uploads\\\/Charge-vegetale-paillette-de-Lin-Gamme-Deco-pour-enduits-Argilus.jpg\",\"datePublished\":\"2016-12-31T23:00:00+00:00\",\"dateModified\":\"2026-01-27T10:30:18+00:00\",\"description\":\"Charges min\u00e9rales ou v\u00e9g\u00e9tales disponibles en sachet (\u00e0 rajouter aux sacs de 25Kg) pour avoir un rendu final diff\u00e9rent.\",\"breadcrumb\":{\"@id\":\"https:\\\/\\\/nature-et-developpement.com\\\/logisain-78\\\/produit\\\/charge-minerale-ou-vegetale-gamme-deco-pour-enduits-argilus\\\/#breadcrumb\"},\"inLanguage\":\"fr-FR\",\"potentialAction\":[{\"@type\":\"ReadAction\",\"target\":[\"https:\\\/\\\/nature-et-developpement.com\\\/logisain-78\\\/produit\\\/charge-minerale-ou-vegetale-gamme-deco-pour-enduits-argilus\\\/\"]}]},{\"@type\":\"ImageObject\",\"inLanguage\":\"fr-FR\",\"@id\":\"https:\\\/\\\/nature-et-developpement.com\\\/logisain-78\\\/produit\\\/charge-minerale-ou-vegetale-gamme-deco-pour-enduits-argilus\\\/#primaryimage\",\"url\":\"https:\\\/\\\/nature-et-developpement.com\\\/logisain-78\\\/wp-content\\\/uploads\\\/Charge-vegetale-paillette-de-Lin-Gamme-Deco-pour-enduits-Argilus.jpg\",\"contentUrl\":\"https:\\\/\\\/nature-et-developpement.com\\\/logisain-78\\\/wp-content\\\/uploads\\\/Charge-vegetale-paillette-de-Lin-Gamme-Deco-pour-enduits-Argilus.jpg\"},{\"@type\":\"BreadcrumbList\",\"@id\":\"https:\\\/\\\/nature-et-developpement.com\\\/logisain-78\\\/produit\\\/charge-minerale-ou-vegetale-gamme-deco-pour-enduits-argilus\\\/#breadcrumb\",\"itemListElement\":[{\"@type\":\"ListItem\",\"position\":1,\"name\":\"Accueil\",\"item\":\"https:\\\/\\\/nature-et-developpement.com\\\/logisain-78\\\/\"},{\"@type\":\"ListItem\",\"position\":2,\"name\":\"Produits\",\"item\":\"https:\\\/\\\/nature-et-developpement.com\\\/logisain-78\\\/shop\\\/\"},{\"@type\":\"ListItem\",\"position\":3,\"name\":\"Peinture, pigment et enduit\",\"item\":\"https:\\\/\\\/nature-et-developpement.com\\\/logisain-78\\\/produits\\\/peinture-et-enduit\\\/\"},{\"@type\":\"ListItem\",\"position\":4,\"name\":\"Enduits naturels\",\"item\":\"https:\\\/\\\/nature-et-developpement.com\\\/logisain-78\\\/produits\\\/peinture-et-enduit\\\/enduits-naturels\\\/\"},{\"@type\":\"ListItem\",\"position\":5,\"name\":\"Charge min\u00e9rale ou v\u00e9g\u00e9tale Gamme D\u00e9co pour enduits Argilus\"}]},{\"@type\":\"WebSite\",\"@id\":\"https:\\\/\\\/nature-et-developpement.com\\\/logisain-78\\\/#website\",\"url\":\"https:\\\/\\\/nature-et-developpement.com\\\/logisain-78\\\/\",\"name\":\"LOGISAIN 78 \u2013 Magasin de mat\u00e9riaux biosourc\u00e9s\",\"description\":\"Logisain 78 est membre du groupement Nature &amp; D\u00e9veloppement\",\"publisher\":{\"@id\":\"https:\\\/\\\/nature-et-developpement.com\\\/logisain-78\\\/#organization\"},\"potentialAction\":[{\"@type\":\"SearchAction\",\"target\":{\"@type\":\"EntryPoint\",\"urlTemplate\":\"https:\\\/\\\/nature-et-developpement.com\\\/logisain-78\\\/?s={search_term_string}\"},\"query-input\":{\"@type\":\"PropertyValueSpecification\",\"valueRequired\":true,\"valueName\":\"search_term_string\"}}],\"inLanguage\":\"fr-FR\"},{\"@type\":\"Organization\",\"@id\":\"https:\\\/\\\/nature-et-developpement.com\\\/logisain-78\\\/#organization\",\"name\":\"Logisain 78\",\"url\":\"https:\\\/\\\/nature-et-developpement.com\\\/logisain-78\\\/\",\"logo\":{\"@type\":\"ImageObject\",\"inLanguage\":\"fr-FR\",\"@id\":\"https:\\\/\\\/nature-et-developpement.com\\\/logisain-78\\\/#\\\/schema\\\/logo\\\/image\\\/\",\"url\":\"https:\\\/\\\/nature-et-developpement.com\\\/logisain-78\\\/wp-content\\\/uploads\\\/sites\\\/5\\\/2021\\\/08\\\/logo-logisain.jpg\",\"contentUrl\":\"https:\\\/\\\/nature-et-developpement.com\\\/logisain-78\\\/wp-content\\\/uploads\\\/sites\\\/5\\\/2021\\\/08\\\/logo-logisain.jpg\",\"width\":672,\"height\":455,\"caption\":\"Logisain 78\"},\"image\":{\"@id\":\"https:\\\/\\\/nature-et-developpement.com\\\/logisain-78\\\/#\\\/schema\\\/logo\\\/image\\\/\"}}]}<\/script>\n<!-- \/ Yoast SEO plugin. -->","yoast_head_json":{"title":"Charge min\u00e9rale ou v\u00e9g\u00e9tale Gamme D\u00e9co pour enduits Argilus","description":"Charges min\u00e9rales ou v\u00e9g\u00e9tales disponibles en sachet (\u00e0 rajouter aux sacs de 25Kg) pour avoir un rendu final diff\u00e9rent.","robots":{"index":"noindex","follow":"nofollow"},"og_locale":"fr_FR","og_type":"article","og_title":"Charge min\u00e9rale ou v\u00e9g\u00e9tale Gamme D\u00e9co pour enduits Argilus","og_description":"Charges min\u00e9rales ou v\u00e9g\u00e9tales disponibles en sachet (\u00e0 rajouter aux sacs de 25Kg) pour avoir un rendu final diff\u00e9rent.","og_url":"https:\/\/nature-et-developpement.com\/logisain-78\/produit\/charge-minerale-ou-vegetale-gamme-deco-pour-enduits-argilus\/","og_site_name":"LOGISAIN 78 \u2013 Magasin de mat\u00e9riaux biosourc\u00e9s","article_modified_time":"2026-01-27T10:30:18+00:00","twitter_card":"summary_large_image","twitter_misc":{"Dur\u00e9e de lecture estim\u00e9e":"1 minute"},"schema":{"@context":"https:\/\/schema.org","@graph":[{"@type":"WebPage","@id":"https:\/\/nature-et-developpement.com\/logisain-78\/produit\/charge-minerale-ou-vegetale-gamme-deco-pour-enduits-argilus\/","url":"https:\/\/nature-et-developpement.com\/logisain-78\/produit\/charge-minerale-ou-vegetale-gamme-deco-pour-enduits-argilus\/","name":"Charge min\u00e9rale ou v\u00e9g\u00e9tale Gamme D\u00e9co pour enduits Argilus","isPartOf":{"@id":"https:\/\/nature-et-developpement.com\/logisain-78\/#website"},"primaryImageOfPage":{"@id":"https:\/\/nature-et-developpement.com\/logisain-78\/produit\/charge-minerale-ou-vegetale-gamme-deco-pour-enduits-argilus\/#primaryimage"},"image":{"@id":"https:\/\/nature-et-developpement.com\/logisain-78\/produit\/charge-minerale-ou-vegetale-gamme-deco-pour-enduits-argilus\/#primaryimage"},"thumbnailUrl":"https:\/\/nature-et-developpement.com\/logisain-78\/wp-content\/uploads\/Charge-vegetale-paillette-de-Lin-Gamme-Deco-pour-enduits-Argilus.jpg","datePublished":"2016-12-31T23:00:00+00:00","dateModified":"2026-01-27T10:30:18+00:00","description":"Charges min\u00e9rales ou v\u00e9g\u00e9tales disponibles en sachet (\u00e0 rajouter aux sacs de 25Kg) pour avoir un rendu final diff\u00e9rent.","breadcrumb":{"@id":"https:\/\/nature-et-developpement.com\/logisain-78\/produit\/charge-minerale-ou-vegetale-gamme-deco-pour-enduits-argilus\/#breadcrumb"},"inLanguage":"fr-FR","potentialAction":[{"@type":"ReadAction","target":["https:\/\/nature-et-developpement.com\/logisain-78\/produit\/charge-minerale-ou-vegetale-gamme-deco-pour-enduits-argilus\/"]}]},{"@type":"ImageObject","inLanguage":"fr-FR","@id":"https:\/\/nature-et-developpement.com\/logisain-78\/produit\/charge-minerale-ou-vegetale-gamme-deco-pour-enduits-argilus\/#primaryimage","url":"https:\/\/nature-et-developpement.com\/logisain-78\/wp-content\/uploads\/Charge-vegetale-paillette-de-Lin-Gamme-Deco-pour-enduits-Argilus.jpg","contentUrl":"https:\/\/nature-et-developpement.com\/logisain-78\/wp-content\/uploads\/Charge-vegetale-paillette-de-Lin-Gamme-Deco-pour-enduits-Argilus.jpg"},{"@type":"BreadcrumbList","@id":"https:\/\/nature-et-developpement.com\/logisain-78\/produit\/charge-minerale-ou-vegetale-gamme-deco-pour-enduits-argilus\/#breadcrumb","itemListElement":[{"@type":"ListItem","position":1,"name":"Accueil","item":"https:\/\/nature-et-developpement.com\/logisain-78\/"},{"@type":"ListItem","position":2,"name":"Produits","item":"https:\/\/nature-et-developpement.com\/logisain-78\/shop\/"},{"@type":"ListItem","position":3,"name":"Peinture, pigment et enduit","item":"https:\/\/nature-et-developpement.com\/logisain-78\/produits\/peinture-et-enduit\/"},{"@type":"ListItem","position":4,"name":"Enduits naturels","item":"https:\/\/nature-et-developpement.com\/logisain-78\/produits\/peinture-et-enduit\/enduits-naturels\/"},{"@type":"ListItem","position":5,"name":"Charge min\u00e9rale ou v\u00e9g\u00e9tale Gamme D\u00e9co pour enduits Argilus"}]},{"@type":"WebSite","@id":"https:\/\/nature-et-developpement.com\/logisain-78\/#website","url":"https:\/\/nature-et-developpement.com\/logisain-78\/","name":"LOGISAIN 78 \u2013 Magasin de mat\u00e9riaux biosourc\u00e9s","description":"Logisain 78 est membre du groupement Nature &amp; D\u00e9veloppement","publisher":{"@id":"https:\/\/nature-et-developpement.com\/logisain-78\/#organization"},"potentialAction":[{"@type":"SearchAction","target":{"@type":"EntryPoint","urlTemplate":"https:\/\/nature-et-developpement.com\/logisain-78\/?s={search_term_string}"},"query-input":{"@type":"PropertyValueSpecification","valueRequired":true,"valueName":"search_term_string"}}],"inLanguage":"fr-FR"},{"@type":"Organization","@id":"https:\/\/nature-et-developpement.com\/logisain-78\/#organization","name":"Logisain 78","url":"https:\/\/nature-et-developpement.com\/logisain-78\/","logo":{"@type":"ImageObject","inLanguage":"fr-FR","@id":"https:\/\/nature-et-developpement.com\/logisain-78\/#\/schema\/logo\/image\/","url":"https:\/\/nature-et-developpement.com\/logisain-78\/wp-content\/uploads\/sites\/5\/2021\/08\/logo-logisain.jpg","contentUrl":"https:\/\/nature-et-developpement.com\/logisain-78\/wp-content\/uploads\/sites\/5\/2021\/08\/logo-logisain.jpg","width":672,"height":455,"caption":"Logisain 78"},"image":{"@id":"https:\/\/nature-et-developpement.com\/logisain-78\/#\/schema\/logo\/image\/"}}]}},"distributor_meta":false,"distributor_terms":false,"distributor_media":false,"distributor_original_site_name":"LOGISAIN 78 \u2013 Magasin de mat\u00e9riaux biosourc\u00e9s","distributor_original_site_url":"https:\/\/nature-et-developpement.com\/logisain-78","push-errors":false,"_links":{"self":[{"href":"https:\/\/nature-et-developpement.com\/logisain-78\/wp-json\/wp\/v2\/product\/10607","targetHints":{"allow":["GET"]}}],"collection":[{"href":"https:\/\/nature-et-developpement.com\/logisain-78\/wp-json\/wp\/v2\/product"}],"about":[{"href":"https:\/\/nature-et-developpement.com\/logisain-78\/wp-json\/wp\/v2\/types\/product"}],"wp:featuredmedia":[{"embeddable":true,"href":"https:\/\/nature-et-developpement.com\/logisain-78\/wp-json\/"}],"wp:attachment":[{"href":"https:\/\/nature-et-developpement.com\/logisain-78\/wp-json\/wp\/v2\/media?parent=10607"}],"wp:term":[{"taxonomy":"product_brand","embeddable":true,"href":"https:\/\/nature-et-developpement.com\/logisain-78\/wp-json\/wp\/v2\/product_brand?post=10607"},{"taxonomy":"product_cat","embeddable":true,"href":"https:\/\/nature-et-developpement.com\/logisain-78\/wp-json\/wp\/v2\/product_cat?post=10607"},{"taxonomy":"product_tag","embeddable":true,"href":"https:\/\/nature-et-developpement.com\/logisain-78\/wp-json\/wp\/v2\/product_tag?post=10607"}],"curies":[{"name":"wp","href":"https:\/\/api.w.org\/{rel}","templated":true}]}}